{"id":11641,"date":"2024-07-23T11:35:26","date_gmt":"2024-07-23T08:35:26","guid":{"rendered":"https:\/\/www.pioneer-cbh.com\/covid-srodki\/"},"modified":"2024-09-18T14:16:23","modified_gmt":"2024-09-18T11:16:23","slug":"covid-srodki","status":"publish","type":"page","link":"https:\/\/www.pioneer-cbh.com\/pl\/covid-srodki\/","title":{"rendered":"\u015arodki Covid"},"content":{"rendered":"<h1 class=\"entry-title title-size font-regular text-center my-5\">Protok\u00f3\u0142 Covid-19<\/h1>\n","protected":false},"excerpt":{"rendered":"<p>Protok\u00f3\u0142 Covid-19<\/p>\n","protected":false},"author":360,"featured_media":0,"parent":0,"menu_order":0,"comment_status":"closed","ping_status":"closed","template":"page-templates\/covid-measures.php","meta":{"_acf_changed":false,"footnotes":""},"class_list":["post-11641","page","type-page","status-publish","hentry"],"acf":[],"yoast_head":"<!-- This site is optimized with the Yoast SEO plugin v27.5 - https:\/\/yoast.com\/product\/yoast-seo-wordpress\/ -->\n<title>\u015arodki Covid - Pioneer Beach Hotel<\/title>\n<meta name=\"description\" content=\"B\u0119d\u0105 Pa\u0144stwo informowani o wszystkich istotnych \u015brodkach i procedurach Covid-19 zwi\u0105zanych ze zdrowiem, bezpiecze\u0144stwem i higien\u0105 w Constantinou Bros Hotels.\" \/>\n<meta name=\"robots\" content=\"index, follow, max-snippet:-1, max-image-preview:large, max-video-preview:-1\" \/>\n<link rel=\"canonical\" href=\"https:\/\/www.pioneer-cbh.com\/pl\/covid-srodki\/\" \/>\n<meta property=\"og:locale\" content=\"pl_PL\" \/>\n<meta property=\"og:type\" content=\"article\" \/>\n<meta property=\"og:title\" content=\"\u015arodki Covid - Pioneer Beach Hotel\" \/>\n<meta property=\"og:description\" content=\"B\u0119d\u0105 Pa\u0144stwo informowani o wszystkich istotnych \u015brodkach i procedurach Covid-19 zwi\u0105zanych ze zdrowiem, bezpiecze\u0144stwem i higien\u0105 w Constantinou Bros Hotels.\" \/>\n<meta property=\"og:url\" content=\"https:\/\/www.pioneer-cbh.com\/pl\/covid-srodki\/\" \/>\n<meta property=\"og:site_name\" content=\"Pioneer Beach Hotel\" \/>\n<meta property=\"article:modified_time\" content=\"2024-09-18T11:16:23+00:00\" \/>\n<meta name=\"twitter:card\" content=\"summary_large_image\" \/>\n<meta name=\"twitter:label1\" content=\"Est. reading time\" \/>\n\t<meta name=\"twitter:data1\" content=\"1 minute\" \/>\n<script type=\"application\/ld+json\" class=\"yoast-schema-graph\">{\"@context\":\"https:\\\/\\\/schema.org\",\"@graph\":[{\"@type\":\"WebPage\",\"@id\":\"https:\\\/\\\/www.pioneer-cbh.com\\\/pl\\\/covid-srodki\\\/\",\"url\":\"https:\\\/\\\/www.pioneer-cbh.com\\\/pl\\\/covid-srodki\\\/\",\"name\":\"\u015arodki Covid - Pioneer Beach Hotel\",\"isPartOf\":{\"@id\":\"https:\\\/\\\/www.pioneer-cbh.com\\\/pl\\\/#website\"},\"datePublished\":\"2024-07-23T08:35:26+00:00\",\"dateModified\":\"2024-09-18T11:16:23+00:00\",\"description\":\"B\u0119d\u0105 Pa\u0144stwo informowani o wszystkich istotnych \u015brodkach i procedurach Covid-19 zwi\u0105zanych ze zdrowiem, bezpiecze\u0144stwem i higien\u0105 w Constantinou Bros Hotels.\",\"breadcrumb\":{\"@id\":\"https:\\\/\\\/www.pioneer-cbh.com\\\/pl\\\/covid-srodki\\\/#breadcrumb\"},\"inLanguage\":\"pl-PL\",\"potentialAction\":[{\"@type\":\"ReadAction\",\"target\":[\"https:\\\/\\\/www.pioneer-cbh.com\\\/pl\\\/covid-srodki\\\/\"]}]},{\"@type\":\"BreadcrumbList\",\"@id\":\"https:\\\/\\\/www.pioneer-cbh.com\\\/pl\\\/covid-srodki\\\/#breadcrumb\",\"itemListElement\":[{\"@type\":\"ListItem\",\"position\":1,\"name\":\"Home\",\"item\":\"https:\\\/\\\/www.pioneer-cbh.com\\\/pl\\\/\"},{\"@type\":\"ListItem\",\"position\":2,\"name\":\"\u015arodki Covid\"}]},{\"@type\":\"WebSite\",\"@id\":\"https:\\\/\\\/www.pioneer-cbh.com\\\/pl\\\/#website\",\"url\":\"https:\\\/\\\/www.pioneer-cbh.com\\\/pl\\\/\",\"name\":\"Pioneer Beach Hotel\",\"description\":\"Constantinou Bros Pioneer Beach Hotel, 4 star hotel in Paphos Cyprus\",\"potentialAction\":[{\"@type\":\"SearchAction\",\"target\":{\"@type\":\"EntryPoint\",\"urlTemplate\":\"https:\\\/\\\/www.pioneer-cbh.com\\\/pl\\\/?s={search_term_string}\"},\"query-input\":{\"@type\":\"PropertyValueSpecification\",\"valueRequired\":true,\"valueName\":\"search_term_string\"}}],\"inLanguage\":\"pl-PL\"}]}<\/script>\n<!-- \/ Yoast SEO plugin. -->","yoast_head_json":{"title":"\u015arodki Covid - Pioneer Beach Hotel","description":"B\u0119d\u0105 Pa\u0144stwo informowani o wszystkich istotnych \u015brodkach i procedurach Covid-19 zwi\u0105zanych ze zdrowiem, bezpiecze\u0144stwem i higien\u0105 w Constantinou Bros Hotels.","robots":{"index":"index","follow":"follow","max-snippet":"max-snippet:-1","max-image-preview":"max-image-preview:large","max-video-preview":"max-video-preview:-1"},"canonical":"https:\/\/www.pioneer-cbh.com\/pl\/covid-srodki\/","og_locale":"pl_PL","og_type":"article","og_title":"\u015arodki Covid - Pioneer Beach Hotel","og_description":"B\u0119d\u0105 Pa\u0144stwo informowani o wszystkich istotnych \u015brodkach i procedurach Covid-19 zwi\u0105zanych ze zdrowiem, bezpiecze\u0144stwem i higien\u0105 w Constantinou Bros Hotels.","og_url":"https:\/\/www.pioneer-cbh.com\/pl\/covid-srodki\/","og_site_name":"Pioneer Beach Hotel","article_modified_time":"2024-09-18T11:16:23+00:00","twitter_card":"summary_large_image","twitter_misc":{"Est. reading time":"1 minute"},"schema":{"@context":"https:\/\/schema.org","@graph":[{"@type":"WebPage","@id":"https:\/\/www.pioneer-cbh.com\/pl\/covid-srodki\/","url":"https:\/\/www.pioneer-cbh.com\/pl\/covid-srodki\/","name":"\u015arodki Covid - Pioneer Beach Hotel","isPartOf":{"@id":"https:\/\/www.pioneer-cbh.com\/pl\/#website"},"datePublished":"2024-07-23T08:35:26+00:00","dateModified":"2024-09-18T11:16:23+00:00","description":"B\u0119d\u0105 Pa\u0144stwo informowani o wszystkich istotnych \u015brodkach i procedurach Covid-19 zwi\u0105zanych ze zdrowiem, bezpiecze\u0144stwem i higien\u0105 w Constantinou Bros Hotels.","breadcrumb":{"@id":"https:\/\/www.pioneer-cbh.com\/pl\/covid-srodki\/#breadcrumb"},"inLanguage":"pl-PL","potentialAction":[{"@type":"ReadAction","target":["https:\/\/www.pioneer-cbh.com\/pl\/covid-srodki\/"]}]},{"@type":"BreadcrumbList","@id":"https:\/\/www.pioneer-cbh.com\/pl\/covid-srodki\/#breadcrumb","itemListElement":[{"@type":"ListItem","position":1,"name":"Home","item":"https:\/\/www.pioneer-cbh.com\/pl\/"},{"@type":"ListItem","position":2,"name":"\u015arodki Covid"}]},{"@type":"WebSite","@id":"https:\/\/www.pioneer-cbh.com\/pl\/#website","url":"https:\/\/www.pioneer-cbh.com\/pl\/","name":"Pioneer Beach Hotel","description":"Constantinou Bros Pioneer Beach Hotel, 4 star hotel in Paphos Cyprus","potentialAction":[{"@type":"SearchAction","target":{"@type":"EntryPoint","urlTemplate":"https:\/\/www.pioneer-cbh.com\/pl\/?s={search_term_string}"},"query-input":{"@type":"PropertyValueSpecification","valueRequired":true,"valueName":"search_term_string"}}],"inLanguage":"pl-PL"}]}},"_links":{"self":[{"href":"https:\/\/www.pioneer-cbh.com\/pl\/wp-json\/wp\/v2\/pages\/11641","targetHints":{"allow":["GET"]}}],"collection":[{"href":"https:\/\/www.pioneer-cbh.com\/pl\/wp-json\/wp\/v2\/pages"}],"about":[{"href":"https:\/\/www.pioneer-cbh.com\/pl\/wp-json\/wp\/v2\/types\/page"}],"author":[{"embeddable":true,"href":"https:\/\/www.pioneer-cbh.com\/pl\/wp-json\/wp\/v2\/users\/360"}],"replies":[{"embeddable":true,"href":"https:\/\/www.pioneer-cbh.com\/pl\/wp-json\/wp\/v2\/comments?post=11641"}],"version-history":[{"count":1,"href":"https:\/\/www.pioneer-cbh.com\/pl\/wp-json\/wp\/v2\/pages\/11641\/revisions"}],"predecessor-version":[{"id":12497,"href":"https:\/\/www.pioneer-cbh.com\/pl\/wp-json\/wp\/v2\/pages\/11641\/revisions\/12497"}],"wp:attachment":[{"href":"https:\/\/www.pioneer-cbh.com\/pl\/wp-json\/wp\/v2\/media?parent=11641"}],"curies":[{"name":"wp","href":"https:\/\/api.w.org\/{rel}","templated":true}]}}