{"id":11623,"date":"2024-07-23T11:35:20","date_gmt":"2024-07-23T08:35:20","guid":{"rendered":"https:\/\/www.pioneer-cbh.com\/miesiac-miodowy-wakacje\/"},"modified":"2024-09-18T15:01:42","modified_gmt":"2024-09-18T12:01:42","slug":"miesiac-miodowy-wakacje","status":"publish","type":"page","link":"https:\/\/www.pioneer-cbh.com\/pl\/miesiac-miodowy-wakacje\/","title":{"rendered":"Wakacje dla nowo\u017ce\u0144c\u00f3w"},"content":{"rendered":"<h1 class=\"entry-title title-size font-regular text-center my-5\">Pa\u0144stwa romans rozkwitnie w naszym o\u015brodku dla nowo\u017ce\u0144c\u00f3w w Pafos<\/h1>\n<p>Constantinou Bros Hotels dok\u0142ada wszelkich stara\u0144, aby Pa\u0144stwa miesi\u0105c miodowy by\u0142 niezapomniany.<br \/>\nKiedy wielki dzie\u0144 dobiegnie ko\u0144ca, prosz\u0119 si\u0119 odpr\u0119\u017cy\u0107 i znale\u017a\u0107 czas na g\u0142\u0119boki relaks w naszym hotelu Pioneer Beach.<br \/>\nTen nadmorski o\u015brodek tylko dla doros\u0142ych jest idealnym miejscem, w kt\u00f3rym wieczorne spacery wzd\u0142u\u017c wybrze\u017ca, posi\u0142ki z widokiem na morze i dni w spa s\u0105 w\u0142a\u015bnie tym, co pozwoli Pa\u0144stwu dobrze rozpocz\u0105\u0107 jako m\u0105\u017c i \u017cona.<br \/>\nOto, co oferujemy naszym nowo\u017ce\u0144com podczas ich miesi\u0105ca miodowego: &#8211; Pok\u00f3j udekorowany w dniu przyjazdu &#8211; Butelka wina i \u015bwie\u017ce owoce w pokoju w dniu przyjazdu &#8211; Bezp\u0142atne korzystanie z sauny i \u0142a\u017ani parowej, kt\u00f3re dodatkowo Pa\u0144stwa zrelaksuj\u0105 (w zale\u017cno\u015bci od dost\u0119pno\u015bci) &#8211; Bezp\u0142atne podwy\u017cszenie standardu pokoju (do nast\u0119pnej kategorii, w zale\u017cno\u015bci od dost\u0119pno\u015bci) (Classic Land View = Classic Limited Sea View \/ Classic Limited Sea View = Classic Sea View \/ Superior Land View = Superior Sea View)<\/p>\n","protected":false},"excerpt":{"rendered":"<p>Pa\u0144stwa romans rozkwitnie w naszym o\u015brodku dla nowo\u017ce\u0144c\u00f3w w Pafos Constantinou Bros Hotels dok\u0142ada wszelkich stara\u0144, aby Pa\u0144stwa miesi\u0105c miodowy by\u0142 niezapomniany. Kiedy wielki dzie\u0144 dobiegnie ko\u0144ca, prosz\u0119 si\u0119 odpr\u0119\u017cy\u0107 i znale\u017a\u0107 czas na g\u0142\u0119boki relaks w naszym hotelu Pioneer Beach. Ten nadmorski o\u015brodek tylko dla doros\u0142ych jest idealnym miejscem, w kt\u00f3rym wieczorne spacery wzd\u0142u\u017c<\/p>\n","protected":false},"author":100,"featured_media":11324,"parent":0,"menu_order":0,"comment_status":"closed","ping_status":"closed","template":"","meta":{"_acf_changed":false,"footnotes":""},"class_list":["post-11623","page","type-page","status-publish","has-post-thumbnail","hentry"],"acf":[],"yoast_head":"<!-- This site is optimized with the Yoast SEO plugin v27.3 - https:\/\/yoast.com\/product\/yoast-seo-wordpress\/ -->\n<title>Wakacje dla nowo\u017ce\u0144c\u00f3w - Pioneer Beach Hotel<\/title>\n<meta name=\"description\" content=\"Piel\u0119gnuj swoj\u0105 mi\u0142o\u015b\u0107 w Pioneer Beach Hotel by Constantinou Bros Hotels, gdzie wakacje dla nowo\u017ce\u0144c\u00f3w w Pafos na Cyprze naprawd\u0119 rozkwitaj\u0105.\" \/>\n<meta name=\"robots\" content=\"index, follow, max-snippet:-1, max-image-preview:large, max-video-preview:-1\" \/>\n<link rel=\"canonical\" href=\"https:\/\/www.pioneer-cbh.com\/pl\/miesiac-miodowy-wakacje\/\" \/>\n<meta property=\"og:locale\" content=\"pl_PL\" \/>\n<meta property=\"og:type\" content=\"article\" \/>\n<meta property=\"og:title\" content=\"Wakacje dla nowo\u017ce\u0144c\u00f3w - Pioneer Beach Hotel\" \/>\n<meta property=\"og:description\" content=\"Piel\u0119gnuj swoj\u0105 mi\u0142o\u015b\u0107 w Pioneer Beach Hotel by Constantinou Bros Hotels, gdzie wakacje dla nowo\u017ce\u0144c\u00f3w w Pafos na Cyprze naprawd\u0119 rozkwitaj\u0105.\" \/>\n<meta property=\"og:url\" content=\"https:\/\/www.pioneer-cbh.com\/pl\/miesiac-miodowy-wakacje\/\" \/>\n<meta property=\"og:site_name\" content=\"Pioneer Beach Hotel\" \/>\n<meta property=\"article:modified_time\" content=\"2024-09-18T12:01:42+00:00\" \/>\n<meta property=\"og:image\" content=\"https:\/\/www.pioneer-cbh.com\/app\/uploads\/sites\/33\/2020\/09\/6-PIONEER-BEACH-HOTEL-POOL-AND-GARDENS.jpg\" \/>\n\t<meta property=\"og:image:width\" content=\"1200\" \/>\n\t<meta property=\"og:image:height\" content=\"798\" \/>\n\t<meta property=\"og:image:type\" content=\"image\/jpeg\" \/>\n<meta name=\"twitter:card\" content=\"summary_large_image\" \/>\n<meta name=\"twitter:label1\" content=\"Est. reading time\" \/>\n\t<meta name=\"twitter:data1\" content=\"1 minute\" \/>\n<script type=\"application\/ld+json\" class=\"yoast-schema-graph\">{\"@context\":\"https:\\\/\\\/schema.org\",\"@graph\":[{\"@type\":\"WebPage\",\"@id\":\"https:\\\/\\\/www.pioneer-cbh.com\\\/pl\\\/miesiac-miodowy-wakacje\\\/\",\"url\":\"https:\\\/\\\/www.pioneer-cbh.com\\\/pl\\\/miesiac-miodowy-wakacje\\\/\",\"name\":\"Wakacje dla nowo\u017ce\u0144c\u00f3w - Pioneer Beach Hotel\",\"isPartOf\":{\"@id\":\"https:\\\/\\\/www.pioneer-cbh.com\\\/pl\\\/#website\"},\"primaryImageOfPage\":{\"@id\":\"https:\\\/\\\/www.pioneer-cbh.com\\\/pl\\\/miesiac-miodowy-wakacje\\\/#primaryimage\"},\"image\":{\"@id\":\"https:\\\/\\\/www.pioneer-cbh.com\\\/pl\\\/miesiac-miodowy-wakacje\\\/#primaryimage\"},\"thumbnailUrl\":\"https:\\\/\\\/www.pioneer-cbh.com\\\/app\\\/uploads\\\/sites\\\/33\\\/2020\\\/09\\\/6-PIONEER-BEACH-HOTEL-POOL-AND-GARDENS.jpg\",\"datePublished\":\"2024-07-23T08:35:20+00:00\",\"dateModified\":\"2024-09-18T12:01:42+00:00\",\"description\":\"Piel\u0119gnuj swoj\u0105 mi\u0142o\u015b\u0107 w Pioneer Beach Hotel by Constantinou Bros Hotels, gdzie wakacje dla nowo\u017ce\u0144c\u00f3w w Pafos na Cyprze naprawd\u0119 rozkwitaj\u0105.\",\"breadcrumb\":{\"@id\":\"https:\\\/\\\/www.pioneer-cbh.com\\\/pl\\\/miesiac-miodowy-wakacje\\\/#breadcrumb\"},\"inLanguage\":\"pl-PL\",\"potentialAction\":[{\"@type\":\"ReadAction\",\"target\":[\"https:\\\/\\\/www.pioneer-cbh.com\\\/pl\\\/miesiac-miodowy-wakacje\\\/\"]}]},{\"@type\":\"ImageObject\",\"inLanguage\":\"pl-PL\",\"@id\":\"https:\\\/\\\/www.pioneer-cbh.com\\\/pl\\\/miesiac-miodowy-wakacje\\\/#primaryimage\",\"url\":\"https:\\\/\\\/www.pioneer-cbh.com\\\/app\\\/uploads\\\/sites\\\/33\\\/2020\\\/09\\\/6-PIONEER-BEACH-HOTEL-POOL-AND-GARDENS.jpg\",\"contentUrl\":\"https:\\\/\\\/www.pioneer-cbh.com\\\/app\\\/uploads\\\/sites\\\/33\\\/2020\\\/09\\\/6-PIONEER-BEACH-HOTEL-POOL-AND-GARDENS.jpg\",\"width\":1200,\"height\":798,\"caption\":\"A Romantic Escape\"},{\"@type\":\"BreadcrumbList\",\"@id\":\"https:\\\/\\\/www.pioneer-cbh.com\\\/pl\\\/miesiac-miodowy-wakacje\\\/#breadcrumb\",\"itemListElement\":[{\"@type\":\"ListItem\",\"position\":1,\"name\":\"Home\",\"item\":\"https:\\\/\\\/www.pioneer-cbh.com\\\/pl\\\/\"},{\"@type\":\"ListItem\",\"position\":2,\"name\":\"Wakacje dla nowo\u017ce\u0144c\u00f3w\"}]},{\"@type\":\"WebSite\",\"@id\":\"https:\\\/\\\/www.pioneer-cbh.com\\\/pl\\\/#website\",\"url\":\"https:\\\/\\\/www.pioneer-cbh.com\\\/pl\\\/\",\"name\":\"Pioneer Beach Hotel\",\"description\":\"Constantinou Bros Pioneer Beach Hotel, 4 star hotel in Paphos Cyprus\",\"potentialAction\":[{\"@type\":\"SearchAction\",\"target\":{\"@type\":\"EntryPoint\",\"urlTemplate\":\"https:\\\/\\\/www.pioneer-cbh.com\\\/pl\\\/?s={search_term_string}\"},\"query-input\":{\"@type\":\"PropertyValueSpecification\",\"valueRequired\":true,\"valueName\":\"search_term_string\"}}],\"inLanguage\":\"pl-PL\"}]}<\/script>\n<!-- \/ Yoast SEO plugin. -->","yoast_head_json":{"title":"Wakacje dla nowo\u017ce\u0144c\u00f3w - Pioneer Beach Hotel","description":"Piel\u0119gnuj swoj\u0105 mi\u0142o\u015b\u0107 w Pioneer Beach Hotel by Constantinou Bros Hotels, gdzie wakacje dla nowo\u017ce\u0144c\u00f3w w Pafos na Cyprze naprawd\u0119 rozkwitaj\u0105.","robots":{"index":"index","follow":"follow","max-snippet":"max-snippet:-1","max-image-preview":"max-image-preview:large","max-video-preview":"max-video-preview:-1"},"canonical":"https:\/\/www.pioneer-cbh.com\/pl\/miesiac-miodowy-wakacje\/","og_locale":"pl_PL","og_type":"article","og_title":"Wakacje dla nowo\u017ce\u0144c\u00f3w - Pioneer Beach Hotel","og_description":"Piel\u0119gnuj swoj\u0105 mi\u0142o\u015b\u0107 w Pioneer Beach Hotel by Constantinou Bros Hotels, gdzie wakacje dla nowo\u017ce\u0144c\u00f3w w Pafos na Cyprze naprawd\u0119 rozkwitaj\u0105.","og_url":"https:\/\/www.pioneer-cbh.com\/pl\/miesiac-miodowy-wakacje\/","og_site_name":"Pioneer Beach Hotel","article_modified_time":"2024-09-18T12:01:42+00:00","og_image":[{"width":1200,"height":798,"url":"https:\/\/www.pioneer-cbh.com\/app\/uploads\/sites\/33\/2020\/09\/6-PIONEER-BEACH-HOTEL-POOL-AND-GARDENS.jpg","type":"image\/jpeg"}],"twitter_card":"summary_large_image","twitter_misc":{"Est. reading time":"1 minute"},"schema":{"@context":"https:\/\/schema.org","@graph":[{"@type":"WebPage","@id":"https:\/\/www.pioneer-cbh.com\/pl\/miesiac-miodowy-wakacje\/","url":"https:\/\/www.pioneer-cbh.com\/pl\/miesiac-miodowy-wakacje\/","name":"Wakacje dla nowo\u017ce\u0144c\u00f3w - Pioneer Beach Hotel","isPartOf":{"@id":"https:\/\/www.pioneer-cbh.com\/pl\/#website"},"primaryImageOfPage":{"@id":"https:\/\/www.pioneer-cbh.com\/pl\/miesiac-miodowy-wakacje\/#primaryimage"},"image":{"@id":"https:\/\/www.pioneer-cbh.com\/pl\/miesiac-miodowy-wakacje\/#primaryimage"},"thumbnailUrl":"https:\/\/www.pioneer-cbh.com\/app\/uploads\/sites\/33\/2020\/09\/6-PIONEER-BEACH-HOTEL-POOL-AND-GARDENS.jpg","datePublished":"2024-07-23T08:35:20+00:00","dateModified":"2024-09-18T12:01:42+00:00","description":"Piel\u0119gnuj swoj\u0105 mi\u0142o\u015b\u0107 w Pioneer Beach Hotel by Constantinou Bros Hotels, gdzie wakacje dla nowo\u017ce\u0144c\u00f3w w Pafos na Cyprze naprawd\u0119 rozkwitaj\u0105.","breadcrumb":{"@id":"https:\/\/www.pioneer-cbh.com\/pl\/miesiac-miodowy-wakacje\/#breadcrumb"},"inLanguage":"pl-PL","potentialAction":[{"@type":"ReadAction","target":["https:\/\/www.pioneer-cbh.com\/pl\/miesiac-miodowy-wakacje\/"]}]},{"@type":"ImageObject","inLanguage":"pl-PL","@id":"https:\/\/www.pioneer-cbh.com\/pl\/miesiac-miodowy-wakacje\/#primaryimage","url":"https:\/\/www.pioneer-cbh.com\/app\/uploads\/sites\/33\/2020\/09\/6-PIONEER-BEACH-HOTEL-POOL-AND-GARDENS.jpg","contentUrl":"https:\/\/www.pioneer-cbh.com\/app\/uploads\/sites\/33\/2020\/09\/6-PIONEER-BEACH-HOTEL-POOL-AND-GARDENS.jpg","width":1200,"height":798,"caption":"A Romantic Escape"},{"@type":"BreadcrumbList","@id":"https:\/\/www.pioneer-cbh.com\/pl\/miesiac-miodowy-wakacje\/#breadcrumb","itemListElement":[{"@type":"ListItem","position":1,"name":"Home","item":"https:\/\/www.pioneer-cbh.com\/pl\/"},{"@type":"ListItem","position":2,"name":"Wakacje dla nowo\u017ce\u0144c\u00f3w"}]},{"@type":"WebSite","@id":"https:\/\/www.pioneer-cbh.com\/pl\/#website","url":"https:\/\/www.pioneer-cbh.com\/pl\/","name":"Pioneer Beach Hotel","description":"Constantinou Bros Pioneer Beach Hotel, 4 star hotel in Paphos Cyprus","potentialAction":[{"@type":"SearchAction","target":{"@type":"EntryPoint","urlTemplate":"https:\/\/www.pioneer-cbh.com\/pl\/?s={search_term_string}"},"query-input":{"@type":"PropertyValueSpecification","valueRequired":true,"valueName":"search_term_string"}}],"inLanguage":"pl-PL"}]}},"_links":{"self":[{"href":"https:\/\/www.pioneer-cbh.com\/pl\/wp-json\/wp\/v2\/pages\/11623","targetHints":{"allow":["GET"]}}],"collection":[{"href":"https:\/\/www.pioneer-cbh.com\/pl\/wp-json\/wp\/v2\/pages"}],"about":[{"href":"https:\/\/www.pioneer-cbh.com\/pl\/wp-json\/wp\/v2\/types\/page"}],"author":[{"embeddable":true,"href":"https:\/\/www.pioneer-cbh.com\/pl\/wp-json\/wp\/v2\/users\/100"}],"replies":[{"embeddable":true,"href":"https:\/\/www.pioneer-cbh.com\/pl\/wp-json\/wp\/v2\/comments?post=11623"}],"version-history":[{"count":1,"href":"https:\/\/www.pioneer-cbh.com\/pl\/wp-json\/wp\/v2\/pages\/11623\/revisions"}],"predecessor-version":[{"id":12437,"href":"https:\/\/www.pioneer-cbh.com\/pl\/wp-json\/wp\/v2\/pages\/11623\/revisions\/12437"}],"wp:featuredmedia":[{"embeddable":true,"href":"https:\/\/www.pioneer-cbh.com\/pl\/wp-json\/wp\/v2\/media\/11324"}],"wp:attachment":[{"href":"https:\/\/www.pioneer-cbh.com\/pl\/wp-json\/wp\/v2\/media?parent=11623"}],"curies":[{"name":"wp","href":"https:\/\/api.w.org\/{rel}","templated":true}]}}