{"id":11615,"date":"2024-07-23T11:35:12","date_gmt":"2024-07-23T08:35:12","guid":{"rendered":"https:\/\/www.pioneer-cbh.com\/przystan-przy-plazy-tylko-dla-doroslych\/"},"modified":"2024-09-17T17:44:30","modified_gmt":"2024-09-17T14:44:30","slug":"przystan-przy-plazy-tylko-dla-doroslych","status":"publish","type":"page","link":"https:\/\/www.pioneer-cbh.com\/pl\/przystan-przy-plazy-tylko-dla-doroslych\/","title":{"rendered":"Przysta\u0144 przy pla\u017cy tylko dla doros\u0142ych"},"content":{"rendered":"<h1 class=\"entry-title title-size font-regular text-center my-5\">Spokojne <b>wakacje w Pafos tylko dla doros\u0142ych <\/b>czekaj\u0105 na Pa\u0144stwa<\/h1>\n<p>Hotele Constantinou Bros s\u0105 znane z rozwijania koncepcji wakacji tylko dla doros\u0142ych w Pafos.<br \/>\nJest to koncepcja, kt\u00f3ra obejmuje relaksuj\u0105ce otoczenie bez dzieci, spokojne dni przy basenie lub na pla\u017cy oraz program rozrywkowy i rekreacyjny skoncentrowany na stworzeniu najbardziej idyllicznych <b>wakacji w Pafos tylko dla doros\u0142ych<\/b>. W ca\u0142ej grupie Constantinou Bros Hotels oferuje szereg hoteli dostosowanych do Pa\u0144stwa bud\u017cetu i wymaga\u0144 wakacyjnych, w zale\u017cno\u015bci od Pa\u0144stwa pomys\u0142u na idealne <b>wakacje w P<\/b>afos tylko dla doros\u0142ych.<br \/>\nPioneer Beach Hotel to czterogwiazdkowy hotel oferuj\u0105cy wspania\u0142y komfort w fantastycznej lokalizacji przy pla\u017cy.<br \/>\nOferuje on szereg udogodnie\u0144 w relaksuj\u0105cej i przyjaznej atmosferze, stworzonej wy\u0142\u0105cznie dla wymagaj\u0105cych doros\u0142ych go\u015bci i par, kt\u00f3re szukaj\u0105 spokojnych i ca\u0142kowicie przyjemnych <b>wakacji w Pafos tylko dla doros\u0142ych<\/b>. Zr\u00f3\u017cnicowane zaplecze rekreacyjne i sportowe hotelu Pioneer Beach obejmuje odkryty i kryty basen, jacuzzi, kort tenisowy oraz odkryty i kryty bowling. .<\/p>\n","protected":false},"excerpt":{"rendered":"<p>Spokojne wakacje w Pafos tylko dla doros\u0142ych czekaj\u0105 na Pa\u0144stwa Hotele Constantinou Bros s\u0105 znane z rozwijania koncepcji wakacji tylko dla doros\u0142ych w Pafos. Jest to koncepcja, kt\u00f3ra obejmuje relaksuj\u0105ce otoczenie bez dzieci, spokojne dni przy basenie lub na pla\u017cy oraz program rozrywkowy i rekreacyjny skoncentrowany na stworzeniu najbardziej idyllicznych wakacji w Pafos tylko dla<\/p>\n","protected":false},"author":100,"featured_media":12042,"parent":0,"menu_order":0,"comment_status":"closed","ping_status":"closed","template":"","meta":{"_acf_changed":false,"footnotes":""},"class_list":["post-11615","page","type-page","status-publish","has-post-thumbnail","hentry"],"acf":[],"yoast_head":"<!-- This site is optimized with the Yoast SEO plugin v27.5 - https:\/\/yoast.com\/product\/yoast-seo-wordpress\/ -->\n<title>Najlepsze wakacje w Pafos tylko dla doros\u0142ych | Constantinou Bros Hotels<\/title>\n<meta name=\"description\" content=\"Je\u015bli chc\u0105 Pa\u0144stwo prze\u017cy\u0107 najlepsze wakacje w Pafos tylko dla doros\u0142ych, nie trzeba szuka\u0107 dalej ni\u017c 4-gwiazdkowy hotel Pioneer Beach firmy Constantinou Bros.\" \/>\n<meta name=\"robots\" content=\"index, follow, max-snippet:-1, max-image-preview:large, max-video-preview:-1\" \/>\n<link rel=\"canonical\" href=\"https:\/\/www.pioneer-cbh.com\/pl\/przystan-przy-plazy-tylko-dla-doroslych\/\" \/>\n<meta property=\"og:locale\" content=\"pl_PL\" \/>\n<meta property=\"og:type\" content=\"article\" \/>\n<meta property=\"og:title\" content=\"Najlepsze wakacje w Pafos tylko dla doros\u0142ych | Constantinou Bros Hotels\" \/>\n<meta property=\"og:description\" content=\"Je\u015bli chc\u0105 Pa\u0144stwo prze\u017cy\u0107 najlepsze wakacje w Pafos tylko dla doros\u0142ych, nie trzeba szuka\u0107 dalej ni\u017c 4-gwiazdkowy hotel Pioneer Beach firmy Constantinou Bros.\" \/>\n<meta property=\"og:url\" content=\"https:\/\/www.pioneer-cbh.com\/pl\/przystan-przy-plazy-tylko-dla-doroslych\/\" \/>\n<meta property=\"og:site_name\" content=\"Pioneer Beach Hotel\" \/>\n<meta property=\"article:modified_time\" content=\"2024-09-17T14:44:30+00:00\" \/>\n<meta property=\"og:image\" content=\"https:\/\/www.pioneer-cbh.com\/app\/uploads\/sites\/33\/2022\/01\/6-PIONEER-BEACH-HOTEL-POOL-AND-GARDENS-scaled.jpg\" \/>\n\t<meta property=\"og:image:width\" content=\"2560\" \/>\n\t<meta property=\"og:image:height\" content=\"1704\" \/>\n\t<meta property=\"og:image:type\" content=\"image\/jpeg\" \/>\n<meta name=\"twitter:card\" content=\"summary_large_image\" \/>\n<meta name=\"twitter:label1\" content=\"Est. reading time\" \/>\n\t<meta name=\"twitter:data1\" content=\"2 minutes\" \/>\n<script type=\"application\/ld+json\" class=\"yoast-schema-graph\">{\"@context\":\"https:\\\/\\\/schema.org\",\"@graph\":[{\"@type\":\"WebPage\",\"@id\":\"https:\\\/\\\/www.pioneer-cbh.com\\\/pl\\\/przystan-przy-plazy-tylko-dla-doroslych\\\/\",\"url\":\"https:\\\/\\\/www.pioneer-cbh.com\\\/pl\\\/przystan-przy-plazy-tylko-dla-doroslych\\\/\",\"name\":\"Najlepsze wakacje w Pafos tylko dla doros\u0142ych | Constantinou Bros Hotels\",\"isPartOf\":{\"@id\":\"https:\\\/\\\/www.pioneer-cbh.com\\\/pl\\\/#website\"},\"primaryImageOfPage\":{\"@id\":\"https:\\\/\\\/www.pioneer-cbh.com\\\/pl\\\/przystan-przy-plazy-tylko-dla-doroslych\\\/#primaryimage\"},\"image\":{\"@id\":\"https:\\\/\\\/www.pioneer-cbh.com\\\/pl\\\/przystan-przy-plazy-tylko-dla-doroslych\\\/#primaryimage\"},\"thumbnailUrl\":\"https:\\\/\\\/www.pioneer-cbh.com\\\/app\\\/uploads\\\/sites\\\/33\\\/2022\\\/01\\\/6-PIONEER-BEACH-HOTEL-POOL-AND-GARDENS-scaled.jpg\",\"datePublished\":\"2024-07-23T08:35:12+00:00\",\"dateModified\":\"2024-09-17T14:44:30+00:00\",\"description\":\"Je\u015bli chc\u0105 Pa\u0144stwo prze\u017cy\u0107 najlepsze wakacje w Pafos tylko dla doros\u0142ych, nie trzeba szuka\u0107 dalej ni\u017c 4-gwiazdkowy hotel Pioneer Beach firmy Constantinou Bros.\",\"breadcrumb\":{\"@id\":\"https:\\\/\\\/www.pioneer-cbh.com\\\/pl\\\/przystan-przy-plazy-tylko-dla-doroslych\\\/#breadcrumb\"},\"inLanguage\":\"pl-PL\",\"potentialAction\":[{\"@type\":\"ReadAction\",\"target\":[\"https:\\\/\\\/www.pioneer-cbh.com\\\/pl\\\/przystan-przy-plazy-tylko-dla-doroslych\\\/\"]}]},{\"@type\":\"ImageObject\",\"inLanguage\":\"pl-PL\",\"@id\":\"https:\\\/\\\/www.pioneer-cbh.com\\\/pl\\\/przystan-przy-plazy-tylko-dla-doroslych\\\/#primaryimage\",\"url\":\"https:\\\/\\\/www.pioneer-cbh.com\\\/app\\\/uploads\\\/sites\\\/33\\\/2022\\\/01\\\/6-PIONEER-BEACH-HOTEL-POOL-AND-GARDENS-scaled.jpg\",\"contentUrl\":\"https:\\\/\\\/www.pioneer-cbh.com\\\/app\\\/uploads\\\/sites\\\/33\\\/2022\\\/01\\\/6-PIONEER-BEACH-HOTEL-POOL-AND-GARDENS-scaled.jpg\",\"width\":2560,\"height\":1704},{\"@type\":\"BreadcrumbList\",\"@id\":\"https:\\\/\\\/www.pioneer-cbh.com\\\/pl\\\/przystan-przy-plazy-tylko-dla-doroslych\\\/#breadcrumb\",\"itemListElement\":[{\"@type\":\"ListItem\",\"position\":1,\"name\":\"Home\",\"item\":\"https:\\\/\\\/www.pioneer-cbh.com\\\/pl\\\/\"},{\"@type\":\"ListItem\",\"position\":2,\"name\":\"Przysta\u0144 przy pla\u017cy tylko dla doros\u0142ych\"}]},{\"@type\":\"WebSite\",\"@id\":\"https:\\\/\\\/www.pioneer-cbh.com\\\/pl\\\/#website\",\"url\":\"https:\\\/\\\/www.pioneer-cbh.com\\\/pl\\\/\",\"name\":\"Pioneer Beach Hotel\",\"description\":\"Constantinou Bros Pioneer Beach Hotel, 4 star hotel in Paphos Cyprus\",\"potentialAction\":[{\"@type\":\"SearchAction\",\"target\":{\"@type\":\"EntryPoint\",\"urlTemplate\":\"https:\\\/\\\/www.pioneer-cbh.com\\\/pl\\\/?s={search_term_string}\"},\"query-input\":{\"@type\":\"PropertyValueSpecification\",\"valueRequired\":true,\"valueName\":\"search_term_string\"}}],\"inLanguage\":\"pl-PL\"}]}<\/script>\n<!-- \/ Yoast SEO plugin. -->","yoast_head_json":{"title":"Najlepsze wakacje w Pafos tylko dla doros\u0142ych | Constantinou Bros Hotels","description":"Je\u015bli chc\u0105 Pa\u0144stwo prze\u017cy\u0107 najlepsze wakacje w Pafos tylko dla doros\u0142ych, nie trzeba szuka\u0107 dalej ni\u017c 4-gwiazdkowy hotel Pioneer Beach firmy Constantinou Bros.","robots":{"index":"index","follow":"follow","max-snippet":"max-snippet:-1","max-image-preview":"max-image-preview:large","max-video-preview":"max-video-preview:-1"},"canonical":"https:\/\/www.pioneer-cbh.com\/pl\/przystan-przy-plazy-tylko-dla-doroslych\/","og_locale":"pl_PL","og_type":"article","og_title":"Najlepsze wakacje w Pafos tylko dla doros\u0142ych | Constantinou Bros Hotels","og_description":"Je\u015bli chc\u0105 Pa\u0144stwo prze\u017cy\u0107 najlepsze wakacje w Pafos tylko dla doros\u0142ych, nie trzeba szuka\u0107 dalej ni\u017c 4-gwiazdkowy hotel Pioneer Beach firmy Constantinou Bros.","og_url":"https:\/\/www.pioneer-cbh.com\/pl\/przystan-przy-plazy-tylko-dla-doroslych\/","og_site_name":"Pioneer Beach Hotel","article_modified_time":"2024-09-17T14:44:30+00:00","og_image":[{"width":2560,"height":1704,"url":"https:\/\/www.pioneer-cbh.com\/app\/uploads\/sites\/33\/2022\/01\/6-PIONEER-BEACH-HOTEL-POOL-AND-GARDENS-scaled.jpg","type":"image\/jpeg"}],"twitter_card":"summary_large_image","twitter_misc":{"Est. reading time":"2 minutes"},"schema":{"@context":"https:\/\/schema.org","@graph":[{"@type":"WebPage","@id":"https:\/\/www.pioneer-cbh.com\/pl\/przystan-przy-plazy-tylko-dla-doroslych\/","url":"https:\/\/www.pioneer-cbh.com\/pl\/przystan-przy-plazy-tylko-dla-doroslych\/","name":"Najlepsze wakacje w Pafos tylko dla doros\u0142ych | Constantinou Bros Hotels","isPartOf":{"@id":"https:\/\/www.pioneer-cbh.com\/pl\/#website"},"primaryImageOfPage":{"@id":"https:\/\/www.pioneer-cbh.com\/pl\/przystan-przy-plazy-tylko-dla-doroslych\/#primaryimage"},"image":{"@id":"https:\/\/www.pioneer-cbh.com\/pl\/przystan-przy-plazy-tylko-dla-doroslych\/#primaryimage"},"thumbnailUrl":"https:\/\/www.pioneer-cbh.com\/app\/uploads\/sites\/33\/2022\/01\/6-PIONEER-BEACH-HOTEL-POOL-AND-GARDENS-scaled.jpg","datePublished":"2024-07-23T08:35:12+00:00","dateModified":"2024-09-17T14:44:30+00:00","description":"Je\u015bli chc\u0105 Pa\u0144stwo prze\u017cy\u0107 najlepsze wakacje w Pafos tylko dla doros\u0142ych, nie trzeba szuka\u0107 dalej ni\u017c 4-gwiazdkowy hotel Pioneer Beach firmy Constantinou Bros.","breadcrumb":{"@id":"https:\/\/www.pioneer-cbh.com\/pl\/przystan-przy-plazy-tylko-dla-doroslych\/#breadcrumb"},"inLanguage":"pl-PL","potentialAction":[{"@type":"ReadAction","target":["https:\/\/www.pioneer-cbh.com\/pl\/przystan-przy-plazy-tylko-dla-doroslych\/"]}]},{"@type":"ImageObject","inLanguage":"pl-PL","@id":"https:\/\/www.pioneer-cbh.com\/pl\/przystan-przy-plazy-tylko-dla-doroslych\/#primaryimage","url":"https:\/\/www.pioneer-cbh.com\/app\/uploads\/sites\/33\/2022\/01\/6-PIONEER-BEACH-HOTEL-POOL-AND-GARDENS-scaled.jpg","contentUrl":"https:\/\/www.pioneer-cbh.com\/app\/uploads\/sites\/33\/2022\/01\/6-PIONEER-BEACH-HOTEL-POOL-AND-GARDENS-scaled.jpg","width":2560,"height":1704},{"@type":"BreadcrumbList","@id":"https:\/\/www.pioneer-cbh.com\/pl\/przystan-przy-plazy-tylko-dla-doroslych\/#breadcrumb","itemListElement":[{"@type":"ListItem","position":1,"name":"Home","item":"https:\/\/www.pioneer-cbh.com\/pl\/"},{"@type":"ListItem","position":2,"name":"Przysta\u0144 przy pla\u017cy tylko dla doros\u0142ych"}]},{"@type":"WebSite","@id":"https:\/\/www.pioneer-cbh.com\/pl\/#website","url":"https:\/\/www.pioneer-cbh.com\/pl\/","name":"Pioneer Beach Hotel","description":"Constantinou Bros Pioneer Beach Hotel, 4 star hotel in Paphos Cyprus","potentialAction":[{"@type":"SearchAction","target":{"@type":"EntryPoint","urlTemplate":"https:\/\/www.pioneer-cbh.com\/pl\/?s={search_term_string}"},"query-input":{"@type":"PropertyValueSpecification","valueRequired":true,"valueName":"search_term_string"}}],"inLanguage":"pl-PL"}]}},"_links":{"self":[{"href":"https:\/\/www.pioneer-cbh.com\/pl\/wp-json\/wp\/v2\/pages\/11615","targetHints":{"allow":["GET"]}}],"collection":[{"href":"https:\/\/www.pioneer-cbh.com\/pl\/wp-json\/wp\/v2\/pages"}],"about":[{"href":"https:\/\/www.pioneer-cbh.com\/pl\/wp-json\/wp\/v2\/types\/page"}],"author":[{"embeddable":true,"href":"https:\/\/www.pioneer-cbh.com\/pl\/wp-json\/wp\/v2\/users\/100"}],"replies":[{"embeddable":true,"href":"https:\/\/www.pioneer-cbh.com\/pl\/wp-json\/wp\/v2\/comments?post=11615"}],"version-history":[{"count":1,"href":"https:\/\/www.pioneer-cbh.com\/pl\/wp-json\/wp\/v2\/pages\/11615\/revisions"}],"predecessor-version":[{"id":12401,"href":"https:\/\/www.pioneer-cbh.com\/pl\/wp-json\/wp\/v2\/pages\/11615\/revisions\/12401"}],"wp:featuredmedia":[{"embeddable":true,"href":"https:\/\/www.pioneer-cbh.com\/pl\/wp-json\/wp\/v2\/media\/12042"}],"wp:attachment":[{"href":"https:\/\/www.pioneer-cbh.com\/pl\/wp-json\/wp\/v2\/media?parent=11615"}],"curies":[{"name":"wp","href":"https:\/\/api.w.org\/{rel}","templated":true}]}}