{"id":11586,"date":"2024-07-23T11:34:52","date_gmt":"2024-07-23T08:34:52","guid":{"rendered":"https:\/\/www.pioneer-cbh.com\/wiadomosci\/w-constantinou-bros-hotels-mamy-przyjemnosc-oglosic-otwarcie-wszystkich-naszych-hoteli\/"},"modified":"2024-09-17T17:48:50","modified_gmt":"2024-09-17T14:48:50","slug":"w-constantinou-bros-hotels-mamy-przyjemnosc-oglosic-otwarcie-wszystkich-naszych-hoteli","status":"publish","type":"page","link":"https:\/\/www.pioneer-cbh.com\/pl\/wiadomosci\/w-constantinou-bros-hotels-mamy-przyjemnosc-oglosic-otwarcie-wszystkich-naszych-hoteli\/","title":{"rendered":"W Constantinou Bros Hotels mamy przyjemno\u015b\u0107 og\u0142osi\u0107 ponowne otwarcie wszystkich naszych hoteli"},"content":{"rendered":"<p>W Constantinou Bros Hotels mamy przyjemno\u015b\u0107 og\u0142osi\u0107 ponowne otwarcie wszystkich naszych hoteli.<br \/>\nNiew\u0105tpliwie by\u0142a to trudna sytuacja dla ca\u0142ej planety, jednak rygorystyczne \u015brodki, kt\u00f3re zosta\u0142y natychmiast podj\u0119te przez rz\u0105d Cypru i wk\u0142ad wszystkich w ich przestrzeganie, szybko przynios\u0142y efekty.<br \/>\n\u015awiatowa Organizacja Zdrowia oficjalnie og\u0142osi\u0142a Cypr &#8220;najbezpieczniejszym krajem \u015br\u00f3dziemnomorskim i pi\u0105tym najbezpieczniejszym krajem na \u015bwiecie&#8221;.<br \/>\nPo przej\u015bciu przez trzy fazy stopniowego rozlu\u017aniania \u015brodk\u00f3w restrykcyjnych, Cypr znajduje si\u0119 obecnie w uprzywilejowanej pozycji i mo\u017ce pochwali\u0107 si\u0119 otwarciem i funkcjonowaniem swoich lotnisk, hoteli, transportu publicznego, taks\u00f3wek, stanowisk archeologicznych, muze\u00f3w, restauracji, bar\u00f3w i centr\u00f3w handlowych.<br \/>\nW naszych hotelach naszym najwy\u017cszym priorytetem zawsze by\u0142o bezpiecze\u0144stwo, zdrowie i dobre samopoczucie naszych cennych go\u015bci.<br \/>\nWraz z pojawieniem si\u0119 pandemii Covid-19 w procesach, kt\u00f3rych zawsze przestrzegali\u015bmy, zmieni\u0142o si\u0119 to, \u017ce ulepszyli\u015bmy i zmaksymalizowali\u015bmy \u015brodki higieny i bezpiecze\u0144stwa, w oparciu o protoko\u0142y przedstawione nam przez poni\u017csze oficjalne organy, a tak\u017ce przez konsultant\u00f3w, kt\u00f3rym powierzyli\u015bmy opracowanie nowych proces\u00f3w operacyjnych i szkolenie naszego personelu:<\/p>\n<ul>\n<li>Cypryjskie Ministerstwo Zdrowia<\/li>\n<li>Europejskie Centrum Zapobiegania i Kontroli Chor\u00f3b (ECDC)<\/li>\n<li>\u015awiatowa Organizacja Zdrowia<\/li>\n<\/ul>\n<p>Rozumiemy, \u017ce higiena i \u015brodki dystansu spo\u0142ecznego dotycz\u0105 ka\u017cdego podr\u00f3\u017cnego, ale chcemy Pa\u0144stwa zapewni\u0107, \u017ce podj\u0119li\u015bmy i b\u0119dziemy nadal podejmowa\u0107 wszelkie niezb\u0119dne \u015brodki w celu ochrony naszych go\u015bci i personelu, a najwa\u017cniejsze z nich wymieniamy tutaj:<\/p>\n<ul>\n<li>Utrzymanie ob\u0142o\u017cenia hoteli na bezpiecznym poziomie<\/li>\n<li>Dostosowanie dzia\u0142ania hotelu w celu zapewnienia zachowania odpowiednich odleg\u0142o\u015bci.<\/li>\n<li>Stacje dezynfekcji r\u0105k we wszystkich obszarach dla go\u015bci i personelu<\/li>\n<li>Przejrzyste panele podzia\u0142u mi\u0119dzy pracownikami i go\u015b\u0107mi w recepcji i mini-marketach<\/li>\n<li>Sta\u0142e noszenie \u015brodk\u00f3w ochrony osobistej przez ca\u0142y personel (maska na twarz, r\u0119kawiczki) i we wszystkich punktach obs\u0142ugi.<\/li>\n<li>Zach\u0119camy do odprawy online<\/li>\n<li>Wszystkie punkty sprzeda\u017cy dzia\u0142aj\u0105 bezgot\u00f3wkowo (tylko op\u0142ata za pok\u00f3j lub p\u0142atno\u015b\u0107 kart\u0105 kredytow\u0105).<\/li>\n<li>Dezynfekcja i przenoszenie baga\u017cu go\u015bci przez nasz personel poza pokojem, chyba \u017ce go\u015b\u0107 za\u017c\u0105da inaczej.<\/li>\n<li>Po wyje\u017adzie wszystkie pokoje s\u0105 dok\u0142adnie sprz\u0105tane, wietrzone i dezynfekowane oraz udost\u0119pniane nowym osobom po up\u0142ywie co najmniej dw\u00f3ch godzin.<\/li>\n<li>Poszewki na \u0142\u00f3\u017cka, dodatkowe poduszki, koce, menu, czasopisma i ulotki informacyjne s\u0105 usuwane z pokoi (dost\u0119pne na \u017cyczenie).<\/li>\n<li>Wszystkie obszary, sto\u0142y, krzes\u0142a, le\u017caki i powierzchnie dotykowe (klamki, przyciski windy, uchwyty, krany) s\u0105 stale dezynfekowane i odka\u017cane.<\/li>\n<li>Bezpieczna odleg\u0142o\u015b\u0107 <sup>3<\/sup> m2 na go\u015bcia w restauracjach i barach oraz posi\u0142ki oferowane zar\u00f3wno w restauracjach, jak i &#8211; w zale\u017cno\u015bci od pogody &#8211; na \u015bwie\u017cym powietrzu.<\/li>\n<li>Go\u015bcie nadal b\u0119d\u0105 mogli korzysta\u0107 z r\u00f3\u017cnych opcji gastronomicznych, w tym bufetu, menu i karty A La Carte, gdzie restauracje b\u0119d\u0105 stopniowo otwierane w zale\u017cno\u015bci od ob\u0142o\u017cenia hotelu.<\/li>\n<li>Na pla\u017cy i przy basenach nale\u017cy \u015bci\u015ble przestrzega\u0107 bezpiecznej odleg\u0142o\u015bci 4 m mi\u0119dzy parasolami; ka\u017cdy parasol i dwa le\u017caki ustawione s\u0105 w odleg\u0142o\u015bci 2 m od siebie.<\/li>\n<li>1 osoba na <sup>5m2<\/sup> wody w basenach<\/li>\n<li>Sport, si\u0142ownie, salony fryzjerskie, spa &#8211; dzia\u0142aj\u0105ce wy\u0142\u0105cznie w oparciu o protoko\u0142y<\/li>\n<li>Ci\u0105g\u0142e rygorystyczne kontrole przeprowadzane przez nasze wyspecjalizowane zespo\u0142y w zakresie zgodno\u015bci i wdra\u017cania wszystkich \u015brodk\u00f3w i protoko\u0142\u00f3w dotycz\u0105cych Pa\u0144stwa higieny i bezpiecze\u0144stwa.<\/li>\n<\/ul>\n<p>&nbsp;<\/p>\n<p><strong>Nasze hotele zostan\u0105 ponownie otwarte w nast\u0119puj\u0105cych terminach:<\/strong> TUI BLUE PIONEER BEACH HOTEL 28\/06\/2020 CONSTANTINOU BROS ATHENA BEACH HOTEL 01\/08\/2020 CONSTANTINOU BROS ATHENA ROYAL BEACH HOTEL 01\/08\/2020 CONSTANTINOU BROS ASIMINA SUITES HOTEL 02\/07\/2020 \u00a0 Uprzejmie prosimy o kontakt z konsultantem ds. podr\u00f3\u017cy w celu uzyskania informacji o naszych ofertach specjalnych lub odwiedzenie naszej strony internetowej <a href=\"http:\/\/www.cbh-cyprus.com\">www.cbh-cyprus.com<\/a>\u00a0 Z niecierpliwo\u015bci\u0105 czekamy na Pa\u0144stwa powr\u00f3t i zaoferowanie niezapomnianych wakacji na poziomie go\u015bcinno\u015bci, do kt\u00f3rego s\u0105 Pa\u0144stwo przyzwyczajeni i kt\u00f3ry docenili przez te wszystkie lata, wzbogacony o jeszcze wi\u0119ksz\u0105 trosk\u0119 o Pa\u0144stwa i Pa\u0144stwa bliskich.<\/p>\n","protected":false},"excerpt":{"rendered":"<p>W Constantinou Bros Hotels mamy przyjemno\u015b\u0107 og\u0142osi\u0107 ponowne otwarcie wszystkich naszych hoteli. Niew\u0105tpliwie by\u0142a to trudna sytuacja dla ca\u0142ej planety, jednak rygorystyczne \u015brodki, kt\u00f3re zosta\u0142y natychmiast podj\u0119te przez rz\u0105d Cypru i wk\u0142ad wszystkich w ich przestrzeganie, szybko przynios\u0142y efekty. \u015awiatowa Organizacja Zdrowia oficjalnie og\u0142osi\u0142a Cypr &#8220;najbezpieczniejszym krajem \u015br\u00f3dziemnomorskim i pi\u0105tym najbezpieczniejszym krajem na \u015bwiecie&#8221;. Po<\/p>\n","protected":false},"author":100,"featured_media":0,"parent":11282,"menu_order":0,"comment_status":"closed","ping_status":"closed","template":"","meta":{"_acf_changed":false,"footnotes":""},"class_list":["post-11586","page","type-page","status-publish","hentry"],"acf":[],"yoast_head":"<!-- This site is optimized with the Yoast SEO plugin v27.5 - https:\/\/yoast.com\/product\/yoast-seo-wordpress\/ -->\n<title>W Constantinou Bros Hotels mamy przyjemno\u015b\u0107 og\u0142osi\u0107 ponowne otwarcie wszystkich naszych hoteli - Pioneer Beach Hotel<\/title>\n<meta name=\"robots\" content=\"index, follow, max-snippet:-1, max-image-preview:large, max-video-preview:-1\" \/>\n<link rel=\"canonical\" href=\"https:\/\/www.pioneer-cbh.com\/pl\/wiadomosci\/w-constantinou-bros-hotels-mamy-przyjemnosc-oglosic-otwarcie-wszystkich-naszych-hoteli\/\" \/>\n<meta property=\"og:locale\" content=\"pl_PL\" \/>\n<meta property=\"og:type\" content=\"article\" \/>\n<meta property=\"og:title\" content=\"W Constantinou Bros Hotels mamy przyjemno\u015b\u0107 og\u0142osi\u0107 ponowne otwarcie wszystkich naszych hoteli - Pioneer Beach Hotel\" \/>\n<meta property=\"og:description\" content=\"W Constantinou Bros Hotels mamy przyjemno\u015b\u0107 og\u0142osi\u0107 ponowne otwarcie wszystkich naszych hoteli. Niew\u0105tpliwie by\u0142a to trudna sytuacja dla ca\u0142ej planety, jednak rygorystyczne \u015brodki, kt\u00f3re zosta\u0142y natychmiast podj\u0119te przez rz\u0105d Cypru i wk\u0142ad wszystkich w ich przestrzeganie, szybko przynios\u0142y efekty. \u015awiatowa Organizacja Zdrowia oficjalnie og\u0142osi\u0142a Cypr &#8220;najbezpieczniejszym krajem \u015br\u00f3dziemnomorskim i pi\u0105tym najbezpieczniejszym krajem na \u015bwiecie&#8221;. Po\" \/>\n<meta property=\"og:url\" content=\"https:\/\/www.pioneer-cbh.com\/pl\/wiadomosci\/w-constantinou-bros-hotels-mamy-przyjemnosc-oglosic-otwarcie-wszystkich-naszych-hoteli\/\" \/>\n<meta property=\"og:site_name\" content=\"Pioneer Beach Hotel\" \/>\n<meta property=\"article:modified_time\" content=\"2024-09-17T14:48:50+00:00\" \/>\n<meta name=\"twitter:card\" content=\"summary_large_image\" \/>\n<meta name=\"twitter:label1\" content=\"Est. reading time\" \/>\n\t<meta name=\"twitter:data1\" content=\"3 minutes\" \/>\n<script type=\"application\/ld+json\" class=\"yoast-schema-graph\">{\"@context\":\"https:\\\/\\\/schema.org\",\"@graph\":[{\"@type\":\"WebPage\",\"@id\":\"https:\\\/\\\/www.pioneer-cbh.com\\\/pl\\\/wiadomosci\\\/w-constantinou-bros-hotels-mamy-przyjemnosc-oglosic-otwarcie-wszystkich-naszych-hoteli\\\/\",\"url\":\"https:\\\/\\\/www.pioneer-cbh.com\\\/pl\\\/wiadomosci\\\/w-constantinou-bros-hotels-mamy-przyjemnosc-oglosic-otwarcie-wszystkich-naszych-hoteli\\\/\",\"name\":\"W Constantinou Bros Hotels mamy przyjemno\u015b\u0107 og\u0142osi\u0107 ponowne otwarcie wszystkich naszych hoteli - Pioneer Beach Hotel\",\"isPartOf\":{\"@id\":\"https:\\\/\\\/www.pioneer-cbh.com\\\/pl\\\/#website\"},\"datePublished\":\"2024-07-23T08:34:52+00:00\",\"dateModified\":\"2024-09-17T14:48:50+00:00\",\"breadcrumb\":{\"@id\":\"https:\\\/\\\/www.pioneer-cbh.com\\\/pl\\\/wiadomosci\\\/w-constantinou-bros-hotels-mamy-przyjemnosc-oglosic-otwarcie-wszystkich-naszych-hoteli\\\/#breadcrumb\"},\"inLanguage\":\"pl-PL\",\"potentialAction\":[{\"@type\":\"ReadAction\",\"target\":[\"https:\\\/\\\/www.pioneer-cbh.com\\\/pl\\\/wiadomosci\\\/w-constantinou-bros-hotels-mamy-przyjemnosc-oglosic-otwarcie-wszystkich-naszych-hoteli\\\/\"]}]},{\"@type\":\"BreadcrumbList\",\"@id\":\"https:\\\/\\\/www.pioneer-cbh.com\\\/pl\\\/wiadomosci\\\/w-constantinou-bros-hotels-mamy-przyjemnosc-oglosic-otwarcie-wszystkich-naszych-hoteli\\\/#breadcrumb\",\"itemListElement\":[{\"@type\":\"ListItem\",\"position\":1,\"name\":\"Home\",\"item\":\"https:\\\/\\\/www.pioneer-cbh.com\\\/pl\\\/\"},{\"@type\":\"ListItem\",\"position\":2,\"name\":\"BLOG\",\"item\":\"https:\\\/\\\/www.pioneer-cbh.com\\\/pl\\\/wiadomosci\\\/\"},{\"@type\":\"ListItem\",\"position\":3,\"name\":\"W Constantinou Bros Hotels mamy przyjemno\u015b\u0107 og\u0142osi\u0107 ponowne otwarcie wszystkich naszych hoteli\"}]},{\"@type\":\"WebSite\",\"@id\":\"https:\\\/\\\/www.pioneer-cbh.com\\\/pl\\\/#website\",\"url\":\"https:\\\/\\\/www.pioneer-cbh.com\\\/pl\\\/\",\"name\":\"Pioneer Beach Hotel\",\"description\":\"Constantinou Bros Pioneer Beach Hotel, 4 star hotel in Paphos Cyprus\",\"potentialAction\":[{\"@type\":\"SearchAction\",\"target\":{\"@type\":\"EntryPoint\",\"urlTemplate\":\"https:\\\/\\\/www.pioneer-cbh.com\\\/pl\\\/?s={search_term_string}\"},\"query-input\":{\"@type\":\"PropertyValueSpecification\",\"valueRequired\":true,\"valueName\":\"search_term_string\"}}],\"inLanguage\":\"pl-PL\"}]}<\/script>\n<!-- \/ Yoast SEO plugin. -->","yoast_head_json":{"title":"W Constantinou Bros Hotels mamy przyjemno\u015b\u0107 og\u0142osi\u0107 ponowne otwarcie wszystkich naszych hoteli - Pioneer Beach Hotel","robots":{"index":"index","follow":"follow","max-snippet":"max-snippet:-1","max-image-preview":"max-image-preview:large","max-video-preview":"max-video-preview:-1"},"canonical":"https:\/\/www.pioneer-cbh.com\/pl\/wiadomosci\/w-constantinou-bros-hotels-mamy-przyjemnosc-oglosic-otwarcie-wszystkich-naszych-hoteli\/","og_locale":"pl_PL","og_type":"article","og_title":"W Constantinou Bros Hotels mamy przyjemno\u015b\u0107 og\u0142osi\u0107 ponowne otwarcie wszystkich naszych hoteli - Pioneer Beach Hotel","og_description":"W Constantinou Bros Hotels mamy przyjemno\u015b\u0107 og\u0142osi\u0107 ponowne otwarcie wszystkich naszych hoteli. Niew\u0105tpliwie by\u0142a to trudna sytuacja dla ca\u0142ej planety, jednak rygorystyczne \u015brodki, kt\u00f3re zosta\u0142y natychmiast podj\u0119te przez rz\u0105d Cypru i wk\u0142ad wszystkich w ich przestrzeganie, szybko przynios\u0142y efekty. \u015awiatowa Organizacja Zdrowia oficjalnie og\u0142osi\u0142a Cypr &#8220;najbezpieczniejszym krajem \u015br\u00f3dziemnomorskim i pi\u0105tym najbezpieczniejszym krajem na \u015bwiecie&#8221;. Po","og_url":"https:\/\/www.pioneer-cbh.com\/pl\/wiadomosci\/w-constantinou-bros-hotels-mamy-przyjemnosc-oglosic-otwarcie-wszystkich-naszych-hoteli\/","og_site_name":"Pioneer Beach Hotel","article_modified_time":"2024-09-17T14:48:50+00:00","twitter_card":"summary_large_image","twitter_misc":{"Est. reading time":"3 minutes"},"schema":{"@context":"https:\/\/schema.org","@graph":[{"@type":"WebPage","@id":"https:\/\/www.pioneer-cbh.com\/pl\/wiadomosci\/w-constantinou-bros-hotels-mamy-przyjemnosc-oglosic-otwarcie-wszystkich-naszych-hoteli\/","url":"https:\/\/www.pioneer-cbh.com\/pl\/wiadomosci\/w-constantinou-bros-hotels-mamy-przyjemnosc-oglosic-otwarcie-wszystkich-naszych-hoteli\/","name":"W Constantinou Bros Hotels mamy przyjemno\u015b\u0107 og\u0142osi\u0107 ponowne otwarcie wszystkich naszych hoteli - Pioneer Beach Hotel","isPartOf":{"@id":"https:\/\/www.pioneer-cbh.com\/pl\/#website"},"datePublished":"2024-07-23T08:34:52+00:00","dateModified":"2024-09-17T14:48:50+00:00","breadcrumb":{"@id":"https:\/\/www.pioneer-cbh.com\/pl\/wiadomosci\/w-constantinou-bros-hotels-mamy-przyjemnosc-oglosic-otwarcie-wszystkich-naszych-hoteli\/#breadcrumb"},"inLanguage":"pl-PL","potentialAction":[{"@type":"ReadAction","target":["https:\/\/www.pioneer-cbh.com\/pl\/wiadomosci\/w-constantinou-bros-hotels-mamy-przyjemnosc-oglosic-otwarcie-wszystkich-naszych-hoteli\/"]}]},{"@type":"BreadcrumbList","@id":"https:\/\/www.pioneer-cbh.com\/pl\/wiadomosci\/w-constantinou-bros-hotels-mamy-przyjemnosc-oglosic-otwarcie-wszystkich-naszych-hoteli\/#breadcrumb","itemListElement":[{"@type":"ListItem","position":1,"name":"Home","item":"https:\/\/www.pioneer-cbh.com\/pl\/"},{"@type":"ListItem","position":2,"name":"BLOG","item":"https:\/\/www.pioneer-cbh.com\/pl\/wiadomosci\/"},{"@type":"ListItem","position":3,"name":"W Constantinou Bros Hotels mamy przyjemno\u015b\u0107 og\u0142osi\u0107 ponowne otwarcie wszystkich naszych hoteli"}]},{"@type":"WebSite","@id":"https:\/\/www.pioneer-cbh.com\/pl\/#website","url":"https:\/\/www.pioneer-cbh.com\/pl\/","name":"Pioneer Beach Hotel","description":"Constantinou Bros Pioneer Beach Hotel, 4 star hotel in Paphos Cyprus","potentialAction":[{"@type":"SearchAction","target":{"@type":"EntryPoint","urlTemplate":"https:\/\/www.pioneer-cbh.com\/pl\/?s={search_term_string}"},"query-input":{"@type":"PropertyValueSpecification","valueRequired":true,"valueName":"search_term_string"}}],"inLanguage":"pl-PL"}]}},"_links":{"self":[{"href":"https:\/\/www.pioneer-cbh.com\/pl\/wp-json\/wp\/v2\/pages\/11586","targetHints":{"allow":["GET"]}}],"collection":[{"href":"https:\/\/www.pioneer-cbh.com\/pl\/wp-json\/wp\/v2\/pages"}],"about":[{"href":"https:\/\/www.pioneer-cbh.com\/pl\/wp-json\/wp\/v2\/types\/page"}],"author":[{"embeddable":true,"href":"https:\/\/www.pioneer-cbh.com\/pl\/wp-json\/wp\/v2\/users\/100"}],"replies":[{"embeddable":true,"href":"https:\/\/www.pioneer-cbh.com\/pl\/wp-json\/wp\/v2\/comments?post=11586"}],"version-history":[{"count":1,"href":"https:\/\/www.pioneer-cbh.com\/pl\/wp-json\/wp\/v2\/pages\/11586\/revisions"}],"predecessor-version":[{"id":12493,"href":"https:\/\/www.pioneer-cbh.com\/pl\/wp-json\/wp\/v2\/pages\/11586\/revisions\/12493"}],"up":[{"embeddable":true,"href":"https:\/\/www.pioneer-cbh.com\/pl\/wp-json\/wp\/v2\/pages\/11282"}],"wp:attachment":[{"href":"https:\/\/www.pioneer-cbh.com\/pl\/wp-json\/wp\/v2\/media?parent=11586"}],"curies":[{"name":"wp","href":"https:\/\/api.w.org\/{rel}","templated":true}]}}