{"id":11566,"date":"2024-07-23T11:34:42","date_gmt":"2024-07-23T08:34:42","guid":{"rendered":"https:\/\/www.pioneer-cbh.com\/wiadomosci\/covid-19-aktualizacja\/"},"modified":"2024-09-17T17:49:35","modified_gmt":"2024-09-17T14:49:35","slug":"covid-19-aktualizacja","status":"publish","type":"page","link":"https:\/\/www.pioneer-cbh.com\/pl\/wiadomosci\/covid-19-aktualizacja\/","title":{"rendered":"AKTUALIZACJA COVID-19"},"content":{"rendered":"<p style=\"text-align: left;\"><strong><em>Promie\u0144 z\u0142otego \u015bwiat\u0142a stale pojawia si\u0119 na ko\u0144cu tunelu&#8230;<\/em><\/strong><\/p>\n<p style=\"text-align: left;\">Cypr, podobnie jak reszta \u015bwiata, r\u00f3wnie\u017c zosta\u0142 zmuszony do ca\u0142kowitego &#8220;zamkni\u0119cia&#8221;, aby zapobiec rozprzestrzenianiu si\u0119 COVID-19.<br \/>\nPodj\u0119te \u015brodki by\u0142y absolutnie rygorystyczne od pierwszego przypadku zg\u0142oszonego na wyspie, aby ograniczy\u0107 rozprzestrzenianie si\u0119 wirusa i zapewni\u0107 szybk\u0105 eliminacj\u0119 tej bezprecedensowej sytuacji.<\/p>\n<p style=\"text-align: left;\">Wszystkie porty wjazdowe zosta\u0142y ca\u0142kowicie zamkni\u0119te, a dzia\u0142alno\u015b\u0107 gospodarcza (z wyj\u0105tkiem supermarket\u00f3w, aptek i podstawowych us\u0142ug), zar\u00f3wno w sektorze prywatnym, jak i publicznym, zosta\u0142a ca\u0142kowicie wstrzymana.<br \/>\nZezwolenie na wyj\u015bcie z domu by\u0142o wydawane raz dziennie przez rz\u0105d za po\u015brednictwem SMS-a zatwierdzaj\u0105cego, a pe\u0142na wieczorna godzina policyjna by\u0142a egzekwowana od 21:00 do 6:00 rano.<\/p>\n<p style=\"text-align: left;\">Podr\u00f3\u017c by\u0142a bardzo trudna, jednak surowe ograniczenia by\u0142y warte naszych wysi\u0142k\u00f3w.<br \/>\nOd poniedzia\u0142ku<sup>4<\/sup> maja otrzymali\u015bmy zgod\u0119 na wej\u015bcie w <strong>faz\u0119 1<\/strong> \u0142agodzenia w kierunku wyj\u015bcia z blokady!<\/p>\n<p style=\"text-align: left;\">Mi\u0119dzy innymi stopniowo otwierano ma\u0142e sklepy i niekt\u00f3re firmy, w tym firmy turystyczne, przy zachowaniu \u015bcis\u0142ych \u015brodk\u00f3w higieny i dystansu spo\u0142ecznego.<br \/>\nNadal jednak wymagane jest wysy\u0142anie SMS-\u00f3w w celu uzyskania pozwolenia na wyj\u015bcie z domu, a wieczorna godzina policyjna zosta\u0142a przesuni\u0119ta o godzin\u0119 p\u00f3\u017aniej (od 22:00 do 6:00 rano).<\/p>\n<p style=\"text-align: left;\">Je\u015bli uda nam si\u0119 utrzyma\u0107 liczb\u0119 nowych przypadk\u00f3w na poziomie jednocyfrowym, w\u00f3wczas <strong>Faza 2<\/strong> &#8220;drogi do wyj\u015bcia z lockdownu&#8221; zostanie wdro\u017cona mi\u0119dzy<sup>21<\/sup> maja a<sup>8<\/sup> czerwca.<br \/>\nObejmie to ponowne otwarcie salon\u00f3w fryzjerskich i kosmetycznych, us\u0142ug gastronomicznych na \u015bwie\u017cym powietrzu, muze\u00f3w i stanowisk archeologicznych, by wymieni\u0107 tylko kilka.<br \/>\nZezwolenie na przemieszczanie si\u0119 za pomoc\u0105 wiadomo\u015bci SMS zostanie ca\u0142kowicie zniesione, w tym r\u00f3wnie\u017c indywidualne przemieszczanie si\u0119 mi\u0119dzy godzin\u0105 22:00 a 6:00 rano&#8230; dozwolone b\u0119d\u0105 jednak tylko zgromadzenia licz\u0105ce maksymalnie 10 os\u00f3b.<\/p>\n<p style=\"text-align: left;\"><strong>Faza 3<\/strong> (<sup>9<\/sup> czerwca &#8211;<sup>13<\/sup> lipca) najprawdopodobniej obejmie otwarcie kolejnych obiekt\u00f3w, w tym lotnisk (stopniowo i warunkowo), hoteli i pla\u017c, a tak\u017ce us\u0142ug gastronomicznych wewn\u0105trz i na zewn\u0105trz budynk\u00f3w, wraz ze zniesieniem wszelkich ogranicze\u0144 w przemieszczaniu si\u0119 os\u00f3b.<br \/>\nOczywi\u015bcie ten bardzo wa\u017cny krok poci\u0105gnie za sob\u0105 kompleksowe \u015brodki higieny i ochrony zar\u00f3wno dla odwiedzaj\u0105cych Cypr, jak i dla personelu obs\u0142uguj\u0105cego wszystkie odpowiednie plac\u00f3wki.<br \/>\nWiceminister turystyki we wsp\u00f3\u0142pracy z zarz\u0105dem Cypryjskiego Stowarzyszenia Hotelarzy i hotelarzami na wyspie ci\u0119\u017cko pracuj\u0105 nad stworzeniem skutecznej kampanii, kt\u00f3ra zostanie zastosowana.<\/p>\n<p style=\"text-align: left;\">W <strong>fazie 4<\/strong> (od<sup>14<\/sup> lipca) wszystkie teatry, kina, festiwale, kasyna itp. zostan\u0105 ponownie otwarte dla publiczno\u015bci.<\/p>\n<p style=\"text-align: left;\">Droga powrotna do &#8220;normalno\u015bci&#8221; z pewno\u015bci\u0105 b\u0119dzie stopniowa, jednak chcieliby\u015bmy zapewni\u0107 Pa\u0144stwa, \u017ce Constantinou Bros Hotels podj\u0119\u0142o zrewidowane \u015brodki i wdro\u017cy\u0142o jeszcze bardziej rygorystyczne protoko\u0142y, aby zapewni\u0107, \u017ce po otrzymaniu zielonego \u015bwiat\u0142a, zdrowie i dobre samopoczucie naszych go\u015bci zostanie zabezpieczone po ponownym uruchomieniu naszych hoteli.<\/p>\n<p style=\"text-align: left;\">Prosz\u0119 by\u0107 bezpiecznym &#8230; nie mo\u017cemy si\u0119 doczeka\u0107, aby zobaczy\u0107 was wszystkich z powrotem w s\u0142onecznym Pafos &#8230; ju\u017c wkr\u00f3tce!<\/p>\n","protected":false},"excerpt":{"rendered":"<p>Promie\u0144 z\u0142otego \u015bwiat\u0142a stale pojawia si\u0119 na ko\u0144cu tunelu&#8230; Cypr, podobnie jak reszta \u015bwiata, r\u00f3wnie\u017c zosta\u0142 zmuszony do ca\u0142kowitego &#8220;zamkni\u0119cia&#8221;, aby zapobiec rozprzestrzenianiu si\u0119 COVID-19. Podj\u0119te \u015brodki by\u0142y absolutnie rygorystyczne od pierwszego przypadku zg\u0142oszonego na wyspie, aby ograniczy\u0107 rozprzestrzenianie si\u0119 wirusa i zapewni\u0107 szybk\u0105 eliminacj\u0119 tej bezprecedensowej sytuacji. Wszystkie porty wjazdowe zosta\u0142y ca\u0142kowicie zamkni\u0119te, a<\/p>\n","protected":false},"author":100,"featured_media":11568,"parent":11282,"menu_order":0,"comment_status":"closed","ping_status":"closed","template":"","meta":{"_acf_changed":false,"footnotes":""},"class_list":["post-11566","page","type-page","status-publish","has-post-thumbnail","hentry"],"acf":[],"yoast_head":"<!-- This site is optimized with the Yoast SEO plugin v27.5 - https:\/\/yoast.com\/product\/yoast-seo-wordpress\/ -->\n<title>AKTUALIZACJA COVID-19 - Pioneer Beach Hotel<\/title>\n<meta name=\"robots\" content=\"index, follow, max-snippet:-1, max-image-preview:large, max-video-preview:-1\" \/>\n<link rel=\"canonical\" href=\"https:\/\/www.pioneer-cbh.com\/pl\/wiadomosci\/covid-19-aktualizacja\/\" \/>\n<meta property=\"og:locale\" content=\"pl_PL\" \/>\n<meta property=\"og:type\" content=\"article\" \/>\n<meta property=\"og:title\" content=\"AKTUALIZACJA COVID-19 - Pioneer Beach Hotel\" \/>\n<meta property=\"og:description\" content=\"Promie\u0144 z\u0142otego \u015bwiat\u0142a stale pojawia si\u0119 na ko\u0144cu tunelu&#8230; Cypr, podobnie jak reszta \u015bwiata, r\u00f3wnie\u017c zosta\u0142 zmuszony do ca\u0142kowitego &#8220;zamkni\u0119cia&#8221;, aby zapobiec rozprzestrzenianiu si\u0119 COVID-19. Podj\u0119te \u015brodki by\u0142y absolutnie rygorystyczne od pierwszego przypadku zg\u0142oszonego na wyspie, aby ograniczy\u0107 rozprzestrzenianie si\u0119 wirusa i zapewni\u0107 szybk\u0105 eliminacj\u0119 tej bezprecedensowej sytuacji. Wszystkie porty wjazdowe zosta\u0142y ca\u0142kowicie zamkni\u0119te, a\" \/>\n<meta property=\"og:url\" content=\"https:\/\/www.pioneer-cbh.com\/pl\/wiadomosci\/covid-19-aktualizacja\/\" \/>\n<meta property=\"og:site_name\" content=\"Pioneer Beach Hotel\" \/>\n<meta property=\"article:modified_time\" content=\"2024-09-17T14:49:35+00:00\" \/>\n<meta property=\"og:image\" content=\"https:\/\/www.pioneer-cbh.com\/app\/uploads\/sites\/33\/2020\/05\/Polish_20200507_214138271.jpg\" \/>\n\t<meta property=\"og:image:width\" content=\"1920\" \/>\n\t<meta property=\"og:image:height\" content=\"1920\" \/>\n\t<meta property=\"og:image:type\" content=\"image\/jpeg\" \/>\n<meta name=\"twitter:card\" content=\"summary_large_image\" \/>\n<meta name=\"twitter:label1\" content=\"Est. reading time\" \/>\n\t<meta name=\"twitter:data1\" content=\"3 minutes\" \/>\n<script type=\"application\/ld+json\" class=\"yoast-schema-graph\">{\"@context\":\"https:\\\/\\\/schema.org\",\"@graph\":[{\"@type\":\"WebPage\",\"@id\":\"https:\\\/\\\/www.pioneer-cbh.com\\\/pl\\\/wiadomosci\\\/covid-19-aktualizacja\\\/\",\"url\":\"https:\\\/\\\/www.pioneer-cbh.com\\\/pl\\\/wiadomosci\\\/covid-19-aktualizacja\\\/\",\"name\":\"AKTUALIZACJA COVID-19 - Pioneer Beach Hotel\",\"isPartOf\":{\"@id\":\"https:\\\/\\\/www.pioneer-cbh.com\\\/pl\\\/#website\"},\"primaryImageOfPage\":{\"@id\":\"https:\\\/\\\/www.pioneer-cbh.com\\\/pl\\\/wiadomosci\\\/covid-19-aktualizacja\\\/#primaryimage\"},\"image\":{\"@id\":\"https:\\\/\\\/www.pioneer-cbh.com\\\/pl\\\/wiadomosci\\\/covid-19-aktualizacja\\\/#primaryimage\"},\"thumbnailUrl\":\"https:\\\/\\\/www.pioneer-cbh.com\\\/app\\\/uploads\\\/sites\\\/33\\\/2020\\\/05\\\/Polish_20200507_214138271.jpg\",\"datePublished\":\"2024-07-23T08:34:42+00:00\",\"dateModified\":\"2024-09-17T14:49:35+00:00\",\"breadcrumb\":{\"@id\":\"https:\\\/\\\/www.pioneer-cbh.com\\\/pl\\\/wiadomosci\\\/covid-19-aktualizacja\\\/#breadcrumb\"},\"inLanguage\":\"pl-PL\",\"potentialAction\":[{\"@type\":\"ReadAction\",\"target\":[\"https:\\\/\\\/www.pioneer-cbh.com\\\/pl\\\/wiadomosci\\\/covid-19-aktualizacja\\\/\"]}]},{\"@type\":\"ImageObject\",\"inLanguage\":\"pl-PL\",\"@id\":\"https:\\\/\\\/www.pioneer-cbh.com\\\/pl\\\/wiadomosci\\\/covid-19-aktualizacja\\\/#primaryimage\",\"url\":\"https:\\\/\\\/www.pioneer-cbh.com\\\/app\\\/uploads\\\/sites\\\/33\\\/2020\\\/05\\\/Polish_20200507_214138271.jpg\",\"contentUrl\":\"https:\\\/\\\/www.pioneer-cbh.com\\\/app\\\/uploads\\\/sites\\\/33\\\/2020\\\/05\\\/Polish_20200507_214138271.jpg\",\"width\":1920,\"height\":1920},{\"@type\":\"BreadcrumbList\",\"@id\":\"https:\\\/\\\/www.pioneer-cbh.com\\\/pl\\\/wiadomosci\\\/covid-19-aktualizacja\\\/#breadcrumb\",\"itemListElement\":[{\"@type\":\"ListItem\",\"position\":1,\"name\":\"Home\",\"item\":\"https:\\\/\\\/www.pioneer-cbh.com\\\/pl\\\/\"},{\"@type\":\"ListItem\",\"position\":2,\"name\":\"BLOG\",\"item\":\"https:\\\/\\\/www.pioneer-cbh.com\\\/pl\\\/wiadomosci\\\/\"},{\"@type\":\"ListItem\",\"position\":3,\"name\":\"AKTUALIZACJA COVID-19\"}]},{\"@type\":\"WebSite\",\"@id\":\"https:\\\/\\\/www.pioneer-cbh.com\\\/pl\\\/#website\",\"url\":\"https:\\\/\\\/www.pioneer-cbh.com\\\/pl\\\/\",\"name\":\"Pioneer Beach Hotel\",\"description\":\"Constantinou Bros Pioneer Beach Hotel, 4 star hotel in Paphos Cyprus\",\"potentialAction\":[{\"@type\":\"SearchAction\",\"target\":{\"@type\":\"EntryPoint\",\"urlTemplate\":\"https:\\\/\\\/www.pioneer-cbh.com\\\/pl\\\/?s={search_term_string}\"},\"query-input\":{\"@type\":\"PropertyValueSpecification\",\"valueRequired\":true,\"valueName\":\"search_term_string\"}}],\"inLanguage\":\"pl-PL\"}]}<\/script>\n<!-- \/ Yoast SEO plugin. -->","yoast_head_json":{"title":"AKTUALIZACJA COVID-19 - Pioneer Beach Hotel","robots":{"index":"index","follow":"follow","max-snippet":"max-snippet:-1","max-image-preview":"max-image-preview:large","max-video-preview":"max-video-preview:-1"},"canonical":"https:\/\/www.pioneer-cbh.com\/pl\/wiadomosci\/covid-19-aktualizacja\/","og_locale":"pl_PL","og_type":"article","og_title":"AKTUALIZACJA COVID-19 - Pioneer Beach Hotel","og_description":"Promie\u0144 z\u0142otego \u015bwiat\u0142a stale pojawia si\u0119 na ko\u0144cu tunelu&#8230; Cypr, podobnie jak reszta \u015bwiata, r\u00f3wnie\u017c zosta\u0142 zmuszony do ca\u0142kowitego &#8220;zamkni\u0119cia&#8221;, aby zapobiec rozprzestrzenianiu si\u0119 COVID-19. Podj\u0119te \u015brodki by\u0142y absolutnie rygorystyczne od pierwszego przypadku zg\u0142oszonego na wyspie, aby ograniczy\u0107 rozprzestrzenianie si\u0119 wirusa i zapewni\u0107 szybk\u0105 eliminacj\u0119 tej bezprecedensowej sytuacji. Wszystkie porty wjazdowe zosta\u0142y ca\u0142kowicie zamkni\u0119te, a","og_url":"https:\/\/www.pioneer-cbh.com\/pl\/wiadomosci\/covid-19-aktualizacja\/","og_site_name":"Pioneer Beach Hotel","article_modified_time":"2024-09-17T14:49:35+00:00","og_image":[{"width":1920,"height":1920,"url":"https:\/\/www.pioneer-cbh.com\/app\/uploads\/sites\/33\/2020\/05\/Polish_20200507_214138271.jpg","type":"image\/jpeg"}],"twitter_card":"summary_large_image","twitter_misc":{"Est. reading time":"3 minutes"},"schema":{"@context":"https:\/\/schema.org","@graph":[{"@type":"WebPage","@id":"https:\/\/www.pioneer-cbh.com\/pl\/wiadomosci\/covid-19-aktualizacja\/","url":"https:\/\/www.pioneer-cbh.com\/pl\/wiadomosci\/covid-19-aktualizacja\/","name":"AKTUALIZACJA COVID-19 - Pioneer Beach Hotel","isPartOf":{"@id":"https:\/\/www.pioneer-cbh.com\/pl\/#website"},"primaryImageOfPage":{"@id":"https:\/\/www.pioneer-cbh.com\/pl\/wiadomosci\/covid-19-aktualizacja\/#primaryimage"},"image":{"@id":"https:\/\/www.pioneer-cbh.com\/pl\/wiadomosci\/covid-19-aktualizacja\/#primaryimage"},"thumbnailUrl":"https:\/\/www.pioneer-cbh.com\/app\/uploads\/sites\/33\/2020\/05\/Polish_20200507_214138271.jpg","datePublished":"2024-07-23T08:34:42+00:00","dateModified":"2024-09-17T14:49:35+00:00","breadcrumb":{"@id":"https:\/\/www.pioneer-cbh.com\/pl\/wiadomosci\/covid-19-aktualizacja\/#breadcrumb"},"inLanguage":"pl-PL","potentialAction":[{"@type":"ReadAction","target":["https:\/\/www.pioneer-cbh.com\/pl\/wiadomosci\/covid-19-aktualizacja\/"]}]},{"@type":"ImageObject","inLanguage":"pl-PL","@id":"https:\/\/www.pioneer-cbh.com\/pl\/wiadomosci\/covid-19-aktualizacja\/#primaryimage","url":"https:\/\/www.pioneer-cbh.com\/app\/uploads\/sites\/33\/2020\/05\/Polish_20200507_214138271.jpg","contentUrl":"https:\/\/www.pioneer-cbh.com\/app\/uploads\/sites\/33\/2020\/05\/Polish_20200507_214138271.jpg","width":1920,"height":1920},{"@type":"BreadcrumbList","@id":"https:\/\/www.pioneer-cbh.com\/pl\/wiadomosci\/covid-19-aktualizacja\/#breadcrumb","itemListElement":[{"@type":"ListItem","position":1,"name":"Home","item":"https:\/\/www.pioneer-cbh.com\/pl\/"},{"@type":"ListItem","position":2,"name":"BLOG","item":"https:\/\/www.pioneer-cbh.com\/pl\/wiadomosci\/"},{"@type":"ListItem","position":3,"name":"AKTUALIZACJA COVID-19"}]},{"@type":"WebSite","@id":"https:\/\/www.pioneer-cbh.com\/pl\/#website","url":"https:\/\/www.pioneer-cbh.com\/pl\/","name":"Pioneer Beach Hotel","description":"Constantinou Bros Pioneer Beach Hotel, 4 star hotel in Paphos Cyprus","potentialAction":[{"@type":"SearchAction","target":{"@type":"EntryPoint","urlTemplate":"https:\/\/www.pioneer-cbh.com\/pl\/?s={search_term_string}"},"query-input":{"@type":"PropertyValueSpecification","valueRequired":true,"valueName":"search_term_string"}}],"inLanguage":"pl-PL"}]}},"_links":{"self":[{"href":"https:\/\/www.pioneer-cbh.com\/pl\/wp-json\/wp\/v2\/pages\/11566","targetHints":{"allow":["GET"]}}],"collection":[{"href":"https:\/\/www.pioneer-cbh.com\/pl\/wp-json\/wp\/v2\/pages"}],"about":[{"href":"https:\/\/www.pioneer-cbh.com\/pl\/wp-json\/wp\/v2\/types\/page"}],"author":[{"embeddable":true,"href":"https:\/\/www.pioneer-cbh.com\/pl\/wp-json\/wp\/v2\/users\/100"}],"replies":[{"embeddable":true,"href":"https:\/\/www.pioneer-cbh.com\/pl\/wp-json\/wp\/v2\/comments?post=11566"}],"version-history":[{"count":1,"href":"https:\/\/www.pioneer-cbh.com\/pl\/wp-json\/wp\/v2\/pages\/11566\/revisions"}],"predecessor-version":[{"id":12492,"href":"https:\/\/www.pioneer-cbh.com\/pl\/wp-json\/wp\/v2\/pages\/11566\/revisions\/12492"}],"up":[{"embeddable":true,"href":"https:\/\/www.pioneer-cbh.com\/pl\/wp-json\/wp\/v2\/pages\/11282"}],"wp:featuredmedia":[{"embeddable":true,"href":"https:\/\/www.pioneer-cbh.com\/pl\/wp-json\/wp\/v2\/media\/11568"}],"wp:attachment":[{"href":"https:\/\/www.pioneer-cbh.com\/pl\/wp-json\/wp\/v2\/media?parent=11566"}],"curies":[{"name":"wp","href":"https:\/\/api.w.org\/{rel}","templated":true}]}}