{"id":11553,"date":"2024-07-23T11:34:30","date_gmt":"2024-07-23T08:34:30","guid":{"rendered":"https:\/\/www.pioneer-cbh.com\/umowa-z-uzytkownikiem\/"},"modified":"2024-09-18T15:21:01","modified_gmt":"2024-09-18T12:21:01","slug":"umowa-z-uzytkownikiem","status":"publish","type":"page","link":"https:\/\/www.pioneer-cbh.com\/pl\/umowa-z-uzytkownikiem\/","title":{"rendered":"Umowa u\u017cytkownika"},"content":{"rendered":"<p>Copyright \u00a9 Constantinou Bros Hotels Ltd 2019.<br \/>\nWszelkie prawa zastrze\u017cone<\/p>\n<h4>Warunki korzystania ze stron internetowych Constantinou Bros Hotels:<\/h4>\n<p><a href=\"https:\/\/www.cbh-cyprus.com\" target=\"_blank\" rel=\"noopener noreferrer\">https:\/\/www.cbh-cyprus.com &#8211; CONSTANTINOU BROS HOTELS PUBLIC CO. <\/a><br \/>\n<a href=\"https:\/\/www.athena-cbh.com\" target=\"_blank\" rel=\"noopener noreferrer\">https:\/\/www.athena-cbh.com &#8211; ATHENA BEACH HOTEL = CONSTANTINOU BROS HOTELS PUBLIC CO. <\/a><br \/>\n<a href=\"https:\/\/www.athenaroyal-cbh.com\" target=\"_blank\" rel=\"noopener noreferrer\">https:\/\/www.athenaroyal-cbh.com &#8211; ATHENA ROYA BEACH HOTEL = LAYSTER INVESTMENTS PLC &#8211; HE 106396 &#8211; THEAS APHRODITES AVENUE 8101, PAPHOS<\/a><a href=\"https:\/\/www.pioneer-cbh.com\" target=\"_blank\" rel=\"noopener noreferrer\">https:\/\/www.pioneer-cbh.com &#8211; PIONEER BEACH HOTEL = KINGS HEAD DEVELOPMENT PLC &#8211; HE 11041 &#8211; THEAS APHRODITES AVENUE 8101, PAPHOS<\/a><a href=\"https:\/\/www.asimina-cbh.com\" target=\"_blank\" rel=\"noopener noreferrer\">https:\/\/www.asimina-cbh.com &#8211; ASIMINA SUITES HOTEL = PAPHOS STONE C. ESTATES PLC &#8211; HE 10098 &#8211; THEAS APHRODITES AVENUE 8101, PAPHOS<\/a><br \/>\n<a href=\"https:\/\/www.cbh-loyaltyclub.com\" target=\"_blank\" rel=\"noopener noreferrer\">https:\/\/www.cbh-loyaltyclub.com &#8211; CONSTANTINOU BROS HOTELS PUBLIC CO. <\/a> U\u017cytkownicy maj\u0105 dost\u0119p do informacji i materia\u0142\u00f3w na naszych stronach internetowych wy\u0142\u0105cznie do u\u017cytku osobistego.<br \/>\nNie wolno Pa\u0144stwu modyfikowa\u0107, kopiowa\u0107 ani w inny spos\u00f3b rozpowszechnia\u0107 dokument\u00f3w Constantinou Bros Hotels i ich zawarto\u015bci, w tym zar\u00f3wno tekstu, jak i grafiki, bez wyra\u017anej zgody Constantinou Bros Hotels. <strong>Zastrze\u017cenie<\/strong> Constantinou Bros Hotels dok\u0142ada wszelkich stara\u0144, aby informacje zawarte na jej stronach internetowych by\u0142y dok\u0142adne.<br \/>\nConstantinou Bros Hotels nie udziela jednak \u017cadnej gwarancji, wyra\u017anej ani dorozumianej, co do ich dok\u0142adno\u015bci, poprawno\u015bci i kompletno\u015bci.<br \/>\nConstantinou Bros Hotels nie ponosi odpowiedzialno\u015bci za tre\u015b\u0107 zewn\u0119trznych stron internetowych, do kt\u00f3rych prowadz\u0105 hiper\u0142\u0105cza.<br \/>\nWzmianki o produktach lub us\u0142ugach stron trzecich s\u0142u\u017c\u0105 wy\u0142\u0105cznie celom informacyjnym i nie stanowi\u0105 poparcia ani rekomendacji. <strong>Prawa<\/strong> autorskie Wszystkie tre\u015bci zawarte na stronach internetowych Constantinou Bros Hotels, takie jak tekst, grafika, logo, ikony przycisk\u00f3w, obrazy, cyfrowe pliki do pobrania, kompilacje danych i oprogramowanie s\u0105 w\u0142asno\u015bci\u0105 Constantinou Bros Hotels, jej licencjodawc\u00f3w lub dostawc\u00f3w tre\u015bci i s\u0105 chronione cypryjskimi i mi\u0119dzynarodowymi prawami autorskimi.<br \/>\nKompilacja wszystkich tre\u015bci na tych stronach internetowych jest wy\u0142\u0105czn\u0105 w\u0142asno\u015bci\u0105 Constantinou Bros Hotels i jest chroniona przez cypryjskie i mi\u0119dzynarodowe prawa autorskie.<br \/>\nCa\u0142e oprogramowanie u\u017cywane na tych stronach internetowych jest w\u0142asno\u015bci\u0105 Constantinou Bros Hotels lub jej dostawc\u00f3w oprogramowania i jest chronione przez cypryjskie i mi\u0119dzynarodowe prawa autorskie. <strong>Znaki towar<\/strong> owe Znaki towarowe i wszystkie inne znaki pojawiaj\u0105ce si\u0119 w zwi\u0105zku z us\u0142ugami i produktami opisanymi na tych stronach internetowych nale\u017c\u0105 do Constantinou Bros Hotels lub odpowiednich w\u0142a\u015bcicieli takich znak\u00f3w i s\u0105 chronione przez cypryjskie i mi\u0119dzynarodowe prawa dotycz\u0105ce znak\u00f3w towarowych.<br \/>\nU\u017cywanie kt\u00f3regokolwiek z tych znak\u00f3w bez wyra\u017anej pisemnej zgody Constantinou Bros Hotels lub odpowiednio w\u0142a\u015bciciela znaku jest surowo zabronione. <strong>Komunikacja<\/strong> W odniesieniu do wszelkiej komunikacji z Constantinou Bros Hotels, w tym mi\u0119dzy innymi informacji zwrotnych, pyta\u0144, komentarzy i sugestii (&#8220;Komunikacja&#8221;):<br \/>\n(a) do Komunikacji nie ma zastosowania \u017cadne prawo do poufno\u015bci, a Constantinou Bros Hotels nie ma obowi\u0105zku ochrony Komunikacji przed ujawnieniem;<br \/>\n(b) Constantinou Bros Hotels mo\u017ce swobodnie powiela\u0107, wykorzystywa\u0107, ujawnia\u0107 i rozpowszechnia\u0107 Komunikaty innym osobom; oraz<br \/>\n(c) Constantinou Bros Hotels mo\u017ce swobodnie wykorzystywa\u0107 wszelkie pomys\u0142y, koncepcje, know-how lub techniki zawarte w Komunikacji w dowolnym celu, w tym, bez ogranicze\u0144, w celu rozwoju, produkcji i marketingu produkt\u00f3w i us\u0142ug, kt\u00f3re zawieraj\u0105 takie informacje.<br \/>\nProsimy u\u017cywa\u0107 poczty internetowej wy\u0142\u0105cznie do wysy\u0142ania nam niepoufnych notatek.<br \/>\nProsimy nie przesy\u0142a\u0107 poufnych informacji osobistych lub prywatnych.<br \/>\nDla Pa\u0144stwa ochrony nasze odpowiedzi nie b\u0119d\u0105 zawiera\u0107 \u017cadnych informacji poufnych.<br \/>\nProsimy nie u\u017cywa\u0107 internetowej poczty e-mail do wysy\u0142ania nam instrukcji dotycz\u0105cych transakcji.<br \/>\nKlienci, kt\u00f3rzy zdecyduj\u0105 si\u0119 wys\u0142a\u0107 do Constantinou Bros Hotels wiadomo\u015b\u0107 e-mail zawieraj\u0105c\u0105 poufne, prywatne lub osobiste informacje, robi\u0105 to wy\u0142\u0105cznie na w\u0142asne ryzyko. <strong>Komunikacja marketingowa &#8211; e-NEWSLETTERY<\/strong> Mo\u017cemy czasami wysy\u0142a\u0107 Pa\u0144stwu informacje o naszych produktach i us\u0142ugach, w tym wiadomo\u015bci o naszych hotelach lub zaproszenia na wydarzenia za po\u015brednictwem poczty elektronicznej (e-newslettery). W ka\u017cdej chwili mog\u0105 Pa\u0144stwo zrezygnowa\u0107 z otrzymywania tego e-biuletynu, wysy\u0142aj\u0105c do nas wiadomo\u015b\u0107 e-mail na adres <a href=\"mailto:newsletter@cbh-cyprus.com\">newsletter@cbh-cyprus.com<\/a> zawieraj\u0105c\u0105 s\u0142owo &#8220;UNSUBSCRIBE&#8221; w temacie wiadomo\u015bci. <strong>Je\u015bli maj\u0105 Pa\u0144stwo jakiekolwiek pytania, prosimy o kontakt pod adresem:<\/strong><strong>Adres: <\/strong> Theas Afroditis Ave.<br \/>\nP.O.Box 60182 CY 8101, Paphos, Cyprus Tel: 00357 <a href=\"tel:0035726965866\">26 965866<\/a> Fax: 00357 26 964867 E-mail: <a href=\"mailto:info@cbh-cyprus.com\">info@cbh-cyprus.com<\/a> Niniejsza Umowa u\u017cytkownika zosta\u0142a ostatnio zmodyfikowana 25 pa\u017adziernika 2019 r. <strong>\u00a9CONSTANTINOU BROS HOTELS LTD 2019<\/strong><\/p>\n","protected":false},"excerpt":{"rendered":"<p>Copyright \u00a9 Constantinou Bros Hotels Ltd 2019. Wszelkie prawa zastrze\u017cone Warunki korzystania ze stron internetowych Constantinou Bros Hotels: https:\/\/www.cbh-cyprus.com &#8211; CONSTANTINOU BROS HOTELS PUBLIC CO. https:\/\/www.athena-cbh.com &#8211; ATHENA BEACH HOTEL = CONSTANTINOU BROS HOTELS PUBLIC CO. https:\/\/www.athenaroyal-cbh.com &#8211; ATHENA ROYA BEACH HOTEL = LAYSTER INVESTMENTS PLC &#8211; HE 106396 &#8211; THEAS APHRODITES AVENUE 8101, PAPHOShttps:\/\/www.pioneer-cbh.com<\/p>\n","protected":false},"author":1,"featured_media":0,"parent":0,"menu_order":0,"comment_status":"closed","ping_status":"closed","template":"","meta":{"_acf_changed":false,"footnotes":""},"class_list":["post-11553","page","type-page","status-publish","hentry"],"acf":[],"yoast_head":"<!-- This site is optimized with the Yoast SEO plugin v27.5 - https:\/\/yoast.com\/product\/yoast-seo-wordpress\/ -->\n<title>Umowa u\u017cytkownika - Pioneer Beach Hotel<\/title>\n<meta name=\"description\" content=\"Tutaj znajd\u0105 Pa\u0144stwo Umow\u0119 U\u017cytkownika, kt\u00f3ra zosta\u0142a wdro\u017cona w Pioneer Beach Hotel w Pafos przez Constantinou Bros.\" \/>\n<meta name=\"robots\" content=\"index, follow, max-snippet:-1, max-image-preview:large, max-video-preview:-1\" \/>\n<link rel=\"canonical\" href=\"https:\/\/www.pioneer-cbh.com\/pl\/umowa-z-uzytkownikiem\/\" \/>\n<meta property=\"og:locale\" content=\"pl_PL\" \/>\n<meta property=\"og:type\" content=\"article\" \/>\n<meta property=\"og:title\" content=\"Umowa u\u017cytkownika - Pioneer Beach Hotel\" \/>\n<meta property=\"og:description\" content=\"Tutaj znajd\u0105 Pa\u0144stwo Umow\u0119 U\u017cytkownika, kt\u00f3ra zosta\u0142a wdro\u017cona w Pioneer Beach Hotel w Pafos przez Constantinou Bros.\" \/>\n<meta property=\"og:url\" content=\"https:\/\/www.pioneer-cbh.com\/pl\/umowa-z-uzytkownikiem\/\" \/>\n<meta property=\"og:site_name\" content=\"Pioneer Beach Hotel\" \/>\n<meta property=\"article:modified_time\" content=\"2024-09-18T12:21:01+00:00\" \/>\n<meta name=\"twitter:card\" content=\"summary_large_image\" \/>\n<meta name=\"twitter:label1\" content=\"Est. reading time\" \/>\n\t<meta name=\"twitter:data1\" content=\"4 minutes\" \/>\n<script type=\"application\/ld+json\" class=\"yoast-schema-graph\">{\"@context\":\"https:\\\/\\\/schema.org\",\"@graph\":[{\"@type\":\"WebPage\",\"@id\":\"https:\\\/\\\/www.pioneer-cbh.com\\\/pl\\\/umowa-z-uzytkownikiem\\\/\",\"url\":\"https:\\\/\\\/www.pioneer-cbh.com\\\/pl\\\/umowa-z-uzytkownikiem\\\/\",\"name\":\"Umowa u\u017cytkownika - Pioneer Beach Hotel\",\"isPartOf\":{\"@id\":\"https:\\\/\\\/www.pioneer-cbh.com\\\/pl\\\/#website\"},\"datePublished\":\"2024-07-23T08:34:30+00:00\",\"dateModified\":\"2024-09-18T12:21:01+00:00\",\"description\":\"Tutaj znajd\u0105 Pa\u0144stwo Umow\u0119 U\u017cytkownika, kt\u00f3ra zosta\u0142a wdro\u017cona w Pioneer Beach Hotel w Pafos przez Constantinou Bros.\",\"breadcrumb\":{\"@id\":\"https:\\\/\\\/www.pioneer-cbh.com\\\/pl\\\/umowa-z-uzytkownikiem\\\/#breadcrumb\"},\"inLanguage\":\"pl-PL\",\"potentialAction\":[{\"@type\":\"ReadAction\",\"target\":[\"https:\\\/\\\/www.pioneer-cbh.com\\\/pl\\\/umowa-z-uzytkownikiem\\\/\"]}]},{\"@type\":\"BreadcrumbList\",\"@id\":\"https:\\\/\\\/www.pioneer-cbh.com\\\/pl\\\/umowa-z-uzytkownikiem\\\/#breadcrumb\",\"itemListElement\":[{\"@type\":\"ListItem\",\"position\":1,\"name\":\"Home\",\"item\":\"https:\\\/\\\/www.pioneer-cbh.com\\\/pl\\\/\"},{\"@type\":\"ListItem\",\"position\":2,\"name\":\"Umowa u\u017cytkownika\"}]},{\"@type\":\"WebSite\",\"@id\":\"https:\\\/\\\/www.pioneer-cbh.com\\\/pl\\\/#website\",\"url\":\"https:\\\/\\\/www.pioneer-cbh.com\\\/pl\\\/\",\"name\":\"Pioneer Beach Hotel\",\"description\":\"Constantinou Bros Pioneer Beach Hotel, 4 star hotel in Paphos Cyprus\",\"potentialAction\":[{\"@type\":\"SearchAction\",\"target\":{\"@type\":\"EntryPoint\",\"urlTemplate\":\"https:\\\/\\\/www.pioneer-cbh.com\\\/pl\\\/?s={search_term_string}\"},\"query-input\":{\"@type\":\"PropertyValueSpecification\",\"valueRequired\":true,\"valueName\":\"search_term_string\"}}],\"inLanguage\":\"pl-PL\"}]}<\/script>\n<!-- \/ Yoast SEO plugin. -->","yoast_head_json":{"title":"Umowa u\u017cytkownika - Pioneer Beach Hotel","description":"Tutaj znajd\u0105 Pa\u0144stwo Umow\u0119 U\u017cytkownika, kt\u00f3ra zosta\u0142a wdro\u017cona w Pioneer Beach Hotel w Pafos przez Constantinou Bros.","robots":{"index":"index","follow":"follow","max-snippet":"max-snippet:-1","max-image-preview":"max-image-preview:large","max-video-preview":"max-video-preview:-1"},"canonical":"https:\/\/www.pioneer-cbh.com\/pl\/umowa-z-uzytkownikiem\/","og_locale":"pl_PL","og_type":"article","og_title":"Umowa u\u017cytkownika - Pioneer Beach Hotel","og_description":"Tutaj znajd\u0105 Pa\u0144stwo Umow\u0119 U\u017cytkownika, kt\u00f3ra zosta\u0142a wdro\u017cona w Pioneer Beach Hotel w Pafos przez Constantinou Bros.","og_url":"https:\/\/www.pioneer-cbh.com\/pl\/umowa-z-uzytkownikiem\/","og_site_name":"Pioneer Beach Hotel","article_modified_time":"2024-09-18T12:21:01+00:00","twitter_card":"summary_large_image","twitter_misc":{"Est. reading time":"4 minutes"},"schema":{"@context":"https:\/\/schema.org","@graph":[{"@type":"WebPage","@id":"https:\/\/www.pioneer-cbh.com\/pl\/umowa-z-uzytkownikiem\/","url":"https:\/\/www.pioneer-cbh.com\/pl\/umowa-z-uzytkownikiem\/","name":"Umowa u\u017cytkownika - Pioneer Beach Hotel","isPartOf":{"@id":"https:\/\/www.pioneer-cbh.com\/pl\/#website"},"datePublished":"2024-07-23T08:34:30+00:00","dateModified":"2024-09-18T12:21:01+00:00","description":"Tutaj znajd\u0105 Pa\u0144stwo Umow\u0119 U\u017cytkownika, kt\u00f3ra zosta\u0142a wdro\u017cona w Pioneer Beach Hotel w Pafos przez Constantinou Bros.","breadcrumb":{"@id":"https:\/\/www.pioneer-cbh.com\/pl\/umowa-z-uzytkownikiem\/#breadcrumb"},"inLanguage":"pl-PL","potentialAction":[{"@type":"ReadAction","target":["https:\/\/www.pioneer-cbh.com\/pl\/umowa-z-uzytkownikiem\/"]}]},{"@type":"BreadcrumbList","@id":"https:\/\/www.pioneer-cbh.com\/pl\/umowa-z-uzytkownikiem\/#breadcrumb","itemListElement":[{"@type":"ListItem","position":1,"name":"Home","item":"https:\/\/www.pioneer-cbh.com\/pl\/"},{"@type":"ListItem","position":2,"name":"Umowa u\u017cytkownika"}]},{"@type":"WebSite","@id":"https:\/\/www.pioneer-cbh.com\/pl\/#website","url":"https:\/\/www.pioneer-cbh.com\/pl\/","name":"Pioneer Beach Hotel","description":"Constantinou Bros Pioneer Beach Hotel, 4 star hotel in Paphos Cyprus","potentialAction":[{"@type":"SearchAction","target":{"@type":"EntryPoint","urlTemplate":"https:\/\/www.pioneer-cbh.com\/pl\/?s={search_term_string}"},"query-input":{"@type":"PropertyValueSpecification","valueRequired":true,"valueName":"search_term_string"}}],"inLanguage":"pl-PL"}]}},"_links":{"self":[{"href":"https:\/\/www.pioneer-cbh.com\/pl\/wp-json\/wp\/v2\/pages\/11553","targetHints":{"allow":["GET"]}}],"collection":[{"href":"https:\/\/www.pioneer-cbh.com\/pl\/wp-json\/wp\/v2\/pages"}],"about":[{"href":"https:\/\/www.pioneer-cbh.com\/pl\/wp-json\/wp\/v2\/types\/page"}],"author":[{"embeddable":true,"href":"https:\/\/www.pioneer-cbh.com\/pl\/wp-json\/wp\/v2\/users\/1"}],"replies":[{"embeddable":true,"href":"https:\/\/www.pioneer-cbh.com\/pl\/wp-json\/wp\/v2\/comments?post=11553"}],"version-history":[{"count":1,"href":"https:\/\/www.pioneer-cbh.com\/pl\/wp-json\/wp\/v2\/pages\/11553\/revisions"}],"predecessor-version":[{"id":12470,"href":"https:\/\/www.pioneer-cbh.com\/pl\/wp-json\/wp\/v2\/pages\/11553\/revisions\/12470"}],"wp:attachment":[{"href":"https:\/\/www.pioneer-cbh.com\/pl\/wp-json\/wp\/v2\/media?parent=11553"}],"curies":[{"name":"wp","href":"https:\/\/api.w.org\/{rel}","templated":true}]}}