{"id":11543,"date":"2024-07-23T11:34:14","date_gmt":"2024-07-23T08:34:14","guid":{"rendered":"https:\/\/www.pioneer-cbh.com\/nagrody\/"},"modified":"2026-04-23T11:43:43","modified_gmt":"2026-04-23T08:43:43","slug":"nagrody","status":"publish","type":"page","link":"https:\/\/www.pioneer-cbh.com\/pl\/nagrody\/","title":{"rendered":"Nagrody"},"content":{"rendered":"<p>Ka\u017cda bran\u017ca ma swoje kryteria, mierniki sukcesu. Bran\u017ca hotelarska korzysta z systemu nagr\u00f3d opartego na punktach zgromadzonych przez hotele zgodnie z kwestionariuszami, kt\u00f3re touroperatorzy prosz\u0105 swoich klient\u00f3w o wype\u0142nienie pod koniec wakacji.<\/p>\n<p>Hotel Pioneer Beach mo\u017ce pochwali\u0107 si\u0119 imponuj\u0105c\u0105 liczb\u0105 nagr\u00f3d od momentu otwarcia.<\/p>\n","protected":false},"excerpt":{"rendered":"<p>Ka\u017cda bran\u017ca ma swoje kryteria, mierniki sukcesu. Bran\u017ca hotelarska korzysta z systemu nagr\u00f3d opartego na punktach zgromadzonych przez hotele zgodnie z kwestionariuszami, kt\u00f3re touroperatorzy prosz\u0105 swoich klient\u00f3w o wype\u0142nienie pod koniec wakacji. Hotel Pioneer Beach mo\u017ce pochwali\u0107 si\u0119 imponuj\u0105c\u0105 liczb\u0105 nagr\u00f3d od momentu otwarcia.<\/p>\n","protected":false},"author":1,"featured_media":0,"parent":0,"menu_order":0,"comment_status":"closed","ping_status":"closed","template":"page-templates\/accordion.php","meta":{"_acf_changed":false,"footnotes":""},"class_list":["post-11543","page","type-page","status-publish","hentry"],"acf":[],"yoast_head":"<!-- This site is optimized with the Yoast SEO plugin v27.5 - https:\/\/yoast.com\/product\/yoast-seo-wordpress\/ -->\n<title>Lista nagr\u00f3d hotelu Pioneer Beach w Pafos || Pioneer Beach<\/title>\n<meta name=\"description\" content=\"Tutaj znajd\u0105 Pa\u0144stwo list\u0119 wszystkich nagr\u00f3d, wyr\u00f3\u017cnie\u0144, odznacze\u0144 i certyfikat\u00f3w przyznanych hotelowi Pioneer Beach w Pafos od 1996 roku do dzi\u015b.\" \/>\n<meta name=\"robots\" content=\"index, follow, max-snippet:-1, max-image-preview:large, max-video-preview:-1\" \/>\n<link rel=\"canonical\" href=\"https:\/\/www.pioneer-cbh.com\/pl\/nagrody\/\" \/>\n<meta property=\"og:locale\" content=\"pl_PL\" \/>\n<meta property=\"og:type\" content=\"article\" \/>\n<meta property=\"og:title\" content=\"Lista nagr\u00f3d hotelu Pioneer Beach w Pafos || Pioneer Beach\" \/>\n<meta property=\"og:description\" content=\"Tutaj znajd\u0105 Pa\u0144stwo list\u0119 wszystkich nagr\u00f3d, wyr\u00f3\u017cnie\u0144, odznacze\u0144 i certyfikat\u00f3w przyznanych hotelowi Pioneer Beach w Pafos od 1996 roku do dzi\u015b.\" \/>\n<meta property=\"og:url\" content=\"https:\/\/www.pioneer-cbh.com\/pl\/nagrody\/\" \/>\n<meta property=\"og:site_name\" content=\"Pioneer Beach Hotel\" \/>\n<meta property=\"article:modified_time\" content=\"2026-04-23T08:43:43+00:00\" \/>\n<meta name=\"twitter:card\" content=\"summary_large_image\" \/>\n<meta name=\"twitter:label1\" content=\"Est. reading time\" \/>\n\t<meta name=\"twitter:data1\" content=\"1 minute\" \/>\n<script type=\"application\/ld+json\" class=\"yoast-schema-graph\">{\"@context\":\"https:\\\/\\\/schema.org\",\"@graph\":[{\"@type\":\"WebPage\",\"@id\":\"https:\\\/\\\/www.pioneer-cbh.com\\\/pl\\\/nagrody\\\/\",\"url\":\"https:\\\/\\\/www.pioneer-cbh.com\\\/pl\\\/nagrody\\\/\",\"name\":\"Lista nagr\u00f3d hotelu Pioneer Beach w Pafos || Pioneer Beach\",\"isPartOf\":{\"@id\":\"https:\\\/\\\/www.pioneer-cbh.com\\\/pl\\\/#website\"},\"datePublished\":\"2024-07-23T08:34:14+00:00\",\"dateModified\":\"2026-04-23T08:43:43+00:00\",\"description\":\"Tutaj znajd\u0105 Pa\u0144stwo list\u0119 wszystkich nagr\u00f3d, wyr\u00f3\u017cnie\u0144, odznacze\u0144 i certyfikat\u00f3w przyznanych hotelowi Pioneer Beach w Pafos od 1996 roku do dzi\u015b.\",\"breadcrumb\":{\"@id\":\"https:\\\/\\\/www.pioneer-cbh.com\\\/pl\\\/nagrody\\\/#breadcrumb\"},\"inLanguage\":\"pl-PL\",\"potentialAction\":[{\"@type\":\"ReadAction\",\"target\":[\"https:\\\/\\\/www.pioneer-cbh.com\\\/pl\\\/nagrody\\\/\"]}]},{\"@type\":\"BreadcrumbList\",\"@id\":\"https:\\\/\\\/www.pioneer-cbh.com\\\/pl\\\/nagrody\\\/#breadcrumb\",\"itemListElement\":[{\"@type\":\"ListItem\",\"position\":1,\"name\":\"Home\",\"item\":\"https:\\\/\\\/www.pioneer-cbh.com\\\/pl\\\/\"},{\"@type\":\"ListItem\",\"position\":2,\"name\":\"Nagrody\"}]},{\"@type\":\"WebSite\",\"@id\":\"https:\\\/\\\/www.pioneer-cbh.com\\\/pl\\\/#website\",\"url\":\"https:\\\/\\\/www.pioneer-cbh.com\\\/pl\\\/\",\"name\":\"Pioneer Beach Hotel\",\"description\":\"Constantinou Bros Pioneer Beach Hotel, 4 star hotel in Paphos Cyprus\",\"potentialAction\":[{\"@type\":\"SearchAction\",\"target\":{\"@type\":\"EntryPoint\",\"urlTemplate\":\"https:\\\/\\\/www.pioneer-cbh.com\\\/pl\\\/?s={search_term_string}\"},\"query-input\":{\"@type\":\"PropertyValueSpecification\",\"valueRequired\":true,\"valueName\":\"search_term_string\"}}],\"inLanguage\":\"pl-PL\"}]}<\/script>\n<!-- \/ Yoast SEO plugin. -->","yoast_head_json":{"title":"Lista nagr\u00f3d hotelu Pioneer Beach w Pafos || Pioneer Beach","description":"Tutaj znajd\u0105 Pa\u0144stwo list\u0119 wszystkich nagr\u00f3d, wyr\u00f3\u017cnie\u0144, odznacze\u0144 i certyfikat\u00f3w przyznanych hotelowi Pioneer Beach w Pafos od 1996 roku do dzi\u015b.","robots":{"index":"index","follow":"follow","max-snippet":"max-snippet:-1","max-image-preview":"max-image-preview:large","max-video-preview":"max-video-preview:-1"},"canonical":"https:\/\/www.pioneer-cbh.com\/pl\/nagrody\/","og_locale":"pl_PL","og_type":"article","og_title":"Lista nagr\u00f3d hotelu Pioneer Beach w Pafos || Pioneer Beach","og_description":"Tutaj znajd\u0105 Pa\u0144stwo list\u0119 wszystkich nagr\u00f3d, wyr\u00f3\u017cnie\u0144, odznacze\u0144 i certyfikat\u00f3w przyznanych hotelowi Pioneer Beach w Pafos od 1996 roku do dzi\u015b.","og_url":"https:\/\/www.pioneer-cbh.com\/pl\/nagrody\/","og_site_name":"Pioneer Beach Hotel","article_modified_time":"2026-04-23T08:43:43+00:00","twitter_card":"summary_large_image","twitter_misc":{"Est. reading time":"1 minute"},"schema":{"@context":"https:\/\/schema.org","@graph":[{"@type":"WebPage","@id":"https:\/\/www.pioneer-cbh.com\/pl\/nagrody\/","url":"https:\/\/www.pioneer-cbh.com\/pl\/nagrody\/","name":"Lista nagr\u00f3d hotelu Pioneer Beach w Pafos || Pioneer Beach","isPartOf":{"@id":"https:\/\/www.pioneer-cbh.com\/pl\/#website"},"datePublished":"2024-07-23T08:34:14+00:00","dateModified":"2026-04-23T08:43:43+00:00","description":"Tutaj znajd\u0105 Pa\u0144stwo list\u0119 wszystkich nagr\u00f3d, wyr\u00f3\u017cnie\u0144, odznacze\u0144 i certyfikat\u00f3w przyznanych hotelowi Pioneer Beach w Pafos od 1996 roku do dzi\u015b.","breadcrumb":{"@id":"https:\/\/www.pioneer-cbh.com\/pl\/nagrody\/#breadcrumb"},"inLanguage":"pl-PL","potentialAction":[{"@type":"ReadAction","target":["https:\/\/www.pioneer-cbh.com\/pl\/nagrody\/"]}]},{"@type":"BreadcrumbList","@id":"https:\/\/www.pioneer-cbh.com\/pl\/nagrody\/#breadcrumb","itemListElement":[{"@type":"ListItem","position":1,"name":"Home","item":"https:\/\/www.pioneer-cbh.com\/pl\/"},{"@type":"ListItem","position":2,"name":"Nagrody"}]},{"@type":"WebSite","@id":"https:\/\/www.pioneer-cbh.com\/pl\/#website","url":"https:\/\/www.pioneer-cbh.com\/pl\/","name":"Pioneer Beach Hotel","description":"Constantinou Bros Pioneer Beach Hotel, 4 star hotel in Paphos Cyprus","potentialAction":[{"@type":"SearchAction","target":{"@type":"EntryPoint","urlTemplate":"https:\/\/www.pioneer-cbh.com\/pl\/?s={search_term_string}"},"query-input":{"@type":"PropertyValueSpecification","valueRequired":true,"valueName":"search_term_string"}}],"inLanguage":"pl-PL"}]}},"_links":{"self":[{"href":"https:\/\/www.pioneer-cbh.com\/pl\/wp-json\/wp\/v2\/pages\/11543","targetHints":{"allow":["GET"]}}],"collection":[{"href":"https:\/\/www.pioneer-cbh.com\/pl\/wp-json\/wp\/v2\/pages"}],"about":[{"href":"https:\/\/www.pioneer-cbh.com\/pl\/wp-json\/wp\/v2\/types\/page"}],"author":[{"embeddable":true,"href":"https:\/\/www.pioneer-cbh.com\/pl\/wp-json\/wp\/v2\/users\/1"}],"replies":[{"embeddable":true,"href":"https:\/\/www.pioneer-cbh.com\/pl\/wp-json\/wp\/v2\/comments?post=11543"}],"version-history":[{"count":7,"href":"https:\/\/www.pioneer-cbh.com\/pl\/wp-json\/wp\/v2\/pages\/11543\/revisions"}],"predecessor-version":[{"id":12852,"href":"https:\/\/www.pioneer-cbh.com\/pl\/wp-json\/wp\/v2\/pages\/11543\/revisions\/12852"}],"wp:attachment":[{"href":"https:\/\/www.pioneer-cbh.com\/pl\/wp-json\/wp\/v2\/media?parent=11543"}],"curies":[{"name":"wp","href":"https:\/\/api.w.org\/{rel}","templated":true}]}}