{"id":11540,"date":"2024-07-23T11:34:08","date_gmt":"2024-07-23T08:34:08","guid":{"rendered":"https:\/\/www.pioneer-cbh.com\/hotel\/obiekty-rekreacyjne\/"},"modified":"2024-09-18T15:16:17","modified_gmt":"2024-09-18T12:16:17","slug":"obiekty-rekreacyjne","status":"publish","type":"page","link":"https:\/\/www.pioneer-cbh.com\/pl\/hotel\/obiekty-rekreacyjne\/","title":{"rendered":"Wyposa\u017cenie hotelu"},"content":{"rendered":"<h1 class=\"entry-title title-size font-regular text-center my-5\">Pionierskie zaj\u0119cia dla go\u015bci w hotelu przy pla\u017cy<\/h1>\n<p>Hotel oferuje szereg atrakcji dla ka\u017cdego.<br \/>\nW wybranych porach roku oferowana jest szeroka gama zaj\u0119\u0107, od porannej si\u0142owni, si\u0142owni wodnej, wieczornych pokaz\u00f3w mi\u0119dzynarodowych i folklorystycznych, melodii fortepianowych, quiz\u00f3w muzycznych i wielu innych.<\/p>\n<h3>Obiekty sportowe i rekreacyjne<\/h3>\n<ul>\n<li>Bingo \/ Quizy<\/li>\n<li>Miski zwijaj\u0105 si\u0119<\/li>\n<li>Lekcje nurkowania<\/li>\n<li>Kr\u00f3tkie miski matowe<\/li>\n<li>Tenis sto\u0142owy<\/li>\n<li>Rzutki<\/li>\n<li>Bilard<\/li>\n<li>Pokaz ta\u0144ca folklorystycznego<\/li>\n<li>Hotelowy zesp\u00f3\u0142 na \u017cywo i ta\u0144ce<\/li>\n<li>Lekcje ta\u0144ca<\/li>\n<li>Zaj\u0119cia dzienne dla doros\u0142ych<\/li>\n<li>1 odkryty basen ze s\u0142odk\u0105 wod\u0105 i jacuzzi<\/li>\n<li>1 kryty basen z podgrzewan\u0105 wod\u0105 i jacuzzi<\/li>\n<li>1 o\u015bwietlony kort tenisowy<\/li>\n<li>Pok\u00f3j karciany<\/li>\n<li>Czytelnia<\/li>\n<li>1 sala taneczna (drewniana pod\u0142oga)<\/li>\n<li>1 sala funkcyjna<\/li>\n<li>Zielone kr\u0119gle na \u015bwie\u017cym powietrzu (4 lodowiska)<\/li>\n<li>Zewn\u0119trzne obiekty z kr\u00f3tkimi matami (2 lodowiska na \u017cyczenie)<\/li>\n<li>Kr\u0119gle halowe z kr\u00f3tk\u0105 mat\u0105 (4 lodowiska na \u017cyczenie)<\/li>\n<li>Koordynator ds. misek dla mieszka\u0144c\u00f3w (pa\u017adziernik-kwiecie\u0144)<\/li>\n<li>Liderzy ta\u0144ca (listopad-kwiecie\u0144)<\/li>\n<li>Przechowalnia rower\u00f3w\/rowerownia (wsp\u00f3lna dla siostrzanego hotelu) (pojemno\u015b\u0107 98 rower\u00f3w)<\/li>\n<li>Szybkie Wi-Fi (bezp\u0142atne)<\/li>\n<li>K\u0105cik internetowy (bezp\u0142atny)<\/li>\n<li>Bezp\u0142atne r\u0119czniki pla\u017cowe, le\u017caki i parasole wok\u00f3\u0142 basenu i na pla\u017cy.<\/li>\n<li>Pomieszczenie do przechowywania kij\u00f3w golfowych<\/li>\n<li>Dzia\u0142ania Wellness<\/li>\n<\/ul>\n","protected":false},"excerpt":{"rendered":"<p>Pionierskie zaj\u0119cia dla go\u015bci w hotelu przy pla\u017cy Hotel oferuje szereg atrakcji dla ka\u017cdego. W wybranych porach roku oferowana jest szeroka gama zaj\u0119\u0107, od porannej si\u0142owni, si\u0142owni wodnej, wieczornych pokaz\u00f3w mi\u0119dzynarodowych i folklorystycznych, melodii fortepianowych, quiz\u00f3w muzycznych i wielu innych. Obiekty sportowe i rekreacyjne Bingo \/ Quizy Miski zwijaj\u0105 si\u0119 Lekcje nurkowania Kr\u00f3tkie miski matowe<\/p>\n","protected":false},"author":12,"featured_media":12107,"parent":11373,"menu_order":0,"comment_status":"closed","ping_status":"closed","template":"","meta":{"_acf_changed":false,"footnotes":""},"class_list":["post-11540","page","type-page","status-publish","has-post-thumbnail","hentry"],"acf":[],"yoast_head":"<!-- This site is optimized with the Yoast SEO plugin v27.5 - https:\/\/yoast.com\/product\/yoast-seo-wordpress\/ -->\n<title>Udogodnienia i atrakcje hotelowe dla go\u015bci Pioneer Beach Hotel<\/title>\n<meta name=\"description\" content=\"Tutaj znajd\u0105 Pa\u0144stwo wszystkie informacje dotycz\u0105ce udogodnie\u0144 i atrakcji dla go\u015bci hotelu Pioneer Beach Hotel by Constantinou Bros.\" \/>\n<meta name=\"robots\" content=\"index, follow, max-snippet:-1, max-image-preview:large, max-video-preview:-1\" \/>\n<link rel=\"canonical\" href=\"https:\/\/www.pioneer-cbh.com\/pl\/hotel\/obiekty-rekreacyjne\/\" \/>\n<meta property=\"og:locale\" content=\"pl_PL\" \/>\n<meta property=\"og:type\" content=\"article\" \/>\n<meta property=\"og:title\" content=\"Udogodnienia i atrakcje hotelowe dla go\u015bci Pioneer Beach Hotel\" \/>\n<meta property=\"og:description\" content=\"Tutaj znajd\u0105 Pa\u0144stwo wszystkie informacje dotycz\u0105ce udogodnie\u0144 i atrakcji dla go\u015bci hotelu Pioneer Beach Hotel by Constantinou Bros.\" \/>\n<meta property=\"og:url\" content=\"https:\/\/www.pioneer-cbh.com\/pl\/hotel\/obiekty-rekreacyjne\/\" \/>\n<meta property=\"og:site_name\" content=\"Pioneer Beach Hotel\" \/>\n<meta property=\"article:modified_time\" content=\"2024-09-18T12:16:17+00:00\" \/>\n<meta property=\"og:image\" content=\"https:\/\/www.pioneer-cbh.com\/app\/uploads\/sites\/33\/2020\/09\/1-PIONEER-BEACH-HOTEL-POOL.jpg\" \/>\n\t<meta property=\"og:image:width\" content=\"1200\" \/>\n\t<meta property=\"og:image:height\" content=\"798\" \/>\n\t<meta property=\"og:image:type\" content=\"image\/jpeg\" \/>\n<meta name=\"twitter:card\" content=\"summary_large_image\" \/>\n<meta name=\"twitter:label1\" content=\"Est. reading time\" \/>\n\t<meta name=\"twitter:data1\" content=\"2 minutes\" \/>\n<script type=\"application\/ld+json\" class=\"yoast-schema-graph\">{\"@context\":\"https:\\\/\\\/schema.org\",\"@graph\":[{\"@type\":\"WebPage\",\"@id\":\"https:\\\/\\\/www.pioneer-cbh.com\\\/pl\\\/hotel\\\/obiekty-rekreacyjne\\\/\",\"url\":\"https:\\\/\\\/www.pioneer-cbh.com\\\/pl\\\/hotel\\\/obiekty-rekreacyjne\\\/\",\"name\":\"Udogodnienia i atrakcje hotelowe dla go\u015bci Pioneer Beach Hotel\",\"isPartOf\":{\"@id\":\"https:\\\/\\\/www.pioneer-cbh.com\\\/pl\\\/#website\"},\"primaryImageOfPage\":{\"@id\":\"https:\\\/\\\/www.pioneer-cbh.com\\\/pl\\\/hotel\\\/obiekty-rekreacyjne\\\/#primaryimage\"},\"image\":{\"@id\":\"https:\\\/\\\/www.pioneer-cbh.com\\\/pl\\\/hotel\\\/obiekty-rekreacyjne\\\/#primaryimage\"},\"thumbnailUrl\":\"https:\\\/\\\/www.pioneer-cbh.com\\\/app\\\/uploads\\\/sites\\\/33\\\/2020\\\/09\\\/1-PIONEER-BEACH-HOTEL-POOL.jpg\",\"datePublished\":\"2024-07-23T08:34:08+00:00\",\"dateModified\":\"2024-09-18T12:16:17+00:00\",\"description\":\"Tutaj znajd\u0105 Pa\u0144stwo wszystkie informacje dotycz\u0105ce udogodnie\u0144 i atrakcji dla go\u015bci hotelu Pioneer Beach Hotel by Constantinou Bros.\",\"breadcrumb\":{\"@id\":\"https:\\\/\\\/www.pioneer-cbh.com\\\/pl\\\/hotel\\\/obiekty-rekreacyjne\\\/#breadcrumb\"},\"inLanguage\":\"pl-PL\",\"potentialAction\":[{\"@type\":\"ReadAction\",\"target\":[\"https:\\\/\\\/www.pioneer-cbh.com\\\/pl\\\/hotel\\\/obiekty-rekreacyjne\\\/\"]}]},{\"@type\":\"ImageObject\",\"inLanguage\":\"pl-PL\",\"@id\":\"https:\\\/\\\/www.pioneer-cbh.com\\\/pl\\\/hotel\\\/obiekty-rekreacyjne\\\/#primaryimage\",\"url\":\"https:\\\/\\\/www.pioneer-cbh.com\\\/app\\\/uploads\\\/sites\\\/33\\\/2020\\\/09\\\/1-PIONEER-BEACH-HOTEL-POOL.jpg\",\"contentUrl\":\"https:\\\/\\\/www.pioneer-cbh.com\\\/app\\\/uploads\\\/sites\\\/33\\\/2020\\\/09\\\/1-PIONEER-BEACH-HOTEL-POOL.jpg\",\"width\":1200,\"height\":798,\"caption\":\"In Blauem Kleid\"},{\"@type\":\"BreadcrumbList\",\"@id\":\"https:\\\/\\\/www.pioneer-cbh.com\\\/pl\\\/hotel\\\/obiekty-rekreacyjne\\\/#breadcrumb\",\"itemListElement\":[{\"@type\":\"ListItem\",\"position\":1,\"name\":\"Home\",\"item\":\"https:\\\/\\\/www.pioneer-cbh.com\\\/pl\\\/\"},{\"@type\":\"ListItem\",\"position\":2,\"name\":\"Hotel\",\"item\":\"https:\\\/\\\/www.pioneer-cbh.com\\\/pl\\\/hotel\\\/\"},{\"@type\":\"ListItem\",\"position\":3,\"name\":\"Wyposa\u017cenie hotelu\"}]},{\"@type\":\"WebSite\",\"@id\":\"https:\\\/\\\/www.pioneer-cbh.com\\\/pl\\\/#website\",\"url\":\"https:\\\/\\\/www.pioneer-cbh.com\\\/pl\\\/\",\"name\":\"Pioneer Beach Hotel\",\"description\":\"Constantinou Bros Pioneer Beach Hotel, 4 star hotel in Paphos Cyprus\",\"potentialAction\":[{\"@type\":\"SearchAction\",\"target\":{\"@type\":\"EntryPoint\",\"urlTemplate\":\"https:\\\/\\\/www.pioneer-cbh.com\\\/pl\\\/?s={search_term_string}\"},\"query-input\":{\"@type\":\"PropertyValueSpecification\",\"valueRequired\":true,\"valueName\":\"search_term_string\"}}],\"inLanguage\":\"pl-PL\"}]}<\/script>\n<!-- \/ Yoast SEO plugin. -->","yoast_head_json":{"title":"Udogodnienia i atrakcje hotelowe dla go\u015bci Pioneer Beach Hotel","description":"Tutaj znajd\u0105 Pa\u0144stwo wszystkie informacje dotycz\u0105ce udogodnie\u0144 i atrakcji dla go\u015bci hotelu Pioneer Beach Hotel by Constantinou Bros.","robots":{"index":"index","follow":"follow","max-snippet":"max-snippet:-1","max-image-preview":"max-image-preview:large","max-video-preview":"max-video-preview:-1"},"canonical":"https:\/\/www.pioneer-cbh.com\/pl\/hotel\/obiekty-rekreacyjne\/","og_locale":"pl_PL","og_type":"article","og_title":"Udogodnienia i atrakcje hotelowe dla go\u015bci Pioneer Beach Hotel","og_description":"Tutaj znajd\u0105 Pa\u0144stwo wszystkie informacje dotycz\u0105ce udogodnie\u0144 i atrakcji dla go\u015bci hotelu Pioneer Beach Hotel by Constantinou Bros.","og_url":"https:\/\/www.pioneer-cbh.com\/pl\/hotel\/obiekty-rekreacyjne\/","og_site_name":"Pioneer Beach Hotel","article_modified_time":"2024-09-18T12:16:17+00:00","og_image":[{"width":1200,"height":798,"url":"https:\/\/www.pioneer-cbh.com\/app\/uploads\/sites\/33\/2020\/09\/1-PIONEER-BEACH-HOTEL-POOL.jpg","type":"image\/jpeg"}],"twitter_card":"summary_large_image","twitter_misc":{"Est. reading time":"2 minutes"},"schema":{"@context":"https:\/\/schema.org","@graph":[{"@type":"WebPage","@id":"https:\/\/www.pioneer-cbh.com\/pl\/hotel\/obiekty-rekreacyjne\/","url":"https:\/\/www.pioneer-cbh.com\/pl\/hotel\/obiekty-rekreacyjne\/","name":"Udogodnienia i atrakcje hotelowe dla go\u015bci Pioneer Beach Hotel","isPartOf":{"@id":"https:\/\/www.pioneer-cbh.com\/pl\/#website"},"primaryImageOfPage":{"@id":"https:\/\/www.pioneer-cbh.com\/pl\/hotel\/obiekty-rekreacyjne\/#primaryimage"},"image":{"@id":"https:\/\/www.pioneer-cbh.com\/pl\/hotel\/obiekty-rekreacyjne\/#primaryimage"},"thumbnailUrl":"https:\/\/www.pioneer-cbh.com\/app\/uploads\/sites\/33\/2020\/09\/1-PIONEER-BEACH-HOTEL-POOL.jpg","datePublished":"2024-07-23T08:34:08+00:00","dateModified":"2024-09-18T12:16:17+00:00","description":"Tutaj znajd\u0105 Pa\u0144stwo wszystkie informacje dotycz\u0105ce udogodnie\u0144 i atrakcji dla go\u015bci hotelu Pioneer Beach Hotel by Constantinou Bros.","breadcrumb":{"@id":"https:\/\/www.pioneer-cbh.com\/pl\/hotel\/obiekty-rekreacyjne\/#breadcrumb"},"inLanguage":"pl-PL","potentialAction":[{"@type":"ReadAction","target":["https:\/\/www.pioneer-cbh.com\/pl\/hotel\/obiekty-rekreacyjne\/"]}]},{"@type":"ImageObject","inLanguage":"pl-PL","@id":"https:\/\/www.pioneer-cbh.com\/pl\/hotel\/obiekty-rekreacyjne\/#primaryimage","url":"https:\/\/www.pioneer-cbh.com\/app\/uploads\/sites\/33\/2020\/09\/1-PIONEER-BEACH-HOTEL-POOL.jpg","contentUrl":"https:\/\/www.pioneer-cbh.com\/app\/uploads\/sites\/33\/2020\/09\/1-PIONEER-BEACH-HOTEL-POOL.jpg","width":1200,"height":798,"caption":"In Blauem Kleid"},{"@type":"BreadcrumbList","@id":"https:\/\/www.pioneer-cbh.com\/pl\/hotel\/obiekty-rekreacyjne\/#breadcrumb","itemListElement":[{"@type":"ListItem","position":1,"name":"Home","item":"https:\/\/www.pioneer-cbh.com\/pl\/"},{"@type":"ListItem","position":2,"name":"Hotel","item":"https:\/\/www.pioneer-cbh.com\/pl\/hotel\/"},{"@type":"ListItem","position":3,"name":"Wyposa\u017cenie hotelu"}]},{"@type":"WebSite","@id":"https:\/\/www.pioneer-cbh.com\/pl\/#website","url":"https:\/\/www.pioneer-cbh.com\/pl\/","name":"Pioneer Beach Hotel","description":"Constantinou Bros Pioneer Beach Hotel, 4 star hotel in Paphos Cyprus","potentialAction":[{"@type":"SearchAction","target":{"@type":"EntryPoint","urlTemplate":"https:\/\/www.pioneer-cbh.com\/pl\/?s={search_term_string}"},"query-input":{"@type":"PropertyValueSpecification","valueRequired":true,"valueName":"search_term_string"}}],"inLanguage":"pl-PL"}]}},"_links":{"self":[{"href":"https:\/\/www.pioneer-cbh.com\/pl\/wp-json\/wp\/v2\/pages\/11540","targetHints":{"allow":["GET"]}}],"collection":[{"href":"https:\/\/www.pioneer-cbh.com\/pl\/wp-json\/wp\/v2\/pages"}],"about":[{"href":"https:\/\/www.pioneer-cbh.com\/pl\/wp-json\/wp\/v2\/types\/page"}],"author":[{"embeddable":true,"href":"https:\/\/www.pioneer-cbh.com\/pl\/wp-json\/wp\/v2\/users\/12"}],"replies":[{"embeddable":true,"href":"https:\/\/www.pioneer-cbh.com\/pl\/wp-json\/wp\/v2\/comments?post=11540"}],"version-history":[{"count":1,"href":"https:\/\/www.pioneer-cbh.com\/pl\/wp-json\/wp\/v2\/pages\/11540\/revisions"}],"predecessor-version":[{"id":12455,"href":"https:\/\/www.pioneer-cbh.com\/pl\/wp-json\/wp\/v2\/pages\/11540\/revisions\/12455"}],"up":[{"embeddable":true,"href":"https:\/\/www.pioneer-cbh.com\/pl\/wp-json\/wp\/v2\/pages\/11373"}],"wp:featuredmedia":[{"embeddable":true,"href":"https:\/\/www.pioneer-cbh.com\/pl\/wp-json\/wp\/v2\/media\/12107"}],"wp:attachment":[{"href":"https:\/\/www.pioneer-cbh.com\/pl\/wp-json\/wp\/v2\/media?parent=11540"}],"curies":[{"name":"wp","href":"https:\/\/api.w.org\/{rel}","templated":true}]}}