{"id":11535,"date":"2024-07-23T11:34:05","date_gmt":"2024-07-23T08:34:05","guid":{"rendered":"https:\/\/www.pioneer-cbh.com\/hotel\/lokalizacja\/"},"modified":"2024-09-18T15:17:57","modified_gmt":"2024-09-18T12:17:57","slug":"lokalizacja","status":"publish","type":"page","link":"https:\/\/www.pioneer-cbh.com\/pl\/hotel\/lokalizacja\/","title":{"rendered":"Lokalizacja"},"content":{"rendered":"<p>Hotel Pioneer Beach po\u0142o\u017cony jest w pi\u0119knej okolicy w Kato Pafos, bezpo\u015brednio przy pla\u017cy, w pobli\u017cu atrakcji turystycznych i archeologicznych, a tak\u017ce restauracji, bar\u00f3w i sklep\u00f3w.<\/p>\n<ul>\n<li>Po\u0142o\u017cony w Kato Pafos<\/li>\n<li>Bezpo\u015brednio na pla\u017cy<\/li>\n<li>500 m od bar\u00f3w i restauracji<\/li>\n<li>2 km od centrum kurortu<\/li>\n<li>3 km od Starego Portu w Pafos<\/li>\n<li>15 km od mi\u0119dzynarodowego lotniska w Pafos<\/li>\n<li>140 km od mi\u0119dzynarodowego lotniska w Larnace<\/li>\n<\/ul>\n<h4 class=\"title\">Wskaz\u00f3wki dojazdu<\/h4>\n<div class=\"content\">\n<h5>Dojazd z lotniska w Pafos do hotelu Pioneer Beach (oko\u0142o 20 minut):<\/h5>\n<ul>\n<li>Zje\u017cd\u017caj\u0105c z lotniska w Pafos na g\u0142\u00f3wn\u0105 drog\u0119, nale\u017cy skr\u0119ci\u0107 w lewo w kierunku Pafos.<\/li>\n<li>Oko\u0142o 1 km dalej zobacz\u0105 Pa\u0144stwo znak wskazuj\u0105cy drog\u0119 A1, prosz\u0119 skr\u0119ci\u0107 w prawo.<\/li>\n<li>Zbli\u017caj\u0105c si\u0119 do autostrady, prosz\u0119 skr\u0119ci\u0107 w lewo przed wiaduktem, aby wjecha\u0107 na autostrad\u0119 prowadz\u0105c\u0105 do Pafos.<\/li>\n<li>Prosz\u0119 jecha\u0107 dalej, a\u017c do ko\u0144ca autostrady.<br \/>\nZnajduje si\u0119 tam du\u017ce rondo.<br \/>\nProsz\u0119 skr\u0119ci\u0107 w pierwsz\u0105 w lewo.<\/li>\n<li>Prosz\u0119 jecha\u0107 w d\u00f3\u0142 a\u017c do kolejnego ronda.<br \/>\nPo lewej stronie zobacz\u0105 Pa\u0144stwo sklepy Debenhams\/Next.<\/li>\n<li>Prosz\u0119 jecha\u0107 prosto na rondzie (drugi zjazd) i dalej, a\u017c do kolejnego ma\u0142ego ronda.<\/li>\n<li>Prosz\u0119 jecha\u0107 prosto.<br \/>\nDojd\u0105 Pa\u0144stwo do skrzy\u017cowania w kszta\u0142cie litery T.<br \/>\nProsz\u0119 skr\u0119ci\u0107 w lewo.<\/li>\n<li>Prosz\u0119 jecha\u0107 prosto, a\u017c dotr\u0105 Pa\u0144stwo do mini ronda, prosz\u0119 je min\u0105\u0107 (drugi zjazd), a po prawej stronie zobacz\u0105 Pa\u0144stwo hotel Pioneer Beach.<\/li>\n<\/ul>\n<h5>Dojazd z lotniska w Larnace do hotelu Pioneer Beach (oko\u0142o 1,5 godziny):<\/h5>\n<ul>\n<li>Prosz\u0119 wyjecha\u0107 z lotniska na dwupasmow\u0105 autostrad\u0119, a\u017c dotr\u0105 Pa\u0144stwo do zjazdu w lewo z drogowskazem Lemesos\/Limassol.<\/li>\n<li>Jad\u0105c t\u0105 drog\u0105, zbli\u017c\u0105 si\u0119 Pa\u0144stwo do du\u017cego ronda, prosz\u0119 skr\u0119ci\u0107 w pierwsz\u0105 drog\u0119 w lewo.<br \/>\nZnajduj\u0105 si\u0119 Pa\u0144stwo teraz na autostradzie prowadz\u0105cej do Lemesos\/Limassol.<\/li>\n<li>Podr\u00f3\u017cuj\u0105c przez Lemesos\/Limassol prosz\u0119 kierowa\u0107 si\u0119 drogowskazami na Pafos.<\/li>\n<li>Prosz\u0119 jecha\u0107 dalej, a\u017c do ko\u0144ca autostrady.<br \/>\nZnajduje si\u0119 tam du\u017ce rondo.<br \/>\nProsz\u0119 skr\u0119ci\u0107 w pierwsz\u0105 w lewo.<\/li>\n<li>Prosz\u0119 jecha\u0107 w d\u00f3\u0142 a\u017c do kolejnego ronda.<br \/>\nPo lewej stronie zobacz\u0105 Pa\u0144stwo sklepy Debenhams\/Next.<\/li>\n<li>Prosz\u0119 jecha\u0107 prosto na rondzie (drugi zjazd) i dalej, a\u017c do kolejnego ma\u0142ego ronda.<\/li>\n<li>Prosz\u0119 jecha\u0107 prosto.<br \/>\nDojd\u0105 Pa\u0144stwo do skrzy\u017cowania w kszta\u0142cie litery T.<br \/>\nProsz\u0119 skr\u0119ci\u0107 w lewo.<\/li>\n<li>Prosz\u0119 jecha\u0107 prosto, a\u017c dotr\u0105 Pa\u0144stwo do mini ronda, prosz\u0119 je min\u0105\u0107 (drugi zjazd), a po prawej stronie zobacz\u0105 Pa\u0144stwo hotel Pioneer Beach.<\/li>\n<\/ul>\n<\/div>\n","protected":false},"excerpt":{"rendered":"<p>Hotel Pioneer Beach po\u0142o\u017cony jest w pi\u0119knej okolicy w Kato Pafos, bezpo\u015brednio przy pla\u017cy, w pobli\u017cu atrakcji turystycznych i archeologicznych, a tak\u017ce restauracji, bar\u00f3w i sklep\u00f3w. Po\u0142o\u017cony w Kato Pafos Bezpo\u015brednio na pla\u017cy 500 m od bar\u00f3w i restauracji 2 km od centrum kurortu 3 km od Starego Portu w Pafos 15 km od mi\u0119dzynarodowego<\/p>\n","protected":false},"author":1,"featured_media":11324,"parent":11373,"menu_order":0,"comment_status":"closed","ping_status":"closed","template":"page-templates\/location.php","meta":{"_acf_changed":false,"footnotes":""},"class_list":["post-11535","page","type-page","status-publish","has-post-thumbnail","hentry"],"acf":[],"yoast_head":"<!-- This site is optimized with the Yoast SEO plugin v27.4 - https:\/\/yoast.com\/product\/yoast-seo-wordpress\/ -->\n<title>Rewelacyjny o\u015brodek pla\u017cowy dla doros\u0142ych w Pafos || Pioneer Beach Hotel<\/title>\n<meta name=\"description\" content=\"Pioneer Beach by Constantinou Bros Hotels to uroczy nadmorski kurort w Pafos na Cyprze, kt\u00f3ry jest dobrze po\u0142o\u017cony, blisko miasta i okolicznych atrakcji.\" \/>\n<meta name=\"robots\" content=\"index, follow, max-snippet:-1, max-image-preview:large, max-video-preview:-1\" \/>\n<link rel=\"canonical\" href=\"https:\/\/www.pioneer-cbh.com\/pl\/hotel\/lokalizacja\/\" \/>\n<meta property=\"og:locale\" content=\"pl_PL\" \/>\n<meta property=\"og:type\" content=\"article\" \/>\n<meta property=\"og:title\" content=\"Rewelacyjny o\u015brodek pla\u017cowy dla doros\u0142ych w Pafos || Pioneer Beach Hotel\" \/>\n<meta property=\"og:description\" content=\"Pioneer Beach by Constantinou Bros Hotels to uroczy nadmorski kurort w Pafos na Cyprze, kt\u00f3ry jest dobrze po\u0142o\u017cony, blisko miasta i okolicznych atrakcji.\" \/>\n<meta property=\"og:url\" content=\"https:\/\/www.pioneer-cbh.com\/pl\/hotel\/lokalizacja\/\" \/>\n<meta property=\"og:site_name\" content=\"Pioneer Beach Hotel\" \/>\n<meta property=\"article:modified_time\" content=\"2024-09-18T12:17:57+00:00\" \/>\n<meta property=\"og:image\" content=\"https:\/\/www.pioneer-cbh.com\/app\/uploads\/sites\/33\/2020\/09\/6-PIONEER-BEACH-HOTEL-POOL-AND-GARDENS.jpg\" \/>\n\t<meta property=\"og:image:width\" content=\"1200\" \/>\n\t<meta property=\"og:image:height\" content=\"798\" \/>\n\t<meta property=\"og:image:type\" content=\"image\/jpeg\" \/>\n<meta name=\"twitter:card\" content=\"summary_large_image\" \/>\n<meta name=\"twitter:label1\" content=\"Est. reading time\" \/>\n\t<meta name=\"twitter:data1\" content=\"3 minutes\" \/>\n<script type=\"application\/ld+json\" class=\"yoast-schema-graph\">{\"@context\":\"https:\\\/\\\/schema.org\",\"@graph\":[{\"@type\":\"WebPage\",\"@id\":\"https:\\\/\\\/www.pioneer-cbh.com\\\/pl\\\/hotel\\\/lokalizacja\\\/\",\"url\":\"https:\\\/\\\/www.pioneer-cbh.com\\\/pl\\\/hotel\\\/lokalizacja\\\/\",\"name\":\"Rewelacyjny o\u015brodek pla\u017cowy dla doros\u0142ych w Pafos || Pioneer Beach Hotel\",\"isPartOf\":{\"@id\":\"https:\\\/\\\/www.pioneer-cbh.com\\\/pl\\\/#website\"},\"primaryImageOfPage\":{\"@id\":\"https:\\\/\\\/www.pioneer-cbh.com\\\/pl\\\/hotel\\\/lokalizacja\\\/#primaryimage\"},\"image\":{\"@id\":\"https:\\\/\\\/www.pioneer-cbh.com\\\/pl\\\/hotel\\\/lokalizacja\\\/#primaryimage\"},\"thumbnailUrl\":\"https:\\\/\\\/www.pioneer-cbh.com\\\/app\\\/uploads\\\/sites\\\/33\\\/2020\\\/09\\\/6-PIONEER-BEACH-HOTEL-POOL-AND-GARDENS.jpg\",\"datePublished\":\"2024-07-23T08:34:05+00:00\",\"dateModified\":\"2024-09-18T12:17:57+00:00\",\"description\":\"Pioneer Beach by Constantinou Bros Hotels to uroczy nadmorski kurort w Pafos na Cyprze, kt\u00f3ry jest dobrze po\u0142o\u017cony, blisko miasta i okolicznych atrakcji.\",\"breadcrumb\":{\"@id\":\"https:\\\/\\\/www.pioneer-cbh.com\\\/pl\\\/hotel\\\/lokalizacja\\\/#breadcrumb\"},\"inLanguage\":\"pl-PL\",\"potentialAction\":[{\"@type\":\"ReadAction\",\"target\":[\"https:\\\/\\\/www.pioneer-cbh.com\\\/pl\\\/hotel\\\/lokalizacja\\\/\"]}]},{\"@type\":\"ImageObject\",\"inLanguage\":\"pl-PL\",\"@id\":\"https:\\\/\\\/www.pioneer-cbh.com\\\/pl\\\/hotel\\\/lokalizacja\\\/#primaryimage\",\"url\":\"https:\\\/\\\/www.pioneer-cbh.com\\\/app\\\/uploads\\\/sites\\\/33\\\/2020\\\/09\\\/6-PIONEER-BEACH-HOTEL-POOL-AND-GARDENS.jpg\",\"contentUrl\":\"https:\\\/\\\/www.pioneer-cbh.com\\\/app\\\/uploads\\\/sites\\\/33\\\/2020\\\/09\\\/6-PIONEER-BEACH-HOTEL-POOL-AND-GARDENS.jpg\",\"width\":1200,\"height\":798,\"caption\":\"A Romantic Escape\"},{\"@type\":\"BreadcrumbList\",\"@id\":\"https:\\\/\\\/www.pioneer-cbh.com\\\/pl\\\/hotel\\\/lokalizacja\\\/#breadcrumb\",\"itemListElement\":[{\"@type\":\"ListItem\",\"position\":1,\"name\":\"Home\",\"item\":\"https:\\\/\\\/www.pioneer-cbh.com\\\/pl\\\/\"},{\"@type\":\"ListItem\",\"position\":2,\"name\":\"Hotel\",\"item\":\"https:\\\/\\\/www.pioneer-cbh.com\\\/pl\\\/hotel\\\/\"},{\"@type\":\"ListItem\",\"position\":3,\"name\":\"Lokalizacja\"}]},{\"@type\":\"WebSite\",\"@id\":\"https:\\\/\\\/www.pioneer-cbh.com\\\/pl\\\/#website\",\"url\":\"https:\\\/\\\/www.pioneer-cbh.com\\\/pl\\\/\",\"name\":\"Pioneer Beach Hotel\",\"description\":\"Constantinou Bros Pioneer Beach Hotel, 4 star hotel in Paphos Cyprus\",\"potentialAction\":[{\"@type\":\"SearchAction\",\"target\":{\"@type\":\"EntryPoint\",\"urlTemplate\":\"https:\\\/\\\/www.pioneer-cbh.com\\\/pl\\\/?s={search_term_string}\"},\"query-input\":{\"@type\":\"PropertyValueSpecification\",\"valueRequired\":true,\"valueName\":\"search_term_string\"}}],\"inLanguage\":\"pl-PL\"}]}<\/script>\n<!-- \/ Yoast SEO plugin. -->","yoast_head_json":{"title":"Rewelacyjny o\u015brodek pla\u017cowy dla doros\u0142ych w Pafos || Pioneer Beach Hotel","description":"Pioneer Beach by Constantinou Bros Hotels to uroczy nadmorski kurort w Pafos na Cyprze, kt\u00f3ry jest dobrze po\u0142o\u017cony, blisko miasta i okolicznych atrakcji.","robots":{"index":"index","follow":"follow","max-snippet":"max-snippet:-1","max-image-preview":"max-image-preview:large","max-video-preview":"max-video-preview:-1"},"canonical":"https:\/\/www.pioneer-cbh.com\/pl\/hotel\/lokalizacja\/","og_locale":"pl_PL","og_type":"article","og_title":"Rewelacyjny o\u015brodek pla\u017cowy dla doros\u0142ych w Pafos || Pioneer Beach Hotel","og_description":"Pioneer Beach by Constantinou Bros Hotels to uroczy nadmorski kurort w Pafos na Cyprze, kt\u00f3ry jest dobrze po\u0142o\u017cony, blisko miasta i okolicznych atrakcji.","og_url":"https:\/\/www.pioneer-cbh.com\/pl\/hotel\/lokalizacja\/","og_site_name":"Pioneer Beach Hotel","article_modified_time":"2024-09-18T12:17:57+00:00","og_image":[{"width":1200,"height":798,"url":"https:\/\/www.pioneer-cbh.com\/app\/uploads\/sites\/33\/2020\/09\/6-PIONEER-BEACH-HOTEL-POOL-AND-GARDENS.jpg","type":"image\/jpeg"}],"twitter_card":"summary_large_image","twitter_misc":{"Est. reading time":"3 minutes"},"schema":{"@context":"https:\/\/schema.org","@graph":[{"@type":"WebPage","@id":"https:\/\/www.pioneer-cbh.com\/pl\/hotel\/lokalizacja\/","url":"https:\/\/www.pioneer-cbh.com\/pl\/hotel\/lokalizacja\/","name":"Rewelacyjny o\u015brodek pla\u017cowy dla doros\u0142ych w Pafos || Pioneer Beach Hotel","isPartOf":{"@id":"https:\/\/www.pioneer-cbh.com\/pl\/#website"},"primaryImageOfPage":{"@id":"https:\/\/www.pioneer-cbh.com\/pl\/hotel\/lokalizacja\/#primaryimage"},"image":{"@id":"https:\/\/www.pioneer-cbh.com\/pl\/hotel\/lokalizacja\/#primaryimage"},"thumbnailUrl":"https:\/\/www.pioneer-cbh.com\/app\/uploads\/sites\/33\/2020\/09\/6-PIONEER-BEACH-HOTEL-POOL-AND-GARDENS.jpg","datePublished":"2024-07-23T08:34:05+00:00","dateModified":"2024-09-18T12:17:57+00:00","description":"Pioneer Beach by Constantinou Bros Hotels to uroczy nadmorski kurort w Pafos na Cyprze, kt\u00f3ry jest dobrze po\u0142o\u017cony, blisko miasta i okolicznych atrakcji.","breadcrumb":{"@id":"https:\/\/www.pioneer-cbh.com\/pl\/hotel\/lokalizacja\/#breadcrumb"},"inLanguage":"pl-PL","potentialAction":[{"@type":"ReadAction","target":["https:\/\/www.pioneer-cbh.com\/pl\/hotel\/lokalizacja\/"]}]},{"@type":"ImageObject","inLanguage":"pl-PL","@id":"https:\/\/www.pioneer-cbh.com\/pl\/hotel\/lokalizacja\/#primaryimage","url":"https:\/\/www.pioneer-cbh.com\/app\/uploads\/sites\/33\/2020\/09\/6-PIONEER-BEACH-HOTEL-POOL-AND-GARDENS.jpg","contentUrl":"https:\/\/www.pioneer-cbh.com\/app\/uploads\/sites\/33\/2020\/09\/6-PIONEER-BEACH-HOTEL-POOL-AND-GARDENS.jpg","width":1200,"height":798,"caption":"A Romantic Escape"},{"@type":"BreadcrumbList","@id":"https:\/\/www.pioneer-cbh.com\/pl\/hotel\/lokalizacja\/#breadcrumb","itemListElement":[{"@type":"ListItem","position":1,"name":"Home","item":"https:\/\/www.pioneer-cbh.com\/pl\/"},{"@type":"ListItem","position":2,"name":"Hotel","item":"https:\/\/www.pioneer-cbh.com\/pl\/hotel\/"},{"@type":"ListItem","position":3,"name":"Lokalizacja"}]},{"@type":"WebSite","@id":"https:\/\/www.pioneer-cbh.com\/pl\/#website","url":"https:\/\/www.pioneer-cbh.com\/pl\/","name":"Pioneer Beach Hotel","description":"Constantinou Bros Pioneer Beach Hotel, 4 star hotel in Paphos Cyprus","potentialAction":[{"@type":"SearchAction","target":{"@type":"EntryPoint","urlTemplate":"https:\/\/www.pioneer-cbh.com\/pl\/?s={search_term_string}"},"query-input":{"@type":"PropertyValueSpecification","valueRequired":true,"valueName":"search_term_string"}}],"inLanguage":"pl-PL"}]}},"_links":{"self":[{"href":"https:\/\/www.pioneer-cbh.com\/pl\/wp-json\/wp\/v2\/pages\/11535","targetHints":{"allow":["GET"]}}],"collection":[{"href":"https:\/\/www.pioneer-cbh.com\/pl\/wp-json\/wp\/v2\/pages"}],"about":[{"href":"https:\/\/www.pioneer-cbh.com\/pl\/wp-json\/wp\/v2\/types\/page"}],"author":[{"embeddable":true,"href":"https:\/\/www.pioneer-cbh.com\/pl\/wp-json\/wp\/v2\/users\/1"}],"replies":[{"embeddable":true,"href":"https:\/\/www.pioneer-cbh.com\/pl\/wp-json\/wp\/v2\/comments?post=11535"}],"version-history":[{"count":1,"href":"https:\/\/www.pioneer-cbh.com\/pl\/wp-json\/wp\/v2\/pages\/11535\/revisions"}],"predecessor-version":[{"id":12459,"href":"https:\/\/www.pioneer-cbh.com\/pl\/wp-json\/wp\/v2\/pages\/11535\/revisions\/12459"}],"up":[{"embeddable":true,"href":"https:\/\/www.pioneer-cbh.com\/pl\/wp-json\/wp\/v2\/pages\/11373"}],"wp:featuredmedia":[{"embeddable":true,"href":"https:\/\/www.pioneer-cbh.com\/pl\/wp-json\/wp\/v2\/media\/11324"}],"wp:attachment":[{"href":"https:\/\/www.pioneer-cbh.com\/pl\/wp-json\/wp\/v2\/media?parent=11535"}],"curies":[{"name":"wp","href":"https:\/\/api.w.org\/{rel}","templated":true}]}}