{"id":11532,"date":"2024-07-23T11:34:04","date_gmt":"2024-07-23T08:34:04","guid":{"rendered":"https:\/\/www.pioneer-cbh.com\/hotel\/cechy-szczegolne\/"},"modified":"2024-09-18T15:19:01","modified_gmt":"2024-09-18T12:19:01","slug":"cechy-szczegolne","status":"publish","type":"page","link":"https:\/\/www.pioneer-cbh.com\/pl\/hotel\/cechy-szczegolne\/","title":{"rendered":"Cechy szczeg\u00f3lne"},"content":{"rendered":"<h1 class=\"entry-title title-size font-regular text-center my-5\">Cechy szczeg\u00f3lne hotelu Pioneer Beach<\/h1>\n<ul>\n<li>Hotel dla doros\u0142ych (powy\u017cej 16 lat)<\/li>\n<li>Zakaz palenia we wszystkich pomieszczeniach<\/li>\n<li>Skutery inwalidzkie nie s\u0105 dozwolone na terenie hotelu &#8211; dost\u0119pny jest wyznaczony parking.<\/li>\n<li>Elektryczne lub r\u0119czne w\u00f3zki inwalidzkie s\u0105 dozwolone na terenie hotelu.<\/li>\n<li>Wszystkie dzia\u0142y \u017cywno\u015bci i napoj\u00f3w bezgot\u00f3wkowe (tylko op\u0142ata za pok\u00f3j lub p\u0142atno\u015b\u0107 kart\u0105 kredytow\u0105)<\/li>\n<li>Mini market \/ sklep z pami\u0105tkami<\/li>\n<li>Bezp\u0142atny parking<\/li>\n<li>Lokalizacja przy pla\u017cy i bogate ogrody<\/li>\n<li>Pi\u0119kne ogrody i piaszczysta pla\u017ca<\/li>\n<li>Rezerwacje linii lotniczych<\/li>\n<li>24-godzinny serwis taks\u00f3wkowy<\/li>\n<li>24-godzinny lekarz na wezwanie<\/li>\n<li>Wymiana walut<\/li>\n<li>Wypo\u017cyczalnie samochod\u00f3w i rower\u00f3w<\/li>\n<li>Pralnia i czyszczenie chemiczne dost\u0119pne<\/li>\n<li>P\u00f3\u017ane \u015bniadanie<\/li>\n<li>Urozmaicone \u015bniadania i kolacje w formie bufetu &#8211; do wyboru w pomieszczeniach i na \u015bwie\u017cym powietrzu<\/li>\n<li>Kolacja przy \u015bwiecach<\/li>\n<li>Noc grillowania<\/li>\n<li>Nocleg na Cyprze wliczony w opcj\u0119 niepe\u0142nego wy\u017cywienia<\/li>\n<li>Owoce i wino po przyje\u017adzie<\/li>\n<li>R\u00f3\u017cne wieczory tematyczne<\/li>\n<li>Prywatna kabana z le\u017cakami (bezp\u0142atnie dla pokoi Superior Deluxe z widokiem na morze, Junior Suite z widokiem na morze, Executive Junior Suite z widokiem na morze i Executive One Bedroom Suite z widokiem na morze)<\/li>\n<\/ul>\n<h3><\/h3>\n<h3>Udogodnienia na pla\u017cy i przy basenie<\/h3>\n<ul>\n<li>R\u0119czniki pla\u017cowe bezp\u0142atnie<\/li>\n<li>Prysznice<\/li>\n<li>Zmiana kabin przy basenie<\/li>\n<li>Parasole i le\u017caki bezp\u0142atnie<\/li>\n<li>WC<\/li>\n<\/ul>\n","protected":false},"excerpt":{"rendered":"<p>Cechy szczeg\u00f3lne hotelu Pioneer Beach Hotel dla doros\u0142ych (powy\u017cej 16 lat) Zakaz palenia we wszystkich pomieszczeniach Skutery inwalidzkie nie s\u0105 dozwolone na terenie hotelu &#8211; dost\u0119pny jest wyznaczony parking. Elektryczne lub r\u0119czne w\u00f3zki inwalidzkie s\u0105 dozwolone na terenie hotelu. Wszystkie dzia\u0142y \u017cywno\u015bci i napoj\u00f3w bezgot\u00f3wkowe (tylko op\u0142ata za pok\u00f3j lub p\u0142atno\u015b\u0107 kart\u0105 kredytow\u0105) Mini market<\/p>\n","protected":false},"author":12,"featured_media":11449,"parent":11373,"menu_order":0,"comment_status":"closed","ping_status":"closed","template":"","meta":{"_acf_changed":false,"footnotes":""},"class_list":["post-11532","page","type-page","status-publish","has-post-thumbnail","hentry"],"acf":[],"yoast_head":"<!-- This site is optimized with the Yoast SEO plugin v27.5 - https:\/\/yoast.com\/product\/yoast-seo-wordpress\/ -->\n<title>Cechy szczeg\u00f3lne hotelu - Pioneer Beach Hotel Paphos<\/title>\n<meta name=\"description\" content=\"Tutaj znajd\u0105 Pa\u0144stwo pe\u0142ne spektrum us\u0142ug i specjalnych funkcji oferowanych w Pioneer Beach Hotel w Pafos przez Constantinou Bros.\" \/>\n<meta name=\"robots\" content=\"index, follow, max-snippet:-1, max-image-preview:large, max-video-preview:-1\" \/>\n<link rel=\"canonical\" href=\"https:\/\/www.pioneer-cbh.com\/pl\/hotel\/cechy-szczegolne\/\" \/>\n<meta property=\"og:locale\" content=\"pl_PL\" \/>\n<meta property=\"og:type\" content=\"article\" \/>\n<meta property=\"og:title\" content=\"Cechy szczeg\u00f3lne hotelu - Pioneer Beach Hotel Paphos\" \/>\n<meta property=\"og:description\" content=\"Tutaj znajd\u0105 Pa\u0144stwo pe\u0142ne spektrum us\u0142ug i specjalnych funkcji oferowanych w Pioneer Beach Hotel w Pafos przez Constantinou Bros.\" \/>\n<meta property=\"og:url\" content=\"https:\/\/www.pioneer-cbh.com\/pl\/hotel\/cechy-szczegolne\/\" \/>\n<meta property=\"og:site_name\" content=\"Pioneer Beach Hotel\" \/>\n<meta property=\"article:modified_time\" content=\"2024-09-18T12:19:01+00:00\" \/>\n<meta property=\"og:image\" content=\"https:\/\/www.pioneer-cbh.com\/app\/uploads\/sites\/33\/2019\/05\/44.-athena-beach-hotel-limited-sv-aug1919_resized.jpg\" \/>\n\t<meta property=\"og:image:width\" content=\"1920\" \/>\n\t<meta property=\"og:image:height\" content=\"1281\" \/>\n\t<meta property=\"og:image:type\" content=\"image\/jpeg\" \/>\n<meta name=\"twitter:card\" content=\"summary_large_image\" \/>\n<meta name=\"twitter:label1\" content=\"Est. reading time\" \/>\n\t<meta name=\"twitter:data1\" content=\"2 minutes\" \/>\n<script type=\"application\/ld+json\" class=\"yoast-schema-graph\">{\"@context\":\"https:\\\/\\\/schema.org\",\"@graph\":[{\"@type\":\"WebPage\",\"@id\":\"https:\\\/\\\/www.pioneer-cbh.com\\\/pl\\\/hotel\\\/cechy-szczegolne\\\/\",\"url\":\"https:\\\/\\\/www.pioneer-cbh.com\\\/pl\\\/hotel\\\/cechy-szczegolne\\\/\",\"name\":\"Cechy szczeg\u00f3lne hotelu - Pioneer Beach Hotel Paphos\",\"isPartOf\":{\"@id\":\"https:\\\/\\\/www.pioneer-cbh.com\\\/pl\\\/#website\"},\"primaryImageOfPage\":{\"@id\":\"https:\\\/\\\/www.pioneer-cbh.com\\\/pl\\\/hotel\\\/cechy-szczegolne\\\/#primaryimage\"},\"image\":{\"@id\":\"https:\\\/\\\/www.pioneer-cbh.com\\\/pl\\\/hotel\\\/cechy-szczegolne\\\/#primaryimage\"},\"thumbnailUrl\":\"https:\\\/\\\/www.pioneer-cbh.com\\\/app\\\/uploads\\\/sites\\\/33\\\/2019\\\/05\\\/44.-athena-beach-hotel-limited-sv-aug1919_resized.jpg\",\"datePublished\":\"2024-07-23T08:34:04+00:00\",\"dateModified\":\"2024-09-18T12:19:01+00:00\",\"description\":\"Tutaj znajd\u0105 Pa\u0144stwo pe\u0142ne spektrum us\u0142ug i specjalnych funkcji oferowanych w Pioneer Beach Hotel w Pafos przez Constantinou Bros.\",\"breadcrumb\":{\"@id\":\"https:\\\/\\\/www.pioneer-cbh.com\\\/pl\\\/hotel\\\/cechy-szczegolne\\\/#breadcrumb\"},\"inLanguage\":\"pl-PL\",\"potentialAction\":[{\"@type\":\"ReadAction\",\"target\":[\"https:\\\/\\\/www.pioneer-cbh.com\\\/pl\\\/hotel\\\/cechy-szczegolne\\\/\"]}]},{\"@type\":\"ImageObject\",\"inLanguage\":\"pl-PL\",\"@id\":\"https:\\\/\\\/www.pioneer-cbh.com\\\/pl\\\/hotel\\\/cechy-szczegolne\\\/#primaryimage\",\"url\":\"https:\\\/\\\/www.pioneer-cbh.com\\\/app\\\/uploads\\\/sites\\\/33\\\/2019\\\/05\\\/44.-athena-beach-hotel-limited-sv-aug1919_resized.jpg\",\"contentUrl\":\"https:\\\/\\\/www.pioneer-cbh.com\\\/app\\\/uploads\\\/sites\\\/33\\\/2019\\\/05\\\/44.-athena-beach-hotel-limited-sv-aug1919_resized.jpg\",\"width\":1920,\"height\":1281},{\"@type\":\"BreadcrumbList\",\"@id\":\"https:\\\/\\\/www.pioneer-cbh.com\\\/pl\\\/hotel\\\/cechy-szczegolne\\\/#breadcrumb\",\"itemListElement\":[{\"@type\":\"ListItem\",\"position\":1,\"name\":\"Home\",\"item\":\"https:\\\/\\\/www.pioneer-cbh.com\\\/pl\\\/\"},{\"@type\":\"ListItem\",\"position\":2,\"name\":\"Hotel\",\"item\":\"https:\\\/\\\/www.pioneer-cbh.com\\\/pl\\\/hotel\\\/\"},{\"@type\":\"ListItem\",\"position\":3,\"name\":\"Cechy szczeg\u00f3lne\"}]},{\"@type\":\"WebSite\",\"@id\":\"https:\\\/\\\/www.pioneer-cbh.com\\\/pl\\\/#website\",\"url\":\"https:\\\/\\\/www.pioneer-cbh.com\\\/pl\\\/\",\"name\":\"Pioneer Beach Hotel\",\"description\":\"Constantinou Bros Pioneer Beach Hotel, 4 star hotel in Paphos Cyprus\",\"potentialAction\":[{\"@type\":\"SearchAction\",\"target\":{\"@type\":\"EntryPoint\",\"urlTemplate\":\"https:\\\/\\\/www.pioneer-cbh.com\\\/pl\\\/?s={search_term_string}\"},\"query-input\":{\"@type\":\"PropertyValueSpecification\",\"valueRequired\":true,\"valueName\":\"search_term_string\"}}],\"inLanguage\":\"pl-PL\"}]}<\/script>\n<!-- \/ Yoast SEO plugin. -->","yoast_head_json":{"title":"Cechy szczeg\u00f3lne hotelu - Pioneer Beach Hotel Paphos","description":"Tutaj znajd\u0105 Pa\u0144stwo pe\u0142ne spektrum us\u0142ug i specjalnych funkcji oferowanych w Pioneer Beach Hotel w Pafos przez Constantinou Bros.","robots":{"index":"index","follow":"follow","max-snippet":"max-snippet:-1","max-image-preview":"max-image-preview:large","max-video-preview":"max-video-preview:-1"},"canonical":"https:\/\/www.pioneer-cbh.com\/pl\/hotel\/cechy-szczegolne\/","og_locale":"pl_PL","og_type":"article","og_title":"Cechy szczeg\u00f3lne hotelu - Pioneer Beach Hotel Paphos","og_description":"Tutaj znajd\u0105 Pa\u0144stwo pe\u0142ne spektrum us\u0142ug i specjalnych funkcji oferowanych w Pioneer Beach Hotel w Pafos przez Constantinou Bros.","og_url":"https:\/\/www.pioneer-cbh.com\/pl\/hotel\/cechy-szczegolne\/","og_site_name":"Pioneer Beach Hotel","article_modified_time":"2024-09-18T12:19:01+00:00","og_image":[{"width":1920,"height":1281,"url":"https:\/\/www.pioneer-cbh.com\/app\/uploads\/sites\/33\/2019\/05\/44.-athena-beach-hotel-limited-sv-aug1919_resized.jpg","type":"image\/jpeg"}],"twitter_card":"summary_large_image","twitter_misc":{"Est. reading time":"2 minutes"},"schema":{"@context":"https:\/\/schema.org","@graph":[{"@type":"WebPage","@id":"https:\/\/www.pioneer-cbh.com\/pl\/hotel\/cechy-szczegolne\/","url":"https:\/\/www.pioneer-cbh.com\/pl\/hotel\/cechy-szczegolne\/","name":"Cechy szczeg\u00f3lne hotelu - Pioneer Beach Hotel Paphos","isPartOf":{"@id":"https:\/\/www.pioneer-cbh.com\/pl\/#website"},"primaryImageOfPage":{"@id":"https:\/\/www.pioneer-cbh.com\/pl\/hotel\/cechy-szczegolne\/#primaryimage"},"image":{"@id":"https:\/\/www.pioneer-cbh.com\/pl\/hotel\/cechy-szczegolne\/#primaryimage"},"thumbnailUrl":"https:\/\/www.pioneer-cbh.com\/app\/uploads\/sites\/33\/2019\/05\/44.-athena-beach-hotel-limited-sv-aug1919_resized.jpg","datePublished":"2024-07-23T08:34:04+00:00","dateModified":"2024-09-18T12:19:01+00:00","description":"Tutaj znajd\u0105 Pa\u0144stwo pe\u0142ne spektrum us\u0142ug i specjalnych funkcji oferowanych w Pioneer Beach Hotel w Pafos przez Constantinou Bros.","breadcrumb":{"@id":"https:\/\/www.pioneer-cbh.com\/pl\/hotel\/cechy-szczegolne\/#breadcrumb"},"inLanguage":"pl-PL","potentialAction":[{"@type":"ReadAction","target":["https:\/\/www.pioneer-cbh.com\/pl\/hotel\/cechy-szczegolne\/"]}]},{"@type":"ImageObject","inLanguage":"pl-PL","@id":"https:\/\/www.pioneer-cbh.com\/pl\/hotel\/cechy-szczegolne\/#primaryimage","url":"https:\/\/www.pioneer-cbh.com\/app\/uploads\/sites\/33\/2019\/05\/44.-athena-beach-hotel-limited-sv-aug1919_resized.jpg","contentUrl":"https:\/\/www.pioneer-cbh.com\/app\/uploads\/sites\/33\/2019\/05\/44.-athena-beach-hotel-limited-sv-aug1919_resized.jpg","width":1920,"height":1281},{"@type":"BreadcrumbList","@id":"https:\/\/www.pioneer-cbh.com\/pl\/hotel\/cechy-szczegolne\/#breadcrumb","itemListElement":[{"@type":"ListItem","position":1,"name":"Home","item":"https:\/\/www.pioneer-cbh.com\/pl\/"},{"@type":"ListItem","position":2,"name":"Hotel","item":"https:\/\/www.pioneer-cbh.com\/pl\/hotel\/"},{"@type":"ListItem","position":3,"name":"Cechy szczeg\u00f3lne"}]},{"@type":"WebSite","@id":"https:\/\/www.pioneer-cbh.com\/pl\/#website","url":"https:\/\/www.pioneer-cbh.com\/pl\/","name":"Pioneer Beach Hotel","description":"Constantinou Bros Pioneer Beach Hotel, 4 star hotel in Paphos Cyprus","potentialAction":[{"@type":"SearchAction","target":{"@type":"EntryPoint","urlTemplate":"https:\/\/www.pioneer-cbh.com\/pl\/?s={search_term_string}"},"query-input":{"@type":"PropertyValueSpecification","valueRequired":true,"valueName":"search_term_string"}}],"inLanguage":"pl-PL"}]}},"_links":{"self":[{"href":"https:\/\/www.pioneer-cbh.com\/pl\/wp-json\/wp\/v2\/pages\/11532","targetHints":{"allow":["GET"]}}],"collection":[{"href":"https:\/\/www.pioneer-cbh.com\/pl\/wp-json\/wp\/v2\/pages"}],"about":[{"href":"https:\/\/www.pioneer-cbh.com\/pl\/wp-json\/wp\/v2\/types\/page"}],"author":[{"embeddable":true,"href":"https:\/\/www.pioneer-cbh.com\/pl\/wp-json\/wp\/v2\/users\/12"}],"replies":[{"embeddable":true,"href":"https:\/\/www.pioneer-cbh.com\/pl\/wp-json\/wp\/v2\/comments?post=11532"}],"version-history":[{"count":1,"href":"https:\/\/www.pioneer-cbh.com\/pl\/wp-json\/wp\/v2\/pages\/11532\/revisions"}],"predecessor-version":[{"id":12461,"href":"https:\/\/www.pioneer-cbh.com\/pl\/wp-json\/wp\/v2\/pages\/11532\/revisions\/12461"}],"up":[{"embeddable":true,"href":"https:\/\/www.pioneer-cbh.com\/pl\/wp-json\/wp\/v2\/pages\/11373"}],"wp:featuredmedia":[{"embeddable":true,"href":"https:\/\/www.pioneer-cbh.com\/pl\/wp-json\/wp\/v2\/media\/11449"}],"wp:attachment":[{"href":"https:\/\/www.pioneer-cbh.com\/pl\/wp-json\/wp\/v2\/media?parent=11532"}],"curies":[{"name":"wp","href":"https:\/\/api.w.org\/{rel}","templated":true}]}}