{"id":11525,"date":"2024-07-23T11:33:59","date_gmt":"2024-07-23T08:33:59","guid":{"rendered":"https:\/\/www.pioneer-cbh.com\/hotel\/spotlight-na-temat-pafos-cypr\/"},"modified":"2024-09-18T15:19:56","modified_gmt":"2024-09-18T12:19:56","slug":"spotlight-na-temat-pafos-cypr","status":"publish","type":"page","link":"https:\/\/www.pioneer-cbh.com\/pl\/hotel\/spotlight-na-temat-pafos-cypr\/","title":{"rendered":"Spotlight na temat Pafos, Cypr"},"content":{"rendered":"<h1 class=\"entry-title title-size font-regular text-center my-5\">Wszystko, co musz\u0105 Pa\u0144stwo wiedzie\u0107 o Pafos na Cyprze<\/h1>\n<p>Pafos, ma\u0142e malownicze miasto po\u0142o\u017cone jest na zachodnim wybrze\u017cu Cypru i rozci\u0105ga si\u0119 od pi\u0119knego p\u00f3\u0142wyspu Akamas na p\u00f3\u0142nocnym zachodzie po ska\u0142\u0119 Aphrodites na wschodzie.<br \/>\nJest przesi\u0105kni\u0119te histori\u0105, b\u0119d\u0105c stolic\u0105 Cypru w czasach staro\u017cytnych i po raz kolejny \u015bwi\u0119towa\u0142o to wyr\u00f3\u017cnienie, gdy w 2017 roku kr\u00f3lowa\u0142o jako Europejska Stolica Kultury, przyci\u0105gaj\u0105c tysi\u0105ce turyst\u00f3w ka\u017cdego roku.<br \/>\nW <b>Pafos na<\/b> Cyprze znajduj\u0105 si\u0119 niezliczone miejsca o znaczeniu historycznym, religijnym i kulturowym, kt\u00f3re zosta\u0142y wpisane na list\u0119 \u015bwiatowego dziedzictwa kulturowego UNESCO.<br \/>\nGrobowce Kr\u00f3l\u00f3w, \u015bredniowieczny fort, Odeon, Dom Dionizosa, Ska\u0142a Afrodyty i \u0141a\u017anie Afrodyty, a tak\u017ce kolumna \u015bw. Paw\u0142a to tylko niekt\u00f3re z nich.<br \/>\nFunkcjonowanie mi\u0119dzynarodowego lotniska z po\u0142\u0105czeniami z wieloma g\u0142\u00f3wnymi miastami na \u015bwiecie sprawi\u0142o, \u017ce <b>Pafos na Cyprze<\/b> jest bardzo \u0142atwo dost\u0119pne.<br \/>\nPonadto nowa autostrada \u0142atwo i bezpiecznie \u0142\u0105czy Pafos z innymi miastami.<br \/>\nObszar Pafos graniczy z pi\u0119knym wybrze\u017cem, a w g\u00f3rach znajduj\u0105 si\u0119 urocze wioski z wielowiekowymi klasztorami.<br \/>\nCentrum miasta jest jednak nowoczesne z modnymi sklepami, ciekawym tradycyjnym rynkiem i dobrymi muzeami.<br \/>\nPrzekonaj\u0105 si\u0119 Pa\u0144stwo, \u017ce <b>Pafos na<\/b> Cyprze to urocze, bezpieczne i przyjemne miasto wypoczynkowe z mn\u00f3stwem atrakcji, kt\u00f3re wkr\u00f3tce stanie si\u0119 ulubionym miejscem na wakacje.<br \/>\nCypr jest trzeci\u0105 co do wielko\u015bci wysp\u0105 na Morzu \u015ar\u00f3dziemnym i prawdziwym skrzy\u017cowaniem trzech kontynent\u00f3w: Europy, Azji i Afryki.<br \/>\nCypr sta\u0142 si\u0119 niepodleg\u0142\u0105 republik\u0105 w 1960 roku i do\u0142\u0105czy\u0142 do Unii Europejskiej w 2004 roku.<br \/>\nPosiada dwa mi\u0119dzynarodowe lotniska w Larnace i Pafos z doskona\u0142ymi po\u0142\u0105czeniami z wi\u0119kszo\u015bci\u0105 g\u0142\u00f3wnych miast na \u015bwiecie.<br \/>\nCypr zawdzi\u0119cza swoj\u0105 nazw\u0119 miedzi, kt\u00f3rej w staro\u017cytno\u015bci by\u0142o tu pod dostatkiem.<br \/>\nJest to wyspa przesi\u0105kni\u0119ta histori\u0105, kt\u00f3ra znajdowa\u0142a si\u0119 pod panowaniem perskim, asyryjskim, egipskim, rzymskim, bizantyjskim, weneckim, osma\u0144skim i brytyjskim.<br \/>\nBy\u0142 to r\u00f3wnie\u017c jeden z pierwszych kraj\u00f3w na \u015bwiecie, kt\u00f3ry przeszed\u0142 na chrze\u015bcija\u0144stwo, kiedy \u015bw. Pawe\u0142 odwiedzi\u0142 wysp\u0119 i g\u0142osi\u0142 now\u0105 wiar\u0119.<br \/>\nPaw\u0142a, gdzie aposto\u0142 by\u0142 39 razy wi\u0105zany i biczowany, a w Larnace, w ko\u015bciele \u015bw. \u0141azarza, znajduje si\u0119 krypta tego \u015bwi\u0119tego, kt\u00f3ry zosta\u0142 wskrzeszony przez Jezusa Chrystusa.<br \/>\nTo wyja\u015bnia, dlaczego Cypr jest wysp\u0105, kt\u00f3ra przyci\u0105ga zainteresowanie wszelkiego rodzaju ludzi: od mi\u0142o\u015bnik\u00f3w archeologii po przyjaci\u00f3\u0142 natury, od nowo\u017ce\u0144c\u00f3w i rodzin wielbi\u0105cych s\u0142o\u0144ce, po mi\u0142o\u015bnik\u00f3w jedzenia i biznesmen\u00f3w.<br \/>\nStaro\u017cytne ruiny \u015bwi\u0105ty\u0144 wraz z osza\u0142amiaj\u0105cymi freskami w bizantyjskich ko\u015bcio\u0142ach, tarasowe winnice i urokliwe szlaki przyrodnicze, pokryte sosnami g\u00f3ry i sk\u0105pane w s\u0142o\u0144cu wybrze\u017ca, posi\u0142ek z meze i \u015bwie\u017cym serem halloumi, a tak\u017ce najnowocze\u015bniejsze obiekty konferencyjne to tylko kilka z rzeczy, kt\u00f3re sprawi\u0105, \u017ce zakochaj\u0105 si\u0119 Pa\u0144stwo w Cyprze.<br \/>\nCypr mo\u017ce by\u0107 krajem o korzeniach g\u0142\u0119boko zakorzenionych w bogatej i zr\u00f3\u017cnicowanej przesz\u0142o\u015bci, ale jest to nowoczesny kraj, kt\u00f3ry szybko zmierza w przysz\u0142o\u015b\u0107.<br \/>\nTo wyspa wielu pi\u0119knych sprzeczno\u015bci, ciep\u0142a mieszanka kultur, kolor\u00f3w, cywilizacji, pie\u015bni i mit\u00f3w.<br \/>\nZapraszamy Pa\u0144stwa do zasmakowania go\u015bcinno\u015bci na wyspie, gdzie w naszym ojczystym j\u0119zyku s\u0142owo &#8220;xenos&#8221; oznacza zar\u00f3wno obcego, jak i go\u015bcia.<br \/>\nProsz\u0119 przyjecha\u0107 i odkry\u0107 wysp\u0119, kt\u00f3rej pi\u0119kno i urok pot\u0119guje \u017cyczliwo\u015b\u0107 jej mieszka\u0144c\u00f3w. Prosz\u0119 przyjecha\u0107 i odkry\u0107 to wszystko, zaczynaj\u0105c od <b>Pafos na Cyprze<\/b>.<\/p>\n","protected":false},"excerpt":{"rendered":"<p>Wszystko, co musz\u0105 Pa\u0144stwo wiedzie\u0107 o Pafos na Cyprze Pafos, ma\u0142e malownicze miasto po\u0142o\u017cone jest na zachodnim wybrze\u017cu Cypru i rozci\u0105ga si\u0119 od pi\u0119knego p\u00f3\u0142wyspu Akamas na p\u00f3\u0142nocnym zachodzie po ska\u0142\u0119 Aphrodites na wschodzie. Jest przesi\u0105kni\u0119te histori\u0105, b\u0119d\u0105c stolic\u0105 Cypru w czasach staro\u017cytnych i po raz kolejny \u015bwi\u0119towa\u0142o to wyr\u00f3\u017cnienie, gdy w 2017 roku kr\u00f3lowa\u0142o<\/p>\n","protected":false},"author":12,"featured_media":11949,"parent":11373,"menu_order":0,"comment_status":"closed","ping_status":"closed","template":"","meta":{"_acf_changed":false,"footnotes":""},"class_list":["post-11525","page","type-page","status-publish","has-post-thumbnail","hentry"],"acf":[],"yoast_head":"<!-- This site is optimized with the Yoast SEO plugin v27.4 - https:\/\/yoast.com\/product\/yoast-seo-wordpress\/ -->\n<title>Odkryj urok Pafos na Cyprze | Constantinou Bros Hotels<\/title>\n<meta name=\"description\" content=\"Zaczynaj\u0105c od uroczego nadmorskiego Pafos na Cyprze, prosz\u0119 przyjecha\u0107 i odkry\u0107 wysp\u0119, kt\u00f3rej pi\u0119kno pot\u0119guje \u017cyczliwo\u015b\u0107 jej mieszka\u0144c\u00f3w.\" \/>\n<meta name=\"robots\" content=\"index, follow, max-snippet:-1, max-image-preview:large, max-video-preview:-1\" \/>\n<link rel=\"canonical\" href=\"https:\/\/www.pioneer-cbh.com\/pl\/hotel\/spotlight-na-temat-pafos-cypr\/\" \/>\n<meta property=\"og:locale\" content=\"pl_PL\" \/>\n<meta property=\"og:type\" content=\"article\" \/>\n<meta property=\"og:title\" content=\"Odkryj urok Pafos na Cyprze | Constantinou Bros Hotels\" \/>\n<meta property=\"og:description\" content=\"Zaczynaj\u0105c od uroczego nadmorskiego Pafos na Cyprze, prosz\u0119 przyjecha\u0107 i odkry\u0107 wysp\u0119, kt\u00f3rej pi\u0119kno pot\u0119guje \u017cyczliwo\u015b\u0107 jej mieszka\u0144c\u00f3w.\" \/>\n<meta property=\"og:url\" content=\"https:\/\/www.pioneer-cbh.com\/pl\/hotel\/spotlight-na-temat-pafos-cypr\/\" \/>\n<meta property=\"og:site_name\" content=\"Pioneer Beach Hotel\" \/>\n<meta property=\"article:modified_time\" content=\"2024-09-18T12:19:56+00:00\" \/>\n<meta property=\"og:image\" content=\"https:\/\/www.pioneer-cbh.com\/app\/uploads\/sites\/33\/2020\/09\/3-PIONEER-BEACH-HOTEL-BEACH.jpg\" \/>\n\t<meta property=\"og:image:width\" content=\"1200\" \/>\n\t<meta property=\"og:image:height\" content=\"891\" \/>\n\t<meta property=\"og:image:type\" content=\"image\/jpeg\" \/>\n<meta name=\"twitter:card\" content=\"summary_large_image\" \/>\n<meta name=\"twitter:label1\" content=\"Est. reading time\" \/>\n\t<meta name=\"twitter:data1\" content=\"4 minutes\" \/>\n<script type=\"application\/ld+json\" class=\"yoast-schema-graph\">{\"@context\":\"https:\\\/\\\/schema.org\",\"@graph\":[{\"@type\":\"WebPage\",\"@id\":\"https:\\\/\\\/www.pioneer-cbh.com\\\/pl\\\/hotel\\\/spotlight-na-temat-pafos-cypr\\\/\",\"url\":\"https:\\\/\\\/www.pioneer-cbh.com\\\/pl\\\/hotel\\\/spotlight-na-temat-pafos-cypr\\\/\",\"name\":\"Odkryj urok Pafos na Cyprze | Constantinou Bros Hotels\",\"isPartOf\":{\"@id\":\"https:\\\/\\\/www.pioneer-cbh.com\\\/pl\\\/#website\"},\"primaryImageOfPage\":{\"@id\":\"https:\\\/\\\/www.pioneer-cbh.com\\\/pl\\\/hotel\\\/spotlight-na-temat-pafos-cypr\\\/#primaryimage\"},\"image\":{\"@id\":\"https:\\\/\\\/www.pioneer-cbh.com\\\/pl\\\/hotel\\\/spotlight-na-temat-pafos-cypr\\\/#primaryimage\"},\"thumbnailUrl\":\"https:\\\/\\\/www.pioneer-cbh.com\\\/app\\\/uploads\\\/sites\\\/33\\\/2020\\\/09\\\/3-PIONEER-BEACH-HOTEL-BEACH.jpg\",\"datePublished\":\"2024-07-23T08:33:59+00:00\",\"dateModified\":\"2024-09-18T12:19:56+00:00\",\"description\":\"Zaczynaj\u0105c od uroczego nadmorskiego Pafos na Cyprze, prosz\u0119 przyjecha\u0107 i odkry\u0107 wysp\u0119, kt\u00f3rej pi\u0119kno pot\u0119guje \u017cyczliwo\u015b\u0107 jej mieszka\u0144c\u00f3w.\",\"breadcrumb\":{\"@id\":\"https:\\\/\\\/www.pioneer-cbh.com\\\/pl\\\/hotel\\\/spotlight-na-temat-pafos-cypr\\\/#breadcrumb\"},\"inLanguage\":\"pl-PL\",\"potentialAction\":[{\"@type\":\"ReadAction\",\"target\":[\"https:\\\/\\\/www.pioneer-cbh.com\\\/pl\\\/hotel\\\/spotlight-na-temat-pafos-cypr\\\/\"]}]},{\"@type\":\"ImageObject\",\"inLanguage\":\"pl-PL\",\"@id\":\"https:\\\/\\\/www.pioneer-cbh.com\\\/pl\\\/hotel\\\/spotlight-na-temat-pafos-cypr\\\/#primaryimage\",\"url\":\"https:\\\/\\\/www.pioneer-cbh.com\\\/app\\\/uploads\\\/sites\\\/33\\\/2020\\\/09\\\/3-PIONEER-BEACH-HOTEL-BEACH.jpg\",\"contentUrl\":\"https:\\\/\\\/www.pioneer-cbh.com\\\/app\\\/uploads\\\/sites\\\/33\\\/2020\\\/09\\\/3-PIONEER-BEACH-HOTEL-BEACH.jpg\",\"width\":1200,\"height\":891},{\"@type\":\"BreadcrumbList\",\"@id\":\"https:\\\/\\\/www.pioneer-cbh.com\\\/pl\\\/hotel\\\/spotlight-na-temat-pafos-cypr\\\/#breadcrumb\",\"itemListElement\":[{\"@type\":\"ListItem\",\"position\":1,\"name\":\"Home\",\"item\":\"https:\\\/\\\/www.pioneer-cbh.com\\\/pl\\\/\"},{\"@type\":\"ListItem\",\"position\":2,\"name\":\"Hotel\",\"item\":\"https:\\\/\\\/www.pioneer-cbh.com\\\/pl\\\/hotel\\\/\"},{\"@type\":\"ListItem\",\"position\":3,\"name\":\"Spotlight na temat Pafos, Cypr\"}]},{\"@type\":\"WebSite\",\"@id\":\"https:\\\/\\\/www.pioneer-cbh.com\\\/pl\\\/#website\",\"url\":\"https:\\\/\\\/www.pioneer-cbh.com\\\/pl\\\/\",\"name\":\"Pioneer Beach Hotel\",\"description\":\"Constantinou Bros Pioneer Beach Hotel, 4 star hotel in Paphos Cyprus\",\"potentialAction\":[{\"@type\":\"SearchAction\",\"target\":{\"@type\":\"EntryPoint\",\"urlTemplate\":\"https:\\\/\\\/www.pioneer-cbh.com\\\/pl\\\/?s={search_term_string}\"},\"query-input\":{\"@type\":\"PropertyValueSpecification\",\"valueRequired\":true,\"valueName\":\"search_term_string\"}}],\"inLanguage\":\"pl-PL\"}]}<\/script>\n<!-- \/ Yoast SEO plugin. -->","yoast_head_json":{"title":"Odkryj urok Pafos na Cyprze | Constantinou Bros Hotels","description":"Zaczynaj\u0105c od uroczego nadmorskiego Pafos na Cyprze, prosz\u0119 przyjecha\u0107 i odkry\u0107 wysp\u0119, kt\u00f3rej pi\u0119kno pot\u0119guje \u017cyczliwo\u015b\u0107 jej mieszka\u0144c\u00f3w.","robots":{"index":"index","follow":"follow","max-snippet":"max-snippet:-1","max-image-preview":"max-image-preview:large","max-video-preview":"max-video-preview:-1"},"canonical":"https:\/\/www.pioneer-cbh.com\/pl\/hotel\/spotlight-na-temat-pafos-cypr\/","og_locale":"pl_PL","og_type":"article","og_title":"Odkryj urok Pafos na Cyprze | Constantinou Bros Hotels","og_description":"Zaczynaj\u0105c od uroczego nadmorskiego Pafos na Cyprze, prosz\u0119 przyjecha\u0107 i odkry\u0107 wysp\u0119, kt\u00f3rej pi\u0119kno pot\u0119guje \u017cyczliwo\u015b\u0107 jej mieszka\u0144c\u00f3w.","og_url":"https:\/\/www.pioneer-cbh.com\/pl\/hotel\/spotlight-na-temat-pafos-cypr\/","og_site_name":"Pioneer Beach Hotel","article_modified_time":"2024-09-18T12:19:56+00:00","og_image":[{"width":1200,"height":891,"url":"https:\/\/www.pioneer-cbh.com\/app\/uploads\/sites\/33\/2020\/09\/3-PIONEER-BEACH-HOTEL-BEACH.jpg","type":"image\/jpeg"}],"twitter_card":"summary_large_image","twitter_misc":{"Est. reading time":"4 minutes"},"schema":{"@context":"https:\/\/schema.org","@graph":[{"@type":"WebPage","@id":"https:\/\/www.pioneer-cbh.com\/pl\/hotel\/spotlight-na-temat-pafos-cypr\/","url":"https:\/\/www.pioneer-cbh.com\/pl\/hotel\/spotlight-na-temat-pafos-cypr\/","name":"Odkryj urok Pafos na Cyprze | Constantinou Bros Hotels","isPartOf":{"@id":"https:\/\/www.pioneer-cbh.com\/pl\/#website"},"primaryImageOfPage":{"@id":"https:\/\/www.pioneer-cbh.com\/pl\/hotel\/spotlight-na-temat-pafos-cypr\/#primaryimage"},"image":{"@id":"https:\/\/www.pioneer-cbh.com\/pl\/hotel\/spotlight-na-temat-pafos-cypr\/#primaryimage"},"thumbnailUrl":"https:\/\/www.pioneer-cbh.com\/app\/uploads\/sites\/33\/2020\/09\/3-PIONEER-BEACH-HOTEL-BEACH.jpg","datePublished":"2024-07-23T08:33:59+00:00","dateModified":"2024-09-18T12:19:56+00:00","description":"Zaczynaj\u0105c od uroczego nadmorskiego Pafos na Cyprze, prosz\u0119 przyjecha\u0107 i odkry\u0107 wysp\u0119, kt\u00f3rej pi\u0119kno pot\u0119guje \u017cyczliwo\u015b\u0107 jej mieszka\u0144c\u00f3w.","breadcrumb":{"@id":"https:\/\/www.pioneer-cbh.com\/pl\/hotel\/spotlight-na-temat-pafos-cypr\/#breadcrumb"},"inLanguage":"pl-PL","potentialAction":[{"@type":"ReadAction","target":["https:\/\/www.pioneer-cbh.com\/pl\/hotel\/spotlight-na-temat-pafos-cypr\/"]}]},{"@type":"ImageObject","inLanguage":"pl-PL","@id":"https:\/\/www.pioneer-cbh.com\/pl\/hotel\/spotlight-na-temat-pafos-cypr\/#primaryimage","url":"https:\/\/www.pioneer-cbh.com\/app\/uploads\/sites\/33\/2020\/09\/3-PIONEER-BEACH-HOTEL-BEACH.jpg","contentUrl":"https:\/\/www.pioneer-cbh.com\/app\/uploads\/sites\/33\/2020\/09\/3-PIONEER-BEACH-HOTEL-BEACH.jpg","width":1200,"height":891},{"@type":"BreadcrumbList","@id":"https:\/\/www.pioneer-cbh.com\/pl\/hotel\/spotlight-na-temat-pafos-cypr\/#breadcrumb","itemListElement":[{"@type":"ListItem","position":1,"name":"Home","item":"https:\/\/www.pioneer-cbh.com\/pl\/"},{"@type":"ListItem","position":2,"name":"Hotel","item":"https:\/\/www.pioneer-cbh.com\/pl\/hotel\/"},{"@type":"ListItem","position":3,"name":"Spotlight na temat Pafos, Cypr"}]},{"@type":"WebSite","@id":"https:\/\/www.pioneer-cbh.com\/pl\/#website","url":"https:\/\/www.pioneer-cbh.com\/pl\/","name":"Pioneer Beach Hotel","description":"Constantinou Bros Pioneer Beach Hotel, 4 star hotel in Paphos Cyprus","potentialAction":[{"@type":"SearchAction","target":{"@type":"EntryPoint","urlTemplate":"https:\/\/www.pioneer-cbh.com\/pl\/?s={search_term_string}"},"query-input":{"@type":"PropertyValueSpecification","valueRequired":true,"valueName":"search_term_string"}}],"inLanguage":"pl-PL"}]}},"_links":{"self":[{"href":"https:\/\/www.pioneer-cbh.com\/pl\/wp-json\/wp\/v2\/pages\/11525","targetHints":{"allow":["GET"]}}],"collection":[{"href":"https:\/\/www.pioneer-cbh.com\/pl\/wp-json\/wp\/v2\/pages"}],"about":[{"href":"https:\/\/www.pioneer-cbh.com\/pl\/wp-json\/wp\/v2\/types\/page"}],"author":[{"embeddable":true,"href":"https:\/\/www.pioneer-cbh.com\/pl\/wp-json\/wp\/v2\/users\/12"}],"replies":[{"embeddable":true,"href":"https:\/\/www.pioneer-cbh.com\/pl\/wp-json\/wp\/v2\/comments?post=11525"}],"version-history":[{"count":1,"href":"https:\/\/www.pioneer-cbh.com\/pl\/wp-json\/wp\/v2\/pages\/11525\/revisions"}],"predecessor-version":[{"id":12465,"href":"https:\/\/www.pioneer-cbh.com\/pl\/wp-json\/wp\/v2\/pages\/11525\/revisions\/12465"}],"up":[{"embeddable":true,"href":"https:\/\/www.pioneer-cbh.com\/pl\/wp-json\/wp\/v2\/pages\/11373"}],"wp:featuredmedia":[{"embeddable":true,"href":"https:\/\/www.pioneer-cbh.com\/pl\/wp-json\/wp\/v2\/media\/11949"}],"wp:attachment":[{"href":"https:\/\/www.pioneer-cbh.com\/pl\/wp-json\/wp\/v2\/media?parent=11525"}],"curies":[{"name":"wp","href":"https:\/\/api.w.org\/{rel}","templated":true}]}}