{"id":11515,"date":"2024-07-23T11:33:54","date_gmt":"2024-07-23T08:33:54","guid":{"rendered":"https:\/\/www.pioneer-cbh.com\/jadalnia\/bary\/"},"modified":"2024-09-18T14:55:45","modified_gmt":"2024-09-18T11:55:45","slug":"bary","status":"publish","type":"page","link":"https:\/\/www.pioneer-cbh.com\/pl\/jadalnia\/bary\/","title":{"rendered":"Bary"},"content":{"rendered":"<h4>Marco Polo Cocktail Bar<\/h4>\n<p>Przestronne i przytulne miejsce, w kt\u00f3rym mo\u017cna si\u0119 zrelaksowa\u0107, delektuj\u0105c si\u0119 drinkiem wewn\u0105trz lub na zewn\u0105trz, przy akompaniamencie muzyki na \u017cywo przez wi\u0119kszo\u015b\u0107 wieczor\u00f3w.<\/p>\n<h4>Bar sportowy<\/h4>\n<p>Zupe\u0142nie nowy dodatek do oferty hotelu, serwuj\u0105cy drinki w przytulnej atmosferze.<br \/>\nMog\u0105 Pa\u0144stwo wypi\u0107 kufel lub innego drinka wraz z gr\u0105 w bilard ameryka\u0144ski lub po prostu zrelaksowa\u0107 si\u0119 i obejrze\u0107 dobry mecz pi\u0142ki no\u017cnej na du\u017cym ekranie telewizora.<\/p>\n<h4>Bar na dachu St. Andrew&#8217;s (lato)<\/h4>\n<p>Prosz\u0119 wjecha\u0107 wind\u0105 na najwy\u017csze pi\u0119tro i podziwia\u0107 zapieraj\u0105ce dech w piersiach widoki na morze z naszego baru na dachu St. Andrew&#8217;s.<br \/>\nTo idealne miejsce na relaks i podziwianie zachodu s\u0142o\u0144ca przy koktajlach i drinkach oraz relaksuj\u0105cej muzyce lounge.<\/p>\n<h4>Captain Cook Pool Bar<\/h4>\n<p>Przy basenie mo\u017cna ugasi\u0107 pragnienie orze\u017awiaj\u0105cym napojem lub lodami (lato).<br \/>\nR\u00f3\u017cne przek\u0105ski &#8211; serwis.<\/p>\n<h4>Bar Posejdonas<\/h4>\n<p>Otwarte wed\u0142ug uznania kierownictwa.<\/p>\n","protected":false},"excerpt":{"rendered":"<p>Marco Polo Cocktail Bar Przestronne i przytulne miejsce, w kt\u00f3rym mo\u017cna si\u0119 zrelaksowa\u0107, delektuj\u0105c si\u0119 drinkiem wewn\u0105trz lub na zewn\u0105trz, przy akompaniamencie muzyki na \u017cywo przez wi\u0119kszo\u015b\u0107 wieczor\u00f3w. Bar sportowy Zupe\u0142nie nowy dodatek do oferty hotelu, serwuj\u0105cy drinki w przytulnej atmosferze. Mog\u0105 Pa\u0144stwo wypi\u0107 kufel lub innego drinka wraz z gr\u0105 w bilard ameryka\u0144ski lub<\/p>\n","protected":false},"author":12,"featured_media":12107,"parent":11383,"menu_order":0,"comment_status":"closed","ping_status":"closed","template":"","meta":{"_acf_changed":false,"footnotes":""},"class_list":["post-11515","page","type-page","status-publish","has-post-thumbnail","hentry"],"acf":[],"yoast_head":"<!-- This site is optimized with the Yoast SEO plugin v27.5 - https:\/\/yoast.com\/product\/yoast-seo-wordpress\/ -->\n<title>Dobre drinki w barach Pioneer Beach Hotel Pafos || Pioneer Beach<\/title>\n<meta name=\"description\" content=\"Zapraszamy na wieczory z drinkami przy basenie, z widokiem na morze, w pomieszczeniu lub nawet przy stole bilardowym, gdy spr\u00f3buj\u0105 Pa\u0144stwo wszystkich pi\u0119ciu bar\u00f3w Pioneer Beach Hotel Paphos.\" \/>\n<meta name=\"robots\" content=\"index, follow, max-snippet:-1, max-image-preview:large, max-video-preview:-1\" \/>\n<link rel=\"canonical\" href=\"https:\/\/www.pioneer-cbh.com\/pl\/jadalnia\/bary\/\" \/>\n<meta property=\"og:locale\" content=\"pl_PL\" \/>\n<meta property=\"og:type\" content=\"article\" \/>\n<meta property=\"og:title\" content=\"Dobre drinki w barach Pioneer Beach Hotel Pafos || Pioneer Beach\" \/>\n<meta property=\"og:description\" content=\"Zapraszamy na wieczory z drinkami przy basenie, z widokiem na morze, w pomieszczeniu lub nawet przy stole bilardowym, gdy spr\u00f3buj\u0105 Pa\u0144stwo wszystkich pi\u0119ciu bar\u00f3w Pioneer Beach Hotel Paphos.\" \/>\n<meta property=\"og:url\" content=\"https:\/\/www.pioneer-cbh.com\/pl\/jadalnia\/bary\/\" \/>\n<meta property=\"og:site_name\" content=\"Pioneer Beach Hotel\" \/>\n<meta property=\"article:modified_time\" content=\"2024-09-18T11:55:45+00:00\" \/>\n<meta property=\"og:image\" content=\"https:\/\/www.pioneer-cbh.com\/app\/uploads\/sites\/33\/2020\/09\/1-PIONEER-BEACH-HOTEL-POOL.jpg\" \/>\n\t<meta property=\"og:image:width\" content=\"1200\" \/>\n\t<meta property=\"og:image:height\" content=\"798\" \/>\n\t<meta property=\"og:image:type\" content=\"image\/jpeg\" \/>\n<meta name=\"twitter:card\" content=\"summary_large_image\" \/>\n<meta name=\"twitter:label1\" content=\"Est. reading time\" \/>\n\t<meta name=\"twitter:data1\" content=\"2 minutes\" \/>\n<script type=\"application\/ld+json\" class=\"yoast-schema-graph\">{\"@context\":\"https:\\\/\\\/schema.org\",\"@graph\":[{\"@type\":\"WebPage\",\"@id\":\"https:\\\/\\\/www.pioneer-cbh.com\\\/pl\\\/jadalnia\\\/bary\\\/\",\"url\":\"https:\\\/\\\/www.pioneer-cbh.com\\\/pl\\\/jadalnia\\\/bary\\\/\",\"name\":\"Dobre drinki w barach Pioneer Beach Hotel Pafos || Pioneer Beach\",\"isPartOf\":{\"@id\":\"https:\\\/\\\/www.pioneer-cbh.com\\\/pl\\\/#website\"},\"primaryImageOfPage\":{\"@id\":\"https:\\\/\\\/www.pioneer-cbh.com\\\/pl\\\/jadalnia\\\/bary\\\/#primaryimage\"},\"image\":{\"@id\":\"https:\\\/\\\/www.pioneer-cbh.com\\\/pl\\\/jadalnia\\\/bary\\\/#primaryimage\"},\"thumbnailUrl\":\"https:\\\/\\\/www.pioneer-cbh.com\\\/app\\\/uploads\\\/sites\\\/33\\\/2020\\\/09\\\/1-PIONEER-BEACH-HOTEL-POOL.jpg\",\"datePublished\":\"2024-07-23T08:33:54+00:00\",\"dateModified\":\"2024-09-18T11:55:45+00:00\",\"description\":\"Zapraszamy na wieczory z drinkami przy basenie, z widokiem na morze, w pomieszczeniu lub nawet przy stole bilardowym, gdy spr\u00f3buj\u0105 Pa\u0144stwo wszystkich pi\u0119ciu bar\u00f3w Pioneer Beach Hotel Paphos.\",\"breadcrumb\":{\"@id\":\"https:\\\/\\\/www.pioneer-cbh.com\\\/pl\\\/jadalnia\\\/bary\\\/#breadcrumb\"},\"inLanguage\":\"pl-PL\",\"potentialAction\":[{\"@type\":\"ReadAction\",\"target\":[\"https:\\\/\\\/www.pioneer-cbh.com\\\/pl\\\/jadalnia\\\/bary\\\/\"]}]},{\"@type\":\"ImageObject\",\"inLanguage\":\"pl-PL\",\"@id\":\"https:\\\/\\\/www.pioneer-cbh.com\\\/pl\\\/jadalnia\\\/bary\\\/#primaryimage\",\"url\":\"https:\\\/\\\/www.pioneer-cbh.com\\\/app\\\/uploads\\\/sites\\\/33\\\/2020\\\/09\\\/1-PIONEER-BEACH-HOTEL-POOL.jpg\",\"contentUrl\":\"https:\\\/\\\/www.pioneer-cbh.com\\\/app\\\/uploads\\\/sites\\\/33\\\/2020\\\/09\\\/1-PIONEER-BEACH-HOTEL-POOL.jpg\",\"width\":1200,\"height\":798,\"caption\":\"In Blauem Kleid\"},{\"@type\":\"BreadcrumbList\",\"@id\":\"https:\\\/\\\/www.pioneer-cbh.com\\\/pl\\\/jadalnia\\\/bary\\\/#breadcrumb\",\"itemListElement\":[{\"@type\":\"ListItem\",\"position\":1,\"name\":\"Home\",\"item\":\"https:\\\/\\\/www.pioneer-cbh.com\\\/pl\\\/\"},{\"@type\":\"ListItem\",\"position\":2,\"name\":\"Jadalnia\",\"item\":\"https:\\\/\\\/www.pioneer-cbh.com\\\/pl\\\/jadalnia\\\/\"},{\"@type\":\"ListItem\",\"position\":3,\"name\":\"Bary\"}]},{\"@type\":\"WebSite\",\"@id\":\"https:\\\/\\\/www.pioneer-cbh.com\\\/pl\\\/#website\",\"url\":\"https:\\\/\\\/www.pioneer-cbh.com\\\/pl\\\/\",\"name\":\"Pioneer Beach Hotel\",\"description\":\"Constantinou Bros Pioneer Beach Hotel, 4 star hotel in Paphos Cyprus\",\"potentialAction\":[{\"@type\":\"SearchAction\",\"target\":{\"@type\":\"EntryPoint\",\"urlTemplate\":\"https:\\\/\\\/www.pioneer-cbh.com\\\/pl\\\/?s={search_term_string}\"},\"query-input\":{\"@type\":\"PropertyValueSpecification\",\"valueRequired\":true,\"valueName\":\"search_term_string\"}}],\"inLanguage\":\"pl-PL\"}]}<\/script>\n<!-- \/ Yoast SEO plugin. -->","yoast_head_json":{"title":"Dobre drinki w barach Pioneer Beach Hotel Pafos || Pioneer Beach","description":"Zapraszamy na wieczory z drinkami przy basenie, z widokiem na morze, w pomieszczeniu lub nawet przy stole bilardowym, gdy spr\u00f3buj\u0105 Pa\u0144stwo wszystkich pi\u0119ciu bar\u00f3w Pioneer Beach Hotel Paphos.","robots":{"index":"index","follow":"follow","max-snippet":"max-snippet:-1","max-image-preview":"max-image-preview:large","max-video-preview":"max-video-preview:-1"},"canonical":"https:\/\/www.pioneer-cbh.com\/pl\/jadalnia\/bary\/","og_locale":"pl_PL","og_type":"article","og_title":"Dobre drinki w barach Pioneer Beach Hotel Pafos || Pioneer Beach","og_description":"Zapraszamy na wieczory z drinkami przy basenie, z widokiem na morze, w pomieszczeniu lub nawet przy stole bilardowym, gdy spr\u00f3buj\u0105 Pa\u0144stwo wszystkich pi\u0119ciu bar\u00f3w Pioneer Beach Hotel Paphos.","og_url":"https:\/\/www.pioneer-cbh.com\/pl\/jadalnia\/bary\/","og_site_name":"Pioneer Beach Hotel","article_modified_time":"2024-09-18T11:55:45+00:00","og_image":[{"width":1200,"height":798,"url":"https:\/\/www.pioneer-cbh.com\/app\/uploads\/sites\/33\/2020\/09\/1-PIONEER-BEACH-HOTEL-POOL.jpg","type":"image\/jpeg"}],"twitter_card":"summary_large_image","twitter_misc":{"Est. reading time":"2 minutes"},"schema":{"@context":"https:\/\/schema.org","@graph":[{"@type":"WebPage","@id":"https:\/\/www.pioneer-cbh.com\/pl\/jadalnia\/bary\/","url":"https:\/\/www.pioneer-cbh.com\/pl\/jadalnia\/bary\/","name":"Dobre drinki w barach Pioneer Beach Hotel Pafos || Pioneer Beach","isPartOf":{"@id":"https:\/\/www.pioneer-cbh.com\/pl\/#website"},"primaryImageOfPage":{"@id":"https:\/\/www.pioneer-cbh.com\/pl\/jadalnia\/bary\/#primaryimage"},"image":{"@id":"https:\/\/www.pioneer-cbh.com\/pl\/jadalnia\/bary\/#primaryimage"},"thumbnailUrl":"https:\/\/www.pioneer-cbh.com\/app\/uploads\/sites\/33\/2020\/09\/1-PIONEER-BEACH-HOTEL-POOL.jpg","datePublished":"2024-07-23T08:33:54+00:00","dateModified":"2024-09-18T11:55:45+00:00","description":"Zapraszamy na wieczory z drinkami przy basenie, z widokiem na morze, w pomieszczeniu lub nawet przy stole bilardowym, gdy spr\u00f3buj\u0105 Pa\u0144stwo wszystkich pi\u0119ciu bar\u00f3w Pioneer Beach Hotel Paphos.","breadcrumb":{"@id":"https:\/\/www.pioneer-cbh.com\/pl\/jadalnia\/bary\/#breadcrumb"},"inLanguage":"pl-PL","potentialAction":[{"@type":"ReadAction","target":["https:\/\/www.pioneer-cbh.com\/pl\/jadalnia\/bary\/"]}]},{"@type":"ImageObject","inLanguage":"pl-PL","@id":"https:\/\/www.pioneer-cbh.com\/pl\/jadalnia\/bary\/#primaryimage","url":"https:\/\/www.pioneer-cbh.com\/app\/uploads\/sites\/33\/2020\/09\/1-PIONEER-BEACH-HOTEL-POOL.jpg","contentUrl":"https:\/\/www.pioneer-cbh.com\/app\/uploads\/sites\/33\/2020\/09\/1-PIONEER-BEACH-HOTEL-POOL.jpg","width":1200,"height":798,"caption":"In Blauem Kleid"},{"@type":"BreadcrumbList","@id":"https:\/\/www.pioneer-cbh.com\/pl\/jadalnia\/bary\/#breadcrumb","itemListElement":[{"@type":"ListItem","position":1,"name":"Home","item":"https:\/\/www.pioneer-cbh.com\/pl\/"},{"@type":"ListItem","position":2,"name":"Jadalnia","item":"https:\/\/www.pioneer-cbh.com\/pl\/jadalnia\/"},{"@type":"ListItem","position":3,"name":"Bary"}]},{"@type":"WebSite","@id":"https:\/\/www.pioneer-cbh.com\/pl\/#website","url":"https:\/\/www.pioneer-cbh.com\/pl\/","name":"Pioneer Beach Hotel","description":"Constantinou Bros Pioneer Beach Hotel, 4 star hotel in Paphos Cyprus","potentialAction":[{"@type":"SearchAction","target":{"@type":"EntryPoint","urlTemplate":"https:\/\/www.pioneer-cbh.com\/pl\/?s={search_term_string}"},"query-input":{"@type":"PropertyValueSpecification","valueRequired":true,"valueName":"search_term_string"}}],"inLanguage":"pl-PL"}]}},"_links":{"self":[{"href":"https:\/\/www.pioneer-cbh.com\/pl\/wp-json\/wp\/v2\/pages\/11515","targetHints":{"allow":["GET"]}}],"collection":[{"href":"https:\/\/www.pioneer-cbh.com\/pl\/wp-json\/wp\/v2\/pages"}],"about":[{"href":"https:\/\/www.pioneer-cbh.com\/pl\/wp-json\/wp\/v2\/types\/page"}],"author":[{"embeddable":true,"href":"https:\/\/www.pioneer-cbh.com\/pl\/wp-json\/wp\/v2\/users\/12"}],"replies":[{"embeddable":true,"href":"https:\/\/www.pioneer-cbh.com\/pl\/wp-json\/wp\/v2\/comments?post=11515"}],"version-history":[{"count":1,"href":"https:\/\/www.pioneer-cbh.com\/pl\/wp-json\/wp\/v2\/pages\/11515\/revisions"}],"predecessor-version":[{"id":12414,"href":"https:\/\/www.pioneer-cbh.com\/pl\/wp-json\/wp\/v2\/pages\/11515\/revisions\/12414"}],"up":[{"embeddable":true,"href":"https:\/\/www.pioneer-cbh.com\/pl\/wp-json\/wp\/v2\/pages\/11383"}],"wp:featuredmedia":[{"embeddable":true,"href":"https:\/\/www.pioneer-cbh.com\/pl\/wp-json\/wp\/v2\/media\/12107"}],"wp:attachment":[{"href":"https:\/\/www.pioneer-cbh.com\/pl\/wp-json\/wp\/v2\/media?parent=11515"}],"curies":[{"name":"wp","href":"https:\/\/api.w.org\/{rel}","templated":true}]}}