{"id":11514,"date":"2024-07-23T11:33:53","date_gmt":"2024-07-23T08:33:53","guid":{"rendered":"https:\/\/www.pioneer-cbh.com\/jadalnia\/restauracje\/"},"modified":"2024-09-18T14:50:30","modified_gmt":"2024-09-18T11:50:30","slug":"restauracje","status":"publish","type":"page","link":"https:\/\/www.pioneer-cbh.com\/pl\/jadalnia\/restauracje\/","title":{"rendered":"Restauracje"},"content":{"rendered":"<h4>Restauracja Odysseas<\/h4>\n<ul>\n<li>\u015aniadania i kolacje w formie bufetu serwowane s\u0105 kilka razy w tygodniu, zar\u00f3wno wewn\u0105trz, jak i na \u015bwie\u017cym powietrzu.<\/li>\n<li>Wy\u015bmienity wyb\u00f3r wieczor\u00f3w tematycznych z bufetami z ca\u0142ego \u015bwiata, w tym grecki i cypryjski folklor, w\u0142oski, mi\u0119dzykontynentalny, a nawet dalekowschodni.<\/li>\n<\/ul>\n<h4>Restauracja w\u0142oska Regina<\/h4>\n<ul>\n<li>Lunch: Bufet i A La Carte (do wyboru wewn\u0105trz lub na \u015bwie\u017cym powietrzu)<\/li>\n<li>Popo\u0142udnie: Przek\u0105ski\/desery\/lody\/gor\u0105ce napoje.<\/li>\n<li>Kolacja: Kuchnia w\u0142oska.<\/li>\n<\/ul>\n<h4>Restauracja Christiana Culinarium<\/h4>\n<p>Je\u015bli zarezerwowali Pa\u0144stwo pok\u00f3j klasy Elite, restauracja Christiana Culinarium oferuje ekskluzywne p\u00f3\u017ane \u015bniadanie do godziny 11:00 z miejscami do siedzenia na \u015bwie\u017cym powietrzu z widokiem na ogrody i basen.<br \/>\nRestauracja Christiana Culinarium oferuje kolacje A la Carte i Table d&#8217;h\u00f4te, a tak\u017ce czterodaniow\u0105 kolacj\u0119 z menu, je\u015bli zarezerwowali Pa\u0144stwo opcj\u0119 niepe\u0142nego wy\u017cywienia.<\/p>\n<h4>Restauracja \u015br\u00f3dziemnomorska Thalassa<\/h4>\n<p>Restauracja Thalassa, z kt\u00f3rej roztacza si\u0119 widok na Morze \u015ar\u00f3dziemne, jest idealnym miejscem, w kt\u00f3rym mog\u0105 Pa\u0144stwo delektowa\u0107 si\u0119 lunchem, wybieraj\u0105c spo\u015br\u00f3d pysznych lekkich da\u0144, \u015bwie\u017cych sa\u0142atek, przek\u0105sek i deser\u00f3w, popijaj\u0105c ulubionego drinka.<br \/>\nW porze kolacji mog\u0105 Pa\u0144stwo skosztowa\u0107 pysznych da\u0144 kuchni \u015br\u00f3dziemnomorskiej a la carte. <strong>*Kod ubioru<\/strong><\/p>\n<ul>\n<li>Go\u015bcie proszeni s\u0105 o odpowiedni str\u00f3j w restauracjach i barach wieczorami (szorty, koszulki bez r\u0119kaw\u00f3w, stroje k\u0105pielowe i klapki nie s\u0105 dozwolone).<\/li>\n<li>Panowie proszeni s\u0105 o noszenie d\u0142ugich spodni w restauracji a la carte Christiana Culinarium wieczorami.<\/li>\n<li>We wszystkich pomieszczeniach og\u00f3lnodost\u0119pnych obowi\u0105zuje str\u00f3j codzienny.<br \/>\nNiemniej jednak, topless, mokre ubrania lub stroje k\u0105pielowe nie s\u0105 dozwolone w \u017cadnym z wewn\u0119trznych obszar\u00f3w publicznych, zw\u0142aszcza w lobby, barach i restauracjach.<\/li>\n<\/ul>\n","protected":false},"excerpt":{"rendered":"<p>Restauracja Odysseas \u015aniadania i kolacje w formie bufetu serwowane s\u0105 kilka razy w tygodniu, zar\u00f3wno wewn\u0105trz, jak i na \u015bwie\u017cym powietrzu. Wy\u015bmienity wyb\u00f3r wieczor\u00f3w tematycznych z bufetami z ca\u0142ego \u015bwiata, w tym grecki i cypryjski folklor, w\u0142oski, mi\u0119dzykontynentalny, a nawet dalekowschodni. Restauracja w\u0142oska Regina Lunch: Bufet i A La Carte (do wyboru wewn\u0105trz lub na<\/p>\n","protected":false},"author":1,"featured_media":12109,"parent":11383,"menu_order":0,"comment_status":"closed","ping_status":"closed","template":"","meta":{"_acf_changed":false,"footnotes":""},"class_list":["post-11514","page","type-page","status-publish","has-post-thumbnail","hentry"],"acf":[],"yoast_head":"<!-- This site is optimized with the Yoast SEO plugin v27.5 - https:\/\/yoast.com\/product\/yoast-seo-wordpress\/ -->\n<title>Pioneer Beach Hotel Paphos restauracje || Pioneer Beach Hotel<\/title>\n<meta name=\"description\" content=\"Zachwy\u0107 swoje kubki smakowe kulinarnymi kreacjami serwowanymi w restauracjach Pioneer Beach Hotel Paphos, prezentuj\u0105cych dania kuchni \u015br\u00f3dziemnomorskiej i w\u0142oskiej i nie tylko!\" \/>\n<meta name=\"robots\" content=\"index, follow, max-snippet:-1, max-image-preview:large, max-video-preview:-1\" \/>\n<link rel=\"canonical\" href=\"https:\/\/www.pioneer-cbh.com\/pl\/jadalnia\/restauracje\/\" \/>\n<meta property=\"og:locale\" content=\"pl_PL\" \/>\n<meta property=\"og:type\" content=\"article\" \/>\n<meta property=\"og:title\" content=\"Pioneer Beach Hotel Paphos restauracje || Pioneer Beach Hotel\" \/>\n<meta property=\"og:description\" content=\"Zachwy\u0107 swoje kubki smakowe kulinarnymi kreacjami serwowanymi w restauracjach Pioneer Beach Hotel Paphos, prezentuj\u0105cych dania kuchni \u015br\u00f3dziemnomorskiej i w\u0142oskiej i nie tylko!\" \/>\n<meta property=\"og:url\" content=\"https:\/\/www.pioneer-cbh.com\/pl\/jadalnia\/restauracje\/\" \/>\n<meta property=\"og:site_name\" content=\"Pioneer Beach Hotel\" \/>\n<meta property=\"article:modified_time\" content=\"2024-09-18T11:50:30+00:00\" \/>\n<meta property=\"og:image\" content=\"https:\/\/www.pioneer-cbh.com\/app\/uploads\/sites\/33\/2020\/09\/12-PIONEER-BEACH-HOTEL-THALASSA-MEDITERRANEAN-RESTAURANT.jpg\" \/>\n\t<meta property=\"og:image:width\" content=\"1200\" \/>\n\t<meta property=\"og:image:height\" content=\"800\" \/>\n\t<meta property=\"og:image:type\" content=\"image\/jpeg\" \/>\n<meta name=\"twitter:card\" content=\"summary_large_image\" \/>\n<meta name=\"twitter:label1\" content=\"Est. reading time\" \/>\n\t<meta name=\"twitter:data1\" content=\"2 minutes\" \/>\n<script type=\"application\/ld+json\" class=\"yoast-schema-graph\">{\"@context\":\"https:\\\/\\\/schema.org\",\"@graph\":[{\"@type\":\"WebPage\",\"@id\":\"https:\\\/\\\/www.pioneer-cbh.com\\\/pl\\\/jadalnia\\\/restauracje\\\/\",\"url\":\"https:\\\/\\\/www.pioneer-cbh.com\\\/pl\\\/jadalnia\\\/restauracje\\\/\",\"name\":\"Pioneer Beach Hotel Paphos restauracje || Pioneer Beach Hotel\",\"isPartOf\":{\"@id\":\"https:\\\/\\\/www.pioneer-cbh.com\\\/pl\\\/#website\"},\"primaryImageOfPage\":{\"@id\":\"https:\\\/\\\/www.pioneer-cbh.com\\\/pl\\\/jadalnia\\\/restauracje\\\/#primaryimage\"},\"image\":{\"@id\":\"https:\\\/\\\/www.pioneer-cbh.com\\\/pl\\\/jadalnia\\\/restauracje\\\/#primaryimage\"},\"thumbnailUrl\":\"https:\\\/\\\/www.pioneer-cbh.com\\\/app\\\/uploads\\\/sites\\\/33\\\/2020\\\/09\\\/12-PIONEER-BEACH-HOTEL-THALASSA-MEDITERRANEAN-RESTAURANT.jpg\",\"datePublished\":\"2024-07-23T08:33:53+00:00\",\"dateModified\":\"2024-09-18T11:50:30+00:00\",\"description\":\"Zachwy\u0107 swoje kubki smakowe kulinarnymi kreacjami serwowanymi w restauracjach Pioneer Beach Hotel Paphos, prezentuj\u0105cych dania kuchni \u015br\u00f3dziemnomorskiej i w\u0142oskiej i nie tylko!\",\"breadcrumb\":{\"@id\":\"https:\\\/\\\/www.pioneer-cbh.com\\\/pl\\\/jadalnia\\\/restauracje\\\/#breadcrumb\"},\"inLanguage\":\"pl-PL\",\"potentialAction\":[{\"@type\":\"ReadAction\",\"target\":[\"https:\\\/\\\/www.pioneer-cbh.com\\\/pl\\\/jadalnia\\\/restauracje\\\/\"]}]},{\"@type\":\"ImageObject\",\"inLanguage\":\"pl-PL\",\"@id\":\"https:\\\/\\\/www.pioneer-cbh.com\\\/pl\\\/jadalnia\\\/restauracje\\\/#primaryimage\",\"url\":\"https:\\\/\\\/www.pioneer-cbh.com\\\/app\\\/uploads\\\/sites\\\/33\\\/2020\\\/09\\\/12-PIONEER-BEACH-HOTEL-THALASSA-MEDITERRANEAN-RESTAURANT.jpg\",\"contentUrl\":\"https:\\\/\\\/www.pioneer-cbh.com\\\/app\\\/uploads\\\/sites\\\/33\\\/2020\\\/09\\\/12-PIONEER-BEACH-HOTEL-THALASSA-MEDITERRANEAN-RESTAURANT.jpg\",\"width\":1200,\"height\":800},{\"@type\":\"BreadcrumbList\",\"@id\":\"https:\\\/\\\/www.pioneer-cbh.com\\\/pl\\\/jadalnia\\\/restauracje\\\/#breadcrumb\",\"itemListElement\":[{\"@type\":\"ListItem\",\"position\":1,\"name\":\"Home\",\"item\":\"https:\\\/\\\/www.pioneer-cbh.com\\\/pl\\\/\"},{\"@type\":\"ListItem\",\"position\":2,\"name\":\"Jadalnia\",\"item\":\"https:\\\/\\\/www.pioneer-cbh.com\\\/pl\\\/jadalnia\\\/\"},{\"@type\":\"ListItem\",\"position\":3,\"name\":\"Restauracje\"}]},{\"@type\":\"WebSite\",\"@id\":\"https:\\\/\\\/www.pioneer-cbh.com\\\/pl\\\/#website\",\"url\":\"https:\\\/\\\/www.pioneer-cbh.com\\\/pl\\\/\",\"name\":\"Pioneer Beach Hotel\",\"description\":\"Constantinou Bros Pioneer Beach Hotel, 4 star hotel in Paphos Cyprus\",\"potentialAction\":[{\"@type\":\"SearchAction\",\"target\":{\"@type\":\"EntryPoint\",\"urlTemplate\":\"https:\\\/\\\/www.pioneer-cbh.com\\\/pl\\\/?s={search_term_string}\"},\"query-input\":{\"@type\":\"PropertyValueSpecification\",\"valueRequired\":true,\"valueName\":\"search_term_string\"}}],\"inLanguage\":\"pl-PL\"}]}<\/script>\n<!-- \/ Yoast SEO plugin. -->","yoast_head_json":{"title":"Pioneer Beach Hotel Paphos restauracje || Pioneer Beach Hotel","description":"Zachwy\u0107 swoje kubki smakowe kulinarnymi kreacjami serwowanymi w restauracjach Pioneer Beach Hotel Paphos, prezentuj\u0105cych dania kuchni \u015br\u00f3dziemnomorskiej i w\u0142oskiej i nie tylko!","robots":{"index":"index","follow":"follow","max-snippet":"max-snippet:-1","max-image-preview":"max-image-preview:large","max-video-preview":"max-video-preview:-1"},"canonical":"https:\/\/www.pioneer-cbh.com\/pl\/jadalnia\/restauracje\/","og_locale":"pl_PL","og_type":"article","og_title":"Pioneer Beach Hotel Paphos restauracje || Pioneer Beach Hotel","og_description":"Zachwy\u0107 swoje kubki smakowe kulinarnymi kreacjami serwowanymi w restauracjach Pioneer Beach Hotel Paphos, prezentuj\u0105cych dania kuchni \u015br\u00f3dziemnomorskiej i w\u0142oskiej i nie tylko!","og_url":"https:\/\/www.pioneer-cbh.com\/pl\/jadalnia\/restauracje\/","og_site_name":"Pioneer Beach Hotel","article_modified_time":"2024-09-18T11:50:30+00:00","og_image":[{"width":1200,"height":800,"url":"https:\/\/www.pioneer-cbh.com\/app\/uploads\/sites\/33\/2020\/09\/12-PIONEER-BEACH-HOTEL-THALASSA-MEDITERRANEAN-RESTAURANT.jpg","type":"image\/jpeg"}],"twitter_card":"summary_large_image","twitter_misc":{"Est. reading time":"2 minutes"},"schema":{"@context":"https:\/\/schema.org","@graph":[{"@type":"WebPage","@id":"https:\/\/www.pioneer-cbh.com\/pl\/jadalnia\/restauracje\/","url":"https:\/\/www.pioneer-cbh.com\/pl\/jadalnia\/restauracje\/","name":"Pioneer Beach Hotel Paphos restauracje || Pioneer Beach Hotel","isPartOf":{"@id":"https:\/\/www.pioneer-cbh.com\/pl\/#website"},"primaryImageOfPage":{"@id":"https:\/\/www.pioneer-cbh.com\/pl\/jadalnia\/restauracje\/#primaryimage"},"image":{"@id":"https:\/\/www.pioneer-cbh.com\/pl\/jadalnia\/restauracje\/#primaryimage"},"thumbnailUrl":"https:\/\/www.pioneer-cbh.com\/app\/uploads\/sites\/33\/2020\/09\/12-PIONEER-BEACH-HOTEL-THALASSA-MEDITERRANEAN-RESTAURANT.jpg","datePublished":"2024-07-23T08:33:53+00:00","dateModified":"2024-09-18T11:50:30+00:00","description":"Zachwy\u0107 swoje kubki smakowe kulinarnymi kreacjami serwowanymi w restauracjach Pioneer Beach Hotel Paphos, prezentuj\u0105cych dania kuchni \u015br\u00f3dziemnomorskiej i w\u0142oskiej i nie tylko!","breadcrumb":{"@id":"https:\/\/www.pioneer-cbh.com\/pl\/jadalnia\/restauracje\/#breadcrumb"},"inLanguage":"pl-PL","potentialAction":[{"@type":"ReadAction","target":["https:\/\/www.pioneer-cbh.com\/pl\/jadalnia\/restauracje\/"]}]},{"@type":"ImageObject","inLanguage":"pl-PL","@id":"https:\/\/www.pioneer-cbh.com\/pl\/jadalnia\/restauracje\/#primaryimage","url":"https:\/\/www.pioneer-cbh.com\/app\/uploads\/sites\/33\/2020\/09\/12-PIONEER-BEACH-HOTEL-THALASSA-MEDITERRANEAN-RESTAURANT.jpg","contentUrl":"https:\/\/www.pioneer-cbh.com\/app\/uploads\/sites\/33\/2020\/09\/12-PIONEER-BEACH-HOTEL-THALASSA-MEDITERRANEAN-RESTAURANT.jpg","width":1200,"height":800},{"@type":"BreadcrumbList","@id":"https:\/\/www.pioneer-cbh.com\/pl\/jadalnia\/restauracje\/#breadcrumb","itemListElement":[{"@type":"ListItem","position":1,"name":"Home","item":"https:\/\/www.pioneer-cbh.com\/pl\/"},{"@type":"ListItem","position":2,"name":"Jadalnia","item":"https:\/\/www.pioneer-cbh.com\/pl\/jadalnia\/"},{"@type":"ListItem","position":3,"name":"Restauracje"}]},{"@type":"WebSite","@id":"https:\/\/www.pioneer-cbh.com\/pl\/#website","url":"https:\/\/www.pioneer-cbh.com\/pl\/","name":"Pioneer Beach Hotel","description":"Constantinou Bros Pioneer Beach Hotel, 4 star hotel in Paphos Cyprus","potentialAction":[{"@type":"SearchAction","target":{"@type":"EntryPoint","urlTemplate":"https:\/\/www.pioneer-cbh.com\/pl\/?s={search_term_string}"},"query-input":{"@type":"PropertyValueSpecification","valueRequired":true,"valueName":"search_term_string"}}],"inLanguage":"pl-PL"}]}},"_links":{"self":[{"href":"https:\/\/www.pioneer-cbh.com\/pl\/wp-json\/wp\/v2\/pages\/11514","targetHints":{"allow":["GET"]}}],"collection":[{"href":"https:\/\/www.pioneer-cbh.com\/pl\/wp-json\/wp\/v2\/pages"}],"about":[{"href":"https:\/\/www.pioneer-cbh.com\/pl\/wp-json\/wp\/v2\/types\/page"}],"author":[{"embeddable":true,"href":"https:\/\/www.pioneer-cbh.com\/pl\/wp-json\/wp\/v2\/users\/1"}],"replies":[{"embeddable":true,"href":"https:\/\/www.pioneer-cbh.com\/pl\/wp-json\/wp\/v2\/comments?post=11514"}],"version-history":[{"count":1,"href":"https:\/\/www.pioneer-cbh.com\/pl\/wp-json\/wp\/v2\/pages\/11514\/revisions"}],"predecessor-version":[{"id":12422,"href":"https:\/\/www.pioneer-cbh.com\/pl\/wp-json\/wp\/v2\/pages\/11514\/revisions\/12422"}],"up":[{"embeddable":true,"href":"https:\/\/www.pioneer-cbh.com\/pl\/wp-json\/wp\/v2\/pages\/11383"}],"wp:featuredmedia":[{"embeddable":true,"href":"https:\/\/www.pioneer-cbh.com\/pl\/wp-json\/wp\/v2\/media\/12109"}],"wp:attachment":[{"href":"https:\/\/www.pioneer-cbh.com\/pl\/wp-json\/wp\/v2\/media?parent=11514"}],"curies":[{"name":"wp","href":"https:\/\/api.w.org\/{rel}","templated":true}]}}