{"id":11281,"date":"2024-07-23T11:32:27","date_gmt":"2024-07-23T08:32:27","guid":{"rendered":"https:\/\/www.pioneer-cbh.com\/jadalnia-opcje\/"},"modified":"2025-03-10T16:35:45","modified_gmt":"2025-03-10T13:35:45","slug":"jadalnia-opcje","status":"publish","type":"page","link":"https:\/\/www.pioneer-cbh.com\/pl\/jadalnia\/jadalnia-opcje\/","title":{"rendered":"Opcje posi\u0142k\u00f3w"},"content":{"rendered":"<div class=\"content\"><\/div>\n<h4><b>Po\u0142owa wy\u017cywienia<\/b><strong>\/Opcje pe\u0142nego wy\u017cywienia <\/strong><\/h4>\n<ul>\n<li>Elastyczny pakiet wy\u017cywienia jest dost\u0119pny minimum 4 dni w tygodniu.<\/li>\n<li>Lunch: Dost\u0119pne w restauracji w\u0142oskiej Regina (bufet\/a la carte) i restauracji \u015br\u00f3dziemnomorskiej Thalassa (lekkie posi\u0142ki).<\/li>\n<li>Kolacja: Do wyboru restauracja Odysseas (bufet), restauracja Christiana Culinarium (a la carte\/table d&#8217;h\u00f4te), restauracja w\u0142oska Regina (kuchnia w\u0142oska) i restauracja \u015br\u00f3dziemnomorska Thalassa (a la carte).<\/li>\n<\/ul>\n<h4><\/h4>\n<h4>Pakiet Premium (opcja Ultra All-Inclusive)<\/h4>\n<ul>\n<li>Prosz\u0119 skorzysta\u0107 z naszego pakietu Premium (opcja Ultra All-Inclusive) dla pokoi typu classic, superior i apartament\u00f3w.<\/li>\n<li>Opcja Ultra All Inclusive obejmuje pe\u0142ne wy\u017cywienie (\u015bniadanie, obiad i kolacj\u0119) oraz przek\u0105ski, lody, wod\u0119, napoje alkoholowe i bezalkoholowe, gor\u0105ce i zimne napoje przez ca\u0142y dzie\u0144.<\/li>\n<\/ul>\n<p>Aby dowiedzie\u0107 si\u0119 wi\u0119cej o pakiecie Premium, prosz\u0119 <a href=\"https:\/\/www.pioneer-cbh.com\/app\/uploads\/sites\/33\/2023\/05\/PIONEER-BEACH-HOTEL-PREMIUM-PACKAGE-AI-OPTION-ENG.pdf\">prosz\u0119 klikn\u0105\u0107 tutaj<\/a><\/p>\n<h4><strong>Obs\u0142uga pokoju<\/strong><\/h4>\n<ul>\n<li>W menu obs\u0142ugi pokoju dost\u0119pnym przez ca\u0142\u0105 dob\u0119 znajd\u0105 Pa\u0144stwo wy\u015bmienite potrawy i napoje.<\/li>\n<\/ul>\n","protected":false},"excerpt":{"rendered":"<p>Po\u0142owa wy\u017cywienia\/Opcje pe\u0142nego wy\u017cywienia Elastyczny pakiet wy\u017cywienia jest dost\u0119pny minimum 4 dni w tygodniu. Lunch: Dost\u0119pne w restauracji w\u0142oskiej Regina (bufet\/a la carte) i restauracji \u015br\u00f3dziemnomorskiej Thalassa (lekkie posi\u0142ki). Kolacja: Do wyboru restauracja Odysseas (bufet), restauracja Christiana Culinarium (a la carte\/table d&#8217;h\u00f4te), restauracja w\u0142oska Regina (kuchnia w\u0142oska) i restauracja \u015br\u00f3dziemnomorska Thalassa (a la carte). Pakiet<\/p>\n","protected":false},"author":12,"featured_media":11284,"parent":11383,"menu_order":0,"comment_status":"closed","ping_status":"closed","template":"","meta":{"_acf_changed":false,"footnotes":""},"class_list":["post-11281","page","type-page","status-publish","has-post-thumbnail","hentry"],"acf":[],"yoast_head":"<!-- This site is optimized with the Yoast SEO plugin v27.5 - https:\/\/yoast.com\/product\/yoast-seo-wordpress\/ -->\n<title>Pioneer Beach hotel Paphos opcje gastronomiczne || Pioneer Beach<\/title>\n<meta name=\"description\" content=\"Dowiedz si\u0119 wi\u0119cej o opcjach wy\u017cywienia w Pioneer Beach Hotel Paphos, takich jak elastyczne posi\u0142ki, lunch, kolacja, obs\u0142uga pokoju i pakiet Premium all inclusive.\" \/>\n<meta name=\"robots\" content=\"index, follow, max-snippet:-1, max-image-preview:large, max-video-preview:-1\" \/>\n<link rel=\"canonical\" href=\"https:\/\/www.pioneer-cbh.com\/pl\/jadalnia\/jadalnia-opcje\/\" \/>\n<meta property=\"og:locale\" content=\"pl_PL\" \/>\n<meta property=\"og:type\" content=\"article\" \/>\n<meta property=\"og:title\" content=\"Pioneer Beach hotel Paphos opcje gastronomiczne || Pioneer Beach\" \/>\n<meta property=\"og:description\" content=\"Dowiedz si\u0119 wi\u0119cej o opcjach wy\u017cywienia w Pioneer Beach Hotel Paphos, takich jak elastyczne posi\u0142ki, lunch, kolacja, obs\u0142uga pokoju i pakiet Premium all inclusive.\" \/>\n<meta property=\"og:url\" content=\"https:\/\/www.pioneer-cbh.com\/pl\/jadalnia\/jadalnia-opcje\/\" \/>\n<meta property=\"og:site_name\" content=\"Pioneer Beach Hotel\" \/>\n<meta property=\"article:modified_time\" content=\"2025-03-10T13:35:45+00:00\" \/>\n<meta property=\"og:image\" content=\"https:\/\/www.pioneer-cbh.com\/app\/uploads\/sites\/33\/2020\/09\/13-PIONEER-BEACH-HOTEL-THALASSA-MEDITERRANEAN-RESTAURANT.jpg\" \/>\n\t<meta property=\"og:image:width\" content=\"1200\" \/>\n\t<meta property=\"og:image:height\" content=\"843\" \/>\n\t<meta property=\"og:image:type\" content=\"image\/jpeg\" \/>\n<meta name=\"twitter:card\" content=\"summary_large_image\" \/>\n<meta name=\"twitter:label1\" content=\"Est. reading time\" \/>\n\t<meta name=\"twitter:data1\" content=\"1 minute\" \/>\n<script type=\"application\/ld+json\" class=\"yoast-schema-graph\">{\"@context\":\"https:\\\/\\\/schema.org\",\"@graph\":[{\"@type\":\"WebPage\",\"@id\":\"https:\\\/\\\/www.pioneer-cbh.com\\\/pl\\\/jadalnia\\\/jadalnia-opcje\\\/\",\"url\":\"https:\\\/\\\/www.pioneer-cbh.com\\\/pl\\\/jadalnia\\\/jadalnia-opcje\\\/\",\"name\":\"Pioneer Beach hotel Paphos opcje gastronomiczne || Pioneer Beach\",\"isPartOf\":{\"@id\":\"https:\\\/\\\/www.pioneer-cbh.com\\\/pl\\\/#website\"},\"primaryImageOfPage\":{\"@id\":\"https:\\\/\\\/www.pioneer-cbh.com\\\/pl\\\/jadalnia\\\/jadalnia-opcje\\\/#primaryimage\"},\"image\":{\"@id\":\"https:\\\/\\\/www.pioneer-cbh.com\\\/pl\\\/jadalnia\\\/jadalnia-opcje\\\/#primaryimage\"},\"thumbnailUrl\":\"https:\\\/\\\/www.pioneer-cbh.com\\\/app\\\/uploads\\\/sites\\\/33\\\/2020\\\/09\\\/13-PIONEER-BEACH-HOTEL-THALASSA-MEDITERRANEAN-RESTAURANT.jpg\",\"datePublished\":\"2024-07-23T08:32:27+00:00\",\"dateModified\":\"2025-03-10T13:35:45+00:00\",\"description\":\"Dowiedz si\u0119 wi\u0119cej o opcjach wy\u017cywienia w Pioneer Beach Hotel Paphos, takich jak elastyczne posi\u0142ki, lunch, kolacja, obs\u0142uga pokoju i pakiet Premium all inclusive.\",\"breadcrumb\":{\"@id\":\"https:\\\/\\\/www.pioneer-cbh.com\\\/pl\\\/jadalnia\\\/jadalnia-opcje\\\/#breadcrumb\"},\"inLanguage\":\"pl-PL\",\"potentialAction\":[{\"@type\":\"ReadAction\",\"target\":[\"https:\\\/\\\/www.pioneer-cbh.com\\\/pl\\\/jadalnia\\\/jadalnia-opcje\\\/\"]}]},{\"@type\":\"ImageObject\",\"inLanguage\":\"pl-PL\",\"@id\":\"https:\\\/\\\/www.pioneer-cbh.com\\\/pl\\\/jadalnia\\\/jadalnia-opcje\\\/#primaryimage\",\"url\":\"https:\\\/\\\/www.pioneer-cbh.com\\\/app\\\/uploads\\\/sites\\\/33\\\/2020\\\/09\\\/13-PIONEER-BEACH-HOTEL-THALASSA-MEDITERRANEAN-RESTAURANT.jpg\",\"contentUrl\":\"https:\\\/\\\/www.pioneer-cbh.com\\\/app\\\/uploads\\\/sites\\\/33\\\/2020\\\/09\\\/13-PIONEER-BEACH-HOTEL-THALASSA-MEDITERRANEAN-RESTAURANT.jpg\",\"width\":1200,\"height\":843},{\"@type\":\"BreadcrumbList\",\"@id\":\"https:\\\/\\\/www.pioneer-cbh.com\\\/pl\\\/jadalnia\\\/jadalnia-opcje\\\/#breadcrumb\",\"itemListElement\":[{\"@type\":\"ListItem\",\"position\":1,\"name\":\"Home\",\"item\":\"https:\\\/\\\/www.pioneer-cbh.com\\\/pl\\\/\"},{\"@type\":\"ListItem\",\"position\":2,\"name\":\"Jadalnia\",\"item\":\"https:\\\/\\\/www.pioneer-cbh.com\\\/pl\\\/jadalnia\\\/\"},{\"@type\":\"ListItem\",\"position\":3,\"name\":\"Opcje posi\u0142k\u00f3w\"}]},{\"@type\":\"WebSite\",\"@id\":\"https:\\\/\\\/www.pioneer-cbh.com\\\/pl\\\/#website\",\"url\":\"https:\\\/\\\/www.pioneer-cbh.com\\\/pl\\\/\",\"name\":\"Pioneer Beach Hotel\",\"description\":\"Constantinou Bros Pioneer Beach Hotel, 4 star hotel in Paphos Cyprus\",\"potentialAction\":[{\"@type\":\"SearchAction\",\"target\":{\"@type\":\"EntryPoint\",\"urlTemplate\":\"https:\\\/\\\/www.pioneer-cbh.com\\\/pl\\\/?s={search_term_string}\"},\"query-input\":{\"@type\":\"PropertyValueSpecification\",\"valueRequired\":true,\"valueName\":\"search_term_string\"}}],\"inLanguage\":\"pl-PL\"}]}<\/script>\n<!-- \/ Yoast SEO plugin. -->","yoast_head_json":{"title":"Pioneer Beach hotel Paphos opcje gastronomiczne || Pioneer Beach","description":"Dowiedz si\u0119 wi\u0119cej o opcjach wy\u017cywienia w Pioneer Beach Hotel Paphos, takich jak elastyczne posi\u0142ki, lunch, kolacja, obs\u0142uga pokoju i pakiet Premium all inclusive.","robots":{"index":"index","follow":"follow","max-snippet":"max-snippet:-1","max-image-preview":"max-image-preview:large","max-video-preview":"max-video-preview:-1"},"canonical":"https:\/\/www.pioneer-cbh.com\/pl\/jadalnia\/jadalnia-opcje\/","og_locale":"pl_PL","og_type":"article","og_title":"Pioneer Beach hotel Paphos opcje gastronomiczne || Pioneer Beach","og_description":"Dowiedz si\u0119 wi\u0119cej o opcjach wy\u017cywienia w Pioneer Beach Hotel Paphos, takich jak elastyczne posi\u0142ki, lunch, kolacja, obs\u0142uga pokoju i pakiet Premium all inclusive.","og_url":"https:\/\/www.pioneer-cbh.com\/pl\/jadalnia\/jadalnia-opcje\/","og_site_name":"Pioneer Beach Hotel","article_modified_time":"2025-03-10T13:35:45+00:00","og_image":[{"width":1200,"height":843,"url":"https:\/\/www.pioneer-cbh.com\/app\/uploads\/sites\/33\/2020\/09\/13-PIONEER-BEACH-HOTEL-THALASSA-MEDITERRANEAN-RESTAURANT.jpg","type":"image\/jpeg"}],"twitter_card":"summary_large_image","twitter_misc":{"Est. reading time":"1 minute"},"schema":{"@context":"https:\/\/schema.org","@graph":[{"@type":"WebPage","@id":"https:\/\/www.pioneer-cbh.com\/pl\/jadalnia\/jadalnia-opcje\/","url":"https:\/\/www.pioneer-cbh.com\/pl\/jadalnia\/jadalnia-opcje\/","name":"Pioneer Beach hotel Paphos opcje gastronomiczne || Pioneer Beach","isPartOf":{"@id":"https:\/\/www.pioneer-cbh.com\/pl\/#website"},"primaryImageOfPage":{"@id":"https:\/\/www.pioneer-cbh.com\/pl\/jadalnia\/jadalnia-opcje\/#primaryimage"},"image":{"@id":"https:\/\/www.pioneer-cbh.com\/pl\/jadalnia\/jadalnia-opcje\/#primaryimage"},"thumbnailUrl":"https:\/\/www.pioneer-cbh.com\/app\/uploads\/sites\/33\/2020\/09\/13-PIONEER-BEACH-HOTEL-THALASSA-MEDITERRANEAN-RESTAURANT.jpg","datePublished":"2024-07-23T08:32:27+00:00","dateModified":"2025-03-10T13:35:45+00:00","description":"Dowiedz si\u0119 wi\u0119cej o opcjach wy\u017cywienia w Pioneer Beach Hotel Paphos, takich jak elastyczne posi\u0142ki, lunch, kolacja, obs\u0142uga pokoju i pakiet Premium all inclusive.","breadcrumb":{"@id":"https:\/\/www.pioneer-cbh.com\/pl\/jadalnia\/jadalnia-opcje\/#breadcrumb"},"inLanguage":"pl-PL","potentialAction":[{"@type":"ReadAction","target":["https:\/\/www.pioneer-cbh.com\/pl\/jadalnia\/jadalnia-opcje\/"]}]},{"@type":"ImageObject","inLanguage":"pl-PL","@id":"https:\/\/www.pioneer-cbh.com\/pl\/jadalnia\/jadalnia-opcje\/#primaryimage","url":"https:\/\/www.pioneer-cbh.com\/app\/uploads\/sites\/33\/2020\/09\/13-PIONEER-BEACH-HOTEL-THALASSA-MEDITERRANEAN-RESTAURANT.jpg","contentUrl":"https:\/\/www.pioneer-cbh.com\/app\/uploads\/sites\/33\/2020\/09\/13-PIONEER-BEACH-HOTEL-THALASSA-MEDITERRANEAN-RESTAURANT.jpg","width":1200,"height":843},{"@type":"BreadcrumbList","@id":"https:\/\/www.pioneer-cbh.com\/pl\/jadalnia\/jadalnia-opcje\/#breadcrumb","itemListElement":[{"@type":"ListItem","position":1,"name":"Home","item":"https:\/\/www.pioneer-cbh.com\/pl\/"},{"@type":"ListItem","position":2,"name":"Jadalnia","item":"https:\/\/www.pioneer-cbh.com\/pl\/jadalnia\/"},{"@type":"ListItem","position":3,"name":"Opcje posi\u0142k\u00f3w"}]},{"@type":"WebSite","@id":"https:\/\/www.pioneer-cbh.com\/pl\/#website","url":"https:\/\/www.pioneer-cbh.com\/pl\/","name":"Pioneer Beach Hotel","description":"Constantinou Bros Pioneer Beach Hotel, 4 star hotel in Paphos Cyprus","potentialAction":[{"@type":"SearchAction","target":{"@type":"EntryPoint","urlTemplate":"https:\/\/www.pioneer-cbh.com\/pl\/?s={search_term_string}"},"query-input":{"@type":"PropertyValueSpecification","valueRequired":true,"valueName":"search_term_string"}}],"inLanguage":"pl-PL"}]}},"_links":{"self":[{"href":"https:\/\/www.pioneer-cbh.com\/pl\/wp-json\/wp\/v2\/pages\/11281","targetHints":{"allow":["GET"]}}],"collection":[{"href":"https:\/\/www.pioneer-cbh.com\/pl\/wp-json\/wp\/v2\/pages"}],"about":[{"href":"https:\/\/www.pioneer-cbh.com\/pl\/wp-json\/wp\/v2\/types\/page"}],"author":[{"embeddable":true,"href":"https:\/\/www.pioneer-cbh.com\/pl\/wp-json\/wp\/v2\/users\/12"}],"replies":[{"embeddable":true,"href":"https:\/\/www.pioneer-cbh.com\/pl\/wp-json\/wp\/v2\/comments?post=11281"}],"version-history":[{"count":3,"href":"https:\/\/www.pioneer-cbh.com\/pl\/wp-json\/wp\/v2\/pages\/11281\/revisions"}],"predecessor-version":[{"id":12732,"href":"https:\/\/www.pioneer-cbh.com\/pl\/wp-json\/wp\/v2\/pages\/11281\/revisions\/12732"}],"up":[{"embeddable":true,"href":"https:\/\/www.pioneer-cbh.com\/pl\/wp-json\/wp\/v2\/pages\/11383"}],"wp:featuredmedia":[{"embeddable":true,"href":"https:\/\/www.pioneer-cbh.com\/pl\/wp-json\/wp\/v2\/media\/11284"}],"wp:attachment":[{"href":"https:\/\/www.pioneer-cbh.com\/pl\/wp-json\/wp\/v2\/media?parent=11281"}],"curies":[{"name":"wp","href":"https:\/\/api.w.org\/{rel}","templated":true}]}}