{"id":7290,"date":"2022-07-08T14:53:54","date_gmt":"2022-07-08T11:53:54","guid":{"rendered":"https:\/\/www.pioneer-cbh.com\/about-cyprus-paphos\/"},"modified":"2024-09-18T15:19:49","modified_gmt":"2024-09-18T12:19:49","slug":"riflettori-su-paphos-cyprus","status":"publish","type":"page","link":"https:\/\/www.pioneer-cbh.com\/it\/the-hotel\/riflettori-su-paphos-cyprus\/","title":{"rendered":"Riflettori puntati su Paphos, Cipro"},"content":{"rendered":"<h1 class=\"entry-title title-size font-regular text-center my-5\">Tutto quello che deve sapere su Paphos Cipro<\/h1>\n<p>Paphos, una piccola citt\u00e0 pittoresca, si trova sulla costa occidentale di Cipro e si estende dalla bellissima penisola di Akamas a nord-ovest fino alla roccia di Afrodite a est. \u00c8 ricca di storia, essendo stata la capitale di Cipro in tempi antichi, e ancora una volta ha celebrato questo riconoscimento quando nel 2017 \u00e8 stata Capitale Europea della Cultura, attirando migliaia di visitatori ogni anno.<br \/>\nA <b>Paphos, Cipro<\/b>, ci sono innumerevoli siti di interesse storico, religioso e culturale ed \u00e8 inclusa nella lista dei siti del Patrimonio Culturale Mondiale dell&#8217;UNESCO.<br \/>\nLe Tombe dei Re, la fortezza medievale, l&#8217;Odeon, la Casa di Dioniso, la Roccia di Afrodite e i Bagni di Afrodite, nonch\u00e9 la Colonna di San Paolo sono solo alcuni di questi.<br \/>\nLa presenza di un aeroporto internazionale con collegamenti con le principali citt\u00e0 del mondo ha reso <b>Paphos, Cipro<\/b> molto accessibile. Inoltre, una nuova autostrada collega Paphos in modo semplice e sicuro a tutte le altre citt\u00e0. Delimitata da una splendida costa, l&#8217;area di Paphos vanta incantevoli villaggi nelle sue montagne con monasteri secolari incastonati. Il centro della citt\u00e0 \u00e8 invece moderno, con negozi alla moda, un interessante mercato tradizionale e buoni musei. Scoprir\u00e0 che <b>Paphos, Cipro,<\/b> \u00e8 un&#8217;affascinante citt\u00e0 turistica, sicura e piacevole, con molte cose da vedere e da fare, che diventer\u00e0 presto una delle mete preferite per le vacanze.<br \/>\nCipro \u00e8 infatti la terza isola pi\u00f9 grande del Mediterraneo e un vero crocevia di tre continenti, Europa, Asia e Africa. \u00c8 diventata una Repubblica indipendente nel 1960 ed \u00e8 entrata a far parte dell&#8217;Unione Europea nel 2004. Vanta due aeroporti internazionali a Larnaca e Paphos con ottimi collegamenti dalla maggior parte delle citt\u00e0 del mondo. Il nome di Cipro deriva dal rame, che nell&#8217;antichit\u00e0 era abbondante. \u00c8 un&#8217;isola ricca di storia, essendo stata sotto il dominio persiano, assiro, egiziano, romano, bizantino, veneziano, ottomano e britannico. Fu anche uno dei primi Paesi al mondo a convertirsi al cristianesimo, quando San Paolo visit\u00f2 l&#8217;isola e predic\u00f2 la nuova fede. Infatti, a Paphos si pu\u00f2 ancora vedere la colonna di San Paolo, dove l&#8217;apostolo fu legato e flagellato 39 volte e a Larnaca, nella chiesa di San Lazzaro, si trova la cripta di questo Santo che fu resuscitato da Ges\u00f9 Cristo. Questo spiega perch\u00e9 Cipro \u00e8 un&#8217;isola che cattura l&#8217;interesse di tutti i tipi di persone: dagli appassionati di archeologia agli amici della natura, dalle coppie in viaggio di nozze alle famiglie amanti del sole, dagli amanti della cucina agli uomini d&#8217;affari. Antiche rovine di templi e splendidi affreschi di chiese bizantine, vigneti terrazzati e incantevoli percorsi naturalistici, montagne ricoperte di pini e coste baciate dal sole, un pasto a base di meze e formaggio halloumi fresco e strutture congressuali all&#8217;avanguardia sono solo alcune delle cose che vi faranno innamorare di Cipro. Cipro \u00e8 un Paese che affonda le sue radici nel suo ricco e variegato passato, ma \u00e8 anche un Paese moderno che si proietta rapidamente nel futuro. \u00c8 un&#8217;isola dalle mille belle contraddizioni, una calda miscela di culture, colori, civilt\u00e0, canzoni e miti. La invitiamo a venire a gustare l&#8217;ospitalit\u00e0 sull&#8217;isola dove, nella nostra lingua madre, la parola &#8216;xenos&#8217; significa sia straniero che ospite. Venite a scoprire un&#8217;isola la cui bellezza e il cui fascino sono amplificati dalla gentilezza della sua gente. Venga a scoprire tutto, a partire da <b>Paphos, Cipro<\/b>.<\/p>\n","protected":false},"excerpt":{"rendered":"<p>Tutto quello che deve sapere su Paphos Cipro Paphos, una piccola citt\u00e0 pittoresca, si trova sulla costa occidentale di Cipro e si estende dalla bellissima penisola di Akamas a nord-ovest fino alla roccia di Afrodite a est. \u00c8 ricca di storia, essendo stata la capitale di Cipro in tempi antichi, e ancora una volta ha<\/p>\n","protected":false},"author":12,"featured_media":7165,"parent":7303,"menu_order":0,"comment_status":"closed","ping_status":"closed","template":"","meta":{"_acf_changed":false,"footnotes":""},"class_list":["post-7290","page","type-page","status-publish","has-post-thumbnail","hentry"],"acf":[],"yoast_head":"<!-- This site is optimized with the Yoast SEO plugin v27.5 - https:\/\/yoast.com\/product\/yoast-seo-wordpress\/ -->\n<title>Scopra il fascino di Paphos, Cipro | Constantinou Bros Hotels<\/title>\n<meta name=\"description\" content=\"Partendo dall&#039;affascinante mare di Paphos, Cipro, venga a scoprire un&#039;isola la cui bellezza \u00e8 amplificata dalla gentilezza della sua gente.\" \/>\n<meta name=\"robots\" content=\"index, follow, max-snippet:-1, max-image-preview:large, max-video-preview:-1\" \/>\n<link rel=\"canonical\" href=\"https:\/\/www.pioneer-cbh.com\/it\/the-hotel\/riflettori-su-paphos-cyprus\/\" \/>\n<meta property=\"og:locale\" content=\"it_IT\" \/>\n<meta property=\"og:type\" content=\"article\" \/>\n<meta property=\"og:title\" content=\"Scopra il fascino di Paphos, Cipro | Constantinou Bros Hotels\" \/>\n<meta property=\"og:description\" content=\"Partendo dall&#039;affascinante mare di Paphos, Cipro, venga a scoprire un&#039;isola la cui bellezza \u00e8 amplificata dalla gentilezza della sua gente.\" \/>\n<meta property=\"og:url\" content=\"https:\/\/www.pioneer-cbh.com\/it\/the-hotel\/riflettori-su-paphos-cyprus\/\" \/>\n<meta property=\"og:site_name\" content=\"Pioneer Beach Hotel\" \/>\n<meta property=\"article:modified_time\" content=\"2024-09-18T12:19:49+00:00\" \/>\n<meta property=\"og:image\" content=\"https:\/\/www.pioneer-cbh.com\/app\/uploads\/sites\/33\/2020\/09\/3-PIONEER-BEACH-HOTEL-BEACH.jpg\" \/>\n\t<meta property=\"og:image:width\" content=\"1200\" \/>\n\t<meta property=\"og:image:height\" content=\"891\" \/>\n\t<meta property=\"og:image:type\" content=\"image\/jpeg\" \/>\n<meta name=\"twitter:card\" content=\"summary_large_image\" \/>\n<meta name=\"twitter:label1\" content=\"Tempo di lettura stimato\" \/>\n\t<meta name=\"twitter:data1\" content=\"3 minuti\" \/>\n<script type=\"application\/ld+json\" class=\"yoast-schema-graph\">{\"@context\":\"https:\\\/\\\/schema.org\",\"@graph\":[{\"@type\":\"WebPage\",\"@id\":\"https:\\\/\\\/www.pioneer-cbh.com\\\/it\\\/the-hotel\\\/riflettori-su-paphos-cyprus\\\/\",\"url\":\"https:\\\/\\\/www.pioneer-cbh.com\\\/it\\\/the-hotel\\\/riflettori-su-paphos-cyprus\\\/\",\"name\":\"Scopra il fascino di Paphos, Cipro | Constantinou Bros Hotels\",\"isPartOf\":{\"@id\":\"https:\\\/\\\/www.pioneer-cbh.com\\\/it\\\/#website\"},\"primaryImageOfPage\":{\"@id\":\"https:\\\/\\\/www.pioneer-cbh.com\\\/it\\\/the-hotel\\\/riflettori-su-paphos-cyprus\\\/#primaryimage\"},\"image\":{\"@id\":\"https:\\\/\\\/www.pioneer-cbh.com\\\/it\\\/the-hotel\\\/riflettori-su-paphos-cyprus\\\/#primaryimage\"},\"thumbnailUrl\":\"https:\\\/\\\/www.pioneer-cbh.com\\\/app\\\/uploads\\\/sites\\\/33\\\/2020\\\/09\\\/3-PIONEER-BEACH-HOTEL-BEACH.jpg\",\"datePublished\":\"2022-07-08T11:53:54+00:00\",\"dateModified\":\"2024-09-18T12:19:49+00:00\",\"description\":\"Partendo dall'affascinante mare di Paphos, Cipro, venga a scoprire un'isola la cui bellezza \u00e8 amplificata dalla gentilezza della sua gente.\",\"breadcrumb\":{\"@id\":\"https:\\\/\\\/www.pioneer-cbh.com\\\/it\\\/the-hotel\\\/riflettori-su-paphos-cyprus\\\/#breadcrumb\"},\"inLanguage\":\"it-IT\",\"potentialAction\":[{\"@type\":\"ReadAction\",\"target\":[\"https:\\\/\\\/www.pioneer-cbh.com\\\/it\\\/the-hotel\\\/riflettori-su-paphos-cyprus\\\/\"]}]},{\"@type\":\"ImageObject\",\"inLanguage\":\"it-IT\",\"@id\":\"https:\\\/\\\/www.pioneer-cbh.com\\\/it\\\/the-hotel\\\/riflettori-su-paphos-cyprus\\\/#primaryimage\",\"url\":\"https:\\\/\\\/www.pioneer-cbh.com\\\/app\\\/uploads\\\/sites\\\/33\\\/2020\\\/09\\\/3-PIONEER-BEACH-HOTEL-BEACH.jpg\",\"contentUrl\":\"https:\\\/\\\/www.pioneer-cbh.com\\\/app\\\/uploads\\\/sites\\\/33\\\/2020\\\/09\\\/3-PIONEER-BEACH-HOTEL-BEACH.jpg\",\"width\":1200,\"height\":891,\"caption\":\"The sandy shore in front of Pioneer Beach Hotel by Constantinou Bros Hotels in the charming seaside of Paphos, Cyprus.\"},{\"@type\":\"BreadcrumbList\",\"@id\":\"https:\\\/\\\/www.pioneer-cbh.com\\\/it\\\/the-hotel\\\/riflettori-su-paphos-cyprus\\\/#breadcrumb\",\"itemListElement\":[{\"@type\":\"ListItem\",\"position\":1,\"name\":\"Home\",\"item\":\"https:\\\/\\\/www.pioneer-cbh.com\\\/it\\\/\"},{\"@type\":\"ListItem\",\"position\":2,\"name\":\"L&#8217;albergo\",\"item\":\"https:\\\/\\\/www.pioneer-cbh.com\\\/it\\\/the-hotel\\\/\"},{\"@type\":\"ListItem\",\"position\":3,\"name\":\"Riflettori puntati su Paphos, Cipro\"}]},{\"@type\":\"WebSite\",\"@id\":\"https:\\\/\\\/www.pioneer-cbh.com\\\/it\\\/#website\",\"url\":\"https:\\\/\\\/www.pioneer-cbh.com\\\/it\\\/\",\"name\":\"Pioneer Beach Hotel\",\"description\":\"Constantinou Bros Pioneer Beach Hotel, 4 star hotel in Paphos Cyprus\",\"potentialAction\":[{\"@type\":\"SearchAction\",\"target\":{\"@type\":\"EntryPoint\",\"urlTemplate\":\"https:\\\/\\\/www.pioneer-cbh.com\\\/it\\\/?s={search_term_string}\"},\"query-input\":{\"@type\":\"PropertyValueSpecification\",\"valueRequired\":true,\"valueName\":\"search_term_string\"}}],\"inLanguage\":\"it-IT\"}]}<\/script>\n<!-- \/ Yoast SEO plugin. -->","yoast_head_json":{"title":"Scopra il fascino di Paphos, Cipro | Constantinou Bros Hotels","description":"Partendo dall'affascinante mare di Paphos, Cipro, venga a scoprire un'isola la cui bellezza \u00e8 amplificata dalla gentilezza della sua gente.","robots":{"index":"index","follow":"follow","max-snippet":"max-snippet:-1","max-image-preview":"max-image-preview:large","max-video-preview":"max-video-preview:-1"},"canonical":"https:\/\/www.pioneer-cbh.com\/it\/the-hotel\/riflettori-su-paphos-cyprus\/","og_locale":"it_IT","og_type":"article","og_title":"Scopra il fascino di Paphos, Cipro | Constantinou Bros Hotels","og_description":"Partendo dall'affascinante mare di Paphos, Cipro, venga a scoprire un'isola la cui bellezza \u00e8 amplificata dalla gentilezza della sua gente.","og_url":"https:\/\/www.pioneer-cbh.com\/it\/the-hotel\/riflettori-su-paphos-cyprus\/","og_site_name":"Pioneer Beach Hotel","article_modified_time":"2024-09-18T12:19:49+00:00","og_image":[{"width":1200,"height":891,"url":"https:\/\/www.pioneer-cbh.com\/app\/uploads\/sites\/33\/2020\/09\/3-PIONEER-BEACH-HOTEL-BEACH.jpg","type":"image\/jpeg"}],"twitter_card":"summary_large_image","twitter_misc":{"Tempo di lettura stimato":"3 minuti"},"schema":{"@context":"https:\/\/schema.org","@graph":[{"@type":"WebPage","@id":"https:\/\/www.pioneer-cbh.com\/it\/the-hotel\/riflettori-su-paphos-cyprus\/","url":"https:\/\/www.pioneer-cbh.com\/it\/the-hotel\/riflettori-su-paphos-cyprus\/","name":"Scopra il fascino di Paphos, Cipro | Constantinou Bros Hotels","isPartOf":{"@id":"https:\/\/www.pioneer-cbh.com\/it\/#website"},"primaryImageOfPage":{"@id":"https:\/\/www.pioneer-cbh.com\/it\/the-hotel\/riflettori-su-paphos-cyprus\/#primaryimage"},"image":{"@id":"https:\/\/www.pioneer-cbh.com\/it\/the-hotel\/riflettori-su-paphos-cyprus\/#primaryimage"},"thumbnailUrl":"https:\/\/www.pioneer-cbh.com\/app\/uploads\/sites\/33\/2020\/09\/3-PIONEER-BEACH-HOTEL-BEACH.jpg","datePublished":"2022-07-08T11:53:54+00:00","dateModified":"2024-09-18T12:19:49+00:00","description":"Partendo dall'affascinante mare di Paphos, Cipro, venga a scoprire un'isola la cui bellezza \u00e8 amplificata dalla gentilezza della sua gente.","breadcrumb":{"@id":"https:\/\/www.pioneer-cbh.com\/it\/the-hotel\/riflettori-su-paphos-cyprus\/#breadcrumb"},"inLanguage":"it-IT","potentialAction":[{"@type":"ReadAction","target":["https:\/\/www.pioneer-cbh.com\/it\/the-hotel\/riflettori-su-paphos-cyprus\/"]}]},{"@type":"ImageObject","inLanguage":"it-IT","@id":"https:\/\/www.pioneer-cbh.com\/it\/the-hotel\/riflettori-su-paphos-cyprus\/#primaryimage","url":"https:\/\/www.pioneer-cbh.com\/app\/uploads\/sites\/33\/2020\/09\/3-PIONEER-BEACH-HOTEL-BEACH.jpg","contentUrl":"https:\/\/www.pioneer-cbh.com\/app\/uploads\/sites\/33\/2020\/09\/3-PIONEER-BEACH-HOTEL-BEACH.jpg","width":1200,"height":891,"caption":"The sandy shore in front of Pioneer Beach Hotel by Constantinou Bros Hotels in the charming seaside of Paphos, Cyprus."},{"@type":"BreadcrumbList","@id":"https:\/\/www.pioneer-cbh.com\/it\/the-hotel\/riflettori-su-paphos-cyprus\/#breadcrumb","itemListElement":[{"@type":"ListItem","position":1,"name":"Home","item":"https:\/\/www.pioneer-cbh.com\/it\/"},{"@type":"ListItem","position":2,"name":"L&#8217;albergo","item":"https:\/\/www.pioneer-cbh.com\/it\/the-hotel\/"},{"@type":"ListItem","position":3,"name":"Riflettori puntati su Paphos, Cipro"}]},{"@type":"WebSite","@id":"https:\/\/www.pioneer-cbh.com\/it\/#website","url":"https:\/\/www.pioneer-cbh.com\/it\/","name":"Pioneer Beach Hotel","description":"Constantinou Bros Pioneer Beach Hotel, 4 star hotel in Paphos Cyprus","potentialAction":[{"@type":"SearchAction","target":{"@type":"EntryPoint","urlTemplate":"https:\/\/www.pioneer-cbh.com\/it\/?s={search_term_string}"},"query-input":{"@type":"PropertyValueSpecification","valueRequired":true,"valueName":"search_term_string"}}],"inLanguage":"it-IT"}]}},"_links":{"self":[{"href":"https:\/\/www.pioneer-cbh.com\/it\/wp-json\/wp\/v2\/pages\/7290","targetHints":{"allow":["GET"]}}],"collection":[{"href":"https:\/\/www.pioneer-cbh.com\/it\/wp-json\/wp\/v2\/pages"}],"about":[{"href":"https:\/\/www.pioneer-cbh.com\/it\/wp-json\/wp\/v2\/types\/page"}],"author":[{"embeddable":true,"href":"https:\/\/www.pioneer-cbh.com\/it\/wp-json\/wp\/v2\/users\/12"}],"replies":[{"embeddable":true,"href":"https:\/\/www.pioneer-cbh.com\/it\/wp-json\/wp\/v2\/comments?post=7290"}],"version-history":[{"count":2,"href":"https:\/\/www.pioneer-cbh.com\/it\/wp-json\/wp\/v2\/pages\/7290\/revisions"}],"predecessor-version":[{"id":12464,"href":"https:\/\/www.pioneer-cbh.com\/it\/wp-json\/wp\/v2\/pages\/7290\/revisions\/12464"}],"up":[{"embeddable":true,"href":"https:\/\/www.pioneer-cbh.com\/it\/wp-json\/wp\/v2\/pages\/7303"}],"wp:featuredmedia":[{"embeddable":true,"href":"https:\/\/www.pioneer-cbh.com\/it\/wp-json\/wp\/v2\/media\/7165"}],"wp:attachment":[{"href":"https:\/\/www.pioneer-cbh.com\/it\/wp-json\/wp\/v2\/media?parent=7290"}],"curies":[{"name":"wp","href":"https:\/\/api.w.org\/{rel}","templated":true}]}}