{"id":7280,"date":"2022-07-08T14:48:03","date_gmt":"2022-07-08T11:48:03","guid":{"rendered":"https:\/\/www.pioneer-cbh.com\/elite-class\/"},"modified":"2026-04-03T15:49:49","modified_gmt":"2026-04-03T12:49:49","slug":"elite-class","status":"publish","type":"page","link":"https:\/\/www.pioneer-cbh.com\/it\/elite-class\/","title":{"rendered":"Classe Elite"},"content":{"rendered":"<p style=\"text-align: center;\"><img loading=\"lazy\" decoding=\"async\" class=\"size-full wp-image-2241 aligncenter\" src=\"https:\/\/pioneer-cbh.com\/wp-content\/uploads\/sites\/33\/2019\/11\/elite-class-logo.png\" alt=\"\" width=\"304\" height=\"137\" \/><\/p>\n<h1 class=\"entry-title title-size text-center font-regular\" style=\"margin: 3rem auto;\">Vacanze spensierate nel nostro hotel a 4 stelle a Paphos con il trattamento all inclusive<\/h1>\n<h2><\/h2>\n<h2>Un mondo di privilegi<\/h2>\n<p>Scoprite un servizio di classe ineguagliabile, un&#8217;esperienza a 5 stelle a vostra disposizione quando prenotate una sistemazione nelle categorie Superior, Superior Deluxe e Suite. Con un check-in esclusivo, opzioni di ristorazione dedicate e molti altri servizi, la Classe Elite offre un soggiorno incomparabile che supera le vostre aspettative.<\/p>\n<h3>Vantaggi extra<\/h3>\n<p>Gli ospiti che prenotano una camera superior, una camera superior deluxe o una suite ricevono i seguenti vantaggi esclusivi:<\/p>\n<ul>\n<li>Camere in posizione migliore<\/li>\n<li>Esclusivo check-in VIP con drink di benvenuto e asciugamani freddi<\/li>\n<li>Check-out tardivo gratuito fino alle 18:00 (soggetto a disponibilit\u00e0)<\/li>\n<li>Sala colazione esclusiva dedicata fino alle ore 11:00<\/li>\n<li>Servizio di couverture (su tipi di camera selezionati)<\/li>\n<li>Cabana privata con lettini (per alcune tipologie di camera)<\/li>\n<li>Men\u00f9 fisso nel ristorante A la Carte per la cena &#8211; se la vostra base di alloggio include la cena (soggetto a disponibilit\u00e0)<\/li>\n<li>I vantaggi del Pacchetto Premium Upgraded (Ultra all inclusive) includono una scelta illimitata di pasti al ristorante \u00e0 la carte (la prenotazione \u00e8 obbligatoria e soggetta a disponibilit\u00e0) e un mini bar rifornito all&#8217;arrivo con rifornimento giornaliero di caff\u00e8\/t\u00e8\/espresso e bevande analcoliche.<br \/>\nUna bottiglia d&#8217;acqua viene fornita ogni pomeriggio in camera e una bottiglia di Champagne viene offerta un giorno prima della partenza.<\/li>\n<li>10% di sconto su campi da golf selezionati (a condizione che la prenotazione sia stata effettuata tramite noi)<\/li>\n<li>L&#8217;uso gratuito delle strutture del Green Bowls (soggetto a disponibilit\u00e0 e prenotazione) \u00e8 disponibile per i singoli ospiti che non fanno parte di un gruppo organizzato con un programma prestabilito.<\/li>\n<\/ul>\n","protected":false},"excerpt":{"rendered":"<p>Vacanze spensierate nel nostro hotel a 4 stelle a Paphos con il trattamento all inclusive Un mondo di privilegi Scoprite un servizio di classe ineguagliabile, un&#8217;esperienza a 5 stelle a vostra disposizione quando prenotate una sistemazione nelle categorie Superior, Superior Deluxe e Suite. Con un check-in esclusivo, opzioni di ristorazione dedicate e molti altri servizi,<\/p>\n","protected":false},"author":1,"featured_media":0,"parent":0,"menu_order":0,"comment_status":"closed","ping_status":"closed","template":"","meta":{"_acf_changed":false,"footnotes":""},"class_list":["post-7280","page","type-page","status-publish","hentry"],"acf":[],"yoast_head":"<!-- This site is optimized with the Yoast SEO plugin v27.5 - https:\/\/yoast.com\/product\/yoast-seo-wordpress\/ -->\n<title>Hotel 4 stelle a Paphos con trattamento all inclusive | Pioneer Beach Hotel<\/title>\n<meta name=\"description\" content=\"Go Elite al Pioneer Beach per un hotel 4 stelle a Paphos per soli adulti con all inclusive, per godere di assoluta libert\u00e0 e innumerevoli vantaggi durante il vostro soggiorno.\" \/>\n<meta name=\"robots\" content=\"index, follow, max-snippet:-1, max-image-preview:large, max-video-preview:-1\" \/>\n<link rel=\"canonical\" href=\"https:\/\/www.pioneer-cbh.com\/it\/elite-class\/\" \/>\n<meta property=\"og:locale\" content=\"it_IT\" \/>\n<meta property=\"og:type\" content=\"article\" \/>\n<meta property=\"og:title\" content=\"Hotel 4 stelle a Paphos con trattamento all inclusive | Pioneer Beach Hotel\" \/>\n<meta property=\"og:description\" content=\"Go Elite al Pioneer Beach per un hotel 4 stelle a Paphos per soli adulti con all inclusive, per godere di assoluta libert\u00e0 e innumerevoli vantaggi durante il vostro soggiorno.\" \/>\n<meta property=\"og:url\" content=\"https:\/\/www.pioneer-cbh.com\/it\/elite-class\/\" \/>\n<meta property=\"og:site_name\" content=\"Pioneer Beach Hotel\" \/>\n<meta property=\"article:modified_time\" content=\"2026-04-03T12:49:49+00:00\" \/>\n<meta property=\"og:image\" content=\"https:\/\/www.pioneer-cbh.com\/app\/uploads\/sites\/33\/2019\/11\/elite-class-logo.png\" \/>\n\t<meta property=\"og:image:width\" content=\"304\" \/>\n\t<meta property=\"og:image:height\" content=\"137\" \/>\n\t<meta property=\"og:image:type\" content=\"image\/png\" \/>\n<meta name=\"twitter:card\" content=\"summary_large_image\" \/>\n<meta name=\"twitter:label1\" content=\"Tempo di lettura stimato\" \/>\n\t<meta name=\"twitter:data1\" content=\"2 minuti\" \/>\n<script type=\"application\/ld+json\" class=\"yoast-schema-graph\">{\"@context\":\"https:\\\/\\\/schema.org\",\"@graph\":[{\"@type\":\"WebPage\",\"@id\":\"https:\\\/\\\/www.pioneer-cbh.com\\\/it\\\/elite-class\\\/\",\"url\":\"https:\\\/\\\/www.pioneer-cbh.com\\\/it\\\/elite-class\\\/\",\"name\":\"Hotel 4 stelle a Paphos con trattamento all inclusive | Pioneer Beach Hotel\",\"isPartOf\":{\"@id\":\"https:\\\/\\\/www.pioneer-cbh.com\\\/it\\\/#website\"},\"primaryImageOfPage\":{\"@id\":\"https:\\\/\\\/www.pioneer-cbh.com\\\/it\\\/elite-class\\\/#primaryimage\"},\"image\":{\"@id\":\"https:\\\/\\\/www.pioneer-cbh.com\\\/it\\\/elite-class\\\/#primaryimage\"},\"thumbnailUrl\":\"https:\\\/\\\/pioneer-cbh.com\\\/wp-content\\\/uploads\\\/sites\\\/33\\\/2019\\\/11\\\/elite-class-logo.png\",\"datePublished\":\"2022-07-08T11:48:03+00:00\",\"dateModified\":\"2026-04-03T12:49:49+00:00\",\"description\":\"Go Elite al Pioneer Beach per un hotel 4 stelle a Paphos per soli adulti con all inclusive, per godere di assoluta libert\u00e0 e innumerevoli vantaggi durante il vostro soggiorno.\",\"breadcrumb\":{\"@id\":\"https:\\\/\\\/www.pioneer-cbh.com\\\/it\\\/elite-class\\\/#breadcrumb\"},\"inLanguage\":\"it-IT\",\"potentialAction\":[{\"@type\":\"ReadAction\",\"target\":[\"https:\\\/\\\/www.pioneer-cbh.com\\\/it\\\/elite-class\\\/\"]}]},{\"@type\":\"ImageObject\",\"inLanguage\":\"it-IT\",\"@id\":\"https:\\\/\\\/www.pioneer-cbh.com\\\/it\\\/elite-class\\\/#primaryimage\",\"url\":\"https:\\\/\\\/pioneer-cbh.com\\\/wp-content\\\/uploads\\\/sites\\\/33\\\/2019\\\/11\\\/elite-class-logo.png\",\"contentUrl\":\"https:\\\/\\\/pioneer-cbh.com\\\/wp-content\\\/uploads\\\/sites\\\/33\\\/2019\\\/11\\\/elite-class-logo.png\"},{\"@type\":\"BreadcrumbList\",\"@id\":\"https:\\\/\\\/www.pioneer-cbh.com\\\/it\\\/elite-class\\\/#breadcrumb\",\"itemListElement\":[{\"@type\":\"ListItem\",\"position\":1,\"name\":\"Home\",\"item\":\"https:\\\/\\\/www.pioneer-cbh.com\\\/it\\\/\"},{\"@type\":\"ListItem\",\"position\":2,\"name\":\"Classe Elite\"}]},{\"@type\":\"WebSite\",\"@id\":\"https:\\\/\\\/www.pioneer-cbh.com\\\/it\\\/#website\",\"url\":\"https:\\\/\\\/www.pioneer-cbh.com\\\/it\\\/\",\"name\":\"Pioneer Beach Hotel\",\"description\":\"Constantinou Bros Pioneer Beach Hotel, 4 star hotel in Paphos Cyprus\",\"potentialAction\":[{\"@type\":\"SearchAction\",\"target\":{\"@type\":\"EntryPoint\",\"urlTemplate\":\"https:\\\/\\\/www.pioneer-cbh.com\\\/it\\\/?s={search_term_string}\"},\"query-input\":{\"@type\":\"PropertyValueSpecification\",\"valueRequired\":true,\"valueName\":\"search_term_string\"}}],\"inLanguage\":\"it-IT\"}]}<\/script>\n<!-- \/ Yoast SEO plugin. -->","yoast_head_json":{"title":"Hotel 4 stelle a Paphos con trattamento all inclusive | Pioneer Beach Hotel","description":"Go Elite al Pioneer Beach per un hotel 4 stelle a Paphos per soli adulti con all inclusive, per godere di assoluta libert\u00e0 e innumerevoli vantaggi durante il vostro soggiorno.","robots":{"index":"index","follow":"follow","max-snippet":"max-snippet:-1","max-image-preview":"max-image-preview:large","max-video-preview":"max-video-preview:-1"},"canonical":"https:\/\/www.pioneer-cbh.com\/it\/elite-class\/","og_locale":"it_IT","og_type":"article","og_title":"Hotel 4 stelle a Paphos con trattamento all inclusive | Pioneer Beach Hotel","og_description":"Go Elite al Pioneer Beach per un hotel 4 stelle a Paphos per soli adulti con all inclusive, per godere di assoluta libert\u00e0 e innumerevoli vantaggi durante il vostro soggiorno.","og_url":"https:\/\/www.pioneer-cbh.com\/it\/elite-class\/","og_site_name":"Pioneer Beach Hotel","article_modified_time":"2026-04-03T12:49:49+00:00","og_image":[{"width":304,"height":137,"url":"https:\/\/www.pioneer-cbh.com\/app\/uploads\/sites\/33\/2019\/11\/elite-class-logo.png","type":"image\/png"}],"twitter_card":"summary_large_image","twitter_misc":{"Tempo di lettura stimato":"2 minuti"},"schema":{"@context":"https:\/\/schema.org","@graph":[{"@type":"WebPage","@id":"https:\/\/www.pioneer-cbh.com\/it\/elite-class\/","url":"https:\/\/www.pioneer-cbh.com\/it\/elite-class\/","name":"Hotel 4 stelle a Paphos con trattamento all inclusive | Pioneer Beach Hotel","isPartOf":{"@id":"https:\/\/www.pioneer-cbh.com\/it\/#website"},"primaryImageOfPage":{"@id":"https:\/\/www.pioneer-cbh.com\/it\/elite-class\/#primaryimage"},"image":{"@id":"https:\/\/www.pioneer-cbh.com\/it\/elite-class\/#primaryimage"},"thumbnailUrl":"https:\/\/pioneer-cbh.com\/wp-content\/uploads\/sites\/33\/2019\/11\/elite-class-logo.png","datePublished":"2022-07-08T11:48:03+00:00","dateModified":"2026-04-03T12:49:49+00:00","description":"Go Elite al Pioneer Beach per un hotel 4 stelle a Paphos per soli adulti con all inclusive, per godere di assoluta libert\u00e0 e innumerevoli vantaggi durante il vostro soggiorno.","breadcrumb":{"@id":"https:\/\/www.pioneer-cbh.com\/it\/elite-class\/#breadcrumb"},"inLanguage":"it-IT","potentialAction":[{"@type":"ReadAction","target":["https:\/\/www.pioneer-cbh.com\/it\/elite-class\/"]}]},{"@type":"ImageObject","inLanguage":"it-IT","@id":"https:\/\/www.pioneer-cbh.com\/it\/elite-class\/#primaryimage","url":"https:\/\/pioneer-cbh.com\/wp-content\/uploads\/sites\/33\/2019\/11\/elite-class-logo.png","contentUrl":"https:\/\/pioneer-cbh.com\/wp-content\/uploads\/sites\/33\/2019\/11\/elite-class-logo.png"},{"@type":"BreadcrumbList","@id":"https:\/\/www.pioneer-cbh.com\/it\/elite-class\/#breadcrumb","itemListElement":[{"@type":"ListItem","position":1,"name":"Home","item":"https:\/\/www.pioneer-cbh.com\/it\/"},{"@type":"ListItem","position":2,"name":"Classe Elite"}]},{"@type":"WebSite","@id":"https:\/\/www.pioneer-cbh.com\/it\/#website","url":"https:\/\/www.pioneer-cbh.com\/it\/","name":"Pioneer Beach Hotel","description":"Constantinou Bros Pioneer Beach Hotel, 4 star hotel in Paphos Cyprus","potentialAction":[{"@type":"SearchAction","target":{"@type":"EntryPoint","urlTemplate":"https:\/\/www.pioneer-cbh.com\/it\/?s={search_term_string}"},"query-input":{"@type":"PropertyValueSpecification","valueRequired":true,"valueName":"search_term_string"}}],"inLanguage":"it-IT"}]}},"_links":{"self":[{"href":"https:\/\/www.pioneer-cbh.com\/it\/wp-json\/wp\/v2\/pages\/7280","targetHints":{"allow":["GET"]}}],"collection":[{"href":"https:\/\/www.pioneer-cbh.com\/it\/wp-json\/wp\/v2\/pages"}],"about":[{"href":"https:\/\/www.pioneer-cbh.com\/it\/wp-json\/wp\/v2\/types\/page"}],"author":[{"embeddable":true,"href":"https:\/\/www.pioneer-cbh.com\/it\/wp-json\/wp\/v2\/users\/1"}],"replies":[{"embeddable":true,"href":"https:\/\/www.pioneer-cbh.com\/it\/wp-json\/wp\/v2\/comments?post=7280"}],"version-history":[{"count":6,"href":"https:\/\/www.pioneer-cbh.com\/it\/wp-json\/wp\/v2\/pages\/7280\/revisions"}],"predecessor-version":[{"id":13105,"href":"https:\/\/www.pioneer-cbh.com\/it\/wp-json\/wp\/v2\/pages\/7280\/revisions\/13105"}],"wp:attachment":[{"href":"https:\/\/www.pioneer-cbh.com\/it\/wp-json\/wp\/v2\/media?parent=7280"}],"curies":[{"name":"wp","href":"https:\/\/api.w.org\/{rel}","templated":true}]}}