{"id":10821,"date":"2023-09-19T11:06:56","date_gmt":"2023-09-19T08:06:56","guid":{"rendered":"https:\/\/www.pioneer-cbh.com\/sustainability\/"},"modified":"2026-01-26T12:48:11","modified_gmt":"2026-01-26T09:48:11","slug":"sustainability","status":"publish","type":"page","link":"https:\/\/www.pioneer-cbh.com\/it\/sustainability\/","title":{"rendered":"Sostenibilit\u00e0"},"content":{"rendered":"<p>Il Pioneer Beach Hotel, parte dei Constantinou Bros Hotels, \u00e8 un hotel verde certificato di Paphos, situato direttamente sull&#8217;acqua, su una spiaggia sabbiosa.<\/p>\n<p>La certificazione Gold di Travelife dimostra i nostri elevati standard in materia di diritti umani, lavoro, impegno nella comunit\u00e0, impatto ambientale e sostenibilit\u00e0.<\/p>\n<p>Siamo felicissimi di questo riconoscimento perch\u00e9 \u00e8 il risultato di numerosi sforzi per offrire la migliore esperienza possibile agli ospiti, nel rispetto dell&#8217;ambiente.<\/p>\n<p><img loading=\"lazy\" decoding=\"async\" class=\"size-medium wp-image-9929 aligncenter\" src=\"https:\/\/www.pioneer-cbh.com\/app\/uploads\/sites\/33\/2023\/03\/Travelife-Gold-2-600x323.jpg\" alt=\"\" width=\"600\" height=\"323\" srcset=\"https:\/\/www.pioneer-cbh.com\/app\/uploads\/sites\/33\/2023\/03\/Travelife-Gold-2-600x323.jpg 600w, https:\/\/www.pioneer-cbh.com\/app\/uploads\/sites\/33\/2023\/03\/Travelife-Gold-2-768x413.jpg 768w, https:\/\/www.pioneer-cbh.com\/app\/uploads\/sites\/33\/2023\/03\/Travelife-Gold-2-1536x826.jpg 1536w, https:\/\/www.pioneer-cbh.com\/app\/uploads\/sites\/33\/2023\/03\/Travelife-Gold-2-1488x800.jpg 1488w, https:\/\/www.pioneer-cbh.com\/app\/uploads\/sites\/33\/2023\/03\/Travelife-Gold-2.jpg 1920w\" sizes=\"auto, (max-width: 600px) 100vw, 600px\" \/><\/p>\n<p>Ci riempie di orgoglio il fatto che il nostro hotel verde di Paphos, il Pioneer Beach Hotel, sia ora formalmente parte della transizione della cultura dell&#8217;ospitalit\u00e0 globale verso un modello di sviluppo pi\u00f9 sostenibile su tutti i fronti.<\/p>\n<p><b>Le nostre pratiche di sostenibilit\u00e0 in sintesi:<\/b><b><\/b><\/p>\n<p>&nbsp;<\/p>\n<p><b>Politiche ambientali:<\/b><b><br \/>\n<\/b>Utilizzando un sistema di risparmio energetico, siamo in grado di monitorare e comprendere meglio le prestazioni ambientali del nostro hotel e di mitigare gli effetti del suo funzionamento, come la riduzione dei rifiuti e la loro gestione, preservando le risorse naturali.<\/p>\n<p>&nbsp;<\/p>\n<p><b>Sicurezza F&amp;B:<\/b><\/p>\n<p>Ci riforniamo delle migliori materie prime e dei migliori componenti per i nostri pasti e le nostre bevande e ci assicuriamo che tutte le minacce o i pericoli per la sicurezza alimentare siano identificati, valutati e affrontati attraverso le nostre procedure di gestione della sicurezza alimentare.<\/p>\n<p>&nbsp;<\/p>\n<p><b>Azioni comunitarie: <\/b><\/p>\n<p>Sosteniamo la comunit\u00e0 che circonda il nostro hotel verde di Paphos ogni volta che possiamo, con contributi finanziari e sociali come modo per riconoscere il valore che la comunit\u00e0 attribuisce ad esso.<\/p>\n<p>&nbsp;<\/p>\n<p><b>Risorse umane: <\/b><\/p>\n<p>Nel nostro luogo di lavoro non esistono discriminazioni per et\u00e0, colore, sesso, nazionalit\u00e0, handicap o religione. Seguiamo una procedura di assunzione equa e basata sul merito e offriamo ai nostri dipendenti possibilit\u00e0 di crescita professionale.<\/p>\n<p>&nbsp;<\/p>\n<p><b>Salute e sicurezza sul lavoro: <\/b><\/p>\n<p>Il Pioneer Beach Hotel si impegna ad offrire un ambiente di lavoro sicuro e protetto, in cui tutti si sentano membri apprezzati di un team e siano in grado di svolgere i propri compiti. La nostra cultura lavorativa \u00e8 improntata alla gentilezza e all&#8217;inclusione.<\/p>\n<p>&nbsp;<\/p>\n<p><b>Garanzia di qualit\u00e0: <\/b><\/p>\n<p>Per soddisfare i pi\u00f9 elevati requisiti di qualit\u00e0, siamo costantemente impegnati a migliorare i nostri servizi, i nostri prodotti e lo sviluppo dei nostri dipendenti. Questo contribuisce a sua volta alla soddisfazione degli ospiti.<\/p>\n<p>Leggete tutto sulle pratiche rilevanti dei nostri <a href=\"https:\/\/www.cbh-cyprus.com\/sustainability\/\">hotel sostenibili di Cipro<\/a>.<\/p>\n","protected":false},"excerpt":{"rendered":"<p>Il Pioneer Beach Hotel, parte dei Constantinou Bros Hotels, \u00e8 un hotel verde certificato di Paphos, situato direttamente sull&#8217;acqua, su una spiaggia sabbiosa. La certificazione Gold di Travelife dimostra i nostri elevati standard in materia di diritti umani, lavoro, impegno nella comunit\u00e0, impatto ambientale e sostenibilit\u00e0. Siamo felicissimi di questo riconoscimento perch\u00e9 \u00e8 il risultato<\/p>\n","protected":false},"author":367,"featured_media":0,"parent":0,"menu_order":0,"comment_status":"closed","ping_status":"closed","template":"","meta":{"_acf_changed":false,"footnotes":""},"class_list":["post-10821","page","type-page","status-publish","hentry"],"acf":[],"yoast_head":"<!-- This site is optimized with the Yoast SEO plugin v27.5 - https:\/\/yoast.com\/product\/yoast-seo-wordpress\/ -->\n<title>Hotel Pioneer: Hotel Green Beach di Paphos certificato Oro da Travelife<\/title>\n<meta name=\"description\" content=\"Il Pioneer Hotel, parte del gruppo Constantinou Bros, \u00e8 un hotel verde certificato di Paphos, situato direttamente sull&#039;acqua, su una spiaggia sabbiosa.\" \/>\n<meta name=\"robots\" content=\"index, follow, max-snippet:-1, max-image-preview:large, max-video-preview:-1\" \/>\n<link rel=\"canonical\" href=\"https:\/\/www.pioneer-cbh.com\/it\/sustainability\/\" \/>\n<meta property=\"og:locale\" content=\"it_IT\" \/>\n<meta property=\"og:type\" content=\"article\" \/>\n<meta property=\"og:title\" content=\"Hotel Pioneer: Hotel Green Beach di Paphos certificato Oro da Travelife\" \/>\n<meta property=\"og:description\" content=\"Il Pioneer Hotel, parte del gruppo Constantinou Bros, \u00e8 un hotel verde certificato di Paphos, situato direttamente sull&#039;acqua, su una spiaggia sabbiosa.\" \/>\n<meta property=\"og:url\" content=\"https:\/\/www.pioneer-cbh.com\/it\/sustainability\/\" \/>\n<meta property=\"og:site_name\" content=\"Pioneer Beach Hotel\" \/>\n<meta property=\"article:modified_time\" content=\"2026-01-26T09:48:11+00:00\" \/>\n<meta property=\"og:image\" content=\"https:\/\/www.pioneer-cbh.com\/app\/uploads\/sites\/33\/2023\/03\/Travelife-Gold-2.jpg\" \/>\n\t<meta property=\"og:image:width\" content=\"1920\" \/>\n\t<meta property=\"og:image:height\" content=\"1032\" \/>\n\t<meta property=\"og:image:type\" content=\"image\/jpeg\" \/>\n<meta name=\"twitter:card\" content=\"summary_large_image\" \/>\n<meta name=\"twitter:label1\" content=\"Tempo di lettura stimato\" \/>\n\t<meta name=\"twitter:data1\" content=\"3 minuti\" \/>\n<script type=\"application\/ld+json\" class=\"yoast-schema-graph\">{\"@context\":\"https:\\\/\\\/schema.org\",\"@graph\":[{\"@type\":\"WebPage\",\"@id\":\"https:\\\/\\\/www.pioneer-cbh.com\\\/it\\\/sustainability\\\/\",\"url\":\"https:\\\/\\\/www.pioneer-cbh.com\\\/it\\\/sustainability\\\/\",\"name\":\"Hotel Pioneer: Hotel Green Beach di Paphos certificato Oro da Travelife\",\"isPartOf\":{\"@id\":\"https:\\\/\\\/www.pioneer-cbh.com\\\/it\\\/#website\"},\"primaryImageOfPage\":{\"@id\":\"https:\\\/\\\/www.pioneer-cbh.com\\\/it\\\/sustainability\\\/#primaryimage\"},\"image\":{\"@id\":\"https:\\\/\\\/www.pioneer-cbh.com\\\/it\\\/sustainability\\\/#primaryimage\"},\"thumbnailUrl\":\"https:\\\/\\\/www.pioneer-cbh.com\\\/app\\\/uploads\\\/sites\\\/33\\\/2023\\\/03\\\/Travelife-Gold-2-600x323.jpg\",\"datePublished\":\"2023-09-19T08:06:56+00:00\",\"dateModified\":\"2026-01-26T09:48:11+00:00\",\"description\":\"Il Pioneer Hotel, parte del gruppo Constantinou Bros, \u00e8 un hotel verde certificato di Paphos, situato direttamente sull'acqua, su una spiaggia sabbiosa.\",\"breadcrumb\":{\"@id\":\"https:\\\/\\\/www.pioneer-cbh.com\\\/it\\\/sustainability\\\/#breadcrumb\"},\"inLanguage\":\"it-IT\",\"potentialAction\":[{\"@type\":\"ReadAction\",\"target\":[\"https:\\\/\\\/www.pioneer-cbh.com\\\/it\\\/sustainability\\\/\"]}]},{\"@type\":\"ImageObject\",\"inLanguage\":\"it-IT\",\"@id\":\"https:\\\/\\\/www.pioneer-cbh.com\\\/it\\\/sustainability\\\/#primaryimage\",\"url\":\"https:\\\/\\\/www.pioneer-cbh.com\\\/app\\\/uploads\\\/sites\\\/33\\\/2023\\\/03\\\/Travelife-Gold-2-600x323.jpg\",\"contentUrl\":\"https:\\\/\\\/www.pioneer-cbh.com\\\/app\\\/uploads\\\/sites\\\/33\\\/2023\\\/03\\\/Travelife-Gold-2-600x323.jpg\"},{\"@type\":\"BreadcrumbList\",\"@id\":\"https:\\\/\\\/www.pioneer-cbh.com\\\/it\\\/sustainability\\\/#breadcrumb\",\"itemListElement\":[{\"@type\":\"ListItem\",\"position\":1,\"name\":\"Home\",\"item\":\"https:\\\/\\\/www.pioneer-cbh.com\\\/it\\\/\"},{\"@type\":\"ListItem\",\"position\":2,\"name\":\"Sostenibilit\u00e0\"}]},{\"@type\":\"WebSite\",\"@id\":\"https:\\\/\\\/www.pioneer-cbh.com\\\/it\\\/#website\",\"url\":\"https:\\\/\\\/www.pioneer-cbh.com\\\/it\\\/\",\"name\":\"Pioneer Beach Hotel\",\"description\":\"Constantinou Bros Pioneer Beach Hotel, 4 star hotel in Paphos Cyprus\",\"potentialAction\":[{\"@type\":\"SearchAction\",\"target\":{\"@type\":\"EntryPoint\",\"urlTemplate\":\"https:\\\/\\\/www.pioneer-cbh.com\\\/it\\\/?s={search_term_string}\"},\"query-input\":{\"@type\":\"PropertyValueSpecification\",\"valueRequired\":true,\"valueName\":\"search_term_string\"}}],\"inLanguage\":\"it-IT\"}]}<\/script>\n<!-- \/ Yoast SEO plugin. -->","yoast_head_json":{"title":"Hotel Pioneer: Hotel Green Beach di Paphos certificato Oro da Travelife","description":"Il Pioneer Hotel, parte del gruppo Constantinou Bros, \u00e8 un hotel verde certificato di Paphos, situato direttamente sull'acqua, su una spiaggia sabbiosa.","robots":{"index":"index","follow":"follow","max-snippet":"max-snippet:-1","max-image-preview":"max-image-preview:large","max-video-preview":"max-video-preview:-1"},"canonical":"https:\/\/www.pioneer-cbh.com\/it\/sustainability\/","og_locale":"it_IT","og_type":"article","og_title":"Hotel Pioneer: Hotel Green Beach di Paphos certificato Oro da Travelife","og_description":"Il Pioneer Hotel, parte del gruppo Constantinou Bros, \u00e8 un hotel verde certificato di Paphos, situato direttamente sull'acqua, su una spiaggia sabbiosa.","og_url":"https:\/\/www.pioneer-cbh.com\/it\/sustainability\/","og_site_name":"Pioneer Beach Hotel","article_modified_time":"2026-01-26T09:48:11+00:00","og_image":[{"width":1920,"height":1032,"url":"https:\/\/www.pioneer-cbh.com\/app\/uploads\/sites\/33\/2023\/03\/Travelife-Gold-2.jpg","type":"image\/jpeg"}],"twitter_card":"summary_large_image","twitter_misc":{"Tempo di lettura stimato":"3 minuti"},"schema":{"@context":"https:\/\/schema.org","@graph":[{"@type":"WebPage","@id":"https:\/\/www.pioneer-cbh.com\/it\/sustainability\/","url":"https:\/\/www.pioneer-cbh.com\/it\/sustainability\/","name":"Hotel Pioneer: Hotel Green Beach di Paphos certificato Oro da Travelife","isPartOf":{"@id":"https:\/\/www.pioneer-cbh.com\/it\/#website"},"primaryImageOfPage":{"@id":"https:\/\/www.pioneer-cbh.com\/it\/sustainability\/#primaryimage"},"image":{"@id":"https:\/\/www.pioneer-cbh.com\/it\/sustainability\/#primaryimage"},"thumbnailUrl":"https:\/\/www.pioneer-cbh.com\/app\/uploads\/sites\/33\/2023\/03\/Travelife-Gold-2-600x323.jpg","datePublished":"2023-09-19T08:06:56+00:00","dateModified":"2026-01-26T09:48:11+00:00","description":"Il Pioneer Hotel, parte del gruppo Constantinou Bros, \u00e8 un hotel verde certificato di Paphos, situato direttamente sull'acqua, su una spiaggia sabbiosa.","breadcrumb":{"@id":"https:\/\/www.pioneer-cbh.com\/it\/sustainability\/#breadcrumb"},"inLanguage":"it-IT","potentialAction":[{"@type":"ReadAction","target":["https:\/\/www.pioneer-cbh.com\/it\/sustainability\/"]}]},{"@type":"ImageObject","inLanguage":"it-IT","@id":"https:\/\/www.pioneer-cbh.com\/it\/sustainability\/#primaryimage","url":"https:\/\/www.pioneer-cbh.com\/app\/uploads\/sites\/33\/2023\/03\/Travelife-Gold-2-600x323.jpg","contentUrl":"https:\/\/www.pioneer-cbh.com\/app\/uploads\/sites\/33\/2023\/03\/Travelife-Gold-2-600x323.jpg"},{"@type":"BreadcrumbList","@id":"https:\/\/www.pioneer-cbh.com\/it\/sustainability\/#breadcrumb","itemListElement":[{"@type":"ListItem","position":1,"name":"Home","item":"https:\/\/www.pioneer-cbh.com\/it\/"},{"@type":"ListItem","position":2,"name":"Sostenibilit\u00e0"}]},{"@type":"WebSite","@id":"https:\/\/www.pioneer-cbh.com\/it\/#website","url":"https:\/\/www.pioneer-cbh.com\/it\/","name":"Pioneer Beach Hotel","description":"Constantinou Bros Pioneer Beach Hotel, 4 star hotel in Paphos Cyprus","potentialAction":[{"@type":"SearchAction","target":{"@type":"EntryPoint","urlTemplate":"https:\/\/www.pioneer-cbh.com\/it\/?s={search_term_string}"},"query-input":{"@type":"PropertyValueSpecification","valueRequired":true,"valueName":"search_term_string"}}],"inLanguage":"it-IT"}]}},"_links":{"self":[{"href":"https:\/\/www.pioneer-cbh.com\/it\/wp-json\/wp\/v2\/pages\/10821","targetHints":{"allow":["GET"]}}],"collection":[{"href":"https:\/\/www.pioneer-cbh.com\/it\/wp-json\/wp\/v2\/pages"}],"about":[{"href":"https:\/\/www.pioneer-cbh.com\/it\/wp-json\/wp\/v2\/types\/page"}],"author":[{"embeddable":true,"href":"https:\/\/www.pioneer-cbh.com\/it\/wp-json\/wp\/v2\/users\/367"}],"replies":[{"embeddable":true,"href":"https:\/\/www.pioneer-cbh.com\/it\/wp-json\/wp\/v2\/comments?post=10821"}],"version-history":[{"count":3,"href":"https:\/\/www.pioneer-cbh.com\/it\/wp-json\/wp\/v2\/pages\/10821\/revisions"}],"predecessor-version":[{"id":13006,"href":"https:\/\/www.pioneer-cbh.com\/it\/wp-json\/wp\/v2\/pages\/10821\/revisions\/13006"}],"wp:attachment":[{"href":"https:\/\/www.pioneer-cbh.com\/it\/wp-json\/wp\/v2\/media?parent=10821"}],"curies":[{"name":"wp","href":"https:\/\/api.w.org\/{rel}","templated":true}]}}