{"id":9176,"date":"2022-12-01T13:12:14","date_gmt":"2022-12-01T10:12:14","guid":{"rendered":"https:\/\/www.pioneer-cbh.com\/covid-measures\/"},"modified":"2024-09-18T14:15:43","modified_gmt":"2024-09-18T11:15:43","slug":"covid-measures","status":"publish","type":"page","link":"https:\/\/www.pioneer-cbh.com\/fr\/covid-measures\/","title":{"rendered":"Mesures Covid"},"content":{"rendered":"<h1 class=\"entry-title title-size font-regular text-center my-5\">Protocole Covid-19<\/h1>\n","protected":false},"excerpt":{"rendered":"<p>Protocole Covid-19<\/p>\n","protected":false},"author":360,"featured_media":0,"parent":0,"menu_order":0,"comment_status":"closed","ping_status":"closed","template":"page-templates\/covid-measures.php","meta":{"_acf_changed":false,"footnotes":""},"class_list":["post-9176","page","type-page","status-publish","hentry"],"acf":[],"yoast_head":"<!-- This site is optimized with the Yoast SEO plugin v27.3 - https:\/\/yoast.com\/product\/yoast-seo-wordpress\/ -->\n<title>Mesures Covid - Pioneer Beach Hotel<\/title>\n<meta name=\"description\" content=\"\u00catre inform\u00e9 de toutes les mesures et proc\u00e9dures Covid-19 relatives \u00e0 la sant\u00e9, \u00e0 la s\u00e9curit\u00e9 et \u00e0 l&#039;hygi\u00e8ne dans les h\u00f4tels Constantinou Bros.\" \/>\n<meta name=\"robots\" content=\"index, follow, max-snippet:-1, max-image-preview:large, max-video-preview:-1\" \/>\n<link rel=\"canonical\" href=\"https:\/\/www.pioneer-cbh.com\/fr\/covid-measures\/\" \/>\n<meta property=\"og:locale\" content=\"fr_FR\" \/>\n<meta property=\"og:type\" content=\"article\" \/>\n<meta property=\"og:title\" content=\"Mesures Covid - Pioneer Beach Hotel\" \/>\n<meta property=\"og:description\" content=\"\u00catre inform\u00e9 de toutes les mesures et proc\u00e9dures Covid-19 relatives \u00e0 la sant\u00e9, \u00e0 la s\u00e9curit\u00e9 et \u00e0 l&#039;hygi\u00e8ne dans les h\u00f4tels Constantinou Bros.\" \/>\n<meta property=\"og:url\" content=\"https:\/\/www.pioneer-cbh.com\/fr\/covid-measures\/\" \/>\n<meta property=\"og:site_name\" content=\"Pioneer Beach Hotel\" \/>\n<meta property=\"article:modified_time\" content=\"2024-09-18T11:15:43+00:00\" \/>\n<meta name=\"twitter:card\" content=\"summary_large_image\" \/>\n<meta name=\"twitter:label1\" content=\"Dur\u00e9e de lecture estim\u00e9e\" \/>\n\t<meta name=\"twitter:data1\" content=\"1 minute\" \/>\n<script type=\"application\/ld+json\" class=\"yoast-schema-graph\">{\"@context\":\"https:\\\/\\\/schema.org\",\"@graph\":[{\"@type\":\"WebPage\",\"@id\":\"https:\\\/\\\/www.pioneer-cbh.com\\\/fr\\\/covid-measures\\\/\",\"url\":\"https:\\\/\\\/www.pioneer-cbh.com\\\/fr\\\/covid-measures\\\/\",\"name\":\"Mesures Covid - Pioneer Beach Hotel\",\"isPartOf\":{\"@id\":\"https:\\\/\\\/www.pioneer-cbh.com\\\/fr\\\/#website\"},\"datePublished\":\"2022-12-01T10:12:14+00:00\",\"dateModified\":\"2024-09-18T11:15:43+00:00\",\"description\":\"\u00catre inform\u00e9 de toutes les mesures et proc\u00e9dures Covid-19 relatives \u00e0 la sant\u00e9, \u00e0 la s\u00e9curit\u00e9 et \u00e0 l'hygi\u00e8ne dans les h\u00f4tels Constantinou Bros.\",\"breadcrumb\":{\"@id\":\"https:\\\/\\\/www.pioneer-cbh.com\\\/fr\\\/covid-measures\\\/#breadcrumb\"},\"inLanguage\":\"fr-FR\",\"potentialAction\":[{\"@type\":\"ReadAction\",\"target\":[\"https:\\\/\\\/www.pioneer-cbh.com\\\/fr\\\/covid-measures\\\/\"]}]},{\"@type\":\"BreadcrumbList\",\"@id\":\"https:\\\/\\\/www.pioneer-cbh.com\\\/fr\\\/covid-measures\\\/#breadcrumb\",\"itemListElement\":[{\"@type\":\"ListItem\",\"position\":1,\"name\":\"Home\",\"item\":\"https:\\\/\\\/www.pioneer-cbh.com\\\/fr\\\/\"},{\"@type\":\"ListItem\",\"position\":2,\"name\":\"Mesures Covid\"}]},{\"@type\":\"WebSite\",\"@id\":\"https:\\\/\\\/www.pioneer-cbh.com\\\/fr\\\/#website\",\"url\":\"https:\\\/\\\/www.pioneer-cbh.com\\\/fr\\\/\",\"name\":\"Pioneer Beach Hotel\",\"description\":\"Constantinou Bros Pioneer Beach Hotel, 4 star hotel in Paphos Cyprus\",\"potentialAction\":[{\"@type\":\"SearchAction\",\"target\":{\"@type\":\"EntryPoint\",\"urlTemplate\":\"https:\\\/\\\/www.pioneer-cbh.com\\\/fr\\\/?s={search_term_string}\"},\"query-input\":{\"@type\":\"PropertyValueSpecification\",\"valueRequired\":true,\"valueName\":\"search_term_string\"}}],\"inLanguage\":\"fr-FR\"}]}<\/script>\n<!-- \/ Yoast SEO plugin. -->","yoast_head_json":{"title":"Mesures Covid - Pioneer Beach Hotel","description":"\u00catre inform\u00e9 de toutes les mesures et proc\u00e9dures Covid-19 relatives \u00e0 la sant\u00e9, \u00e0 la s\u00e9curit\u00e9 et \u00e0 l'hygi\u00e8ne dans les h\u00f4tels Constantinou Bros.","robots":{"index":"index","follow":"follow","max-snippet":"max-snippet:-1","max-image-preview":"max-image-preview:large","max-video-preview":"max-video-preview:-1"},"canonical":"https:\/\/www.pioneer-cbh.com\/fr\/covid-measures\/","og_locale":"fr_FR","og_type":"article","og_title":"Mesures Covid - Pioneer Beach Hotel","og_description":"\u00catre inform\u00e9 de toutes les mesures et proc\u00e9dures Covid-19 relatives \u00e0 la sant\u00e9, \u00e0 la s\u00e9curit\u00e9 et \u00e0 l'hygi\u00e8ne dans les h\u00f4tels Constantinou Bros.","og_url":"https:\/\/www.pioneer-cbh.com\/fr\/covid-measures\/","og_site_name":"Pioneer Beach Hotel","article_modified_time":"2024-09-18T11:15:43+00:00","twitter_card":"summary_large_image","twitter_misc":{"Dur\u00e9e de lecture estim\u00e9e":"1 minute"},"schema":{"@context":"https:\/\/schema.org","@graph":[{"@type":"WebPage","@id":"https:\/\/www.pioneer-cbh.com\/fr\/covid-measures\/","url":"https:\/\/www.pioneer-cbh.com\/fr\/covid-measures\/","name":"Mesures Covid - Pioneer Beach Hotel","isPartOf":{"@id":"https:\/\/www.pioneer-cbh.com\/fr\/#website"},"datePublished":"2022-12-01T10:12:14+00:00","dateModified":"2024-09-18T11:15:43+00:00","description":"\u00catre inform\u00e9 de toutes les mesures et proc\u00e9dures Covid-19 relatives \u00e0 la sant\u00e9, \u00e0 la s\u00e9curit\u00e9 et \u00e0 l'hygi\u00e8ne dans les h\u00f4tels Constantinou Bros.","breadcrumb":{"@id":"https:\/\/www.pioneer-cbh.com\/fr\/covid-measures\/#breadcrumb"},"inLanguage":"fr-FR","potentialAction":[{"@type":"ReadAction","target":["https:\/\/www.pioneer-cbh.com\/fr\/covid-measures\/"]}]},{"@type":"BreadcrumbList","@id":"https:\/\/www.pioneer-cbh.com\/fr\/covid-measures\/#breadcrumb","itemListElement":[{"@type":"ListItem","position":1,"name":"Home","item":"https:\/\/www.pioneer-cbh.com\/fr\/"},{"@type":"ListItem","position":2,"name":"Mesures Covid"}]},{"@type":"WebSite","@id":"https:\/\/www.pioneer-cbh.com\/fr\/#website","url":"https:\/\/www.pioneer-cbh.com\/fr\/","name":"Pioneer Beach Hotel","description":"Constantinou Bros Pioneer Beach Hotel, 4 star hotel in Paphos Cyprus","potentialAction":[{"@type":"SearchAction","target":{"@type":"EntryPoint","urlTemplate":"https:\/\/www.pioneer-cbh.com\/fr\/?s={search_term_string}"},"query-input":{"@type":"PropertyValueSpecification","valueRequired":true,"valueName":"search_term_string"}}],"inLanguage":"fr-FR"}]}},"_links":{"self":[{"href":"https:\/\/www.pioneer-cbh.com\/fr\/wp-json\/wp\/v2\/pages\/9176","targetHints":{"allow":["GET"]}}],"collection":[{"href":"https:\/\/www.pioneer-cbh.com\/fr\/wp-json\/wp\/v2\/pages"}],"about":[{"href":"https:\/\/www.pioneer-cbh.com\/fr\/wp-json\/wp\/v2\/types\/page"}],"author":[{"embeddable":true,"href":"https:\/\/www.pioneer-cbh.com\/fr\/wp-json\/wp\/v2\/users\/360"}],"replies":[{"embeddable":true,"href":"https:\/\/www.pioneer-cbh.com\/fr\/wp-json\/wp\/v2\/comments?post=9176"}],"version-history":[{"count":3,"href":"https:\/\/www.pioneer-cbh.com\/fr\/wp-json\/wp\/v2\/pages\/9176\/revisions"}],"predecessor-version":[{"id":11646,"href":"https:\/\/www.pioneer-cbh.com\/fr\/wp-json\/wp\/v2\/pages\/9176\/revisions\/11646"}],"wp:attachment":[{"href":"https:\/\/www.pioneer-cbh.com\/fr\/wp-json\/wp\/v2\/media?parent=9176"}],"curies":[{"name":"wp","href":"https:\/\/api.w.org\/{rel}","templated":true}]}}