{"id":6840,"date":"2022-07-04T16:01:48","date_gmt":"2022-07-04T13:01:48","guid":{"rendered":"https:\/\/www.pioneer-cbh.com\/adults-only-holidays\/"},"modified":"2024-09-17T17:44:05","modified_gmt":"2024-09-17T14:44:05","slug":"havre-de-paix-en-bord-de-mer-pour-les-adultes","status":"publish","type":"page","link":"https:\/\/www.pioneer-cbh.com\/fr\/havre-de-paix-en-bord-de-mer-pour-les-adultes\/","title":{"rendered":"Havre de paix en bord de mer pour les adultes"},"content":{"rendered":"<h1 class=\"entry-title title-size font-regular text-center my-5\">Des <b>vacances <\/b>sereines <b>\u00e0 Paphos pour les adultes seulement <\/b>vous attendent.<\/h1>\n<p>Les h\u00f4tels Constantinou Bros sont r\u00e9put\u00e9s pour avoir d\u00e9velopp\u00e9 le concept de vacances r\u00e9serv\u00e9es aux adultes \u00e0 Paphos.<br \/>\nCe concept comprend des environnements relaxants sans enfants, des journ\u00e9es paisibles au bord de la piscine ou de la plage et un programme de divertissement et de loisir visant \u00e0 cr\u00e9er les <b>vacances<\/b> les plus idylliques <b>\u00e0 Paphos pour les adultes seulement<\/b>. Dans l&rsquo;ensemble du groupe, les h\u00f4tels Constantinou Bros proposent une gamme d&rsquo;h\u00f4tels adapt\u00e9s \u00e0 votre budget et \u00e0 vos besoins, en fonction de l&rsquo;id\u00e9e que vous vous faites des <b>vacances<\/b> parfaites <b>\u00e0 Paphos pour les adultes seulement<\/b>.<br \/>\nLe Pioneer Beach Hotel est un h\u00f4tel 4 \u00e9toiles offrant un confort superbe dans un emplacement fantastique en bord de mer.<br \/>\nIl dispose de nombreux \u00e9quipements dans une atmosph\u00e8re d\u00e9tendue et amicale, cr\u00e9\u00e9e exclusivement pour les adultes et les couples exigeants qui recherchent des <b>vacances<\/b> sereines et agr\u00e9ables \u00e0 <b>Paphos pour adultes seulement<\/b>. Les diverses installations de loisirs et de sports de l&rsquo;h\u00f4tel Pioneer Beach comprennent une piscine ext\u00e9rieure et int\u00e9rieure, un jacuzzi, un court de tennis et des terrains de boules int\u00e9rieurs et ext\u00e9rieurs. .<\/p>\n","protected":false},"excerpt":{"rendered":"<p>Des vacances sereines \u00e0 Paphos pour les adultes seulement vous attendent. Les h\u00f4tels Constantinou Bros sont r\u00e9put\u00e9s pour avoir d\u00e9velopp\u00e9 le concept de vacances r\u00e9serv\u00e9es aux adultes \u00e0 Paphos. Ce concept comprend des environnements relaxants sans enfants, des journ\u00e9es paisibles au bord de la piscine ou de la plage et un programme de divertissement et<\/p>\n","protected":false},"author":100,"featured_media":5432,"parent":0,"menu_order":0,"comment_status":"closed","ping_status":"closed","template":"","meta":{"_acf_changed":false,"footnotes":""},"class_list":["post-6840","page","type-page","status-publish","has-post-thumbnail","hentry"],"acf":[],"yoast_head":"<!-- This site is optimized with the Yoast SEO plugin v27.5 - https:\/\/yoast.com\/product\/yoast-seo-wordpress\/ -->\n<title>Meilleures vacances \u00e0 Paphos pour les adultes seulement | Constantinou Bros Hotels<\/title>\n<meta name=\"description\" content=\"Si vous cherchez \u00e0 passer les meilleures vacances \u00e0 Paphos pour les adultes seulement, ne cherchez pas plus loin que l&#039;h\u00f4tel 4 \u00e9toiles Pioneer Beach de Constantinou Bros.\" \/>\n<meta name=\"robots\" content=\"index, follow, max-snippet:-1, max-image-preview:large, max-video-preview:-1\" \/>\n<link rel=\"canonical\" href=\"https:\/\/www.pioneer-cbh.com\/fr\/havre-de-paix-en-bord-de-mer-pour-les-adultes\/\" \/>\n<meta property=\"og:locale\" content=\"fr_FR\" \/>\n<meta property=\"og:type\" content=\"article\" \/>\n<meta property=\"og:title\" content=\"Meilleures vacances \u00e0 Paphos pour les adultes seulement | Constantinou Bros Hotels\" \/>\n<meta property=\"og:description\" content=\"Si vous cherchez \u00e0 passer les meilleures vacances \u00e0 Paphos pour les adultes seulement, ne cherchez pas plus loin que l&#039;h\u00f4tel 4 \u00e9toiles Pioneer Beach de Constantinou Bros.\" \/>\n<meta property=\"og:url\" content=\"https:\/\/www.pioneer-cbh.com\/fr\/havre-de-paix-en-bord-de-mer-pour-les-adultes\/\" \/>\n<meta property=\"og:site_name\" content=\"Pioneer Beach Hotel\" \/>\n<meta property=\"article:modified_time\" content=\"2024-09-17T14:44:05+00:00\" \/>\n<meta property=\"og:image\" content=\"https:\/\/www.pioneer-cbh.com\/app\/uploads\/sites\/33\/2022\/01\/6-PIONEER-BEACH-HOTEL-POOL-AND-GARDENS-scaled.jpg\" \/>\n\t<meta property=\"og:image:width\" content=\"2560\" \/>\n\t<meta property=\"og:image:height\" content=\"1704\" \/>\n\t<meta property=\"og:image:type\" content=\"image\/jpeg\" \/>\n<meta name=\"twitter:card\" content=\"summary_large_image\" \/>\n<meta name=\"twitter:label1\" content=\"Dur\u00e9e de lecture estim\u00e9e\" \/>\n\t<meta name=\"twitter:data1\" content=\"2 minutes\" \/>\n<script type=\"application\/ld+json\" class=\"yoast-schema-graph\">{\"@context\":\"https:\\\/\\\/schema.org\",\"@graph\":[{\"@type\":\"WebPage\",\"@id\":\"https:\\\/\\\/www.pioneer-cbh.com\\\/fr\\\/havre-de-paix-en-bord-de-mer-pour-les-adultes\\\/\",\"url\":\"https:\\\/\\\/www.pioneer-cbh.com\\\/fr\\\/havre-de-paix-en-bord-de-mer-pour-les-adultes\\\/\",\"name\":\"Meilleures vacances \u00e0 Paphos pour les adultes seulement | Constantinou Bros Hotels\",\"isPartOf\":{\"@id\":\"https:\\\/\\\/www.pioneer-cbh.com\\\/fr\\\/#website\"},\"primaryImageOfPage\":{\"@id\":\"https:\\\/\\\/www.pioneer-cbh.com\\\/fr\\\/havre-de-paix-en-bord-de-mer-pour-les-adultes\\\/#primaryimage\"},\"image\":{\"@id\":\"https:\\\/\\\/www.pioneer-cbh.com\\\/fr\\\/havre-de-paix-en-bord-de-mer-pour-les-adultes\\\/#primaryimage\"},\"thumbnailUrl\":\"https:\\\/\\\/www.pioneer-cbh.com\\\/app\\\/uploads\\\/sites\\\/33\\\/2022\\\/01\\\/6-PIONEER-BEACH-HOTEL-POOL-AND-GARDENS-scaled.jpg\",\"datePublished\":\"2022-07-04T13:01:48+00:00\",\"dateModified\":\"2024-09-17T14:44:05+00:00\",\"description\":\"Si vous cherchez \u00e0 passer les meilleures vacances \u00e0 Paphos pour les adultes seulement, ne cherchez pas plus loin que l'h\u00f4tel 4 \u00e9toiles Pioneer Beach de Constantinou Bros.\",\"breadcrumb\":{\"@id\":\"https:\\\/\\\/www.pioneer-cbh.com\\\/fr\\\/havre-de-paix-en-bord-de-mer-pour-les-adultes\\\/#breadcrumb\"},\"inLanguage\":\"fr-FR\",\"potentialAction\":[{\"@type\":\"ReadAction\",\"target\":[\"https:\\\/\\\/www.pioneer-cbh.com\\\/fr\\\/havre-de-paix-en-bord-de-mer-pour-les-adultes\\\/\"]}]},{\"@type\":\"ImageObject\",\"inLanguage\":\"fr-FR\",\"@id\":\"https:\\\/\\\/www.pioneer-cbh.com\\\/fr\\\/havre-de-paix-en-bord-de-mer-pour-les-adultes\\\/#primaryimage\",\"url\":\"https:\\\/\\\/www.pioneer-cbh.com\\\/app\\\/uploads\\\/sites\\\/33\\\/2022\\\/01\\\/6-PIONEER-BEACH-HOTEL-POOL-AND-GARDENS-scaled.jpg\",\"contentUrl\":\"https:\\\/\\\/www.pioneer-cbh.com\\\/app\\\/uploads\\\/sites\\\/33\\\/2022\\\/01\\\/6-PIONEER-BEACH-HOTEL-POOL-AND-GARDENS-scaled.jpg\",\"width\":2560,\"height\":1704,\"caption\":\"Couple enjoying themselves on the lawn during their holiday in Paphos for adults only at Pioneer Beach Hotel with the sea in the background.\"},{\"@type\":\"BreadcrumbList\",\"@id\":\"https:\\\/\\\/www.pioneer-cbh.com\\\/fr\\\/havre-de-paix-en-bord-de-mer-pour-les-adultes\\\/#breadcrumb\",\"itemListElement\":[{\"@type\":\"ListItem\",\"position\":1,\"name\":\"Home\",\"item\":\"https:\\\/\\\/www.pioneer-cbh.com\\\/fr\\\/\"},{\"@type\":\"ListItem\",\"position\":2,\"name\":\"Havre de paix en bord de mer pour les adultes\"}]},{\"@type\":\"WebSite\",\"@id\":\"https:\\\/\\\/www.pioneer-cbh.com\\\/fr\\\/#website\",\"url\":\"https:\\\/\\\/www.pioneer-cbh.com\\\/fr\\\/\",\"name\":\"Pioneer Beach Hotel\",\"description\":\"Constantinou Bros Pioneer Beach Hotel, 4 star hotel in Paphos Cyprus\",\"potentialAction\":[{\"@type\":\"SearchAction\",\"target\":{\"@type\":\"EntryPoint\",\"urlTemplate\":\"https:\\\/\\\/www.pioneer-cbh.com\\\/fr\\\/?s={search_term_string}\"},\"query-input\":{\"@type\":\"PropertyValueSpecification\",\"valueRequired\":true,\"valueName\":\"search_term_string\"}}],\"inLanguage\":\"fr-FR\"}]}<\/script>\n<!-- \/ Yoast SEO plugin. -->","yoast_head_json":{"title":"Meilleures vacances \u00e0 Paphos pour les adultes seulement | Constantinou Bros Hotels","description":"Si vous cherchez \u00e0 passer les meilleures vacances \u00e0 Paphos pour les adultes seulement, ne cherchez pas plus loin que l'h\u00f4tel 4 \u00e9toiles Pioneer Beach de Constantinou Bros.","robots":{"index":"index","follow":"follow","max-snippet":"max-snippet:-1","max-image-preview":"max-image-preview:large","max-video-preview":"max-video-preview:-1"},"canonical":"https:\/\/www.pioneer-cbh.com\/fr\/havre-de-paix-en-bord-de-mer-pour-les-adultes\/","og_locale":"fr_FR","og_type":"article","og_title":"Meilleures vacances \u00e0 Paphos pour les adultes seulement | Constantinou Bros Hotels","og_description":"Si vous cherchez \u00e0 passer les meilleures vacances \u00e0 Paphos pour les adultes seulement, ne cherchez pas plus loin que l'h\u00f4tel 4 \u00e9toiles Pioneer Beach de Constantinou Bros.","og_url":"https:\/\/www.pioneer-cbh.com\/fr\/havre-de-paix-en-bord-de-mer-pour-les-adultes\/","og_site_name":"Pioneer Beach Hotel","article_modified_time":"2024-09-17T14:44:05+00:00","og_image":[{"width":2560,"height":1704,"url":"https:\/\/www.pioneer-cbh.com\/app\/uploads\/sites\/33\/2022\/01\/6-PIONEER-BEACH-HOTEL-POOL-AND-GARDENS-scaled.jpg","type":"image\/jpeg"}],"twitter_card":"summary_large_image","twitter_misc":{"Dur\u00e9e de lecture estim\u00e9e":"2 minutes"},"schema":{"@context":"https:\/\/schema.org","@graph":[{"@type":"WebPage","@id":"https:\/\/www.pioneer-cbh.com\/fr\/havre-de-paix-en-bord-de-mer-pour-les-adultes\/","url":"https:\/\/www.pioneer-cbh.com\/fr\/havre-de-paix-en-bord-de-mer-pour-les-adultes\/","name":"Meilleures vacances \u00e0 Paphos pour les adultes seulement | Constantinou Bros Hotels","isPartOf":{"@id":"https:\/\/www.pioneer-cbh.com\/fr\/#website"},"primaryImageOfPage":{"@id":"https:\/\/www.pioneer-cbh.com\/fr\/havre-de-paix-en-bord-de-mer-pour-les-adultes\/#primaryimage"},"image":{"@id":"https:\/\/www.pioneer-cbh.com\/fr\/havre-de-paix-en-bord-de-mer-pour-les-adultes\/#primaryimage"},"thumbnailUrl":"https:\/\/www.pioneer-cbh.com\/app\/uploads\/sites\/33\/2022\/01\/6-PIONEER-BEACH-HOTEL-POOL-AND-GARDENS-scaled.jpg","datePublished":"2022-07-04T13:01:48+00:00","dateModified":"2024-09-17T14:44:05+00:00","description":"Si vous cherchez \u00e0 passer les meilleures vacances \u00e0 Paphos pour les adultes seulement, ne cherchez pas plus loin que l'h\u00f4tel 4 \u00e9toiles Pioneer Beach de Constantinou Bros.","breadcrumb":{"@id":"https:\/\/www.pioneer-cbh.com\/fr\/havre-de-paix-en-bord-de-mer-pour-les-adultes\/#breadcrumb"},"inLanguage":"fr-FR","potentialAction":[{"@type":"ReadAction","target":["https:\/\/www.pioneer-cbh.com\/fr\/havre-de-paix-en-bord-de-mer-pour-les-adultes\/"]}]},{"@type":"ImageObject","inLanguage":"fr-FR","@id":"https:\/\/www.pioneer-cbh.com\/fr\/havre-de-paix-en-bord-de-mer-pour-les-adultes\/#primaryimage","url":"https:\/\/www.pioneer-cbh.com\/app\/uploads\/sites\/33\/2022\/01\/6-PIONEER-BEACH-HOTEL-POOL-AND-GARDENS-scaled.jpg","contentUrl":"https:\/\/www.pioneer-cbh.com\/app\/uploads\/sites\/33\/2022\/01\/6-PIONEER-BEACH-HOTEL-POOL-AND-GARDENS-scaled.jpg","width":2560,"height":1704,"caption":"Couple enjoying themselves on the lawn during their holiday in Paphos for adults only at Pioneer Beach Hotel with the sea in the background."},{"@type":"BreadcrumbList","@id":"https:\/\/www.pioneer-cbh.com\/fr\/havre-de-paix-en-bord-de-mer-pour-les-adultes\/#breadcrumb","itemListElement":[{"@type":"ListItem","position":1,"name":"Home","item":"https:\/\/www.pioneer-cbh.com\/fr\/"},{"@type":"ListItem","position":2,"name":"Havre de paix en bord de mer pour les adultes"}]},{"@type":"WebSite","@id":"https:\/\/www.pioneer-cbh.com\/fr\/#website","url":"https:\/\/www.pioneer-cbh.com\/fr\/","name":"Pioneer Beach Hotel","description":"Constantinou Bros Pioneer Beach Hotel, 4 star hotel in Paphos Cyprus","potentialAction":[{"@type":"SearchAction","target":{"@type":"EntryPoint","urlTemplate":"https:\/\/www.pioneer-cbh.com\/fr\/?s={search_term_string}"},"query-input":{"@type":"PropertyValueSpecification","valueRequired":true,"valueName":"search_term_string"}}],"inLanguage":"fr-FR"}]}},"_links":{"self":[{"href":"https:\/\/www.pioneer-cbh.com\/fr\/wp-json\/wp\/v2\/pages\/6840","targetHints":{"allow":["GET"]}}],"collection":[{"href":"https:\/\/www.pioneer-cbh.com\/fr\/wp-json\/wp\/v2\/pages"}],"about":[{"href":"https:\/\/www.pioneer-cbh.com\/fr\/wp-json\/wp\/v2\/types\/page"}],"author":[{"embeddable":true,"href":"https:\/\/www.pioneer-cbh.com\/fr\/wp-json\/wp\/v2\/users\/100"}],"replies":[{"embeddable":true,"href":"https:\/\/www.pioneer-cbh.com\/fr\/wp-json\/wp\/v2\/comments?post=6840"}],"version-history":[{"count":10,"href":"https:\/\/www.pioneer-cbh.com\/fr\/wp-json\/wp\/v2\/pages\/6840\/revisions"}],"predecessor-version":[{"id":12398,"href":"https:\/\/www.pioneer-cbh.com\/fr\/wp-json\/wp\/v2\/pages\/6840\/revisions\/12398"}],"wp:featuredmedia":[{"embeddable":true,"href":"https:\/\/www.pioneer-cbh.com\/fr\/wp-json\/wp\/v2\/media\/5432"}],"wp:attachment":[{"href":"https:\/\/www.pioneer-cbh.com\/fr\/wp-json\/wp\/v2\/media?parent=6840"}],"curies":[{"name":"wp","href":"https:\/\/api.w.org\/{rel}","templated":true}]}}