{"id":5570,"date":"2022-03-21T17:13:05","date_gmt":"2022-03-21T14:13:05","guid":{"rendered":"https:\/\/www.pioneer-cbh.com\/dining\/dining-options\/"},"modified":"2025-03-10T16:35:09","modified_gmt":"2025-03-10T13:35:09","slug":"dining-options","status":"publish","type":"page","link":"https:\/\/www.pioneer-cbh.com\/fr\/dining\/dining-options\/","title":{"rendered":"Options de restauration"},"content":{"rendered":"<div class=\"content\"><\/div>\n<h4><b>Demi-pension<\/b><strong>\/Options de demi-pension et de pension compl\u00e8te <\/strong><\/h4>\n<ul>\n<li>Un forfait repas flexible est disponible au minimum 4 jours par semaine.<\/li>\n<li>D\u00e9jeuner : disponible au restaurant italien Regina (buffet\/\u00e0 la carte) et au restaurant m\u00e9diterran\u00e9en Thalassa (repas l\u00e9gers).<\/li>\n<li>D\u00eener : Un choix entre le restaurant Odysseas (buffet), le restaurant Christiana Culinarium (\u00e0 la carte\/table d&rsquo;h\u00f4te), le restaurant italien Regina (cuisine italienne) et le restaurant m\u00e9diterran\u00e9en Thalassa (\u00e0 la carte).<\/li>\n<\/ul>\n<h4><\/h4>\n<h4>Forfait Premium (option Ultra Tout Compris)<\/h4>\n<ul>\n<li>Profitez de notre formule Premium (option Ultra All-Inclusive) pour les chambres classiques, sup\u00e9rieures et les suites.<\/li>\n<li>L&rsquo;option Ultra All Inclusive comprend la pension compl\u00e8te (petit-d\u00e9jeuner, d\u00e9jeuner et d\u00eener) ainsi que des collations, des glaces, de l&rsquo;eau, des boissons alcoolis\u00e9es et non alcoolis\u00e9es, des boissons chaudes et froides tout au long de la journ\u00e9e.<\/li>\n<\/ul>\n<p>Pour en savoir plus sur le paquet Premium, veuillez <a href=\"https:\/\/www.pioneer-cbh.com\/app\/uploads\/sites\/33\/2023\/05\/PIONEER-BEACH-HOTEL-PREMIUM-PACKAGE-AI-OPTION-ENG.pdf\">cliquez ici<\/a><\/p>\n<h4><strong>Service de chambre<\/strong><\/h4>\n<ul>\n<li>Une d\u00e9licieuse vari\u00e9t\u00e9 de plats et de boissons est propos\u00e9e dans le menu du service d&rsquo;\u00e9tage disponible 24h\/24.<\/li>\n<\/ul>\n","protected":false},"excerpt":{"rendered":"<p>Demi-pension\/Options de demi-pension et de pension compl\u00e8te Un forfait repas flexible est disponible au minimum 4 jours par semaine. D\u00e9jeuner : disponible au restaurant italien Regina (buffet\/\u00e0 la carte) et au restaurant m\u00e9diterran\u00e9en Thalassa (repas l\u00e9gers). D\u00eener : Un choix entre le restaurant Odysseas (buffet), le restaurant Christiana Culinarium (\u00e0 la carte\/table d&rsquo;h\u00f4te), le restaurant<\/p>\n","protected":false},"author":12,"featured_media":5521,"parent":5567,"menu_order":0,"comment_status":"closed","ping_status":"closed","template":"","meta":{"_acf_changed":false,"footnotes":""},"class_list":["post-5570","page","type-page","status-publish","has-post-thumbnail","hentry"],"acf":[],"yoast_head":"<!-- This site is optimized with the Yoast SEO plugin v27.5 - https:\/\/yoast.com\/product\/yoast-seo-wordpress\/ -->\n<title>Pioneer Beach h\u00f4tel Paphos options de restauration || Pioneer Beach<\/title>\n<meta name=\"description\" content=\"D\u00e9couvrez toutes les options de restauration du Pioneer Beach Hotel Paphos pour les repas flexibles, le d\u00e9jeuner, le d\u00eener, le service en chambre et la formule tout compris Premium.\" \/>\n<meta name=\"robots\" content=\"index, follow, max-snippet:-1, max-image-preview:large, max-video-preview:-1\" \/>\n<link rel=\"canonical\" href=\"https:\/\/www.pioneer-cbh.com\/fr\/dining\/dining-options\/\" \/>\n<meta property=\"og:locale\" content=\"fr_FR\" \/>\n<meta property=\"og:type\" content=\"article\" \/>\n<meta property=\"og:title\" content=\"Pioneer Beach h\u00f4tel Paphos options de restauration || Pioneer Beach\" \/>\n<meta property=\"og:description\" content=\"D\u00e9couvrez toutes les options de restauration du Pioneer Beach Hotel Paphos pour les repas flexibles, le d\u00e9jeuner, le d\u00eener, le service en chambre et la formule tout compris Premium.\" \/>\n<meta property=\"og:url\" content=\"https:\/\/www.pioneer-cbh.com\/fr\/dining\/dining-options\/\" \/>\n<meta property=\"og:site_name\" content=\"Pioneer Beach Hotel\" \/>\n<meta property=\"article:modified_time\" content=\"2025-03-10T13:35:09+00:00\" \/>\n<meta property=\"og:image\" content=\"https:\/\/www.pioneer-cbh.com\/app\/uploads\/sites\/33\/2020\/09\/13-PIONEER-BEACH-HOTEL-THALASSA-MEDITERRANEAN-RESTAURANT.jpg\" \/>\n\t<meta property=\"og:image:width\" content=\"1200\" \/>\n\t<meta property=\"og:image:height\" content=\"843\" \/>\n\t<meta property=\"og:image:type\" content=\"image\/jpeg\" \/>\n<meta name=\"twitter:card\" content=\"summary_large_image\" \/>\n<meta name=\"twitter:label1\" content=\"Dur\u00e9e de lecture estim\u00e9e\" \/>\n\t<meta name=\"twitter:data1\" content=\"1 minute\" \/>\n<script type=\"application\/ld+json\" class=\"yoast-schema-graph\">{\"@context\":\"https:\\\/\\\/schema.org\",\"@graph\":[{\"@type\":\"WebPage\",\"@id\":\"https:\\\/\\\/www.pioneer-cbh.com\\\/fr\\\/dining\\\/dining-options\\\/\",\"url\":\"https:\\\/\\\/www.pioneer-cbh.com\\\/fr\\\/dining\\\/dining-options\\\/\",\"name\":\"Pioneer Beach h\u00f4tel Paphos options de restauration || Pioneer Beach\",\"isPartOf\":{\"@id\":\"https:\\\/\\\/www.pioneer-cbh.com\\\/fr\\\/#website\"},\"primaryImageOfPage\":{\"@id\":\"https:\\\/\\\/www.pioneer-cbh.com\\\/fr\\\/dining\\\/dining-options\\\/#primaryimage\"},\"image\":{\"@id\":\"https:\\\/\\\/www.pioneer-cbh.com\\\/fr\\\/dining\\\/dining-options\\\/#primaryimage\"},\"thumbnailUrl\":\"https:\\\/\\\/www.pioneer-cbh.com\\\/app\\\/uploads\\\/sites\\\/33\\\/2020\\\/09\\\/13-PIONEER-BEACH-HOTEL-THALASSA-MEDITERRANEAN-RESTAURANT.jpg\",\"datePublished\":\"2022-03-21T14:13:05+00:00\",\"dateModified\":\"2025-03-10T13:35:09+00:00\",\"description\":\"D\u00e9couvrez toutes les options de restauration du Pioneer Beach Hotel Paphos pour les repas flexibles, le d\u00e9jeuner, le d\u00eener, le service en chambre et la formule tout compris Premium.\",\"breadcrumb\":{\"@id\":\"https:\\\/\\\/www.pioneer-cbh.com\\\/fr\\\/dining\\\/dining-options\\\/#breadcrumb\"},\"inLanguage\":\"fr-FR\",\"potentialAction\":[{\"@type\":\"ReadAction\",\"target\":[\"https:\\\/\\\/www.pioneer-cbh.com\\\/fr\\\/dining\\\/dining-options\\\/\"]}]},{\"@type\":\"ImageObject\",\"inLanguage\":\"fr-FR\",\"@id\":\"https:\\\/\\\/www.pioneer-cbh.com\\\/fr\\\/dining\\\/dining-options\\\/#primaryimage\",\"url\":\"https:\\\/\\\/www.pioneer-cbh.com\\\/app\\\/uploads\\\/sites\\\/33\\\/2020\\\/09\\\/13-PIONEER-BEACH-HOTEL-THALASSA-MEDITERRANEAN-RESTAURANT.jpg\",\"contentUrl\":\"https:\\\/\\\/www.pioneer-cbh.com\\\/app\\\/uploads\\\/sites\\\/33\\\/2020\\\/09\\\/13-PIONEER-BEACH-HOTEL-THALASSA-MEDITERRANEAN-RESTAURANT.jpg\",\"width\":1200,\"height\":843},{\"@type\":\"BreadcrumbList\",\"@id\":\"https:\\\/\\\/www.pioneer-cbh.com\\\/fr\\\/dining\\\/dining-options\\\/#breadcrumb\",\"itemListElement\":[{\"@type\":\"ListItem\",\"position\":1,\"name\":\"Home\",\"item\":\"https:\\\/\\\/www.pioneer-cbh.com\\\/fr\\\/\"},{\"@type\":\"ListItem\",\"position\":2,\"name\":\"Salle \u00e0 manger\",\"item\":\"https:\\\/\\\/www.pioneer-cbh.com\\\/fr\\\/dining\\\/\"},{\"@type\":\"ListItem\",\"position\":3,\"name\":\"Options de restauration\"}]},{\"@type\":\"WebSite\",\"@id\":\"https:\\\/\\\/www.pioneer-cbh.com\\\/fr\\\/#website\",\"url\":\"https:\\\/\\\/www.pioneer-cbh.com\\\/fr\\\/\",\"name\":\"Pioneer Beach Hotel\",\"description\":\"Constantinou Bros Pioneer Beach Hotel, 4 star hotel in Paphos Cyprus\",\"potentialAction\":[{\"@type\":\"SearchAction\",\"target\":{\"@type\":\"EntryPoint\",\"urlTemplate\":\"https:\\\/\\\/www.pioneer-cbh.com\\\/fr\\\/?s={search_term_string}\"},\"query-input\":{\"@type\":\"PropertyValueSpecification\",\"valueRequired\":true,\"valueName\":\"search_term_string\"}}],\"inLanguage\":\"fr-FR\"}]}<\/script>\n<!-- \/ Yoast SEO plugin. -->","yoast_head_json":{"title":"Pioneer Beach h\u00f4tel Paphos options de restauration || Pioneer Beach","description":"D\u00e9couvrez toutes les options de restauration du Pioneer Beach Hotel Paphos pour les repas flexibles, le d\u00e9jeuner, le d\u00eener, le service en chambre et la formule tout compris Premium.","robots":{"index":"index","follow":"follow","max-snippet":"max-snippet:-1","max-image-preview":"max-image-preview:large","max-video-preview":"max-video-preview:-1"},"canonical":"https:\/\/www.pioneer-cbh.com\/fr\/dining\/dining-options\/","og_locale":"fr_FR","og_type":"article","og_title":"Pioneer Beach h\u00f4tel Paphos options de restauration || Pioneer Beach","og_description":"D\u00e9couvrez toutes les options de restauration du Pioneer Beach Hotel Paphos pour les repas flexibles, le d\u00e9jeuner, le d\u00eener, le service en chambre et la formule tout compris Premium.","og_url":"https:\/\/www.pioneer-cbh.com\/fr\/dining\/dining-options\/","og_site_name":"Pioneer Beach Hotel","article_modified_time":"2025-03-10T13:35:09+00:00","og_image":[{"width":1200,"height":843,"url":"https:\/\/www.pioneer-cbh.com\/app\/uploads\/sites\/33\/2020\/09\/13-PIONEER-BEACH-HOTEL-THALASSA-MEDITERRANEAN-RESTAURANT.jpg","type":"image\/jpeg"}],"twitter_card":"summary_large_image","twitter_misc":{"Dur\u00e9e de lecture estim\u00e9e":"1 minute"},"schema":{"@context":"https:\/\/schema.org","@graph":[{"@type":"WebPage","@id":"https:\/\/www.pioneer-cbh.com\/fr\/dining\/dining-options\/","url":"https:\/\/www.pioneer-cbh.com\/fr\/dining\/dining-options\/","name":"Pioneer Beach h\u00f4tel Paphos options de restauration || Pioneer Beach","isPartOf":{"@id":"https:\/\/www.pioneer-cbh.com\/fr\/#website"},"primaryImageOfPage":{"@id":"https:\/\/www.pioneer-cbh.com\/fr\/dining\/dining-options\/#primaryimage"},"image":{"@id":"https:\/\/www.pioneer-cbh.com\/fr\/dining\/dining-options\/#primaryimage"},"thumbnailUrl":"https:\/\/www.pioneer-cbh.com\/app\/uploads\/sites\/33\/2020\/09\/13-PIONEER-BEACH-HOTEL-THALASSA-MEDITERRANEAN-RESTAURANT.jpg","datePublished":"2022-03-21T14:13:05+00:00","dateModified":"2025-03-10T13:35:09+00:00","description":"D\u00e9couvrez toutes les options de restauration du Pioneer Beach Hotel Paphos pour les repas flexibles, le d\u00e9jeuner, le d\u00eener, le service en chambre et la formule tout compris Premium.","breadcrumb":{"@id":"https:\/\/www.pioneer-cbh.com\/fr\/dining\/dining-options\/#breadcrumb"},"inLanguage":"fr-FR","potentialAction":[{"@type":"ReadAction","target":["https:\/\/www.pioneer-cbh.com\/fr\/dining\/dining-options\/"]}]},{"@type":"ImageObject","inLanguage":"fr-FR","@id":"https:\/\/www.pioneer-cbh.com\/fr\/dining\/dining-options\/#primaryimage","url":"https:\/\/www.pioneer-cbh.com\/app\/uploads\/sites\/33\/2020\/09\/13-PIONEER-BEACH-HOTEL-THALASSA-MEDITERRANEAN-RESTAURANT.jpg","contentUrl":"https:\/\/www.pioneer-cbh.com\/app\/uploads\/sites\/33\/2020\/09\/13-PIONEER-BEACH-HOTEL-THALASSA-MEDITERRANEAN-RESTAURANT.jpg","width":1200,"height":843},{"@type":"BreadcrumbList","@id":"https:\/\/www.pioneer-cbh.com\/fr\/dining\/dining-options\/#breadcrumb","itemListElement":[{"@type":"ListItem","position":1,"name":"Home","item":"https:\/\/www.pioneer-cbh.com\/fr\/"},{"@type":"ListItem","position":2,"name":"Salle \u00e0 manger","item":"https:\/\/www.pioneer-cbh.com\/fr\/dining\/"},{"@type":"ListItem","position":3,"name":"Options de restauration"}]},{"@type":"WebSite","@id":"https:\/\/www.pioneer-cbh.com\/fr\/#website","url":"https:\/\/www.pioneer-cbh.com\/fr\/","name":"Pioneer Beach Hotel","description":"Constantinou Bros Pioneer Beach Hotel, 4 star hotel in Paphos Cyprus","potentialAction":[{"@type":"SearchAction","target":{"@type":"EntryPoint","urlTemplate":"https:\/\/www.pioneer-cbh.com\/fr\/?s={search_term_string}"},"query-input":{"@type":"PropertyValueSpecification","valueRequired":true,"valueName":"search_term_string"}}],"inLanguage":"fr-FR"}]}},"_links":{"self":[{"href":"https:\/\/www.pioneer-cbh.com\/fr\/wp-json\/wp\/v2\/pages\/5570","targetHints":{"allow":["GET"]}}],"collection":[{"href":"https:\/\/www.pioneer-cbh.com\/fr\/wp-json\/wp\/v2\/pages"}],"about":[{"href":"https:\/\/www.pioneer-cbh.com\/fr\/wp-json\/wp\/v2\/types\/page"}],"author":[{"embeddable":true,"href":"https:\/\/www.pioneer-cbh.com\/fr\/wp-json\/wp\/v2\/users\/12"}],"replies":[{"embeddable":true,"href":"https:\/\/www.pioneer-cbh.com\/fr\/wp-json\/wp\/v2\/comments?post=5570"}],"version-history":[{"count":5,"href":"https:\/\/www.pioneer-cbh.com\/fr\/wp-json\/wp\/v2\/pages\/5570\/revisions"}],"predecessor-version":[{"id":12730,"href":"https:\/\/www.pioneer-cbh.com\/fr\/wp-json\/wp\/v2\/pages\/5570\/revisions\/12730"}],"up":[{"embeddable":true,"href":"https:\/\/www.pioneer-cbh.com\/fr\/wp-json\/wp\/v2\/pages\/5567"}],"wp:featuredmedia":[{"embeddable":true,"href":"https:\/\/www.pioneer-cbh.com\/fr\/wp-json\/wp\/v2\/media\/5521"}],"wp:attachment":[{"href":"https:\/\/www.pioneer-cbh.com\/fr\/wp-json\/wp\/v2\/media?parent=5570"}],"curies":[{"name":"wp","href":"https:\/\/api.w.org\/{rel}","templated":true}]}}