{"id":5567,"date":"2022-03-21T17:09:16","date_gmt":"2022-03-21T14:09:16","guid":{"rendered":"https:\/\/www.pioneer-cbh.com\/dining\/"},"modified":"2024-09-18T14:23:50","modified_gmt":"2024-09-18T11:23:50","slug":"dining","status":"publish","type":"page","link":"https:\/\/www.pioneer-cbh.com\/fr\/dining\/","title":{"rendered":"Salle \u00e0 manger"},"content":{"rendered":"<p>Au Pioneer Beach Hotel, nos chefs exp\u00e9riment\u00e9s sont passionn\u00e9s par le service d&rsquo;une nourriture de qualit\u00e9, qu&rsquo;il s&rsquo;agisse d&rsquo;une cuisine locale authentique ou de d\u00e9lices gastronomiques internationaux. Depuis la grande v\u00e9randa donnant sur la M\u00e9diterran\u00e9e, profitez de la beaut\u00e9 inoubliable du coucher de soleil tout en d\u00e9gustant des sp\u00e9cialit\u00e9s all\u00e9chantes.<\/p>\n","protected":false},"excerpt":{"rendered":"<p>Au Pioneer Beach Hotel, nos chefs exp\u00e9riment\u00e9s sont passionn\u00e9s par le service d&rsquo;une nourriture de qualit\u00e9, qu&rsquo;il s&rsquo;agisse d&rsquo;une cuisine locale authentique ou de d\u00e9lices gastronomiques internationaux. Depuis la grande v\u00e9randa donnant sur la M\u00e9diterran\u00e9e, profitez de la beaut\u00e9 inoubliable du coucher de soleil tout en d\u00e9gustant des sp\u00e9cialit\u00e9s all\u00e9chantes.<\/p>\n","protected":false},"author":1,"featured_media":0,"parent":0,"menu_order":0,"comment_status":"closed","ping_status":"closed","template":"page-templates\/simple-list.php","meta":{"_acf_changed":false,"footnotes":""},"class_list":["post-5567","page","type-page","status-publish","hentry"],"acf":[],"yoast_head":"<!-- This site is optimized with the Yoast SEO plugin v27.5 - https:\/\/yoast.com\/product\/yoast-seo-wordpress\/ -->\n<title>Pioneer beach Paphos bars et restaurants || Pioneer Beach Hotel<\/title>\n<meta name=\"description\" content=\"Offrez \u00e0 votre palais de superbes saveurs en go\u00fbtant aux bars et restaurants de la plage de Pioneer \u00e0 Paphos, dans un cadre agr\u00e9able donnant sur la mer M\u00e9diterran\u00e9e.\" \/>\n<meta name=\"robots\" content=\"index, follow, max-snippet:-1, max-image-preview:large, max-video-preview:-1\" \/>\n<link rel=\"canonical\" href=\"https:\/\/www.pioneer-cbh.com\/fr\/dining\/\" \/>\n<meta property=\"og:locale\" content=\"fr_FR\" \/>\n<meta property=\"og:type\" content=\"article\" \/>\n<meta property=\"og:title\" content=\"Pioneer beach Paphos bars et restaurants || Pioneer Beach Hotel\" \/>\n<meta property=\"og:description\" content=\"Offrez \u00e0 votre palais de superbes saveurs en go\u00fbtant aux bars et restaurants de la plage de Pioneer \u00e0 Paphos, dans un cadre agr\u00e9able donnant sur la mer M\u00e9diterran\u00e9e.\" \/>\n<meta property=\"og:url\" content=\"https:\/\/www.pioneer-cbh.com\/fr\/dining\/\" \/>\n<meta property=\"og:site_name\" content=\"Pioneer Beach Hotel\" \/>\n<meta property=\"article:modified_time\" content=\"2024-09-18T11:23:50+00:00\" \/>\n<meta name=\"twitter:card\" content=\"summary_large_image\" \/>\n<meta name=\"twitter:label1\" content=\"Dur\u00e9e de lecture estim\u00e9e\" \/>\n\t<meta name=\"twitter:data1\" content=\"1 minute\" \/>\n<script type=\"application\/ld+json\" class=\"yoast-schema-graph\">{\"@context\":\"https:\\\/\\\/schema.org\",\"@graph\":[{\"@type\":\"WebPage\",\"@id\":\"https:\\\/\\\/www.pioneer-cbh.com\\\/fr\\\/dining\\\/\",\"url\":\"https:\\\/\\\/www.pioneer-cbh.com\\\/fr\\\/dining\\\/\",\"name\":\"Pioneer beach Paphos bars et restaurants || Pioneer Beach Hotel\",\"isPartOf\":{\"@id\":\"https:\\\/\\\/www.pioneer-cbh.com\\\/fr\\\/#website\"},\"datePublished\":\"2022-03-21T14:09:16+00:00\",\"dateModified\":\"2024-09-18T11:23:50+00:00\",\"description\":\"Offrez \u00e0 votre palais de superbes saveurs en go\u00fbtant aux bars et restaurants de la plage de Pioneer \u00e0 Paphos, dans un cadre agr\u00e9able donnant sur la mer M\u00e9diterran\u00e9e.\",\"breadcrumb\":{\"@id\":\"https:\\\/\\\/www.pioneer-cbh.com\\\/fr\\\/dining\\\/#breadcrumb\"},\"inLanguage\":\"fr-FR\",\"potentialAction\":[{\"@type\":\"ReadAction\",\"target\":[\"https:\\\/\\\/www.pioneer-cbh.com\\\/fr\\\/dining\\\/\"]}]},{\"@type\":\"BreadcrumbList\",\"@id\":\"https:\\\/\\\/www.pioneer-cbh.com\\\/fr\\\/dining\\\/#breadcrumb\",\"itemListElement\":[{\"@type\":\"ListItem\",\"position\":1,\"name\":\"Home\",\"item\":\"https:\\\/\\\/www.pioneer-cbh.com\\\/fr\\\/\"},{\"@type\":\"ListItem\",\"position\":2,\"name\":\"Salle \u00e0 manger\"}]},{\"@type\":\"WebSite\",\"@id\":\"https:\\\/\\\/www.pioneer-cbh.com\\\/fr\\\/#website\",\"url\":\"https:\\\/\\\/www.pioneer-cbh.com\\\/fr\\\/\",\"name\":\"Pioneer Beach Hotel\",\"description\":\"Constantinou Bros Pioneer Beach Hotel, 4 star hotel in Paphos Cyprus\",\"potentialAction\":[{\"@type\":\"SearchAction\",\"target\":{\"@type\":\"EntryPoint\",\"urlTemplate\":\"https:\\\/\\\/www.pioneer-cbh.com\\\/fr\\\/?s={search_term_string}\"},\"query-input\":{\"@type\":\"PropertyValueSpecification\",\"valueRequired\":true,\"valueName\":\"search_term_string\"}}],\"inLanguage\":\"fr-FR\"}]}<\/script>\n<!-- \/ Yoast SEO plugin. -->","yoast_head_json":{"title":"Pioneer beach Paphos bars et restaurants || Pioneer Beach Hotel","description":"Offrez \u00e0 votre palais de superbes saveurs en go\u00fbtant aux bars et restaurants de la plage de Pioneer \u00e0 Paphos, dans un cadre agr\u00e9able donnant sur la mer M\u00e9diterran\u00e9e.","robots":{"index":"index","follow":"follow","max-snippet":"max-snippet:-1","max-image-preview":"max-image-preview:large","max-video-preview":"max-video-preview:-1"},"canonical":"https:\/\/www.pioneer-cbh.com\/fr\/dining\/","og_locale":"fr_FR","og_type":"article","og_title":"Pioneer beach Paphos bars et restaurants || Pioneer Beach Hotel","og_description":"Offrez \u00e0 votre palais de superbes saveurs en go\u00fbtant aux bars et restaurants de la plage de Pioneer \u00e0 Paphos, dans un cadre agr\u00e9able donnant sur la mer M\u00e9diterran\u00e9e.","og_url":"https:\/\/www.pioneer-cbh.com\/fr\/dining\/","og_site_name":"Pioneer Beach Hotel","article_modified_time":"2024-09-18T11:23:50+00:00","twitter_card":"summary_large_image","twitter_misc":{"Dur\u00e9e de lecture estim\u00e9e":"1 minute"},"schema":{"@context":"https:\/\/schema.org","@graph":[{"@type":"WebPage","@id":"https:\/\/www.pioneer-cbh.com\/fr\/dining\/","url":"https:\/\/www.pioneer-cbh.com\/fr\/dining\/","name":"Pioneer beach Paphos bars et restaurants || Pioneer Beach Hotel","isPartOf":{"@id":"https:\/\/www.pioneer-cbh.com\/fr\/#website"},"datePublished":"2022-03-21T14:09:16+00:00","dateModified":"2024-09-18T11:23:50+00:00","description":"Offrez \u00e0 votre palais de superbes saveurs en go\u00fbtant aux bars et restaurants de la plage de Pioneer \u00e0 Paphos, dans un cadre agr\u00e9able donnant sur la mer M\u00e9diterran\u00e9e.","breadcrumb":{"@id":"https:\/\/www.pioneer-cbh.com\/fr\/dining\/#breadcrumb"},"inLanguage":"fr-FR","potentialAction":[{"@type":"ReadAction","target":["https:\/\/www.pioneer-cbh.com\/fr\/dining\/"]}]},{"@type":"BreadcrumbList","@id":"https:\/\/www.pioneer-cbh.com\/fr\/dining\/#breadcrumb","itemListElement":[{"@type":"ListItem","position":1,"name":"Home","item":"https:\/\/www.pioneer-cbh.com\/fr\/"},{"@type":"ListItem","position":2,"name":"Salle \u00e0 manger"}]},{"@type":"WebSite","@id":"https:\/\/www.pioneer-cbh.com\/fr\/#website","url":"https:\/\/www.pioneer-cbh.com\/fr\/","name":"Pioneer Beach Hotel","description":"Constantinou Bros Pioneer Beach Hotel, 4 star hotel in Paphos Cyprus","potentialAction":[{"@type":"SearchAction","target":{"@type":"EntryPoint","urlTemplate":"https:\/\/www.pioneer-cbh.com\/fr\/?s={search_term_string}"},"query-input":{"@type":"PropertyValueSpecification","valueRequired":true,"valueName":"search_term_string"}}],"inLanguage":"fr-FR"}]}},"_links":{"self":[{"href":"https:\/\/www.pioneer-cbh.com\/fr\/wp-json\/wp\/v2\/pages\/5567","targetHints":{"allow":["GET"]}}],"collection":[{"href":"https:\/\/www.pioneer-cbh.com\/fr\/wp-json\/wp\/v2\/pages"}],"about":[{"href":"https:\/\/www.pioneer-cbh.com\/fr\/wp-json\/wp\/v2\/types\/page"}],"author":[{"embeddable":true,"href":"https:\/\/www.pioneer-cbh.com\/fr\/wp-json\/wp\/v2\/users\/1"}],"replies":[{"embeddable":true,"href":"https:\/\/www.pioneer-cbh.com\/fr\/wp-json\/wp\/v2\/comments?post=5567"}],"version-history":[{"count":4,"href":"https:\/\/www.pioneer-cbh.com\/fr\/wp-json\/wp\/v2\/pages\/5567\/revisions"}],"predecessor-version":[{"id":12406,"href":"https:\/\/www.pioneer-cbh.com\/fr\/wp-json\/wp\/v2\/pages\/5567\/revisions\/12406"}],"wp:attachment":[{"href":"https:\/\/www.pioneer-cbh.com\/fr\/wp-json\/wp\/v2\/media?parent=5567"}],"curies":[{"name":"wp","href":"https:\/\/api.w.org\/{rel}","templated":true}]}}