{"id":5565,"date":"2022-03-21T17:08:21","date_gmt":"2022-03-21T14:08:21","guid":{"rendered":"https:\/\/www.pioneer-cbh.com\/the-hotel\/"},"modified":"2025-05-09T10:08:17","modified_gmt":"2025-05-09T07:08:17","slug":"the-hotel","status":"publish","type":"page","link":"https:\/\/www.pioneer-cbh.com\/fr\/the-hotel\/","title":{"rendered":"L&rsquo;h\u00f4tel"},"content":{"rendered":"<p>Le Constantinou Bros Pioneer Beach Hotel est un h\u00f4tel quatre \u00e9toiles pour adultes, situ\u00e9 en bord de mer \u00e0 Kato Paphos, \u00e0 proximit\u00e9 des sites touristiques et arch\u00e9ologiques, ainsi que des restaurants, bars et boutiques. Le stationnement dans le parking de l&rsquo;h\u00f4tel est gratuit pour les clients. Cet h\u00f4tel est situ\u00e9 \u00e0 15 km de l&rsquo;a\u00e9roport international de Paphos et \u00e0 140 km de l&rsquo;a\u00e9roport international de Larnaca.<\/p>\n<p>Toutes les chambres disposent de grands balcons avec vue sur la M\u00e9diterran\u00e9e ou sur le paysage serein environnant, de salles de bains luxueuses, de fruits, de vin et d&rsquo;une bouteille d&rsquo;eau min\u00e9rale \u00e0 l&rsquo;arriv\u00e9e. Utilisation gratuite d&rsquo;une cabane priv\u00e9e et de chaises longues pour certains types de chambres.<\/p>\n<p>Les \u00e9quipements des chambres comprennent, entre autres, la climatisation et le chauffage, une t\u00e9l\u00e9vision par satellite LCD \u00e0 \u00e9cran plat et une radio, un r\u00e9frig\u00e9rateur, un mini-bar, un s\u00e8che-cheveux, un p\u00e8se-personne, un miroir de maquillage\/de rasage, des peignoirs et des chaussons, un coffre-fort, du mat\u00e9riel de repassage, une machine \u00e0 expresso ainsi que du th\u00e9 et du caf\u00e9. Les installations sportives et de loisirs comprennent une piscine d&rsquo;eau douce avec jacuzzi, une piscine int\u00e9rieure chauff\u00e9e avec jacuzzi, des installations int\u00e9rieures et ext\u00e9rieures de bowling \u00e0 tapis court et des installations ext\u00e9rieures de Green Bowls, un court de tennis \u00e9clair\u00e9.<\/p>\n<p>L&rsquo;Elixir Spa de l&rsquo;h\u00f4tel comprend une piscine chauff\u00e9e, un sauna, un bain de vapeur, une salle de sport enti\u00e8rement \u00e9quip\u00e9e et un salon de coiffure.<\/p>\n<p>Vous pouvez \u00e9galement choisir parmi un bon choix de massages professionnels ainsi que de soins du corps. Profitez d&rsquo;un repas raffin\u00e9 dans les restaurants de l&rsquo;h\u00f4tel ou m\u00eame d&rsquo;un d\u00eener romantique aux chandelles !<\/p>\n<p>Andrew&rsquo;s Rooftop Bar, situ\u00e9 au 5\u00e8me \u00e9tage, offre un cadre d\u00e9contract\u00e9 pour savourer une boisson rafra\u00eechissante tout en profitant d&rsquo;une vue imprenable sur la mer. C&rsquo;est l&rsquo;endroit id\u00e9al pour se d\u00e9tendre et regarder le soleil se coucher sur la M\u00e9diterran\u00e9e.<\/p>\n","protected":false},"excerpt":{"rendered":"<p>Le Constantinou Bros Pioneer Beach Hotel est un h\u00f4tel quatre \u00e9toiles pour adultes, situ\u00e9 en bord de mer \u00e0 Kato Paphos, \u00e0 proximit\u00e9 des sites touristiques et arch\u00e9ologiques, ainsi que des restaurants, bars et boutiques. Le stationnement dans le parking de l&rsquo;h\u00f4tel est gratuit pour les clients. Cet h\u00f4tel est situ\u00e9 \u00e0 15 km de<\/p>\n","protected":false},"author":1,"featured_media":0,"parent":0,"menu_order":0,"comment_status":"closed","ping_status":"closed","template":"page-templates\/simple-list.php","meta":{"_acf_changed":false,"footnotes":""},"class_list":["post-5565","page","type-page","status-publish","hentry"],"acf":[],"yoast_head":"<!-- This site is optimized with the Yoast SEO plugin v27.5 - https:\/\/yoast.com\/product\/yoast-seo-wordpress\/ -->\n<title>H\u00f4tel r\u00e9serv\u00e9 aux adultes \u00e0 Paphos, Chypre || Pioneer Beach Hotel<\/title>\n<meta name=\"description\" content=\"Le Pioneer Beach by Constantinou Bros est un h\u00f4tel 4 \u00e9toiles r\u00e9serv\u00e9 aux adultes situ\u00e9 \u00e0 Paphos, \u00e0 Chypre. Il s&#039;adresse aux personnes qui recherchent un cadre d\u00e9contract\u00e9 pour des vacances m\u00e9morables en bord de mer.\" \/>\n<meta name=\"robots\" content=\"index, follow, max-snippet:-1, max-image-preview:large, max-video-preview:-1\" \/>\n<link rel=\"canonical\" href=\"https:\/\/www.pioneer-cbh.com\/fr\/the-hotel\/\" \/>\n<meta property=\"og:locale\" content=\"fr_FR\" \/>\n<meta property=\"og:type\" content=\"article\" \/>\n<meta property=\"og:title\" content=\"H\u00f4tel r\u00e9serv\u00e9 aux adultes \u00e0 Paphos, Chypre || Pioneer Beach Hotel\" \/>\n<meta property=\"og:description\" content=\"Le Pioneer Beach by Constantinou Bros est un h\u00f4tel 4 \u00e9toiles r\u00e9serv\u00e9 aux adultes situ\u00e9 \u00e0 Paphos, \u00e0 Chypre. Il s&#039;adresse aux personnes qui recherchent un cadre d\u00e9contract\u00e9 pour des vacances m\u00e9morables en bord de mer.\" \/>\n<meta property=\"og:url\" content=\"https:\/\/www.pioneer-cbh.com\/fr\/the-hotel\/\" \/>\n<meta property=\"og:site_name\" content=\"Pioneer Beach Hotel\" \/>\n<meta property=\"article:modified_time\" content=\"2025-05-09T07:08:17+00:00\" \/>\n<meta name=\"twitter:card\" content=\"summary_large_image\" \/>\n<meta name=\"twitter:label1\" content=\"Dur\u00e9e de lecture estim\u00e9e\" \/>\n\t<meta name=\"twitter:data1\" content=\"2 minutes\" \/>\n<script type=\"application\/ld+json\" class=\"yoast-schema-graph\">{\"@context\":\"https:\\\/\\\/schema.org\",\"@graph\":[{\"@type\":\"WebPage\",\"@id\":\"https:\\\/\\\/www.pioneer-cbh.com\\\/fr\\\/the-hotel\\\/\",\"url\":\"https:\\\/\\\/www.pioneer-cbh.com\\\/fr\\\/the-hotel\\\/\",\"name\":\"H\u00f4tel r\u00e9serv\u00e9 aux adultes \u00e0 Paphos, Chypre || Pioneer Beach Hotel\",\"isPartOf\":{\"@id\":\"https:\\\/\\\/www.pioneer-cbh.com\\\/fr\\\/#website\"},\"datePublished\":\"2022-03-21T14:08:21+00:00\",\"dateModified\":\"2025-05-09T07:08:17+00:00\",\"description\":\"Le Pioneer Beach by Constantinou Bros est un h\u00f4tel 4 \u00e9toiles r\u00e9serv\u00e9 aux adultes situ\u00e9 \u00e0 Paphos, \u00e0 Chypre. Il s'adresse aux personnes qui recherchent un cadre d\u00e9contract\u00e9 pour des vacances m\u00e9morables en bord de mer.\",\"breadcrumb\":{\"@id\":\"https:\\\/\\\/www.pioneer-cbh.com\\\/fr\\\/the-hotel\\\/#breadcrumb\"},\"inLanguage\":\"fr-FR\",\"potentialAction\":[{\"@type\":\"ReadAction\",\"target\":[\"https:\\\/\\\/www.pioneer-cbh.com\\\/fr\\\/the-hotel\\\/\"]}]},{\"@type\":\"BreadcrumbList\",\"@id\":\"https:\\\/\\\/www.pioneer-cbh.com\\\/fr\\\/the-hotel\\\/#breadcrumb\",\"itemListElement\":[{\"@type\":\"ListItem\",\"position\":1,\"name\":\"Home\",\"item\":\"https:\\\/\\\/www.pioneer-cbh.com\\\/fr\\\/\"},{\"@type\":\"ListItem\",\"position\":2,\"name\":\"L&#8217;h\u00f4tel\"}]},{\"@type\":\"WebSite\",\"@id\":\"https:\\\/\\\/www.pioneer-cbh.com\\\/fr\\\/#website\",\"url\":\"https:\\\/\\\/www.pioneer-cbh.com\\\/fr\\\/\",\"name\":\"Pioneer Beach Hotel\",\"description\":\"Constantinou Bros Pioneer Beach Hotel, 4 star hotel in Paphos Cyprus\",\"potentialAction\":[{\"@type\":\"SearchAction\",\"target\":{\"@type\":\"EntryPoint\",\"urlTemplate\":\"https:\\\/\\\/www.pioneer-cbh.com\\\/fr\\\/?s={search_term_string}\"},\"query-input\":{\"@type\":\"PropertyValueSpecification\",\"valueRequired\":true,\"valueName\":\"search_term_string\"}}],\"inLanguage\":\"fr-FR\"}]}<\/script>\n<!-- \/ Yoast SEO plugin. -->","yoast_head_json":{"title":"H\u00f4tel r\u00e9serv\u00e9 aux adultes \u00e0 Paphos, Chypre || Pioneer Beach Hotel","description":"Le Pioneer Beach by Constantinou Bros est un h\u00f4tel 4 \u00e9toiles r\u00e9serv\u00e9 aux adultes situ\u00e9 \u00e0 Paphos, \u00e0 Chypre. Il s'adresse aux personnes qui recherchent un cadre d\u00e9contract\u00e9 pour des vacances m\u00e9morables en bord de mer.","robots":{"index":"index","follow":"follow","max-snippet":"max-snippet:-1","max-image-preview":"max-image-preview:large","max-video-preview":"max-video-preview:-1"},"canonical":"https:\/\/www.pioneer-cbh.com\/fr\/the-hotel\/","og_locale":"fr_FR","og_type":"article","og_title":"H\u00f4tel r\u00e9serv\u00e9 aux adultes \u00e0 Paphos, Chypre || Pioneer Beach Hotel","og_description":"Le Pioneer Beach by Constantinou Bros est un h\u00f4tel 4 \u00e9toiles r\u00e9serv\u00e9 aux adultes situ\u00e9 \u00e0 Paphos, \u00e0 Chypre. Il s'adresse aux personnes qui recherchent un cadre d\u00e9contract\u00e9 pour des vacances m\u00e9morables en bord de mer.","og_url":"https:\/\/www.pioneer-cbh.com\/fr\/the-hotel\/","og_site_name":"Pioneer Beach Hotel","article_modified_time":"2025-05-09T07:08:17+00:00","twitter_card":"summary_large_image","twitter_misc":{"Dur\u00e9e de lecture estim\u00e9e":"2 minutes"},"schema":{"@context":"https:\/\/schema.org","@graph":[{"@type":"WebPage","@id":"https:\/\/www.pioneer-cbh.com\/fr\/the-hotel\/","url":"https:\/\/www.pioneer-cbh.com\/fr\/the-hotel\/","name":"H\u00f4tel r\u00e9serv\u00e9 aux adultes \u00e0 Paphos, Chypre || Pioneer Beach Hotel","isPartOf":{"@id":"https:\/\/www.pioneer-cbh.com\/fr\/#website"},"datePublished":"2022-03-21T14:08:21+00:00","dateModified":"2025-05-09T07:08:17+00:00","description":"Le Pioneer Beach by Constantinou Bros est un h\u00f4tel 4 \u00e9toiles r\u00e9serv\u00e9 aux adultes situ\u00e9 \u00e0 Paphos, \u00e0 Chypre. Il s'adresse aux personnes qui recherchent un cadre d\u00e9contract\u00e9 pour des vacances m\u00e9morables en bord de mer.","breadcrumb":{"@id":"https:\/\/www.pioneer-cbh.com\/fr\/the-hotel\/#breadcrumb"},"inLanguage":"fr-FR","potentialAction":[{"@type":"ReadAction","target":["https:\/\/www.pioneer-cbh.com\/fr\/the-hotel\/"]}]},{"@type":"BreadcrumbList","@id":"https:\/\/www.pioneer-cbh.com\/fr\/the-hotel\/#breadcrumb","itemListElement":[{"@type":"ListItem","position":1,"name":"Home","item":"https:\/\/www.pioneer-cbh.com\/fr\/"},{"@type":"ListItem","position":2,"name":"L&#8217;h\u00f4tel"}]},{"@type":"WebSite","@id":"https:\/\/www.pioneer-cbh.com\/fr\/#website","url":"https:\/\/www.pioneer-cbh.com\/fr\/","name":"Pioneer Beach Hotel","description":"Constantinou Bros Pioneer Beach Hotel, 4 star hotel in Paphos Cyprus","potentialAction":[{"@type":"SearchAction","target":{"@type":"EntryPoint","urlTemplate":"https:\/\/www.pioneer-cbh.com\/fr\/?s={search_term_string}"},"query-input":{"@type":"PropertyValueSpecification","valueRequired":true,"valueName":"search_term_string"}}],"inLanguage":"fr-FR"}]}},"_links":{"self":[{"href":"https:\/\/www.pioneer-cbh.com\/fr\/wp-json\/wp\/v2\/pages\/5565","targetHints":{"allow":["GET"]}}],"collection":[{"href":"https:\/\/www.pioneer-cbh.com\/fr\/wp-json\/wp\/v2\/pages"}],"about":[{"href":"https:\/\/www.pioneer-cbh.com\/fr\/wp-json\/wp\/v2\/types\/page"}],"author":[{"embeddable":true,"href":"https:\/\/www.pioneer-cbh.com\/fr\/wp-json\/wp\/v2\/users\/1"}],"replies":[{"embeddable":true,"href":"https:\/\/www.pioneer-cbh.com\/fr\/wp-json\/wp\/v2\/comments?post=5565"}],"version-history":[{"count":3,"href":"https:\/\/www.pioneer-cbh.com\/fr\/wp-json\/wp\/v2\/pages\/5565\/revisions"}],"predecessor-version":[{"id":12788,"href":"https:\/\/www.pioneer-cbh.com\/fr\/wp-json\/wp\/v2\/pages\/5565\/revisions\/12788"}],"wp:attachment":[{"href":"https:\/\/www.pioneer-cbh.com\/fr\/wp-json\/wp\/v2\/media?parent=5565"}],"curies":[{"name":"wp","href":"https:\/\/api.w.org\/{rel}","templated":true}]}}