{"id":5563,"date":"2022-03-21T17:07:47","date_gmt":"2022-03-21T14:07:47","guid":{"rendered":"https:\/\/www.pioneer-cbh.com\/elixir-spa\/"},"modified":"2024-09-17T18:02:27","modified_gmt":"2024-09-17T15:02:27","slug":"elixir-spa","status":"publish","type":"page","link":"https:\/\/www.pioneer-cbh.com\/fr\/elixir-spa\/","title":{"rendered":"Spa Elixir"},"content":{"rendered":"<p><img loading=\"lazy\" decoding=\"async\" class=\"aligncenter wp-image-1115\" src=\"http:\/\/cbh-athenabeach.cms4.nelios.com\/wp-content\/uploads\/sites\/20\/2019\/08\/elixir-spa-300x300.jpg\" alt=\"\" width=\"250\" height=\"125\" srcset=\"https:\/\/www.pioneer-cbh.com\/app\/uploads\/sites\/33\/2019\/08\/elixir-spa-600x300.jpg 600w, https:\/\/www.pioneer-cbh.com\/app\/uploads\/sites\/33\/2019\/08\/elixir-spa-768x384.jpg 768w, https:\/\/www.pioneer-cbh.com\/app\/uploads\/sites\/33\/2019\/08\/elixir-spa.jpg 1181w\" sizes=\"auto, (max-width: 250px) 100vw, 250px\" \/><\/p>\n<h1 class=\"entry-title title-size font-regular text-center\">Th\u00e9rapies apaisantes \u00e0 l&rsquo;h\u00f4tel spa Pioneer Beach \u00e0 Paphos, Chypre<\/h1>\n<p>&nbsp;<\/p>\n<p style=\"text-align: left;\">Vivez des moments de loisirs et de d\u00e9tente au bord de la mer ou p\u00e9n\u00e9trez dans l&rsquo;environnement paisible du spa Elixir, enti\u00e8rement \u00e9quip\u00e9. Un sens de l&rsquo;\u00e9quilibre et de la tranquillit\u00e9, de la relaxation et de l&rsquo;inspiration, tout est r\u00e9uni \u00e0 l&rsquo;Elixir Spa. Dans l&rsquo;environnement exquis de nos h\u00f4tels, nos clients ont la possibilit\u00e9 de choisir parmi une vaste gamme de soins thermaux. Ressentez le bonheur et la s\u00e9r\u00e9nit\u00e9 dans un sanctuaire o\u00f9 vous pourrez vous d\u00e9tendre, vous relaxer, vous ressourcer et vous rajeunir.<\/p>\n<h3 style=\"text-align: left;\">Installations et commodit\u00e9s<\/h3>\n<ul style=\"text-align: left;\">\n<li>Massages relaxants et th\u00e9rapeutiques<\/li>\n<li>Aromath\u00e9rapie<\/li>\n<li>Massages sportifs<\/li>\n<li>Soins Signature Elixir Spa<\/li>\n<li>Bain de vapeur 1(gratuit selon disponibilit\u00e9)<\/li>\n<li>Sauna (gratuit selon disponibilit\u00e9)<\/li>\n<li>Sauna pour nudistes (Gratuit selon disponibilit\u00e9)<\/li>\n<li>Espace d\u00e9tente<\/li>\n<li>Forfaits pour les couples<\/li>\n<li>Forfaits lune de miel<\/li>\n<li>Forfaits Spa<\/li>\n<li>Salon de coiffure unisexe<\/li>\n<li>Centre de gymnastique avec \u00e9quipement de cardio et de musculation<\/li>\n<li>Activit\u00e9s de bien-\u00eatre<\/li>\n<\/ul>\n<p style=\"text-align: left;\">\n","protected":false},"excerpt":{"rendered":"<p>Th\u00e9rapies apaisantes \u00e0 l&rsquo;h\u00f4tel spa Pioneer Beach \u00e0 Paphos, Chypre &nbsp; Vivez des moments de loisirs et de d\u00e9tente au bord de la mer ou p\u00e9n\u00e9trez dans l&rsquo;environnement paisible du spa Elixir, enti\u00e8rement \u00e9quip\u00e9. Un sens de l&rsquo;\u00e9quilibre et de la tranquillit\u00e9, de la relaxation et de l&rsquo;inspiration, tout est r\u00e9uni \u00e0 l&rsquo;Elixir Spa. Dans<\/p>\n","protected":false},"author":1,"featured_media":0,"parent":0,"menu_order":0,"comment_status":"closed","ping_status":"closed","template":"","meta":{"_acf_changed":false,"footnotes":""},"class_list":["post-5563","page","type-page","status-publish","hentry"],"acf":[],"yoast_head":"<!-- This site is optimized with the Yoast SEO plugin v27.5 - https:\/\/yoast.com\/product\/yoast-seo-wordpress\/ -->\n<title>H\u00f4tel spa de luxe \u00e0 Paphos, Chypre || Pioneer Beach Hotel<\/title>\n<meta name=\"description\" content=\"Le spa Elixir a \u00e9t\u00e9 r\u00e9nov\u00e9 par Constantinou Bros au sein de l&#039;h\u00f4tel spa de luxe de Paphos, \u00e0 Chypre, pour vous offrir un monde de bien-\u00eatre \u00e0 port\u00e9e de main.\" \/>\n<meta name=\"robots\" content=\"index, follow, max-snippet:-1, max-image-preview:large, max-video-preview:-1\" \/>\n<link rel=\"canonical\" href=\"https:\/\/www.pioneer-cbh.com\/fr\/elixir-spa\/\" \/>\n<meta property=\"og:locale\" content=\"fr_FR\" \/>\n<meta property=\"og:type\" content=\"article\" \/>\n<meta property=\"og:title\" content=\"H\u00f4tel spa de luxe \u00e0 Paphos, Chypre || Pioneer Beach Hotel\" \/>\n<meta property=\"og:description\" content=\"Le spa Elixir a \u00e9t\u00e9 r\u00e9nov\u00e9 par Constantinou Bros au sein de l&#039;h\u00f4tel spa de luxe de Paphos, \u00e0 Chypre, pour vous offrir un monde de bien-\u00eatre \u00e0 port\u00e9e de main.\" \/>\n<meta property=\"og:url\" content=\"https:\/\/www.pioneer-cbh.com\/fr\/elixir-spa\/\" \/>\n<meta property=\"og:site_name\" content=\"Pioneer Beach Hotel\" \/>\n<meta property=\"article:modified_time\" content=\"2024-09-17T15:02:27+00:00\" \/>\n<meta property=\"og:image\" content=\"http:\/\/cbh-athenabeach.cms4.nelios.com\/wp-content\/uploads\/sites\/20\/2019\/08\/elixir-spa-300x300.jpg\" \/>\n<meta name=\"twitter:card\" content=\"summary_large_image\" \/>\n<meta name=\"twitter:label1\" content=\"Dur\u00e9e de lecture estim\u00e9e\" \/>\n\t<meta name=\"twitter:data1\" content=\"1 minute\" \/>\n<script type=\"application\/ld+json\" class=\"yoast-schema-graph\">{\"@context\":\"https:\\\/\\\/schema.org\",\"@graph\":[{\"@type\":\"WebPage\",\"@id\":\"https:\\\/\\\/www.pioneer-cbh.com\\\/fr\\\/elixir-spa\\\/\",\"url\":\"https:\\\/\\\/www.pioneer-cbh.com\\\/fr\\\/elixir-spa\\\/\",\"name\":\"H\u00f4tel spa de luxe \u00e0 Paphos, Chypre || Pioneer Beach Hotel\",\"isPartOf\":{\"@id\":\"https:\\\/\\\/www.pioneer-cbh.com\\\/fr\\\/#website\"},\"primaryImageOfPage\":{\"@id\":\"https:\\\/\\\/www.pioneer-cbh.com\\\/fr\\\/elixir-spa\\\/#primaryimage\"},\"image\":{\"@id\":\"https:\\\/\\\/www.pioneer-cbh.com\\\/fr\\\/elixir-spa\\\/#primaryimage\"},\"thumbnailUrl\":\"http:\\\/\\\/cbh-athenabeach.cms4.nelios.com\\\/wp-content\\\/uploads\\\/sites\\\/20\\\/2019\\\/08\\\/elixir-spa-300x300.jpg\",\"datePublished\":\"2022-03-21T14:07:47+00:00\",\"dateModified\":\"2024-09-17T15:02:27+00:00\",\"description\":\"Le spa Elixir a \u00e9t\u00e9 r\u00e9nov\u00e9 par Constantinou Bros au sein de l'h\u00f4tel spa de luxe de Paphos, \u00e0 Chypre, pour vous offrir un monde de bien-\u00eatre \u00e0 port\u00e9e de main.\",\"breadcrumb\":{\"@id\":\"https:\\\/\\\/www.pioneer-cbh.com\\\/fr\\\/elixir-spa\\\/#breadcrumb\"},\"inLanguage\":\"fr-FR\",\"potentialAction\":[{\"@type\":\"ReadAction\",\"target\":[\"https:\\\/\\\/www.pioneer-cbh.com\\\/fr\\\/elixir-spa\\\/\"]}]},{\"@type\":\"ImageObject\",\"inLanguage\":\"fr-FR\",\"@id\":\"https:\\\/\\\/www.pioneer-cbh.com\\\/fr\\\/elixir-spa\\\/#primaryimage\",\"url\":\"http:\\\/\\\/cbh-athenabeach.cms4.nelios.com\\\/wp-content\\\/uploads\\\/sites\\\/20\\\/2019\\\/08\\\/elixir-spa-300x300.jpg\",\"contentUrl\":\"http:\\\/\\\/cbh-athenabeach.cms4.nelios.com\\\/wp-content\\\/uploads\\\/sites\\\/20\\\/2019\\\/08\\\/elixir-spa-300x300.jpg\"},{\"@type\":\"BreadcrumbList\",\"@id\":\"https:\\\/\\\/www.pioneer-cbh.com\\\/fr\\\/elixir-spa\\\/#breadcrumb\",\"itemListElement\":[{\"@type\":\"ListItem\",\"position\":1,\"name\":\"Home\",\"item\":\"https:\\\/\\\/www.pioneer-cbh.com\\\/fr\\\/\"},{\"@type\":\"ListItem\",\"position\":2,\"name\":\"Spa Elixir\"}]},{\"@type\":\"WebSite\",\"@id\":\"https:\\\/\\\/www.pioneer-cbh.com\\\/fr\\\/#website\",\"url\":\"https:\\\/\\\/www.pioneer-cbh.com\\\/fr\\\/\",\"name\":\"Pioneer Beach Hotel\",\"description\":\"Constantinou Bros Pioneer Beach Hotel, 4 star hotel in Paphos Cyprus\",\"potentialAction\":[{\"@type\":\"SearchAction\",\"target\":{\"@type\":\"EntryPoint\",\"urlTemplate\":\"https:\\\/\\\/www.pioneer-cbh.com\\\/fr\\\/?s={search_term_string}\"},\"query-input\":{\"@type\":\"PropertyValueSpecification\",\"valueRequired\":true,\"valueName\":\"search_term_string\"}}],\"inLanguage\":\"fr-FR\"}]}<\/script>\n<!-- \/ Yoast SEO plugin. -->","yoast_head_json":{"title":"H\u00f4tel spa de luxe \u00e0 Paphos, Chypre || Pioneer Beach Hotel","description":"Le spa Elixir a \u00e9t\u00e9 r\u00e9nov\u00e9 par Constantinou Bros au sein de l'h\u00f4tel spa de luxe de Paphos, \u00e0 Chypre, pour vous offrir un monde de bien-\u00eatre \u00e0 port\u00e9e de main.","robots":{"index":"index","follow":"follow","max-snippet":"max-snippet:-1","max-image-preview":"max-image-preview:large","max-video-preview":"max-video-preview:-1"},"canonical":"https:\/\/www.pioneer-cbh.com\/fr\/elixir-spa\/","og_locale":"fr_FR","og_type":"article","og_title":"H\u00f4tel spa de luxe \u00e0 Paphos, Chypre || Pioneer Beach Hotel","og_description":"Le spa Elixir a \u00e9t\u00e9 r\u00e9nov\u00e9 par Constantinou Bros au sein de l'h\u00f4tel spa de luxe de Paphos, \u00e0 Chypre, pour vous offrir un monde de bien-\u00eatre \u00e0 port\u00e9e de main.","og_url":"https:\/\/www.pioneer-cbh.com\/fr\/elixir-spa\/","og_site_name":"Pioneer Beach Hotel","article_modified_time":"2024-09-17T15:02:27+00:00","og_image":[{"url":"http:\/\/cbh-athenabeach.cms4.nelios.com\/wp-content\/uploads\/sites\/20\/2019\/08\/elixir-spa-300x300.jpg","type":"","width":"","height":""}],"twitter_card":"summary_large_image","twitter_misc":{"Dur\u00e9e de lecture estim\u00e9e":"1 minute"},"schema":{"@context":"https:\/\/schema.org","@graph":[{"@type":"WebPage","@id":"https:\/\/www.pioneer-cbh.com\/fr\/elixir-spa\/","url":"https:\/\/www.pioneer-cbh.com\/fr\/elixir-spa\/","name":"H\u00f4tel spa de luxe \u00e0 Paphos, Chypre || Pioneer Beach Hotel","isPartOf":{"@id":"https:\/\/www.pioneer-cbh.com\/fr\/#website"},"primaryImageOfPage":{"@id":"https:\/\/www.pioneer-cbh.com\/fr\/elixir-spa\/#primaryimage"},"image":{"@id":"https:\/\/www.pioneer-cbh.com\/fr\/elixir-spa\/#primaryimage"},"thumbnailUrl":"http:\/\/cbh-athenabeach.cms4.nelios.com\/wp-content\/uploads\/sites\/20\/2019\/08\/elixir-spa-300x300.jpg","datePublished":"2022-03-21T14:07:47+00:00","dateModified":"2024-09-17T15:02:27+00:00","description":"Le spa Elixir a \u00e9t\u00e9 r\u00e9nov\u00e9 par Constantinou Bros au sein de l'h\u00f4tel spa de luxe de Paphos, \u00e0 Chypre, pour vous offrir un monde de bien-\u00eatre \u00e0 port\u00e9e de main.","breadcrumb":{"@id":"https:\/\/www.pioneer-cbh.com\/fr\/elixir-spa\/#breadcrumb"},"inLanguage":"fr-FR","potentialAction":[{"@type":"ReadAction","target":["https:\/\/www.pioneer-cbh.com\/fr\/elixir-spa\/"]}]},{"@type":"ImageObject","inLanguage":"fr-FR","@id":"https:\/\/www.pioneer-cbh.com\/fr\/elixir-spa\/#primaryimage","url":"http:\/\/cbh-athenabeach.cms4.nelios.com\/wp-content\/uploads\/sites\/20\/2019\/08\/elixir-spa-300x300.jpg","contentUrl":"http:\/\/cbh-athenabeach.cms4.nelios.com\/wp-content\/uploads\/sites\/20\/2019\/08\/elixir-spa-300x300.jpg"},{"@type":"BreadcrumbList","@id":"https:\/\/www.pioneer-cbh.com\/fr\/elixir-spa\/#breadcrumb","itemListElement":[{"@type":"ListItem","position":1,"name":"Home","item":"https:\/\/www.pioneer-cbh.com\/fr\/"},{"@type":"ListItem","position":2,"name":"Spa Elixir"}]},{"@type":"WebSite","@id":"https:\/\/www.pioneer-cbh.com\/fr\/#website","url":"https:\/\/www.pioneer-cbh.com\/fr\/","name":"Pioneer Beach Hotel","description":"Constantinou Bros Pioneer Beach Hotel, 4 star hotel in Paphos Cyprus","potentialAction":[{"@type":"SearchAction","target":{"@type":"EntryPoint","urlTemplate":"https:\/\/www.pioneer-cbh.com\/fr\/?s={search_term_string}"},"query-input":{"@type":"PropertyValueSpecification","valueRequired":true,"valueName":"search_term_string"}}],"inLanguage":"fr-FR"}]}},"_links":{"self":[{"href":"https:\/\/www.pioneer-cbh.com\/fr\/wp-json\/wp\/v2\/pages\/5563","targetHints":{"allow":["GET"]}}],"collection":[{"href":"https:\/\/www.pioneer-cbh.com\/fr\/wp-json\/wp\/v2\/pages"}],"about":[{"href":"https:\/\/www.pioneer-cbh.com\/fr\/wp-json\/wp\/v2\/types\/page"}],"author":[{"embeddable":true,"href":"https:\/\/www.pioneer-cbh.com\/fr\/wp-json\/wp\/v2\/users\/1"}],"replies":[{"embeddable":true,"href":"https:\/\/www.pioneer-cbh.com\/fr\/wp-json\/wp\/v2\/comments?post=5563"}],"version-history":[{"count":4,"href":"https:\/\/www.pioneer-cbh.com\/fr\/wp-json\/wp\/v2\/pages\/5563\/revisions"}],"predecessor-version":[{"id":12429,"href":"https:\/\/www.pioneer-cbh.com\/fr\/wp-json\/wp\/v2\/pages\/5563\/revisions\/12429"}],"wp:attachment":[{"href":"https:\/\/www.pioneer-cbh.com\/fr\/wp-json\/wp\/v2\/media?parent=5563"}],"curies":[{"name":"wp","href":"https:\/\/api.w.org\/{rel}","templated":true}]}}