{"id":5562,"date":"2022-03-21T17:07:13","date_gmt":"2022-03-21T14:07:13","guid":{"rendered":"https:\/\/www.pioneer-cbh.com\/contact\/"},"modified":"2024-09-17T17:51:05","modified_gmt":"2024-09-17T14:51:05","slug":"contact","status":"publish","type":"page","link":"https:\/\/www.pioneer-cbh.com\/fr\/contact\/","title":{"rendered":"Contact"},"content":{"rendered":"","protected":false},"excerpt":{"rendered":"","protected":false},"author":1,"featured_media":0,"parent":0,"menu_order":0,"comment_status":"closed","ping_status":"closed","template":"page-templates\/contact.php","meta":{"_acf_changed":false,"footnotes":""},"class_list":["post-5562","page","type-page","status-publish","hentry"],"acf":[],"yoast_head":"<!-- This site is optimized with the Yoast SEO plugin v27.5 - https:\/\/yoast.com\/product\/yoast-seo-wordpress\/ -->\n<title>Pioneer Beach hotel Paphos contact details || Pioneer Beach<\/title>\n<meta name=\"description\" content=\"N&#039;h\u00e9sitez pas \u00e0 nous contacter pour toute question avant votre s\u00e9jour en utilisant les coordonn\u00e9es de l&#039;h\u00f4tel Pioneer Beach \u00e0 Paphos que vous trouverez ici.\" \/>\n<meta name=\"robots\" content=\"index, follow, max-snippet:-1, max-image-preview:large, max-video-preview:-1\" \/>\n<link rel=\"canonical\" href=\"https:\/\/www.pioneer-cbh.com\/fr\/contact\/\" \/>\n<meta property=\"og:locale\" content=\"fr_FR\" \/>\n<meta property=\"og:type\" content=\"article\" \/>\n<meta property=\"og:title\" content=\"Pioneer Beach hotel Paphos contact details || Pioneer Beach\" \/>\n<meta property=\"og:description\" content=\"N&#039;h\u00e9sitez pas \u00e0 nous contacter pour toute question avant votre s\u00e9jour en utilisant les coordonn\u00e9es de l&#039;h\u00f4tel Pioneer Beach \u00e0 Paphos que vous trouverez ici.\" \/>\n<meta property=\"og:url\" content=\"https:\/\/www.pioneer-cbh.com\/fr\/contact\/\" \/>\n<meta property=\"og:site_name\" content=\"Pioneer Beach Hotel\" \/>\n<meta property=\"article:modified_time\" content=\"2024-09-17T14:51:05+00:00\" \/>\n<meta name=\"twitter:card\" content=\"summary_large_image\" \/>\n<script type=\"application\/ld+json\" class=\"yoast-schema-graph\">{\"@context\":\"https:\\\/\\\/schema.org\",\"@graph\":[{\"@type\":\"WebPage\",\"@id\":\"https:\\\/\\\/www.pioneer-cbh.com\\\/fr\\\/contact\\\/\",\"url\":\"https:\\\/\\\/www.pioneer-cbh.com\\\/fr\\\/contact\\\/\",\"name\":\"Pioneer Beach hotel Paphos contact details || Pioneer Beach\",\"isPartOf\":{\"@id\":\"https:\\\/\\\/www.pioneer-cbh.com\\\/fr\\\/#website\"},\"datePublished\":\"2022-03-21T14:07:13+00:00\",\"dateModified\":\"2024-09-17T14:51:05+00:00\",\"description\":\"N'h\u00e9sitez pas \u00e0 nous contacter pour toute question avant votre s\u00e9jour en utilisant les coordonn\u00e9es de l'h\u00f4tel Pioneer Beach \u00e0 Paphos que vous trouverez ici.\",\"breadcrumb\":{\"@id\":\"https:\\\/\\\/www.pioneer-cbh.com\\\/fr\\\/contact\\\/#breadcrumb\"},\"inLanguage\":\"fr-FR\",\"potentialAction\":[{\"@type\":\"ReadAction\",\"target\":[\"https:\\\/\\\/www.pioneer-cbh.com\\\/fr\\\/contact\\\/\"]}]},{\"@type\":\"BreadcrumbList\",\"@id\":\"https:\\\/\\\/www.pioneer-cbh.com\\\/fr\\\/contact\\\/#breadcrumb\",\"itemListElement\":[{\"@type\":\"ListItem\",\"position\":1,\"name\":\"Home\",\"item\":\"https:\\\/\\\/www.pioneer-cbh.com\\\/fr\\\/\"},{\"@type\":\"ListItem\",\"position\":2,\"name\":\"Contact\"}]},{\"@type\":\"WebSite\",\"@id\":\"https:\\\/\\\/www.pioneer-cbh.com\\\/fr\\\/#website\",\"url\":\"https:\\\/\\\/www.pioneer-cbh.com\\\/fr\\\/\",\"name\":\"Pioneer Beach Hotel\",\"description\":\"Constantinou Bros Pioneer Beach Hotel, 4 star hotel in Paphos Cyprus\",\"potentialAction\":[{\"@type\":\"SearchAction\",\"target\":{\"@type\":\"EntryPoint\",\"urlTemplate\":\"https:\\\/\\\/www.pioneer-cbh.com\\\/fr\\\/?s={search_term_string}\"},\"query-input\":{\"@type\":\"PropertyValueSpecification\",\"valueRequired\":true,\"valueName\":\"search_term_string\"}}],\"inLanguage\":\"fr-FR\"}]}<\/script>\n<!-- \/ Yoast SEO plugin. -->","yoast_head_json":{"title":"Pioneer Beach hotel Paphos contact details || Pioneer Beach","description":"N'h\u00e9sitez pas \u00e0 nous contacter pour toute question avant votre s\u00e9jour en utilisant les coordonn\u00e9es de l'h\u00f4tel Pioneer Beach \u00e0 Paphos que vous trouverez ici.","robots":{"index":"index","follow":"follow","max-snippet":"max-snippet:-1","max-image-preview":"max-image-preview:large","max-video-preview":"max-video-preview:-1"},"canonical":"https:\/\/www.pioneer-cbh.com\/fr\/contact\/","og_locale":"fr_FR","og_type":"article","og_title":"Pioneer Beach hotel Paphos contact details || Pioneer Beach","og_description":"N'h\u00e9sitez pas \u00e0 nous contacter pour toute question avant votre s\u00e9jour en utilisant les coordonn\u00e9es de l'h\u00f4tel Pioneer Beach \u00e0 Paphos que vous trouverez ici.","og_url":"https:\/\/www.pioneer-cbh.com\/fr\/contact\/","og_site_name":"Pioneer Beach Hotel","article_modified_time":"2024-09-17T14:51:05+00:00","twitter_card":"summary_large_image","schema":{"@context":"https:\/\/schema.org","@graph":[{"@type":"WebPage","@id":"https:\/\/www.pioneer-cbh.com\/fr\/contact\/","url":"https:\/\/www.pioneer-cbh.com\/fr\/contact\/","name":"Pioneer Beach hotel Paphos contact details || Pioneer Beach","isPartOf":{"@id":"https:\/\/www.pioneer-cbh.com\/fr\/#website"},"datePublished":"2022-03-21T14:07:13+00:00","dateModified":"2024-09-17T14:51:05+00:00","description":"N'h\u00e9sitez pas \u00e0 nous contacter pour toute question avant votre s\u00e9jour en utilisant les coordonn\u00e9es de l'h\u00f4tel Pioneer Beach \u00e0 Paphos que vous trouverez ici.","breadcrumb":{"@id":"https:\/\/www.pioneer-cbh.com\/fr\/contact\/#breadcrumb"},"inLanguage":"fr-FR","potentialAction":[{"@type":"ReadAction","target":["https:\/\/www.pioneer-cbh.com\/fr\/contact\/"]}]},{"@type":"BreadcrumbList","@id":"https:\/\/www.pioneer-cbh.com\/fr\/contact\/#breadcrumb","itemListElement":[{"@type":"ListItem","position":1,"name":"Home","item":"https:\/\/www.pioneer-cbh.com\/fr\/"},{"@type":"ListItem","position":2,"name":"Contact"}]},{"@type":"WebSite","@id":"https:\/\/www.pioneer-cbh.com\/fr\/#website","url":"https:\/\/www.pioneer-cbh.com\/fr\/","name":"Pioneer Beach Hotel","description":"Constantinou Bros Pioneer Beach Hotel, 4 star hotel in Paphos Cyprus","potentialAction":[{"@type":"SearchAction","target":{"@type":"EntryPoint","urlTemplate":"https:\/\/www.pioneer-cbh.com\/fr\/?s={search_term_string}"},"query-input":{"@type":"PropertyValueSpecification","valueRequired":true,"valueName":"search_term_string"}}],"inLanguage":"fr-FR"}]}},"_links":{"self":[{"href":"https:\/\/www.pioneer-cbh.com\/fr\/wp-json\/wp\/v2\/pages\/5562","targetHints":{"allow":["GET"]}}],"collection":[{"href":"https:\/\/www.pioneer-cbh.com\/fr\/wp-json\/wp\/v2\/pages"}],"about":[{"href":"https:\/\/www.pioneer-cbh.com\/fr\/wp-json\/wp\/v2\/types\/page"}],"author":[{"embeddable":true,"href":"https:\/\/www.pioneer-cbh.com\/fr\/wp-json\/wp\/v2\/users\/1"}],"replies":[{"embeddable":true,"href":"https:\/\/www.pioneer-cbh.com\/fr\/wp-json\/wp\/v2\/comments?post=5562"}],"version-history":[{"count":1,"href":"https:\/\/www.pioneer-cbh.com\/fr\/wp-json\/wp\/v2\/pages\/5562\/revisions"}],"predecessor-version":[{"id":5647,"href":"https:\/\/www.pioneer-cbh.com\/fr\/wp-json\/wp\/v2\/pages\/5562\/revisions\/5647"}],"wp:attachment":[{"href":"https:\/\/www.pioneer-cbh.com\/fr\/wp-json\/wp\/v2\/media?parent=5562"}],"curies":[{"name":"wp","href":"https:\/\/api.w.org\/{rel}","templated":true}]}}