{"id":5560,"date":"2022-03-21T17:05:47","date_gmt":"2022-03-21T14:05:47","guid":{"rendered":"https:\/\/www.pioneer-cbh.com\/bars\/"},"modified":"2024-09-18T14:54:12","modified_gmt":"2024-09-18T11:54:12","slug":"bars","status":"publish","type":"page","link":"https:\/\/www.pioneer-cbh.com\/fr\/dining\/bars\/","title":{"rendered":"Bars"},"content":{"rendered":"<h4>Bar \u00e0 cocktails Marco Polo<\/h4>\n<p>Spacieux et accueillant, c&rsquo;est un lieu de d\u00e9tente o\u00f9 vous pourrez d\u00e9guster votre boisson \u00e0 l&rsquo;int\u00e9rieur ou \u00e0 l&rsquo;ext\u00e9rieur, en compagnie de musique live la plupart des soirs.<\/p>\n<h4>Bar sportif<\/h4>\n<p>Une toute nouvelle addition aux caract\u00e9ristiques de l&rsquo;h\u00f4tel servant des boissons dans une ambiance confortable. Savourez une pinte ou une autre boisson de votre choix en jouant au billard am\u00e9ricain ou d\u00e9tendez-vous en regardant un bon match de football sur le grand \u00e9cran de t\u00e9l\u00e9vision.<\/p>\n<h4>Andrew&rsquo;s Rooftop Bar (\u00e9t\u00e9)<\/h4>\n<p>Prenez l&rsquo;ascenseur jusqu&rsquo;au dernier \u00e9tage et profitez d&rsquo;une vue imprenable sur la mer depuis le St. Andrew&rsquo;s Rooftop Bar.<br \/>\nAndrew&rsquo;s. Une exp\u00e9rience en hauteur, l&rsquo;endroit id\u00e9al pour se d\u00e9tendre, regarder les couleurs du coucher de soleil tout en savourant des cocktails et des boissons sur fond de musique lounge relaxante.<\/p>\n<h4>Bar de la piscine Captain Cook<\/h4>\n<p>Au bord de la piscine pour \u00e9tancher votre soif avec une boisson rafra\u00eechissante ou une glace (\u00e9t\u00e9). Diverses collations &#8211; Service.<\/p>\n<h4>Poseidonas Bar<\/h4>\n<p>Ouvert \u00e0 la discr\u00e9tion de la direction.<\/p>\n","protected":false},"excerpt":{"rendered":"<p>Bar \u00e0 cocktails Marco Polo Spacieux et accueillant, c&rsquo;est un lieu de d\u00e9tente o\u00f9 vous pourrez d\u00e9guster votre boisson \u00e0 l&rsquo;int\u00e9rieur ou \u00e0 l&rsquo;ext\u00e9rieur, en compagnie de musique live la plupart des soirs. Bar sportif Une toute nouvelle addition aux caract\u00e9ristiques de l&rsquo;h\u00f4tel servant des boissons dans une ambiance confortable. Savourez une pinte ou une<\/p>\n","protected":false},"author":12,"featured_media":5558,"parent":5567,"menu_order":0,"comment_status":"closed","ping_status":"closed","template":"","meta":{"_acf_changed":false,"footnotes":""},"class_list":["post-5560","page","type-page","status-publish","has-post-thumbnail","hentry"],"acf":[],"yoast_head":"<!-- This site is optimized with the Yoast SEO plugin v27.5 - https:\/\/yoast.com\/product\/yoast-seo-wordpress\/ -->\n<title>Boissons raffin\u00e9es au Pioneer Beach Hotel Paphos bars || Pioneer Beach<\/title>\n<meta name=\"description\" content=\"Profitez de soir\u00e9es bien arros\u00e9es au bord de la piscine, face \u00e0 la mer, \u00e0 l&#039;int\u00e9rieur ou m\u00eame \u00e0 c\u00f4t\u00e9 de la table de billard en d\u00e9couvrant les cinq bars de l&#039;h\u00f4tel Pioneer Beach Paphos.\" \/>\n<meta name=\"robots\" content=\"index, follow, max-snippet:-1, max-image-preview:large, max-video-preview:-1\" \/>\n<link rel=\"canonical\" href=\"https:\/\/www.pioneer-cbh.com\/fr\/dining\/bars\/\" \/>\n<meta property=\"og:locale\" content=\"fr_FR\" \/>\n<meta property=\"og:type\" content=\"article\" \/>\n<meta property=\"og:title\" content=\"Boissons raffin\u00e9es au Pioneer Beach Hotel Paphos bars || Pioneer Beach\" \/>\n<meta property=\"og:description\" content=\"Profitez de soir\u00e9es bien arros\u00e9es au bord de la piscine, face \u00e0 la mer, \u00e0 l&#039;int\u00e9rieur ou m\u00eame \u00e0 c\u00f4t\u00e9 de la table de billard en d\u00e9couvrant les cinq bars de l&#039;h\u00f4tel Pioneer Beach Paphos.\" \/>\n<meta property=\"og:url\" content=\"https:\/\/www.pioneer-cbh.com\/fr\/dining\/bars\/\" \/>\n<meta property=\"og:site_name\" content=\"Pioneer Beach Hotel\" \/>\n<meta property=\"article:modified_time\" content=\"2024-09-18T11:54:12+00:00\" \/>\n<meta property=\"og:image\" content=\"https:\/\/www.pioneer-cbh.com\/app\/uploads\/sites\/33\/2020\/09\/1-PIONEER-BEACH-HOTEL-POOL.jpg\" \/>\n\t<meta property=\"og:image:width\" content=\"1200\" \/>\n\t<meta property=\"og:image:height\" content=\"798\" \/>\n\t<meta property=\"og:image:type\" content=\"image\/jpeg\" \/>\n<meta name=\"twitter:card\" content=\"summary_large_image\" \/>\n<meta name=\"twitter:label1\" content=\"Dur\u00e9e de lecture estim\u00e9e\" \/>\n\t<meta name=\"twitter:data1\" content=\"1 minute\" \/>\n<script type=\"application\/ld+json\" class=\"yoast-schema-graph\">{\"@context\":\"https:\\\/\\\/schema.org\",\"@graph\":[{\"@type\":\"WebPage\",\"@id\":\"https:\\\/\\\/www.pioneer-cbh.com\\\/fr\\\/dining\\\/bars\\\/\",\"url\":\"https:\\\/\\\/www.pioneer-cbh.com\\\/fr\\\/dining\\\/bars\\\/\",\"name\":\"Boissons raffin\u00e9es au Pioneer Beach Hotel Paphos bars || Pioneer Beach\",\"isPartOf\":{\"@id\":\"https:\\\/\\\/www.pioneer-cbh.com\\\/fr\\\/#website\"},\"primaryImageOfPage\":{\"@id\":\"https:\\\/\\\/www.pioneer-cbh.com\\\/fr\\\/dining\\\/bars\\\/#primaryimage\"},\"image\":{\"@id\":\"https:\\\/\\\/www.pioneer-cbh.com\\\/fr\\\/dining\\\/bars\\\/#primaryimage\"},\"thumbnailUrl\":\"https:\\\/\\\/www.pioneer-cbh.com\\\/app\\\/uploads\\\/sites\\\/33\\\/2020\\\/09\\\/1-PIONEER-BEACH-HOTEL-POOL.jpg\",\"datePublished\":\"2022-03-21T14:05:47+00:00\",\"dateModified\":\"2024-09-18T11:54:12+00:00\",\"description\":\"Profitez de soir\u00e9es bien arros\u00e9es au bord de la piscine, face \u00e0 la mer, \u00e0 l'int\u00e9rieur ou m\u00eame \u00e0 c\u00f4t\u00e9 de la table de billard en d\u00e9couvrant les cinq bars de l'h\u00f4tel Pioneer Beach Paphos.\",\"breadcrumb\":{\"@id\":\"https:\\\/\\\/www.pioneer-cbh.com\\\/fr\\\/dining\\\/bars\\\/#breadcrumb\"},\"inLanguage\":\"fr-FR\",\"potentialAction\":[{\"@type\":\"ReadAction\",\"target\":[\"https:\\\/\\\/www.pioneer-cbh.com\\\/fr\\\/dining\\\/bars\\\/\"]}]},{\"@type\":\"ImageObject\",\"inLanguage\":\"fr-FR\",\"@id\":\"https:\\\/\\\/www.pioneer-cbh.com\\\/fr\\\/dining\\\/bars\\\/#primaryimage\",\"url\":\"https:\\\/\\\/www.pioneer-cbh.com\\\/app\\\/uploads\\\/sites\\\/33\\\/2020\\\/09\\\/1-PIONEER-BEACH-HOTEL-POOL.jpg\",\"contentUrl\":\"https:\\\/\\\/www.pioneer-cbh.com\\\/app\\\/uploads\\\/sites\\\/33\\\/2020\\\/09\\\/1-PIONEER-BEACH-HOTEL-POOL.jpg\",\"width\":1200,\"height\":798,\"caption\":\"Habill\u00e9 en bleu\"},{\"@type\":\"BreadcrumbList\",\"@id\":\"https:\\\/\\\/www.pioneer-cbh.com\\\/fr\\\/dining\\\/bars\\\/#breadcrumb\",\"itemListElement\":[{\"@type\":\"ListItem\",\"position\":1,\"name\":\"Home\",\"item\":\"https:\\\/\\\/www.pioneer-cbh.com\\\/fr\\\/\"},{\"@type\":\"ListItem\",\"position\":2,\"name\":\"Salle \u00e0 manger\",\"item\":\"https:\\\/\\\/www.pioneer-cbh.com\\\/fr\\\/dining\\\/\"},{\"@type\":\"ListItem\",\"position\":3,\"name\":\"Bars\"}]},{\"@type\":\"WebSite\",\"@id\":\"https:\\\/\\\/www.pioneer-cbh.com\\\/fr\\\/#website\",\"url\":\"https:\\\/\\\/www.pioneer-cbh.com\\\/fr\\\/\",\"name\":\"Pioneer Beach Hotel\",\"description\":\"Constantinou Bros Pioneer Beach Hotel, 4 star hotel in Paphos Cyprus\",\"potentialAction\":[{\"@type\":\"SearchAction\",\"target\":{\"@type\":\"EntryPoint\",\"urlTemplate\":\"https:\\\/\\\/www.pioneer-cbh.com\\\/fr\\\/?s={search_term_string}\"},\"query-input\":{\"@type\":\"PropertyValueSpecification\",\"valueRequired\":true,\"valueName\":\"search_term_string\"}}],\"inLanguage\":\"fr-FR\"}]}<\/script>\n<!-- \/ Yoast SEO plugin. -->","yoast_head_json":{"title":"Boissons raffin\u00e9es au Pioneer Beach Hotel Paphos bars || Pioneer Beach","description":"Profitez de soir\u00e9es bien arros\u00e9es au bord de la piscine, face \u00e0 la mer, \u00e0 l'int\u00e9rieur ou m\u00eame \u00e0 c\u00f4t\u00e9 de la table de billard en d\u00e9couvrant les cinq bars de l'h\u00f4tel Pioneer Beach Paphos.","robots":{"index":"index","follow":"follow","max-snippet":"max-snippet:-1","max-image-preview":"max-image-preview:large","max-video-preview":"max-video-preview:-1"},"canonical":"https:\/\/www.pioneer-cbh.com\/fr\/dining\/bars\/","og_locale":"fr_FR","og_type":"article","og_title":"Boissons raffin\u00e9es au Pioneer Beach Hotel Paphos bars || Pioneer Beach","og_description":"Profitez de soir\u00e9es bien arros\u00e9es au bord de la piscine, face \u00e0 la mer, \u00e0 l'int\u00e9rieur ou m\u00eame \u00e0 c\u00f4t\u00e9 de la table de billard en d\u00e9couvrant les cinq bars de l'h\u00f4tel Pioneer Beach Paphos.","og_url":"https:\/\/www.pioneer-cbh.com\/fr\/dining\/bars\/","og_site_name":"Pioneer Beach Hotel","article_modified_time":"2024-09-18T11:54:12+00:00","og_image":[{"width":1200,"height":798,"url":"https:\/\/www.pioneer-cbh.com\/app\/uploads\/sites\/33\/2020\/09\/1-PIONEER-BEACH-HOTEL-POOL.jpg","type":"image\/jpeg"}],"twitter_card":"summary_large_image","twitter_misc":{"Dur\u00e9e de lecture estim\u00e9e":"1 minute"},"schema":{"@context":"https:\/\/schema.org","@graph":[{"@type":"WebPage","@id":"https:\/\/www.pioneer-cbh.com\/fr\/dining\/bars\/","url":"https:\/\/www.pioneer-cbh.com\/fr\/dining\/bars\/","name":"Boissons raffin\u00e9es au Pioneer Beach Hotel Paphos bars || Pioneer Beach","isPartOf":{"@id":"https:\/\/www.pioneer-cbh.com\/fr\/#website"},"primaryImageOfPage":{"@id":"https:\/\/www.pioneer-cbh.com\/fr\/dining\/bars\/#primaryimage"},"image":{"@id":"https:\/\/www.pioneer-cbh.com\/fr\/dining\/bars\/#primaryimage"},"thumbnailUrl":"https:\/\/www.pioneer-cbh.com\/app\/uploads\/sites\/33\/2020\/09\/1-PIONEER-BEACH-HOTEL-POOL.jpg","datePublished":"2022-03-21T14:05:47+00:00","dateModified":"2024-09-18T11:54:12+00:00","description":"Profitez de soir\u00e9es bien arros\u00e9es au bord de la piscine, face \u00e0 la mer, \u00e0 l'int\u00e9rieur ou m\u00eame \u00e0 c\u00f4t\u00e9 de la table de billard en d\u00e9couvrant les cinq bars de l'h\u00f4tel Pioneer Beach Paphos.","breadcrumb":{"@id":"https:\/\/www.pioneer-cbh.com\/fr\/dining\/bars\/#breadcrumb"},"inLanguage":"fr-FR","potentialAction":[{"@type":"ReadAction","target":["https:\/\/www.pioneer-cbh.com\/fr\/dining\/bars\/"]}]},{"@type":"ImageObject","inLanguage":"fr-FR","@id":"https:\/\/www.pioneer-cbh.com\/fr\/dining\/bars\/#primaryimage","url":"https:\/\/www.pioneer-cbh.com\/app\/uploads\/sites\/33\/2020\/09\/1-PIONEER-BEACH-HOTEL-POOL.jpg","contentUrl":"https:\/\/www.pioneer-cbh.com\/app\/uploads\/sites\/33\/2020\/09\/1-PIONEER-BEACH-HOTEL-POOL.jpg","width":1200,"height":798,"caption":"Habill\u00e9 en bleu"},{"@type":"BreadcrumbList","@id":"https:\/\/www.pioneer-cbh.com\/fr\/dining\/bars\/#breadcrumb","itemListElement":[{"@type":"ListItem","position":1,"name":"Home","item":"https:\/\/www.pioneer-cbh.com\/fr\/"},{"@type":"ListItem","position":2,"name":"Salle \u00e0 manger","item":"https:\/\/www.pioneer-cbh.com\/fr\/dining\/"},{"@type":"ListItem","position":3,"name":"Bars"}]},{"@type":"WebSite","@id":"https:\/\/www.pioneer-cbh.com\/fr\/#website","url":"https:\/\/www.pioneer-cbh.com\/fr\/","name":"Pioneer Beach Hotel","description":"Constantinou Bros Pioneer Beach Hotel, 4 star hotel in Paphos Cyprus","potentialAction":[{"@type":"SearchAction","target":{"@type":"EntryPoint","urlTemplate":"https:\/\/www.pioneer-cbh.com\/fr\/?s={search_term_string}"},"query-input":{"@type":"PropertyValueSpecification","valueRequired":true,"valueName":"search_term_string"}}],"inLanguage":"fr-FR"}]}},"_links":{"self":[{"href":"https:\/\/www.pioneer-cbh.com\/fr\/wp-json\/wp\/v2\/pages\/5560","targetHints":{"allow":["GET"]}}],"collection":[{"href":"https:\/\/www.pioneer-cbh.com\/fr\/wp-json\/wp\/v2\/pages"}],"about":[{"href":"https:\/\/www.pioneer-cbh.com\/fr\/wp-json\/wp\/v2\/types\/page"}],"author":[{"embeddable":true,"href":"https:\/\/www.pioneer-cbh.com\/fr\/wp-json\/wp\/v2\/users\/12"}],"replies":[{"embeddable":true,"href":"https:\/\/www.pioneer-cbh.com\/fr\/wp-json\/wp\/v2\/comments?post=5560"}],"version-history":[{"count":3,"href":"https:\/\/www.pioneer-cbh.com\/fr\/wp-json\/wp\/v2\/pages\/5560\/revisions"}],"predecessor-version":[{"id":12411,"href":"https:\/\/www.pioneer-cbh.com\/fr\/wp-json\/wp\/v2\/pages\/5560\/revisions\/12411"}],"up":[{"embeddable":true,"href":"https:\/\/www.pioneer-cbh.com\/fr\/wp-json\/wp\/v2\/pages\/5567"}],"wp:featuredmedia":[{"embeddable":true,"href":"https:\/\/www.pioneer-cbh.com\/fr\/wp-json\/wp\/v2\/media\/5558"}],"wp:attachment":[{"href":"https:\/\/www.pioneer-cbh.com\/fr\/wp-json\/wp\/v2\/media?parent=5560"}],"curies":[{"name":"wp","href":"https:\/\/api.w.org\/{rel}","templated":true}]}}