{"id":5559,"date":"2022-03-21T17:04:57","date_gmt":"2022-03-21T14:04:57","guid":{"rendered":"https:\/\/www.pioneer-cbh.com\/special-features\/"},"modified":"2024-09-18T15:18:29","modified_gmt":"2024-09-18T12:18:29","slug":"special-features","status":"publish","type":"page","link":"https:\/\/www.pioneer-cbh.com\/fr\/the-hotel\/special-features\/","title":{"rendered":"Caract\u00e9ristiques sp\u00e9ciales"},"content":{"rendered":"<h1 class=\"entry-title title-size font-regular text-center my-5\">Caract\u00e9ristiques de l&rsquo;h\u00f4tel Pioneer Beach<\/h1>\n<ul>\n<li>H\u00f4tel centr\u00e9 sur l&rsquo;adulte (plus de 16 ans)<\/li>\n<li>Interdiction de fumer dans tous les espaces int\u00e9rieurs<\/li>\n<li>Les scooters de mobilit\u00e9 ne sont pas autoris\u00e9s dans l&rsquo;enceinte de l&rsquo;h\u00f4tel &#8211; un parking d\u00e9sign\u00e9 est disponible.<\/li>\n<li>Les fauteuils roulants \u00e9lectriques ou manuels sont autoris\u00e9s dans l&rsquo;enceinte de l&rsquo;h\u00f4tel.<\/li>\n<li>Tous les services de restauration et de boissons ne sont pas pay\u00e9s en esp\u00e8ces (paiement par chambre ou par carte de cr\u00e9dit uniquement).<\/li>\n<li>Mini march\u00e9 \/ magasin de souvenirs<\/li>\n<li>Parking gratuit<\/li>\n<li>Emplacement en front de mer et jardins somptueux<\/li>\n<li>Jardins somptueux et plage de sable<\/li>\n<li>R\u00e9servations des compagnies a\u00e9riennes<\/li>\n<li>Service de taxi 24 heures sur 24<\/li>\n<li>M\u00e9decin de garde 24 heures sur 24<\/li>\n<li>Change de devises<\/li>\n<li>Location de voitures et de v\u00e9los<\/li>\n<li>Blanchisserie et nettoyage \u00e0 sec disponibles<\/li>\n<li>Petit-d\u00e9jeuner tardif<\/li>\n<li>Petit-d\u00e9jeuner et d\u00eener buffet enrichi &#8211; au choix \u00e0 l&rsquo;int\u00e9rieur ou \u00e0 l&rsquo;ext\u00e9rieur<\/li>\n<li>D\u00eener aux chandelles<\/li>\n<li>Soir\u00e9e grillades<\/li>\n<li>Nuit \u00e0 Chypre incluse dans les options de demi-pension<\/li>\n<li>Fruits et vin \u00e0 l&rsquo;arriv\u00e9e<\/li>\n<li>Diverses soir\u00e9es \u00e0 th\u00e8me<\/li>\n<li>Cabanon priv\u00e9 avec chaises longues (gratuit pour les chambres Superior Deluxe Sea View, Junior Suite Sea View, Executive Junior Suite Sea View et Executive One Bedroom Suite Sea View).<\/li>\n<\/ul>\n<h3><\/h3>\n<h3>Installations de la plage et de la piscine<\/h3>\n<ul>\n<li>Serviettes de plage gratuites<\/li>\n<li>Douches<\/li>\n<li>Changement de cabine au bord de la piscine<\/li>\n<li>Parapluies et chaises longues gratuits<\/li>\n<li>WC<\/li>\n<\/ul>\n","protected":false},"excerpt":{"rendered":"<p>Caract\u00e9ristiques de l&rsquo;h\u00f4tel Pioneer Beach H\u00f4tel centr\u00e9 sur l&rsquo;adulte (plus de 16 ans) Interdiction de fumer dans tous les espaces int\u00e9rieurs Les scooters de mobilit\u00e9 ne sont pas autoris\u00e9s dans l&rsquo;enceinte de l&rsquo;h\u00f4tel &#8211; un parking d\u00e9sign\u00e9 est disponible. Les fauteuils roulants \u00e9lectriques ou manuels sont autoris\u00e9s dans l&rsquo;enceinte de l&rsquo;h\u00f4tel. Tous les services de<\/p>\n","protected":false},"author":12,"featured_media":5464,"parent":5565,"menu_order":0,"comment_status":"closed","ping_status":"closed","template":"","meta":{"_acf_changed":false,"footnotes":""},"class_list":["post-5559","page","type-page","status-publish","has-post-thumbnail","hentry"],"acf":[],"yoast_head":"<!-- This site is optimized with the Yoast SEO plugin v27.5 - https:\/\/yoast.com\/product\/yoast-seo-wordpress\/ -->\n<title>Caract\u00e9ristiques de l&#039;h\u00f4tel - Pioneer Beach Hotel Paphos<\/title>\n<meta name=\"description\" content=\"Vous trouverez ici toute la gamme des services et des caract\u00e9ristiques sp\u00e9ciales propos\u00e9s au Pioneer Beach Hotel de Paphos par Constantinou Bros.\" \/>\n<meta name=\"robots\" content=\"index, follow, max-snippet:-1, max-image-preview:large, max-video-preview:-1\" \/>\n<link rel=\"canonical\" href=\"https:\/\/www.pioneer-cbh.com\/fr\/the-hotel\/special-features\/\" \/>\n<meta property=\"og:locale\" content=\"fr_FR\" \/>\n<meta property=\"og:type\" content=\"article\" \/>\n<meta property=\"og:title\" content=\"Caract\u00e9ristiques de l&#039;h\u00f4tel - Pioneer Beach Hotel Paphos\" \/>\n<meta property=\"og:description\" content=\"Vous trouverez ici toute la gamme des services et des caract\u00e9ristiques sp\u00e9ciales propos\u00e9s au Pioneer Beach Hotel de Paphos par Constantinou Bros.\" \/>\n<meta property=\"og:url\" content=\"https:\/\/www.pioneer-cbh.com\/fr\/the-hotel\/special-features\/\" \/>\n<meta property=\"og:site_name\" content=\"Pioneer Beach Hotel\" \/>\n<meta property=\"article:modified_time\" content=\"2024-09-18T12:18:29+00:00\" \/>\n<meta property=\"og:image\" content=\"https:\/\/www.pioneer-cbh.com\/app\/uploads\/sites\/33\/2019\/05\/44.-athena-beach-hotel-limited-sv-aug1919_resized.jpg\" \/>\n\t<meta property=\"og:image:width\" content=\"1920\" \/>\n\t<meta property=\"og:image:height\" content=\"1281\" \/>\n\t<meta property=\"og:image:type\" content=\"image\/jpeg\" \/>\n<meta name=\"twitter:card\" content=\"summary_large_image\" \/>\n<meta name=\"twitter:label1\" content=\"Dur\u00e9e de lecture estim\u00e9e\" \/>\n\t<meta name=\"twitter:data1\" content=\"2 minutes\" \/>\n<script type=\"application\/ld+json\" class=\"yoast-schema-graph\">{\"@context\":\"https:\\\/\\\/schema.org\",\"@graph\":[{\"@type\":\"WebPage\",\"@id\":\"https:\\\/\\\/www.pioneer-cbh.com\\\/fr\\\/the-hotel\\\/special-features\\\/\",\"url\":\"https:\\\/\\\/www.pioneer-cbh.com\\\/fr\\\/the-hotel\\\/special-features\\\/\",\"name\":\"Caract\u00e9ristiques de l'h\u00f4tel - Pioneer Beach Hotel Paphos\",\"isPartOf\":{\"@id\":\"https:\\\/\\\/www.pioneer-cbh.com\\\/fr\\\/#website\"},\"primaryImageOfPage\":{\"@id\":\"https:\\\/\\\/www.pioneer-cbh.com\\\/fr\\\/the-hotel\\\/special-features\\\/#primaryimage\"},\"image\":{\"@id\":\"https:\\\/\\\/www.pioneer-cbh.com\\\/fr\\\/the-hotel\\\/special-features\\\/#primaryimage\"},\"thumbnailUrl\":\"https:\\\/\\\/www.pioneer-cbh.com\\\/app\\\/uploads\\\/sites\\\/33\\\/2019\\\/05\\\/44.-athena-beach-hotel-limited-sv-aug1919_resized.jpg\",\"datePublished\":\"2022-03-21T14:04:57+00:00\",\"dateModified\":\"2024-09-18T12:18:29+00:00\",\"description\":\"Vous trouverez ici toute la gamme des services et des caract\u00e9ristiques sp\u00e9ciales propos\u00e9s au Pioneer Beach Hotel de Paphos par Constantinou Bros.\",\"breadcrumb\":{\"@id\":\"https:\\\/\\\/www.pioneer-cbh.com\\\/fr\\\/the-hotel\\\/special-features\\\/#breadcrumb\"},\"inLanguage\":\"fr-FR\",\"potentialAction\":[{\"@type\":\"ReadAction\",\"target\":[\"https:\\\/\\\/www.pioneer-cbh.com\\\/fr\\\/the-hotel\\\/special-features\\\/\"]}]},{\"@type\":\"ImageObject\",\"inLanguage\":\"fr-FR\",\"@id\":\"https:\\\/\\\/www.pioneer-cbh.com\\\/fr\\\/the-hotel\\\/special-features\\\/#primaryimage\",\"url\":\"https:\\\/\\\/www.pioneer-cbh.com\\\/app\\\/uploads\\\/sites\\\/33\\\/2019\\\/05\\\/44.-athena-beach-hotel-limited-sv-aug1919_resized.jpg\",\"contentUrl\":\"https:\\\/\\\/www.pioneer-cbh.com\\\/app\\\/uploads\\\/sites\\\/33\\\/2019\\\/05\\\/44.-athena-beach-hotel-limited-sv-aug1919_resized.jpg\",\"width\":1920,\"height\":1281},{\"@type\":\"BreadcrumbList\",\"@id\":\"https:\\\/\\\/www.pioneer-cbh.com\\\/fr\\\/the-hotel\\\/special-features\\\/#breadcrumb\",\"itemListElement\":[{\"@type\":\"ListItem\",\"position\":1,\"name\":\"Home\",\"item\":\"https:\\\/\\\/www.pioneer-cbh.com\\\/fr\\\/\"},{\"@type\":\"ListItem\",\"position\":2,\"name\":\"L&#8217;h\u00f4tel\",\"item\":\"https:\\\/\\\/www.pioneer-cbh.com\\\/fr\\\/the-hotel\\\/\"},{\"@type\":\"ListItem\",\"position\":3,\"name\":\"Caract\u00e9ristiques sp\u00e9ciales\"}]},{\"@type\":\"WebSite\",\"@id\":\"https:\\\/\\\/www.pioneer-cbh.com\\\/fr\\\/#website\",\"url\":\"https:\\\/\\\/www.pioneer-cbh.com\\\/fr\\\/\",\"name\":\"Pioneer Beach Hotel\",\"description\":\"Constantinou Bros Pioneer Beach Hotel, 4 star hotel in Paphos Cyprus\",\"potentialAction\":[{\"@type\":\"SearchAction\",\"target\":{\"@type\":\"EntryPoint\",\"urlTemplate\":\"https:\\\/\\\/www.pioneer-cbh.com\\\/fr\\\/?s={search_term_string}\"},\"query-input\":{\"@type\":\"PropertyValueSpecification\",\"valueRequired\":true,\"valueName\":\"search_term_string\"}}],\"inLanguage\":\"fr-FR\"}]}<\/script>\n<!-- \/ Yoast SEO plugin. -->","yoast_head_json":{"title":"Caract\u00e9ristiques de l'h\u00f4tel - Pioneer Beach Hotel Paphos","description":"Vous trouverez ici toute la gamme des services et des caract\u00e9ristiques sp\u00e9ciales propos\u00e9s au Pioneer Beach Hotel de Paphos par Constantinou Bros.","robots":{"index":"index","follow":"follow","max-snippet":"max-snippet:-1","max-image-preview":"max-image-preview:large","max-video-preview":"max-video-preview:-1"},"canonical":"https:\/\/www.pioneer-cbh.com\/fr\/the-hotel\/special-features\/","og_locale":"fr_FR","og_type":"article","og_title":"Caract\u00e9ristiques de l'h\u00f4tel - Pioneer Beach Hotel Paphos","og_description":"Vous trouverez ici toute la gamme des services et des caract\u00e9ristiques sp\u00e9ciales propos\u00e9s au Pioneer Beach Hotel de Paphos par Constantinou Bros.","og_url":"https:\/\/www.pioneer-cbh.com\/fr\/the-hotel\/special-features\/","og_site_name":"Pioneer Beach Hotel","article_modified_time":"2024-09-18T12:18:29+00:00","og_image":[{"width":1920,"height":1281,"url":"https:\/\/www.pioneer-cbh.com\/app\/uploads\/sites\/33\/2019\/05\/44.-athena-beach-hotel-limited-sv-aug1919_resized.jpg","type":"image\/jpeg"}],"twitter_card":"summary_large_image","twitter_misc":{"Dur\u00e9e de lecture estim\u00e9e":"2 minutes"},"schema":{"@context":"https:\/\/schema.org","@graph":[{"@type":"WebPage","@id":"https:\/\/www.pioneer-cbh.com\/fr\/the-hotel\/special-features\/","url":"https:\/\/www.pioneer-cbh.com\/fr\/the-hotel\/special-features\/","name":"Caract\u00e9ristiques de l'h\u00f4tel - Pioneer Beach Hotel Paphos","isPartOf":{"@id":"https:\/\/www.pioneer-cbh.com\/fr\/#website"},"primaryImageOfPage":{"@id":"https:\/\/www.pioneer-cbh.com\/fr\/the-hotel\/special-features\/#primaryimage"},"image":{"@id":"https:\/\/www.pioneer-cbh.com\/fr\/the-hotel\/special-features\/#primaryimage"},"thumbnailUrl":"https:\/\/www.pioneer-cbh.com\/app\/uploads\/sites\/33\/2019\/05\/44.-athena-beach-hotel-limited-sv-aug1919_resized.jpg","datePublished":"2022-03-21T14:04:57+00:00","dateModified":"2024-09-18T12:18:29+00:00","description":"Vous trouverez ici toute la gamme des services et des caract\u00e9ristiques sp\u00e9ciales propos\u00e9s au Pioneer Beach Hotel de Paphos par Constantinou Bros.","breadcrumb":{"@id":"https:\/\/www.pioneer-cbh.com\/fr\/the-hotel\/special-features\/#breadcrumb"},"inLanguage":"fr-FR","potentialAction":[{"@type":"ReadAction","target":["https:\/\/www.pioneer-cbh.com\/fr\/the-hotel\/special-features\/"]}]},{"@type":"ImageObject","inLanguage":"fr-FR","@id":"https:\/\/www.pioneer-cbh.com\/fr\/the-hotel\/special-features\/#primaryimage","url":"https:\/\/www.pioneer-cbh.com\/app\/uploads\/sites\/33\/2019\/05\/44.-athena-beach-hotel-limited-sv-aug1919_resized.jpg","contentUrl":"https:\/\/www.pioneer-cbh.com\/app\/uploads\/sites\/33\/2019\/05\/44.-athena-beach-hotel-limited-sv-aug1919_resized.jpg","width":1920,"height":1281},{"@type":"BreadcrumbList","@id":"https:\/\/www.pioneer-cbh.com\/fr\/the-hotel\/special-features\/#breadcrumb","itemListElement":[{"@type":"ListItem","position":1,"name":"Home","item":"https:\/\/www.pioneer-cbh.com\/fr\/"},{"@type":"ListItem","position":2,"name":"L&#8217;h\u00f4tel","item":"https:\/\/www.pioneer-cbh.com\/fr\/the-hotel\/"},{"@type":"ListItem","position":3,"name":"Caract\u00e9ristiques sp\u00e9ciales"}]},{"@type":"WebSite","@id":"https:\/\/www.pioneer-cbh.com\/fr\/#website","url":"https:\/\/www.pioneer-cbh.com\/fr\/","name":"Pioneer Beach Hotel","description":"Constantinou Bros Pioneer Beach Hotel, 4 star hotel in Paphos Cyprus","potentialAction":[{"@type":"SearchAction","target":{"@type":"EntryPoint","urlTemplate":"https:\/\/www.pioneer-cbh.com\/fr\/?s={search_term_string}"},"query-input":{"@type":"PropertyValueSpecification","valueRequired":true,"valueName":"search_term_string"}}],"inLanguage":"fr-FR"}]}},"_links":{"self":[{"href":"https:\/\/www.pioneer-cbh.com\/fr\/wp-json\/wp\/v2\/pages\/5559","targetHints":{"allow":["GET"]}}],"collection":[{"href":"https:\/\/www.pioneer-cbh.com\/fr\/wp-json\/wp\/v2\/pages"}],"about":[{"href":"https:\/\/www.pioneer-cbh.com\/fr\/wp-json\/wp\/v2\/types\/page"}],"author":[{"embeddable":true,"href":"https:\/\/www.pioneer-cbh.com\/fr\/wp-json\/wp\/v2\/users\/12"}],"replies":[{"embeddable":true,"href":"https:\/\/www.pioneer-cbh.com\/fr\/wp-json\/wp\/v2\/comments?post=5559"}],"version-history":[{"count":2,"href":"https:\/\/www.pioneer-cbh.com\/fr\/wp-json\/wp\/v2\/pages\/5559\/revisions"}],"predecessor-version":[{"id":11538,"href":"https:\/\/www.pioneer-cbh.com\/fr\/wp-json\/wp\/v2\/pages\/5559\/revisions\/11538"}],"up":[{"embeddable":true,"href":"https:\/\/www.pioneer-cbh.com\/fr\/wp-json\/wp\/v2\/pages\/5565"}],"wp:featuredmedia":[{"embeddable":true,"href":"https:\/\/www.pioneer-cbh.com\/fr\/wp-json\/wp\/v2\/media\/5464"}],"wp:attachment":[{"href":"https:\/\/www.pioneer-cbh.com\/fr\/wp-json\/wp\/v2\/media?parent=5559"}],"curies":[{"name":"wp","href":"https:\/\/api.w.org\/{rel}","templated":true}]}}