{"id":5557,"date":"2022-03-21T17:04:32","date_gmt":"2022-03-21T14:04:32","guid":{"rendered":"https:\/\/www.pioneer-cbh.com\/leisure-facilities\/"},"modified":"2024-09-18T15:15:45","modified_gmt":"2024-09-18T12:15:45","slug":"leisure-facilities","status":"publish","type":"page","link":"https:\/\/www.pioneer-cbh.com\/fr\/the-hotel\/leisure-facilities\/","title":{"rendered":"Installations de l&rsquo;h\u00f4tel"},"content":{"rendered":"<h1 class=\"entry-title title-size font-regular text-center my-5\">Activit\u00e9s de l&rsquo;h\u00f4tel Pioneer Beach pour les clients<\/h1>\n<p>L&rsquo;h\u00f4tel propose un large \u00e9ventail d&rsquo;activit\u00e9s pour le plaisir de tous. Une bonne vari\u00e9t\u00e9 d&rsquo;activit\u00e9s est propos\u00e9e \u00e0 certains moments de l&rsquo;ann\u00e9e : gymnastique le matin, aquagym, spectacles internationaux et folkloriques le soir, m\u00e9lodies au piano, quiz musicaux et bien plus encore.<\/p>\n<h3>Installations sportives et de loisirs<\/h3>\n<ul>\n<li>Bingo \/ Quiz<\/li>\n<li>Les bols s&rsquo;enroulent<\/li>\n<li>Cours de plong\u00e9e sous-marine<\/li>\n<li>Bols \u00e0 tapis courts<\/li>\n<li>Tennis de table<\/li>\n<li>Fl\u00e9chettes<\/li>\n<li>Billard<\/li>\n<li>Spectacle de danse folklorique<\/li>\n<li>Orchestre et danse de l&rsquo;h\u00f4tel<\/li>\n<li>Cours de danse<\/li>\n<li>Activit\u00e9s de jour pour les adultes<\/li>\n<li>1 piscine ext\u00e9rieure d&rsquo;eau douce de forme libre avec jacuzzi<\/li>\n<li>1 piscine int\u00e9rieure chauff\u00e9e avec jacuzzi<\/li>\n<li>1 court de tennis \u00e9clair\u00e9<\/li>\n<li>Salle des cartes<\/li>\n<li>Salle de lecture<\/li>\n<li>1 Salle de danse (plancher en bois)<\/li>\n<li>1 salle de r\u00e9ception<\/li>\n<li>Boules vertes ext\u00e9rieures (4 patinoires)<\/li>\n<li>Installations ext\u00e9rieures pour tapis courts (2 patinoires sur demande)<\/li>\n<li>P\u00e9tanque int\u00e9rieure \u00e0 tapis court (4 patinoires sur demande)<\/li>\n<li>Coordinateur des boules r\u00e9sidentes (octobre-avril)<\/li>\n<li>Chefs de danse r\u00e9sidents (novembre-avril)<\/li>\n<li>Local \u00e0 v\u00e9los (partag\u00e9 avec l&rsquo;h\u00f4tel jumeau) (capacit\u00e9 : 98 v\u00e9los).<\/li>\n<li>Wi-Fi haut d\u00e9bit (gratuit)<\/li>\n<li>Connexion au coin Internet (gratuit)<\/li>\n<li>Serviettes de plage, chaises longues et parasols gratuits autour de la piscine et sur la plage.<\/li>\n<li>Salle de rangement pour les clubs de golf<\/li>\n<li>Activit\u00e9s de bien-\u00eatre<\/li>\n<\/ul>\n","protected":false},"excerpt":{"rendered":"<p>Activit\u00e9s de l&rsquo;h\u00f4tel Pioneer Beach pour les clients L&rsquo;h\u00f4tel propose un large \u00e9ventail d&rsquo;activit\u00e9s pour le plaisir de tous. Une bonne vari\u00e9t\u00e9 d&rsquo;activit\u00e9s est propos\u00e9e \u00e0 certains moments de l&rsquo;ann\u00e9e : gymnastique le matin, aquagym, spectacles internationaux et folkloriques le soir, m\u00e9lodies au piano, quiz musicaux et bien plus encore. Installations sportives et de loisirs<\/p>\n","protected":false},"author":12,"featured_media":5558,"parent":5565,"menu_order":0,"comment_status":"closed","ping_status":"closed","template":"","meta":{"_acf_changed":false,"footnotes":""},"class_list":["post-5557","page","type-page","status-publish","has-post-thumbnail","hentry"],"acf":[],"yoast_head":"<!-- This site is optimized with the Yoast SEO plugin v27.5 - https:\/\/yoast.com\/product\/yoast-seo-wordpress\/ -->\n<title>Installations et activit\u00e9s de l&#039;h\u00f4tel pour les clients - Pioneer Beach Hotel<\/title>\n<meta name=\"description\" content=\"Vous trouverez ici toutes les informations concernant les installations et les activit\u00e9s de l&#039;h\u00f4tel Pioneer Beach Hotel by Constantinou Bros.\" \/>\n<meta name=\"robots\" content=\"index, follow, max-snippet:-1, max-image-preview:large, max-video-preview:-1\" \/>\n<link rel=\"canonical\" href=\"https:\/\/www.pioneer-cbh.com\/fr\/the-hotel\/leisure-facilities\/\" \/>\n<meta property=\"og:locale\" content=\"fr_FR\" \/>\n<meta property=\"og:type\" content=\"article\" \/>\n<meta property=\"og:title\" content=\"Installations et activit\u00e9s de l&#039;h\u00f4tel pour les clients - Pioneer Beach Hotel\" \/>\n<meta property=\"og:description\" content=\"Vous trouverez ici toutes les informations concernant les installations et les activit\u00e9s de l&#039;h\u00f4tel Pioneer Beach Hotel by Constantinou Bros.\" \/>\n<meta property=\"og:url\" content=\"https:\/\/www.pioneer-cbh.com\/fr\/the-hotel\/leisure-facilities\/\" \/>\n<meta property=\"og:site_name\" content=\"Pioneer Beach Hotel\" \/>\n<meta property=\"article:modified_time\" content=\"2024-09-18T12:15:45+00:00\" \/>\n<meta property=\"og:image\" content=\"https:\/\/www.pioneer-cbh.com\/app\/uploads\/sites\/33\/2020\/09\/1-PIONEER-BEACH-HOTEL-POOL.jpg\" \/>\n\t<meta property=\"og:image:width\" content=\"1200\" \/>\n\t<meta property=\"og:image:height\" content=\"798\" \/>\n\t<meta property=\"og:image:type\" content=\"image\/jpeg\" \/>\n<meta name=\"twitter:card\" content=\"summary_large_image\" \/>\n<meta name=\"twitter:label1\" content=\"Dur\u00e9e de lecture estim\u00e9e\" \/>\n\t<meta name=\"twitter:data1\" content=\"2 minutes\" \/>\n<script type=\"application\/ld+json\" class=\"yoast-schema-graph\">{\"@context\":\"https:\\\/\\\/schema.org\",\"@graph\":[{\"@type\":\"WebPage\",\"@id\":\"https:\\\/\\\/www.pioneer-cbh.com\\\/fr\\\/the-hotel\\\/leisure-facilities\\\/\",\"url\":\"https:\\\/\\\/www.pioneer-cbh.com\\\/fr\\\/the-hotel\\\/leisure-facilities\\\/\",\"name\":\"Installations et activit\u00e9s de l'h\u00f4tel pour les clients - Pioneer Beach Hotel\",\"isPartOf\":{\"@id\":\"https:\\\/\\\/www.pioneer-cbh.com\\\/fr\\\/#website\"},\"primaryImageOfPage\":{\"@id\":\"https:\\\/\\\/www.pioneer-cbh.com\\\/fr\\\/the-hotel\\\/leisure-facilities\\\/#primaryimage\"},\"image\":{\"@id\":\"https:\\\/\\\/www.pioneer-cbh.com\\\/fr\\\/the-hotel\\\/leisure-facilities\\\/#primaryimage\"},\"thumbnailUrl\":\"https:\\\/\\\/www.pioneer-cbh.com\\\/app\\\/uploads\\\/sites\\\/33\\\/2020\\\/09\\\/1-PIONEER-BEACH-HOTEL-POOL.jpg\",\"datePublished\":\"2022-03-21T14:04:32+00:00\",\"dateModified\":\"2024-09-18T12:15:45+00:00\",\"description\":\"Vous trouverez ici toutes les informations concernant les installations et les activit\u00e9s de l'h\u00f4tel Pioneer Beach Hotel by Constantinou Bros.\",\"breadcrumb\":{\"@id\":\"https:\\\/\\\/www.pioneer-cbh.com\\\/fr\\\/the-hotel\\\/leisure-facilities\\\/#breadcrumb\"},\"inLanguage\":\"fr-FR\",\"potentialAction\":[{\"@type\":\"ReadAction\",\"target\":[\"https:\\\/\\\/www.pioneer-cbh.com\\\/fr\\\/the-hotel\\\/leisure-facilities\\\/\"]}]},{\"@type\":\"ImageObject\",\"inLanguage\":\"fr-FR\",\"@id\":\"https:\\\/\\\/www.pioneer-cbh.com\\\/fr\\\/the-hotel\\\/leisure-facilities\\\/#primaryimage\",\"url\":\"https:\\\/\\\/www.pioneer-cbh.com\\\/app\\\/uploads\\\/sites\\\/33\\\/2020\\\/09\\\/1-PIONEER-BEACH-HOTEL-POOL.jpg\",\"contentUrl\":\"https:\\\/\\\/www.pioneer-cbh.com\\\/app\\\/uploads\\\/sites\\\/33\\\/2020\\\/09\\\/1-PIONEER-BEACH-HOTEL-POOL.jpg\",\"width\":1200,\"height\":798,\"caption\":\"Habill\u00e9 en bleu\"},{\"@type\":\"BreadcrumbList\",\"@id\":\"https:\\\/\\\/www.pioneer-cbh.com\\\/fr\\\/the-hotel\\\/leisure-facilities\\\/#breadcrumb\",\"itemListElement\":[{\"@type\":\"ListItem\",\"position\":1,\"name\":\"Home\",\"item\":\"https:\\\/\\\/www.pioneer-cbh.com\\\/fr\\\/\"},{\"@type\":\"ListItem\",\"position\":2,\"name\":\"L&#8217;h\u00f4tel\",\"item\":\"https:\\\/\\\/www.pioneer-cbh.com\\\/fr\\\/the-hotel\\\/\"},{\"@type\":\"ListItem\",\"position\":3,\"name\":\"Installations de l&#8217;h\u00f4tel\"}]},{\"@type\":\"WebSite\",\"@id\":\"https:\\\/\\\/www.pioneer-cbh.com\\\/fr\\\/#website\",\"url\":\"https:\\\/\\\/www.pioneer-cbh.com\\\/fr\\\/\",\"name\":\"Pioneer Beach Hotel\",\"description\":\"Constantinou Bros Pioneer Beach Hotel, 4 star hotel in Paphos Cyprus\",\"potentialAction\":[{\"@type\":\"SearchAction\",\"target\":{\"@type\":\"EntryPoint\",\"urlTemplate\":\"https:\\\/\\\/www.pioneer-cbh.com\\\/fr\\\/?s={search_term_string}\"},\"query-input\":{\"@type\":\"PropertyValueSpecification\",\"valueRequired\":true,\"valueName\":\"search_term_string\"}}],\"inLanguage\":\"fr-FR\"}]}<\/script>\n<!-- \/ Yoast SEO plugin. -->","yoast_head_json":{"title":"Installations et activit\u00e9s de l'h\u00f4tel pour les clients - Pioneer Beach Hotel","description":"Vous trouverez ici toutes les informations concernant les installations et les activit\u00e9s de l'h\u00f4tel Pioneer Beach Hotel by Constantinou Bros.","robots":{"index":"index","follow":"follow","max-snippet":"max-snippet:-1","max-image-preview":"max-image-preview:large","max-video-preview":"max-video-preview:-1"},"canonical":"https:\/\/www.pioneer-cbh.com\/fr\/the-hotel\/leisure-facilities\/","og_locale":"fr_FR","og_type":"article","og_title":"Installations et activit\u00e9s de l'h\u00f4tel pour les clients - Pioneer Beach Hotel","og_description":"Vous trouverez ici toutes les informations concernant les installations et les activit\u00e9s de l'h\u00f4tel Pioneer Beach Hotel by Constantinou Bros.","og_url":"https:\/\/www.pioneer-cbh.com\/fr\/the-hotel\/leisure-facilities\/","og_site_name":"Pioneer Beach Hotel","article_modified_time":"2024-09-18T12:15:45+00:00","og_image":[{"width":1200,"height":798,"url":"https:\/\/www.pioneer-cbh.com\/app\/uploads\/sites\/33\/2020\/09\/1-PIONEER-BEACH-HOTEL-POOL.jpg","type":"image\/jpeg"}],"twitter_card":"summary_large_image","twitter_misc":{"Dur\u00e9e de lecture estim\u00e9e":"2 minutes"},"schema":{"@context":"https:\/\/schema.org","@graph":[{"@type":"WebPage","@id":"https:\/\/www.pioneer-cbh.com\/fr\/the-hotel\/leisure-facilities\/","url":"https:\/\/www.pioneer-cbh.com\/fr\/the-hotel\/leisure-facilities\/","name":"Installations et activit\u00e9s de l'h\u00f4tel pour les clients - Pioneer Beach Hotel","isPartOf":{"@id":"https:\/\/www.pioneer-cbh.com\/fr\/#website"},"primaryImageOfPage":{"@id":"https:\/\/www.pioneer-cbh.com\/fr\/the-hotel\/leisure-facilities\/#primaryimage"},"image":{"@id":"https:\/\/www.pioneer-cbh.com\/fr\/the-hotel\/leisure-facilities\/#primaryimage"},"thumbnailUrl":"https:\/\/www.pioneer-cbh.com\/app\/uploads\/sites\/33\/2020\/09\/1-PIONEER-BEACH-HOTEL-POOL.jpg","datePublished":"2022-03-21T14:04:32+00:00","dateModified":"2024-09-18T12:15:45+00:00","description":"Vous trouverez ici toutes les informations concernant les installations et les activit\u00e9s de l'h\u00f4tel Pioneer Beach Hotel by Constantinou Bros.","breadcrumb":{"@id":"https:\/\/www.pioneer-cbh.com\/fr\/the-hotel\/leisure-facilities\/#breadcrumb"},"inLanguage":"fr-FR","potentialAction":[{"@type":"ReadAction","target":["https:\/\/www.pioneer-cbh.com\/fr\/the-hotel\/leisure-facilities\/"]}]},{"@type":"ImageObject","inLanguage":"fr-FR","@id":"https:\/\/www.pioneer-cbh.com\/fr\/the-hotel\/leisure-facilities\/#primaryimage","url":"https:\/\/www.pioneer-cbh.com\/app\/uploads\/sites\/33\/2020\/09\/1-PIONEER-BEACH-HOTEL-POOL.jpg","contentUrl":"https:\/\/www.pioneer-cbh.com\/app\/uploads\/sites\/33\/2020\/09\/1-PIONEER-BEACH-HOTEL-POOL.jpg","width":1200,"height":798,"caption":"Habill\u00e9 en bleu"},{"@type":"BreadcrumbList","@id":"https:\/\/www.pioneer-cbh.com\/fr\/the-hotel\/leisure-facilities\/#breadcrumb","itemListElement":[{"@type":"ListItem","position":1,"name":"Home","item":"https:\/\/www.pioneer-cbh.com\/fr\/"},{"@type":"ListItem","position":2,"name":"L&#8217;h\u00f4tel","item":"https:\/\/www.pioneer-cbh.com\/fr\/the-hotel\/"},{"@type":"ListItem","position":3,"name":"Installations de l&#8217;h\u00f4tel"}]},{"@type":"WebSite","@id":"https:\/\/www.pioneer-cbh.com\/fr\/#website","url":"https:\/\/www.pioneer-cbh.com\/fr\/","name":"Pioneer Beach Hotel","description":"Constantinou Bros Pioneer Beach Hotel, 4 star hotel in Paphos Cyprus","potentialAction":[{"@type":"SearchAction","target":{"@type":"EntryPoint","urlTemplate":"https:\/\/www.pioneer-cbh.com\/fr\/?s={search_term_string}"},"query-input":{"@type":"PropertyValueSpecification","valueRequired":true,"valueName":"search_term_string"}}],"inLanguage":"fr-FR"}]}},"_links":{"self":[{"href":"https:\/\/www.pioneer-cbh.com\/fr\/wp-json\/wp\/v2\/pages\/5557","targetHints":{"allow":["GET"]}}],"collection":[{"href":"https:\/\/www.pioneer-cbh.com\/fr\/wp-json\/wp\/v2\/pages"}],"about":[{"href":"https:\/\/www.pioneer-cbh.com\/fr\/wp-json\/wp\/v2\/types\/page"}],"author":[{"embeddable":true,"href":"https:\/\/www.pioneer-cbh.com\/fr\/wp-json\/wp\/v2\/users\/12"}],"replies":[{"embeddable":true,"href":"https:\/\/www.pioneer-cbh.com\/fr\/wp-json\/wp\/v2\/comments?post=5557"}],"version-history":[{"count":3,"href":"https:\/\/www.pioneer-cbh.com\/fr\/wp-json\/wp\/v2\/pages\/5557\/revisions"}],"predecessor-version":[{"id":12452,"href":"https:\/\/www.pioneer-cbh.com\/fr\/wp-json\/wp\/v2\/pages\/5557\/revisions\/12452"}],"up":[{"embeddable":true,"href":"https:\/\/www.pioneer-cbh.com\/fr\/wp-json\/wp\/v2\/pages\/5565"}],"wp:featuredmedia":[{"embeddable":true,"href":"https:\/\/www.pioneer-cbh.com\/fr\/wp-json\/wp\/v2\/media\/5558"}],"wp:attachment":[{"href":"https:\/\/www.pioneer-cbh.com\/fr\/wp-json\/wp\/v2\/media?parent=5557"}],"curies":[{"name":"wp","href":"https:\/\/api.w.org\/{rel}","templated":true}]}}