{"id":5556,"date":"2022-03-21T17:04:03","date_gmt":"2022-03-21T14:04:03","guid":{"rendered":"https:\/\/www.pioneer-cbh.com\/about-cyprus-paphos\/"},"modified":"2024-09-18T15:19:34","modified_gmt":"2024-09-18T12:19:34","slug":"pleins-feux-sur-les-papillons-de-chypre","status":"publish","type":"page","link":"https:\/\/www.pioneer-cbh.com\/fr\/the-hotel\/pleins-feux-sur-les-papillons-de-chypre\/","title":{"rendered":"Pleins feux sur Paphos, Chypre"},"content":{"rendered":"<h1 class=\"entry-title title-size font-regular text-center my-5\">Tout ce que vous devez savoir sur Paphos Chypre<\/h1>\n<p>Paphos, une petite ville pittoresque, est situ\u00e9e sur la c\u00f4te ouest de Chypre et s&rsquo;\u00e9tend de la magnifique p\u00e9ninsule d&rsquo;Akamas au nord-ouest jusqu&rsquo;au rocher des Aphrodites \u00e0 l&rsquo;est. Elle est charg\u00e9e d&rsquo;histoire, ayant \u00e9t\u00e9 la capitale de Chypre dans certains temps anciens et a une fois de plus c\u00e9l\u00e9br\u00e9 cette accolade lorsqu&rsquo;en 2017 elle a r\u00e9gn\u00e9 en tant que capitale europ\u00e9enne de la culture, attirant des milliers de visiteurs chaque ann\u00e9e.<br \/>\n<b>Paphos, \u00e0 Chypre,<\/b> compte d&rsquo;innombrables sites d&rsquo;int\u00e9r\u00eat historique, religieux et culturel et figure sur la liste du patrimoine culturel mondial de l&rsquo;UNESCO.<br \/>\nLes tombes des rois, le fort m\u00e9di\u00e9val, l&rsquo;Od\u00e9on, la maison de Dionysos, le rocher d&rsquo;Aphrodite et les bains d&rsquo;Aphrodite, ainsi que le pilier de Saint-Paul, n&rsquo;en sont que quelques-uns.<br \/>\nL&rsquo;exploitation d&rsquo;un a\u00e9roport international avec des connexions vers de nombreuses grandes villes du monde a rendu <b>Paphos, Chypre<\/b>, tr\u00e8s accessible. Une nouvelle autoroute relie Paphos \u00e0 toutes les autres villes, facilement et en toute s\u00e9curit\u00e9. Bord\u00e9e par un magnifique littoral, la r\u00e9gion de Paphos poss\u00e8de de charmants villages dans ses montagnes o\u00f9 se nichent des monast\u00e8res s\u00e9culaires. Le centre ville, en revanche, est moderne avec des boutiques branch\u00e9es, un march\u00e9 traditionnel int\u00e9ressant et de bons mus\u00e9es. Vous d\u00e9couvrirez que <b>Paphos, \u00e0 Chypre,<\/b> est une charmante station baln\u00e9aire, s\u00fbre et agr\u00e9able, avec beaucoup de choses \u00e0 voir et \u00e0 faire, qui deviendra rapidement une destination de vacances privil\u00e9gi\u00e9e.<br \/>\nChypre est en fait la troisi\u00e8me plus grande \u00eele de la M\u00e9diterran\u00e9e et un v\u00e9ritable carrefour entre trois continents, l&rsquo;Europe, l&rsquo;Asie et l&rsquo;Afrique. Elle est devenue une R\u00e9publique ind\u00e9pendante en 1960 et a rejoint l&rsquo;Union europ\u00e9enne en 2004. Elle dispose de deux a\u00e9roports internationaux \u00e0 Larnaca et Paphos avec d&rsquo;excellentes liaisons avec la plupart des grandes villes du monde. Chypre doit son nom au cuivre qui y \u00e9tait abondant dans l&rsquo;Antiquit\u00e9. Il s&rsquo;agit d&rsquo;une \u00eele charg\u00e9e d&rsquo;histoire, qui a \u00e9t\u00e9 sous la domination perse, assyrienne, \u00e9gyptienne, romaine, byzantine, v\u00e9nitienne, ottomane et britannique. Elle a \u00e9galement \u00e9t\u00e9 l&rsquo;un des premiers pays au monde \u00e0 se convertir au christianisme lorsque saint Paul a visit\u00e9 l&rsquo;\u00eele et pr\u00each\u00e9 la nouvelle foi. En effet, \u00e0 Paphos, vous pouvez encore voir le pilier de Saint-Paul, o\u00f9 l&rsquo;ap\u00f4tre a \u00e9t\u00e9 attach\u00e9 et flagell\u00e9 39 fois, et \u00e0 Larnaca, dans l&rsquo;\u00e9glise de Saint-Lazare, se trouve la crypte de ce saint qui a \u00e9t\u00e9 ressuscit\u00e9 par J\u00e9sus-Christ. Cela explique pourquoi Chypre est une \u00eele qui suscite l&rsquo;int\u00e9r\u00eat de toutes sortes de personnes : des amateurs d&rsquo;arch\u00e9ologie aux amis de la nature, en passant par les couples en lune de miel et les familles qui adorent le soleil, les gourmets et les hommes d&rsquo;affaires. Des ruines de temples antiques et de superbes fresques dans les \u00e9glises byzantines, des vignobles en terrasses et des sentiers naturels enchanteurs, des montagnes couvertes de pins et des c\u00f4tes baign\u00e9es de soleil, un repas de meze et de fromage halloumi frais ainsi que des installations de conf\u00e9rence ultramodernes ne sont que quelques-unes des choses qui vous feront tomber amoureux de Chypre. Chypre est peut-\u00eatre un pays qui plonge ses racines dans un pass\u00e9 riche et vari\u00e9, mais c&rsquo;est aussi un pays moderne qui se tourne rapidement vers l&rsquo;avenir. C&rsquo;est une \u00eele aux nombreuses et belles contradictions, un m\u00e9lange chaleureux de cultures, de couleurs, de civilisations, de chansons et de mythes. Nous vous invitons \u00e0 venir go\u00fbter \u00e0 l&rsquo;hospitalit\u00e9 de l&rsquo;\u00eele o\u00f9, dans notre langue maternelle, le mot \u00ab\u00a0xenos\u00a0\u00bb signifie \u00e0 la fois \u00e9tranger et invit\u00e9. Venez d\u00e9couvrir une \u00eele dont la beaut\u00e9 et le charme sont magnifi\u00e9s par la gentillesse de ses habitants. Venez d\u00e9couvrir tout cela, en commen\u00e7ant par <b>Paphos, \u00e0 Chypre<\/b>.<\/p>\n","protected":false},"excerpt":{"rendered":"<p>Tout ce que vous devez savoir sur Paphos Chypre Paphos, une petite ville pittoresque, est situ\u00e9e sur la c\u00f4te ouest de Chypre et s&rsquo;\u00e9tend de la magnifique p\u00e9ninsule d&rsquo;Akamas au nord-ouest jusqu&rsquo;au rocher des Aphrodites \u00e0 l&rsquo;est. Elle est charg\u00e9e d&rsquo;histoire, ayant \u00e9t\u00e9 la capitale de Chypre dans certains temps anciens et a une fois<\/p>\n","protected":false},"author":12,"featured_media":5341,"parent":5565,"menu_order":0,"comment_status":"closed","ping_status":"closed","template":"","meta":{"_acf_changed":false,"footnotes":""},"class_list":["post-5556","page","type-page","status-publish","has-post-thumbnail","hentry"],"acf":[],"yoast_head":"<!-- This site is optimized with the Yoast SEO plugin v27.5 - https:\/\/yoast.com\/product\/yoast-seo-wordpress\/ -->\n<title>D\u00e9couvrez le charme de Paphos, Chypre | Constantinou Bros Hotels<\/title>\n<meta name=\"description\" content=\"En commen\u00e7ant par le charmant bord de mer de Paphos, \u00e0 Chypre, venez d\u00e9couvrir une \u00eele dont la beaut\u00e9 est magnifi\u00e9e par la gentillesse de ses habitants.\" \/>\n<meta name=\"robots\" content=\"index, follow, max-snippet:-1, max-image-preview:large, max-video-preview:-1\" \/>\n<link rel=\"canonical\" href=\"https:\/\/www.pioneer-cbh.com\/fr\/the-hotel\/pleins-feux-sur-les-papillons-de-chypre\/\" \/>\n<meta property=\"og:locale\" content=\"fr_FR\" \/>\n<meta property=\"og:type\" content=\"article\" \/>\n<meta property=\"og:title\" content=\"D\u00e9couvrez le charme de Paphos, Chypre | Constantinou Bros Hotels\" \/>\n<meta property=\"og:description\" content=\"En commen\u00e7ant par le charmant bord de mer de Paphos, \u00e0 Chypre, venez d\u00e9couvrir une \u00eele dont la beaut\u00e9 est magnifi\u00e9e par la gentillesse de ses habitants.\" \/>\n<meta property=\"og:url\" content=\"https:\/\/www.pioneer-cbh.com\/fr\/the-hotel\/pleins-feux-sur-les-papillons-de-chypre\/\" \/>\n<meta property=\"og:site_name\" content=\"Pioneer Beach Hotel\" \/>\n<meta property=\"article:modified_time\" content=\"2024-09-18T12:19:34+00:00\" \/>\n<meta property=\"og:image\" content=\"https:\/\/www.pioneer-cbh.com\/app\/uploads\/sites\/33\/2020\/09\/3-PIONEER-BEACH-HOTEL-BEACH.jpg\" \/>\n\t<meta property=\"og:image:width\" content=\"1200\" \/>\n\t<meta property=\"og:image:height\" content=\"891\" \/>\n\t<meta property=\"og:image:type\" content=\"image\/jpeg\" \/>\n<meta name=\"twitter:card\" content=\"summary_large_image\" \/>\n<meta name=\"twitter:label1\" content=\"Dur\u00e9e de lecture estim\u00e9e\" \/>\n\t<meta name=\"twitter:data1\" content=\"3 minutes\" \/>\n<script type=\"application\/ld+json\" class=\"yoast-schema-graph\">{\"@context\":\"https:\\\/\\\/schema.org\",\"@graph\":[{\"@type\":\"WebPage\",\"@id\":\"https:\\\/\\\/www.pioneer-cbh.com\\\/fr\\\/the-hotel\\\/pleins-feux-sur-les-papillons-de-chypre\\\/\",\"url\":\"https:\\\/\\\/www.pioneer-cbh.com\\\/fr\\\/the-hotel\\\/pleins-feux-sur-les-papillons-de-chypre\\\/\",\"name\":\"D\u00e9couvrez le charme de Paphos, Chypre | Constantinou Bros Hotels\",\"isPartOf\":{\"@id\":\"https:\\\/\\\/www.pioneer-cbh.com\\\/fr\\\/#website\"},\"primaryImageOfPage\":{\"@id\":\"https:\\\/\\\/www.pioneer-cbh.com\\\/fr\\\/the-hotel\\\/pleins-feux-sur-les-papillons-de-chypre\\\/#primaryimage\"},\"image\":{\"@id\":\"https:\\\/\\\/www.pioneer-cbh.com\\\/fr\\\/the-hotel\\\/pleins-feux-sur-les-papillons-de-chypre\\\/#primaryimage\"},\"thumbnailUrl\":\"https:\\\/\\\/www.pioneer-cbh.com\\\/app\\\/uploads\\\/sites\\\/33\\\/2020\\\/09\\\/3-PIONEER-BEACH-HOTEL-BEACH.jpg\",\"datePublished\":\"2022-03-21T14:04:03+00:00\",\"dateModified\":\"2024-09-18T12:19:34+00:00\",\"description\":\"En commen\u00e7ant par le charmant bord de mer de Paphos, \u00e0 Chypre, venez d\u00e9couvrir une \u00eele dont la beaut\u00e9 est magnifi\u00e9e par la gentillesse de ses habitants.\",\"breadcrumb\":{\"@id\":\"https:\\\/\\\/www.pioneer-cbh.com\\\/fr\\\/the-hotel\\\/pleins-feux-sur-les-papillons-de-chypre\\\/#breadcrumb\"},\"inLanguage\":\"fr-FR\",\"potentialAction\":[{\"@type\":\"ReadAction\",\"target\":[\"https:\\\/\\\/www.pioneer-cbh.com\\\/fr\\\/the-hotel\\\/pleins-feux-sur-les-papillons-de-chypre\\\/\"]}]},{\"@type\":\"ImageObject\",\"inLanguage\":\"fr-FR\",\"@id\":\"https:\\\/\\\/www.pioneer-cbh.com\\\/fr\\\/the-hotel\\\/pleins-feux-sur-les-papillons-de-chypre\\\/#primaryimage\",\"url\":\"https:\\\/\\\/www.pioneer-cbh.com\\\/app\\\/uploads\\\/sites\\\/33\\\/2020\\\/09\\\/3-PIONEER-BEACH-HOTEL-BEACH.jpg\",\"contentUrl\":\"https:\\\/\\\/www.pioneer-cbh.com\\\/app\\\/uploads\\\/sites\\\/33\\\/2020\\\/09\\\/3-PIONEER-BEACH-HOTEL-BEACH.jpg\",\"width\":1200,\"height\":891,\"caption\":\"The sandy shore in front of Pioneer Beach Hotel by Constantinou Bros Hotels in the charming seaside of Paphos, Cyprus.\"},{\"@type\":\"BreadcrumbList\",\"@id\":\"https:\\\/\\\/www.pioneer-cbh.com\\\/fr\\\/the-hotel\\\/pleins-feux-sur-les-papillons-de-chypre\\\/#breadcrumb\",\"itemListElement\":[{\"@type\":\"ListItem\",\"position\":1,\"name\":\"Home\",\"item\":\"https:\\\/\\\/www.pioneer-cbh.com\\\/fr\\\/\"},{\"@type\":\"ListItem\",\"position\":2,\"name\":\"L&#8217;h\u00f4tel\",\"item\":\"https:\\\/\\\/www.pioneer-cbh.com\\\/fr\\\/the-hotel\\\/\"},{\"@type\":\"ListItem\",\"position\":3,\"name\":\"Pleins feux sur Paphos, Chypre\"}]},{\"@type\":\"WebSite\",\"@id\":\"https:\\\/\\\/www.pioneer-cbh.com\\\/fr\\\/#website\",\"url\":\"https:\\\/\\\/www.pioneer-cbh.com\\\/fr\\\/\",\"name\":\"Pioneer Beach Hotel\",\"description\":\"Constantinou Bros Pioneer Beach Hotel, 4 star hotel in Paphos Cyprus\",\"potentialAction\":[{\"@type\":\"SearchAction\",\"target\":{\"@type\":\"EntryPoint\",\"urlTemplate\":\"https:\\\/\\\/www.pioneer-cbh.com\\\/fr\\\/?s={search_term_string}\"},\"query-input\":{\"@type\":\"PropertyValueSpecification\",\"valueRequired\":true,\"valueName\":\"search_term_string\"}}],\"inLanguage\":\"fr-FR\"}]}<\/script>\n<!-- \/ Yoast SEO plugin. -->","yoast_head_json":{"title":"D\u00e9couvrez le charme de Paphos, Chypre | Constantinou Bros Hotels","description":"En commen\u00e7ant par le charmant bord de mer de Paphos, \u00e0 Chypre, venez d\u00e9couvrir une \u00eele dont la beaut\u00e9 est magnifi\u00e9e par la gentillesse de ses habitants.","robots":{"index":"index","follow":"follow","max-snippet":"max-snippet:-1","max-image-preview":"max-image-preview:large","max-video-preview":"max-video-preview:-1"},"canonical":"https:\/\/www.pioneer-cbh.com\/fr\/the-hotel\/pleins-feux-sur-les-papillons-de-chypre\/","og_locale":"fr_FR","og_type":"article","og_title":"D\u00e9couvrez le charme de Paphos, Chypre | Constantinou Bros Hotels","og_description":"En commen\u00e7ant par le charmant bord de mer de Paphos, \u00e0 Chypre, venez d\u00e9couvrir une \u00eele dont la beaut\u00e9 est magnifi\u00e9e par la gentillesse de ses habitants.","og_url":"https:\/\/www.pioneer-cbh.com\/fr\/the-hotel\/pleins-feux-sur-les-papillons-de-chypre\/","og_site_name":"Pioneer Beach Hotel","article_modified_time":"2024-09-18T12:19:34+00:00","og_image":[{"width":1200,"height":891,"url":"https:\/\/www.pioneer-cbh.com\/app\/uploads\/sites\/33\/2020\/09\/3-PIONEER-BEACH-HOTEL-BEACH.jpg","type":"image\/jpeg"}],"twitter_card":"summary_large_image","twitter_misc":{"Dur\u00e9e de lecture estim\u00e9e":"3 minutes"},"schema":{"@context":"https:\/\/schema.org","@graph":[{"@type":"WebPage","@id":"https:\/\/www.pioneer-cbh.com\/fr\/the-hotel\/pleins-feux-sur-les-papillons-de-chypre\/","url":"https:\/\/www.pioneer-cbh.com\/fr\/the-hotel\/pleins-feux-sur-les-papillons-de-chypre\/","name":"D\u00e9couvrez le charme de Paphos, Chypre | Constantinou Bros Hotels","isPartOf":{"@id":"https:\/\/www.pioneer-cbh.com\/fr\/#website"},"primaryImageOfPage":{"@id":"https:\/\/www.pioneer-cbh.com\/fr\/the-hotel\/pleins-feux-sur-les-papillons-de-chypre\/#primaryimage"},"image":{"@id":"https:\/\/www.pioneer-cbh.com\/fr\/the-hotel\/pleins-feux-sur-les-papillons-de-chypre\/#primaryimage"},"thumbnailUrl":"https:\/\/www.pioneer-cbh.com\/app\/uploads\/sites\/33\/2020\/09\/3-PIONEER-BEACH-HOTEL-BEACH.jpg","datePublished":"2022-03-21T14:04:03+00:00","dateModified":"2024-09-18T12:19:34+00:00","description":"En commen\u00e7ant par le charmant bord de mer de Paphos, \u00e0 Chypre, venez d\u00e9couvrir une \u00eele dont la beaut\u00e9 est magnifi\u00e9e par la gentillesse de ses habitants.","breadcrumb":{"@id":"https:\/\/www.pioneer-cbh.com\/fr\/the-hotel\/pleins-feux-sur-les-papillons-de-chypre\/#breadcrumb"},"inLanguage":"fr-FR","potentialAction":[{"@type":"ReadAction","target":["https:\/\/www.pioneer-cbh.com\/fr\/the-hotel\/pleins-feux-sur-les-papillons-de-chypre\/"]}]},{"@type":"ImageObject","inLanguage":"fr-FR","@id":"https:\/\/www.pioneer-cbh.com\/fr\/the-hotel\/pleins-feux-sur-les-papillons-de-chypre\/#primaryimage","url":"https:\/\/www.pioneer-cbh.com\/app\/uploads\/sites\/33\/2020\/09\/3-PIONEER-BEACH-HOTEL-BEACH.jpg","contentUrl":"https:\/\/www.pioneer-cbh.com\/app\/uploads\/sites\/33\/2020\/09\/3-PIONEER-BEACH-HOTEL-BEACH.jpg","width":1200,"height":891,"caption":"The sandy shore in front of Pioneer Beach Hotel by Constantinou Bros Hotels in the charming seaside of Paphos, Cyprus."},{"@type":"BreadcrumbList","@id":"https:\/\/www.pioneer-cbh.com\/fr\/the-hotel\/pleins-feux-sur-les-papillons-de-chypre\/#breadcrumb","itemListElement":[{"@type":"ListItem","position":1,"name":"Home","item":"https:\/\/www.pioneer-cbh.com\/fr\/"},{"@type":"ListItem","position":2,"name":"L&#8217;h\u00f4tel","item":"https:\/\/www.pioneer-cbh.com\/fr\/the-hotel\/"},{"@type":"ListItem","position":3,"name":"Pleins feux sur Paphos, Chypre"}]},{"@type":"WebSite","@id":"https:\/\/www.pioneer-cbh.com\/fr\/#website","url":"https:\/\/www.pioneer-cbh.com\/fr\/","name":"Pioneer Beach Hotel","description":"Constantinou Bros Pioneer Beach Hotel, 4 star hotel in Paphos Cyprus","potentialAction":[{"@type":"SearchAction","target":{"@type":"EntryPoint","urlTemplate":"https:\/\/www.pioneer-cbh.com\/fr\/?s={search_term_string}"},"query-input":{"@type":"PropertyValueSpecification","valueRequired":true,"valueName":"search_term_string"}}],"inLanguage":"fr-FR"}]}},"_links":{"self":[{"href":"https:\/\/www.pioneer-cbh.com\/fr\/wp-json\/wp\/v2\/pages\/5556","targetHints":{"allow":["GET"]}}],"collection":[{"href":"https:\/\/www.pioneer-cbh.com\/fr\/wp-json\/wp\/v2\/pages"}],"about":[{"href":"https:\/\/www.pioneer-cbh.com\/fr\/wp-json\/wp\/v2\/types\/page"}],"author":[{"embeddable":true,"href":"https:\/\/www.pioneer-cbh.com\/fr\/wp-json\/wp\/v2\/users\/12"}],"replies":[{"embeddable":true,"href":"https:\/\/www.pioneer-cbh.com\/fr\/wp-json\/wp\/v2\/comments?post=5556"}],"version-history":[{"count":3,"href":"https:\/\/www.pioneer-cbh.com\/fr\/wp-json\/wp\/v2\/pages\/5556\/revisions"}],"predecessor-version":[{"id":12462,"href":"https:\/\/www.pioneer-cbh.com\/fr\/wp-json\/wp\/v2\/pages\/5556\/revisions\/12462"}],"up":[{"embeddable":true,"href":"https:\/\/www.pioneer-cbh.com\/fr\/wp-json\/wp\/v2\/pages\/5565"}],"wp:featuredmedia":[{"embeddable":true,"href":"https:\/\/www.pioneer-cbh.com\/fr\/wp-json\/wp\/v2\/media\/5341"}],"wp:attachment":[{"href":"https:\/\/www.pioneer-cbh.com\/fr\/wp-json\/wp\/v2\/media?parent=5556"}],"curies":[{"name":"wp","href":"https:\/\/api.w.org\/{rel}","templated":true}]}}