{"id":5555,"date":"2019-11-01T16:51:30","date_gmt":"2019-11-01T13:51:30","guid":{"rendered":"https:\/\/www.pioneer-cbh.com\/awards\/"},"modified":"2026-04-23T11:43:40","modified_gmt":"2026-04-23T08:43:40","slug":"awards","status":"publish","type":"page","link":"https:\/\/www.pioneer-cbh.com\/fr\/awards\/","title":{"rendered":"Prix"},"content":{"rendered":"<p>Chaque secteur d&rsquo;activit\u00e9 a ses crit\u00e8res, les crit\u00e8res qui permettent de mesurer le succ\u00e8s. L&rsquo;industrie h\u00f4teli\u00e8re utilise un syst\u00e8me de r\u00e9compense bas\u00e9 sur les points accumul\u00e9s par les h\u00f4tels en fonction des questionnaires que les voyagistes demandent \u00e0 leurs clients de remplir \u00e0 la fin de leurs vacances.<\/p>\n<p>Le Pioneer Beach Hotel est fier de son impressionnant palmar\u00e8s depuis son ouverture.<\/p>\n","protected":false},"excerpt":{"rendered":"<p>Chaque secteur d&rsquo;activit\u00e9 a ses crit\u00e8res, les crit\u00e8res qui permettent de mesurer le succ\u00e8s. L&rsquo;industrie h\u00f4teli\u00e8re utilise un syst\u00e8me de r\u00e9compense bas\u00e9 sur les points accumul\u00e9s par les h\u00f4tels en fonction des questionnaires que les voyagistes demandent \u00e0 leurs clients de remplir \u00e0 la fin de leurs vacances. Le Pioneer Beach Hotel est fier de<\/p>\n","protected":false},"author":1,"featured_media":0,"parent":0,"menu_order":0,"comment_status":"closed","ping_status":"closed","template":"page-templates\/accordion.php","meta":{"_acf_changed":false,"footnotes":""},"class_list":["post-5555","page","type-page","status-publish","hentry"],"acf":[],"yoast_head":"<!-- This site is optimized with the Yoast SEO plugin v27.5 - https:\/\/yoast.com\/product\/yoast-seo-wordpress\/ -->\n<title>Liste des prix d\u00e9cern\u00e9s \u00e0 l&#039;h\u00f4tel Pioneer Beach \u00e0 Paphos || Pioneer Beach<\/title>\n<meta name=\"description\" content=\"Vous trouverez ici une liste de tous les prix, accolades, distinctions et certifications de l&#039;h\u00f4tel Pioneer Beach Paphos de 1996 \u00e0 aujourd&#039;hui.\" \/>\n<meta name=\"robots\" content=\"index, follow, max-snippet:-1, max-image-preview:large, max-video-preview:-1\" \/>\n<link rel=\"canonical\" href=\"https:\/\/www.pioneer-cbh.com\/fr\/awards\/\" \/>\n<meta property=\"og:locale\" content=\"fr_FR\" \/>\n<meta property=\"og:type\" content=\"article\" \/>\n<meta property=\"og:title\" content=\"Liste des prix d\u00e9cern\u00e9s \u00e0 l&#039;h\u00f4tel Pioneer Beach \u00e0 Paphos || Pioneer Beach\" \/>\n<meta property=\"og:description\" content=\"Vous trouverez ici une liste de tous les prix, accolades, distinctions et certifications de l&#039;h\u00f4tel Pioneer Beach Paphos de 1996 \u00e0 aujourd&#039;hui.\" \/>\n<meta property=\"og:url\" content=\"https:\/\/www.pioneer-cbh.com\/fr\/awards\/\" \/>\n<meta property=\"og:site_name\" content=\"Pioneer Beach Hotel\" \/>\n<meta property=\"article:modified_time\" content=\"2026-04-23T08:43:40+00:00\" \/>\n<meta name=\"twitter:card\" content=\"summary_large_image\" \/>\n<meta name=\"twitter:label1\" content=\"Dur\u00e9e de lecture estim\u00e9e\" \/>\n\t<meta name=\"twitter:data1\" content=\"1 minute\" \/>\n<script type=\"application\/ld+json\" class=\"yoast-schema-graph\">{\"@context\":\"https:\\\/\\\/schema.org\",\"@graph\":[{\"@type\":\"WebPage\",\"@id\":\"https:\\\/\\\/www.pioneer-cbh.com\\\/fr\\\/awards\\\/\",\"url\":\"https:\\\/\\\/www.pioneer-cbh.com\\\/fr\\\/awards\\\/\",\"name\":\"Liste des prix d\u00e9cern\u00e9s \u00e0 l'h\u00f4tel Pioneer Beach \u00e0 Paphos || Pioneer Beach\",\"isPartOf\":{\"@id\":\"https:\\\/\\\/www.pioneer-cbh.com\\\/fr\\\/#website\"},\"datePublished\":\"2019-11-01T13:51:30+00:00\",\"dateModified\":\"2026-04-23T08:43:40+00:00\",\"description\":\"Vous trouverez ici une liste de tous les prix, accolades, distinctions et certifications de l'h\u00f4tel Pioneer Beach Paphos de 1996 \u00e0 aujourd'hui.\",\"breadcrumb\":{\"@id\":\"https:\\\/\\\/www.pioneer-cbh.com\\\/fr\\\/awards\\\/#breadcrumb\"},\"inLanguage\":\"fr-FR\",\"potentialAction\":[{\"@type\":\"ReadAction\",\"target\":[\"https:\\\/\\\/www.pioneer-cbh.com\\\/fr\\\/awards\\\/\"]}]},{\"@type\":\"BreadcrumbList\",\"@id\":\"https:\\\/\\\/www.pioneer-cbh.com\\\/fr\\\/awards\\\/#breadcrumb\",\"itemListElement\":[{\"@type\":\"ListItem\",\"position\":1,\"name\":\"Home\",\"item\":\"https:\\\/\\\/www.pioneer-cbh.com\\\/fr\\\/\"},{\"@type\":\"ListItem\",\"position\":2,\"name\":\"Prix\"}]},{\"@type\":\"WebSite\",\"@id\":\"https:\\\/\\\/www.pioneer-cbh.com\\\/fr\\\/#website\",\"url\":\"https:\\\/\\\/www.pioneer-cbh.com\\\/fr\\\/\",\"name\":\"Pioneer Beach Hotel\",\"description\":\"Constantinou Bros Pioneer Beach Hotel, 4 star hotel in Paphos Cyprus\",\"potentialAction\":[{\"@type\":\"SearchAction\",\"target\":{\"@type\":\"EntryPoint\",\"urlTemplate\":\"https:\\\/\\\/www.pioneer-cbh.com\\\/fr\\\/?s={search_term_string}\"},\"query-input\":{\"@type\":\"PropertyValueSpecification\",\"valueRequired\":true,\"valueName\":\"search_term_string\"}}],\"inLanguage\":\"fr-FR\"}]}<\/script>\n<!-- \/ Yoast SEO plugin. -->","yoast_head_json":{"title":"Liste des prix d\u00e9cern\u00e9s \u00e0 l'h\u00f4tel Pioneer Beach \u00e0 Paphos || Pioneer Beach","description":"Vous trouverez ici une liste de tous les prix, accolades, distinctions et certifications de l'h\u00f4tel Pioneer Beach Paphos de 1996 \u00e0 aujourd'hui.","robots":{"index":"index","follow":"follow","max-snippet":"max-snippet:-1","max-image-preview":"max-image-preview:large","max-video-preview":"max-video-preview:-1"},"canonical":"https:\/\/www.pioneer-cbh.com\/fr\/awards\/","og_locale":"fr_FR","og_type":"article","og_title":"Liste des prix d\u00e9cern\u00e9s \u00e0 l'h\u00f4tel Pioneer Beach \u00e0 Paphos || Pioneer Beach","og_description":"Vous trouverez ici une liste de tous les prix, accolades, distinctions et certifications de l'h\u00f4tel Pioneer Beach Paphos de 1996 \u00e0 aujourd'hui.","og_url":"https:\/\/www.pioneer-cbh.com\/fr\/awards\/","og_site_name":"Pioneer Beach Hotel","article_modified_time":"2026-04-23T08:43:40+00:00","twitter_card":"summary_large_image","twitter_misc":{"Dur\u00e9e de lecture estim\u00e9e":"1 minute"},"schema":{"@context":"https:\/\/schema.org","@graph":[{"@type":"WebPage","@id":"https:\/\/www.pioneer-cbh.com\/fr\/awards\/","url":"https:\/\/www.pioneer-cbh.com\/fr\/awards\/","name":"Liste des prix d\u00e9cern\u00e9s \u00e0 l'h\u00f4tel Pioneer Beach \u00e0 Paphos || Pioneer Beach","isPartOf":{"@id":"https:\/\/www.pioneer-cbh.com\/fr\/#website"},"datePublished":"2019-11-01T13:51:30+00:00","dateModified":"2026-04-23T08:43:40+00:00","description":"Vous trouverez ici une liste de tous les prix, accolades, distinctions et certifications de l'h\u00f4tel Pioneer Beach Paphos de 1996 \u00e0 aujourd'hui.","breadcrumb":{"@id":"https:\/\/www.pioneer-cbh.com\/fr\/awards\/#breadcrumb"},"inLanguage":"fr-FR","potentialAction":[{"@type":"ReadAction","target":["https:\/\/www.pioneer-cbh.com\/fr\/awards\/"]}]},{"@type":"BreadcrumbList","@id":"https:\/\/www.pioneer-cbh.com\/fr\/awards\/#breadcrumb","itemListElement":[{"@type":"ListItem","position":1,"name":"Home","item":"https:\/\/www.pioneer-cbh.com\/fr\/"},{"@type":"ListItem","position":2,"name":"Prix"}]},{"@type":"WebSite","@id":"https:\/\/www.pioneer-cbh.com\/fr\/#website","url":"https:\/\/www.pioneer-cbh.com\/fr\/","name":"Pioneer Beach Hotel","description":"Constantinou Bros Pioneer Beach Hotel, 4 star hotel in Paphos Cyprus","potentialAction":[{"@type":"SearchAction","target":{"@type":"EntryPoint","urlTemplate":"https:\/\/www.pioneer-cbh.com\/fr\/?s={search_term_string}"},"query-input":{"@type":"PropertyValueSpecification","valueRequired":true,"valueName":"search_term_string"}}],"inLanguage":"fr-FR"}]}},"_links":{"self":[{"href":"https:\/\/www.pioneer-cbh.com\/fr\/wp-json\/wp\/v2\/pages\/5555","targetHints":{"allow":["GET"]}}],"collection":[{"href":"https:\/\/www.pioneer-cbh.com\/fr\/wp-json\/wp\/v2\/pages"}],"about":[{"href":"https:\/\/www.pioneer-cbh.com\/fr\/wp-json\/wp\/v2\/types\/page"}],"author":[{"embeddable":true,"href":"https:\/\/www.pioneer-cbh.com\/fr\/wp-json\/wp\/v2\/users\/1"}],"replies":[{"embeddable":true,"href":"https:\/\/www.pioneer-cbh.com\/fr\/wp-json\/wp\/v2\/comments?post=5555"}],"version-history":[{"count":16,"href":"https:\/\/www.pioneer-cbh.com\/fr\/wp-json\/wp\/v2\/pages\/5555\/revisions"}],"predecessor-version":[{"id":12849,"href":"https:\/\/www.pioneer-cbh.com\/fr\/wp-json\/wp\/v2\/pages\/5555\/revisions\/12849"}],"wp:attachment":[{"href":"https:\/\/www.pioneer-cbh.com\/fr\/wp-json\/wp\/v2\/media?parent=5555"}],"curies":[{"name":"wp","href":"https:\/\/api.w.org\/{rel}","templated":true}]}}