{"id":5552,"date":"2022-03-21T17:02:39","date_gmt":"2022-03-21T14:02:39","guid":{"rendered":"https:\/\/www.pioneer-cbh.com\/restaurants\/"},"modified":"2024-09-18T14:49:49","modified_gmt":"2024-09-18T11:49:49","slug":"restaurants","status":"publish","type":"page","link":"https:\/\/www.pioneer-cbh.com\/fr\/dining\/restaurants\/","title":{"rendered":"Restaurants"},"content":{"rendered":"<h4>Restaurant Odysseas<\/h4>\n<ul>\n<li>Il sert le petit-d\u00e9jeuner et le d\u00eener avec une vari\u00e9t\u00e9 de buffets plusieurs fois par semaine, avec des si\u00e8ges \u00e0 l&rsquo;int\u00e9rieur et \u00e0 l&rsquo;ext\u00e9rieur.<\/li>\n<li>Une d\u00e9licieuse s\u00e9lection de soir\u00e9es \u00e0 th\u00e8me avec des buffets du monde entier, dont le folklore grec et chypriote, l&rsquo;italien, l&rsquo;intercontinental et m\u00eame l&rsquo;Extr\u00eame-Orient.<\/li>\n<\/ul>\n<h4>Restaurant italien Regina<\/h4>\n<ul>\n<li>D\u00e9jeuner : Buffet &amp; A La Carte (choix entre int\u00e9rieur ou al fresco)<\/li>\n<li>Apr\u00e8s-midi : Collations\/desserts\/cr\u00e8me glac\u00e9e\/boissons chaudes.<\/li>\n<li>D\u00eener : Cuisine italienne.<\/li>\n<\/ul>\n<h4>Restaurant Christiana Culinarium<\/h4>\n<p>Si vous avez r\u00e9serv\u00e9 une chambre de classe Elite, le restaurant Christiana Culinarium vous propose un petit-d\u00e9jeuner tardif exclusif jusqu&rsquo;\u00e0 11h00, avec une terrasse donnant sur les jardins et la piscine. Le restaurant Christiana Culinarium propose des d\u00eeners \u00e0 la carte et en table d&rsquo;h\u00f4te, ainsi qu&rsquo;un menu fixe de quatre plats si vous avez r\u00e9serv\u00e9 la demi-pension.<\/p>\n<h4>Restaurant m\u00e9diterran\u00e9en Thalassa<\/h4>\n<p>Surplombant la mer M\u00e9diterran\u00e9e, le restaurant Thalassa est l&rsquo;endroit id\u00e9al pour d\u00e9jeuner tranquillement en choisissant parmi une d\u00e9licieuse s\u00e9lection de repas l\u00e9gers, de salades fra\u00eeches, d&rsquo;en-cas et de desserts tout en sirotant votre boisson pr\u00e9f\u00e9r\u00e9e. Pour le d\u00eener, vous pouvez \u00e9galement go\u00fbter \u00e0 notre d\u00e9licieux menu m\u00e9diterran\u00e9en \u00e0 la carte. <strong>*Code vestimentaire<\/strong><\/p>\n<ul>\n<li>Les clients sont pri\u00e9s de s&rsquo;habiller de mani\u00e8re appropri\u00e9e dans tous les restaurants et bars en soir\u00e9e (les shorts, les t-shirts sans manches, les maillots de bain et les tongs ne sont pas autoris\u00e9s).<\/li>\n<li>Les messieurs sont pri\u00e9s de porter des pantalons longs dans le restaurant \u00e0 la carte Christiana Culinarium le soir.<\/li>\n<li>Les v\u00eatements d\u00e9contract\u00e9s sont accept\u00e9s dans toutes les zones publiques. N\u00e9anmoins, les seins nus, les v\u00eatements mouill\u00e9s ou les maillots de bain ne sont pas autoris\u00e9s dans les espaces publics int\u00e9rieurs, notamment le hall, les bars et les restaurants.<\/li>\n<\/ul>\n","protected":false},"excerpt":{"rendered":"<p>Restaurant Odysseas Il sert le petit-d\u00e9jeuner et le d\u00eener avec une vari\u00e9t\u00e9 de buffets plusieurs fois par semaine, avec des si\u00e8ges \u00e0 l&rsquo;int\u00e9rieur et \u00e0 l&rsquo;ext\u00e9rieur. Une d\u00e9licieuse s\u00e9lection de soir\u00e9es \u00e0 th\u00e8me avec des buffets du monde entier, dont le folklore grec et chypriote, l&rsquo;italien, l&rsquo;intercontinental et m\u00eame l&rsquo;Extr\u00eame-Orient. Restaurant italien Regina D\u00e9jeuner :<\/p>\n","protected":false},"author":1,"featured_media":5554,"parent":5567,"menu_order":0,"comment_status":"closed","ping_status":"closed","template":"","meta":{"_acf_changed":false,"footnotes":""},"class_list":["post-5552","page","type-page","status-publish","has-post-thumbnail","hentry"],"acf":[],"yoast_head":"<!-- This site is optimized with the Yoast SEO plugin v27.3 - https:\/\/yoast.com\/product\/yoast-seo-wordpress\/ -->\n<title>Pioneer Beach Hotel Paphos restaurants || Pioneer Beach Hotel<\/title>\n<meta name=\"description\" content=\"R\u00e9galez vos papilles avec les cr\u00e9ations culinaires servies dans les restaurants du Pioneer Beach Hotel Paphos, qui proposent une cuisine m\u00e9diterran\u00e9enne et italienne, et bien plus encore !\" \/>\n<meta name=\"robots\" content=\"index, follow, max-snippet:-1, max-image-preview:large, max-video-preview:-1\" \/>\n<link rel=\"canonical\" href=\"https:\/\/www.pioneer-cbh.com\/fr\/dining\/restaurants\/\" \/>\n<meta property=\"og:locale\" content=\"fr_FR\" \/>\n<meta property=\"og:type\" content=\"article\" \/>\n<meta property=\"og:title\" content=\"Pioneer Beach Hotel Paphos restaurants || Pioneer Beach Hotel\" \/>\n<meta property=\"og:description\" content=\"R\u00e9galez vos papilles avec les cr\u00e9ations culinaires servies dans les restaurants du Pioneer Beach Hotel Paphos, qui proposent une cuisine m\u00e9diterran\u00e9enne et italienne, et bien plus encore !\" \/>\n<meta property=\"og:url\" content=\"https:\/\/www.pioneer-cbh.com\/fr\/dining\/restaurants\/\" \/>\n<meta property=\"og:site_name\" content=\"Pioneer Beach Hotel\" \/>\n<meta property=\"article:modified_time\" content=\"2024-09-18T11:49:49+00:00\" \/>\n<meta property=\"og:image\" content=\"https:\/\/www.pioneer-cbh.com\/app\/uploads\/sites\/33\/2020\/09\/12-PIONEER-BEACH-HOTEL-THALASSA-MEDITERRANEAN-RESTAURANT.jpg\" \/>\n\t<meta property=\"og:image:width\" content=\"1200\" \/>\n\t<meta property=\"og:image:height\" content=\"800\" \/>\n\t<meta property=\"og:image:type\" content=\"image\/jpeg\" \/>\n<meta name=\"twitter:card\" content=\"summary_large_image\" \/>\n<meta name=\"twitter:label1\" content=\"Dur\u00e9e de lecture estim\u00e9e\" \/>\n\t<meta name=\"twitter:data1\" content=\"2 minutes\" \/>\n<script type=\"application\/ld+json\" class=\"yoast-schema-graph\">{\"@context\":\"https:\\\/\\\/schema.org\",\"@graph\":[{\"@type\":\"WebPage\",\"@id\":\"https:\\\/\\\/www.pioneer-cbh.com\\\/fr\\\/dining\\\/restaurants\\\/\",\"url\":\"https:\\\/\\\/www.pioneer-cbh.com\\\/fr\\\/dining\\\/restaurants\\\/\",\"name\":\"Pioneer Beach Hotel Paphos restaurants || Pioneer Beach Hotel\",\"isPartOf\":{\"@id\":\"https:\\\/\\\/www.pioneer-cbh.com\\\/fr\\\/#website\"},\"primaryImageOfPage\":{\"@id\":\"https:\\\/\\\/www.pioneer-cbh.com\\\/fr\\\/dining\\\/restaurants\\\/#primaryimage\"},\"image\":{\"@id\":\"https:\\\/\\\/www.pioneer-cbh.com\\\/fr\\\/dining\\\/restaurants\\\/#primaryimage\"},\"thumbnailUrl\":\"https:\\\/\\\/www.pioneer-cbh.com\\\/app\\\/uploads\\\/sites\\\/33\\\/2020\\\/09\\\/12-PIONEER-BEACH-HOTEL-THALASSA-MEDITERRANEAN-RESTAURANT.jpg\",\"datePublished\":\"2022-03-21T14:02:39+00:00\",\"dateModified\":\"2024-09-18T11:49:49+00:00\",\"description\":\"R\u00e9galez vos papilles avec les cr\u00e9ations culinaires servies dans les restaurants du Pioneer Beach Hotel Paphos, qui proposent une cuisine m\u00e9diterran\u00e9enne et italienne, et bien plus encore !\",\"breadcrumb\":{\"@id\":\"https:\\\/\\\/www.pioneer-cbh.com\\\/fr\\\/dining\\\/restaurants\\\/#breadcrumb\"},\"inLanguage\":\"fr-FR\",\"potentialAction\":[{\"@type\":\"ReadAction\",\"target\":[\"https:\\\/\\\/www.pioneer-cbh.com\\\/fr\\\/dining\\\/restaurants\\\/\"]}]},{\"@type\":\"ImageObject\",\"inLanguage\":\"fr-FR\",\"@id\":\"https:\\\/\\\/www.pioneer-cbh.com\\\/fr\\\/dining\\\/restaurants\\\/#primaryimage\",\"url\":\"https:\\\/\\\/www.pioneer-cbh.com\\\/app\\\/uploads\\\/sites\\\/33\\\/2020\\\/09\\\/12-PIONEER-BEACH-HOTEL-THALASSA-MEDITERRANEAN-RESTAURANT.jpg\",\"contentUrl\":\"https:\\\/\\\/www.pioneer-cbh.com\\\/app\\\/uploads\\\/sites\\\/33\\\/2020\\\/09\\\/12-PIONEER-BEACH-HOTEL-THALASSA-MEDITERRANEAN-RESTAURANT.jpg\",\"width\":1200,\"height\":800},{\"@type\":\"BreadcrumbList\",\"@id\":\"https:\\\/\\\/www.pioneer-cbh.com\\\/fr\\\/dining\\\/restaurants\\\/#breadcrumb\",\"itemListElement\":[{\"@type\":\"ListItem\",\"position\":1,\"name\":\"Home\",\"item\":\"https:\\\/\\\/www.pioneer-cbh.com\\\/fr\\\/\"},{\"@type\":\"ListItem\",\"position\":2,\"name\":\"Salle \u00e0 manger\",\"item\":\"https:\\\/\\\/www.pioneer-cbh.com\\\/fr\\\/dining\\\/\"},{\"@type\":\"ListItem\",\"position\":3,\"name\":\"Restaurants\"}]},{\"@type\":\"WebSite\",\"@id\":\"https:\\\/\\\/www.pioneer-cbh.com\\\/fr\\\/#website\",\"url\":\"https:\\\/\\\/www.pioneer-cbh.com\\\/fr\\\/\",\"name\":\"Pioneer Beach Hotel\",\"description\":\"Constantinou Bros Pioneer Beach Hotel, 4 star hotel in Paphos Cyprus\",\"potentialAction\":[{\"@type\":\"SearchAction\",\"target\":{\"@type\":\"EntryPoint\",\"urlTemplate\":\"https:\\\/\\\/www.pioneer-cbh.com\\\/fr\\\/?s={search_term_string}\"},\"query-input\":{\"@type\":\"PropertyValueSpecification\",\"valueRequired\":true,\"valueName\":\"search_term_string\"}}],\"inLanguage\":\"fr-FR\"}]}<\/script>\n<!-- \/ Yoast SEO plugin. -->","yoast_head_json":{"title":"Pioneer Beach Hotel Paphos restaurants || Pioneer Beach Hotel","description":"R\u00e9galez vos papilles avec les cr\u00e9ations culinaires servies dans les restaurants du Pioneer Beach Hotel Paphos, qui proposent une cuisine m\u00e9diterran\u00e9enne et italienne, et bien plus encore !","robots":{"index":"index","follow":"follow","max-snippet":"max-snippet:-1","max-image-preview":"max-image-preview:large","max-video-preview":"max-video-preview:-1"},"canonical":"https:\/\/www.pioneer-cbh.com\/fr\/dining\/restaurants\/","og_locale":"fr_FR","og_type":"article","og_title":"Pioneer Beach Hotel Paphos restaurants || Pioneer Beach Hotel","og_description":"R\u00e9galez vos papilles avec les cr\u00e9ations culinaires servies dans les restaurants du Pioneer Beach Hotel Paphos, qui proposent une cuisine m\u00e9diterran\u00e9enne et italienne, et bien plus encore !","og_url":"https:\/\/www.pioneer-cbh.com\/fr\/dining\/restaurants\/","og_site_name":"Pioneer Beach Hotel","article_modified_time":"2024-09-18T11:49:49+00:00","og_image":[{"width":1200,"height":800,"url":"https:\/\/www.pioneer-cbh.com\/app\/uploads\/sites\/33\/2020\/09\/12-PIONEER-BEACH-HOTEL-THALASSA-MEDITERRANEAN-RESTAURANT.jpg","type":"image\/jpeg"}],"twitter_card":"summary_large_image","twitter_misc":{"Dur\u00e9e de lecture estim\u00e9e":"2 minutes"},"schema":{"@context":"https:\/\/schema.org","@graph":[{"@type":"WebPage","@id":"https:\/\/www.pioneer-cbh.com\/fr\/dining\/restaurants\/","url":"https:\/\/www.pioneer-cbh.com\/fr\/dining\/restaurants\/","name":"Pioneer Beach Hotel Paphos restaurants || Pioneer Beach Hotel","isPartOf":{"@id":"https:\/\/www.pioneer-cbh.com\/fr\/#website"},"primaryImageOfPage":{"@id":"https:\/\/www.pioneer-cbh.com\/fr\/dining\/restaurants\/#primaryimage"},"image":{"@id":"https:\/\/www.pioneer-cbh.com\/fr\/dining\/restaurants\/#primaryimage"},"thumbnailUrl":"https:\/\/www.pioneer-cbh.com\/app\/uploads\/sites\/33\/2020\/09\/12-PIONEER-BEACH-HOTEL-THALASSA-MEDITERRANEAN-RESTAURANT.jpg","datePublished":"2022-03-21T14:02:39+00:00","dateModified":"2024-09-18T11:49:49+00:00","description":"R\u00e9galez vos papilles avec les cr\u00e9ations culinaires servies dans les restaurants du Pioneer Beach Hotel Paphos, qui proposent une cuisine m\u00e9diterran\u00e9enne et italienne, et bien plus encore !","breadcrumb":{"@id":"https:\/\/www.pioneer-cbh.com\/fr\/dining\/restaurants\/#breadcrumb"},"inLanguage":"fr-FR","potentialAction":[{"@type":"ReadAction","target":["https:\/\/www.pioneer-cbh.com\/fr\/dining\/restaurants\/"]}]},{"@type":"ImageObject","inLanguage":"fr-FR","@id":"https:\/\/www.pioneer-cbh.com\/fr\/dining\/restaurants\/#primaryimage","url":"https:\/\/www.pioneer-cbh.com\/app\/uploads\/sites\/33\/2020\/09\/12-PIONEER-BEACH-HOTEL-THALASSA-MEDITERRANEAN-RESTAURANT.jpg","contentUrl":"https:\/\/www.pioneer-cbh.com\/app\/uploads\/sites\/33\/2020\/09\/12-PIONEER-BEACH-HOTEL-THALASSA-MEDITERRANEAN-RESTAURANT.jpg","width":1200,"height":800},{"@type":"BreadcrumbList","@id":"https:\/\/www.pioneer-cbh.com\/fr\/dining\/restaurants\/#breadcrumb","itemListElement":[{"@type":"ListItem","position":1,"name":"Home","item":"https:\/\/www.pioneer-cbh.com\/fr\/"},{"@type":"ListItem","position":2,"name":"Salle \u00e0 manger","item":"https:\/\/www.pioneer-cbh.com\/fr\/dining\/"},{"@type":"ListItem","position":3,"name":"Restaurants"}]},{"@type":"WebSite","@id":"https:\/\/www.pioneer-cbh.com\/fr\/#website","url":"https:\/\/www.pioneer-cbh.com\/fr\/","name":"Pioneer Beach Hotel","description":"Constantinou Bros Pioneer Beach Hotel, 4 star hotel in Paphos Cyprus","potentialAction":[{"@type":"SearchAction","target":{"@type":"EntryPoint","urlTemplate":"https:\/\/www.pioneer-cbh.com\/fr\/?s={search_term_string}"},"query-input":{"@type":"PropertyValueSpecification","valueRequired":true,"valueName":"search_term_string"}}],"inLanguage":"fr-FR"}]}},"_links":{"self":[{"href":"https:\/\/www.pioneer-cbh.com\/fr\/wp-json\/wp\/v2\/pages\/5552","targetHints":{"allow":["GET"]}}],"collection":[{"href":"https:\/\/www.pioneer-cbh.com\/fr\/wp-json\/wp\/v2\/pages"}],"about":[{"href":"https:\/\/www.pioneer-cbh.com\/fr\/wp-json\/wp\/v2\/types\/page"}],"author":[{"embeddable":true,"href":"https:\/\/www.pioneer-cbh.com\/fr\/wp-json\/wp\/v2\/users\/1"}],"replies":[{"embeddable":true,"href":"https:\/\/www.pioneer-cbh.com\/fr\/wp-json\/wp\/v2\/comments?post=5552"}],"version-history":[{"count":3,"href":"https:\/\/www.pioneer-cbh.com\/fr\/wp-json\/wp\/v2\/pages\/5552\/revisions"}],"predecessor-version":[{"id":12419,"href":"https:\/\/www.pioneer-cbh.com\/fr\/wp-json\/wp\/v2\/pages\/5552\/revisions\/12419"}],"up":[{"embeddable":true,"href":"https:\/\/www.pioneer-cbh.com\/fr\/wp-json\/wp\/v2\/pages\/5567"}],"wp:featuredmedia":[{"embeddable":true,"href":"https:\/\/www.pioneer-cbh.com\/fr\/wp-json\/wp\/v2\/media\/5554"}],"wp:attachment":[{"href":"https:\/\/www.pioneer-cbh.com\/fr\/wp-json\/wp\/v2\/media?parent=5552"}],"curies":[{"name":"wp","href":"https:\/\/api.w.org\/{rel}","templated":true}]}}