{"id":5550,"date":"2022-03-21T16:47:52","date_gmt":"2022-03-21T13:47:52","guid":{"rendered":"https:\/\/www.pioneer-cbh.com\/elite-class\/"},"modified":"2026-04-03T15:49:07","modified_gmt":"2026-04-03T12:49:07","slug":"elite-class","status":"publish","type":"page","link":"https:\/\/www.pioneer-cbh.com\/fr\/elite-class\/","title":{"rendered":"Classe Elite"},"content":{"rendered":"<p style=\"text-align: center;\"><img loading=\"lazy\" decoding=\"async\" class=\"size-full wp-image-2241 aligncenter\" src=\"https:\/\/pioneer-cbh.com\/wp-content\/uploads\/sites\/33\/2019\/11\/elite-class-logo.png\" alt=\"\" width=\"304\" height=\"137\" \/><\/p>\n<h1 class=\"entry-title title-size text-center font-regular\" style=\"margin: 3rem auto;\">Vacances sans souci dans notre h\u00f4tel 4 \u00e9toiles \u00e0 Paphos avec formule tout compris<\/h1>\n<h2><\/h2>\n<h2>Un monde de privil\u00e8ges<\/h2>\n<p>D\u00e9couvrez une classe de service in\u00e9gal\u00e9e, une exp\u00e9rience 5 \u00e9toiles qui vous est offerte lorsque vous r\u00e9servez un h\u00e9bergement dans les cat\u00e9gories Superior, Superior Deluxe et Suite. Avec un enregistrement exclusif, des options de restauration d\u00e9di\u00e9es et de nombreuses autres commodit\u00e9s, la classe Elite offre un s\u00e9jour incomparable qui d\u00e9passera vos attentes.<\/p>\n<h3>Avantages suppl\u00e9mentaires<\/h3>\n<p>Les clients qui r\u00e9servent une chambre sup\u00e9rieure, une chambre de luxe sup\u00e9rieure ou une suite b\u00e9n\u00e9ficient des avantages exclusifs suivants :<\/p>\n<ul>\n<li>Chambres les mieux situ\u00e9es<\/li>\n<li>Enregistrement VIP exclusif avec boisson de bienvenue et serviettes froides.<\/li>\n<li>D\u00e9part tardif gratuit jusqu&rsquo;\u00e0 18h00 (sous r\u00e9serve de disponibilit\u00e9).<\/li>\n<li>Salle de petit-d\u00e9jeuner exclusive jusqu&rsquo;\u00e0 11h00.<\/li>\n<li>Service de pr\u00e9paration \u00e0 la nuit (sur certains types de chambres)<\/li>\n<li>Cabane priv\u00e9e avec chaises longues (sur certains types de chambres)<\/li>\n<li>Menu fixe au restaurant \u00e0 la carte pour votre repas du soir &#8211; si votre base d&rsquo;h\u00e9bergement comprend le d\u00eener (sous r\u00e9serve de disponibilit\u00e9).<\/li>\n<li>La formule Premium surclass\u00e9e (Ultra all inclusive) comprend un choix illimit\u00e9 de repas au restaurant \u00e0 la carte (r\u00e9servation obligatoire et sous r\u00e9serve de disponibilit\u00e9) et un mini-bar approvisionn\u00e9 \u00e0 l&rsquo;arriv\u00e9e avec un r\u00e9approvisionnement quotidien en caf\u00e9\/th\u00e9\/espresso et en boissons non alcoolis\u00e9es.<br \/>\nUne bouteille d&rsquo;eau est fournie chaque apr\u00e8s-midi dans la chambre et une bouteille de champagne est offerte un jour avant le d\u00e9part.<\/li>\n<li>10% de r\u00e9duction sur certains terrains de golf (\u00e0 condition que la r\u00e9servation ait \u00e9t\u00e9 faite par notre interm\u00e9diaire)<\/li>\n<li>L&rsquo;utilisation gratuite des installations de Green Bowls (sous r\u00e9serve de disponibilit\u00e9 et de r\u00e9servations pr\u00e9alables) est disponible pour les clients individuels qui ne font pas partie d&rsquo;un groupe organis\u00e9 avec un programme pr\u00e9\u00e9tabli.<\/li>\n<\/ul>\n","protected":false},"excerpt":{"rendered":"<p>Vacances sans souci dans notre h\u00f4tel 4 \u00e9toiles \u00e0 Paphos avec formule tout compris Un monde de privil\u00e8ges D\u00e9couvrez une classe de service in\u00e9gal\u00e9e, une exp\u00e9rience 5 \u00e9toiles qui vous est offerte lorsque vous r\u00e9servez un h\u00e9bergement dans les cat\u00e9gories Superior, Superior Deluxe et Suite. Avec un enregistrement exclusif, des options de restauration d\u00e9di\u00e9es et<\/p>\n","protected":false},"author":1,"featured_media":0,"parent":0,"menu_order":0,"comment_status":"closed","ping_status":"closed","template":"","meta":{"_acf_changed":false,"footnotes":""},"class_list":["post-5550","page","type-page","status-publish","hentry"],"acf":[],"yoast_head":"<!-- This site is optimized with the Yoast SEO plugin v27.5 - https:\/\/yoast.com\/product\/yoast-seo-wordpress\/ -->\n<title>H\u00f4tel 4 \u00e9toiles \u00e0 Paphos avec tout compris| Pioneer Beach Hotel<\/title>\n<meta name=\"description\" content=\"Go Elite at Pioneer Beach est un h\u00f4tel 4 \u00e9toiles \u00e0 Paphos r\u00e9serv\u00e9 aux adultes et proposant une formule tout compris, pour profiter d&#039;une libert\u00e9 absolue et d&#039;innombrables avantages pendant votre s\u00e9jour.\" \/>\n<meta name=\"robots\" content=\"index, follow, max-snippet:-1, max-image-preview:large, max-video-preview:-1\" \/>\n<link rel=\"canonical\" href=\"https:\/\/www.pioneer-cbh.com\/fr\/elite-class\/\" \/>\n<meta property=\"og:locale\" content=\"fr_FR\" \/>\n<meta property=\"og:type\" content=\"article\" \/>\n<meta property=\"og:title\" content=\"H\u00f4tel 4 \u00e9toiles \u00e0 Paphos avec tout compris| Pioneer Beach Hotel\" \/>\n<meta property=\"og:description\" content=\"Go Elite at Pioneer Beach est un h\u00f4tel 4 \u00e9toiles \u00e0 Paphos r\u00e9serv\u00e9 aux adultes et proposant une formule tout compris, pour profiter d&#039;une libert\u00e9 absolue et d&#039;innombrables avantages pendant votre s\u00e9jour.\" \/>\n<meta property=\"og:url\" content=\"https:\/\/www.pioneer-cbh.com\/fr\/elite-class\/\" \/>\n<meta property=\"og:site_name\" content=\"Pioneer Beach Hotel\" \/>\n<meta property=\"article:modified_time\" content=\"2026-04-03T12:49:07+00:00\" \/>\n<meta property=\"og:image\" content=\"https:\/\/www.pioneer-cbh.com\/app\/uploads\/sites\/33\/2019\/11\/elite-class-logo.png\" \/>\n\t<meta property=\"og:image:width\" content=\"304\" \/>\n\t<meta property=\"og:image:height\" content=\"137\" \/>\n\t<meta property=\"og:image:type\" content=\"image\/png\" \/>\n<meta name=\"twitter:card\" content=\"summary_large_image\" \/>\n<meta name=\"twitter:label1\" content=\"Dur\u00e9e de lecture estim\u00e9e\" \/>\n\t<meta name=\"twitter:data1\" content=\"2 minutes\" \/>\n<script type=\"application\/ld+json\" class=\"yoast-schema-graph\">{\"@context\":\"https:\\\/\\\/schema.org\",\"@graph\":[{\"@type\":\"WebPage\",\"@id\":\"https:\\\/\\\/www.pioneer-cbh.com\\\/fr\\\/elite-class\\\/\",\"url\":\"https:\\\/\\\/www.pioneer-cbh.com\\\/fr\\\/elite-class\\\/\",\"name\":\"H\u00f4tel 4 \u00e9toiles \u00e0 Paphos avec tout compris| Pioneer Beach Hotel\",\"isPartOf\":{\"@id\":\"https:\\\/\\\/www.pioneer-cbh.com\\\/fr\\\/#website\"},\"primaryImageOfPage\":{\"@id\":\"https:\\\/\\\/www.pioneer-cbh.com\\\/fr\\\/elite-class\\\/#primaryimage\"},\"image\":{\"@id\":\"https:\\\/\\\/www.pioneer-cbh.com\\\/fr\\\/elite-class\\\/#primaryimage\"},\"thumbnailUrl\":\"https:\\\/\\\/pioneer-cbh.com\\\/wp-content\\\/uploads\\\/sites\\\/33\\\/2019\\\/11\\\/elite-class-logo.png\",\"datePublished\":\"2022-03-21T13:47:52+00:00\",\"dateModified\":\"2026-04-03T12:49:07+00:00\",\"description\":\"Go Elite at Pioneer Beach est un h\u00f4tel 4 \u00e9toiles \u00e0 Paphos r\u00e9serv\u00e9 aux adultes et proposant une formule tout compris, pour profiter d'une libert\u00e9 absolue et d'innombrables avantages pendant votre s\u00e9jour.\",\"breadcrumb\":{\"@id\":\"https:\\\/\\\/www.pioneer-cbh.com\\\/fr\\\/elite-class\\\/#breadcrumb\"},\"inLanguage\":\"fr-FR\",\"potentialAction\":[{\"@type\":\"ReadAction\",\"target\":[\"https:\\\/\\\/www.pioneer-cbh.com\\\/fr\\\/elite-class\\\/\"]}]},{\"@type\":\"ImageObject\",\"inLanguage\":\"fr-FR\",\"@id\":\"https:\\\/\\\/www.pioneer-cbh.com\\\/fr\\\/elite-class\\\/#primaryimage\",\"url\":\"https:\\\/\\\/pioneer-cbh.com\\\/wp-content\\\/uploads\\\/sites\\\/33\\\/2019\\\/11\\\/elite-class-logo.png\",\"contentUrl\":\"https:\\\/\\\/pioneer-cbh.com\\\/wp-content\\\/uploads\\\/sites\\\/33\\\/2019\\\/11\\\/elite-class-logo.png\"},{\"@type\":\"BreadcrumbList\",\"@id\":\"https:\\\/\\\/www.pioneer-cbh.com\\\/fr\\\/elite-class\\\/#breadcrumb\",\"itemListElement\":[{\"@type\":\"ListItem\",\"position\":1,\"name\":\"Home\",\"item\":\"https:\\\/\\\/www.pioneer-cbh.com\\\/fr\\\/\"},{\"@type\":\"ListItem\",\"position\":2,\"name\":\"Classe Elite\"}]},{\"@type\":\"WebSite\",\"@id\":\"https:\\\/\\\/www.pioneer-cbh.com\\\/fr\\\/#website\",\"url\":\"https:\\\/\\\/www.pioneer-cbh.com\\\/fr\\\/\",\"name\":\"Pioneer Beach Hotel\",\"description\":\"Constantinou Bros Pioneer Beach Hotel, 4 star hotel in Paphos Cyprus\",\"potentialAction\":[{\"@type\":\"SearchAction\",\"target\":{\"@type\":\"EntryPoint\",\"urlTemplate\":\"https:\\\/\\\/www.pioneer-cbh.com\\\/fr\\\/?s={search_term_string}\"},\"query-input\":{\"@type\":\"PropertyValueSpecification\",\"valueRequired\":true,\"valueName\":\"search_term_string\"}}],\"inLanguage\":\"fr-FR\"}]}<\/script>\n<!-- \/ Yoast SEO plugin. -->","yoast_head_json":{"title":"H\u00f4tel 4 \u00e9toiles \u00e0 Paphos avec tout compris| Pioneer Beach Hotel","description":"Go Elite at Pioneer Beach est un h\u00f4tel 4 \u00e9toiles \u00e0 Paphos r\u00e9serv\u00e9 aux adultes et proposant une formule tout compris, pour profiter d'une libert\u00e9 absolue et d'innombrables avantages pendant votre s\u00e9jour.","robots":{"index":"index","follow":"follow","max-snippet":"max-snippet:-1","max-image-preview":"max-image-preview:large","max-video-preview":"max-video-preview:-1"},"canonical":"https:\/\/www.pioneer-cbh.com\/fr\/elite-class\/","og_locale":"fr_FR","og_type":"article","og_title":"H\u00f4tel 4 \u00e9toiles \u00e0 Paphos avec tout compris| Pioneer Beach Hotel","og_description":"Go Elite at Pioneer Beach est un h\u00f4tel 4 \u00e9toiles \u00e0 Paphos r\u00e9serv\u00e9 aux adultes et proposant une formule tout compris, pour profiter d'une libert\u00e9 absolue et d'innombrables avantages pendant votre s\u00e9jour.","og_url":"https:\/\/www.pioneer-cbh.com\/fr\/elite-class\/","og_site_name":"Pioneer Beach Hotel","article_modified_time":"2026-04-03T12:49:07+00:00","og_image":[{"width":304,"height":137,"url":"https:\/\/www.pioneer-cbh.com\/app\/uploads\/sites\/33\/2019\/11\/elite-class-logo.png","type":"image\/png"}],"twitter_card":"summary_large_image","twitter_misc":{"Dur\u00e9e de lecture estim\u00e9e":"2 minutes"},"schema":{"@context":"https:\/\/schema.org","@graph":[{"@type":"WebPage","@id":"https:\/\/www.pioneer-cbh.com\/fr\/elite-class\/","url":"https:\/\/www.pioneer-cbh.com\/fr\/elite-class\/","name":"H\u00f4tel 4 \u00e9toiles \u00e0 Paphos avec tout compris| Pioneer Beach Hotel","isPartOf":{"@id":"https:\/\/www.pioneer-cbh.com\/fr\/#website"},"primaryImageOfPage":{"@id":"https:\/\/www.pioneer-cbh.com\/fr\/elite-class\/#primaryimage"},"image":{"@id":"https:\/\/www.pioneer-cbh.com\/fr\/elite-class\/#primaryimage"},"thumbnailUrl":"https:\/\/pioneer-cbh.com\/wp-content\/uploads\/sites\/33\/2019\/11\/elite-class-logo.png","datePublished":"2022-03-21T13:47:52+00:00","dateModified":"2026-04-03T12:49:07+00:00","description":"Go Elite at Pioneer Beach est un h\u00f4tel 4 \u00e9toiles \u00e0 Paphos r\u00e9serv\u00e9 aux adultes et proposant une formule tout compris, pour profiter d'une libert\u00e9 absolue et d'innombrables avantages pendant votre s\u00e9jour.","breadcrumb":{"@id":"https:\/\/www.pioneer-cbh.com\/fr\/elite-class\/#breadcrumb"},"inLanguage":"fr-FR","potentialAction":[{"@type":"ReadAction","target":["https:\/\/www.pioneer-cbh.com\/fr\/elite-class\/"]}]},{"@type":"ImageObject","inLanguage":"fr-FR","@id":"https:\/\/www.pioneer-cbh.com\/fr\/elite-class\/#primaryimage","url":"https:\/\/pioneer-cbh.com\/wp-content\/uploads\/sites\/33\/2019\/11\/elite-class-logo.png","contentUrl":"https:\/\/pioneer-cbh.com\/wp-content\/uploads\/sites\/33\/2019\/11\/elite-class-logo.png"},{"@type":"BreadcrumbList","@id":"https:\/\/www.pioneer-cbh.com\/fr\/elite-class\/#breadcrumb","itemListElement":[{"@type":"ListItem","position":1,"name":"Home","item":"https:\/\/www.pioneer-cbh.com\/fr\/"},{"@type":"ListItem","position":2,"name":"Classe Elite"}]},{"@type":"WebSite","@id":"https:\/\/www.pioneer-cbh.com\/fr\/#website","url":"https:\/\/www.pioneer-cbh.com\/fr\/","name":"Pioneer Beach Hotel","description":"Constantinou Bros Pioneer Beach Hotel, 4 star hotel in Paphos Cyprus","potentialAction":[{"@type":"SearchAction","target":{"@type":"EntryPoint","urlTemplate":"https:\/\/www.pioneer-cbh.com\/fr\/?s={search_term_string}"},"query-input":{"@type":"PropertyValueSpecification","valueRequired":true,"valueName":"search_term_string"}}],"inLanguage":"fr-FR"}]}},"_links":{"self":[{"href":"https:\/\/www.pioneer-cbh.com\/fr\/wp-json\/wp\/v2\/pages\/5550","targetHints":{"allow":["GET"]}}],"collection":[{"href":"https:\/\/www.pioneer-cbh.com\/fr\/wp-json\/wp\/v2\/pages"}],"about":[{"href":"https:\/\/www.pioneer-cbh.com\/fr\/wp-json\/wp\/v2\/types\/page"}],"author":[{"embeddable":true,"href":"https:\/\/www.pioneer-cbh.com\/fr\/wp-json\/wp\/v2\/users\/1"}],"replies":[{"embeddable":true,"href":"https:\/\/www.pioneer-cbh.com\/fr\/wp-json\/wp\/v2\/comments?post=5550"}],"version-history":[{"count":6,"href":"https:\/\/www.pioneer-cbh.com\/fr\/wp-json\/wp\/v2\/pages\/5550\/revisions"}],"predecessor-version":[{"id":13103,"href":"https:\/\/www.pioneer-cbh.com\/fr\/wp-json\/wp\/v2\/pages\/5550\/revisions\/13103"}],"wp:attachment":[{"href":"https:\/\/www.pioneer-cbh.com\/fr\/wp-json\/wp\/v2\/media?parent=5550"}],"curies":[{"name":"wp","href":"https:\/\/api.w.org\/{rel}","templated":true}]}}