{"id":5537,"date":"2022-03-21T16:45:48","date_gmt":"2022-03-21T13:45:48","guid":{"rendered":"https:\/\/www.pioneer-cbh.com\/home\/"},"modified":"2025-09-24T12:09:44","modified_gmt":"2025-09-24T09:09:44","slug":"home","status":"publish","type":"page","link":"https:\/\/www.pioneer-cbh.com\/fr\/","title":{"rendered":"Faites l&rsquo;exp\u00e9rience d&rsquo;un v\u00e9ritable luxe en bord de mer"},"content":{"rendered":"<p>Notre h\u00f4tel 4 \u00e9toiles en bord de mer \u00e0 Kato Paphos rendra vos vacances \u00e0 Chypre vraiment sensationnelles. Un monde de sensations vous attend, o\u00f9 bien que vous soyez entour\u00e9 d&rsquo;un large \u00e9ventail d&rsquo;installations, vous pourrez d\u00e9couvrir notre approche personnelle de l&rsquo;hospitalit\u00e9.<\/p>\n<p style=\"text-align: center;\"><a href=\"https:\/\/www.pioneer-cbh.com\/fr\/the-hotel\/\">Lire la suite<\/a><\/p>\n","protected":false},"excerpt":{"rendered":"<p>Notre h\u00f4tel 4 \u00e9toiles en bord de mer \u00e0 Kato Paphos rendra vos vacances \u00e0 Chypre vraiment sensationnelles. Un monde de sensations vous attend, o\u00f9 bien que vous soyez entour\u00e9 d&rsquo;un large \u00e9ventail d&rsquo;installations, vous pourrez d\u00e9couvrir notre approche personnelle de l&rsquo;hospitalit\u00e9. Lire la suite<\/p>\n","protected":false},"author":1,"featured_media":7650,"parent":0,"menu_order":0,"comment_status":"closed","ping_status":"closed","template":"","meta":{"_acf_changed":false,"footnotes":""},"class_list":["post-5537","page","type-page","status-publish","has-post-thumbnail","hentry"],"acf":[],"yoast_head":"<!-- This site is optimized with the Yoast SEO plugin v27.4 - https:\/\/yoast.com\/product\/yoast-seo-wordpress\/ -->\n<title>H\u00f4tel de bord de mer Paphos | Constantinou Bros Pioneer Beach Hotel<\/title>\n<meta name=\"description\" content=\"Le Constantinou Bros Pioneer Beach Hotel est un h\u00f4tel 4 \u00e9toiles en bord de mer \u00e0 Paphos pour les clients de plus de 16 ans, id\u00e9al pour des vacances inoubliables.\" \/>\n<meta name=\"robots\" content=\"index, follow, max-snippet:-1, max-image-preview:large, max-video-preview:-1\" \/>\n<link rel=\"canonical\" href=\"https:\/\/www.pioneer-cbh.com\/fr\/\" \/>\n<meta property=\"og:locale\" content=\"fr_FR\" \/>\n<meta property=\"og:type\" content=\"article\" \/>\n<meta property=\"og:title\" content=\"H\u00f4tel de bord de mer Paphos | Constantinou Bros Pioneer Beach Hotel\" \/>\n<meta property=\"og:description\" content=\"Le Constantinou Bros Pioneer Beach Hotel est un h\u00f4tel 4 \u00e9toiles en bord de mer \u00e0 Paphos pour les clients de plus de 16 ans, id\u00e9al pour des vacances inoubliables.\" \/>\n<meta property=\"og:url\" content=\"https:\/\/www.pioneer-cbh.com\/fr\/\" \/>\n<meta property=\"og:site_name\" content=\"Pioneer Beach Hotel\" \/>\n<meta property=\"article:modified_time\" content=\"2025-09-24T09:09:44+00:00\" \/>\n<meta property=\"og:image\" content=\"https:\/\/www.pioneer-cbh.com\/app\/uploads\/sites\/33\/2022\/07\/11-PIONEER-BEACH-HOTEL-THALASSA-MEDITERRANEAN-RESTAURANT-scaled.jpg\" \/>\n\t<meta property=\"og:image:width\" content=\"2560\" \/>\n\t<meta property=\"og:image:height\" content=\"1703\" \/>\n\t<meta property=\"og:image:type\" content=\"image\/jpeg\" \/>\n<meta name=\"twitter:card\" content=\"summary_large_image\" \/>\n<meta name=\"twitter:label1\" content=\"Dur\u00e9e de lecture estim\u00e9e\" \/>\n\t<meta name=\"twitter:data1\" content=\"1 minute\" \/>\n<script type=\"application\/ld+json\" class=\"yoast-schema-graph\">{\"@context\":\"https:\\\/\\\/schema.org\",\"@graph\":[{\"@type\":\"WebPage\",\"@id\":\"https:\\\/\\\/www.pioneer-cbh.com\\\/fr\\\/\",\"url\":\"https:\\\/\\\/www.pioneer-cbh.com\\\/fr\\\/\",\"name\":\"H\u00f4tel de bord de mer Paphos | Constantinou Bros Pioneer Beach Hotel\",\"isPartOf\":{\"@id\":\"https:\\\/\\\/www.pioneer-cbh.com\\\/fr\\\/#website\"},\"primaryImageOfPage\":{\"@id\":\"https:\\\/\\\/www.pioneer-cbh.com\\\/fr\\\/#primaryimage\"},\"image\":{\"@id\":\"https:\\\/\\\/www.pioneer-cbh.com\\\/fr\\\/#primaryimage\"},\"thumbnailUrl\":\"https:\\\/\\\/www.pioneer-cbh.com\\\/app\\\/uploads\\\/sites\\\/33\\\/2022\\\/07\\\/11-PIONEER-BEACH-HOTEL-THALASSA-MEDITERRANEAN-RESTAURANT-scaled.jpg\",\"datePublished\":\"2022-03-21T13:45:48+00:00\",\"dateModified\":\"2025-09-24T09:09:44+00:00\",\"description\":\"Le Constantinou Bros Pioneer Beach Hotel est un h\u00f4tel 4 \u00e9toiles en bord de mer \u00e0 Paphos pour les clients de plus de 16 ans, id\u00e9al pour des vacances inoubliables.\",\"breadcrumb\":{\"@id\":\"https:\\\/\\\/www.pioneer-cbh.com\\\/fr\\\/#breadcrumb\"},\"inLanguage\":\"fr-FR\",\"potentialAction\":[{\"@type\":\"ReadAction\",\"target\":[\"https:\\\/\\\/www.pioneer-cbh.com\\\/fr\\\/\"]}]},{\"@type\":\"ImageObject\",\"inLanguage\":\"fr-FR\",\"@id\":\"https:\\\/\\\/www.pioneer-cbh.com\\\/fr\\\/#primaryimage\",\"url\":\"https:\\\/\\\/www.pioneer-cbh.com\\\/app\\\/uploads\\\/sites\\\/33\\\/2022\\\/07\\\/11-PIONEER-BEACH-HOTEL-THALASSA-MEDITERRANEAN-RESTAURANT-scaled.jpg\",\"contentUrl\":\"https:\\\/\\\/www.pioneer-cbh.com\\\/app\\\/uploads\\\/sites\\\/33\\\/2022\\\/07\\\/11-PIONEER-BEACH-HOTEL-THALASSA-MEDITERRANEAN-RESTAURANT-scaled.jpg\",\"width\":2560,\"height\":1703},{\"@type\":\"BreadcrumbList\",\"@id\":\"https:\\\/\\\/www.pioneer-cbh.com\\\/fr\\\/#breadcrumb\",\"itemListElement\":[{\"@type\":\"ListItem\",\"position\":1,\"name\":\"Home\",\"item\":\"https:\\\/\\\/www.pioneer-cbh.com\\\/fr\\\/\"},{\"@type\":\"ListItem\",\"position\":2,\"name\":\"Faites l&rsquo;exp\u00e9rience d&rsquo;un v\u00e9ritable luxe en bord de mer\"}]},{\"@type\":\"WebSite\",\"@id\":\"https:\\\/\\\/www.pioneer-cbh.com\\\/fr\\\/#website\",\"url\":\"https:\\\/\\\/www.pioneer-cbh.com\\\/fr\\\/\",\"name\":\"Pioneer Beach Hotel\",\"description\":\"Constantinou Bros Pioneer Beach Hotel, 4 star hotel in Paphos Cyprus\",\"potentialAction\":[{\"@type\":\"SearchAction\",\"target\":{\"@type\":\"EntryPoint\",\"urlTemplate\":\"https:\\\/\\\/www.pioneer-cbh.com\\\/fr\\\/?s={search_term_string}\"},\"query-input\":{\"@type\":\"PropertyValueSpecification\",\"valueRequired\":true,\"valueName\":\"search_term_string\"}}],\"inLanguage\":\"fr-FR\"}]}<\/script>\n<!-- \/ Yoast SEO plugin. -->","yoast_head_json":{"title":"H\u00f4tel de bord de mer Paphos | Constantinou Bros Pioneer Beach Hotel","description":"Le Constantinou Bros Pioneer Beach Hotel est un h\u00f4tel 4 \u00e9toiles en bord de mer \u00e0 Paphos pour les clients de plus de 16 ans, id\u00e9al pour des vacances inoubliables.","robots":{"index":"index","follow":"follow","max-snippet":"max-snippet:-1","max-image-preview":"max-image-preview:large","max-video-preview":"max-video-preview:-1"},"canonical":"https:\/\/www.pioneer-cbh.com\/fr\/","og_locale":"fr_FR","og_type":"article","og_title":"H\u00f4tel de bord de mer Paphos | Constantinou Bros Pioneer Beach Hotel","og_description":"Le Constantinou Bros Pioneer Beach Hotel est un h\u00f4tel 4 \u00e9toiles en bord de mer \u00e0 Paphos pour les clients de plus de 16 ans, id\u00e9al pour des vacances inoubliables.","og_url":"https:\/\/www.pioneer-cbh.com\/fr\/","og_site_name":"Pioneer Beach Hotel","article_modified_time":"2025-09-24T09:09:44+00:00","og_image":[{"width":2560,"height":1703,"url":"https:\/\/www.pioneer-cbh.com\/app\/uploads\/sites\/33\/2022\/07\/11-PIONEER-BEACH-HOTEL-THALASSA-MEDITERRANEAN-RESTAURANT-scaled.jpg","type":"image\/jpeg"}],"twitter_card":"summary_large_image","twitter_misc":{"Dur\u00e9e de lecture estim\u00e9e":"1 minute"},"schema":{"@context":"https:\/\/schema.org","@graph":[{"@type":"WebPage","@id":"https:\/\/www.pioneer-cbh.com\/fr\/","url":"https:\/\/www.pioneer-cbh.com\/fr\/","name":"H\u00f4tel de bord de mer Paphos | Constantinou Bros Pioneer Beach Hotel","isPartOf":{"@id":"https:\/\/www.pioneer-cbh.com\/fr\/#website"},"primaryImageOfPage":{"@id":"https:\/\/www.pioneer-cbh.com\/fr\/#primaryimage"},"image":{"@id":"https:\/\/www.pioneer-cbh.com\/fr\/#primaryimage"},"thumbnailUrl":"https:\/\/www.pioneer-cbh.com\/app\/uploads\/sites\/33\/2022\/07\/11-PIONEER-BEACH-HOTEL-THALASSA-MEDITERRANEAN-RESTAURANT-scaled.jpg","datePublished":"2022-03-21T13:45:48+00:00","dateModified":"2025-09-24T09:09:44+00:00","description":"Le Constantinou Bros Pioneer Beach Hotel est un h\u00f4tel 4 \u00e9toiles en bord de mer \u00e0 Paphos pour les clients de plus de 16 ans, id\u00e9al pour des vacances inoubliables.","breadcrumb":{"@id":"https:\/\/www.pioneer-cbh.com\/fr\/#breadcrumb"},"inLanguage":"fr-FR","potentialAction":[{"@type":"ReadAction","target":["https:\/\/www.pioneer-cbh.com\/fr\/"]}]},{"@type":"ImageObject","inLanguage":"fr-FR","@id":"https:\/\/www.pioneer-cbh.com\/fr\/#primaryimage","url":"https:\/\/www.pioneer-cbh.com\/app\/uploads\/sites\/33\/2022\/07\/11-PIONEER-BEACH-HOTEL-THALASSA-MEDITERRANEAN-RESTAURANT-scaled.jpg","contentUrl":"https:\/\/www.pioneer-cbh.com\/app\/uploads\/sites\/33\/2022\/07\/11-PIONEER-BEACH-HOTEL-THALASSA-MEDITERRANEAN-RESTAURANT-scaled.jpg","width":2560,"height":1703},{"@type":"BreadcrumbList","@id":"https:\/\/www.pioneer-cbh.com\/fr\/#breadcrumb","itemListElement":[{"@type":"ListItem","position":1,"name":"Home","item":"https:\/\/www.pioneer-cbh.com\/fr\/"},{"@type":"ListItem","position":2,"name":"Faites l&rsquo;exp\u00e9rience d&rsquo;un v\u00e9ritable luxe en bord de mer"}]},{"@type":"WebSite","@id":"https:\/\/www.pioneer-cbh.com\/fr\/#website","url":"https:\/\/www.pioneer-cbh.com\/fr\/","name":"Pioneer Beach Hotel","description":"Constantinou Bros Pioneer Beach Hotel, 4 star hotel in Paphos Cyprus","potentialAction":[{"@type":"SearchAction","target":{"@type":"EntryPoint","urlTemplate":"https:\/\/www.pioneer-cbh.com\/fr\/?s={search_term_string}"},"query-input":{"@type":"PropertyValueSpecification","valueRequired":true,"valueName":"search_term_string"}}],"inLanguage":"fr-FR"}]}},"_links":{"self":[{"href":"https:\/\/www.pioneer-cbh.com\/fr\/wp-json\/wp\/v2\/pages\/5537","targetHints":{"allow":["GET"]}}],"collection":[{"href":"https:\/\/www.pioneer-cbh.com\/fr\/wp-json\/wp\/v2\/pages"}],"about":[{"href":"https:\/\/www.pioneer-cbh.com\/fr\/wp-json\/wp\/v2\/types\/page"}],"author":[{"embeddable":true,"href":"https:\/\/www.pioneer-cbh.com\/fr\/wp-json\/wp\/v2\/users\/1"}],"replies":[{"embeddable":true,"href":"https:\/\/www.pioneer-cbh.com\/fr\/wp-json\/wp\/v2\/comments?post=5537"}],"version-history":[{"count":14,"href":"https:\/\/www.pioneer-cbh.com\/fr\/wp-json\/wp\/v2\/pages\/5537\/revisions"}],"predecessor-version":[{"id":12930,"href":"https:\/\/www.pioneer-cbh.com\/fr\/wp-json\/wp\/v2\/pages\/5537\/revisions\/12930"}],"wp:featuredmedia":[{"embeddable":true,"href":"https:\/\/www.pioneer-cbh.com\/fr\/wp-json\/wp\/v2\/media\/7650"}],"wp:attachment":[{"href":"https:\/\/www.pioneer-cbh.com\/fr\/wp-json\/wp\/v2\/media?parent=5537"}],"curies":[{"name":"wp","href":"https:\/\/api.w.org\/{rel}","templated":true}]}}