{"id":5531,"date":"2022-03-21T16:45:14","date_gmt":"2022-03-21T13:45:14","guid":{"rendered":"https:\/\/www.pioneer-cbh.com\/cyprus-breakfast-at-constantinou-bros-hotels\/"},"modified":"2024-09-18T14:13:42","modified_gmt":"2024-09-18T11:13:42","slug":"cyprus-breakfast-at-constantinou-bros-hotels","status":"publish","type":"page","link":"https:\/\/www.pioneer-cbh.com\/fr\/news\/cyprus-breakfast-at-constantinou-bros-hotels\/","title":{"rendered":"Petit-d\u00e9jeuner chypriote \u00e0 l&rsquo;h\u00f4tel Constantinou Bros."},"content":{"rendered":"<p>Les h\u00f4tels Constantinou Bros sont r\u00e9cemment devenus membres du programme Cyprus Breakfast. Ce programme a \u00e9t\u00e9 cr\u00e9\u00e9 par l&rsquo;Organisation du tourisme chypriote (CTO), la Travel Foundation (Royaume-Uni) et l&rsquo;Initiative chypriote pour le tourisme durable (CSTI) dans le cadre du programme \u00ab\u00a0Cyprus Destination Partnership\u00a0\u00bb, afin de promouvoir l&rsquo;histoire et la culture de la gastronomie locale traditionnelle et de renforcer l&rsquo;authenticit\u00e9 des h\u00f4tels \u00e0 Chypre. Les h\u00f4tels Constantinou Bros soutiennent le \u00ab\u00a0petit-d\u00e9jeuner chypriote\u00a0\u00bb et mettent en valeur l&rsquo;identit\u00e9 chypriote en proposant une gamme de produits locaux \u00e0 leurs clients. Le buffet contient une grande s\u00e9lection de sp\u00e9cialit\u00e9s chypriotes, dont le traditionnel fromage halloumi et l&rsquo;anari, la tarte halloumi et la tarte aux olives faites maison, ainsi que des fruits frais locaux li\u00e9s \u00e0 l&rsquo;authenticit\u00e9 de Chypre. Nos clients peuvent go\u00fbter aux d\u00e9lices uniques et traditionnels de l&rsquo;\u00eele et aux ar\u00f4mes des produits d\u00e9riv\u00e9s de la vie de la famille rurale, tels que le lait de ch\u00e8vre frais, les olives vertes, le souzouko (un bonbon traditionnel \u00e0 base de mo\u00fbt de raisin, de noix et de farine), les boulettes au sirop de caroube, les herbes fra\u00eeches, les viandes fum\u00e9es de Chypre et les bonbons \u00e0 la cuill\u00e8re (fruits conserv\u00e9s dans du sirop) tels que le \u00ab\u00a0glyko karidaki\u00a0\u00bb (bonbon \u00e0 la cuill\u00e8re aux noix), qui sont tous produits naturellement par nos communaut\u00e9s locales. Les h\u00f4tels Constantinou Bros ont adopt\u00e9 le \u00ab\u00a0petit-d\u00e9jeuner chypriote\u00a0\u00bb et ajoutent continuellement des saveurs traditionnelles pour enrichir le coin \u00ab\u00a0petit-d\u00e9jeuner chypriote\u00a0\u00bb de l&rsquo;h\u00f4tel. Nous avons \u00e9galement inclus r\u00e9cemment des \u00ab\u00a0kserotigana\u00a0\u00bb (beignets avec du miel et des noix) et des \u00ab\u00a0bourekia avec anari\u00a0\u00bb (un type de p\u00e2tisserie fourr\u00e9e d&rsquo;un fromage blanc \u00e0 p\u00e2te molle), ainsi qu&rsquo;un \u00e9ventail de noix et de fruits secs locaux, tels que des amandes, des noix, des noisettes, des graines de tournesol, ainsi que des abricots secs, des dattes, des figues et bien d&rsquo;autres encore. Laissez-vous tenter par le petit-d\u00e9jeuner anglais et continental et, pendant vos vacances dans les h\u00f4tels Constantinou Bros, offrez-vous un petit-d\u00e9jeuner sain. Laissez-vous tenter par notre petit-d\u00e9jeuner chypriote.<\/p>\n","protected":false},"excerpt":{"rendered":"<p>Les h\u00f4tels Constantinou Bros sont r\u00e9cemment devenus membres du programme Cyprus Breakfast. Ce programme a \u00e9t\u00e9 cr\u00e9\u00e9 par l&rsquo;Organisation du tourisme chypriote (CTO), la Travel Foundation (Royaume-Uni) et l&rsquo;Initiative chypriote pour le tourisme durable (CSTI) dans le cadre du programme \u00ab\u00a0Cyprus Destination Partnership\u00a0\u00bb, afin de promouvoir l&rsquo;histoire et la culture de la gastronomie locale traditionnelle<\/p>\n","protected":false},"author":12,"featured_media":5331,"parent":5571,"menu_order":0,"comment_status":"closed","ping_status":"closed","template":"","meta":{"_acf_changed":false,"footnotes":""},"class_list":["post-5531","page","type-page","status-publish","has-post-thumbnail","hentry"],"acf":[],"yoast_head":"<!-- This site is optimized with the Yoast SEO plugin v27.5 - https:\/\/yoast.com\/product\/yoast-seo-wordpress\/ -->\n<title>Petit-d\u00e9jeuner chypriote \u00e0 l&#039;h\u00f4tel Constantinou Bros. - Pioneer Beach Hotel<\/title>\n<meta name=\"robots\" content=\"index, follow, max-snippet:-1, max-image-preview:large, max-video-preview:-1\" \/>\n<link rel=\"canonical\" href=\"https:\/\/www.pioneer-cbh.com\/fr\/news\/cyprus-breakfast-at-constantinou-bros-hotels\/\" \/>\n<meta property=\"og:locale\" content=\"fr_FR\" \/>\n<meta property=\"og:type\" content=\"article\" \/>\n<meta property=\"og:title\" content=\"Petit-d\u00e9jeuner chypriote \u00e0 l&#039;h\u00f4tel Constantinou Bros. - Pioneer Beach Hotel\" \/>\n<meta property=\"og:description\" content=\"Les h\u00f4tels Constantinou Bros sont r\u00e9cemment devenus membres du programme Cyprus Breakfast. Ce programme a \u00e9t\u00e9 cr\u00e9\u00e9 par l&rsquo;Organisation du tourisme chypriote (CTO), la Travel Foundation (Royaume-Uni) et l&rsquo;Initiative chypriote pour le tourisme durable (CSTI) dans le cadre du programme \u00ab\u00a0Cyprus Destination Partnership\u00a0\u00bb, afin de promouvoir l&rsquo;histoire et la culture de la gastronomie locale traditionnelle\" \/>\n<meta property=\"og:url\" content=\"https:\/\/www.pioneer-cbh.com\/fr\/news\/cyprus-breakfast-at-constantinou-bros-hotels\/\" \/>\n<meta property=\"og:site_name\" content=\"Pioneer Beach Hotel\" \/>\n<meta property=\"article:modified_time\" content=\"2024-09-18T11:13:42+00:00\" \/>\n<meta property=\"og:image\" content=\"https:\/\/www.pioneer-cbh.com\/app\/uploads\/sites\/33\/2019\/12\/Pioneer-Cyprus-Breakfast.jpg\" \/>\n\t<meta property=\"og:image:width\" content=\"2481\" \/>\n\t<meta property=\"og:image:height\" content=\"1754\" \/>\n\t<meta property=\"og:image:type\" content=\"image\/jpeg\" \/>\n<meta name=\"twitter:card\" content=\"summary_large_image\" \/>\n<meta name=\"twitter:label1\" content=\"Dur\u00e9e de lecture estim\u00e9e\" \/>\n\t<meta name=\"twitter:data1\" content=\"2 minutes\" \/>\n<script type=\"application\/ld+json\" class=\"yoast-schema-graph\">{\"@context\":\"https:\\\/\\\/schema.org\",\"@graph\":[{\"@type\":\"WebPage\",\"@id\":\"https:\\\/\\\/www.pioneer-cbh.com\\\/fr\\\/news\\\/cyprus-breakfast-at-constantinou-bros-hotels\\\/\",\"url\":\"https:\\\/\\\/www.pioneer-cbh.com\\\/fr\\\/news\\\/cyprus-breakfast-at-constantinou-bros-hotels\\\/\",\"name\":\"Petit-d\u00e9jeuner chypriote \u00e0 l'h\u00f4tel Constantinou Bros. - Pioneer Beach Hotel\",\"isPartOf\":{\"@id\":\"https:\\\/\\\/www.pioneer-cbh.com\\\/fr\\\/#website\"},\"primaryImageOfPage\":{\"@id\":\"https:\\\/\\\/www.pioneer-cbh.com\\\/fr\\\/news\\\/cyprus-breakfast-at-constantinou-bros-hotels\\\/#primaryimage\"},\"image\":{\"@id\":\"https:\\\/\\\/www.pioneer-cbh.com\\\/fr\\\/news\\\/cyprus-breakfast-at-constantinou-bros-hotels\\\/#primaryimage\"},\"thumbnailUrl\":\"https:\\\/\\\/www.pioneer-cbh.com\\\/app\\\/uploads\\\/sites\\\/33\\\/2019\\\/12\\\/Pioneer-Cyprus-Breakfast.jpg\",\"datePublished\":\"2022-03-21T13:45:14+00:00\",\"dateModified\":\"2024-09-18T11:13:42+00:00\",\"breadcrumb\":{\"@id\":\"https:\\\/\\\/www.pioneer-cbh.com\\\/fr\\\/news\\\/cyprus-breakfast-at-constantinou-bros-hotels\\\/#breadcrumb\"},\"inLanguage\":\"fr-FR\",\"potentialAction\":[{\"@type\":\"ReadAction\",\"target\":[\"https:\\\/\\\/www.pioneer-cbh.com\\\/fr\\\/news\\\/cyprus-breakfast-at-constantinou-bros-hotels\\\/\"]}]},{\"@type\":\"ImageObject\",\"inLanguage\":\"fr-FR\",\"@id\":\"https:\\\/\\\/www.pioneer-cbh.com\\\/fr\\\/news\\\/cyprus-breakfast-at-constantinou-bros-hotels\\\/#primaryimage\",\"url\":\"https:\\\/\\\/www.pioneer-cbh.com\\\/app\\\/uploads\\\/sites\\\/33\\\/2019\\\/12\\\/Pioneer-Cyprus-Breakfast.jpg\",\"contentUrl\":\"https:\\\/\\\/www.pioneer-cbh.com\\\/app\\\/uploads\\\/sites\\\/33\\\/2019\\\/12\\\/Pioneer-Cyprus-Breakfast.jpg\",\"width\":2481,\"height\":1754},{\"@type\":\"BreadcrumbList\",\"@id\":\"https:\\\/\\\/www.pioneer-cbh.com\\\/fr\\\/news\\\/cyprus-breakfast-at-constantinou-bros-hotels\\\/#breadcrumb\",\"itemListElement\":[{\"@type\":\"ListItem\",\"position\":1,\"name\":\"Home\",\"item\":\"https:\\\/\\\/www.pioneer-cbh.com\\\/fr\\\/\"},{\"@type\":\"ListItem\",\"position\":2,\"name\":\"BLOG\",\"item\":\"https:\\\/\\\/www.pioneer-cbh.com\\\/fr\\\/news\\\/\"},{\"@type\":\"ListItem\",\"position\":3,\"name\":\"Petit-d\u00e9jeuner chypriote \u00e0 l&#8217;h\u00f4tel Constantinou Bros.\"}]},{\"@type\":\"WebSite\",\"@id\":\"https:\\\/\\\/www.pioneer-cbh.com\\\/fr\\\/#website\",\"url\":\"https:\\\/\\\/www.pioneer-cbh.com\\\/fr\\\/\",\"name\":\"Pioneer Beach Hotel\",\"description\":\"Constantinou Bros Pioneer Beach Hotel, 4 star hotel in Paphos Cyprus\",\"potentialAction\":[{\"@type\":\"SearchAction\",\"target\":{\"@type\":\"EntryPoint\",\"urlTemplate\":\"https:\\\/\\\/www.pioneer-cbh.com\\\/fr\\\/?s={search_term_string}\"},\"query-input\":{\"@type\":\"PropertyValueSpecification\",\"valueRequired\":true,\"valueName\":\"search_term_string\"}}],\"inLanguage\":\"fr-FR\"}]}<\/script>\n<!-- \/ Yoast SEO plugin. -->","yoast_head_json":{"title":"Petit-d\u00e9jeuner chypriote \u00e0 l'h\u00f4tel Constantinou Bros. - Pioneer Beach Hotel","robots":{"index":"index","follow":"follow","max-snippet":"max-snippet:-1","max-image-preview":"max-image-preview:large","max-video-preview":"max-video-preview:-1"},"canonical":"https:\/\/www.pioneer-cbh.com\/fr\/news\/cyprus-breakfast-at-constantinou-bros-hotels\/","og_locale":"fr_FR","og_type":"article","og_title":"Petit-d\u00e9jeuner chypriote \u00e0 l'h\u00f4tel Constantinou Bros. - Pioneer Beach Hotel","og_description":"Les h\u00f4tels Constantinou Bros sont r\u00e9cemment devenus membres du programme Cyprus Breakfast. Ce programme a \u00e9t\u00e9 cr\u00e9\u00e9 par l&rsquo;Organisation du tourisme chypriote (CTO), la Travel Foundation (Royaume-Uni) et l&rsquo;Initiative chypriote pour le tourisme durable (CSTI) dans le cadre du programme \u00ab\u00a0Cyprus Destination Partnership\u00a0\u00bb, afin de promouvoir l&rsquo;histoire et la culture de la gastronomie locale traditionnelle","og_url":"https:\/\/www.pioneer-cbh.com\/fr\/news\/cyprus-breakfast-at-constantinou-bros-hotels\/","og_site_name":"Pioneer Beach Hotel","article_modified_time":"2024-09-18T11:13:42+00:00","og_image":[{"width":2481,"height":1754,"url":"https:\/\/www.pioneer-cbh.com\/app\/uploads\/sites\/33\/2019\/12\/Pioneer-Cyprus-Breakfast.jpg","type":"image\/jpeg"}],"twitter_card":"summary_large_image","twitter_misc":{"Dur\u00e9e de lecture estim\u00e9e":"2 minutes"},"schema":{"@context":"https:\/\/schema.org","@graph":[{"@type":"WebPage","@id":"https:\/\/www.pioneer-cbh.com\/fr\/news\/cyprus-breakfast-at-constantinou-bros-hotels\/","url":"https:\/\/www.pioneer-cbh.com\/fr\/news\/cyprus-breakfast-at-constantinou-bros-hotels\/","name":"Petit-d\u00e9jeuner chypriote \u00e0 l'h\u00f4tel Constantinou Bros. - Pioneer Beach Hotel","isPartOf":{"@id":"https:\/\/www.pioneer-cbh.com\/fr\/#website"},"primaryImageOfPage":{"@id":"https:\/\/www.pioneer-cbh.com\/fr\/news\/cyprus-breakfast-at-constantinou-bros-hotels\/#primaryimage"},"image":{"@id":"https:\/\/www.pioneer-cbh.com\/fr\/news\/cyprus-breakfast-at-constantinou-bros-hotels\/#primaryimage"},"thumbnailUrl":"https:\/\/www.pioneer-cbh.com\/app\/uploads\/sites\/33\/2019\/12\/Pioneer-Cyprus-Breakfast.jpg","datePublished":"2022-03-21T13:45:14+00:00","dateModified":"2024-09-18T11:13:42+00:00","breadcrumb":{"@id":"https:\/\/www.pioneer-cbh.com\/fr\/news\/cyprus-breakfast-at-constantinou-bros-hotels\/#breadcrumb"},"inLanguage":"fr-FR","potentialAction":[{"@type":"ReadAction","target":["https:\/\/www.pioneer-cbh.com\/fr\/news\/cyprus-breakfast-at-constantinou-bros-hotels\/"]}]},{"@type":"ImageObject","inLanguage":"fr-FR","@id":"https:\/\/www.pioneer-cbh.com\/fr\/news\/cyprus-breakfast-at-constantinou-bros-hotels\/#primaryimage","url":"https:\/\/www.pioneer-cbh.com\/app\/uploads\/sites\/33\/2019\/12\/Pioneer-Cyprus-Breakfast.jpg","contentUrl":"https:\/\/www.pioneer-cbh.com\/app\/uploads\/sites\/33\/2019\/12\/Pioneer-Cyprus-Breakfast.jpg","width":2481,"height":1754},{"@type":"BreadcrumbList","@id":"https:\/\/www.pioneer-cbh.com\/fr\/news\/cyprus-breakfast-at-constantinou-bros-hotels\/#breadcrumb","itemListElement":[{"@type":"ListItem","position":1,"name":"Home","item":"https:\/\/www.pioneer-cbh.com\/fr\/"},{"@type":"ListItem","position":2,"name":"BLOG","item":"https:\/\/www.pioneer-cbh.com\/fr\/news\/"},{"@type":"ListItem","position":3,"name":"Petit-d\u00e9jeuner chypriote \u00e0 l&#8217;h\u00f4tel Constantinou Bros."}]},{"@type":"WebSite","@id":"https:\/\/www.pioneer-cbh.com\/fr\/#website","url":"https:\/\/www.pioneer-cbh.com\/fr\/","name":"Pioneer Beach Hotel","description":"Constantinou Bros Pioneer Beach Hotel, 4 star hotel in Paphos Cyprus","potentialAction":[{"@type":"SearchAction","target":{"@type":"EntryPoint","urlTemplate":"https:\/\/www.pioneer-cbh.com\/fr\/?s={search_term_string}"},"query-input":{"@type":"PropertyValueSpecification","valueRequired":true,"valueName":"search_term_string"}}],"inLanguage":"fr-FR"}]}},"_links":{"self":[{"href":"https:\/\/www.pioneer-cbh.com\/fr\/wp-json\/wp\/v2\/pages\/5531","targetHints":{"allow":["GET"]}}],"collection":[{"href":"https:\/\/www.pioneer-cbh.com\/fr\/wp-json\/wp\/v2\/pages"}],"about":[{"href":"https:\/\/www.pioneer-cbh.com\/fr\/wp-json\/wp\/v2\/types\/page"}],"author":[{"embeddable":true,"href":"https:\/\/www.pioneer-cbh.com\/fr\/wp-json\/wp\/v2\/users\/12"}],"replies":[{"embeddable":true,"href":"https:\/\/www.pioneer-cbh.com\/fr\/wp-json\/wp\/v2\/comments?post=5531"}],"version-history":[{"count":2,"href":"https:\/\/www.pioneer-cbh.com\/fr\/wp-json\/wp\/v2\/pages\/5531\/revisions"}],"predecessor-version":[{"id":11521,"href":"https:\/\/www.pioneer-cbh.com\/fr\/wp-json\/wp\/v2\/pages\/5531\/revisions\/11521"}],"up":[{"embeddable":true,"href":"https:\/\/www.pioneer-cbh.com\/fr\/wp-json\/wp\/v2\/pages\/5571"}],"wp:featuredmedia":[{"embeddable":true,"href":"https:\/\/www.pioneer-cbh.com\/fr\/wp-json\/wp\/v2\/media\/5331"}],"wp:attachment":[{"href":"https:\/\/www.pioneer-cbh.com\/fr\/wp-json\/wp\/v2\/media?parent=5531"}],"curies":[{"name":"wp","href":"https:\/\/api.w.org\/{rel}","templated":true}]}}