{"id":11636,"date":"2024-07-23T11:35:22","date_gmt":"2024-07-23T08:35:22","guid":{"rendered":"https:\/\/www.pioneer-cbh.com\/lune-de-miel-vacances\/"},"modified":"2024-09-18T14:57:35","modified_gmt":"2024-09-18T11:57:35","slug":"lune-de-miel-vacances","status":"publish","type":"page","link":"https:\/\/www.pioneer-cbh.com\/fr\/lune-de-miel-vacances\/","title":{"rendered":"Vacances lune de miel"},"content":{"rendered":"<h1 class=\"entry-title title-size font-regular text-center my-5\">Votre romance s&rsquo;\u00e9panouit dans notre station baln\u00e9aire de Paphos pour votre lune de miel<\/h1>\n<p>Les h\u00f4tels Constantinou Bros s&rsquo;efforcent de rendre votre lune de miel totalement m\u00e9morable.<br \/>\nUne fois le grand jour termin\u00e9, d\u00e9tendez-vous et profitez d&rsquo;un moment de relaxation \u00e0 l&rsquo;h\u00f4tel Pioneer Beach.<br \/>\nCe complexe de bord de mer r\u00e9serv\u00e9 aux adultes est l&rsquo;endroit id\u00e9al pour des promenades nocturnes le long de la c\u00f4te, des d\u00eeners avec vue sur la mer et des journ\u00e9es de spa qui vous permettront de prendre un bon d\u00e9part en tant que mari et femme.<br \/>\nVoici ce que nous offrons \u00e0 nos jeunes mari\u00e9s pendant leur lune de miel : &#8211; D\u00e9coration de la chambre \u00e0 l&rsquo;arriv\u00e9e &#8211; Une bouteille de vin et des fruits frais dans votre chambre \u00e0 l&rsquo;arriv\u00e9e &#8211; Utilisation gratuite du sauna et du bain de vapeur qui vous d\u00e9tendront davantage (sous r\u00e9serve de disponibilit\u00e9) &#8211; Surclassement gratuit (dans la cat\u00e9gorie de chambre suivante, sous r\u00e9serve de disponibilit\u00e9) (Classic Land View = Classic Limited Sea View \/ Classic Limited Sea View = Classic Sea View \/ Superior Land View = Superior Sea View).<\/p>\n","protected":false},"excerpt":{"rendered":"<p>Votre romance s&rsquo;\u00e9panouit dans notre station baln\u00e9aire de Paphos pour votre lune de miel Les h\u00f4tels Constantinou Bros s&rsquo;efforcent de rendre votre lune de miel totalement m\u00e9morable. Une fois le grand jour termin\u00e9, d\u00e9tendez-vous et profitez d&rsquo;un moment de relaxation \u00e0 l&rsquo;h\u00f4tel Pioneer Beach. Ce complexe de bord de mer r\u00e9serv\u00e9 aux adultes est l&rsquo;endroit<\/p>\n","protected":false},"author":100,"featured_media":5545,"parent":0,"menu_order":0,"comment_status":"closed","ping_status":"closed","template":"","meta":{"_acf_changed":false,"footnotes":""},"class_list":["post-11636","page","type-page","status-publish","has-post-thumbnail","hentry"],"acf":[],"yoast_head":"<!-- This site is optimized with the Yoast SEO plugin v27.4 - https:\/\/yoast.com\/product\/yoast-seo-wordpress\/ -->\n<title>Vacances lune de miel - Pioneer Beach Hotel<\/title>\n<meta name=\"description\" content=\"Nourrissez votre amour au Pioneer Beach Hotel by Constantinou Bros Hotels, o\u00f9 les vacances de lune de miel \u00e0 Paphos, \u00e0 Chypre, s&#039;\u00e9panouissent vraiment.\" \/>\n<meta name=\"robots\" content=\"index, follow, max-snippet:-1, max-image-preview:large, max-video-preview:-1\" \/>\n<link rel=\"canonical\" href=\"https:\/\/www.pioneer-cbh.com\/fr\/lune-de-miel-vacances\/\" \/>\n<meta property=\"og:locale\" content=\"fr_FR\" \/>\n<meta property=\"og:type\" content=\"article\" \/>\n<meta property=\"og:title\" content=\"Vacances lune de miel - Pioneer Beach Hotel\" \/>\n<meta property=\"og:description\" content=\"Nourrissez votre amour au Pioneer Beach Hotel by Constantinou Bros Hotels, o\u00f9 les vacances de lune de miel \u00e0 Paphos, \u00e0 Chypre, s&#039;\u00e9panouissent vraiment.\" \/>\n<meta property=\"og:url\" content=\"https:\/\/www.pioneer-cbh.com\/fr\/lune-de-miel-vacances\/\" \/>\n<meta property=\"og:site_name\" content=\"Pioneer Beach Hotel\" \/>\n<meta property=\"article:modified_time\" content=\"2024-09-18T11:57:35+00:00\" \/>\n<meta property=\"og:image\" content=\"https:\/\/www.pioneer-cbh.com\/app\/uploads\/sites\/33\/2020\/09\/6-PIONEER-BEACH-HOTEL-POOL-AND-GARDENS.jpg\" \/>\n\t<meta property=\"og:image:width\" content=\"1200\" \/>\n\t<meta property=\"og:image:height\" content=\"798\" \/>\n\t<meta property=\"og:image:type\" content=\"image\/jpeg\" \/>\n<meta name=\"twitter:card\" content=\"summary_large_image\" \/>\n<meta name=\"twitter:label1\" content=\"Dur\u00e9e de lecture estim\u00e9e\" \/>\n\t<meta name=\"twitter:data1\" content=\"1 minute\" \/>\n<script type=\"application\/ld+json\" class=\"yoast-schema-graph\">{\"@context\":\"https:\\\/\\\/schema.org\",\"@graph\":[{\"@type\":\"WebPage\",\"@id\":\"https:\\\/\\\/www.pioneer-cbh.com\\\/fr\\\/lune-de-miel-vacances\\\/\",\"url\":\"https:\\\/\\\/www.pioneer-cbh.com\\\/fr\\\/lune-de-miel-vacances\\\/\",\"name\":\"Vacances lune de miel - Pioneer Beach Hotel\",\"isPartOf\":{\"@id\":\"https:\\\/\\\/www.pioneer-cbh.com\\\/fr\\\/#website\"},\"primaryImageOfPage\":{\"@id\":\"https:\\\/\\\/www.pioneer-cbh.com\\\/fr\\\/lune-de-miel-vacances\\\/#primaryimage\"},\"image\":{\"@id\":\"https:\\\/\\\/www.pioneer-cbh.com\\\/fr\\\/lune-de-miel-vacances\\\/#primaryimage\"},\"thumbnailUrl\":\"https:\\\/\\\/www.pioneer-cbh.com\\\/app\\\/uploads\\\/sites\\\/33\\\/2020\\\/09\\\/6-PIONEER-BEACH-HOTEL-POOL-AND-GARDENS.jpg\",\"datePublished\":\"2024-07-23T08:35:22+00:00\",\"dateModified\":\"2024-09-18T11:57:35+00:00\",\"description\":\"Nourrissez votre amour au Pioneer Beach Hotel by Constantinou Bros Hotels, o\u00f9 les vacances de lune de miel \u00e0 Paphos, \u00e0 Chypre, s'\u00e9panouissent vraiment.\",\"breadcrumb\":{\"@id\":\"https:\\\/\\\/www.pioneer-cbh.com\\\/fr\\\/lune-de-miel-vacances\\\/#breadcrumb\"},\"inLanguage\":\"fr-FR\",\"potentialAction\":[{\"@type\":\"ReadAction\",\"target\":[\"https:\\\/\\\/www.pioneer-cbh.com\\\/fr\\\/lune-de-miel-vacances\\\/\"]}]},{\"@type\":\"ImageObject\",\"inLanguage\":\"fr-FR\",\"@id\":\"https:\\\/\\\/www.pioneer-cbh.com\\\/fr\\\/lune-de-miel-vacances\\\/#primaryimage\",\"url\":\"https:\\\/\\\/www.pioneer-cbh.com\\\/app\\\/uploads\\\/sites\\\/33\\\/2020\\\/09\\\/6-PIONEER-BEACH-HOTEL-POOL-AND-GARDENS.jpg\",\"contentUrl\":\"https:\\\/\\\/www.pioneer-cbh.com\\\/app\\\/uploads\\\/sites\\\/33\\\/2020\\\/09\\\/6-PIONEER-BEACH-HOTEL-POOL-AND-GARDENS.jpg\",\"width\":1200,\"height\":798,\"caption\":\"Une escapade romantique\"},{\"@type\":\"BreadcrumbList\",\"@id\":\"https:\\\/\\\/www.pioneer-cbh.com\\\/fr\\\/lune-de-miel-vacances\\\/#breadcrumb\",\"itemListElement\":[{\"@type\":\"ListItem\",\"position\":1,\"name\":\"Home\",\"item\":\"https:\\\/\\\/www.pioneer-cbh.com\\\/fr\\\/\"},{\"@type\":\"ListItem\",\"position\":2,\"name\":\"Vacances lune de miel\"}]},{\"@type\":\"WebSite\",\"@id\":\"https:\\\/\\\/www.pioneer-cbh.com\\\/fr\\\/#website\",\"url\":\"https:\\\/\\\/www.pioneer-cbh.com\\\/fr\\\/\",\"name\":\"Pioneer Beach Hotel\",\"description\":\"Constantinou Bros Pioneer Beach Hotel, 4 star hotel in Paphos Cyprus\",\"potentialAction\":[{\"@type\":\"SearchAction\",\"target\":{\"@type\":\"EntryPoint\",\"urlTemplate\":\"https:\\\/\\\/www.pioneer-cbh.com\\\/fr\\\/?s={search_term_string}\"},\"query-input\":{\"@type\":\"PropertyValueSpecification\",\"valueRequired\":true,\"valueName\":\"search_term_string\"}}],\"inLanguage\":\"fr-FR\"}]}<\/script>\n<!-- \/ Yoast SEO plugin. -->","yoast_head_json":{"title":"Vacances lune de miel - Pioneer Beach Hotel","description":"Nourrissez votre amour au Pioneer Beach Hotel by Constantinou Bros Hotels, o\u00f9 les vacances de lune de miel \u00e0 Paphos, \u00e0 Chypre, s'\u00e9panouissent vraiment.","robots":{"index":"index","follow":"follow","max-snippet":"max-snippet:-1","max-image-preview":"max-image-preview:large","max-video-preview":"max-video-preview:-1"},"canonical":"https:\/\/www.pioneer-cbh.com\/fr\/lune-de-miel-vacances\/","og_locale":"fr_FR","og_type":"article","og_title":"Vacances lune de miel - Pioneer Beach Hotel","og_description":"Nourrissez votre amour au Pioneer Beach Hotel by Constantinou Bros Hotels, o\u00f9 les vacances de lune de miel \u00e0 Paphos, \u00e0 Chypre, s'\u00e9panouissent vraiment.","og_url":"https:\/\/www.pioneer-cbh.com\/fr\/lune-de-miel-vacances\/","og_site_name":"Pioneer Beach Hotel","article_modified_time":"2024-09-18T11:57:35+00:00","og_image":[{"width":1200,"height":798,"url":"https:\/\/www.pioneer-cbh.com\/app\/uploads\/sites\/33\/2020\/09\/6-PIONEER-BEACH-HOTEL-POOL-AND-GARDENS.jpg","type":"image\/jpeg"}],"twitter_card":"summary_large_image","twitter_misc":{"Dur\u00e9e de lecture estim\u00e9e":"1 minute"},"schema":{"@context":"https:\/\/schema.org","@graph":[{"@type":"WebPage","@id":"https:\/\/www.pioneer-cbh.com\/fr\/lune-de-miel-vacances\/","url":"https:\/\/www.pioneer-cbh.com\/fr\/lune-de-miel-vacances\/","name":"Vacances lune de miel - Pioneer Beach Hotel","isPartOf":{"@id":"https:\/\/www.pioneer-cbh.com\/fr\/#website"},"primaryImageOfPage":{"@id":"https:\/\/www.pioneer-cbh.com\/fr\/lune-de-miel-vacances\/#primaryimage"},"image":{"@id":"https:\/\/www.pioneer-cbh.com\/fr\/lune-de-miel-vacances\/#primaryimage"},"thumbnailUrl":"https:\/\/www.pioneer-cbh.com\/app\/uploads\/sites\/33\/2020\/09\/6-PIONEER-BEACH-HOTEL-POOL-AND-GARDENS.jpg","datePublished":"2024-07-23T08:35:22+00:00","dateModified":"2024-09-18T11:57:35+00:00","description":"Nourrissez votre amour au Pioneer Beach Hotel by Constantinou Bros Hotels, o\u00f9 les vacances de lune de miel \u00e0 Paphos, \u00e0 Chypre, s'\u00e9panouissent vraiment.","breadcrumb":{"@id":"https:\/\/www.pioneer-cbh.com\/fr\/lune-de-miel-vacances\/#breadcrumb"},"inLanguage":"fr-FR","potentialAction":[{"@type":"ReadAction","target":["https:\/\/www.pioneer-cbh.com\/fr\/lune-de-miel-vacances\/"]}]},{"@type":"ImageObject","inLanguage":"fr-FR","@id":"https:\/\/www.pioneer-cbh.com\/fr\/lune-de-miel-vacances\/#primaryimage","url":"https:\/\/www.pioneer-cbh.com\/app\/uploads\/sites\/33\/2020\/09\/6-PIONEER-BEACH-HOTEL-POOL-AND-GARDENS.jpg","contentUrl":"https:\/\/www.pioneer-cbh.com\/app\/uploads\/sites\/33\/2020\/09\/6-PIONEER-BEACH-HOTEL-POOL-AND-GARDENS.jpg","width":1200,"height":798,"caption":"Une escapade romantique"},{"@type":"BreadcrumbList","@id":"https:\/\/www.pioneer-cbh.com\/fr\/lune-de-miel-vacances\/#breadcrumb","itemListElement":[{"@type":"ListItem","position":1,"name":"Home","item":"https:\/\/www.pioneer-cbh.com\/fr\/"},{"@type":"ListItem","position":2,"name":"Vacances lune de miel"}]},{"@type":"WebSite","@id":"https:\/\/www.pioneer-cbh.com\/fr\/#website","url":"https:\/\/www.pioneer-cbh.com\/fr\/","name":"Pioneer Beach Hotel","description":"Constantinou Bros Pioneer Beach Hotel, 4 star hotel in Paphos Cyprus","potentialAction":[{"@type":"SearchAction","target":{"@type":"EntryPoint","urlTemplate":"https:\/\/www.pioneer-cbh.com\/fr\/?s={search_term_string}"},"query-input":{"@type":"PropertyValueSpecification","valueRequired":true,"valueName":"search_term_string"}}],"inLanguage":"fr-FR"}]}},"_links":{"self":[{"href":"https:\/\/www.pioneer-cbh.com\/fr\/wp-json\/wp\/v2\/pages\/11636","targetHints":{"allow":["GET"]}}],"collection":[{"href":"https:\/\/www.pioneer-cbh.com\/fr\/wp-json\/wp\/v2\/pages"}],"about":[{"href":"https:\/\/www.pioneer-cbh.com\/fr\/wp-json\/wp\/v2\/types\/page"}],"author":[{"embeddable":true,"href":"https:\/\/www.pioneer-cbh.com\/fr\/wp-json\/wp\/v2\/users\/100"}],"replies":[{"embeddable":true,"href":"https:\/\/www.pioneer-cbh.com\/fr\/wp-json\/wp\/v2\/comments?post=11636"}],"version-history":[{"count":1,"href":"https:\/\/www.pioneer-cbh.com\/fr\/wp-json\/wp\/v2\/pages\/11636\/revisions"}],"predecessor-version":[{"id":12434,"href":"https:\/\/www.pioneer-cbh.com\/fr\/wp-json\/wp\/v2\/pages\/11636\/revisions\/12434"}],"wp:featuredmedia":[{"embeddable":true,"href":"https:\/\/www.pioneer-cbh.com\/fr\/wp-json\/wp\/v2\/media\/5545"}],"wp:attachment":[{"href":"https:\/\/www.pioneer-cbh.com\/fr\/wp-json\/wp\/v2\/media?parent=11636"}],"curies":[{"name":"wp","href":"https:\/\/api.w.org\/{rel}","templated":true}]}}