{"id":6841,"date":"2022-07-04T16:01:48","date_gmt":"2022-07-04T13:01:48","guid":{"rendered":"https:\/\/www.pioneer-cbh.com\/adults-only-holidays\/"},"modified":"2024-09-17T17:44:13","modified_gmt":"2024-09-17T14:44:13","slug":"strandnahe-erwachsenen-hafen","status":"publish","type":"page","link":"https:\/\/www.pioneer-cbh.com\/de\/strandnahe-erwachsenen-hafen\/","title":{"rendered":"Strandnahe Oase nur f\u00fcr Erwachsene"},"content":{"rendered":"<h1 class=\"entry-title title-size font-regular text-center my-5\">Ein erholsamer <b>Urlaub in Paphos nur f\u00fcr Erwachsene <\/b>erwartet Sie<\/h1>\n<p>Die Constantinou Bros Hotels sind bekannt f\u00fcr die Entwicklung des Konzepts eines Urlaubs nur f\u00fcr Erwachsene in Paphos.<br \/>\nDieses Konzept umfasst entspannende, kinderfreie Umgebungen, ruhige Tage am Pool oder am Strand und ein Unterhaltungs- und Freizeitprogramm, das darauf ausgerichtet ist, den idyllischsten <b>Urlaub in Paphos nur f\u00fcr Erwachsene<\/b> zu gestalten <b>.<\/b> Die Constantinou Bros Hotels bieten eine Reihe von Hotels an, die Ihrem Budget und Ihren Urlaubsanforderungen entsprechen, je nachdem, wie Sie sich den perfekten <b>Urlaub in Paphos nur f\u00fcr Erwachsene<\/b> vorstellen.<br \/>\nDas Pioneer Beach Hotel ist ein 4-Sterne-Hotel, das erstklassigen Komfort in einer fantastischen Strandlage bietet.<br \/>\nEs bietet eine Reihe von Einrichtungen in einer entspannten und freundlichen Atmosph\u00e4re, die ausschlie\u00dflich f\u00fcr anspruchsvolle erwachsene G\u00e4ste und Paare geschaffen wurde, die einen ruhigen und durch und durch angenehmen <b>Urlaub in Paphos nur f\u00fcr Erwachsene<\/b> suchen. Zu den vielf\u00e4ltigen Freizeit- und Sporteinrichtungen des Pioneer Beach Hotels geh\u00f6ren ein Au\u00dfen- und ein Innenschwimmbad, ein Whirlpool, ein Tennisplatz sowie Au\u00dfen- und Innenbocciaanlagen. .<\/p>\n","protected":false},"excerpt":{"rendered":"<p>Ein erholsamer Urlaub in Paphos nur f\u00fcr Erwachsene erwartet Sie Die Constantinou Bros Hotels sind bekannt f\u00fcr die Entwicklung des Konzepts eines Urlaubs nur f\u00fcr Erwachsene in Paphos. Dieses Konzept umfasst entspannende, kinderfreie Umgebungen, ruhige Tage am Pool oder am Strand und ein Unterhaltungs- und Freizeitprogramm, das darauf ausgerichtet ist, den idyllischsten Urlaub in Paphos<\/p>\n","protected":false},"author":100,"featured_media":5177,"parent":0,"menu_order":0,"comment_status":"closed","ping_status":"closed","template":"","meta":{"_acf_changed":false,"footnotes":""},"class_list":["post-6841","page","type-page","status-publish","has-post-thumbnail","hentry"],"acf":[],"yoast_head":"<!-- This site is optimized with the Yoast SEO plugin v27.4 - https:\/\/yoast.com\/product\/yoast-seo-wordpress\/ -->\n<title>Bester Urlaub in Paphos nur f\u00fcr Erwachsene | Constantinou Bros Hotels<\/title>\n<meta name=\"description\" content=\"Wenn Sie den besten Urlaub in Paphos nur f\u00fcr Erwachsene erleben m\u00f6chten, dann suchen Sie nicht weiter als das 4-Sterne-Hotel Pioneer Beach von Constantinou Bros.\" \/>\n<meta name=\"robots\" content=\"index, follow, max-snippet:-1, max-image-preview:large, max-video-preview:-1\" \/>\n<link rel=\"canonical\" href=\"https:\/\/www.pioneer-cbh.com\/de\/strandnahe-erwachsenen-hafen\/\" \/>\n<meta property=\"og:locale\" content=\"de_DE\" \/>\n<meta property=\"og:type\" content=\"article\" \/>\n<meta property=\"og:title\" content=\"Bester Urlaub in Paphos nur f\u00fcr Erwachsene | Constantinou Bros Hotels\" \/>\n<meta property=\"og:description\" content=\"Wenn Sie den besten Urlaub in Paphos nur f\u00fcr Erwachsene erleben m\u00f6chten, dann suchen Sie nicht weiter als das 4-Sterne-Hotel Pioneer Beach von Constantinou Bros.\" \/>\n<meta property=\"og:url\" content=\"https:\/\/www.pioneer-cbh.com\/de\/strandnahe-erwachsenen-hafen\/\" \/>\n<meta property=\"og:site_name\" content=\"Pioneer Beach Hotel\" \/>\n<meta property=\"article:modified_time\" content=\"2024-09-17T14:44:13+00:00\" \/>\n<meta property=\"og:image\" content=\"https:\/\/www.pioneer-cbh.com\/app\/uploads\/sites\/33\/2022\/01\/6-PIONEER-BEACH-HOTEL-POOL-AND-GARDENS-scaled.jpg\" \/>\n\t<meta property=\"og:image:width\" content=\"2560\" \/>\n\t<meta property=\"og:image:height\" content=\"1704\" \/>\n\t<meta property=\"og:image:type\" content=\"image\/jpeg\" \/>\n<meta name=\"twitter:card\" content=\"summary_large_image\" \/>\n<meta name=\"twitter:label1\" content=\"Gesch\u00e4tzte Lesezeit\" \/>\n\t<meta name=\"twitter:data1\" content=\"2\u00a0Minuten\" \/>\n<script type=\"application\/ld+json\" class=\"yoast-schema-graph\">{\"@context\":\"https:\\\/\\\/schema.org\",\"@graph\":[{\"@type\":\"WebPage\",\"@id\":\"https:\\\/\\\/www.pioneer-cbh.com\\\/de\\\/strandnahe-erwachsenen-hafen\\\/\",\"url\":\"https:\\\/\\\/www.pioneer-cbh.com\\\/de\\\/strandnahe-erwachsenen-hafen\\\/\",\"name\":\"Bester Urlaub in Paphos nur f\u00fcr Erwachsene | Constantinou Bros Hotels\",\"isPartOf\":{\"@id\":\"https:\\\/\\\/www.pioneer-cbh.com\\\/de\\\/#website\"},\"primaryImageOfPage\":{\"@id\":\"https:\\\/\\\/www.pioneer-cbh.com\\\/de\\\/strandnahe-erwachsenen-hafen\\\/#primaryimage\"},\"image\":{\"@id\":\"https:\\\/\\\/www.pioneer-cbh.com\\\/de\\\/strandnahe-erwachsenen-hafen\\\/#primaryimage\"},\"thumbnailUrl\":\"https:\\\/\\\/www.pioneer-cbh.com\\\/app\\\/uploads\\\/sites\\\/33\\\/2022\\\/01\\\/6-PIONEER-BEACH-HOTEL-POOL-AND-GARDENS-scaled.jpg\",\"datePublished\":\"2022-07-04T13:01:48+00:00\",\"dateModified\":\"2024-09-17T14:44:13+00:00\",\"description\":\"Wenn Sie den besten Urlaub in Paphos nur f\u00fcr Erwachsene erleben m\u00f6chten, dann suchen Sie nicht weiter als das 4-Sterne-Hotel Pioneer Beach von Constantinou Bros.\",\"breadcrumb\":{\"@id\":\"https:\\\/\\\/www.pioneer-cbh.com\\\/de\\\/strandnahe-erwachsenen-hafen\\\/#breadcrumb\"},\"inLanguage\":\"de\",\"potentialAction\":[{\"@type\":\"ReadAction\",\"target\":[\"https:\\\/\\\/www.pioneer-cbh.com\\\/de\\\/strandnahe-erwachsenen-hafen\\\/\"]}]},{\"@type\":\"ImageObject\",\"inLanguage\":\"de\",\"@id\":\"https:\\\/\\\/www.pioneer-cbh.com\\\/de\\\/strandnahe-erwachsenen-hafen\\\/#primaryimage\",\"url\":\"https:\\\/\\\/www.pioneer-cbh.com\\\/app\\\/uploads\\\/sites\\\/33\\\/2022\\\/01\\\/6-PIONEER-BEACH-HOTEL-POOL-AND-GARDENS-scaled.jpg\",\"contentUrl\":\"https:\\\/\\\/www.pioneer-cbh.com\\\/app\\\/uploads\\\/sites\\\/33\\\/2022\\\/01\\\/6-PIONEER-BEACH-HOTEL-POOL-AND-GARDENS-scaled.jpg\",\"width\":2560,\"height\":1704,\"caption\":\"Couple enjoying themselves on the lawn during their holiday in Paphos for adults only at Pioneer Beach Hotel with the sea in the background.\"},{\"@type\":\"BreadcrumbList\",\"@id\":\"https:\\\/\\\/www.pioneer-cbh.com\\\/de\\\/strandnahe-erwachsenen-hafen\\\/#breadcrumb\",\"itemListElement\":[{\"@type\":\"ListItem\",\"position\":1,\"name\":\"Home\",\"item\":\"https:\\\/\\\/www.pioneer-cbh.com\\\/de\\\/\"},{\"@type\":\"ListItem\",\"position\":2,\"name\":\"Strandnahe Oase nur f\u00fcr Erwachsene\"}]},{\"@type\":\"WebSite\",\"@id\":\"https:\\\/\\\/www.pioneer-cbh.com\\\/de\\\/#website\",\"url\":\"https:\\\/\\\/www.pioneer-cbh.com\\\/de\\\/\",\"name\":\"Pioneer Beach Hotel\",\"description\":\"Constantinou Bros Pioneer Beach Hotel, 4 star hotel in Paphos Cyprus\",\"potentialAction\":[{\"@type\":\"SearchAction\",\"target\":{\"@type\":\"EntryPoint\",\"urlTemplate\":\"https:\\\/\\\/www.pioneer-cbh.com\\\/de\\\/?s={search_term_string}\"},\"query-input\":{\"@type\":\"PropertyValueSpecification\",\"valueRequired\":true,\"valueName\":\"search_term_string\"}}],\"inLanguage\":\"de\"}]}<\/script>\n<!-- \/ Yoast SEO plugin. -->","yoast_head_json":{"title":"Bester Urlaub in Paphos nur f\u00fcr Erwachsene | Constantinou Bros Hotels","description":"Wenn Sie den besten Urlaub in Paphos nur f\u00fcr Erwachsene erleben m\u00f6chten, dann suchen Sie nicht weiter als das 4-Sterne-Hotel Pioneer Beach von Constantinou Bros.","robots":{"index":"index","follow":"follow","max-snippet":"max-snippet:-1","max-image-preview":"max-image-preview:large","max-video-preview":"max-video-preview:-1"},"canonical":"https:\/\/www.pioneer-cbh.com\/de\/strandnahe-erwachsenen-hafen\/","og_locale":"de_DE","og_type":"article","og_title":"Bester Urlaub in Paphos nur f\u00fcr Erwachsene | Constantinou Bros Hotels","og_description":"Wenn Sie den besten Urlaub in Paphos nur f\u00fcr Erwachsene erleben m\u00f6chten, dann suchen Sie nicht weiter als das 4-Sterne-Hotel Pioneer Beach von Constantinou Bros.","og_url":"https:\/\/www.pioneer-cbh.com\/de\/strandnahe-erwachsenen-hafen\/","og_site_name":"Pioneer Beach Hotel","article_modified_time":"2024-09-17T14:44:13+00:00","og_image":[{"width":2560,"height":1704,"url":"https:\/\/www.pioneer-cbh.com\/app\/uploads\/sites\/33\/2022\/01\/6-PIONEER-BEACH-HOTEL-POOL-AND-GARDENS-scaled.jpg","type":"image\/jpeg"}],"twitter_card":"summary_large_image","twitter_misc":{"Gesch\u00e4tzte Lesezeit":"2\u00a0Minuten"},"schema":{"@context":"https:\/\/schema.org","@graph":[{"@type":"WebPage","@id":"https:\/\/www.pioneer-cbh.com\/de\/strandnahe-erwachsenen-hafen\/","url":"https:\/\/www.pioneer-cbh.com\/de\/strandnahe-erwachsenen-hafen\/","name":"Bester Urlaub in Paphos nur f\u00fcr Erwachsene | Constantinou Bros Hotels","isPartOf":{"@id":"https:\/\/www.pioneer-cbh.com\/de\/#website"},"primaryImageOfPage":{"@id":"https:\/\/www.pioneer-cbh.com\/de\/strandnahe-erwachsenen-hafen\/#primaryimage"},"image":{"@id":"https:\/\/www.pioneer-cbh.com\/de\/strandnahe-erwachsenen-hafen\/#primaryimage"},"thumbnailUrl":"https:\/\/www.pioneer-cbh.com\/app\/uploads\/sites\/33\/2022\/01\/6-PIONEER-BEACH-HOTEL-POOL-AND-GARDENS-scaled.jpg","datePublished":"2022-07-04T13:01:48+00:00","dateModified":"2024-09-17T14:44:13+00:00","description":"Wenn Sie den besten Urlaub in Paphos nur f\u00fcr Erwachsene erleben m\u00f6chten, dann suchen Sie nicht weiter als das 4-Sterne-Hotel Pioneer Beach von Constantinou Bros.","breadcrumb":{"@id":"https:\/\/www.pioneer-cbh.com\/de\/strandnahe-erwachsenen-hafen\/#breadcrumb"},"inLanguage":"de","potentialAction":[{"@type":"ReadAction","target":["https:\/\/www.pioneer-cbh.com\/de\/strandnahe-erwachsenen-hafen\/"]}]},{"@type":"ImageObject","inLanguage":"de","@id":"https:\/\/www.pioneer-cbh.com\/de\/strandnahe-erwachsenen-hafen\/#primaryimage","url":"https:\/\/www.pioneer-cbh.com\/app\/uploads\/sites\/33\/2022\/01\/6-PIONEER-BEACH-HOTEL-POOL-AND-GARDENS-scaled.jpg","contentUrl":"https:\/\/www.pioneer-cbh.com\/app\/uploads\/sites\/33\/2022\/01\/6-PIONEER-BEACH-HOTEL-POOL-AND-GARDENS-scaled.jpg","width":2560,"height":1704,"caption":"Couple enjoying themselves on the lawn during their holiday in Paphos for adults only at Pioneer Beach Hotel with the sea in the background."},{"@type":"BreadcrumbList","@id":"https:\/\/www.pioneer-cbh.com\/de\/strandnahe-erwachsenen-hafen\/#breadcrumb","itemListElement":[{"@type":"ListItem","position":1,"name":"Home","item":"https:\/\/www.pioneer-cbh.com\/de\/"},{"@type":"ListItem","position":2,"name":"Strandnahe Oase nur f\u00fcr Erwachsene"}]},{"@type":"WebSite","@id":"https:\/\/www.pioneer-cbh.com\/de\/#website","url":"https:\/\/www.pioneer-cbh.com\/de\/","name":"Pioneer Beach Hotel","description":"Constantinou Bros Pioneer Beach Hotel, 4 star hotel in Paphos Cyprus","potentialAction":[{"@type":"SearchAction","target":{"@type":"EntryPoint","urlTemplate":"https:\/\/www.pioneer-cbh.com\/de\/?s={search_term_string}"},"query-input":{"@type":"PropertyValueSpecification","valueRequired":true,"valueName":"search_term_string"}}],"inLanguage":"de"}]}},"_links":{"self":[{"href":"https:\/\/www.pioneer-cbh.com\/de\/wp-json\/wp\/v2\/pages\/6841","targetHints":{"allow":["GET"]}}],"collection":[{"href":"https:\/\/www.pioneer-cbh.com\/de\/wp-json\/wp\/v2\/pages"}],"about":[{"href":"https:\/\/www.pioneer-cbh.com\/de\/wp-json\/wp\/v2\/types\/page"}],"author":[{"embeddable":true,"href":"https:\/\/www.pioneer-cbh.com\/de\/wp-json\/wp\/v2\/users\/100"}],"replies":[{"embeddable":true,"href":"https:\/\/www.pioneer-cbh.com\/de\/wp-json\/wp\/v2\/comments?post=6841"}],"version-history":[{"count":10,"href":"https:\/\/www.pioneer-cbh.com\/de\/wp-json\/wp\/v2\/pages\/6841\/revisions"}],"predecessor-version":[{"id":12399,"href":"https:\/\/www.pioneer-cbh.com\/de\/wp-json\/wp\/v2\/pages\/6841\/revisions\/12399"}],"wp:featuredmedia":[{"embeddable":true,"href":"https:\/\/www.pioneer-cbh.com\/de\/wp-json\/wp\/v2\/media\/5177"}],"wp:attachment":[{"href":"https:\/\/www.pioneer-cbh.com\/de\/wp-json\/wp\/v2\/media?parent=6841"}],"curies":[{"name":"wp","href":"https:\/\/api.w.org\/{rel}","templated":true}]}}