{"id":2246,"date":"2019-11-29T16:51:12","date_gmt":"2019-11-29T13:51:12","guid":{"rendered":"https:\/\/pioneer-cbh.cms4.nelios.com\/elite-class\/"},"modified":"2026-04-03T15:49:25","modified_gmt":"2026-04-03T12:49:25","slug":"eliteklasse","status":"publish","type":"page","link":"https:\/\/www.pioneer-cbh.com\/de\/eliteklasse\/","title":{"rendered":"Eliteklasse"},"content":{"rendered":"<p style=\"text-align: center;\"><img loading=\"lazy\" decoding=\"async\" class=\"size-full wp-image-2241 aligncenter\" src=\"https:\/\/pioneer-cbh.com\/wp-content\/uploads\/sites\/33\/2019\/11\/elite-class-logo.png\" alt=\"\" width=\"304\" height=\"137\" \/><\/p>\n<h1 class=\"entry-title title-size text-center font-regular\" style=\"margin: 3rem auto;\">Unbeschwerter Urlaub in unserem 4-Sterne-Hotel in Paphos mit All Inclusive<\/h1>\n<h2><\/h2>\n<h2>Eine Welt voller Privilegien<\/h2>\n<p>Entdecken Sie eine unvergleichliche Serviceklasse, ein 5-Sterne-Erlebnis, das Ihnen zur Verf\u00fcgung steht, wenn Sie eine Unterkunft in den Kategorien Superior, Superior Deluxe und Suite buchen.<br \/>\nVom exklusiven Check-in \u00fcber spezielle Speiseoptionen bis hin zu vielen zus\u00e4tzlichen Annehmlichkeiten bietet die Elite Class einen unvergleichlichen Aufenthalt, der Ihre Erwartungen \u00fcbertrifft.<\/p>\n<h3>Zus\u00e4tzliche Vorteile<\/h3>\n<p>G\u00e4ste, die ein Superior-Zimmer, ein Superior-Deluxe-Zimmer oder eine Suite buchen, erhalten die folgenden exklusiven Vorteile:<\/p>\n<ul>\n<li>Zimmer in bester Lage<\/li>\n<li>Exklusiver VIP-Check-in mit Begr\u00fc\u00dfungsgetr\u00e4nk und kalten Handt\u00fcchern<\/li>\n<li>Kostenfreier sp\u00e4ter Check-out bis 18:00 Uhr (je nach Verf\u00fcgbarkeit)<\/li>\n<li>Exklusiver Fr\u00fchst\u00fccksraum bis 11:00 Uhr<\/li>\n<li>Turn Down Service (f\u00fcr ausgew\u00e4hlte Zimmertypen)<\/li>\n<li>Private Cabana mit Sonnenliegen (bei ausgew\u00e4hlten Zimmertypen)<\/li>\n<li>Ein Men\u00fc im \u00c0-la-carte-Restaurant f\u00fcr Ihr Abendessen &#8211; wenn Ihre Unterkunft ein Abendessen beinhaltet (je nach Verf\u00fcgbarkeit)<\/li>\n<li>Das erweiterte Premium-Paket (Ultra All Inclusive) beinhaltet eine unbegrenzte Auswahl an Speisen im \u00c0-la-carte-Restaurant (Reservierung erforderlich und abh\u00e4ngig von der Verf\u00fcgbarkeit) und eine gef\u00fcllte Minibar bei Ankunft mit t\u00e4glichem Nachschub an Kaffee\/Tee\/Espresso und Softdrinks.<br \/>\nJeden Nachmittag steht eine Flasche Wasser auf dem Zimmer bereit und einen Tag vor der Abreise wird eine Flasche Champagner angeboten.<\/li>\n<li>10% Rabatt auf ausgew\u00e4hlte Golfpl\u00e4tze (vorausgesetzt, die Buchung erfolgte \u00fcber uns)<\/li>\n<li>Die kostenlose Nutzung der Green Bowls-Anlage (je nach Verf\u00fcgbarkeit und nach vorheriger Reservierung) ist f\u00fcr Einzelg\u00e4ste m\u00f6glich, die nicht Teil einer organisierten Gruppe mit einem im Voraus festgelegten Programm sind.<\/li>\n<\/ul>\n","protected":false},"excerpt":{"rendered":"<p>Unbeschwerter Urlaub in unserem 4-Sterne-Hotel in Paphos mit All Inclusive Eine Welt voller Privilegien Entdecken Sie eine unvergleichliche Serviceklasse, ein 5-Sterne-Erlebnis, das Ihnen zur Verf\u00fcgung steht, wenn Sie eine Unterkunft in den Kategorien Superior, Superior Deluxe und Suite buchen. Vom exklusiven Check-in \u00fcber spezielle Speiseoptionen bis hin zu vielen zus\u00e4tzlichen Annehmlichkeiten bietet die Elite Class<\/p>\n","protected":false},"author":1,"featured_media":1807,"parent":0,"menu_order":0,"comment_status":"closed","ping_status":"closed","template":"","meta":{"_acf_changed":false,"footnotes":""},"class_list":["post-2246","page","type-page","status-publish","has-post-thumbnail","hentry"],"acf":[],"yoast_head":"<!-- This site is optimized with the Yoast SEO plugin v27.5 - https:\/\/yoast.com\/product\/yoast-seo-wordpress\/ -->\n<title>4-Sterne-Hotel in Paphos mit All Inclusive || Pioneer Beach Hotel<\/title>\n<meta name=\"description\" content=\"Go Elite im Pioneer Beach ist ein 4-Sterne-Hotel in Paphos nur f\u00fcr Erwachsene mit All-Inclusive, in dem Sie absolute Freiheit und unz\u00e4hlige Vorteile w\u00e4hrend Ihres Aufenthalts genie\u00dfen k\u00f6nnen.\" \/>\n<meta name=\"robots\" content=\"index, follow, max-snippet:-1, max-image-preview:large, max-video-preview:-1\" \/>\n<link rel=\"canonical\" href=\"https:\/\/www.pioneer-cbh.com\/de\/eliteklasse\/\" \/>\n<meta property=\"og:locale\" content=\"de_DE\" \/>\n<meta property=\"og:type\" content=\"article\" \/>\n<meta property=\"og:title\" content=\"4-Sterne-Hotel in Paphos mit All Inclusive || Pioneer Beach Hotel\" \/>\n<meta property=\"og:description\" content=\"Go Elite im Pioneer Beach ist ein 4-Sterne-Hotel in Paphos nur f\u00fcr Erwachsene mit All-Inclusive, in dem Sie absolute Freiheit und unz\u00e4hlige Vorteile w\u00e4hrend Ihres Aufenthalts genie\u00dfen k\u00f6nnen.\" \/>\n<meta property=\"og:url\" content=\"https:\/\/www.pioneer-cbh.com\/de\/eliteklasse\/\" \/>\n<meta property=\"og:site_name\" content=\"Pioneer Beach Hotel\" \/>\n<meta property=\"article:modified_time\" content=\"2026-04-03T12:49:25+00:00\" \/>\n<meta property=\"og:image\" content=\"https:\/\/www.pioneer-cbh.com\/app\/uploads\/sites\/33\/2019\/05\/01-pioneer-beach-hotel-swimming-pool_resized.jpg\" \/>\n\t<meta property=\"og:image:width\" content=\"1920\" \/>\n\t<meta property=\"og:image:height\" content=\"1277\" \/>\n\t<meta property=\"og:image:type\" content=\"image\/jpeg\" \/>\n<meta name=\"twitter:card\" content=\"summary_large_image\" \/>\n<meta name=\"twitter:label1\" content=\"Gesch\u00e4tzte Lesezeit\" \/>\n\t<meta name=\"twitter:data1\" content=\"2\u00a0Minuten\" \/>\n<script type=\"application\/ld+json\" class=\"yoast-schema-graph\">{\"@context\":\"https:\\\/\\\/schema.org\",\"@graph\":[{\"@type\":\"WebPage\",\"@id\":\"https:\\\/\\\/www.pioneer-cbh.com\\\/de\\\/eliteklasse\\\/\",\"url\":\"https:\\\/\\\/www.pioneer-cbh.com\\\/de\\\/eliteklasse\\\/\",\"name\":\"4-Sterne-Hotel in Paphos mit All Inclusive || Pioneer Beach Hotel\",\"isPartOf\":{\"@id\":\"https:\\\/\\\/www.pioneer-cbh.com\\\/de\\\/#website\"},\"primaryImageOfPage\":{\"@id\":\"https:\\\/\\\/www.pioneer-cbh.com\\\/de\\\/eliteklasse\\\/#primaryimage\"},\"image\":{\"@id\":\"https:\\\/\\\/www.pioneer-cbh.com\\\/de\\\/eliteklasse\\\/#primaryimage\"},\"thumbnailUrl\":\"https:\\\/\\\/www.pioneer-cbh.com\\\/app\\\/uploads\\\/sites\\\/33\\\/2019\\\/05\\\/01-pioneer-beach-hotel-swimming-pool_resized.jpg\",\"datePublished\":\"2019-11-29T13:51:12+00:00\",\"dateModified\":\"2026-04-03T12:49:25+00:00\",\"description\":\"Go Elite im Pioneer Beach ist ein 4-Sterne-Hotel in Paphos nur f\u00fcr Erwachsene mit All-Inclusive, in dem Sie absolute Freiheit und unz\u00e4hlige Vorteile w\u00e4hrend Ihres Aufenthalts genie\u00dfen k\u00f6nnen.\",\"breadcrumb\":{\"@id\":\"https:\\\/\\\/www.pioneer-cbh.com\\\/de\\\/eliteklasse\\\/#breadcrumb\"},\"inLanguage\":\"de\",\"potentialAction\":[{\"@type\":\"ReadAction\",\"target\":[\"https:\\\/\\\/www.pioneer-cbh.com\\\/de\\\/eliteklasse\\\/\"]}]},{\"@type\":\"ImageObject\",\"inLanguage\":\"de\",\"@id\":\"https:\\\/\\\/www.pioneer-cbh.com\\\/de\\\/eliteklasse\\\/#primaryimage\",\"url\":\"https:\\\/\\\/www.pioneer-cbh.com\\\/app\\\/uploads\\\/sites\\\/33\\\/2019\\\/05\\\/01-pioneer-beach-hotel-swimming-pool_resized.jpg\",\"contentUrl\":\"https:\\\/\\\/www.pioneer-cbh.com\\\/app\\\/uploads\\\/sites\\\/33\\\/2019\\\/05\\\/01-pioneer-beach-hotel-swimming-pool_resized.jpg\",\"width\":1920,\"height\":1277,\"caption\":\"In Blau gekleidet\"},{\"@type\":\"BreadcrumbList\",\"@id\":\"https:\\\/\\\/www.pioneer-cbh.com\\\/de\\\/eliteklasse\\\/#breadcrumb\",\"itemListElement\":[{\"@type\":\"ListItem\",\"position\":1,\"name\":\"Home\",\"item\":\"https:\\\/\\\/www.pioneer-cbh.com\\\/de\\\/\"},{\"@type\":\"ListItem\",\"position\":2,\"name\":\"Eliteklasse\"}]},{\"@type\":\"WebSite\",\"@id\":\"https:\\\/\\\/www.pioneer-cbh.com\\\/de\\\/#website\",\"url\":\"https:\\\/\\\/www.pioneer-cbh.com\\\/de\\\/\",\"name\":\"Pioneer Beach Hotel\",\"description\":\"Constantinou Bros Pioneer Beach Hotel, 4 star hotel in Paphos Cyprus\",\"potentialAction\":[{\"@type\":\"SearchAction\",\"target\":{\"@type\":\"EntryPoint\",\"urlTemplate\":\"https:\\\/\\\/www.pioneer-cbh.com\\\/de\\\/?s={search_term_string}\"},\"query-input\":{\"@type\":\"PropertyValueSpecification\",\"valueRequired\":true,\"valueName\":\"search_term_string\"}}],\"inLanguage\":\"de\"}]}<\/script>\n<!-- \/ Yoast SEO plugin. -->","yoast_head_json":{"title":"4-Sterne-Hotel in Paphos mit All Inclusive || Pioneer Beach Hotel","description":"Go Elite im Pioneer Beach ist ein 4-Sterne-Hotel in Paphos nur f\u00fcr Erwachsene mit All-Inclusive, in dem Sie absolute Freiheit und unz\u00e4hlige Vorteile w\u00e4hrend Ihres Aufenthalts genie\u00dfen k\u00f6nnen.","robots":{"index":"index","follow":"follow","max-snippet":"max-snippet:-1","max-image-preview":"max-image-preview:large","max-video-preview":"max-video-preview:-1"},"canonical":"https:\/\/www.pioneer-cbh.com\/de\/eliteklasse\/","og_locale":"de_DE","og_type":"article","og_title":"4-Sterne-Hotel in Paphos mit All Inclusive || Pioneer Beach Hotel","og_description":"Go Elite im Pioneer Beach ist ein 4-Sterne-Hotel in Paphos nur f\u00fcr Erwachsene mit All-Inclusive, in dem Sie absolute Freiheit und unz\u00e4hlige Vorteile w\u00e4hrend Ihres Aufenthalts genie\u00dfen k\u00f6nnen.","og_url":"https:\/\/www.pioneer-cbh.com\/de\/eliteklasse\/","og_site_name":"Pioneer Beach Hotel","article_modified_time":"2026-04-03T12:49:25+00:00","og_image":[{"width":1920,"height":1277,"url":"https:\/\/www.pioneer-cbh.com\/app\/uploads\/sites\/33\/2019\/05\/01-pioneer-beach-hotel-swimming-pool_resized.jpg","type":"image\/jpeg"}],"twitter_card":"summary_large_image","twitter_misc":{"Gesch\u00e4tzte Lesezeit":"2\u00a0Minuten"},"schema":{"@context":"https:\/\/schema.org","@graph":[{"@type":"WebPage","@id":"https:\/\/www.pioneer-cbh.com\/de\/eliteklasse\/","url":"https:\/\/www.pioneer-cbh.com\/de\/eliteklasse\/","name":"4-Sterne-Hotel in Paphos mit All Inclusive || Pioneer Beach Hotel","isPartOf":{"@id":"https:\/\/www.pioneer-cbh.com\/de\/#website"},"primaryImageOfPage":{"@id":"https:\/\/www.pioneer-cbh.com\/de\/eliteklasse\/#primaryimage"},"image":{"@id":"https:\/\/www.pioneer-cbh.com\/de\/eliteklasse\/#primaryimage"},"thumbnailUrl":"https:\/\/www.pioneer-cbh.com\/app\/uploads\/sites\/33\/2019\/05\/01-pioneer-beach-hotel-swimming-pool_resized.jpg","datePublished":"2019-11-29T13:51:12+00:00","dateModified":"2026-04-03T12:49:25+00:00","description":"Go Elite im Pioneer Beach ist ein 4-Sterne-Hotel in Paphos nur f\u00fcr Erwachsene mit All-Inclusive, in dem Sie absolute Freiheit und unz\u00e4hlige Vorteile w\u00e4hrend Ihres Aufenthalts genie\u00dfen k\u00f6nnen.","breadcrumb":{"@id":"https:\/\/www.pioneer-cbh.com\/de\/eliteklasse\/#breadcrumb"},"inLanguage":"de","potentialAction":[{"@type":"ReadAction","target":["https:\/\/www.pioneer-cbh.com\/de\/eliteklasse\/"]}]},{"@type":"ImageObject","inLanguage":"de","@id":"https:\/\/www.pioneer-cbh.com\/de\/eliteklasse\/#primaryimage","url":"https:\/\/www.pioneer-cbh.com\/app\/uploads\/sites\/33\/2019\/05\/01-pioneer-beach-hotel-swimming-pool_resized.jpg","contentUrl":"https:\/\/www.pioneer-cbh.com\/app\/uploads\/sites\/33\/2019\/05\/01-pioneer-beach-hotel-swimming-pool_resized.jpg","width":1920,"height":1277,"caption":"In Blau gekleidet"},{"@type":"BreadcrumbList","@id":"https:\/\/www.pioneer-cbh.com\/de\/eliteklasse\/#breadcrumb","itemListElement":[{"@type":"ListItem","position":1,"name":"Home","item":"https:\/\/www.pioneer-cbh.com\/de\/"},{"@type":"ListItem","position":2,"name":"Eliteklasse"}]},{"@type":"WebSite","@id":"https:\/\/www.pioneer-cbh.com\/de\/#website","url":"https:\/\/www.pioneer-cbh.com\/de\/","name":"Pioneer Beach Hotel","description":"Constantinou Bros Pioneer Beach Hotel, 4 star hotel in Paphos Cyprus","potentialAction":[{"@type":"SearchAction","target":{"@type":"EntryPoint","urlTemplate":"https:\/\/www.pioneer-cbh.com\/de\/?s={search_term_string}"},"query-input":{"@type":"PropertyValueSpecification","valueRequired":true,"valueName":"search_term_string"}}],"inLanguage":"de"}]}},"_links":{"self":[{"href":"https:\/\/www.pioneer-cbh.com\/de\/wp-json\/wp\/v2\/pages\/2246","targetHints":{"allow":["GET"]}}],"collection":[{"href":"https:\/\/www.pioneer-cbh.com\/de\/wp-json\/wp\/v2\/pages"}],"about":[{"href":"https:\/\/www.pioneer-cbh.com\/de\/wp-json\/wp\/v2\/types\/page"}],"author":[{"embeddable":true,"href":"https:\/\/www.pioneer-cbh.com\/de\/wp-json\/wp\/v2\/users\/1"}],"replies":[{"embeddable":true,"href":"https:\/\/www.pioneer-cbh.com\/de\/wp-json\/wp\/v2\/comments?post=2246"}],"version-history":[{"count":11,"href":"https:\/\/www.pioneer-cbh.com\/de\/wp-json\/wp\/v2\/pages\/2246\/revisions"}],"predecessor-version":[{"id":13104,"href":"https:\/\/www.pioneer-cbh.com\/de\/wp-json\/wp\/v2\/pages\/2246\/revisions\/13104"}],"wp:featuredmedia":[{"embeddable":true,"href":"https:\/\/www.pioneer-cbh.com\/de\/wp-json\/wp\/v2\/media\/1807"}],"wp:attachment":[{"href":"https:\/\/www.pioneer-cbh.com\/de\/wp-json\/wp\/v2\/media?parent=2246"}],"curies":[{"name":"wp","href":"https:\/\/api.w.org\/{rel}","templated":true}]}}