{"id":2123,"date":"2019-07-22T10:42:34","date_gmt":"2019-07-22T07:42:34","guid":{"rendered":"http:\/\/pioneer-cbh.cms4.nelios.com\/news\/cyprus-breakfast-at-constantinou-bros-hotels\/"},"modified":"2024-09-18T14:13:50","modified_gmt":"2024-09-18T11:13:50","slug":"zypern-fruhstuck-im-constantinou-bros-hotels","status":"publish","type":"page","link":"https:\/\/www.pioneer-cbh.com\/de\/nachrichten\/zypern-fruhstuck-im-constantinou-bros-hotels\/","title":{"rendered":"&#8218;Zypern-Fr\u00fchst\u00fcck&#8216; im Constantinou Bros Hotels"},"content":{"rendered":"<p>Constantinou Bros Hotels ist vor kurzem Mitglied des Cyprus Breakfast Programms geworden.<br \/>\nDieses Programm wurde von der Cyprus Tourism Organisation (CTO), der Travel Foundation, UK und der Cyprus Sustainable Tourism Initiative (CSTI) im Rahmen des Programms &#8218;Cyprus Destination Partnership&#8216; ins Leben gerufen, um die Geschichte und Kultur der traditionellen lokalen Gastronomie zu f\u00f6rdern und die Authentizit\u00e4t in den Hotels auf Zypern zu verbessern.<br \/>\nConstantinou Bros Hotels unterst\u00fctzt das &#8218;Zypern-Fr\u00fchst\u00fcck&#8216; und pr\u00e4sentiert die zypriotische Identit\u00e4t, indem es seinen G\u00e4sten eine Reihe von lokalen Produkten anbietet.<br \/>\nDas Buffet enth\u00e4lt eine gro\u00dfe Auswahl an zypriotischen Spezialit\u00e4ten, darunter der traditionelle Halloumi-K\u00e4se und Anari, der hausgemachte Halloumi-Kuchen und Olivenkuchen sowie frisches Obst aus der Region, die mit der Authentizit\u00e4t Zyperns verbunden sind.<br \/>\nUnsere G\u00e4ste k\u00f6nnen die einzigartigen und traditionellen K\u00f6stlichkeiten und Aromen der Insel probieren, die aus dem Leben der b\u00e4uerlichen Familie stammen, wie z.B. frische Ziegenmilch, gr\u00fcne Oliven, Souzouko (eine traditionelle S\u00fc\u00dfspeise aus Traubenmost, N\u00fcssen und Mehl), Kl\u00f6\u00dfe aus Johannisbrot-Sirup, frische Kr\u00e4uter, ger\u00e4uchertes Fleisch aus Zypern und L\u00f6ffelbonbons (eingemachte Fr\u00fcchte in Sirup) wie z.B. &#8222;Glyko karidaki&#8220; (Walnuss-L\u00f6ffelbonbon), die alle auf nat\u00fcrliche Weise von unseren lokalen Gemeinschaften hergestellt werden. Die Constantinou Bros Hotels haben sich das &#8218;zypriotische Fr\u00fchst\u00fcck&#8216; auf die Fahnen geschrieben und bereichern die zypriotische Fr\u00fchst\u00fccksecke des Hotels kontinuierlich mit traditionellen Aromen.<br \/>\nSeit kurzem bieten wir auch &#8218;Kserotigana&#8216; (Krapfen mit Honig und N\u00fcssen) und &#8218;Bourekia mit Anari&#8216; (eine Art Geb\u00e4ck, das mit wei\u00dfem Weichk\u00e4se gef\u00fcllt ist) an, zusammen mit einer Auswahl an lokalen rohen N\u00fcssen und Trockenfr\u00fcchten wie Mandeln, Waln\u00fcssen, Haseln\u00fcssen, Sonnenblumenkernen sowie getrockneten Aprikosen, Datteln, Feigen und vielen anderen.<br \/>\nLassen Sie das englische und kontinentale Fr\u00fchst\u00fcck sein und g\u00f6nnen Sie sich w\u00e4hrend Ihres Urlaubs in den Constantinou Bros Hotels ein gesundes Fr\u00fchst\u00fcck.<br \/>\nLassen Sie sich von unserem zypriotischen Fr\u00fchst\u00fcck verw\u00f6hnen.<\/p>\n","protected":false},"excerpt":{"rendered":"<p>Constantinou Bros Hotels ist vor kurzem Mitglied des Cyprus Breakfast Programms geworden. Dieses Programm wurde von der Cyprus Tourism Organisation (CTO), der Travel Foundation, UK und der Cyprus Sustainable Tourism Initiative (CSTI) im Rahmen des Programms &#8218;Cyprus Destination Partnership&#8216; ins Leben gerufen, um die Geschichte und Kultur der traditionellen lokalen Gastronomie zu f\u00f6rdern und die<\/p>\n","protected":false},"author":12,"featured_media":2774,"parent":2111,"menu_order":0,"comment_status":"closed","ping_status":"closed","template":"","meta":{"_acf_changed":false,"footnotes":""},"class_list":["post-2123","page","type-page","status-publish","has-post-thumbnail","hentry"],"acf":[],"yoast_head":"<!-- This site is optimized with the Yoast SEO plugin v27.5 - https:\/\/yoast.com\/product\/yoast-seo-wordpress\/ -->\n<title>&#039;Zypern-Fr\u00fchst\u00fcck&#039; im Constantinou Bros Hotels - Pioneer Beach Hotel<\/title>\n<meta name=\"robots\" content=\"index, follow, max-snippet:-1, max-image-preview:large, max-video-preview:-1\" \/>\n<link rel=\"canonical\" href=\"https:\/\/www.pioneer-cbh.com\/de\/nachrichten\/zypern-fruhstuck-im-constantinou-bros-hotels\/\" \/>\n<meta property=\"og:locale\" content=\"de_DE\" \/>\n<meta property=\"og:type\" content=\"article\" \/>\n<meta property=\"og:title\" content=\"&#039;Zypern-Fr\u00fchst\u00fcck&#039; im Constantinou Bros Hotels - Pioneer Beach Hotel\" \/>\n<meta property=\"og:description\" content=\"Constantinou Bros Hotels ist vor kurzem Mitglied des Cyprus Breakfast Programms geworden. Dieses Programm wurde von der Cyprus Tourism Organisation (CTO), der Travel Foundation, UK und der Cyprus Sustainable Tourism Initiative (CSTI) im Rahmen des Programms &#8218;Cyprus Destination Partnership&#8216; ins Leben gerufen, um die Geschichte und Kultur der traditionellen lokalen Gastronomie zu f\u00f6rdern und die\" \/>\n<meta property=\"og:url\" content=\"https:\/\/www.pioneer-cbh.com\/de\/nachrichten\/zypern-fruhstuck-im-constantinou-bros-hotels\/\" \/>\n<meta property=\"og:site_name\" content=\"Pioneer Beach Hotel\" \/>\n<meta property=\"article:modified_time\" content=\"2024-09-18T11:13:50+00:00\" \/>\n<meta property=\"og:image\" content=\"https:\/\/www.pioneer-cbh.com\/app\/uploads\/sites\/33\/2019\/12\/Pioneer-Cyprus-Breakfast.jpg\" \/>\n\t<meta property=\"og:image:width\" content=\"2481\" \/>\n\t<meta property=\"og:image:height\" content=\"1754\" \/>\n\t<meta property=\"og:image:type\" content=\"image\/jpeg\" \/>\n<meta name=\"twitter:card\" content=\"summary_large_image\" \/>\n<meta name=\"twitter:label1\" content=\"Gesch\u00e4tzte Lesezeit\" \/>\n\t<meta name=\"twitter:data1\" content=\"2\u00a0Minuten\" \/>\n<script type=\"application\/ld+json\" class=\"yoast-schema-graph\">{\"@context\":\"https:\\\/\\\/schema.org\",\"@graph\":[{\"@type\":\"WebPage\",\"@id\":\"https:\\\/\\\/www.pioneer-cbh.com\\\/de\\\/nachrichten\\\/zypern-fruhstuck-im-constantinou-bros-hotels\\\/\",\"url\":\"https:\\\/\\\/www.pioneer-cbh.com\\\/de\\\/nachrichten\\\/zypern-fruhstuck-im-constantinou-bros-hotels\\\/\",\"name\":\"'Zypern-Fr\u00fchst\u00fcck' im Constantinou Bros Hotels - Pioneer Beach Hotel\",\"isPartOf\":{\"@id\":\"https:\\\/\\\/www.pioneer-cbh.com\\\/de\\\/#website\"},\"primaryImageOfPage\":{\"@id\":\"https:\\\/\\\/www.pioneer-cbh.com\\\/de\\\/nachrichten\\\/zypern-fruhstuck-im-constantinou-bros-hotels\\\/#primaryimage\"},\"image\":{\"@id\":\"https:\\\/\\\/www.pioneer-cbh.com\\\/de\\\/nachrichten\\\/zypern-fruhstuck-im-constantinou-bros-hotels\\\/#primaryimage\"},\"thumbnailUrl\":\"https:\\\/\\\/www.pioneer-cbh.com\\\/app\\\/uploads\\\/sites\\\/33\\\/2019\\\/12\\\/Pioneer-Cyprus-Breakfast.jpg\",\"datePublished\":\"2019-07-22T07:42:34+00:00\",\"dateModified\":\"2024-09-18T11:13:50+00:00\",\"breadcrumb\":{\"@id\":\"https:\\\/\\\/www.pioneer-cbh.com\\\/de\\\/nachrichten\\\/zypern-fruhstuck-im-constantinou-bros-hotels\\\/#breadcrumb\"},\"inLanguage\":\"de\",\"potentialAction\":[{\"@type\":\"ReadAction\",\"target\":[\"https:\\\/\\\/www.pioneer-cbh.com\\\/de\\\/nachrichten\\\/zypern-fruhstuck-im-constantinou-bros-hotels\\\/\"]}]},{\"@type\":\"ImageObject\",\"inLanguage\":\"de\",\"@id\":\"https:\\\/\\\/www.pioneer-cbh.com\\\/de\\\/nachrichten\\\/zypern-fruhstuck-im-constantinou-bros-hotels\\\/#primaryimage\",\"url\":\"https:\\\/\\\/www.pioneer-cbh.com\\\/app\\\/uploads\\\/sites\\\/33\\\/2019\\\/12\\\/Pioneer-Cyprus-Breakfast.jpg\",\"contentUrl\":\"https:\\\/\\\/www.pioneer-cbh.com\\\/app\\\/uploads\\\/sites\\\/33\\\/2019\\\/12\\\/Pioneer-Cyprus-Breakfast.jpg\",\"width\":2481,\"height\":1754},{\"@type\":\"BreadcrumbList\",\"@id\":\"https:\\\/\\\/www.pioneer-cbh.com\\\/de\\\/nachrichten\\\/zypern-fruhstuck-im-constantinou-bros-hotels\\\/#breadcrumb\",\"itemListElement\":[{\"@type\":\"ListItem\",\"position\":1,\"name\":\"Home\",\"item\":\"https:\\\/\\\/www.pioneer-cbh.com\\\/de\\\/\"},{\"@type\":\"ListItem\",\"position\":2,\"name\":\"BLOG\",\"item\":\"https:\\\/\\\/www.pioneer-cbh.com\\\/de\\\/nachrichten\\\/\"},{\"@type\":\"ListItem\",\"position\":3,\"name\":\"&#8216;Zypern-Fr\u00fchst\u00fcck&#8217; im Constantinou Bros Hotels\"}]},{\"@type\":\"WebSite\",\"@id\":\"https:\\\/\\\/www.pioneer-cbh.com\\\/de\\\/#website\",\"url\":\"https:\\\/\\\/www.pioneer-cbh.com\\\/de\\\/\",\"name\":\"Pioneer Beach Hotel\",\"description\":\"Constantinou Bros Pioneer Beach Hotel, 4 star hotel in Paphos Cyprus\",\"potentialAction\":[{\"@type\":\"SearchAction\",\"target\":{\"@type\":\"EntryPoint\",\"urlTemplate\":\"https:\\\/\\\/www.pioneer-cbh.com\\\/de\\\/?s={search_term_string}\"},\"query-input\":{\"@type\":\"PropertyValueSpecification\",\"valueRequired\":true,\"valueName\":\"search_term_string\"}}],\"inLanguage\":\"de\"}]}<\/script>\n<!-- \/ Yoast SEO plugin. -->","yoast_head_json":{"title":"'Zypern-Fr\u00fchst\u00fcck' im Constantinou Bros Hotels - Pioneer Beach Hotel","robots":{"index":"index","follow":"follow","max-snippet":"max-snippet:-1","max-image-preview":"max-image-preview:large","max-video-preview":"max-video-preview:-1"},"canonical":"https:\/\/www.pioneer-cbh.com\/de\/nachrichten\/zypern-fruhstuck-im-constantinou-bros-hotels\/","og_locale":"de_DE","og_type":"article","og_title":"'Zypern-Fr\u00fchst\u00fcck' im Constantinou Bros Hotels - Pioneer Beach Hotel","og_description":"Constantinou Bros Hotels ist vor kurzem Mitglied des Cyprus Breakfast Programms geworden. Dieses Programm wurde von der Cyprus Tourism Organisation (CTO), der Travel Foundation, UK und der Cyprus Sustainable Tourism Initiative (CSTI) im Rahmen des Programms &#8218;Cyprus Destination Partnership&#8216; ins Leben gerufen, um die Geschichte und Kultur der traditionellen lokalen Gastronomie zu f\u00f6rdern und die","og_url":"https:\/\/www.pioneer-cbh.com\/de\/nachrichten\/zypern-fruhstuck-im-constantinou-bros-hotels\/","og_site_name":"Pioneer Beach Hotel","article_modified_time":"2024-09-18T11:13:50+00:00","og_image":[{"width":2481,"height":1754,"url":"https:\/\/www.pioneer-cbh.com\/app\/uploads\/sites\/33\/2019\/12\/Pioneer-Cyprus-Breakfast.jpg","type":"image\/jpeg"}],"twitter_card":"summary_large_image","twitter_misc":{"Gesch\u00e4tzte Lesezeit":"2\u00a0Minuten"},"schema":{"@context":"https:\/\/schema.org","@graph":[{"@type":"WebPage","@id":"https:\/\/www.pioneer-cbh.com\/de\/nachrichten\/zypern-fruhstuck-im-constantinou-bros-hotels\/","url":"https:\/\/www.pioneer-cbh.com\/de\/nachrichten\/zypern-fruhstuck-im-constantinou-bros-hotels\/","name":"'Zypern-Fr\u00fchst\u00fcck' im Constantinou Bros Hotels - Pioneer Beach Hotel","isPartOf":{"@id":"https:\/\/www.pioneer-cbh.com\/de\/#website"},"primaryImageOfPage":{"@id":"https:\/\/www.pioneer-cbh.com\/de\/nachrichten\/zypern-fruhstuck-im-constantinou-bros-hotels\/#primaryimage"},"image":{"@id":"https:\/\/www.pioneer-cbh.com\/de\/nachrichten\/zypern-fruhstuck-im-constantinou-bros-hotels\/#primaryimage"},"thumbnailUrl":"https:\/\/www.pioneer-cbh.com\/app\/uploads\/sites\/33\/2019\/12\/Pioneer-Cyprus-Breakfast.jpg","datePublished":"2019-07-22T07:42:34+00:00","dateModified":"2024-09-18T11:13:50+00:00","breadcrumb":{"@id":"https:\/\/www.pioneer-cbh.com\/de\/nachrichten\/zypern-fruhstuck-im-constantinou-bros-hotels\/#breadcrumb"},"inLanguage":"de","potentialAction":[{"@type":"ReadAction","target":["https:\/\/www.pioneer-cbh.com\/de\/nachrichten\/zypern-fruhstuck-im-constantinou-bros-hotels\/"]}]},{"@type":"ImageObject","inLanguage":"de","@id":"https:\/\/www.pioneer-cbh.com\/de\/nachrichten\/zypern-fruhstuck-im-constantinou-bros-hotels\/#primaryimage","url":"https:\/\/www.pioneer-cbh.com\/app\/uploads\/sites\/33\/2019\/12\/Pioneer-Cyprus-Breakfast.jpg","contentUrl":"https:\/\/www.pioneer-cbh.com\/app\/uploads\/sites\/33\/2019\/12\/Pioneer-Cyprus-Breakfast.jpg","width":2481,"height":1754},{"@type":"BreadcrumbList","@id":"https:\/\/www.pioneer-cbh.com\/de\/nachrichten\/zypern-fruhstuck-im-constantinou-bros-hotels\/#breadcrumb","itemListElement":[{"@type":"ListItem","position":1,"name":"Home","item":"https:\/\/www.pioneer-cbh.com\/de\/"},{"@type":"ListItem","position":2,"name":"BLOG","item":"https:\/\/www.pioneer-cbh.com\/de\/nachrichten\/"},{"@type":"ListItem","position":3,"name":"&#8216;Zypern-Fr\u00fchst\u00fcck&#8217; im Constantinou Bros Hotels"}]},{"@type":"WebSite","@id":"https:\/\/www.pioneer-cbh.com\/de\/#website","url":"https:\/\/www.pioneer-cbh.com\/de\/","name":"Pioneer Beach Hotel","description":"Constantinou Bros Pioneer Beach Hotel, 4 star hotel in Paphos Cyprus","potentialAction":[{"@type":"SearchAction","target":{"@type":"EntryPoint","urlTemplate":"https:\/\/www.pioneer-cbh.com\/de\/?s={search_term_string}"},"query-input":{"@type":"PropertyValueSpecification","valueRequired":true,"valueName":"search_term_string"}}],"inLanguage":"de"}]}},"_links":{"self":[{"href":"https:\/\/www.pioneer-cbh.com\/de\/wp-json\/wp\/v2\/pages\/2123","targetHints":{"allow":["GET"]}}],"collection":[{"href":"https:\/\/www.pioneer-cbh.com\/de\/wp-json\/wp\/v2\/pages"}],"about":[{"href":"https:\/\/www.pioneer-cbh.com\/de\/wp-json\/wp\/v2\/types\/page"}],"author":[{"embeddable":true,"href":"https:\/\/www.pioneer-cbh.com\/de\/wp-json\/wp\/v2\/users\/12"}],"replies":[{"embeddable":true,"href":"https:\/\/www.pioneer-cbh.com\/de\/wp-json\/wp\/v2\/comments?post=2123"}],"version-history":[{"count":3,"href":"https:\/\/www.pioneer-cbh.com\/de\/wp-json\/wp\/v2\/pages\/2123\/revisions"}],"predecessor-version":[{"id":11519,"href":"https:\/\/www.pioneer-cbh.com\/de\/wp-json\/wp\/v2\/pages\/2123\/revisions\/11519"}],"up":[{"embeddable":true,"href":"https:\/\/www.pioneer-cbh.com\/de\/wp-json\/wp\/v2\/pages\/2111"}],"wp:featuredmedia":[{"embeddable":true,"href":"https:\/\/www.pioneer-cbh.com\/de\/wp-json\/wp\/v2\/media\/2774"}],"wp:attachment":[{"href":"https:\/\/www.pioneer-cbh.com\/de\/wp-json\/wp\/v2\/media?parent=2123"}],"curies":[{"name":"wp","href":"https:\/\/api.w.org\/{rel}","templated":true}]}}