{"id":1969,"date":"2019-07-17T15:06:38","date_gmt":"2019-07-17T12:06:38","guid":{"rendered":"http:\/\/pioneer-cbh.cms4.nelios.com\/dining\/bars\/"},"modified":"2024-09-18T14:56:10","modified_gmt":"2024-09-18T11:56:10","slug":"bars","status":"publish","type":"page","link":"https:\/\/www.pioneer-cbh.com\/de\/essen\/bars\/","title":{"rendered":"Bars"},"content":{"rendered":"<h4>Marco Polo Cocktail Bar<\/h4>\n<p>Ger\u00e4umig und einladend, ein Ort zum Entspannen, w\u00e4hrend Sie Ihren Drink drinnen oder drau\u00dfen genie\u00dfen und an den meisten Abenden von Live-Musik begleitet werden.<\/p>\n<h4>Sportbar<\/h4>\n<p>Eine brandneue Erg\u00e4nzung zur Ausstattung des Hotels, die Getr\u00e4nke in einem gem\u00fctlichen Ambiente serviert.<br \/>\nGenie\u00dfen Sie ein Pint oder ein anderes Getr\u00e4nk Ihrer Wahl zusammen mit einer Partie American Pool oder entspannen Sie sich einfach und schauen Sie sich ein gutes Fu\u00dfballspiel auf dem Gro\u00dfbildfernseher an.<\/p>\n<h4>St. Andrew&#8217;s Rooftop Bar (Sommer)<\/h4>\n<p>Fahren Sie mit dem Aufzug in die oberste Etage und genie\u00dfen Sie den atemberaubenden Meerblick von unserer St. Andrew&#8217;s Rooftop Bar.<br \/>\nEin erh\u00f6htes Erlebnis, der ideale Ort, um zu entspannen, die Farben des Sonnenuntergangs zu beobachten und dabei Cocktails und Drinks bei entspannender Lounge-Musik zu genie\u00dfen.<\/p>\n<h4>Captain Cook Pool Bar<\/h4>\n<p>Am Pool k\u00f6nnen Sie Ihren Durst mit einem erfrischenden Getr\u00e4nk oder einem Eis stillen (Sommer).<br \/>\nVerschiedene Snacks &#8211; Service.<\/p>\n<h4>Poseidonas Bar<\/h4>\n<p>Steht im Ermessen des Managements.<\/p>\n","protected":false},"excerpt":{"rendered":"<p>Marco Polo Cocktail Bar Ger\u00e4umig und einladend, ein Ort zum Entspannen, w\u00e4hrend Sie Ihren Drink drinnen oder drau\u00dfen genie\u00dfen und an den meisten Abenden von Live-Musik begleitet werden. Sportbar Eine brandneue Erg\u00e4nzung zur Ausstattung des Hotels, die Getr\u00e4nke in einem gem\u00fctlichen Ambiente serviert. Genie\u00dfen Sie ein Pint oder ein anderes Getr\u00e4nk Ihrer Wahl zusammen mit<\/p>\n","protected":false},"author":12,"featured_media":3400,"parent":1950,"menu_order":0,"comment_status":"closed","ping_status":"closed","template":"","meta":{"_acf_changed":false,"footnotes":""},"class_list":["post-1969","page","type-page","status-publish","has-post-thumbnail","hentry"],"acf":[],"yoast_head":"<!-- This site is optimized with the Yoast SEO plugin v27.5 - https:\/\/yoast.com\/product\/yoast-seo-wordpress\/ -->\n<title>Feine Getr\u00e4nke in den Bars des Pioneer Beach Hotel Paphos || Pioneer Beach<\/title>\n<meta name=\"description\" content=\"Genie\u00dfen Sie Abende mit feinen Getr\u00e4nken am Pool, mit Blick auf das Meer, drinnen oder sogar neben dem Billardtisch, w\u00e4hrend Sie alle f\u00fcnf Bars des Pioneer Beach Hotel Paphos ausprobieren.\" \/>\n<meta name=\"robots\" content=\"index, follow, max-snippet:-1, max-image-preview:large, max-video-preview:-1\" \/>\n<link rel=\"canonical\" href=\"https:\/\/www.pioneer-cbh.com\/de\/essen\/bars\/\" \/>\n<meta property=\"og:locale\" content=\"de_DE\" \/>\n<meta property=\"og:type\" content=\"article\" \/>\n<meta property=\"og:title\" content=\"Feine Getr\u00e4nke in den Bars des Pioneer Beach Hotel Paphos || Pioneer Beach\" \/>\n<meta property=\"og:description\" content=\"Genie\u00dfen Sie Abende mit feinen Getr\u00e4nken am Pool, mit Blick auf das Meer, drinnen oder sogar neben dem Billardtisch, w\u00e4hrend Sie alle f\u00fcnf Bars des Pioneer Beach Hotel Paphos ausprobieren.\" \/>\n<meta property=\"og:url\" content=\"https:\/\/www.pioneer-cbh.com\/de\/essen\/bars\/\" \/>\n<meta property=\"og:site_name\" content=\"Pioneer Beach Hotel\" \/>\n<meta property=\"article:modified_time\" content=\"2024-09-18T11:56:10+00:00\" \/>\n<meta property=\"og:image\" content=\"https:\/\/www.pioneer-cbh.com\/app\/uploads\/sites\/33\/2020\/09\/1-PIONEER-BEACH-HOTEL-POOL.jpg\" \/>\n\t<meta property=\"og:image:width\" content=\"1200\" \/>\n\t<meta property=\"og:image:height\" content=\"798\" \/>\n\t<meta property=\"og:image:type\" content=\"image\/jpeg\" \/>\n<meta name=\"twitter:card\" content=\"summary_large_image\" \/>\n<meta name=\"twitter:label1\" content=\"Gesch\u00e4tzte Lesezeit\" \/>\n\t<meta name=\"twitter:data1\" content=\"2\u00a0Minuten\" \/>\n<script type=\"application\/ld+json\" class=\"yoast-schema-graph\">{\"@context\":\"https:\\\/\\\/schema.org\",\"@graph\":[{\"@type\":\"WebPage\",\"@id\":\"https:\\\/\\\/www.pioneer-cbh.com\\\/de\\\/essen\\\/bars\\\/\",\"url\":\"https:\\\/\\\/www.pioneer-cbh.com\\\/de\\\/essen\\\/bars\\\/\",\"name\":\"Feine Getr\u00e4nke in den Bars des Pioneer Beach Hotel Paphos || Pioneer Beach\",\"isPartOf\":{\"@id\":\"https:\\\/\\\/www.pioneer-cbh.com\\\/de\\\/#website\"},\"primaryImageOfPage\":{\"@id\":\"https:\\\/\\\/www.pioneer-cbh.com\\\/de\\\/essen\\\/bars\\\/#primaryimage\"},\"image\":{\"@id\":\"https:\\\/\\\/www.pioneer-cbh.com\\\/de\\\/essen\\\/bars\\\/#primaryimage\"},\"thumbnailUrl\":\"https:\\\/\\\/www.pioneer-cbh.com\\\/app\\\/uploads\\\/sites\\\/33\\\/2020\\\/09\\\/1-PIONEER-BEACH-HOTEL-POOL.jpg\",\"datePublished\":\"2019-07-17T12:06:38+00:00\",\"dateModified\":\"2024-09-18T11:56:10+00:00\",\"description\":\"Genie\u00dfen Sie Abende mit feinen Getr\u00e4nken am Pool, mit Blick auf das Meer, drinnen oder sogar neben dem Billardtisch, w\u00e4hrend Sie alle f\u00fcnf Bars des Pioneer Beach Hotel Paphos ausprobieren.\",\"breadcrumb\":{\"@id\":\"https:\\\/\\\/www.pioneer-cbh.com\\\/de\\\/essen\\\/bars\\\/#breadcrumb\"},\"inLanguage\":\"de\",\"potentialAction\":[{\"@type\":\"ReadAction\",\"target\":[\"https:\\\/\\\/www.pioneer-cbh.com\\\/de\\\/essen\\\/bars\\\/\"]}]},{\"@type\":\"ImageObject\",\"inLanguage\":\"de\",\"@id\":\"https:\\\/\\\/www.pioneer-cbh.com\\\/de\\\/essen\\\/bars\\\/#primaryimage\",\"url\":\"https:\\\/\\\/www.pioneer-cbh.com\\\/app\\\/uploads\\\/sites\\\/33\\\/2020\\\/09\\\/1-PIONEER-BEACH-HOTEL-POOL.jpg\",\"contentUrl\":\"https:\\\/\\\/www.pioneer-cbh.com\\\/app\\\/uploads\\\/sites\\\/33\\\/2020\\\/09\\\/1-PIONEER-BEACH-HOTEL-POOL.jpg\",\"width\":1200,\"height\":798,\"caption\":\"In Blauem Kleid\"},{\"@type\":\"BreadcrumbList\",\"@id\":\"https:\\\/\\\/www.pioneer-cbh.com\\\/de\\\/essen\\\/bars\\\/#breadcrumb\",\"itemListElement\":[{\"@type\":\"ListItem\",\"position\":1,\"name\":\"Home\",\"item\":\"https:\\\/\\\/www.pioneer-cbh.com\\\/de\\\/\"},{\"@type\":\"ListItem\",\"position\":2,\"name\":\"Dining\",\"item\":\"https:\\\/\\\/www.pioneer-cbh.com\\\/de\\\/essen\\\/\"},{\"@type\":\"ListItem\",\"position\":3,\"name\":\"Bars\"}]},{\"@type\":\"WebSite\",\"@id\":\"https:\\\/\\\/www.pioneer-cbh.com\\\/de\\\/#website\",\"url\":\"https:\\\/\\\/www.pioneer-cbh.com\\\/de\\\/\",\"name\":\"Pioneer Beach Hotel\",\"description\":\"Constantinou Bros Pioneer Beach Hotel, 4 star hotel in Paphos Cyprus\",\"potentialAction\":[{\"@type\":\"SearchAction\",\"target\":{\"@type\":\"EntryPoint\",\"urlTemplate\":\"https:\\\/\\\/www.pioneer-cbh.com\\\/de\\\/?s={search_term_string}\"},\"query-input\":{\"@type\":\"PropertyValueSpecification\",\"valueRequired\":true,\"valueName\":\"search_term_string\"}}],\"inLanguage\":\"de\"}]}<\/script>\n<!-- \/ Yoast SEO plugin. -->","yoast_head_json":{"title":"Feine Getr\u00e4nke in den Bars des Pioneer Beach Hotel Paphos || Pioneer Beach","description":"Genie\u00dfen Sie Abende mit feinen Getr\u00e4nken am Pool, mit Blick auf das Meer, drinnen oder sogar neben dem Billardtisch, w\u00e4hrend Sie alle f\u00fcnf Bars des Pioneer Beach Hotel Paphos ausprobieren.","robots":{"index":"index","follow":"follow","max-snippet":"max-snippet:-1","max-image-preview":"max-image-preview:large","max-video-preview":"max-video-preview:-1"},"canonical":"https:\/\/www.pioneer-cbh.com\/de\/essen\/bars\/","og_locale":"de_DE","og_type":"article","og_title":"Feine Getr\u00e4nke in den Bars des Pioneer Beach Hotel Paphos || Pioneer Beach","og_description":"Genie\u00dfen Sie Abende mit feinen Getr\u00e4nken am Pool, mit Blick auf das Meer, drinnen oder sogar neben dem Billardtisch, w\u00e4hrend Sie alle f\u00fcnf Bars des Pioneer Beach Hotel Paphos ausprobieren.","og_url":"https:\/\/www.pioneer-cbh.com\/de\/essen\/bars\/","og_site_name":"Pioneer Beach Hotel","article_modified_time":"2024-09-18T11:56:10+00:00","og_image":[{"width":1200,"height":798,"url":"https:\/\/www.pioneer-cbh.com\/app\/uploads\/sites\/33\/2020\/09\/1-PIONEER-BEACH-HOTEL-POOL.jpg","type":"image\/jpeg"}],"twitter_card":"summary_large_image","twitter_misc":{"Gesch\u00e4tzte Lesezeit":"2\u00a0Minuten"},"schema":{"@context":"https:\/\/schema.org","@graph":[{"@type":"WebPage","@id":"https:\/\/www.pioneer-cbh.com\/de\/essen\/bars\/","url":"https:\/\/www.pioneer-cbh.com\/de\/essen\/bars\/","name":"Feine Getr\u00e4nke in den Bars des Pioneer Beach Hotel Paphos || Pioneer Beach","isPartOf":{"@id":"https:\/\/www.pioneer-cbh.com\/de\/#website"},"primaryImageOfPage":{"@id":"https:\/\/www.pioneer-cbh.com\/de\/essen\/bars\/#primaryimage"},"image":{"@id":"https:\/\/www.pioneer-cbh.com\/de\/essen\/bars\/#primaryimage"},"thumbnailUrl":"https:\/\/www.pioneer-cbh.com\/app\/uploads\/sites\/33\/2020\/09\/1-PIONEER-BEACH-HOTEL-POOL.jpg","datePublished":"2019-07-17T12:06:38+00:00","dateModified":"2024-09-18T11:56:10+00:00","description":"Genie\u00dfen Sie Abende mit feinen Getr\u00e4nken am Pool, mit Blick auf das Meer, drinnen oder sogar neben dem Billardtisch, w\u00e4hrend Sie alle f\u00fcnf Bars des Pioneer Beach Hotel Paphos ausprobieren.","breadcrumb":{"@id":"https:\/\/www.pioneer-cbh.com\/de\/essen\/bars\/#breadcrumb"},"inLanguage":"de","potentialAction":[{"@type":"ReadAction","target":["https:\/\/www.pioneer-cbh.com\/de\/essen\/bars\/"]}]},{"@type":"ImageObject","inLanguage":"de","@id":"https:\/\/www.pioneer-cbh.com\/de\/essen\/bars\/#primaryimage","url":"https:\/\/www.pioneer-cbh.com\/app\/uploads\/sites\/33\/2020\/09\/1-PIONEER-BEACH-HOTEL-POOL.jpg","contentUrl":"https:\/\/www.pioneer-cbh.com\/app\/uploads\/sites\/33\/2020\/09\/1-PIONEER-BEACH-HOTEL-POOL.jpg","width":1200,"height":798,"caption":"In Blauem Kleid"},{"@type":"BreadcrumbList","@id":"https:\/\/www.pioneer-cbh.com\/de\/essen\/bars\/#breadcrumb","itemListElement":[{"@type":"ListItem","position":1,"name":"Home","item":"https:\/\/www.pioneer-cbh.com\/de\/"},{"@type":"ListItem","position":2,"name":"Dining","item":"https:\/\/www.pioneer-cbh.com\/de\/essen\/"},{"@type":"ListItem","position":3,"name":"Bars"}]},{"@type":"WebSite","@id":"https:\/\/www.pioneer-cbh.com\/de\/#website","url":"https:\/\/www.pioneer-cbh.com\/de\/","name":"Pioneer Beach Hotel","description":"Constantinou Bros Pioneer Beach Hotel, 4 star hotel in Paphos Cyprus","potentialAction":[{"@type":"SearchAction","target":{"@type":"EntryPoint","urlTemplate":"https:\/\/www.pioneer-cbh.com\/de\/?s={search_term_string}"},"query-input":{"@type":"PropertyValueSpecification","valueRequired":true,"valueName":"search_term_string"}}],"inLanguage":"de"}]}},"_links":{"self":[{"href":"https:\/\/www.pioneer-cbh.com\/de\/wp-json\/wp\/v2\/pages\/1969","targetHints":{"allow":["GET"]}}],"collection":[{"href":"https:\/\/www.pioneer-cbh.com\/de\/wp-json\/wp\/v2\/pages"}],"about":[{"href":"https:\/\/www.pioneer-cbh.com\/de\/wp-json\/wp\/v2\/types\/page"}],"author":[{"embeddable":true,"href":"https:\/\/www.pioneer-cbh.com\/de\/wp-json\/wp\/v2\/users\/12"}],"replies":[{"embeddable":true,"href":"https:\/\/www.pioneer-cbh.com\/de\/wp-json\/wp\/v2\/comments?post=1969"}],"version-history":[{"count":5,"href":"https:\/\/www.pioneer-cbh.com\/de\/wp-json\/wp\/v2\/pages\/1969\/revisions"}],"predecessor-version":[{"id":12412,"href":"https:\/\/www.pioneer-cbh.com\/de\/wp-json\/wp\/v2\/pages\/1969\/revisions\/12412"}],"up":[{"embeddable":true,"href":"https:\/\/www.pioneer-cbh.com\/de\/wp-json\/wp\/v2\/pages\/1950"}],"wp:featuredmedia":[{"embeddable":true,"href":"https:\/\/www.pioneer-cbh.com\/de\/wp-json\/wp\/v2\/media\/3400"}],"wp:attachment":[{"href":"https:\/\/www.pioneer-cbh.com\/de\/wp-json\/wp\/v2\/media?parent=1969"}],"curies":[{"name":"wp","href":"https:\/\/api.w.org\/{rel}","templated":true}]}}