{"id":1950,"date":"2019-05-16T13:08:41","date_gmt":"2019-05-16T10:08:41","guid":{"rendered":"http:\/\/pioneer-cbh.cms4.nelios.com\/dining\/"},"modified":"2024-09-18T14:31:30","modified_gmt":"2024-09-18T11:31:30","slug":"essen","status":"publish","type":"page","link":"https:\/\/www.pioneer-cbh.com\/de\/essen\/","title":{"rendered":"Dining"},"content":{"rendered":"<p>Im Pioneer Beach Hotel servieren unsere erfahrenen K\u00fcchenchefs mit Leidenschaft hochwertige Speisen, ob authentische lokale K\u00fcche oder internationale Gaumenfreuden.<br \/>\nGenie\u00dfen Sie von der gro\u00dfen Veranda mit Blick auf das Mittelmeer die unvergessliche Sch\u00f6nheit des Sonnenuntergangs, w\u00e4hrend Sie sich mit k\u00f6stlichen Spezialit\u00e4ten verw\u00f6hnen lassen.<\/p>\n","protected":false},"excerpt":{"rendered":"<p>Im Pioneer Beach Hotel servieren unsere erfahrenen K\u00fcchenchefs mit Leidenschaft hochwertige Speisen, ob authentische lokale K\u00fcche oder internationale Gaumenfreuden. Genie\u00dfen Sie von der gro\u00dfen Veranda mit Blick auf das Mittelmeer die unvergessliche Sch\u00f6nheit des Sonnenuntergangs, w\u00e4hrend Sie sich mit k\u00f6stlichen Spezialit\u00e4ten verw\u00f6hnen lassen.<\/p>\n","protected":false},"author":1,"featured_media":0,"parent":0,"menu_order":0,"comment_status":"closed","ping_status":"closed","template":"page-templates\/simple-list.php","meta":{"_acf_changed":false,"footnotes":""},"class_list":["post-1950","page","type-page","status-publish","hentry"],"acf":[],"yoast_head":"<!-- This site is optimized with the Yoast SEO plugin v27.4 - https:\/\/yoast.com\/product\/yoast-seo-wordpress\/ -->\n<title>Pioneer Beach Paphos Bars &amp; Restaurants || Pioneer Beach Hotel<\/title>\n<meta name=\"description\" content=\"Verw\u00f6hnen Sie Ihren Gaumen mit ausgezeichneten Aromen, indem Sie die Bars und Restaurants am Strand von Pioneer Paphos in einer angenehmen Umgebung mit Blick auf das Mittelmeer besuchen.\" \/>\n<meta name=\"robots\" content=\"index, follow, max-snippet:-1, max-image-preview:large, max-video-preview:-1\" \/>\n<link rel=\"canonical\" href=\"https:\/\/www.pioneer-cbh.com\/de\/essen\/\" \/>\n<meta property=\"og:locale\" content=\"de_DE\" \/>\n<meta property=\"og:type\" content=\"article\" \/>\n<meta property=\"og:title\" content=\"Pioneer Beach Paphos Bars &amp; Restaurants || Pioneer Beach Hotel\" \/>\n<meta property=\"og:description\" content=\"Verw\u00f6hnen Sie Ihren Gaumen mit ausgezeichneten Aromen, indem Sie die Bars und Restaurants am Strand von Pioneer Paphos in einer angenehmen Umgebung mit Blick auf das Mittelmeer besuchen.\" \/>\n<meta property=\"og:url\" content=\"https:\/\/www.pioneer-cbh.com\/de\/essen\/\" \/>\n<meta property=\"og:site_name\" content=\"Pioneer Beach Hotel\" \/>\n<meta property=\"article:modified_time\" content=\"2024-09-18T11:31:30+00:00\" \/>\n<meta name=\"twitter:card\" content=\"summary_large_image\" \/>\n<meta name=\"twitter:label1\" content=\"Gesch\u00e4tzte Lesezeit\" \/>\n\t<meta name=\"twitter:data1\" content=\"1\u00a0Minute\" \/>\n<script type=\"application\/ld+json\" class=\"yoast-schema-graph\">{\"@context\":\"https:\\\/\\\/schema.org\",\"@graph\":[{\"@type\":\"WebPage\",\"@id\":\"https:\\\/\\\/www.pioneer-cbh.com\\\/de\\\/essen\\\/\",\"url\":\"https:\\\/\\\/www.pioneer-cbh.com\\\/de\\\/essen\\\/\",\"name\":\"Pioneer Beach Paphos Bars & Restaurants || Pioneer Beach Hotel\",\"isPartOf\":{\"@id\":\"https:\\\/\\\/www.pioneer-cbh.com\\\/de\\\/#website\"},\"datePublished\":\"2019-05-16T10:08:41+00:00\",\"dateModified\":\"2024-09-18T11:31:30+00:00\",\"description\":\"Verw\u00f6hnen Sie Ihren Gaumen mit ausgezeichneten Aromen, indem Sie die Bars und Restaurants am Strand von Pioneer Paphos in einer angenehmen Umgebung mit Blick auf das Mittelmeer besuchen.\",\"breadcrumb\":{\"@id\":\"https:\\\/\\\/www.pioneer-cbh.com\\\/de\\\/essen\\\/#breadcrumb\"},\"inLanguage\":\"de\",\"potentialAction\":[{\"@type\":\"ReadAction\",\"target\":[\"https:\\\/\\\/www.pioneer-cbh.com\\\/de\\\/essen\\\/\"]}]},{\"@type\":\"BreadcrumbList\",\"@id\":\"https:\\\/\\\/www.pioneer-cbh.com\\\/de\\\/essen\\\/#breadcrumb\",\"itemListElement\":[{\"@type\":\"ListItem\",\"position\":1,\"name\":\"Home\",\"item\":\"https:\\\/\\\/www.pioneer-cbh.com\\\/de\\\/\"},{\"@type\":\"ListItem\",\"position\":2,\"name\":\"Dining\"}]},{\"@type\":\"WebSite\",\"@id\":\"https:\\\/\\\/www.pioneer-cbh.com\\\/de\\\/#website\",\"url\":\"https:\\\/\\\/www.pioneer-cbh.com\\\/de\\\/\",\"name\":\"Pioneer Beach Hotel\",\"description\":\"Constantinou Bros Pioneer Beach Hotel, 4 star hotel in Paphos Cyprus\",\"potentialAction\":[{\"@type\":\"SearchAction\",\"target\":{\"@type\":\"EntryPoint\",\"urlTemplate\":\"https:\\\/\\\/www.pioneer-cbh.com\\\/de\\\/?s={search_term_string}\"},\"query-input\":{\"@type\":\"PropertyValueSpecification\",\"valueRequired\":true,\"valueName\":\"search_term_string\"}}],\"inLanguage\":\"de\"}]}<\/script>\n<!-- \/ Yoast SEO plugin. -->","yoast_head_json":{"title":"Pioneer Beach Paphos Bars & Restaurants || Pioneer Beach Hotel","description":"Verw\u00f6hnen Sie Ihren Gaumen mit ausgezeichneten Aromen, indem Sie die Bars und Restaurants am Strand von Pioneer Paphos in einer angenehmen Umgebung mit Blick auf das Mittelmeer besuchen.","robots":{"index":"index","follow":"follow","max-snippet":"max-snippet:-1","max-image-preview":"max-image-preview:large","max-video-preview":"max-video-preview:-1"},"canonical":"https:\/\/www.pioneer-cbh.com\/de\/essen\/","og_locale":"de_DE","og_type":"article","og_title":"Pioneer Beach Paphos Bars & Restaurants || Pioneer Beach Hotel","og_description":"Verw\u00f6hnen Sie Ihren Gaumen mit ausgezeichneten Aromen, indem Sie die Bars und Restaurants am Strand von Pioneer Paphos in einer angenehmen Umgebung mit Blick auf das Mittelmeer besuchen.","og_url":"https:\/\/www.pioneer-cbh.com\/de\/essen\/","og_site_name":"Pioneer Beach Hotel","article_modified_time":"2024-09-18T11:31:30+00:00","twitter_card":"summary_large_image","twitter_misc":{"Gesch\u00e4tzte Lesezeit":"1\u00a0Minute"},"schema":{"@context":"https:\/\/schema.org","@graph":[{"@type":"WebPage","@id":"https:\/\/www.pioneer-cbh.com\/de\/essen\/","url":"https:\/\/www.pioneer-cbh.com\/de\/essen\/","name":"Pioneer Beach Paphos Bars & Restaurants || Pioneer Beach Hotel","isPartOf":{"@id":"https:\/\/www.pioneer-cbh.com\/de\/#website"},"datePublished":"2019-05-16T10:08:41+00:00","dateModified":"2024-09-18T11:31:30+00:00","description":"Verw\u00f6hnen Sie Ihren Gaumen mit ausgezeichneten Aromen, indem Sie die Bars und Restaurants am Strand von Pioneer Paphos in einer angenehmen Umgebung mit Blick auf das Mittelmeer besuchen.","breadcrumb":{"@id":"https:\/\/www.pioneer-cbh.com\/de\/essen\/#breadcrumb"},"inLanguage":"de","potentialAction":[{"@type":"ReadAction","target":["https:\/\/www.pioneer-cbh.com\/de\/essen\/"]}]},{"@type":"BreadcrumbList","@id":"https:\/\/www.pioneer-cbh.com\/de\/essen\/#breadcrumb","itemListElement":[{"@type":"ListItem","position":1,"name":"Home","item":"https:\/\/www.pioneer-cbh.com\/de\/"},{"@type":"ListItem","position":2,"name":"Dining"}]},{"@type":"WebSite","@id":"https:\/\/www.pioneer-cbh.com\/de\/#website","url":"https:\/\/www.pioneer-cbh.com\/de\/","name":"Pioneer Beach Hotel","description":"Constantinou Bros Pioneer Beach Hotel, 4 star hotel in Paphos Cyprus","potentialAction":[{"@type":"SearchAction","target":{"@type":"EntryPoint","urlTemplate":"https:\/\/www.pioneer-cbh.com\/de\/?s={search_term_string}"},"query-input":{"@type":"PropertyValueSpecification","valueRequired":true,"valueName":"search_term_string"}}],"inLanguage":"de"}]}},"_links":{"self":[{"href":"https:\/\/www.pioneer-cbh.com\/de\/wp-json\/wp\/v2\/pages\/1950","targetHints":{"allow":["GET"]}}],"collection":[{"href":"https:\/\/www.pioneer-cbh.com\/de\/wp-json\/wp\/v2\/pages"}],"about":[{"href":"https:\/\/www.pioneer-cbh.com\/de\/wp-json\/wp\/v2\/types\/page"}],"author":[{"embeddable":true,"href":"https:\/\/www.pioneer-cbh.com\/de\/wp-json\/wp\/v2\/users\/1"}],"replies":[{"embeddable":true,"href":"https:\/\/www.pioneer-cbh.com\/de\/wp-json\/wp\/v2\/comments?post=1950"}],"version-history":[{"count":9,"href":"https:\/\/www.pioneer-cbh.com\/de\/wp-json\/wp\/v2\/pages\/1950\/revisions"}],"predecessor-version":[{"id":12407,"href":"https:\/\/www.pioneer-cbh.com\/de\/wp-json\/wp\/v2\/pages\/1950\/revisions\/12407"}],"wp:attachment":[{"href":"https:\/\/www.pioneer-cbh.com\/de\/wp-json\/wp\/v2\/media?parent=1950"}],"curies":[{"name":"wp","href":"https:\/\/api.w.org\/{rel}","templated":true}]}}