{"id":1942,"date":"2019-05-16T13:08:42","date_gmt":"2019-05-16T10:08:42","guid":{"rendered":"http:\/\/pioneer-cbh.cms4.nelios.com\/contact\/"},"modified":"2024-09-17T17:51:14","modified_gmt":"2024-09-17T14:51:14","slug":"kontakt","status":"publish","type":"page","link":"https:\/\/www.pioneer-cbh.com\/de\/kontakt\/","title":{"rendered":"Kontakt"},"content":{"rendered":"","protected":false},"excerpt":{"rendered":"","protected":false},"author":1,"featured_media":1607,"parent":0,"menu_order":0,"comment_status":"closed","ping_status":"closed","template":"page-templates\/contact.php","meta":{"_acf_changed":false,"footnotes":""},"class_list":["post-1942","page","type-page","status-publish","has-post-thumbnail","hentry"],"acf":[],"yoast_head":"<!-- This site is optimized with the Yoast SEO plugin v27.5 - https:\/\/yoast.com\/product\/yoast-seo-wordpress\/ -->\n<title>Pioneer Beach Hotel Paphos Kontaktinformationen || Pioneer Beach<\/title>\n<meta name=\"description\" content=\"Z\u00f6gern Sie nicht, sich mit uns in Verbindung zu setzen, wenn Sie vor Ihrem Aufenthalt etwas kl\u00e4ren m\u00f6chten. Nutzen Sie die Kontaktdaten des Pioneer Beach Hotel Paphos, die Sie hier finden.\" \/>\n<meta name=\"robots\" content=\"index, follow, max-snippet:-1, max-image-preview:large, max-video-preview:-1\" \/>\n<link rel=\"canonical\" href=\"https:\/\/www.pioneer-cbh.com\/de\/kontakt\/\" \/>\n<meta property=\"og:locale\" content=\"de_DE\" \/>\n<meta property=\"og:type\" content=\"article\" \/>\n<meta property=\"og:title\" content=\"Pioneer Beach Hotel Paphos Kontaktinformationen || Pioneer Beach\" \/>\n<meta property=\"og:description\" content=\"Z\u00f6gern Sie nicht, sich mit uns in Verbindung zu setzen, wenn Sie vor Ihrem Aufenthalt etwas kl\u00e4ren m\u00f6chten. Nutzen Sie die Kontaktdaten des Pioneer Beach Hotel Paphos, die Sie hier finden.\" \/>\n<meta property=\"og:url\" content=\"https:\/\/www.pioneer-cbh.com\/de\/kontakt\/\" \/>\n<meta property=\"og:site_name\" content=\"Pioneer Beach Hotel\" \/>\n<meta property=\"article:modified_time\" content=\"2024-09-17T14:51:14+00:00\" \/>\n<meta property=\"og:image\" content=\"https:\/\/www.pioneer-cbh.com\/app\/uploads\/sites\/33\/2019\/05\/athena-beach-hotel-superior-deluxe-terrace_resized.jpg\" \/>\n\t<meta property=\"og:image:width\" content=\"1920\" \/>\n\t<meta property=\"og:image:height\" content=\"1277\" \/>\n\t<meta property=\"og:image:type\" content=\"image\/jpeg\" \/>\n<meta name=\"twitter:card\" content=\"summary_large_image\" \/>\n<meta name=\"twitter:label1\" content=\"Gesch\u00e4tzte Lesezeit\" \/>\n\t<meta name=\"twitter:data1\" content=\"1\u00a0Minute\" \/>\n<script type=\"application\/ld+json\" class=\"yoast-schema-graph\">{\"@context\":\"https:\\\/\\\/schema.org\",\"@graph\":[{\"@type\":\"WebPage\",\"@id\":\"https:\\\/\\\/www.pioneer-cbh.com\\\/de\\\/kontakt\\\/\",\"url\":\"https:\\\/\\\/www.pioneer-cbh.com\\\/de\\\/kontakt\\\/\",\"name\":\"Pioneer Beach Hotel Paphos Kontaktinformationen || Pioneer Beach\",\"isPartOf\":{\"@id\":\"https:\\\/\\\/www.pioneer-cbh.com\\\/de\\\/#website\"},\"primaryImageOfPage\":{\"@id\":\"https:\\\/\\\/www.pioneer-cbh.com\\\/de\\\/kontakt\\\/#primaryimage\"},\"image\":{\"@id\":\"https:\\\/\\\/www.pioneer-cbh.com\\\/de\\\/kontakt\\\/#primaryimage\"},\"thumbnailUrl\":\"https:\\\/\\\/www.pioneer-cbh.com\\\/app\\\/uploads\\\/sites\\\/33\\\/2019\\\/05\\\/athena-beach-hotel-superior-deluxe-terrace_resized.jpg\",\"datePublished\":\"2019-05-16T10:08:42+00:00\",\"dateModified\":\"2024-09-17T14:51:14+00:00\",\"description\":\"Z\u00f6gern Sie nicht, sich mit uns in Verbindung zu setzen, wenn Sie vor Ihrem Aufenthalt etwas kl\u00e4ren m\u00f6chten. Nutzen Sie die Kontaktdaten des Pioneer Beach Hotel Paphos, die Sie hier finden.\",\"breadcrumb\":{\"@id\":\"https:\\\/\\\/www.pioneer-cbh.com\\\/de\\\/kontakt\\\/#breadcrumb\"},\"inLanguage\":\"de\",\"potentialAction\":[{\"@type\":\"ReadAction\",\"target\":[\"https:\\\/\\\/www.pioneer-cbh.com\\\/de\\\/kontakt\\\/\"]}]},{\"@type\":\"ImageObject\",\"inLanguage\":\"de\",\"@id\":\"https:\\\/\\\/www.pioneer-cbh.com\\\/de\\\/kontakt\\\/#primaryimage\",\"url\":\"https:\\\/\\\/www.pioneer-cbh.com\\\/app\\\/uploads\\\/sites\\\/33\\\/2019\\\/05\\\/athena-beach-hotel-superior-deluxe-terrace_resized.jpg\",\"contentUrl\":\"https:\\\/\\\/www.pioneer-cbh.com\\\/app\\\/uploads\\\/sites\\\/33\\\/2019\\\/05\\\/athena-beach-hotel-superior-deluxe-terrace_resized.jpg\",\"width\":1920,\"height\":1277},{\"@type\":\"BreadcrumbList\",\"@id\":\"https:\\\/\\\/www.pioneer-cbh.com\\\/de\\\/kontakt\\\/#breadcrumb\",\"itemListElement\":[{\"@type\":\"ListItem\",\"position\":1,\"name\":\"Home\",\"item\":\"https:\\\/\\\/www.pioneer-cbh.com\\\/de\\\/\"},{\"@type\":\"ListItem\",\"position\":2,\"name\":\"Kontakt\"}]},{\"@type\":\"WebSite\",\"@id\":\"https:\\\/\\\/www.pioneer-cbh.com\\\/de\\\/#website\",\"url\":\"https:\\\/\\\/www.pioneer-cbh.com\\\/de\\\/\",\"name\":\"Pioneer Beach Hotel\",\"description\":\"Constantinou Bros Pioneer Beach Hotel, 4 star hotel in Paphos Cyprus\",\"potentialAction\":[{\"@type\":\"SearchAction\",\"target\":{\"@type\":\"EntryPoint\",\"urlTemplate\":\"https:\\\/\\\/www.pioneer-cbh.com\\\/de\\\/?s={search_term_string}\"},\"query-input\":{\"@type\":\"PropertyValueSpecification\",\"valueRequired\":true,\"valueName\":\"search_term_string\"}}],\"inLanguage\":\"de\"}]}<\/script>\n<!-- \/ Yoast SEO plugin. -->","yoast_head_json":{"title":"Pioneer Beach Hotel Paphos Kontaktinformationen || Pioneer Beach","description":"Z\u00f6gern Sie nicht, sich mit uns in Verbindung zu setzen, wenn Sie vor Ihrem Aufenthalt etwas kl\u00e4ren m\u00f6chten. Nutzen Sie die Kontaktdaten des Pioneer Beach Hotel Paphos, die Sie hier finden.","robots":{"index":"index","follow":"follow","max-snippet":"max-snippet:-1","max-image-preview":"max-image-preview:large","max-video-preview":"max-video-preview:-1"},"canonical":"https:\/\/www.pioneer-cbh.com\/de\/kontakt\/","og_locale":"de_DE","og_type":"article","og_title":"Pioneer Beach Hotel Paphos Kontaktinformationen || Pioneer Beach","og_description":"Z\u00f6gern Sie nicht, sich mit uns in Verbindung zu setzen, wenn Sie vor Ihrem Aufenthalt etwas kl\u00e4ren m\u00f6chten. Nutzen Sie die Kontaktdaten des Pioneer Beach Hotel Paphos, die Sie hier finden.","og_url":"https:\/\/www.pioneer-cbh.com\/de\/kontakt\/","og_site_name":"Pioneer Beach Hotel","article_modified_time":"2024-09-17T14:51:14+00:00","og_image":[{"width":1920,"height":1277,"url":"https:\/\/www.pioneer-cbh.com\/app\/uploads\/sites\/33\/2019\/05\/athena-beach-hotel-superior-deluxe-terrace_resized.jpg","type":"image\/jpeg"}],"twitter_card":"summary_large_image","twitter_misc":{"Gesch\u00e4tzte Lesezeit":"1\u00a0Minute"},"schema":{"@context":"https:\/\/schema.org","@graph":[{"@type":"WebPage","@id":"https:\/\/www.pioneer-cbh.com\/de\/kontakt\/","url":"https:\/\/www.pioneer-cbh.com\/de\/kontakt\/","name":"Pioneer Beach Hotel Paphos Kontaktinformationen || Pioneer Beach","isPartOf":{"@id":"https:\/\/www.pioneer-cbh.com\/de\/#website"},"primaryImageOfPage":{"@id":"https:\/\/www.pioneer-cbh.com\/de\/kontakt\/#primaryimage"},"image":{"@id":"https:\/\/www.pioneer-cbh.com\/de\/kontakt\/#primaryimage"},"thumbnailUrl":"https:\/\/www.pioneer-cbh.com\/app\/uploads\/sites\/33\/2019\/05\/athena-beach-hotel-superior-deluxe-terrace_resized.jpg","datePublished":"2019-05-16T10:08:42+00:00","dateModified":"2024-09-17T14:51:14+00:00","description":"Z\u00f6gern Sie nicht, sich mit uns in Verbindung zu setzen, wenn Sie vor Ihrem Aufenthalt etwas kl\u00e4ren m\u00f6chten. Nutzen Sie die Kontaktdaten des Pioneer Beach Hotel Paphos, die Sie hier finden.","breadcrumb":{"@id":"https:\/\/www.pioneer-cbh.com\/de\/kontakt\/#breadcrumb"},"inLanguage":"de","potentialAction":[{"@type":"ReadAction","target":["https:\/\/www.pioneer-cbh.com\/de\/kontakt\/"]}]},{"@type":"ImageObject","inLanguage":"de","@id":"https:\/\/www.pioneer-cbh.com\/de\/kontakt\/#primaryimage","url":"https:\/\/www.pioneer-cbh.com\/app\/uploads\/sites\/33\/2019\/05\/athena-beach-hotel-superior-deluxe-terrace_resized.jpg","contentUrl":"https:\/\/www.pioneer-cbh.com\/app\/uploads\/sites\/33\/2019\/05\/athena-beach-hotel-superior-deluxe-terrace_resized.jpg","width":1920,"height":1277},{"@type":"BreadcrumbList","@id":"https:\/\/www.pioneer-cbh.com\/de\/kontakt\/#breadcrumb","itemListElement":[{"@type":"ListItem","position":1,"name":"Home","item":"https:\/\/www.pioneer-cbh.com\/de\/"},{"@type":"ListItem","position":2,"name":"Kontakt"}]},{"@type":"WebSite","@id":"https:\/\/www.pioneer-cbh.com\/de\/#website","url":"https:\/\/www.pioneer-cbh.com\/de\/","name":"Pioneer Beach Hotel","description":"Constantinou Bros Pioneer Beach Hotel, 4 star hotel in Paphos Cyprus","potentialAction":[{"@type":"SearchAction","target":{"@type":"EntryPoint","urlTemplate":"https:\/\/www.pioneer-cbh.com\/de\/?s={search_term_string}"},"query-input":{"@type":"PropertyValueSpecification","valueRequired":true,"valueName":"search_term_string"}}],"inLanguage":"de"}]}},"_links":{"self":[{"href":"https:\/\/www.pioneer-cbh.com\/de\/wp-json\/wp\/v2\/pages\/1942","targetHints":{"allow":["GET"]}}],"collection":[{"href":"https:\/\/www.pioneer-cbh.com\/de\/wp-json\/wp\/v2\/pages"}],"about":[{"href":"https:\/\/www.pioneer-cbh.com\/de\/wp-json\/wp\/v2\/types\/page"}],"author":[{"embeddable":true,"href":"https:\/\/www.pioneer-cbh.com\/de\/wp-json\/wp\/v2\/users\/1"}],"replies":[{"embeddable":true,"href":"https:\/\/www.pioneer-cbh.com\/de\/wp-json\/wp\/v2\/comments?post=1942"}],"version-history":[{"count":7,"href":"https:\/\/www.pioneer-cbh.com\/de\/wp-json\/wp\/v2\/pages\/1942\/revisions"}],"predecessor-version":[{"id":11401,"href":"https:\/\/www.pioneer-cbh.com\/de\/wp-json\/wp\/v2\/pages\/1942\/revisions\/11401"}],"wp:featuredmedia":[{"embeddable":true,"href":"https:\/\/www.pioneer-cbh.com\/de\/wp-json\/wp\/v2\/media\/1607"}],"wp:attachment":[{"href":"https:\/\/www.pioneer-cbh.com\/de\/wp-json\/wp\/v2\/media?parent=1942"}],"curies":[{"name":"wp","href":"https:\/\/api.w.org\/{rel}","templated":true}]}}