{"id":1934,"date":"2019-11-01T16:51:30","date_gmt":"2019-11-01T13:51:30","guid":{"rendered":"http:\/\/pioneer-cbh.cms4.nelios.com\/awards\/"},"modified":"2026-04-23T11:43:40","modified_gmt":"2026-04-23T08:43:40","slug":"auszeichnungen","status":"publish","type":"page","link":"https:\/\/www.pioneer-cbh.com\/de\/auszeichnungen\/","title":{"rendered":"Auszeichnungen"},"content":{"rendered":"<p>Jede Branche hat ihre Kriterien, die Ma\u00dfst\u00e4be, an denen man den Erfolg misst. Die Hotelbranche verwendet ein Pr\u00e4miensystem, das auf Punkten basiert, die von den Hotels anhand von Frageb\u00f6gen gesammelt werden, die die Reiseveranstalter von ihren Kunden am Ende des Urlaubs ausf\u00fcllen lassen.<\/p>\n<p>Das Pioneer Beach Hotel ist stolz auf seine beeindruckenden Auszeichnungen seit seiner Er\u00f6ffnung.<\/p>\n","protected":false},"excerpt":{"rendered":"<p>Jede Branche hat ihre Kriterien, die Ma\u00dfst\u00e4be, an denen man den Erfolg misst. Die Hotelbranche verwendet ein Pr\u00e4miensystem, das auf Punkten basiert, die von den Hotels anhand von Frageb\u00f6gen gesammelt werden, die die Reiseveranstalter von ihren Kunden am Ende des Urlaubs ausf\u00fcllen lassen. Das Pioneer Beach Hotel ist stolz auf seine beeindruckenden Auszeichnungen seit seiner<\/p>\n","protected":false},"author":1,"featured_media":0,"parent":0,"menu_order":0,"comment_status":"closed","ping_status":"closed","template":"page-templates\/accordion.php","meta":{"_acf_changed":false,"footnotes":""},"class_list":["post-1934","page","type-page","status-publish","hentry"],"acf":[],"yoast_head":"<!-- This site is optimized with the Yoast SEO plugin v27.5 - https:\/\/yoast.com\/product\/yoast-seo-wordpress\/ -->\n<title>Liste der Pioneer Beach Hotel Paphos Auszeichnungen || Pioneer Beach<\/title>\n<meta name=\"description\" content=\"Hier finden Sie eine Liste aller Preise, Auszeichnungen, Anerkennungen und Zertifizierungen, die das Pioneer Beach Hotel Paphos von 1996 bis heute erhalten hat.\" \/>\n<meta name=\"robots\" content=\"index, follow, max-snippet:-1, max-image-preview:large, max-video-preview:-1\" \/>\n<link rel=\"canonical\" href=\"https:\/\/www.pioneer-cbh.com\/de\/auszeichnungen\/\" \/>\n<meta property=\"og:locale\" content=\"de_DE\" \/>\n<meta property=\"og:type\" content=\"article\" \/>\n<meta property=\"og:title\" content=\"Liste der Pioneer Beach Hotel Paphos Auszeichnungen || Pioneer Beach\" \/>\n<meta property=\"og:description\" content=\"Hier finden Sie eine Liste aller Preise, Auszeichnungen, Anerkennungen und Zertifizierungen, die das Pioneer Beach Hotel Paphos von 1996 bis heute erhalten hat.\" \/>\n<meta property=\"og:url\" content=\"https:\/\/www.pioneer-cbh.com\/de\/auszeichnungen\/\" \/>\n<meta property=\"og:site_name\" content=\"Pioneer Beach Hotel\" \/>\n<meta property=\"article:modified_time\" content=\"2026-04-23T08:43:40+00:00\" \/>\n<meta name=\"twitter:card\" content=\"summary_large_image\" \/>\n<meta name=\"twitter:label1\" content=\"Gesch\u00e4tzte Lesezeit\" \/>\n\t<meta name=\"twitter:data1\" content=\"1\u00a0Minute\" \/>\n<script type=\"application\/ld+json\" class=\"yoast-schema-graph\">{\"@context\":\"https:\\\/\\\/schema.org\",\"@graph\":[{\"@type\":\"WebPage\",\"@id\":\"https:\\\/\\\/www.pioneer-cbh.com\\\/de\\\/auszeichnungen\\\/\",\"url\":\"https:\\\/\\\/www.pioneer-cbh.com\\\/de\\\/auszeichnungen\\\/\",\"name\":\"Liste der Pioneer Beach Hotel Paphos Auszeichnungen || Pioneer Beach\",\"isPartOf\":{\"@id\":\"https:\\\/\\\/www.pioneer-cbh.com\\\/de\\\/#website\"},\"datePublished\":\"2019-11-01T13:51:30+00:00\",\"dateModified\":\"2026-04-23T08:43:40+00:00\",\"description\":\"Hier finden Sie eine Liste aller Preise, Auszeichnungen, Anerkennungen und Zertifizierungen, die das Pioneer Beach Hotel Paphos von 1996 bis heute erhalten hat.\",\"breadcrumb\":{\"@id\":\"https:\\\/\\\/www.pioneer-cbh.com\\\/de\\\/auszeichnungen\\\/#breadcrumb\"},\"inLanguage\":\"de\",\"potentialAction\":[{\"@type\":\"ReadAction\",\"target\":[\"https:\\\/\\\/www.pioneer-cbh.com\\\/de\\\/auszeichnungen\\\/\"]}]},{\"@type\":\"BreadcrumbList\",\"@id\":\"https:\\\/\\\/www.pioneer-cbh.com\\\/de\\\/auszeichnungen\\\/#breadcrumb\",\"itemListElement\":[{\"@type\":\"ListItem\",\"position\":1,\"name\":\"Home\",\"item\":\"https:\\\/\\\/www.pioneer-cbh.com\\\/de\\\/\"},{\"@type\":\"ListItem\",\"position\":2,\"name\":\"Auszeichnungen\"}]},{\"@type\":\"WebSite\",\"@id\":\"https:\\\/\\\/www.pioneer-cbh.com\\\/de\\\/#website\",\"url\":\"https:\\\/\\\/www.pioneer-cbh.com\\\/de\\\/\",\"name\":\"Pioneer Beach Hotel\",\"description\":\"Constantinou Bros Pioneer Beach Hotel, 4 star hotel in Paphos Cyprus\",\"potentialAction\":[{\"@type\":\"SearchAction\",\"target\":{\"@type\":\"EntryPoint\",\"urlTemplate\":\"https:\\\/\\\/www.pioneer-cbh.com\\\/de\\\/?s={search_term_string}\"},\"query-input\":{\"@type\":\"PropertyValueSpecification\",\"valueRequired\":true,\"valueName\":\"search_term_string\"}}],\"inLanguage\":\"de\"}]}<\/script>\n<!-- \/ Yoast SEO plugin. -->","yoast_head_json":{"title":"Liste der Pioneer Beach Hotel Paphos Auszeichnungen || Pioneer Beach","description":"Hier finden Sie eine Liste aller Preise, Auszeichnungen, Anerkennungen und Zertifizierungen, die das Pioneer Beach Hotel Paphos von 1996 bis heute erhalten hat.","robots":{"index":"index","follow":"follow","max-snippet":"max-snippet:-1","max-image-preview":"max-image-preview:large","max-video-preview":"max-video-preview:-1"},"canonical":"https:\/\/www.pioneer-cbh.com\/de\/auszeichnungen\/","og_locale":"de_DE","og_type":"article","og_title":"Liste der Pioneer Beach Hotel Paphos Auszeichnungen || Pioneer Beach","og_description":"Hier finden Sie eine Liste aller Preise, Auszeichnungen, Anerkennungen und Zertifizierungen, die das Pioneer Beach Hotel Paphos von 1996 bis heute erhalten hat.","og_url":"https:\/\/www.pioneer-cbh.com\/de\/auszeichnungen\/","og_site_name":"Pioneer Beach Hotel","article_modified_time":"2026-04-23T08:43:40+00:00","twitter_card":"summary_large_image","twitter_misc":{"Gesch\u00e4tzte Lesezeit":"1\u00a0Minute"},"schema":{"@context":"https:\/\/schema.org","@graph":[{"@type":"WebPage","@id":"https:\/\/www.pioneer-cbh.com\/de\/auszeichnungen\/","url":"https:\/\/www.pioneer-cbh.com\/de\/auszeichnungen\/","name":"Liste der Pioneer Beach Hotel Paphos Auszeichnungen || Pioneer Beach","isPartOf":{"@id":"https:\/\/www.pioneer-cbh.com\/de\/#website"},"datePublished":"2019-11-01T13:51:30+00:00","dateModified":"2026-04-23T08:43:40+00:00","description":"Hier finden Sie eine Liste aller Preise, Auszeichnungen, Anerkennungen und Zertifizierungen, die das Pioneer Beach Hotel Paphos von 1996 bis heute erhalten hat.","breadcrumb":{"@id":"https:\/\/www.pioneer-cbh.com\/de\/auszeichnungen\/#breadcrumb"},"inLanguage":"de","potentialAction":[{"@type":"ReadAction","target":["https:\/\/www.pioneer-cbh.com\/de\/auszeichnungen\/"]}]},{"@type":"BreadcrumbList","@id":"https:\/\/www.pioneer-cbh.com\/de\/auszeichnungen\/#breadcrumb","itemListElement":[{"@type":"ListItem","position":1,"name":"Home","item":"https:\/\/www.pioneer-cbh.com\/de\/"},{"@type":"ListItem","position":2,"name":"Auszeichnungen"}]},{"@type":"WebSite","@id":"https:\/\/www.pioneer-cbh.com\/de\/#website","url":"https:\/\/www.pioneer-cbh.com\/de\/","name":"Pioneer Beach Hotel","description":"Constantinou Bros Pioneer Beach Hotel, 4 star hotel in Paphos Cyprus","potentialAction":[{"@type":"SearchAction","target":{"@type":"EntryPoint","urlTemplate":"https:\/\/www.pioneer-cbh.com\/de\/?s={search_term_string}"},"query-input":{"@type":"PropertyValueSpecification","valueRequired":true,"valueName":"search_term_string"}}],"inLanguage":"de"}]}},"_links":{"self":[{"href":"https:\/\/www.pioneer-cbh.com\/de\/wp-json\/wp\/v2\/pages\/1934","targetHints":{"allow":["GET"]}}],"collection":[{"href":"https:\/\/www.pioneer-cbh.com\/de\/wp-json\/wp\/v2\/pages"}],"about":[{"href":"https:\/\/www.pioneer-cbh.com\/de\/wp-json\/wp\/v2\/types\/page"}],"author":[{"embeddable":true,"href":"https:\/\/www.pioneer-cbh.com\/de\/wp-json\/wp\/v2\/users\/1"}],"replies":[{"embeddable":true,"href":"https:\/\/www.pioneer-cbh.com\/de\/wp-json\/wp\/v2\/comments?post=1934"}],"version-history":[{"count":16,"href":"https:\/\/www.pioneer-cbh.com\/de\/wp-json\/wp\/v2\/pages\/1934\/revisions"}],"predecessor-version":[{"id":12851,"href":"https:\/\/www.pioneer-cbh.com\/de\/wp-json\/wp\/v2\/pages\/1934\/revisions\/12851"}],"wp:attachment":[{"href":"https:\/\/www.pioneer-cbh.com\/de\/wp-json\/wp\/v2\/media?parent=1934"}],"curies":[{"name":"wp","href":"https:\/\/api.w.org\/{rel}","templated":true}]}}