{"id":1912,"date":"2019-05-16T13:08:41","date_gmt":"2019-05-16T10:08:41","guid":{"rendered":"http:\/\/pioneer-cbh.cms4.nelios.com\/elixir-spa\/"},"modified":"2024-09-17T18:02:18","modified_gmt":"2024-09-17T15:02:18","slug":"elixier-spa","status":"publish","type":"page","link":"https:\/\/www.pioneer-cbh.com\/de\/elixier-spa\/","title":{"rendered":"Elixier Spa"},"content":{"rendered":"<p><img loading=\"lazy\" decoding=\"async\" class=\"aligncenter wp-image-1115\" src=\"http:\/\/cbh-athenabeach.cms4.nelios.com\/wp-content\/uploads\/sites\/20\/2019\/08\/elixir-spa-300x300.jpg\" alt=\"\" width=\"250\" height=\"125\" srcset=\"https:\/\/www.pioneer-cbh.com\/app\/uploads\/sites\/33\/2019\/08\/elixir-spa-600x300.jpg 600w, https:\/\/www.pioneer-cbh.com\/app\/uploads\/sites\/33\/2019\/08\/elixir-spa-768x384.jpg 768w, https:\/\/www.pioneer-cbh.com\/app\/uploads\/sites\/33\/2019\/08\/elixir-spa.jpg 1181w\" sizes=\"auto, (max-width: 250px) 100vw, 250px\" \/><\/p>\n<h1 class=\"entry-title title-size font-regular text-center\">Wohltuende Therapien im Pioneer Beach Spa Hotel in Paphos, Zypern<\/h1>\n<p>&nbsp;<\/p>\n<p style=\"text-align: left;\">Erleben Sie Momente der Mu\u00dfe und Entspannung am Meer oder tauchen Sie ein in die ruhige Umgebung des voll ausgestatteten Elixir Spa.<br \/>\nEin Gef\u00fchl von Ausgeglichenheit und Ruhe, Entspannung und Inspiration &#8211; all das finden Sie im Elixir Spa.<br \/>\nIn der exquisiten Umgebung unserer Hotels haben unsere G\u00e4ste die M\u00f6glichkeit, aus einem umfangreichen Angebot an Spa-Favoriten zu w\u00e4hlen.<br \/>\nErleben Sie pure Gl\u00fcckseligkeit und Gelassenheit in einem Refugium, in dem Sie sich entspannen, abschalten, auftanken und verj\u00fcngen k\u00f6nnen.<\/p>\n<h3 style=\"text-align: left;\">Einrichtungen &amp; Annehmlichkeiten<\/h3>\n<ul style=\"text-align: left;\">\n<li>Entspannende und therapeutische Massagen<\/li>\n<li>Aromatherapie<\/li>\n<li>Sport-Massagen<\/li>\n<li>Elixir Spa Signatur-Behandlungen<\/li>\n<li>Dampfbad 1(kostenlos nach Verf\u00fcgbarkeit)<\/li>\n<li>Sauna (kostenlos nach Verf\u00fcgbarkeit)<\/li>\n<li>Sauna f\u00fcr FKK-Anh\u00e4nger (frei nach Verf\u00fcgbarkeit)<\/li>\n<li>Entspannungsbereich<\/li>\n<li>Pakete f\u00fcr Paare<\/li>\n<li>Flitterwochen Pakete<\/li>\n<li>Spa-Pakete<\/li>\n<li>Unisex Friseursalon<\/li>\n<li>Fitnesscenter mit Cardio- und Krafttrainingsger\u00e4ten<\/li>\n<li>Wellness Aktivit\u00e4ten<\/li>\n<\/ul>\n<p style=\"text-align: left;\">\n","protected":false},"excerpt":{"rendered":"<p>Wohltuende Therapien im Pioneer Beach Spa Hotel in Paphos, Zypern &nbsp; Erleben Sie Momente der Mu\u00dfe und Entspannung am Meer oder tauchen Sie ein in die ruhige Umgebung des voll ausgestatteten Elixir Spa. Ein Gef\u00fchl von Ausgeglichenheit und Ruhe, Entspannung und Inspiration &#8211; all das finden Sie im Elixir Spa. In der exquisiten Umgebung unserer<\/p>\n","protected":false},"author":1,"featured_media":1783,"parent":0,"menu_order":0,"comment_status":"closed","ping_status":"closed","template":"","meta":{"_acf_changed":false,"footnotes":""},"class_list":["post-1912","page","type-page","status-publish","has-post-thumbnail","hentry"],"acf":[],"yoast_head":"<!-- This site is optimized with the Yoast SEO plugin v27.5 - https:\/\/yoast.com\/product\/yoast-seo-wordpress\/ -->\n<title>Luxuri\u00f6ses Spa-Hotel in Paphos, Zypern || Pioneer Beach Hotel<\/title>\n<meta name=\"description\" content=\"Das Elixir Spa wurde in unserem luxuri\u00f6sen Spa-Hotel in Paphos, Zypern, von Constantinou Bros. modernisiert und bietet Ihnen eine Welt des Wohlbefindens in Reichweite.\" \/>\n<meta name=\"robots\" content=\"index, follow, max-snippet:-1, max-image-preview:large, max-video-preview:-1\" \/>\n<link rel=\"canonical\" href=\"https:\/\/www.pioneer-cbh.com\/de\/elixier-spa\/\" \/>\n<meta property=\"og:locale\" content=\"de_DE\" \/>\n<meta property=\"og:type\" content=\"article\" \/>\n<meta property=\"og:title\" content=\"Luxuri\u00f6ses Spa-Hotel in Paphos, Zypern || Pioneer Beach Hotel\" \/>\n<meta property=\"og:description\" content=\"Das Elixir Spa wurde in unserem luxuri\u00f6sen Spa-Hotel in Paphos, Zypern, von Constantinou Bros. modernisiert und bietet Ihnen eine Welt des Wohlbefindens in Reichweite.\" \/>\n<meta property=\"og:url\" content=\"https:\/\/www.pioneer-cbh.com\/de\/elixier-spa\/\" \/>\n<meta property=\"og:site_name\" content=\"Pioneer Beach Hotel\" \/>\n<meta property=\"article:modified_time\" content=\"2024-09-17T15:02:18+00:00\" \/>\n<meta property=\"og:image\" content=\"https:\/\/www.pioneer-cbh.com\/app\/uploads\/sites\/33\/2019\/05\/10.1.-pioneer-beach-hotel-elixir-spa-couples-room_resized.jpg\" \/>\n\t<meta property=\"og:image:width\" content=\"1920\" \/>\n\t<meta property=\"og:image:height\" content=\"1281\" \/>\n\t<meta property=\"og:image:type\" content=\"image\/jpeg\" \/>\n<meta name=\"twitter:card\" content=\"summary_large_image\" \/>\n<meta name=\"twitter:label1\" content=\"Gesch\u00e4tzte Lesezeit\" \/>\n\t<meta name=\"twitter:data1\" content=\"2\u00a0Minuten\" \/>\n<script type=\"application\/ld+json\" class=\"yoast-schema-graph\">{\"@context\":\"https:\\\/\\\/schema.org\",\"@graph\":[{\"@type\":\"WebPage\",\"@id\":\"https:\\\/\\\/www.pioneer-cbh.com\\\/de\\\/elixier-spa\\\/\",\"url\":\"https:\\\/\\\/www.pioneer-cbh.com\\\/de\\\/elixier-spa\\\/\",\"name\":\"Luxuri\u00f6ses Spa-Hotel in Paphos, Zypern || Pioneer Beach Hotel\",\"isPartOf\":{\"@id\":\"https:\\\/\\\/www.pioneer-cbh.com\\\/de\\\/#website\"},\"primaryImageOfPage\":{\"@id\":\"https:\\\/\\\/www.pioneer-cbh.com\\\/de\\\/elixier-spa\\\/#primaryimage\"},\"image\":{\"@id\":\"https:\\\/\\\/www.pioneer-cbh.com\\\/de\\\/elixier-spa\\\/#primaryimage\"},\"thumbnailUrl\":\"https:\\\/\\\/www.pioneer-cbh.com\\\/app\\\/uploads\\\/sites\\\/33\\\/2019\\\/05\\\/10.1.-pioneer-beach-hotel-elixir-spa-couples-room_resized.jpg\",\"datePublished\":\"2019-05-16T10:08:41+00:00\",\"dateModified\":\"2024-09-17T15:02:18+00:00\",\"description\":\"Das Elixir Spa wurde in unserem luxuri\u00f6sen Spa-Hotel in Paphos, Zypern, von Constantinou Bros. modernisiert und bietet Ihnen eine Welt des Wohlbefindens in Reichweite.\",\"breadcrumb\":{\"@id\":\"https:\\\/\\\/www.pioneer-cbh.com\\\/de\\\/elixier-spa\\\/#breadcrumb\"},\"inLanguage\":\"de\",\"potentialAction\":[{\"@type\":\"ReadAction\",\"target\":[\"https:\\\/\\\/www.pioneer-cbh.com\\\/de\\\/elixier-spa\\\/\"]}]},{\"@type\":\"ImageObject\",\"inLanguage\":\"de\",\"@id\":\"https:\\\/\\\/www.pioneer-cbh.com\\\/de\\\/elixier-spa\\\/#primaryimage\",\"url\":\"https:\\\/\\\/www.pioneer-cbh.com\\\/app\\\/uploads\\\/sites\\\/33\\\/2019\\\/05\\\/10.1.-pioneer-beach-hotel-elixir-spa-couples-room_resized.jpg\",\"contentUrl\":\"https:\\\/\\\/www.pioneer-cbh.com\\\/app\\\/uploads\\\/sites\\\/33\\\/2019\\\/05\\\/10.1.-pioneer-beach-hotel-elixir-spa-couples-room_resized.jpg\",\"width\":1920,\"height\":1281},{\"@type\":\"BreadcrumbList\",\"@id\":\"https:\\\/\\\/www.pioneer-cbh.com\\\/de\\\/elixier-spa\\\/#breadcrumb\",\"itemListElement\":[{\"@type\":\"ListItem\",\"position\":1,\"name\":\"Home\",\"item\":\"https:\\\/\\\/www.pioneer-cbh.com\\\/de\\\/\"},{\"@type\":\"ListItem\",\"position\":2,\"name\":\"Elixier Spa\"}]},{\"@type\":\"WebSite\",\"@id\":\"https:\\\/\\\/www.pioneer-cbh.com\\\/de\\\/#website\",\"url\":\"https:\\\/\\\/www.pioneer-cbh.com\\\/de\\\/\",\"name\":\"Pioneer Beach Hotel\",\"description\":\"Constantinou Bros Pioneer Beach Hotel, 4 star hotel in Paphos Cyprus\",\"potentialAction\":[{\"@type\":\"SearchAction\",\"target\":{\"@type\":\"EntryPoint\",\"urlTemplate\":\"https:\\\/\\\/www.pioneer-cbh.com\\\/de\\\/?s={search_term_string}\"},\"query-input\":{\"@type\":\"PropertyValueSpecification\",\"valueRequired\":true,\"valueName\":\"search_term_string\"}}],\"inLanguage\":\"de\"}]}<\/script>\n<!-- \/ Yoast SEO plugin. -->","yoast_head_json":{"title":"Luxuri\u00f6ses Spa-Hotel in Paphos, Zypern || Pioneer Beach Hotel","description":"Das Elixir Spa wurde in unserem luxuri\u00f6sen Spa-Hotel in Paphos, Zypern, von Constantinou Bros. modernisiert und bietet Ihnen eine Welt des Wohlbefindens in Reichweite.","robots":{"index":"index","follow":"follow","max-snippet":"max-snippet:-1","max-image-preview":"max-image-preview:large","max-video-preview":"max-video-preview:-1"},"canonical":"https:\/\/www.pioneer-cbh.com\/de\/elixier-spa\/","og_locale":"de_DE","og_type":"article","og_title":"Luxuri\u00f6ses Spa-Hotel in Paphos, Zypern || Pioneer Beach Hotel","og_description":"Das Elixir Spa wurde in unserem luxuri\u00f6sen Spa-Hotel in Paphos, Zypern, von Constantinou Bros. modernisiert und bietet Ihnen eine Welt des Wohlbefindens in Reichweite.","og_url":"https:\/\/www.pioneer-cbh.com\/de\/elixier-spa\/","og_site_name":"Pioneer Beach Hotel","article_modified_time":"2024-09-17T15:02:18+00:00","og_image":[{"width":1920,"height":1281,"url":"https:\/\/www.pioneer-cbh.com\/app\/uploads\/sites\/33\/2019\/05\/10.1.-pioneer-beach-hotel-elixir-spa-couples-room_resized.jpg","type":"image\/jpeg"}],"twitter_card":"summary_large_image","twitter_misc":{"Gesch\u00e4tzte Lesezeit":"2\u00a0Minuten"},"schema":{"@context":"https:\/\/schema.org","@graph":[{"@type":"WebPage","@id":"https:\/\/www.pioneer-cbh.com\/de\/elixier-spa\/","url":"https:\/\/www.pioneer-cbh.com\/de\/elixier-spa\/","name":"Luxuri\u00f6ses Spa-Hotel in Paphos, Zypern || Pioneer Beach Hotel","isPartOf":{"@id":"https:\/\/www.pioneer-cbh.com\/de\/#website"},"primaryImageOfPage":{"@id":"https:\/\/www.pioneer-cbh.com\/de\/elixier-spa\/#primaryimage"},"image":{"@id":"https:\/\/www.pioneer-cbh.com\/de\/elixier-spa\/#primaryimage"},"thumbnailUrl":"https:\/\/www.pioneer-cbh.com\/app\/uploads\/sites\/33\/2019\/05\/10.1.-pioneer-beach-hotel-elixir-spa-couples-room_resized.jpg","datePublished":"2019-05-16T10:08:41+00:00","dateModified":"2024-09-17T15:02:18+00:00","description":"Das Elixir Spa wurde in unserem luxuri\u00f6sen Spa-Hotel in Paphos, Zypern, von Constantinou Bros. modernisiert und bietet Ihnen eine Welt des Wohlbefindens in Reichweite.","breadcrumb":{"@id":"https:\/\/www.pioneer-cbh.com\/de\/elixier-spa\/#breadcrumb"},"inLanguage":"de","potentialAction":[{"@type":"ReadAction","target":["https:\/\/www.pioneer-cbh.com\/de\/elixier-spa\/"]}]},{"@type":"ImageObject","inLanguage":"de","@id":"https:\/\/www.pioneer-cbh.com\/de\/elixier-spa\/#primaryimage","url":"https:\/\/www.pioneer-cbh.com\/app\/uploads\/sites\/33\/2019\/05\/10.1.-pioneer-beach-hotel-elixir-spa-couples-room_resized.jpg","contentUrl":"https:\/\/www.pioneer-cbh.com\/app\/uploads\/sites\/33\/2019\/05\/10.1.-pioneer-beach-hotel-elixir-spa-couples-room_resized.jpg","width":1920,"height":1281},{"@type":"BreadcrumbList","@id":"https:\/\/www.pioneer-cbh.com\/de\/elixier-spa\/#breadcrumb","itemListElement":[{"@type":"ListItem","position":1,"name":"Home","item":"https:\/\/www.pioneer-cbh.com\/de\/"},{"@type":"ListItem","position":2,"name":"Elixier Spa"}]},{"@type":"WebSite","@id":"https:\/\/www.pioneer-cbh.com\/de\/#website","url":"https:\/\/www.pioneer-cbh.com\/de\/","name":"Pioneer Beach Hotel","description":"Constantinou Bros Pioneer Beach Hotel, 4 star hotel in Paphos Cyprus","potentialAction":[{"@type":"SearchAction","target":{"@type":"EntryPoint","urlTemplate":"https:\/\/www.pioneer-cbh.com\/de\/?s={search_term_string}"},"query-input":{"@type":"PropertyValueSpecification","valueRequired":true,"valueName":"search_term_string"}}],"inLanguage":"de"}]}},"_links":{"self":[{"href":"https:\/\/www.pioneer-cbh.com\/de\/wp-json\/wp\/v2\/pages\/1912","targetHints":{"allow":["GET"]}}],"collection":[{"href":"https:\/\/www.pioneer-cbh.com\/de\/wp-json\/wp\/v2\/pages"}],"about":[{"href":"https:\/\/www.pioneer-cbh.com\/de\/wp-json\/wp\/v2\/types\/page"}],"author":[{"embeddable":true,"href":"https:\/\/www.pioneer-cbh.com\/de\/wp-json\/wp\/v2\/users\/1"}],"replies":[{"embeddable":true,"href":"https:\/\/www.pioneer-cbh.com\/de\/wp-json\/wp\/v2\/comments?post=1912"}],"version-history":[{"count":6,"href":"https:\/\/www.pioneer-cbh.com\/de\/wp-json\/wp\/v2\/pages\/1912\/revisions"}],"predecessor-version":[{"id":12430,"href":"https:\/\/www.pioneer-cbh.com\/de\/wp-json\/wp\/v2\/pages\/1912\/revisions\/12430"}],"wp:featuredmedia":[{"embeddable":true,"href":"https:\/\/www.pioneer-cbh.com\/de\/wp-json\/wp\/v2\/media\/1783"}],"wp:attachment":[{"href":"https:\/\/www.pioneer-cbh.com\/de\/wp-json\/wp\/v2\/media?parent=1912"}],"curies":[{"name":"wp","href":"https:\/\/api.w.org\/{rel}","templated":true}]}}