{"id":1905,"date":"2019-05-16T13:08:41","date_gmt":"2019-05-16T10:08:41","guid":{"rendered":"http:\/\/pioneer-cbh.cms4.nelios.com\/the-hotel\/location\/"},"modified":"2024-09-18T15:17:40","modified_gmt":"2024-09-18T12:17:40","slug":"standort","status":"publish","type":"page","link":"https:\/\/www.pioneer-cbh.com\/de\/das-hotel\/standort\/","title":{"rendered":"Standort"},"content":{"rendered":"<p>Das Pioneer Beach Hotel befindet sich in einer wundersch\u00f6nen Lage in Kato Paphos, direkt am Strand und in unmittelbarer N\u00e4he zu den touristischen und arch\u00e4ologischen Sehensw\u00fcrdigkeiten sowie zu Restaurants, Bars und Gesch\u00e4ften.<\/p>\n<ul>\n<li>Gelegen in Kato Paphos<\/li>\n<li>Direkt am Strand<\/li>\n<li>500 m von Bars und Restaurants entfernt<\/li>\n<li>2 km vom Ortszentrum entfernt<\/li>\n<li>3 km vom alten Hafen von Paphos entfernt<\/li>\n<li>15 km vom internationalen Flughafen Paphos<\/li>\n<li>140 km vom internationalen Flughafen Larnaca entfernt<\/li>\n<\/ul>\n<h4 class=\"title\">Wegbeschreibung<\/h4>\n<div class=\"content\">\n<h5>Wegbeschreibung vom Flughafen Paphos zum Pioneer Beach Hotel (ca. 20 Minuten):<\/h5>\n<ul>\n<li>Wenn Sie vom Flughafen Paphos auf die Hauptstra\u00dfe fahren, biegen Sie links ab nach Paphos.<\/li>\n<li>Nach ca. 1 km sehen Sie ein Schild, das auf die Autobahn A1 hinweist. Biegen Sie rechts ab.<\/li>\n<li>Wenn Sie sich der Schnellstra\u00dfe n\u00e4hern, biegen Sie vor der \u00dcberf\u00fchrungsbr\u00fccke links ab, um auf die Schnellstra\u00dfe nach Paphos zu gelangen.<\/li>\n<li>Fahren Sie weiter bis zum Ende der Schnellstra\u00dfe.<br \/>\nDort befindet sich ein gro\u00dfer Kreisverkehr.<br \/>\nBiegen Sie die erste links ab.<\/li>\n<li>Fahren Sie den ganzen Weg hinunter, bis Sie einen weiteren Kreisverkehr sehen.<br \/>\nAuf der linken Seite sehen Sie die Gesch\u00e4fte Debenhams\/Next.<\/li>\n<li>Fahren Sie geradeaus auf dem Kreisverkehr (2. Ausfahrt) und weiter, bis Sie einen weiteren kleinen Kreisverkehr finden.<\/li>\n<li>Fahren Sie weiter geradeaus.<br \/>\nSie erreichen eine T-Kreuzung.<br \/>\nBiegen Sie links ab.<\/li>\n<li>Folgen Sie der Stra\u00dfe geradeaus, bis Sie einen kleinen Kreisverkehr erreichen, passieren Sie diesen (2. Ausfahrt), und Sie sehen auf der rechten Seite das Pioneer Beach Hotel.<\/li>\n<\/ul>\n<h5>Wegbeschreibung vom Flughafen Larnaca zum Pioneer Beach Hotel (ca. 1,5 Stunden):<\/h5>\n<ul>\n<li>Fahren Sie aus dem Flughafen heraus auf die Schnellstra\u00dfe, bis Sie die linke Ausfahrt erreichen, die mit Lemesos\/Limassol ausgeschildert ist.<\/li>\n<li>Fahren Sie auf dieser Stra\u00dfe bis zu einem gro\u00dfen Kreisverkehr, wo Sie die 1. links abbiegen.<br \/>\nSie befinden sich nun auf der Autobahn nach Lemesos\/Limassol.<\/li>\n<li>Wenn Sie durch Lemesos\/Limassol fahren, folgen Sie weiter der Beschilderung nach Paphos.<\/li>\n<li>Fahren Sie weiter bis zum Ende der Schnellstra\u00dfe.<br \/>\nDort befindet sich ein gro\u00dfer Kreisverkehr.<br \/>\nBiegen Sie die erste links ab.<\/li>\n<li>Fahren Sie den ganzen Weg hinunter, bis Sie einen weiteren Kreisverkehr sehen.<br \/>\nAuf der linken Seite sehen Sie die Gesch\u00e4fte Debenhams\/Next.<\/li>\n<li>Fahren Sie geradeaus auf dem Kreisverkehr (2. Ausfahrt) und weiter, bis Sie einen weiteren kleinen Kreisverkehr finden.<\/li>\n<li>Fahren Sie weiter geradeaus.<br \/>\nSie erreichen eine T-Kreuzung.<br \/>\nBiegen Sie links ab.<\/li>\n<li>Folgen Sie der Stra\u00dfe geradeaus, bis Sie einen kleinen Kreisverkehr erreichen, passieren Sie diesen (2. Ausfahrt), und Sie sehen auf der rechten Seite das Pioneer Beach Hotel.<\/li>\n<\/ul>\n<\/div>\n","protected":false},"excerpt":{"rendered":"<p>Das Pioneer Beach Hotel befindet sich in einer wundersch\u00f6nen Lage in Kato Paphos, direkt am Strand und in unmittelbarer N\u00e4he zu den touristischen und arch\u00e4ologischen Sehensw\u00fcrdigkeiten sowie zu Restaurants, Bars und Gesch\u00e4ften. Gelegen in Kato Paphos Direkt am Strand 500 m von Bars und Restaurants entfernt 2 km vom Ortszentrum entfernt 3 km vom alten<\/p>\n","protected":false},"author":1,"featured_media":3415,"parent":1866,"menu_order":0,"comment_status":"closed","ping_status":"closed","template":"page-templates\/location.php","meta":{"_acf_changed":false,"footnotes":""},"class_list":["post-1905","page","type-page","status-publish","has-post-thumbnail","hentry"],"acf":[],"yoast_head":"<!-- This site is optimized with the Yoast SEO plugin v27.3 - https:\/\/yoast.com\/product\/yoast-seo-wordpress\/ -->\n<title>Sensationelles, erwachsenes Strandresort in Paphos || Pioneer Beach Hotel<\/title>\n<meta name=\"description\" content=\"Das Pioneer Beach by Constantinou Bros Hotels ist ein h\u00fcbsches Strandresort in Paphos, Zypern, das durch seine N\u00e4he zur Stadt und zu den Sehensw\u00fcrdigkeiten der Gegend gut gelegen ist.\" \/>\n<meta name=\"robots\" content=\"index, follow, max-snippet:-1, max-image-preview:large, max-video-preview:-1\" \/>\n<link rel=\"canonical\" href=\"https:\/\/www.pioneer-cbh.com\/de\/das-hotel\/standort\/\" \/>\n<meta property=\"og:locale\" content=\"de_DE\" \/>\n<meta property=\"og:type\" content=\"article\" \/>\n<meta property=\"og:title\" content=\"Sensationelles, erwachsenes Strandresort in Paphos || Pioneer Beach Hotel\" \/>\n<meta property=\"og:description\" content=\"Das Pioneer Beach by Constantinou Bros Hotels ist ein h\u00fcbsches Strandresort in Paphos, Zypern, das durch seine N\u00e4he zur Stadt und zu den Sehensw\u00fcrdigkeiten der Gegend gut gelegen ist.\" \/>\n<meta property=\"og:url\" content=\"https:\/\/www.pioneer-cbh.com\/de\/das-hotel\/standort\/\" \/>\n<meta property=\"og:site_name\" content=\"Pioneer Beach Hotel\" \/>\n<meta property=\"article:modified_time\" content=\"2024-09-18T12:17:40+00:00\" \/>\n<meta property=\"og:image\" content=\"https:\/\/www.pioneer-cbh.com\/app\/uploads\/sites\/33\/2020\/09\/6-PIONEER-BEACH-HOTEL-POOL-AND-GARDENS.jpg\" \/>\n\t<meta property=\"og:image:width\" content=\"1200\" \/>\n\t<meta property=\"og:image:height\" content=\"798\" \/>\n\t<meta property=\"og:image:type\" content=\"image\/jpeg\" \/>\n<meta name=\"twitter:card\" content=\"summary_large_image\" \/>\n<meta name=\"twitter:label1\" content=\"Gesch\u00e4tzte Lesezeit\" \/>\n\t<meta name=\"twitter:data1\" content=\"2\u00a0Minuten\" \/>\n<script type=\"application\/ld+json\" class=\"yoast-schema-graph\">{\"@context\":\"https:\\\/\\\/schema.org\",\"@graph\":[{\"@type\":\"WebPage\",\"@id\":\"https:\\\/\\\/www.pioneer-cbh.com\\\/de\\\/das-hotel\\\/standort\\\/\",\"url\":\"https:\\\/\\\/www.pioneer-cbh.com\\\/de\\\/das-hotel\\\/standort\\\/\",\"name\":\"Sensationelles, erwachsenes Strandresort in Paphos || Pioneer Beach Hotel\",\"isPartOf\":{\"@id\":\"https:\\\/\\\/www.pioneer-cbh.com\\\/de\\\/#website\"},\"primaryImageOfPage\":{\"@id\":\"https:\\\/\\\/www.pioneer-cbh.com\\\/de\\\/das-hotel\\\/standort\\\/#primaryimage\"},\"image\":{\"@id\":\"https:\\\/\\\/www.pioneer-cbh.com\\\/de\\\/das-hotel\\\/standort\\\/#primaryimage\"},\"thumbnailUrl\":\"https:\\\/\\\/www.pioneer-cbh.com\\\/app\\\/uploads\\\/sites\\\/33\\\/2020\\\/09\\\/6-PIONEER-BEACH-HOTEL-POOL-AND-GARDENS.jpg\",\"datePublished\":\"2019-05-16T10:08:41+00:00\",\"dateModified\":\"2024-09-18T12:17:40+00:00\",\"description\":\"Das Pioneer Beach by Constantinou Bros Hotels ist ein h\u00fcbsches Strandresort in Paphos, Zypern, das durch seine N\u00e4he zur Stadt und zu den Sehensw\u00fcrdigkeiten der Gegend gut gelegen ist.\",\"breadcrumb\":{\"@id\":\"https:\\\/\\\/www.pioneer-cbh.com\\\/de\\\/das-hotel\\\/standort\\\/#breadcrumb\"},\"inLanguage\":\"de\",\"potentialAction\":[{\"@type\":\"ReadAction\",\"target\":[\"https:\\\/\\\/www.pioneer-cbh.com\\\/de\\\/das-hotel\\\/standort\\\/\"]}]},{\"@type\":\"ImageObject\",\"inLanguage\":\"de\",\"@id\":\"https:\\\/\\\/www.pioneer-cbh.com\\\/de\\\/das-hotel\\\/standort\\\/#primaryimage\",\"url\":\"https:\\\/\\\/www.pioneer-cbh.com\\\/app\\\/uploads\\\/sites\\\/33\\\/2020\\\/09\\\/6-PIONEER-BEACH-HOTEL-POOL-AND-GARDENS.jpg\",\"contentUrl\":\"https:\\\/\\\/www.pioneer-cbh.com\\\/app\\\/uploads\\\/sites\\\/33\\\/2020\\\/09\\\/6-PIONEER-BEACH-HOTEL-POOL-AND-GARDENS.jpg\",\"width\":1200,\"height\":798,\"caption\":\"Eine Romantische Reise\"},{\"@type\":\"BreadcrumbList\",\"@id\":\"https:\\\/\\\/www.pioneer-cbh.com\\\/de\\\/das-hotel\\\/standort\\\/#breadcrumb\",\"itemListElement\":[{\"@type\":\"ListItem\",\"position\":1,\"name\":\"Home\",\"item\":\"https:\\\/\\\/www.pioneer-cbh.com\\\/de\\\/\"},{\"@type\":\"ListItem\",\"position\":2,\"name\":\"Das Hotel\",\"item\":\"https:\\\/\\\/www.pioneer-cbh.com\\\/de\\\/das-hotel\\\/\"},{\"@type\":\"ListItem\",\"position\":3,\"name\":\"Standort\"}]},{\"@type\":\"WebSite\",\"@id\":\"https:\\\/\\\/www.pioneer-cbh.com\\\/de\\\/#website\",\"url\":\"https:\\\/\\\/www.pioneer-cbh.com\\\/de\\\/\",\"name\":\"Pioneer Beach Hotel\",\"description\":\"Constantinou Bros Pioneer Beach Hotel, 4 star hotel in Paphos Cyprus\",\"potentialAction\":[{\"@type\":\"SearchAction\",\"target\":{\"@type\":\"EntryPoint\",\"urlTemplate\":\"https:\\\/\\\/www.pioneer-cbh.com\\\/de\\\/?s={search_term_string}\"},\"query-input\":{\"@type\":\"PropertyValueSpecification\",\"valueRequired\":true,\"valueName\":\"search_term_string\"}}],\"inLanguage\":\"de\"}]}<\/script>\n<!-- \/ Yoast SEO plugin. -->","yoast_head_json":{"title":"Sensationelles, erwachsenes Strandresort in Paphos || Pioneer Beach Hotel","description":"Das Pioneer Beach by Constantinou Bros Hotels ist ein h\u00fcbsches Strandresort in Paphos, Zypern, das durch seine N\u00e4he zur Stadt und zu den Sehensw\u00fcrdigkeiten der Gegend gut gelegen ist.","robots":{"index":"index","follow":"follow","max-snippet":"max-snippet:-1","max-image-preview":"max-image-preview:large","max-video-preview":"max-video-preview:-1"},"canonical":"https:\/\/www.pioneer-cbh.com\/de\/das-hotel\/standort\/","og_locale":"de_DE","og_type":"article","og_title":"Sensationelles, erwachsenes Strandresort in Paphos || Pioneer Beach Hotel","og_description":"Das Pioneer Beach by Constantinou Bros Hotels ist ein h\u00fcbsches Strandresort in Paphos, Zypern, das durch seine N\u00e4he zur Stadt und zu den Sehensw\u00fcrdigkeiten der Gegend gut gelegen ist.","og_url":"https:\/\/www.pioneer-cbh.com\/de\/das-hotel\/standort\/","og_site_name":"Pioneer Beach Hotel","article_modified_time":"2024-09-18T12:17:40+00:00","og_image":[{"width":1200,"height":798,"url":"https:\/\/www.pioneer-cbh.com\/app\/uploads\/sites\/33\/2020\/09\/6-PIONEER-BEACH-HOTEL-POOL-AND-GARDENS.jpg","type":"image\/jpeg"}],"twitter_card":"summary_large_image","twitter_misc":{"Gesch\u00e4tzte Lesezeit":"2\u00a0Minuten"},"schema":{"@context":"https:\/\/schema.org","@graph":[{"@type":"WebPage","@id":"https:\/\/www.pioneer-cbh.com\/de\/das-hotel\/standort\/","url":"https:\/\/www.pioneer-cbh.com\/de\/das-hotel\/standort\/","name":"Sensationelles, erwachsenes Strandresort in Paphos || Pioneer Beach Hotel","isPartOf":{"@id":"https:\/\/www.pioneer-cbh.com\/de\/#website"},"primaryImageOfPage":{"@id":"https:\/\/www.pioneer-cbh.com\/de\/das-hotel\/standort\/#primaryimage"},"image":{"@id":"https:\/\/www.pioneer-cbh.com\/de\/das-hotel\/standort\/#primaryimage"},"thumbnailUrl":"https:\/\/www.pioneer-cbh.com\/app\/uploads\/sites\/33\/2020\/09\/6-PIONEER-BEACH-HOTEL-POOL-AND-GARDENS.jpg","datePublished":"2019-05-16T10:08:41+00:00","dateModified":"2024-09-18T12:17:40+00:00","description":"Das Pioneer Beach by Constantinou Bros Hotels ist ein h\u00fcbsches Strandresort in Paphos, Zypern, das durch seine N\u00e4he zur Stadt und zu den Sehensw\u00fcrdigkeiten der Gegend gut gelegen ist.","breadcrumb":{"@id":"https:\/\/www.pioneer-cbh.com\/de\/das-hotel\/standort\/#breadcrumb"},"inLanguage":"de","potentialAction":[{"@type":"ReadAction","target":["https:\/\/www.pioneer-cbh.com\/de\/das-hotel\/standort\/"]}]},{"@type":"ImageObject","inLanguage":"de","@id":"https:\/\/www.pioneer-cbh.com\/de\/das-hotel\/standort\/#primaryimage","url":"https:\/\/www.pioneer-cbh.com\/app\/uploads\/sites\/33\/2020\/09\/6-PIONEER-BEACH-HOTEL-POOL-AND-GARDENS.jpg","contentUrl":"https:\/\/www.pioneer-cbh.com\/app\/uploads\/sites\/33\/2020\/09\/6-PIONEER-BEACH-HOTEL-POOL-AND-GARDENS.jpg","width":1200,"height":798,"caption":"Eine Romantische Reise"},{"@type":"BreadcrumbList","@id":"https:\/\/www.pioneer-cbh.com\/de\/das-hotel\/standort\/#breadcrumb","itemListElement":[{"@type":"ListItem","position":1,"name":"Home","item":"https:\/\/www.pioneer-cbh.com\/de\/"},{"@type":"ListItem","position":2,"name":"Das Hotel","item":"https:\/\/www.pioneer-cbh.com\/de\/das-hotel\/"},{"@type":"ListItem","position":3,"name":"Standort"}]},{"@type":"WebSite","@id":"https:\/\/www.pioneer-cbh.com\/de\/#website","url":"https:\/\/www.pioneer-cbh.com\/de\/","name":"Pioneer Beach Hotel","description":"Constantinou Bros Pioneer Beach Hotel, 4 star hotel in Paphos Cyprus","potentialAction":[{"@type":"SearchAction","target":{"@type":"EntryPoint","urlTemplate":"https:\/\/www.pioneer-cbh.com\/de\/?s={search_term_string}"},"query-input":{"@type":"PropertyValueSpecification","valueRequired":true,"valueName":"search_term_string"}}],"inLanguage":"de"}]}},"_links":{"self":[{"href":"https:\/\/www.pioneer-cbh.com\/de\/wp-json\/wp\/v2\/pages\/1905","targetHints":{"allow":["GET"]}}],"collection":[{"href":"https:\/\/www.pioneer-cbh.com\/de\/wp-json\/wp\/v2\/pages"}],"about":[{"href":"https:\/\/www.pioneer-cbh.com\/de\/wp-json\/wp\/v2\/types\/page"}],"author":[{"embeddable":true,"href":"https:\/\/www.pioneer-cbh.com\/de\/wp-json\/wp\/v2\/users\/1"}],"replies":[{"embeddable":true,"href":"https:\/\/www.pioneer-cbh.com\/de\/wp-json\/wp\/v2\/comments?post=1905"}],"version-history":[{"count":6,"href":"https:\/\/www.pioneer-cbh.com\/de\/wp-json\/wp\/v2\/pages\/1905\/revisions"}],"predecessor-version":[{"id":12457,"href":"https:\/\/www.pioneer-cbh.com\/de\/wp-json\/wp\/v2\/pages\/1905\/revisions\/12457"}],"up":[{"embeddable":true,"href":"https:\/\/www.pioneer-cbh.com\/de\/wp-json\/wp\/v2\/pages\/1866"}],"wp:featuredmedia":[{"embeddable":true,"href":"https:\/\/www.pioneer-cbh.com\/de\/wp-json\/wp\/v2\/media\/3415"}],"wp:attachment":[{"href":"https:\/\/www.pioneer-cbh.com\/de\/wp-json\/wp\/v2\/media?parent=1905"}],"curies":[{"name":"wp","href":"https:\/\/api.w.org\/{rel}","templated":true}]}}