{"id":1872,"date":"2019-08-18T13:58:42","date_gmt":"2019-08-18T10:58:42","guid":{"rendered":"http:\/\/pioneer-cbh.cms4.nelios.com\/the-hotel\/leisure-facilities\/"},"modified":"2024-09-18T15:16:01","modified_gmt":"2024-09-18T12:16:01","slug":"freizeit-einrichtungen","status":"publish","type":"page","link":"https:\/\/www.pioneer-cbh.com\/de\/das-hotel\/freizeit-einrichtungen\/","title":{"rendered":"Hotel Einrichtungen"},"content":{"rendered":"<h1 class=\"entry-title title-size font-regular text-center my-5\">Pioneer Strandhotel Aktivit\u00e4ten f\u00fcr G\u00e4ste<\/h1>\n<p>Das Hotel bietet eine Reihe von Aktivit\u00e4ten, die jeder genie\u00dfen kann.<br \/>\nZu bestimmten Zeiten im Jahr wird eine Vielzahl von Aktivit\u00e4ten angeboten, von morgendlicher Gymnastik, Wassergymnastik, abendlichen internationalen und Folklore-Shows, Klaviermelodien, Musikquiz und vielem mehr.<\/p>\n<h3>Sport &amp; Freizeiteinrichtungen<\/h3>\n<ul>\n<li>Bingo \/ Quiz<\/li>\n<li>Schalen aufrollen<\/li>\n<li>Unterricht im Tauchen<\/li>\n<li>Kurze Mattensch\u00fcsseln<\/li>\n<li>Tischtennis<\/li>\n<li>Darts<\/li>\n<li>Billard<\/li>\n<li>Folkloretanz-Show<\/li>\n<li>Live-Band des Hotels und Tanz<\/li>\n<li>Tanzunterricht<\/li>\n<li>Tagesaktivit\u00e4ten f\u00fcr Erwachsene<\/li>\n<li>1 S\u00fc\u00dfwasser-Au\u00dfenpool mit Whirlpool<\/li>\n<li>1 beheiztes Hallenbad mit Jacuzzi<\/li>\n<li>1 Tennisplatz mit Flutlicht<\/li>\n<li>Kartenzimmer<\/li>\n<li>Lesesaal<\/li>\n<li>1 Tanzsaal (Holzboden)<\/li>\n<li>1 Veranstaltungsraum<\/li>\n<li>Green Bowls im Freien (4 Bahnen)<\/li>\n<li>Kurzmattenanlagen im Freien (2 Bahnen auf Anfrage)<\/li>\n<li>Indoor-Kurzmatten-Bowling (4 Bahnen auf Anfrage)<\/li>\n<li>Koordinatorin f\u00fcr Bewohnerschalen (Okt-Apr)<\/li>\n<li>Residente Tanzleiter (Nov-Apr)<\/li>\n<li>Fahrradabstellraum\/Fahrradraum (gemeinsam mit dem Schwesterhotel) (Kapazit\u00e4t 98 Fahrr\u00e4der)<\/li>\n<li>Hochgeschwindigkeits-Wi-Fi (kostenlos)<\/li>\n<li>Internet-Eckverbindung (kostenlos)<\/li>\n<li>Kostenlose Badet\u00fccher, Sonnenliegen und Sonnenschirme am Pool und am Strand<\/li>\n<li>Abstellraum f\u00fcr Golfschl\u00e4ger<\/li>\n<li>Wellness Aktivit\u00e4ten<\/li>\n<\/ul>\n","protected":false},"excerpt":{"rendered":"<p>Pioneer Strandhotel Aktivit\u00e4ten f\u00fcr G\u00e4ste Das Hotel bietet eine Reihe von Aktivit\u00e4ten, die jeder genie\u00dfen kann. Zu bestimmten Zeiten im Jahr wird eine Vielzahl von Aktivit\u00e4ten angeboten, von morgendlicher Gymnastik, Wassergymnastik, abendlichen internationalen und Folklore-Shows, Klaviermelodien, Musikquiz und vielem mehr. Sport &amp; Freizeiteinrichtungen Bingo \/ Quiz Schalen aufrollen Unterricht im Tauchen Kurze Mattensch\u00fcsseln Tischtennis Darts<\/p>\n","protected":false},"author":12,"featured_media":3400,"parent":1866,"menu_order":0,"comment_status":"closed","ping_status":"closed","template":"","meta":{"_acf_changed":false,"footnotes":""},"class_list":["post-1872","page","type-page","status-publish","has-post-thumbnail","hentry"],"acf":[],"yoast_head":"<!-- This site is optimized with the Yoast SEO plugin v27.5 - https:\/\/yoast.com\/product\/yoast-seo-wordpress\/ -->\n<title>Einrichtungen &amp; Hotelaktivit\u00e4ten f\u00fcr G\u00e4ste - Pioneer Beach Hotel<\/title>\n<meta name=\"description\" content=\"Hier finden Sie alle Informationen \u00fcber die Hoteleinrichtungen und Aktivit\u00e4ten f\u00fcr G\u00e4ste des Pioneer Beach Hotel by Constantinou Bros.\" \/>\n<meta name=\"robots\" content=\"index, follow, max-snippet:-1, max-image-preview:large, max-video-preview:-1\" \/>\n<link rel=\"canonical\" href=\"https:\/\/www.pioneer-cbh.com\/de\/das-hotel\/freizeit-einrichtungen\/\" \/>\n<meta property=\"og:locale\" content=\"de_DE\" \/>\n<meta property=\"og:type\" content=\"article\" \/>\n<meta property=\"og:title\" content=\"Einrichtungen &amp; Hotelaktivit\u00e4ten f\u00fcr G\u00e4ste - Pioneer Beach Hotel\" \/>\n<meta property=\"og:description\" content=\"Hier finden Sie alle Informationen \u00fcber die Hoteleinrichtungen und Aktivit\u00e4ten f\u00fcr G\u00e4ste des Pioneer Beach Hotel by Constantinou Bros.\" \/>\n<meta property=\"og:url\" content=\"https:\/\/www.pioneer-cbh.com\/de\/das-hotel\/freizeit-einrichtungen\/\" \/>\n<meta property=\"og:site_name\" content=\"Pioneer Beach Hotel\" \/>\n<meta property=\"article:modified_time\" content=\"2024-09-18T12:16:01+00:00\" \/>\n<meta property=\"og:image\" content=\"https:\/\/www.pioneer-cbh.com\/app\/uploads\/sites\/33\/2020\/09\/1-PIONEER-BEACH-HOTEL-POOL.jpg\" \/>\n\t<meta property=\"og:image:width\" content=\"1200\" \/>\n\t<meta property=\"og:image:height\" content=\"798\" \/>\n\t<meta property=\"og:image:type\" content=\"image\/jpeg\" \/>\n<meta name=\"twitter:card\" content=\"summary_large_image\" \/>\n<meta name=\"twitter:label1\" content=\"Gesch\u00e4tzte Lesezeit\" \/>\n\t<meta name=\"twitter:data1\" content=\"1\u00a0Minute\" \/>\n<script type=\"application\/ld+json\" class=\"yoast-schema-graph\">{\"@context\":\"https:\\\/\\\/schema.org\",\"@graph\":[{\"@type\":\"WebPage\",\"@id\":\"https:\\\/\\\/www.pioneer-cbh.com\\\/de\\\/das-hotel\\\/freizeit-einrichtungen\\\/\",\"url\":\"https:\\\/\\\/www.pioneer-cbh.com\\\/de\\\/das-hotel\\\/freizeit-einrichtungen\\\/\",\"name\":\"Einrichtungen & Hotelaktivit\u00e4ten f\u00fcr G\u00e4ste - Pioneer Beach Hotel\",\"isPartOf\":{\"@id\":\"https:\\\/\\\/www.pioneer-cbh.com\\\/de\\\/#website\"},\"primaryImageOfPage\":{\"@id\":\"https:\\\/\\\/www.pioneer-cbh.com\\\/de\\\/das-hotel\\\/freizeit-einrichtungen\\\/#primaryimage\"},\"image\":{\"@id\":\"https:\\\/\\\/www.pioneer-cbh.com\\\/de\\\/das-hotel\\\/freizeit-einrichtungen\\\/#primaryimage\"},\"thumbnailUrl\":\"https:\\\/\\\/www.pioneer-cbh.com\\\/app\\\/uploads\\\/sites\\\/33\\\/2020\\\/09\\\/1-PIONEER-BEACH-HOTEL-POOL.jpg\",\"datePublished\":\"2019-08-18T10:58:42+00:00\",\"dateModified\":\"2024-09-18T12:16:01+00:00\",\"description\":\"Hier finden Sie alle Informationen \u00fcber die Hoteleinrichtungen und Aktivit\u00e4ten f\u00fcr G\u00e4ste des Pioneer Beach Hotel by Constantinou Bros.\",\"breadcrumb\":{\"@id\":\"https:\\\/\\\/www.pioneer-cbh.com\\\/de\\\/das-hotel\\\/freizeit-einrichtungen\\\/#breadcrumb\"},\"inLanguage\":\"de\",\"potentialAction\":[{\"@type\":\"ReadAction\",\"target\":[\"https:\\\/\\\/www.pioneer-cbh.com\\\/de\\\/das-hotel\\\/freizeit-einrichtungen\\\/\"]}]},{\"@type\":\"ImageObject\",\"inLanguage\":\"de\",\"@id\":\"https:\\\/\\\/www.pioneer-cbh.com\\\/de\\\/das-hotel\\\/freizeit-einrichtungen\\\/#primaryimage\",\"url\":\"https:\\\/\\\/www.pioneer-cbh.com\\\/app\\\/uploads\\\/sites\\\/33\\\/2020\\\/09\\\/1-PIONEER-BEACH-HOTEL-POOL.jpg\",\"contentUrl\":\"https:\\\/\\\/www.pioneer-cbh.com\\\/app\\\/uploads\\\/sites\\\/33\\\/2020\\\/09\\\/1-PIONEER-BEACH-HOTEL-POOL.jpg\",\"width\":1200,\"height\":798,\"caption\":\"In Blauem Kleid\"},{\"@type\":\"BreadcrumbList\",\"@id\":\"https:\\\/\\\/www.pioneer-cbh.com\\\/de\\\/das-hotel\\\/freizeit-einrichtungen\\\/#breadcrumb\",\"itemListElement\":[{\"@type\":\"ListItem\",\"position\":1,\"name\":\"Home\",\"item\":\"https:\\\/\\\/www.pioneer-cbh.com\\\/de\\\/\"},{\"@type\":\"ListItem\",\"position\":2,\"name\":\"Das Hotel\",\"item\":\"https:\\\/\\\/www.pioneer-cbh.com\\\/de\\\/das-hotel\\\/\"},{\"@type\":\"ListItem\",\"position\":3,\"name\":\"Hotel Einrichtungen\"}]},{\"@type\":\"WebSite\",\"@id\":\"https:\\\/\\\/www.pioneer-cbh.com\\\/de\\\/#website\",\"url\":\"https:\\\/\\\/www.pioneer-cbh.com\\\/de\\\/\",\"name\":\"Pioneer Beach Hotel\",\"description\":\"Constantinou Bros Pioneer Beach Hotel, 4 star hotel in Paphos Cyprus\",\"potentialAction\":[{\"@type\":\"SearchAction\",\"target\":{\"@type\":\"EntryPoint\",\"urlTemplate\":\"https:\\\/\\\/www.pioneer-cbh.com\\\/de\\\/?s={search_term_string}\"},\"query-input\":{\"@type\":\"PropertyValueSpecification\",\"valueRequired\":true,\"valueName\":\"search_term_string\"}}],\"inLanguage\":\"de\"}]}<\/script>\n<!-- \/ Yoast SEO plugin. -->","yoast_head_json":{"title":"Einrichtungen & Hotelaktivit\u00e4ten f\u00fcr G\u00e4ste - Pioneer Beach Hotel","description":"Hier finden Sie alle Informationen \u00fcber die Hoteleinrichtungen und Aktivit\u00e4ten f\u00fcr G\u00e4ste des Pioneer Beach Hotel by Constantinou Bros.","robots":{"index":"index","follow":"follow","max-snippet":"max-snippet:-1","max-image-preview":"max-image-preview:large","max-video-preview":"max-video-preview:-1"},"canonical":"https:\/\/www.pioneer-cbh.com\/de\/das-hotel\/freizeit-einrichtungen\/","og_locale":"de_DE","og_type":"article","og_title":"Einrichtungen & Hotelaktivit\u00e4ten f\u00fcr G\u00e4ste - Pioneer Beach Hotel","og_description":"Hier finden Sie alle Informationen \u00fcber die Hoteleinrichtungen und Aktivit\u00e4ten f\u00fcr G\u00e4ste des Pioneer Beach Hotel by Constantinou Bros.","og_url":"https:\/\/www.pioneer-cbh.com\/de\/das-hotel\/freizeit-einrichtungen\/","og_site_name":"Pioneer Beach Hotel","article_modified_time":"2024-09-18T12:16:01+00:00","og_image":[{"width":1200,"height":798,"url":"https:\/\/www.pioneer-cbh.com\/app\/uploads\/sites\/33\/2020\/09\/1-PIONEER-BEACH-HOTEL-POOL.jpg","type":"image\/jpeg"}],"twitter_card":"summary_large_image","twitter_misc":{"Gesch\u00e4tzte Lesezeit":"1\u00a0Minute"},"schema":{"@context":"https:\/\/schema.org","@graph":[{"@type":"WebPage","@id":"https:\/\/www.pioneer-cbh.com\/de\/das-hotel\/freizeit-einrichtungen\/","url":"https:\/\/www.pioneer-cbh.com\/de\/das-hotel\/freizeit-einrichtungen\/","name":"Einrichtungen & Hotelaktivit\u00e4ten f\u00fcr G\u00e4ste - Pioneer Beach Hotel","isPartOf":{"@id":"https:\/\/www.pioneer-cbh.com\/de\/#website"},"primaryImageOfPage":{"@id":"https:\/\/www.pioneer-cbh.com\/de\/das-hotel\/freizeit-einrichtungen\/#primaryimage"},"image":{"@id":"https:\/\/www.pioneer-cbh.com\/de\/das-hotel\/freizeit-einrichtungen\/#primaryimage"},"thumbnailUrl":"https:\/\/www.pioneer-cbh.com\/app\/uploads\/sites\/33\/2020\/09\/1-PIONEER-BEACH-HOTEL-POOL.jpg","datePublished":"2019-08-18T10:58:42+00:00","dateModified":"2024-09-18T12:16:01+00:00","description":"Hier finden Sie alle Informationen \u00fcber die Hoteleinrichtungen und Aktivit\u00e4ten f\u00fcr G\u00e4ste des Pioneer Beach Hotel by Constantinou Bros.","breadcrumb":{"@id":"https:\/\/www.pioneer-cbh.com\/de\/das-hotel\/freizeit-einrichtungen\/#breadcrumb"},"inLanguage":"de","potentialAction":[{"@type":"ReadAction","target":["https:\/\/www.pioneer-cbh.com\/de\/das-hotel\/freizeit-einrichtungen\/"]}]},{"@type":"ImageObject","inLanguage":"de","@id":"https:\/\/www.pioneer-cbh.com\/de\/das-hotel\/freizeit-einrichtungen\/#primaryimage","url":"https:\/\/www.pioneer-cbh.com\/app\/uploads\/sites\/33\/2020\/09\/1-PIONEER-BEACH-HOTEL-POOL.jpg","contentUrl":"https:\/\/www.pioneer-cbh.com\/app\/uploads\/sites\/33\/2020\/09\/1-PIONEER-BEACH-HOTEL-POOL.jpg","width":1200,"height":798,"caption":"In Blauem Kleid"},{"@type":"BreadcrumbList","@id":"https:\/\/www.pioneer-cbh.com\/de\/das-hotel\/freizeit-einrichtungen\/#breadcrumb","itemListElement":[{"@type":"ListItem","position":1,"name":"Home","item":"https:\/\/www.pioneer-cbh.com\/de\/"},{"@type":"ListItem","position":2,"name":"Das Hotel","item":"https:\/\/www.pioneer-cbh.com\/de\/das-hotel\/"},{"@type":"ListItem","position":3,"name":"Hotel Einrichtungen"}]},{"@type":"WebSite","@id":"https:\/\/www.pioneer-cbh.com\/de\/#website","url":"https:\/\/www.pioneer-cbh.com\/de\/","name":"Pioneer Beach Hotel","description":"Constantinou Bros Pioneer Beach Hotel, 4 star hotel in Paphos Cyprus","potentialAction":[{"@type":"SearchAction","target":{"@type":"EntryPoint","urlTemplate":"https:\/\/www.pioneer-cbh.com\/de\/?s={search_term_string}"},"query-input":{"@type":"PropertyValueSpecification","valueRequired":true,"valueName":"search_term_string"}}],"inLanguage":"de"}]}},"_links":{"self":[{"href":"https:\/\/www.pioneer-cbh.com\/de\/wp-json\/wp\/v2\/pages\/1872","targetHints":{"allow":["GET"]}}],"collection":[{"href":"https:\/\/www.pioneer-cbh.com\/de\/wp-json\/wp\/v2\/pages"}],"about":[{"href":"https:\/\/www.pioneer-cbh.com\/de\/wp-json\/wp\/v2\/types\/page"}],"author":[{"embeddable":true,"href":"https:\/\/www.pioneer-cbh.com\/de\/wp-json\/wp\/v2\/users\/12"}],"replies":[{"embeddable":true,"href":"https:\/\/www.pioneer-cbh.com\/de\/wp-json\/wp\/v2\/comments?post=1872"}],"version-history":[{"count":9,"href":"https:\/\/www.pioneer-cbh.com\/de\/wp-json\/wp\/v2\/pages\/1872\/revisions"}],"predecessor-version":[{"id":12453,"href":"https:\/\/www.pioneer-cbh.com\/de\/wp-json\/wp\/v2\/pages\/1872\/revisions\/12453"}],"up":[{"embeddable":true,"href":"https:\/\/www.pioneer-cbh.com\/de\/wp-json\/wp\/v2\/pages\/1866"}],"wp:featuredmedia":[{"embeddable":true,"href":"https:\/\/www.pioneer-cbh.com\/de\/wp-json\/wp\/v2\/media\/3400"}],"wp:attachment":[{"href":"https:\/\/www.pioneer-cbh.com\/de\/wp-json\/wp\/v2\/media?parent=1872"}],"curies":[{"name":"wp","href":"https:\/\/api.w.org\/{rel}","templated":true}]}}