{"id":1866,"date":"2019-05-16T13:08:41","date_gmt":"2019-05-16T10:08:41","guid":{"rendered":"http:\/\/pioneer-cbh.cms4.nelios.com\/the-hotel\/"},"modified":"2025-05-09T10:09:22","modified_gmt":"2025-05-09T07:09:22","slug":"das-hotel","status":"publish","type":"page","link":"https:\/\/www.pioneer-cbh.com\/de\/das-hotel\/","title":{"rendered":"Das Hotel"},"content":{"rendered":"<p>Das Constantinou Bros Pioneer Beach Hotel ist ein auf Erwachsene ausgerichtetes Vier-Sterne-Hotel am Strand von Kato Paphos, das sich in unmittelbarer N\u00e4he der touristischen und arch\u00e4ologischen Sehensw\u00fcrdigkeiten sowie der Restaurants, Bars und Gesch\u00e4fte befindet.<br \/>\nDas Parken auf dem Hotelparkplatz ist f\u00fcr G\u00e4ste kostenlos.<\/p>\n<p>Das Hotel befindet sich 15 km vom internationalen Flughafen Paphos und 140 km vom internationalen Flughafen Larnaca entfernt.<br \/>\nAlle Zimmer verf\u00fcgen \u00fcber gro\u00dfe Balkone mit Blick auf das Mittelmeer oder die umliegende, ruhige Landschaft, luxuri\u00f6se Badezimmer, Obst, Wein und eine Flasche Mineralwasser bei der Ankunft.<\/p>\n<p>Kostenlose Nutzung einer privaten Cabana und Sonnenliegen f\u00fcr ausgew\u00e4hlte Zimmertypen.<br \/>\nZur Zimmerausstattung geh\u00f6ren unter anderem Klimaanlage und Heizung, LCD-Flachbild-Satellitenfernseher und Radio, K\u00fchlschrank, Minibar, Haartrockner, Personenwaage, Schmink-\/Rasierspiegel, Badem\u00e4ntel und Hausschuhe, Safe, B\u00fcgelm\u00f6glichkeit, Espressomaschine sowie Tee- und Kaffeezubereitungsm\u00f6glichkeiten.<\/p>\n<p>Zu den Sport- und Freizeiteinrichtungen geh\u00f6ren 1 S\u00fc\u00dfwasser-Swimmingpool mit Whirlpool, 1 beheizter Innenpool mit Whirlpool, Innen- und Au\u00dfen-Kurzmatten-Bowlinganlagen und Au\u00dfen-Green-Bowls-Anlagen, ein Tennisplatz mit Flutlicht.<\/p>\n<p>Im Elixir Spa des Hotels gibt es einen beheizten Pool, eine Sauna, ein Dampfbad, einen voll ausgestatteten Fitnessraum und einen Friseursalon.<br \/>\nSie k\u00f6nnen auch aus einer guten Auswahl an professionellen Massagen und K\u00f6rperbehandlungen w\u00e4hlen.<br \/>\nGenie\u00dfen Sie ein feines Essen in den Restaurants des Hotels oder sogar ein romantisches Abendessen bei Kerzenschein!<\/p>\n<p>Die St. Andrew&#8217;s Rooftop Bar befindet sich im 5. Stock und bietet einen entspannten Rahmen, um ein erfrischendes Getr\u00e4nk zu genie\u00dfen, w\u00e4hrend Sie den atemberaubenden Blick auf das Meer genie\u00dfen. Es ist der perfekte Ort, um sich zu entspannen und den Sonnenuntergang \u00fcber dem Mittelmeer zu beobachten.<\/p>\n","protected":false},"excerpt":{"rendered":"<p>Das Constantinou Bros Pioneer Beach Hotel ist ein auf Erwachsene ausgerichtetes Vier-Sterne-Hotel am Strand von Kato Paphos, das sich in unmittelbarer N\u00e4he der touristischen und arch\u00e4ologischen Sehensw\u00fcrdigkeiten sowie der Restaurants, Bars und Gesch\u00e4fte befindet. Das Parken auf dem Hotelparkplatz ist f\u00fcr G\u00e4ste kostenlos. Das Hotel befindet sich 15 km vom internationalen Flughafen Paphos und 140<\/p>\n","protected":false},"author":1,"featured_media":1805,"parent":0,"menu_order":0,"comment_status":"closed","ping_status":"closed","template":"page-templates\/simple-list.php","meta":{"_acf_changed":false,"footnotes":""},"class_list":["post-1866","page","type-page","status-publish","has-post-thumbnail","hentry"],"acf":[],"yoast_head":"<!-- This site is optimized with the Yoast SEO plugin v27.3 - https:\/\/yoast.com\/product\/yoast-seo-wordpress\/ -->\n<title>Hotel nur f\u00fcr Erwachsene in Paphos, Zypern || Pioneer Beach Hotel<\/title>\n<meta name=\"description\" content=\"Das Pioneer Beach by Constantinou Bros ist ein 4-Sterne-Hotel nur f\u00fcr Erwachsene in Paphos, Zypern, f\u00fcr G\u00e4ste, die eine entspannte Umgebung f\u00fcr einen unvergesslichen Strandurlaub suchen.\" \/>\n<meta name=\"robots\" content=\"index, follow, max-snippet:-1, max-image-preview:large, max-video-preview:-1\" \/>\n<link rel=\"canonical\" href=\"https:\/\/www.pioneer-cbh.com\/de\/das-hotel\/\" \/>\n<meta property=\"og:locale\" content=\"de_DE\" \/>\n<meta property=\"og:type\" content=\"article\" \/>\n<meta property=\"og:title\" content=\"Hotel nur f\u00fcr Erwachsene in Paphos, Zypern || Pioneer Beach Hotel\" \/>\n<meta property=\"og:description\" content=\"Das Pioneer Beach by Constantinou Bros ist ein 4-Sterne-Hotel nur f\u00fcr Erwachsene in Paphos, Zypern, f\u00fcr G\u00e4ste, die eine entspannte Umgebung f\u00fcr einen unvergesslichen Strandurlaub suchen.\" \/>\n<meta property=\"og:url\" content=\"https:\/\/www.pioneer-cbh.com\/de\/das-hotel\/\" \/>\n<meta property=\"og:site_name\" content=\"Pioneer Beach Hotel\" \/>\n<meta property=\"article:modified_time\" content=\"2025-05-09T07:09:22+00:00\" \/>\n<meta property=\"og:image\" content=\"https:\/\/www.pioneer-cbh.com\/app\/uploads\/sites\/33\/2019\/05\/02-1-pioneer-beach-hotel-beach-with-no-couple_resized.jpg\" \/>\n\t<meta property=\"og:image:width\" content=\"1920\" \/>\n\t<meta property=\"og:image:height\" content=\"1426\" \/>\n\t<meta property=\"og:image:type\" content=\"image\/jpeg\" \/>\n<meta name=\"twitter:card\" content=\"summary_large_image\" \/>\n<meta name=\"twitter:label1\" content=\"Gesch\u00e4tzte Lesezeit\" \/>\n\t<meta name=\"twitter:data1\" content=\"2\u00a0Minuten\" \/>\n<script type=\"application\/ld+json\" class=\"yoast-schema-graph\">{\"@context\":\"https:\\\/\\\/schema.org\",\"@graph\":[{\"@type\":\"WebPage\",\"@id\":\"https:\\\/\\\/www.pioneer-cbh.com\\\/de\\\/das-hotel\\\/\",\"url\":\"https:\\\/\\\/www.pioneer-cbh.com\\\/de\\\/das-hotel\\\/\",\"name\":\"Hotel nur f\u00fcr Erwachsene in Paphos, Zypern || Pioneer Beach Hotel\",\"isPartOf\":{\"@id\":\"https:\\\/\\\/www.pioneer-cbh.com\\\/de\\\/#website\"},\"primaryImageOfPage\":{\"@id\":\"https:\\\/\\\/www.pioneer-cbh.com\\\/de\\\/das-hotel\\\/#primaryimage\"},\"image\":{\"@id\":\"https:\\\/\\\/www.pioneer-cbh.com\\\/de\\\/das-hotel\\\/#primaryimage\"},\"thumbnailUrl\":\"https:\\\/\\\/www.pioneer-cbh.com\\\/app\\\/uploads\\\/sites\\\/33\\\/2019\\\/05\\\/02-1-pioneer-beach-hotel-beach-with-no-couple_resized.jpg\",\"datePublished\":\"2019-05-16T10:08:41+00:00\",\"dateModified\":\"2025-05-09T07:09:22+00:00\",\"description\":\"Das Pioneer Beach by Constantinou Bros ist ein 4-Sterne-Hotel nur f\u00fcr Erwachsene in Paphos, Zypern, f\u00fcr G\u00e4ste, die eine entspannte Umgebung f\u00fcr einen unvergesslichen Strandurlaub suchen.\",\"breadcrumb\":{\"@id\":\"https:\\\/\\\/www.pioneer-cbh.com\\\/de\\\/das-hotel\\\/#breadcrumb\"},\"inLanguage\":\"de\",\"potentialAction\":[{\"@type\":\"ReadAction\",\"target\":[\"https:\\\/\\\/www.pioneer-cbh.com\\\/de\\\/das-hotel\\\/\"]}]},{\"@type\":\"ImageObject\",\"inLanguage\":\"de\",\"@id\":\"https:\\\/\\\/www.pioneer-cbh.com\\\/de\\\/das-hotel\\\/#primaryimage\",\"url\":\"https:\\\/\\\/www.pioneer-cbh.com\\\/app\\\/uploads\\\/sites\\\/33\\\/2019\\\/05\\\/02-1-pioneer-beach-hotel-beach-with-no-couple_resized.jpg\",\"contentUrl\":\"https:\\\/\\\/www.pioneer-cbh.com\\\/app\\\/uploads\\\/sites\\\/33\\\/2019\\\/05\\\/02-1-pioneer-beach-hotel-beach-with-no-couple_resized.jpg\",\"width\":1920,\"height\":1426},{\"@type\":\"BreadcrumbList\",\"@id\":\"https:\\\/\\\/www.pioneer-cbh.com\\\/de\\\/das-hotel\\\/#breadcrumb\",\"itemListElement\":[{\"@type\":\"ListItem\",\"position\":1,\"name\":\"Home\",\"item\":\"https:\\\/\\\/www.pioneer-cbh.com\\\/de\\\/\"},{\"@type\":\"ListItem\",\"position\":2,\"name\":\"Das Hotel\"}]},{\"@type\":\"WebSite\",\"@id\":\"https:\\\/\\\/www.pioneer-cbh.com\\\/de\\\/#website\",\"url\":\"https:\\\/\\\/www.pioneer-cbh.com\\\/de\\\/\",\"name\":\"Pioneer Beach Hotel\",\"description\":\"Constantinou Bros Pioneer Beach Hotel, 4 star hotel in Paphos Cyprus\",\"potentialAction\":[{\"@type\":\"SearchAction\",\"target\":{\"@type\":\"EntryPoint\",\"urlTemplate\":\"https:\\\/\\\/www.pioneer-cbh.com\\\/de\\\/?s={search_term_string}\"},\"query-input\":{\"@type\":\"PropertyValueSpecification\",\"valueRequired\":true,\"valueName\":\"search_term_string\"}}],\"inLanguage\":\"de\"}]}<\/script>\n<!-- \/ Yoast SEO plugin. -->","yoast_head_json":{"title":"Hotel nur f\u00fcr Erwachsene in Paphos, Zypern || Pioneer Beach Hotel","description":"Das Pioneer Beach by Constantinou Bros ist ein 4-Sterne-Hotel nur f\u00fcr Erwachsene in Paphos, Zypern, f\u00fcr G\u00e4ste, die eine entspannte Umgebung f\u00fcr einen unvergesslichen Strandurlaub suchen.","robots":{"index":"index","follow":"follow","max-snippet":"max-snippet:-1","max-image-preview":"max-image-preview:large","max-video-preview":"max-video-preview:-1"},"canonical":"https:\/\/www.pioneer-cbh.com\/de\/das-hotel\/","og_locale":"de_DE","og_type":"article","og_title":"Hotel nur f\u00fcr Erwachsene in Paphos, Zypern || Pioneer Beach Hotel","og_description":"Das Pioneer Beach by Constantinou Bros ist ein 4-Sterne-Hotel nur f\u00fcr Erwachsene in Paphos, Zypern, f\u00fcr G\u00e4ste, die eine entspannte Umgebung f\u00fcr einen unvergesslichen Strandurlaub suchen.","og_url":"https:\/\/www.pioneer-cbh.com\/de\/das-hotel\/","og_site_name":"Pioneer Beach Hotel","article_modified_time":"2025-05-09T07:09:22+00:00","og_image":[{"width":1920,"height":1426,"url":"https:\/\/www.pioneer-cbh.com\/app\/uploads\/sites\/33\/2019\/05\/02-1-pioneer-beach-hotel-beach-with-no-couple_resized.jpg","type":"image\/jpeg"}],"twitter_card":"summary_large_image","twitter_misc":{"Gesch\u00e4tzte Lesezeit":"2\u00a0Minuten"},"schema":{"@context":"https:\/\/schema.org","@graph":[{"@type":"WebPage","@id":"https:\/\/www.pioneer-cbh.com\/de\/das-hotel\/","url":"https:\/\/www.pioneer-cbh.com\/de\/das-hotel\/","name":"Hotel nur f\u00fcr Erwachsene in Paphos, Zypern || Pioneer Beach Hotel","isPartOf":{"@id":"https:\/\/www.pioneer-cbh.com\/de\/#website"},"primaryImageOfPage":{"@id":"https:\/\/www.pioneer-cbh.com\/de\/das-hotel\/#primaryimage"},"image":{"@id":"https:\/\/www.pioneer-cbh.com\/de\/das-hotel\/#primaryimage"},"thumbnailUrl":"https:\/\/www.pioneer-cbh.com\/app\/uploads\/sites\/33\/2019\/05\/02-1-pioneer-beach-hotel-beach-with-no-couple_resized.jpg","datePublished":"2019-05-16T10:08:41+00:00","dateModified":"2025-05-09T07:09:22+00:00","description":"Das Pioneer Beach by Constantinou Bros ist ein 4-Sterne-Hotel nur f\u00fcr Erwachsene in Paphos, Zypern, f\u00fcr G\u00e4ste, die eine entspannte Umgebung f\u00fcr einen unvergesslichen Strandurlaub suchen.","breadcrumb":{"@id":"https:\/\/www.pioneer-cbh.com\/de\/das-hotel\/#breadcrumb"},"inLanguage":"de","potentialAction":[{"@type":"ReadAction","target":["https:\/\/www.pioneer-cbh.com\/de\/das-hotel\/"]}]},{"@type":"ImageObject","inLanguage":"de","@id":"https:\/\/www.pioneer-cbh.com\/de\/das-hotel\/#primaryimage","url":"https:\/\/www.pioneer-cbh.com\/app\/uploads\/sites\/33\/2019\/05\/02-1-pioneer-beach-hotel-beach-with-no-couple_resized.jpg","contentUrl":"https:\/\/www.pioneer-cbh.com\/app\/uploads\/sites\/33\/2019\/05\/02-1-pioneer-beach-hotel-beach-with-no-couple_resized.jpg","width":1920,"height":1426},{"@type":"BreadcrumbList","@id":"https:\/\/www.pioneer-cbh.com\/de\/das-hotel\/#breadcrumb","itemListElement":[{"@type":"ListItem","position":1,"name":"Home","item":"https:\/\/www.pioneer-cbh.com\/de\/"},{"@type":"ListItem","position":2,"name":"Das Hotel"}]},{"@type":"WebSite","@id":"https:\/\/www.pioneer-cbh.com\/de\/#website","url":"https:\/\/www.pioneer-cbh.com\/de\/","name":"Pioneer Beach Hotel","description":"Constantinou Bros Pioneer Beach Hotel, 4 star hotel in Paphos Cyprus","potentialAction":[{"@type":"SearchAction","target":{"@type":"EntryPoint","urlTemplate":"https:\/\/www.pioneer-cbh.com\/de\/?s={search_term_string}"},"query-input":{"@type":"PropertyValueSpecification","valueRequired":true,"valueName":"search_term_string"}}],"inLanguage":"de"}]}},"_links":{"self":[{"href":"https:\/\/www.pioneer-cbh.com\/de\/wp-json\/wp\/v2\/pages\/1866","targetHints":{"allow":["GET"]}}],"collection":[{"href":"https:\/\/www.pioneer-cbh.com\/de\/wp-json\/wp\/v2\/pages"}],"about":[{"href":"https:\/\/www.pioneer-cbh.com\/de\/wp-json\/wp\/v2\/types\/page"}],"author":[{"embeddable":true,"href":"https:\/\/www.pioneer-cbh.com\/de\/wp-json\/wp\/v2\/users\/1"}],"replies":[{"embeddable":true,"href":"https:\/\/www.pioneer-cbh.com\/de\/wp-json\/wp\/v2\/comments?post=1866"}],"version-history":[{"count":6,"href":"https:\/\/www.pioneer-cbh.com\/de\/wp-json\/wp\/v2\/pages\/1866\/revisions"}],"predecessor-version":[{"id":12789,"href":"https:\/\/www.pioneer-cbh.com\/de\/wp-json\/wp\/v2\/pages\/1866\/revisions\/12789"}],"wp:featuredmedia":[{"embeddable":true,"href":"https:\/\/www.pioneer-cbh.com\/de\/wp-json\/wp\/v2\/media\/1805"}],"wp:attachment":[{"href":"https:\/\/www.pioneer-cbh.com\/de\/wp-json\/wp\/v2\/media?parent=1866"}],"curies":[{"name":"wp","href":"https:\/\/api.w.org\/{rel}","templated":true}]}}