{"id":1862,"date":"2019-05-16T13:08:40","date_gmt":"2019-05-16T10:08:40","guid":{"rendered":"http:\/\/pioneer-cbh.cms4.nelios.com\/home\/"},"modified":"2025-03-10T16:31:18","modified_gmt":"2025-03-10T13:31:18","slug":"zuhause","status":"publish","type":"page","link":"https:\/\/www.pioneer-cbh.com\/de\/","title":{"rendered":"Erleben Sie wahren Luxus direkt am Strand"},"content":{"rendered":"<p>Unser 4-Sterne-Hotel am Strand von Kato Paphos, das Ihren Urlaub auf Zypern zu einer wahren Sensation machen wird.<br \/>\nEs erwartet Sie eine Welt der Sensationen, in der Sie, obwohl Sie von einer Vielzahl von Einrichtungen umgeben sind, unseren pers\u00f6nlichen Ansatz der Gastfreundschaft erleben k\u00f6nnen.<\/p>\n<p style=\"text-align: center;\"><a href=\"https:\/\/www.pioneer-cbh.com\/the-hotel\/\">Mehr lesen<\/a><\/p>\n","protected":false},"excerpt":{"rendered":"<p>Unser 4-Sterne-Hotel am Strand von Kato Paphos, das Ihren Urlaub auf Zypern zu einer wahren Sensation machen wird. Es erwartet Sie eine Welt der Sensationen, in der Sie, obwohl Sie von einer Vielzahl von Einrichtungen umgeben sind, unseren pers\u00f6nlichen Ansatz der Gastfreundschaft erleben k\u00f6nnen. Mehr lesen<\/p>\n","protected":false},"author":1,"featured_media":7624,"parent":0,"menu_order":0,"comment_status":"closed","ping_status":"closed","template":"","meta":{"_acf_changed":false,"footnotes":""},"class_list":["post-1862","page","type-page","status-publish","has-post-thumbnail","hentry"],"acf":[],"yoast_head":"<!-- This site is optimized with the Yoast SEO plugin v27.5 - https:\/\/yoast.com\/product\/yoast-seo-wordpress\/ -->\n<title>Hotel am Strand von Paphos | Constantinou Bros Pioneer Beach Hotel<\/title>\n<meta name=\"description\" content=\"Das Constantinou Bros Pioneer Beach Hotel ist ein 4-Sterne-Hotel am Strand von Paphos f\u00fcr G\u00e4ste ab 16 Jahren, ideal f\u00fcr einen unvergesslichen Urlaub.\" \/>\n<meta name=\"robots\" content=\"index, follow, max-snippet:-1, max-image-preview:large, max-video-preview:-1\" \/>\n<link rel=\"canonical\" href=\"https:\/\/www.pioneer-cbh.com\/de\/\" \/>\n<meta property=\"og:locale\" content=\"de_DE\" \/>\n<meta property=\"og:type\" content=\"article\" \/>\n<meta property=\"og:title\" content=\"Hotel am Strand von Paphos | Constantinou Bros Pioneer Beach Hotel\" \/>\n<meta property=\"og:description\" content=\"Das Constantinou Bros Pioneer Beach Hotel ist ein 4-Sterne-Hotel am Strand von Paphos f\u00fcr G\u00e4ste ab 16 Jahren, ideal f\u00fcr einen unvergesslichen Urlaub.\" \/>\n<meta property=\"og:url\" content=\"https:\/\/www.pioneer-cbh.com\/de\/\" \/>\n<meta property=\"og:site_name\" content=\"Pioneer Beach Hotel\" \/>\n<meta property=\"article:modified_time\" content=\"2025-03-10T13:31:18+00:00\" \/>\n<meta property=\"og:image\" content=\"https:\/\/www.pioneer-cbh.com\/app\/uploads\/sites\/33\/2022\/07\/2-PIONEER-BEACH-HOTEL-BEACH-COUPLE-scaled.jpg\" \/>\n\t<meta property=\"og:image:width\" content=\"2560\" \/>\n\t<meta property=\"og:image:height\" content=\"1902\" \/>\n\t<meta property=\"og:image:type\" content=\"image\/jpeg\" \/>\n<meta name=\"twitter:card\" content=\"summary_large_image\" \/>\n<meta name=\"twitter:label1\" content=\"Gesch\u00e4tzte Lesezeit\" \/>\n\t<meta name=\"twitter:data1\" content=\"1\u00a0Minute\" \/>\n<script type=\"application\/ld+json\" class=\"yoast-schema-graph\">{\"@context\":\"https:\\\/\\\/schema.org\",\"@graph\":[{\"@type\":\"WebPage\",\"@id\":\"https:\\\/\\\/www.pioneer-cbh.com\\\/de\\\/\",\"url\":\"https:\\\/\\\/www.pioneer-cbh.com\\\/de\\\/\",\"name\":\"Hotel am Strand von Paphos | Constantinou Bros Pioneer Beach Hotel\",\"isPartOf\":{\"@id\":\"https:\\\/\\\/www.pioneer-cbh.com\\\/de\\\/#website\"},\"primaryImageOfPage\":{\"@id\":\"https:\\\/\\\/www.pioneer-cbh.com\\\/de\\\/#primaryimage\"},\"image\":{\"@id\":\"https:\\\/\\\/www.pioneer-cbh.com\\\/de\\\/#primaryimage\"},\"thumbnailUrl\":\"https:\\\/\\\/www.pioneer-cbh.com\\\/app\\\/uploads\\\/sites\\\/33\\\/2022\\\/07\\\/2-PIONEER-BEACH-HOTEL-BEACH-COUPLE-scaled.jpg\",\"datePublished\":\"2019-05-16T10:08:40+00:00\",\"dateModified\":\"2025-03-10T13:31:18+00:00\",\"description\":\"Das Constantinou Bros Pioneer Beach Hotel ist ein 4-Sterne-Hotel am Strand von Paphos f\u00fcr G\u00e4ste ab 16 Jahren, ideal f\u00fcr einen unvergesslichen Urlaub.\",\"breadcrumb\":{\"@id\":\"https:\\\/\\\/www.pioneer-cbh.com\\\/de\\\/#breadcrumb\"},\"inLanguage\":\"de\",\"potentialAction\":[{\"@type\":\"ReadAction\",\"target\":[\"https:\\\/\\\/www.pioneer-cbh.com\\\/de\\\/\"]}]},{\"@type\":\"ImageObject\",\"inLanguage\":\"de\",\"@id\":\"https:\\\/\\\/www.pioneer-cbh.com\\\/de\\\/#primaryimage\",\"url\":\"https:\\\/\\\/www.pioneer-cbh.com\\\/app\\\/uploads\\\/sites\\\/33\\\/2022\\\/07\\\/2-PIONEER-BEACH-HOTEL-BEACH-COUPLE-scaled.jpg\",\"contentUrl\":\"https:\\\/\\\/www.pioneer-cbh.com\\\/app\\\/uploads\\\/sites\\\/33\\\/2022\\\/07\\\/2-PIONEER-BEACH-HOTEL-BEACH-COUPLE-scaled.jpg\",\"width\":2560,\"height\":1902},{\"@type\":\"BreadcrumbList\",\"@id\":\"https:\\\/\\\/www.pioneer-cbh.com\\\/de\\\/#breadcrumb\",\"itemListElement\":[{\"@type\":\"ListItem\",\"position\":1,\"name\":\"Home\",\"item\":\"https:\\\/\\\/www.pioneer-cbh.com\\\/de\\\/\"},{\"@type\":\"ListItem\",\"position\":2,\"name\":\"Erleben Sie wahren Luxus direkt am Strand\"}]},{\"@type\":\"WebSite\",\"@id\":\"https:\\\/\\\/www.pioneer-cbh.com\\\/de\\\/#website\",\"url\":\"https:\\\/\\\/www.pioneer-cbh.com\\\/de\\\/\",\"name\":\"Pioneer Beach Hotel\",\"description\":\"Constantinou Bros Pioneer Beach Hotel, 4 star hotel in Paphos Cyprus\",\"potentialAction\":[{\"@type\":\"SearchAction\",\"target\":{\"@type\":\"EntryPoint\",\"urlTemplate\":\"https:\\\/\\\/www.pioneer-cbh.com\\\/de\\\/?s={search_term_string}\"},\"query-input\":{\"@type\":\"PropertyValueSpecification\",\"valueRequired\":true,\"valueName\":\"search_term_string\"}}],\"inLanguage\":\"de\"}]}<\/script>\n<!-- \/ Yoast SEO plugin. -->","yoast_head_json":{"title":"Hotel am Strand von Paphos | Constantinou Bros Pioneer Beach Hotel","description":"Das Constantinou Bros Pioneer Beach Hotel ist ein 4-Sterne-Hotel am Strand von Paphos f\u00fcr G\u00e4ste ab 16 Jahren, ideal f\u00fcr einen unvergesslichen Urlaub.","robots":{"index":"index","follow":"follow","max-snippet":"max-snippet:-1","max-image-preview":"max-image-preview:large","max-video-preview":"max-video-preview:-1"},"canonical":"https:\/\/www.pioneer-cbh.com\/de\/","og_locale":"de_DE","og_type":"article","og_title":"Hotel am Strand von Paphos | Constantinou Bros Pioneer Beach Hotel","og_description":"Das Constantinou Bros Pioneer Beach Hotel ist ein 4-Sterne-Hotel am Strand von Paphos f\u00fcr G\u00e4ste ab 16 Jahren, ideal f\u00fcr einen unvergesslichen Urlaub.","og_url":"https:\/\/www.pioneer-cbh.com\/de\/","og_site_name":"Pioneer Beach Hotel","article_modified_time":"2025-03-10T13:31:18+00:00","og_image":[{"width":2560,"height":1902,"url":"https:\/\/www.pioneer-cbh.com\/app\/uploads\/sites\/33\/2022\/07\/2-PIONEER-BEACH-HOTEL-BEACH-COUPLE-scaled.jpg","type":"image\/jpeg"}],"twitter_card":"summary_large_image","twitter_misc":{"Gesch\u00e4tzte Lesezeit":"1\u00a0Minute"},"schema":{"@context":"https:\/\/schema.org","@graph":[{"@type":"WebPage","@id":"https:\/\/www.pioneer-cbh.com\/de\/","url":"https:\/\/www.pioneer-cbh.com\/de\/","name":"Hotel am Strand von Paphos | Constantinou Bros Pioneer Beach Hotel","isPartOf":{"@id":"https:\/\/www.pioneer-cbh.com\/de\/#website"},"primaryImageOfPage":{"@id":"https:\/\/www.pioneer-cbh.com\/de\/#primaryimage"},"image":{"@id":"https:\/\/www.pioneer-cbh.com\/de\/#primaryimage"},"thumbnailUrl":"https:\/\/www.pioneer-cbh.com\/app\/uploads\/sites\/33\/2022\/07\/2-PIONEER-BEACH-HOTEL-BEACH-COUPLE-scaled.jpg","datePublished":"2019-05-16T10:08:40+00:00","dateModified":"2025-03-10T13:31:18+00:00","description":"Das Constantinou Bros Pioneer Beach Hotel ist ein 4-Sterne-Hotel am Strand von Paphos f\u00fcr G\u00e4ste ab 16 Jahren, ideal f\u00fcr einen unvergesslichen Urlaub.","breadcrumb":{"@id":"https:\/\/www.pioneer-cbh.com\/de\/#breadcrumb"},"inLanguage":"de","potentialAction":[{"@type":"ReadAction","target":["https:\/\/www.pioneer-cbh.com\/de\/"]}]},{"@type":"ImageObject","inLanguage":"de","@id":"https:\/\/www.pioneer-cbh.com\/de\/#primaryimage","url":"https:\/\/www.pioneer-cbh.com\/app\/uploads\/sites\/33\/2022\/07\/2-PIONEER-BEACH-HOTEL-BEACH-COUPLE-scaled.jpg","contentUrl":"https:\/\/www.pioneer-cbh.com\/app\/uploads\/sites\/33\/2022\/07\/2-PIONEER-BEACH-HOTEL-BEACH-COUPLE-scaled.jpg","width":2560,"height":1902},{"@type":"BreadcrumbList","@id":"https:\/\/www.pioneer-cbh.com\/de\/#breadcrumb","itemListElement":[{"@type":"ListItem","position":1,"name":"Home","item":"https:\/\/www.pioneer-cbh.com\/de\/"},{"@type":"ListItem","position":2,"name":"Erleben Sie wahren Luxus direkt am Strand"}]},{"@type":"WebSite","@id":"https:\/\/www.pioneer-cbh.com\/de\/#website","url":"https:\/\/www.pioneer-cbh.com\/de\/","name":"Pioneer Beach Hotel","description":"Constantinou Bros Pioneer Beach Hotel, 4 star hotel in Paphos Cyprus","potentialAction":[{"@type":"SearchAction","target":{"@type":"EntryPoint","urlTemplate":"https:\/\/www.pioneer-cbh.com\/de\/?s={search_term_string}"},"query-input":{"@type":"PropertyValueSpecification","valueRequired":true,"valueName":"search_term_string"}}],"inLanguage":"de"}]}},"_links":{"self":[{"href":"https:\/\/www.pioneer-cbh.com\/de\/wp-json\/wp\/v2\/pages\/1862","targetHints":{"allow":["GET"]}}],"collection":[{"href":"https:\/\/www.pioneer-cbh.com\/de\/wp-json\/wp\/v2\/pages"}],"about":[{"href":"https:\/\/www.pioneer-cbh.com\/de\/wp-json\/wp\/v2\/types\/page"}],"author":[{"embeddable":true,"href":"https:\/\/www.pioneer-cbh.com\/de\/wp-json\/wp\/v2\/users\/1"}],"replies":[{"embeddable":true,"href":"https:\/\/www.pioneer-cbh.com\/de\/wp-json\/wp\/v2\/comments?post=1862"}],"version-history":[{"count":18,"href":"https:\/\/www.pioneer-cbh.com\/de\/wp-json\/wp\/v2\/pages\/1862\/revisions"}],"predecessor-version":[{"id":12729,"href":"https:\/\/www.pioneer-cbh.com\/de\/wp-json\/wp\/v2\/pages\/1862\/revisions\/12729"}],"wp:featuredmedia":[{"embeddable":true,"href":"https:\/\/www.pioneer-cbh.com\/de\/wp-json\/wp\/v2\/media\/7624"}],"wp:attachment":[{"href":"https:\/\/www.pioneer-cbh.com\/de\/wp-json\/wp\/v2\/media?parent=1862"}],"curies":[{"name":"wp","href":"https:\/\/api.w.org\/{rel}","templated":true}]}}