{"id":11571,"date":"2024-07-23T11:34:43","date_gmt":"2024-07-23T08:34:43","guid":{"rendered":"https:\/\/www.pioneer-cbh.com\/nachrichten\/covid-19-update-2\/"},"modified":"2024-09-17T17:48:25","modified_gmt":"2024-09-17T14:48:25","slug":"covid-19-update-2","status":"publish","type":"page","link":"https:\/\/www.pioneer-cbh.com\/de\/nachrichten\/covid-19-update-2\/","title":{"rendered":"COVID-19 UPDATE"},"content":{"rendered":"<p style=\"text-align: left;\"><strong><em>Am Ende des Tunnels taucht immer wieder ein goldener Lichtstrahl auf&#8230;<\/em><\/strong><\/p>\n<p style=\"text-align: left;\">Zypern, wie auch der Rest der Welt, wurde ebenfalls zu einem kompletten &#8222;Lock Down&#8220; gezwungen, um die Ausbreitung von COVID-19 zu verhindern. Seit dem ersten auf der Insel gemeldeten Fall wurden strikte Ma\u00dfnahmen ergriffen, um die Ausbreitung des Virus einzud\u00e4mmen und eine schnelle Beseitigung dieser beispiellosen Situation zu gew\u00e4hrleisten.<\/p>\n<p style=\"text-align: left;\">Alle Einreiseh\u00e4fen wurden vollst\u00e4ndig abgeriegelt und die Gesch\u00e4fte (mit Ausnahme von Superm\u00e4rkten, Apotheken und lebenswichtigen Dienstleistungen), sowohl im privaten als auch im \u00f6ffentlichen Sektor, kamen vollst\u00e4ndig zum Stillstand. Die Erlaubnis, einmal am Tag auszugehen, wurde von der Regierung \u00fcber eine Genehmigungs-SMS erteilt und eine abendliche Ausgangssperre wurde von 21 Uhr bis 6 Uhr morgens durchgesetzt.<\/p>\n<p style=\"text-align: left;\">Die Reise war sehr beschwerlich, aber die strengen Beschr\u00e4nkungen waren unsere M\u00fche wert. Ab Montag, dem<sup>4.<\/sup> Mai, haben wir gr\u00fcnes Licht f\u00fcr <strong>Phase 1<\/strong> der Lockerung des Lockdowns bekommen!<\/p>\n<p style=\"text-align: left;\">Unter anderem wurden nach und nach kleine L\u00e4den und bestimmte Gesch\u00e4fte, darunter auch Reiseb\u00fcros, unter strengen Hygiene- und sozialen Distanzierungsma\u00dfnahmen er\u00f6ffnet. Es ist jedoch nach wie vor erforderlich, per SMS eine Erlaubnis zum Ausgehen einzuholen, und die abendliche Ausgangssperre wurde um eine Stunde nach hinten verschoben (22 Uhr auf 6 Uhr).<\/p>\n<p style=\"text-align: left;\">Wenn es uns gelingt, die Zahl der neuen F\u00e4lle auf eine einstellige Zahl zu begrenzen, wird <strong>Phase 2<\/strong> des &#8222;Weges zur Beendigung des Lockdowns&#8220; zwischen dem<sup>21.<\/sup> Mai und dem<sup>8.<\/sup> Juni umgesetzt werden. Dazu geh\u00f6rt die Wiederer\u00f6ffnung von Friseur- und Sch\u00f6nheitssalons, Au\u00dfengastronomie, Museen und arch\u00e4ologischen St\u00e4tten, um nur einige zu nennen. Die Bewegungserlaubnis per SMS wird vollst\u00e4ndig abgeschafft, einschlie\u00dflich der individuellen Bewegung zwischen 22.00 und 6.00 Uhr&#8230;allerdings werden nur noch Versammlungen von maximal 10 Personen erlaubt sein.<\/p>\n<p style=\"text-align: left;\">In <strong>Phase 3<\/strong> (<sup>9.<\/sup> Juni &#8211;<sup>13.<\/sup> Juli) werden h\u00f6chstwahrscheinlich weitere Einrichtungen wie Flugh\u00e4fen (schrittweise und bedingt), Hotels und Str\u00e4nde sowie Innen- und Au\u00dfengastronomie ge\u00f6ffnet und alle Beschr\u00e4nkungen der Freiz\u00fcgigkeit abgeschafft. Nat\u00fcrlich wird dieser sehr wichtige Schritt umfassende Hygiene- und Schutzma\u00dfnahmen sowohl f\u00fcr die Besucher Zyperns als auch f\u00fcr das Personal in allen betroffenen Einrichtungen mit sich bringen. Der stellvertretende Tourismusminister arbeitet bereits zusammen mit dem Vorstand des zypriotischen Hotelierverbands und den Hoteliers der Insel an einer wirksamen Kampagne, die umgesetzt werden soll.<\/p>\n<p style=\"text-align: left;\">In <strong>Phase 4<\/strong> (ab dem<sup>14.<\/sup> Juli) werden alle Theater, Kinos, Festivals, Kasinos usw. wieder f\u00fcr die \u00d6ffentlichkeit zug\u00e4nglich sein.<\/p>\n<p style=\"text-align: left;\">Die R\u00fcckkehr zur &#8222;Normalit\u00e4t&#8220; wird sicherlich schrittweise erfolgen. Wir m\u00f6chten Ihnen jedoch versichern, dass die Constantinou Bros Hotels \u00fcberarbeitete Ma\u00dfnahmen ergriffen und noch strengere Protokolle eingef\u00fchrt haben, um sicherzustellen, dass die Gesundheit und das Wohlbefinden unserer G\u00e4ste bei der Wiederaufnahme des Betriebs unserer Hotels gesichert sind, sobald gr\u00fcnes Licht gegeben wurde.<\/p>\n<p style=\"text-align: left;\">Bitte bleiben Sie sicher&#8230; wir freuen uns schon darauf, Sie alle bald wieder im sonnigen Paphos zu sehen&#8230;<\/p>\n","protected":false},"excerpt":{"rendered":"<p>Am Ende des Tunnels taucht immer wieder ein goldener Lichtstrahl auf&#8230; Zypern, wie auch der Rest der Welt, wurde ebenfalls zu einem kompletten &#8222;Lock Down&#8220; gezwungen, um die Ausbreitung von COVID-19 zu verhindern. Seit dem ersten auf der Insel gemeldeten Fall wurden strikte Ma\u00dfnahmen ergriffen, um die Ausbreitung des Virus einzud\u00e4mmen und eine schnelle Beseitigung<\/p>\n","protected":false},"author":100,"featured_media":2915,"parent":2111,"menu_order":0,"comment_status":"closed","ping_status":"closed","template":"","meta":{"_acf_changed":false,"footnotes":""},"class_list":["post-11571","page","type-page","status-publish","has-post-thumbnail","hentry"],"acf":[],"yoast_head":"<!-- This site is optimized with the Yoast SEO plugin v27.5 - https:\/\/yoast.com\/product\/yoast-seo-wordpress\/ -->\n<title>COVID-19 UPDATE - Pioneer Beach Hotel<\/title>\n<meta name=\"robots\" content=\"index, follow, max-snippet:-1, max-image-preview:large, max-video-preview:-1\" \/>\n<link rel=\"canonical\" href=\"https:\/\/www.pioneer-cbh.com\/de\/nachrichten\/covid-19-update-2\/\" \/>\n<meta property=\"og:locale\" content=\"de_DE\" \/>\n<meta property=\"og:type\" content=\"article\" \/>\n<meta property=\"og:title\" content=\"COVID-19 UPDATE - Pioneer Beach Hotel\" \/>\n<meta property=\"og:description\" content=\"Am Ende des Tunnels taucht immer wieder ein goldener Lichtstrahl auf&#8230; Zypern, wie auch der Rest der Welt, wurde ebenfalls zu einem kompletten &#8222;Lock Down&#8220; gezwungen, um die Ausbreitung von COVID-19 zu verhindern. Seit dem ersten auf der Insel gemeldeten Fall wurden strikte Ma\u00dfnahmen ergriffen, um die Ausbreitung des Virus einzud\u00e4mmen und eine schnelle Beseitigung\" \/>\n<meta property=\"og:url\" content=\"https:\/\/www.pioneer-cbh.com\/de\/nachrichten\/covid-19-update-2\/\" \/>\n<meta property=\"og:site_name\" content=\"Pioneer Beach Hotel\" \/>\n<meta property=\"article:modified_time\" content=\"2024-09-17T14:48:25+00:00\" \/>\n<meta property=\"og:image\" content=\"https:\/\/www.pioneer-cbh.com\/app\/uploads\/sites\/33\/2020\/05\/Polish_20200507_214138271.jpg\" \/>\n\t<meta property=\"og:image:width\" content=\"1920\" \/>\n\t<meta property=\"og:image:height\" content=\"1920\" \/>\n\t<meta property=\"og:image:type\" content=\"image\/jpeg\" \/>\n<meta name=\"twitter:card\" content=\"summary_large_image\" \/>\n<meta name=\"twitter:label1\" content=\"Gesch\u00e4tzte Lesezeit\" \/>\n\t<meta name=\"twitter:data1\" content=\"3\u00a0Minuten\" \/>\n<script type=\"application\/ld+json\" class=\"yoast-schema-graph\">{\"@context\":\"https:\\\/\\\/schema.org\",\"@graph\":[{\"@type\":\"WebPage\",\"@id\":\"https:\\\/\\\/www.pioneer-cbh.com\\\/de\\\/nachrichten\\\/covid-19-update-2\\\/\",\"url\":\"https:\\\/\\\/www.pioneer-cbh.com\\\/de\\\/nachrichten\\\/covid-19-update-2\\\/\",\"name\":\"COVID-19 UPDATE - Pioneer Beach Hotel\",\"isPartOf\":{\"@id\":\"https:\\\/\\\/www.pioneer-cbh.com\\\/de\\\/#website\"},\"primaryImageOfPage\":{\"@id\":\"https:\\\/\\\/www.pioneer-cbh.com\\\/de\\\/nachrichten\\\/covid-19-update-2\\\/#primaryimage\"},\"image\":{\"@id\":\"https:\\\/\\\/www.pioneer-cbh.com\\\/de\\\/nachrichten\\\/covid-19-update-2\\\/#primaryimage\"},\"thumbnailUrl\":\"https:\\\/\\\/www.pioneer-cbh.com\\\/app\\\/uploads\\\/sites\\\/33\\\/2020\\\/05\\\/Polish_20200507_214138271.jpg\",\"datePublished\":\"2024-07-23T08:34:43+00:00\",\"dateModified\":\"2024-09-17T14:48:25+00:00\",\"breadcrumb\":{\"@id\":\"https:\\\/\\\/www.pioneer-cbh.com\\\/de\\\/nachrichten\\\/covid-19-update-2\\\/#breadcrumb\"},\"inLanguage\":\"de\",\"potentialAction\":[{\"@type\":\"ReadAction\",\"target\":[\"https:\\\/\\\/www.pioneer-cbh.com\\\/de\\\/nachrichten\\\/covid-19-update-2\\\/\"]}]},{\"@type\":\"ImageObject\",\"inLanguage\":\"de\",\"@id\":\"https:\\\/\\\/www.pioneer-cbh.com\\\/de\\\/nachrichten\\\/covid-19-update-2\\\/#primaryimage\",\"url\":\"https:\\\/\\\/www.pioneer-cbh.com\\\/app\\\/uploads\\\/sites\\\/33\\\/2020\\\/05\\\/Polish_20200507_214138271.jpg\",\"contentUrl\":\"https:\\\/\\\/www.pioneer-cbh.com\\\/app\\\/uploads\\\/sites\\\/33\\\/2020\\\/05\\\/Polish_20200507_214138271.jpg\",\"width\":1920,\"height\":1920},{\"@type\":\"BreadcrumbList\",\"@id\":\"https:\\\/\\\/www.pioneer-cbh.com\\\/de\\\/nachrichten\\\/covid-19-update-2\\\/#breadcrumb\",\"itemListElement\":[{\"@type\":\"ListItem\",\"position\":1,\"name\":\"Home\",\"item\":\"https:\\\/\\\/www.pioneer-cbh.com\\\/de\\\/\"},{\"@type\":\"ListItem\",\"position\":2,\"name\":\"BLOG\",\"item\":\"https:\\\/\\\/www.pioneer-cbh.com\\\/de\\\/nachrichten\\\/\"},{\"@type\":\"ListItem\",\"position\":3,\"name\":\"COVID-19 UPDATE\"}]},{\"@type\":\"WebSite\",\"@id\":\"https:\\\/\\\/www.pioneer-cbh.com\\\/de\\\/#website\",\"url\":\"https:\\\/\\\/www.pioneer-cbh.com\\\/de\\\/\",\"name\":\"Pioneer Beach Hotel\",\"description\":\"Constantinou Bros Pioneer Beach Hotel, 4 star hotel in Paphos Cyprus\",\"potentialAction\":[{\"@type\":\"SearchAction\",\"target\":{\"@type\":\"EntryPoint\",\"urlTemplate\":\"https:\\\/\\\/www.pioneer-cbh.com\\\/de\\\/?s={search_term_string}\"},\"query-input\":{\"@type\":\"PropertyValueSpecification\",\"valueRequired\":true,\"valueName\":\"search_term_string\"}}],\"inLanguage\":\"de\"}]}<\/script>\n<!-- \/ Yoast SEO plugin. -->","yoast_head_json":{"title":"COVID-19 UPDATE - Pioneer Beach Hotel","robots":{"index":"index","follow":"follow","max-snippet":"max-snippet:-1","max-image-preview":"max-image-preview:large","max-video-preview":"max-video-preview:-1"},"canonical":"https:\/\/www.pioneer-cbh.com\/de\/nachrichten\/covid-19-update-2\/","og_locale":"de_DE","og_type":"article","og_title":"COVID-19 UPDATE - Pioneer Beach Hotel","og_description":"Am Ende des Tunnels taucht immer wieder ein goldener Lichtstrahl auf&#8230; Zypern, wie auch der Rest der Welt, wurde ebenfalls zu einem kompletten &#8222;Lock Down&#8220; gezwungen, um die Ausbreitung von COVID-19 zu verhindern. Seit dem ersten auf der Insel gemeldeten Fall wurden strikte Ma\u00dfnahmen ergriffen, um die Ausbreitung des Virus einzud\u00e4mmen und eine schnelle Beseitigung","og_url":"https:\/\/www.pioneer-cbh.com\/de\/nachrichten\/covid-19-update-2\/","og_site_name":"Pioneer Beach Hotel","article_modified_time":"2024-09-17T14:48:25+00:00","og_image":[{"width":1920,"height":1920,"url":"https:\/\/www.pioneer-cbh.com\/app\/uploads\/sites\/33\/2020\/05\/Polish_20200507_214138271.jpg","type":"image\/jpeg"}],"twitter_card":"summary_large_image","twitter_misc":{"Gesch\u00e4tzte Lesezeit":"3\u00a0Minuten"},"schema":{"@context":"https:\/\/schema.org","@graph":[{"@type":"WebPage","@id":"https:\/\/www.pioneer-cbh.com\/de\/nachrichten\/covid-19-update-2\/","url":"https:\/\/www.pioneer-cbh.com\/de\/nachrichten\/covid-19-update-2\/","name":"COVID-19 UPDATE - Pioneer Beach Hotel","isPartOf":{"@id":"https:\/\/www.pioneer-cbh.com\/de\/#website"},"primaryImageOfPage":{"@id":"https:\/\/www.pioneer-cbh.com\/de\/nachrichten\/covid-19-update-2\/#primaryimage"},"image":{"@id":"https:\/\/www.pioneer-cbh.com\/de\/nachrichten\/covid-19-update-2\/#primaryimage"},"thumbnailUrl":"https:\/\/www.pioneer-cbh.com\/app\/uploads\/sites\/33\/2020\/05\/Polish_20200507_214138271.jpg","datePublished":"2024-07-23T08:34:43+00:00","dateModified":"2024-09-17T14:48:25+00:00","breadcrumb":{"@id":"https:\/\/www.pioneer-cbh.com\/de\/nachrichten\/covid-19-update-2\/#breadcrumb"},"inLanguage":"de","potentialAction":[{"@type":"ReadAction","target":["https:\/\/www.pioneer-cbh.com\/de\/nachrichten\/covid-19-update-2\/"]}]},{"@type":"ImageObject","inLanguage":"de","@id":"https:\/\/www.pioneer-cbh.com\/de\/nachrichten\/covid-19-update-2\/#primaryimage","url":"https:\/\/www.pioneer-cbh.com\/app\/uploads\/sites\/33\/2020\/05\/Polish_20200507_214138271.jpg","contentUrl":"https:\/\/www.pioneer-cbh.com\/app\/uploads\/sites\/33\/2020\/05\/Polish_20200507_214138271.jpg","width":1920,"height":1920},{"@type":"BreadcrumbList","@id":"https:\/\/www.pioneer-cbh.com\/de\/nachrichten\/covid-19-update-2\/#breadcrumb","itemListElement":[{"@type":"ListItem","position":1,"name":"Home","item":"https:\/\/www.pioneer-cbh.com\/de\/"},{"@type":"ListItem","position":2,"name":"BLOG","item":"https:\/\/www.pioneer-cbh.com\/de\/nachrichten\/"},{"@type":"ListItem","position":3,"name":"COVID-19 UPDATE"}]},{"@type":"WebSite","@id":"https:\/\/www.pioneer-cbh.com\/de\/#website","url":"https:\/\/www.pioneer-cbh.com\/de\/","name":"Pioneer Beach Hotel","description":"Constantinou Bros Pioneer Beach Hotel, 4 star hotel in Paphos Cyprus","potentialAction":[{"@type":"SearchAction","target":{"@type":"EntryPoint","urlTemplate":"https:\/\/www.pioneer-cbh.com\/de\/?s={search_term_string}"},"query-input":{"@type":"PropertyValueSpecification","valueRequired":true,"valueName":"search_term_string"}}],"inLanguage":"de"}]}},"_links":{"self":[{"href":"https:\/\/www.pioneer-cbh.com\/de\/wp-json\/wp\/v2\/pages\/11571","targetHints":{"allow":["GET"]}}],"collection":[{"href":"https:\/\/www.pioneer-cbh.com\/de\/wp-json\/wp\/v2\/pages"}],"about":[{"href":"https:\/\/www.pioneer-cbh.com\/de\/wp-json\/wp\/v2\/types\/page"}],"author":[{"embeddable":true,"href":"https:\/\/www.pioneer-cbh.com\/de\/wp-json\/wp\/v2\/users\/100"}],"replies":[{"embeddable":true,"href":"https:\/\/www.pioneer-cbh.com\/de\/wp-json\/wp\/v2\/comments?post=11571"}],"version-history":[{"count":1,"href":"https:\/\/www.pioneer-cbh.com\/de\/wp-json\/wp\/v2\/pages\/11571\/revisions"}],"predecessor-version":[{"id":12484,"href":"https:\/\/www.pioneer-cbh.com\/de\/wp-json\/wp\/v2\/pages\/11571\/revisions\/12484"}],"up":[{"embeddable":true,"href":"https:\/\/www.pioneer-cbh.com\/de\/wp-json\/wp\/v2\/pages\/2111"}],"wp:featuredmedia":[{"embeddable":true,"href":"https:\/\/www.pioneer-cbh.com\/de\/wp-json\/wp\/v2\/media\/2915"}],"wp:attachment":[{"href":"https:\/\/www.pioneer-cbh.com\/de\/wp-json\/wp\/v2\/media?parent=11571"}],"curies":[{"name":"wp","href":"https:\/\/api.w.org\/{rel}","templated":true}]}}