{"id":10820,"date":"2023-09-19T11:05:56","date_gmt":"2023-09-19T08:05:56","guid":{"rendered":"https:\/\/www.pioneer-cbh.com\/sustainability\/"},"modified":"2026-01-26T12:48:24","modified_gmt":"2026-01-26T09:48:24","slug":"sustainability","status":"publish","type":"page","link":"https:\/\/www.pioneer-cbh.com\/de\/sustainability\/","title":{"rendered":"Nachhaltigkeit"},"content":{"rendered":"<p>Das Pioneer Beach Hotel, das zu den Constantinou Bros Hotels geh\u00f6rt, ist ein zertifiziertes gr\u00fcnes Hotel in Paphos und liegt direkt am Wasser an einem Sandstrand.<\/p>\n<p>Die Gold-Zertifizierung von Travelife belegt unsere hohen Standards in den Bereichen Menschenrechte, Arbeitsbedingungen, gesellschaftliches Engagement, Umweltauswirkungen und Nachhaltigkeit.<\/p>\n<p>Wir freuen uns sehr \u00fcber diese Auszeichnung, denn sie ist das Ergebnis zahlreicher Bem\u00fchungen, unseren G\u00e4sten das bestm\u00f6gliche Erlebnis zu bieten und gleichzeitig die Umwelt zu sch\u00fctzen.<\/p>\n<p><img loading=\"lazy\" decoding=\"async\" class=\"size-medium wp-image-9929 aligncenter\" src=\"https:\/\/www.pioneer-cbh.com\/app\/uploads\/sites\/33\/2023\/03\/Travelife-Gold-2-600x323.jpg\" alt=\"\" width=\"600\" height=\"323\" srcset=\"https:\/\/www.pioneer-cbh.com\/app\/uploads\/sites\/33\/2023\/03\/Travelife-Gold-2-600x323.jpg 600w, https:\/\/www.pioneer-cbh.com\/app\/uploads\/sites\/33\/2023\/03\/Travelife-Gold-2-768x413.jpg 768w, https:\/\/www.pioneer-cbh.com\/app\/uploads\/sites\/33\/2023\/03\/Travelife-Gold-2-1536x826.jpg 1536w, https:\/\/www.pioneer-cbh.com\/app\/uploads\/sites\/33\/2023\/03\/Travelife-Gold-2-1488x800.jpg 1488w, https:\/\/www.pioneer-cbh.com\/app\/uploads\/sites\/33\/2023\/03\/Travelife-Gold-2.jpg 1920w\" sizes=\"auto, (max-width: 600px) 100vw, 600px\" \/><\/p>\n<p>Es erf\u00fcllt uns mit Stolz, dass unser gr\u00fcnes Hotel in Paphos, das Pioneer Beach Hotel, nun offiziell Teil des Wandels in der globalen Gastgewerbekultur hin zu einem in jeder Hinsicht nachhaltigeren Entwicklungsmodell ist.<\/p>\n<p><b>Unsere Nachhaltigkeitspraktiken auf einen Blick:<\/b><b><\/b><\/p>\n<p>&nbsp;<\/p>\n<p><b>Umweltpolitische Ma\u00dfnahmen:<\/b><b><br \/>\n<\/b>Durch den Einsatz eines Energiesparsystems sind wir in der Lage, die Umweltleistung unseres Hotels zu \u00fcberwachen und besser zu verstehen und die Auswirkungen des Hotelbetriebs abzumildern, z. B. durch die Reduzierung von Abf\u00e4llen und deren Verwaltung bei gleichzeitiger Schonung der nat\u00fcrlichen Ressourcen.<\/p>\n<p>&nbsp;<\/p>\n<p><b>F&amp;B Sicherheit:<\/b><\/p>\n<p>Wir beziehen die besten Rohstoffe und Komponenten f\u00fcr unsere Speisen und Getr\u00e4nke und stellen sicher, dass alle Gefahren f\u00fcr die Lebensmittelsicherheit durch unser Lebensmittelsicherheitsmanagement erkannt, bewertet und bek\u00e4mpft werden.<\/p>\n<p>&nbsp;<\/p>\n<p><b>Ma\u00dfnahmen der Gemeinschaft: <\/b><\/p>\n<p>Wir unterst\u00fctzen die Gemeinde, die unser gr\u00fcnes Hotel in Paphos umgibt, wann und wo immer wir k\u00f6nnen, mit finanziellen und sozialen Beitr\u00e4gen, um den Wert anzuerkennen, den die Gemeinde ihr beimisst.<\/p>\n<p>&nbsp;<\/p>\n<p><b>Personalwesen: <\/b><\/p>\n<p>An unserem Arbeitsplatz gibt es keine Diskriminierung aufgrund von Alter, Hautfarbe, Geschlecht, Nationalit\u00e4t, Behinderung oder Religion. Wir verfolgen ein faires und leistungsorientiertes Einstellungsverfahren und bieten unseren Mitarbeitern die M\u00f6glichkeit zur beruflichen Weiterentwicklung.<\/p>\n<p>&nbsp;<\/p>\n<p><b>Gesundheit und Sicherheit am Arbeitsplatz: <\/b><\/p>\n<p>Das Pioneer Beach Hotel ist bestrebt, ein sicheres Arbeitsumfeld zu bieten, in dem sich jeder als gesch\u00e4tztes Mitglied eines Teams f\u00fchlt und in der Lage ist, seine Aufgaben zu erf\u00fcllen. Unsere Arbeitskultur ist von Freundlichkeit und Integration gepr\u00e4gt.<\/p>\n<p>&nbsp;<\/p>\n<p><b>Qualit\u00e4tssicherung: <\/b><\/p>\n<p>Um den h\u00f6chsten Qualit\u00e4tsanspr\u00fcchen gerecht zu werden, sind wir st\u00e4ndig bem\u00fcht, unsere Dienstleistungen, Produkte und die Entwicklung unserer Mitarbeiter zu verbessern. Dies wiederum tr\u00e4gt zur Zufriedenheit der G\u00e4ste bei.<\/p>\n<p>Lesen Sie alles \u00fcber die einschl\u00e4gigen Praktiken unserer <a href=\"https:\/\/www.cbh-cyprus.com\/sustainability\/\">nachhaltigen Hotels auf Zypern<\/a>.<\/p>\n","protected":false},"excerpt":{"rendered":"<p>Das Pioneer Beach Hotel, das zu den Constantinou Bros Hotels geh\u00f6rt, ist ein zertifiziertes gr\u00fcnes Hotel in Paphos und liegt direkt am Wasser an einem Sandstrand. Die Gold-Zertifizierung von Travelife belegt unsere hohen Standards in den Bereichen Menschenrechte, Arbeitsbedingungen, gesellschaftliches Engagement, Umweltauswirkungen und Nachhaltigkeit. Wir freuen uns sehr \u00fcber diese Auszeichnung, denn sie ist das<\/p>\n","protected":false},"author":367,"featured_media":0,"parent":0,"menu_order":0,"comment_status":"closed","ping_status":"closed","template":"","meta":{"_acf_changed":false,"footnotes":""},"class_list":["post-10820","page","type-page","status-publish","hentry"],"acf":[],"yoast_head":"<!-- This site is optimized with the Yoast SEO plugin v27.5 - https:\/\/yoast.com\/product\/yoast-seo-wordpress\/ -->\n<title>Pionier-Hotel: Travelife Gold-zertifiziertes Green Beach Hotel Paphos<\/title>\n<meta name=\"description\" content=\"Das Pioneer Hotel, das zur Constantinou Bros Gruppe geh\u00f6rt, ist ein zertifiziertes gr\u00fcnes Hotel in Paphos und liegt direkt am Wasser an einem Sandstrand.\" \/>\n<meta name=\"robots\" content=\"index, follow, max-snippet:-1, max-image-preview:large, max-video-preview:-1\" \/>\n<link rel=\"canonical\" href=\"https:\/\/www.pioneer-cbh.com\/de\/sustainability\/\" \/>\n<meta property=\"og:locale\" content=\"de_DE\" \/>\n<meta property=\"og:type\" content=\"article\" \/>\n<meta property=\"og:title\" content=\"Pionier-Hotel: Travelife Gold-zertifiziertes Green Beach Hotel Paphos\" \/>\n<meta property=\"og:description\" content=\"Das Pioneer Hotel, das zur Constantinou Bros Gruppe geh\u00f6rt, ist ein zertifiziertes gr\u00fcnes Hotel in Paphos und liegt direkt am Wasser an einem Sandstrand.\" \/>\n<meta property=\"og:url\" content=\"https:\/\/www.pioneer-cbh.com\/de\/sustainability\/\" \/>\n<meta property=\"og:site_name\" content=\"Pioneer Beach Hotel\" \/>\n<meta property=\"article:modified_time\" content=\"2026-01-26T09:48:24+00:00\" \/>\n<meta property=\"og:image\" content=\"https:\/\/www.pioneer-cbh.com\/app\/uploads\/sites\/33\/2023\/03\/Travelife-Gold-2.jpg\" \/>\n\t<meta property=\"og:image:width\" content=\"1920\" \/>\n\t<meta property=\"og:image:height\" content=\"1032\" \/>\n\t<meta property=\"og:image:type\" content=\"image\/jpeg\" \/>\n<meta name=\"twitter:card\" content=\"summary_large_image\" \/>\n<meta name=\"twitter:label1\" content=\"Gesch\u00e4tzte Lesezeit\" \/>\n\t<meta name=\"twitter:data1\" content=\"3\u00a0Minuten\" \/>\n<script type=\"application\/ld+json\" class=\"yoast-schema-graph\">{\"@context\":\"https:\\\/\\\/schema.org\",\"@graph\":[{\"@type\":\"WebPage\",\"@id\":\"https:\\\/\\\/www.pioneer-cbh.com\\\/de\\\/sustainability\\\/\",\"url\":\"https:\\\/\\\/www.pioneer-cbh.com\\\/de\\\/sustainability\\\/\",\"name\":\"Pionier-Hotel: Travelife Gold-zertifiziertes Green Beach Hotel Paphos\",\"isPartOf\":{\"@id\":\"https:\\\/\\\/www.pioneer-cbh.com\\\/de\\\/#website\"},\"primaryImageOfPage\":{\"@id\":\"https:\\\/\\\/www.pioneer-cbh.com\\\/de\\\/sustainability\\\/#primaryimage\"},\"image\":{\"@id\":\"https:\\\/\\\/www.pioneer-cbh.com\\\/de\\\/sustainability\\\/#primaryimage\"},\"thumbnailUrl\":\"https:\\\/\\\/www.pioneer-cbh.com\\\/app\\\/uploads\\\/sites\\\/33\\\/2023\\\/03\\\/Travelife-Gold-2-600x323.jpg\",\"datePublished\":\"2023-09-19T08:05:56+00:00\",\"dateModified\":\"2026-01-26T09:48:24+00:00\",\"description\":\"Das Pioneer Hotel, das zur Constantinou Bros Gruppe geh\u00f6rt, ist ein zertifiziertes gr\u00fcnes Hotel in Paphos und liegt direkt am Wasser an einem Sandstrand.\",\"breadcrumb\":{\"@id\":\"https:\\\/\\\/www.pioneer-cbh.com\\\/de\\\/sustainability\\\/#breadcrumb\"},\"inLanguage\":\"de\",\"potentialAction\":[{\"@type\":\"ReadAction\",\"target\":[\"https:\\\/\\\/www.pioneer-cbh.com\\\/de\\\/sustainability\\\/\"]}]},{\"@type\":\"ImageObject\",\"inLanguage\":\"de\",\"@id\":\"https:\\\/\\\/www.pioneer-cbh.com\\\/de\\\/sustainability\\\/#primaryimage\",\"url\":\"https:\\\/\\\/www.pioneer-cbh.com\\\/app\\\/uploads\\\/sites\\\/33\\\/2023\\\/03\\\/Travelife-Gold-2-600x323.jpg\",\"contentUrl\":\"https:\\\/\\\/www.pioneer-cbh.com\\\/app\\\/uploads\\\/sites\\\/33\\\/2023\\\/03\\\/Travelife-Gold-2-600x323.jpg\"},{\"@type\":\"BreadcrumbList\",\"@id\":\"https:\\\/\\\/www.pioneer-cbh.com\\\/de\\\/sustainability\\\/#breadcrumb\",\"itemListElement\":[{\"@type\":\"ListItem\",\"position\":1,\"name\":\"Home\",\"item\":\"https:\\\/\\\/www.pioneer-cbh.com\\\/de\\\/\"},{\"@type\":\"ListItem\",\"position\":2,\"name\":\"Nachhaltigkeit\"}]},{\"@type\":\"WebSite\",\"@id\":\"https:\\\/\\\/www.pioneer-cbh.com\\\/de\\\/#website\",\"url\":\"https:\\\/\\\/www.pioneer-cbh.com\\\/de\\\/\",\"name\":\"Pioneer Beach Hotel\",\"description\":\"Constantinou Bros Pioneer Beach Hotel, 4 star hotel in Paphos Cyprus\",\"potentialAction\":[{\"@type\":\"SearchAction\",\"target\":{\"@type\":\"EntryPoint\",\"urlTemplate\":\"https:\\\/\\\/www.pioneer-cbh.com\\\/de\\\/?s={search_term_string}\"},\"query-input\":{\"@type\":\"PropertyValueSpecification\",\"valueRequired\":true,\"valueName\":\"search_term_string\"}}],\"inLanguage\":\"de\"}]}<\/script>\n<!-- \/ Yoast SEO plugin. -->","yoast_head_json":{"title":"Pionier-Hotel: Travelife Gold-zertifiziertes Green Beach Hotel Paphos","description":"Das Pioneer Hotel, das zur Constantinou Bros Gruppe geh\u00f6rt, ist ein zertifiziertes gr\u00fcnes Hotel in Paphos und liegt direkt am Wasser an einem Sandstrand.","robots":{"index":"index","follow":"follow","max-snippet":"max-snippet:-1","max-image-preview":"max-image-preview:large","max-video-preview":"max-video-preview:-1"},"canonical":"https:\/\/www.pioneer-cbh.com\/de\/sustainability\/","og_locale":"de_DE","og_type":"article","og_title":"Pionier-Hotel: Travelife Gold-zertifiziertes Green Beach Hotel Paphos","og_description":"Das Pioneer Hotel, das zur Constantinou Bros Gruppe geh\u00f6rt, ist ein zertifiziertes gr\u00fcnes Hotel in Paphos und liegt direkt am Wasser an einem Sandstrand.","og_url":"https:\/\/www.pioneer-cbh.com\/de\/sustainability\/","og_site_name":"Pioneer Beach Hotel","article_modified_time":"2026-01-26T09:48:24+00:00","og_image":[{"width":1920,"height":1032,"url":"https:\/\/www.pioneer-cbh.com\/app\/uploads\/sites\/33\/2023\/03\/Travelife-Gold-2.jpg","type":"image\/jpeg"}],"twitter_card":"summary_large_image","twitter_misc":{"Gesch\u00e4tzte Lesezeit":"3\u00a0Minuten"},"schema":{"@context":"https:\/\/schema.org","@graph":[{"@type":"WebPage","@id":"https:\/\/www.pioneer-cbh.com\/de\/sustainability\/","url":"https:\/\/www.pioneer-cbh.com\/de\/sustainability\/","name":"Pionier-Hotel: Travelife Gold-zertifiziertes Green Beach Hotel Paphos","isPartOf":{"@id":"https:\/\/www.pioneer-cbh.com\/de\/#website"},"primaryImageOfPage":{"@id":"https:\/\/www.pioneer-cbh.com\/de\/sustainability\/#primaryimage"},"image":{"@id":"https:\/\/www.pioneer-cbh.com\/de\/sustainability\/#primaryimage"},"thumbnailUrl":"https:\/\/www.pioneer-cbh.com\/app\/uploads\/sites\/33\/2023\/03\/Travelife-Gold-2-600x323.jpg","datePublished":"2023-09-19T08:05:56+00:00","dateModified":"2026-01-26T09:48:24+00:00","description":"Das Pioneer Hotel, das zur Constantinou Bros Gruppe geh\u00f6rt, ist ein zertifiziertes gr\u00fcnes Hotel in Paphos und liegt direkt am Wasser an einem Sandstrand.","breadcrumb":{"@id":"https:\/\/www.pioneer-cbh.com\/de\/sustainability\/#breadcrumb"},"inLanguage":"de","potentialAction":[{"@type":"ReadAction","target":["https:\/\/www.pioneer-cbh.com\/de\/sustainability\/"]}]},{"@type":"ImageObject","inLanguage":"de","@id":"https:\/\/www.pioneer-cbh.com\/de\/sustainability\/#primaryimage","url":"https:\/\/www.pioneer-cbh.com\/app\/uploads\/sites\/33\/2023\/03\/Travelife-Gold-2-600x323.jpg","contentUrl":"https:\/\/www.pioneer-cbh.com\/app\/uploads\/sites\/33\/2023\/03\/Travelife-Gold-2-600x323.jpg"},{"@type":"BreadcrumbList","@id":"https:\/\/www.pioneer-cbh.com\/de\/sustainability\/#breadcrumb","itemListElement":[{"@type":"ListItem","position":1,"name":"Home","item":"https:\/\/www.pioneer-cbh.com\/de\/"},{"@type":"ListItem","position":2,"name":"Nachhaltigkeit"}]},{"@type":"WebSite","@id":"https:\/\/www.pioneer-cbh.com\/de\/#website","url":"https:\/\/www.pioneer-cbh.com\/de\/","name":"Pioneer Beach Hotel","description":"Constantinou Bros Pioneer Beach Hotel, 4 star hotel in Paphos Cyprus","potentialAction":[{"@type":"SearchAction","target":{"@type":"EntryPoint","urlTemplate":"https:\/\/www.pioneer-cbh.com\/de\/?s={search_term_string}"},"query-input":{"@type":"PropertyValueSpecification","valueRequired":true,"valueName":"search_term_string"}}],"inLanguage":"de"}]}},"_links":{"self":[{"href":"https:\/\/www.pioneer-cbh.com\/de\/wp-json\/wp\/v2\/pages\/10820","targetHints":{"allow":["GET"]}}],"collection":[{"href":"https:\/\/www.pioneer-cbh.com\/de\/wp-json\/wp\/v2\/pages"}],"about":[{"href":"https:\/\/www.pioneer-cbh.com\/de\/wp-json\/wp\/v2\/types\/page"}],"author":[{"embeddable":true,"href":"https:\/\/www.pioneer-cbh.com\/de\/wp-json\/wp\/v2\/users\/367"}],"replies":[{"embeddable":true,"href":"https:\/\/www.pioneer-cbh.com\/de\/wp-json\/wp\/v2\/comments?post=10820"}],"version-history":[{"count":3,"href":"https:\/\/www.pioneer-cbh.com\/de\/wp-json\/wp\/v2\/pages\/10820\/revisions"}],"predecessor-version":[{"id":13007,"href":"https:\/\/www.pioneer-cbh.com\/de\/wp-json\/wp\/v2\/pages\/10820\/revisions\/13007"}],"wp:attachment":[{"href":"https:\/\/www.pioneer-cbh.com\/de\/wp-json\/wp\/v2\/media?parent=10820"}],"curies":[{"name":"wp","href":"https:\/\/api.w.org\/{rel}","templated":true}]}}